{"id":23441,"date":"2024-05-13T06:23:01","date_gmt":"2024-05-13T06:23:01","guid":{"rendered":"https:\/\/petproducts.com.cn\/?post_type=product&#038;p=23441"},"modified":"2024-05-13T06:35:57","modified_gmt":"2024-05-13T06:35:57","slug":"cat-litter-shovel-set-litter-box-scoop","status":"publish","type":"product","link":"https:\/\/petproducts.com.cn\/es\/product\/cat-litter-shovel-set-litter-box-scoop\/","title":{"rendered":"Juego de pala para arena para gatos, pala para caja de arena"},"content":{"rendered":"<h2><strong>Caracter\u00edsticas de la pala higi\u00e9nica para gatos<\/strong><\/h2>\n<ol>\n<li><strong>Juego completo de 4 piezas<\/strong><br \/>\nNuestro juego de pala para arena para gatos se completa con cuatro piezas esenciales, que proporcionan todo lo necesario para una gesti\u00f3n exhaustiva de los residuos. Cada componente est\u00e1 cuidadosamente dise\u00f1ado para agilizar el proceso de limpieza, garantizando que no quede ning\u00fan residuo.<\/li>\n<li><strong>Almacenamiento sin esfuerzo<\/strong><br \/>\nDise\u00f1ado pensando en la comodidad, nuestro juego de palas recogedoras de arena para gatos es f\u00e1cil de guardar. El tama\u00f1o compacto de cada pieza permite un almacenamiento perfecto en armarios, gabinetes o \u00e1reas designadas para mascotas, manteniendo su espacio ordenado y organizado.<\/li>\n<li><strong>F\u00e1cil manejo<\/strong><br \/>\n\u00a1Diga adi\u00f3s a las engorrosas herramientas de limpieza! Nuestro Juego de Cucharas para la Caja de Arena del Gato cuenta con mangos ergon\u00f3micos que se adaptan c\u00f3modamente a su mano, permitiendo una eliminaci\u00f3n de residuos f\u00e1cil y eficiente. Con cada pala, experimentar\u00e1 un manejo sin esfuerzo y un control preciso.<\/li>\n<li><strong>Eliminaci\u00f3n sencilla de residuos<\/strong><br \/>\nNuestra pala para areneros simplifica la eliminaci\u00f3n de residuos, haciendo que la tarea sea r\u00e1pida y sin complicaciones. Su robusta construcci\u00f3n garantiza que los residuos se recojan y contengan eficazmente, minimizando el riesgo de derrames o suciedad. Limpiar la caja de arena de su gato nunca ha sido tan f\u00e1cil.<\/li>\n<\/ol>","protected":false},"excerpt":{"rendered":"<p>Somos fabricantes de accesorios para lechos sanitarios de gatos con m\u00e1s de 20 a\u00f1os de experiencia. Ofrecemos opciones de personalizaci\u00f3n para el color, tama\u00f1o, tela, patr\u00f3n, logotipo y otras caracter\u00edsticas.<\/p>","protected":false},"featured_media":23447,"template":"","meta":{"_acf_changed":false},"product_brand":[],"product_cat":[138,71],"product_tag":[141],"class_list":{"0":"post-23441","1":"product","2":"type-product","3":"status-publish","4":"has-post-thumbnail","6":"product_cat-cat-litter-accessories","7":"product_cat-cat-supplies","8":"product_tag-cat-litter-accessories","10":"first","11":"instock","12":"shipping-taxable","13":"product-type-simple"},"acf":[],"yoast_head":"<!-- This site is optimized with the Yoast SEO plugin v27.1.1 - https:\/\/yoast.com\/product\/yoast-seo-wordpress\/ -->\n<title>Cat Litter Shovel Factory | Litter Box Scoop Manufacturer - Petstar<\/title>\n<meta name=\"description\" content=\"Explore cat litter shovel, cat litter shovel set, litter box scoop directly from the manufacturer. Your ideal business solution with Petstar.\" \/>\n<meta name=\"robots\" content=\"index, follow, max-snippet:-1, max-image-preview:large, max-video-preview:-1\" \/>\n<link rel=\"canonical\" href=\"https:\/\/petproducts.com.cn\/es\/producto\/cat-litter-shovel-set-litter-box-scoop\/\" \/>\n<meta property=\"og:locale\" content=\"es_ES\" \/>\n<meta property=\"og:type\" content=\"article\" \/>\n<meta property=\"og:title\" content=\"Cat Litter Shovel Factory | Litter Box Scoop Manufacturer - Petstar\" \/>\n<meta property=\"og:description\" content=\"Explore cat litter shovel, cat litter shovel set, litter box scoop directly from the manufacturer. Your ideal business solution with Petstar.\" \/>\n<meta property=\"og:url\" content=\"https:\/\/petproducts.com.cn\/es\/producto\/cat-litter-shovel-set-litter-box-scoop\/\" \/>\n<meta property=\"og:site_name\" content=\"Petstar\" \/>\n<meta property=\"article:modified_time\" content=\"2024-05-13T06:35:57+00:00\" \/>\n<meta property=\"og:image\" content=\"https:\/\/petproducts.com.cn\/wp-content\/uploads\/2024\/05\/cat-litter-shovel.webp\" \/>\n\t<meta property=\"og:image:width\" content=\"800\" \/>\n\t<meta property=\"og:image:height\" content=\"800\" \/>\n\t<meta property=\"og:image:type\" content=\"image\/webp\" \/>\n<meta name=\"twitter:card\" content=\"summary_large_image\" \/>\n<meta name=\"twitter:label1\" content=\"Tiempo de lectura\" \/>\n\t<meta name=\"twitter:data1\" content=\"1 minuto\" \/>\n<script type=\"application\/ld+json\" class=\"yoast-schema-graph\">{\"@context\":\"https:\/\/schema.org\",\"@graph\":[{\"@type\":\"WebPage\",\"@id\":\"https:\/\/petproducts.com.cn\/product\/cat-litter-shovel-set-litter-box-scoop\/\",\"url\":\"https:\/\/petproducts.com.cn\/product\/cat-litter-shovel-set-litter-box-scoop\/\",\"name\":\"Cat Litter Shovel Factory | Litter Box Scoop Manufacturer - Petstar\",\"isPartOf\":{\"@id\":\"https:\/\/petproducts.com.cn\/#website\"},\"primaryImageOfPage\":{\"@id\":\"https:\/\/petproducts.com.cn\/product\/cat-litter-shovel-set-litter-box-scoop\/#primaryimage\"},\"image\":{\"@id\":\"https:\/\/petproducts.com.cn\/product\/cat-litter-shovel-set-litter-box-scoop\/#primaryimage\"},\"thumbnailUrl\":\"https:\/\/petproducts.com.cn\/wp-content\/uploads\/2024\/05\/cat-litter-shovel.webp\",\"datePublished\":\"2024-05-13T06:23:01+00:00\",\"dateModified\":\"2024-05-13T06:35:57+00:00\",\"description\":\"Explore cat litter shovel, cat litter shovel set, litter box scoop directly from the manufacturer. Your ideal business solution with Petstar.\",\"breadcrumb\":{\"@id\":\"https:\/\/petproducts.com.cn\/product\/cat-litter-shovel-set-litter-box-scoop\/#breadcrumb\"},\"inLanguage\":\"es\",\"potentialAction\":[{\"@type\":\"ReadAction\",\"target\":[\"https:\/\/petproducts.com.cn\/product\/cat-litter-shovel-set-litter-box-scoop\/\"]}]},{\"@type\":\"ImageObject\",\"inLanguage\":\"es\",\"@id\":\"https:\/\/petproducts.com.cn\/product\/cat-litter-shovel-set-litter-box-scoop\/#primaryimage\",\"url\":\"https:\/\/petproducts.com.cn\/wp-content\/uploads\/2024\/05\/cat-litter-shovel.webp\",\"contentUrl\":\"https:\/\/petproducts.com.cn\/wp-content\/uploads\/2024\/05\/cat-litter-shovel.webp\",\"width\":800,\"height\":800,\"caption\":\"cat litter shovel\"},{\"@type\":\"BreadcrumbList\",\"@id\":\"https:\/\/petproducts.com.cn\/product\/cat-litter-shovel-set-litter-box-scoop\/#breadcrumb\",\"itemListElement\":[{\"@type\":\"ListItem\",\"position\":1,\"name\":\"HOME\",\"item\":\"https:\/\/petproducts.com.cn\/\"},{\"@type\":\"ListItem\",\"position\":2,\"name\":\"Products\",\"item\":\"https:\/\/petproducts.com.cn\/shop\/\"},{\"@type\":\"ListItem\",\"position\":3,\"name\":\"Cat Litter &amp; Accessories\",\"item\":\"https:\/\/petproducts.com.cn\/product-category\/cat-litter-accessories\/\"},{\"@type\":\"ListItem\",\"position\":4,\"name\":\"Cat Litter Shovel Set Litter Box Scoop\"}]},{\"@type\":\"WebSite\",\"@id\":\"https:\/\/petproducts.com.cn\/#website\",\"url\":\"https:\/\/petproducts.com.cn\/\",\"name\":\"Petstar\",\"description\":\"Leading Pet Supplies Manufacturer &amp; OEM Pet Products Supplier\",\"publisher\":{\"@id\":\"https:\/\/petproducts.com.cn\/#organization\"},\"alternateName\":\"Petstar Pet Supplies\",\"potentialAction\":[{\"@type\":\"SearchAction\",\"target\":{\"@type\":\"EntryPoint\",\"urlTemplate\":\"https:\/\/petproducts.com.cn\/?s={search_term_string}\"},\"query-input\":{\"@type\":\"PropertyValueSpecification\",\"valueRequired\":true,\"valueName\":\"search_term_string\"}}],\"inLanguage\":\"es\"},{\"@type\":\"Organization\",\"@id\":\"https:\/\/petproducts.com.cn\/#organization\",\"name\":\"Petstar\",\"url\":\"https:\/\/petproducts.com.cn\/\",\"logo\":{\"@type\":\"ImageObject\",\"inLanguage\":\"es\",\"@id\":\"https:\/\/petproducts.com.cn\/#\/schema\/logo\/image\/\",\"url\":\"https:\/\/petproducts.com.cn\/wp-content\/uploads\/2020\/02\/petstar-logo.webp\",\"contentUrl\":\"https:\/\/petproducts.com.cn\/wp-content\/uploads\/2020\/02\/petstar-logo.webp\",\"width\":779,\"height\":520,\"caption\":\"Petstar\"},\"image\":{\"@id\":\"https:\/\/petproducts.com.cn\/#\/schema\/logo\/image\/\"}}]}<\/script>\n<!-- \/ Yoast SEO plugin. -->","yoast_head_json":{"title":"Cat Litter Shovel Factory - Petstar","description":"Explore pala de arena para gatos, juego de pala de arena para gatos, pala de arena para gatos directamente del fabricante. Su soluci\u00f3n comercial ideal con Petstar.","robots":{"index":"index","follow":"follow","max-snippet":"max-snippet:-1","max-image-preview":"max-image-preview:large","max-video-preview":"max-video-preview:-1"},"canonical":"https:\/\/petproducts.com.cn\/es\/producto\/cat-litter-shovel-set-litter-box-scoop\/","og_locale":"es_ES","og_type":"article","og_title":"Cat Litter Shovel Factory | Litter Box Scoop Manufacturer - Petstar","og_description":"Explore cat litter shovel, cat litter shovel set, litter box scoop directly from the manufacturer. Your ideal business solution with Petstar.","og_url":"https:\/\/petproducts.com.cn\/es\/producto\/cat-litter-shovel-set-litter-box-scoop\/","og_site_name":"Petstar","article_modified_time":"2024-05-13T06:35:57+00:00","og_image":[{"width":800,"height":800,"url":"https:\/\/petproducts.com.cn\/wp-content\/uploads\/2024\/05\/cat-litter-shovel.webp","type":"image\/webp"}],"twitter_card":"summary_large_image","twitter_misc":{"Tiempo de lectura":"1 minuto"},"schema":{"@context":"https:\/\/schema.org","@graph":[{"@type":"WebPage","@id":"https:\/\/petproducts.com.cn\/product\/cat-litter-shovel-set-litter-box-scoop\/","url":"https:\/\/petproducts.com.cn\/product\/cat-litter-shovel-set-litter-box-scoop\/","name":"Cat Litter Shovel Factory - Petstar","isPartOf":{"@id":"https:\/\/petproducts.com.cn\/#website"},"primaryImageOfPage":{"@id":"https:\/\/petproducts.com.cn\/product\/cat-litter-shovel-set-litter-box-scoop\/#primaryimage"},"image":{"@id":"https:\/\/petproducts.com.cn\/product\/cat-litter-shovel-set-litter-box-scoop\/#primaryimage"},"thumbnailUrl":"https:\/\/petproducts.com.cn\/wp-content\/uploads\/2024\/05\/cat-litter-shovel.webp","datePublished":"2024-05-13T06:23:01+00:00","dateModified":"2024-05-13T06:35:57+00:00","description":"Explore pala de arena para gatos, juego de pala de arena para gatos, pala de arena para gatos directamente del fabricante. Su soluci\u00f3n comercial ideal con Petstar.","breadcrumb":{"@id":"https:\/\/petproducts.com.cn\/product\/cat-litter-shovel-set-litter-box-scoop\/#breadcrumb"},"inLanguage":"es","potentialAction":[{"@type":"ReadAction","target":["https:\/\/petproducts.com.cn\/product\/cat-litter-shovel-set-litter-box-scoop\/"]}]},{"@type":"ImageObject","inLanguage":"es","@id":"https:\/\/petproducts.com.cn\/product\/cat-litter-shovel-set-litter-box-scoop\/#primaryimage","url":"https:\/\/petproducts.com.cn\/wp-content\/uploads\/2024\/05\/cat-litter-shovel.webp","contentUrl":"https:\/\/petproducts.com.cn\/wp-content\/uploads\/2024\/05\/cat-litter-shovel.webp","width":800,"height":800,"caption":"cat litter shovel"},{"@type":"BreadcrumbList","@id":"https:\/\/petproducts.com.cn\/product\/cat-litter-shovel-set-litter-box-scoop\/#breadcrumb","itemListElement":[{"@type":"ListItem","position":1,"name":"HOME","item":"https:\/\/petproducts.com.cn\/"},{"@type":"ListItem","position":2,"name":"Products","item":"https:\/\/petproducts.com.cn\/shop\/"},{"@type":"ListItem","position":3,"name":"Cat Litter &amp; Accessories","item":"https:\/\/petproducts.com.cn\/product-category\/cat-litter-accessories\/"},{"@type":"ListItem","position":4,"name":"Cat Litter Shovel Set Litter Box Scoop"}]},{"@type":"WebSite","@id":"https:\/\/petproducts.com.cn\/#website","url":"https:\/\/petproducts.com.cn\/","name":"Petstar","description":"Fabricante l\u00edder de art\u00edculos para mascotas y proveedor OEM de productos para mascotas","publisher":{"@id":"https:\/\/petproducts.com.cn\/#organization"},"alternateName":"Petstar Pet Supplies","potentialAction":[{"@type":"SearchAction","target":{"@type":"EntryPoint","urlTemplate":"https:\/\/petproducts.com.cn\/?s={search_term_string}"},"query-input":{"@type":"PropertyValueSpecification","valueRequired":true,"valueName":"search_term_string"}}],"inLanguage":"es"},{"@type":"Organization","@id":"https:\/\/petproducts.com.cn\/#organization","name":"Petstar","url":"https:\/\/petproducts.com.cn\/","logo":{"@type":"ImageObject","inLanguage":"es","@id":"https:\/\/petproducts.com.cn\/#\/schema\/logo\/image\/","url":"https:\/\/petproducts.com.cn\/wp-content\/uploads\/2020\/02\/petstar-logo.webp","contentUrl":"https:\/\/petproducts.com.cn\/wp-content\/uploads\/2020\/02\/petstar-logo.webp","width":779,"height":520,"caption":"Petstar"},"image":{"@id":"https:\/\/petproducts.com.cn\/#\/schema\/logo\/image\/"}}]}},"_links":{"self":[{"href":"https:\/\/petproducts.com.cn\/es\/wp-json\/wp\/v2\/product\/23441","targetHints":{"allow":["GET"]}}],"collection":[{"href":"https:\/\/petproducts.com.cn\/es\/wp-json\/wp\/v2\/product"}],"about":[{"href":"https:\/\/petproducts.com.cn\/es\/wp-json\/wp\/v2\/types\/product"}],"version-history":[{"count":3,"href":"https:\/\/petproducts.com.cn\/es\/wp-json\/wp\/v2\/product\/23441\/revisions"}],"predecessor-version":[{"id":23444,"href":"https:\/\/petproducts.com.cn\/es\/wp-json\/wp\/v2\/product\/23441\/revisions\/23444"}],"wp:featuredmedia":[{"embeddable":true,"href":"https:\/\/petproducts.com.cn\/es\/wp-json\/wp\/v2\/media\/23447"}],"wp:attachment":[{"href":"https:\/\/petproducts.com.cn\/es\/wp-json\/wp\/v2\/media?parent=23441"}],"wp:term":[{"taxonomy":"product_brand","embeddable":true,"href":"https:\/\/petproducts.com.cn\/es\/wp-json\/wp\/v2\/product_brand?post=23441"},{"taxonomy":"product_cat","embeddable":true,"href":"https:\/\/petproducts.com.cn\/es\/wp-json\/wp\/v2\/product_cat?post=23441"},{"taxonomy":"product_tag","embeddable":true,"href":"https:\/\/petproducts.com.cn\/es\/wp-json\/wp\/v2\/product_tag?post=23441"}],"curies":[{"name":"wp","href":"https:\/\/api.w.org\/{rel}","templated":true}]}}