{"id":23494,"date":"2024-05-14T03:07:28","date_gmt":"2024-05-14T03:07:28","guid":{"rendered":"https:\/\/petproducts.com.cn\/?post_type=product&#038;p=23494"},"modified":"2024-05-14T05:34:39","modified_gmt":"2024-05-14T05:34:39","slug":"cat-litter-mat-best-cat-litter-trap-mat","status":"publish","type":"product","link":"https:\/\/petproducts.com.cn\/es\/product\/cat-litter-mat-best-cat-litter-trap-mat\/","title":{"rendered":"Estera para arena para gatos La mejor estera trampa para arena para gatos"},"content":{"rendered":"<h2><strong>Caracter\u00edsticas de la alfombrilla sanitaria para gatos<\/strong><\/h2>\n<p><strong>1. Alfombrilla de doble capa de EVA para gatos<\/strong> Nuestra alfombrilla para cajas de arena presenta un dise\u00f1o de doble capa fabricado con material EVA duradero. Esto garantiza su durabilidad y longevidad, proporcionando una soluci\u00f3n fiable para atrapar la arena y mantener sus suelos limpios. Con esta alfombrilla, podr\u00e1 contener eficazmente la suciedad y mantener el hogar ordenado.<\/p>\n<p><strong>2. Rejilla de panal con agujeros grandes<\/strong> La rejilla en forma de panal de nuestra alfombrilla atrapa arena para gatos presenta grandes agujeros que atrapan eficazmente la arena cuando su gato sale de la caja de arena. Este innovador dise\u00f1o evita que la arena se esparza por el suelo, reduciendo la necesidad de barrer y aspirar constantemente. Con esta alfombrilla para gatos, puede decir adi\u00f3s a los restos de arena por toda la casa.<\/p>\n<p><strong>3. Eliminaci\u00f3n en un solo paso<\/strong> Nuestra alfombrilla trampa para gatos est\u00e1 dise\u00f1ada para ofrecer comodidad, con un proceso de eliminaci\u00f3n en un solo paso. Simplemente levante la alfombrilla y vierta la arena atrapada de nuevo en la caja de arena o des\u00e9chela seg\u00fan sea necesario. Esta caracter\u00edstica f\u00e1cil de usar agiliza el mantenimiento de la caja de arena, ahorr\u00e1ndole tiempo y esfuerzo.<\/p>\n<p><strong>4. Impermeable y f\u00e1cil de limpiar<\/strong> Fabricada con material EVA impermeable, nuestra alfombrilla higi\u00e9nica es resistente a la humedad y los derrames. Esto hace que la limpieza sea una brisa - simplemente enjuague la estera con agua o limpie con un pa\u00f1o h\u00famedo para eliminar cualquier arena atrapada o escombros. Con esta alfombrilla para gatos, mantener el suelo limpio nunca ha sido tan f\u00e1cil.<\/p>","protected":false},"excerpt":{"rendered":"<p>Somos fabricantes de accesorios para lechos sanitarios de gatos con m\u00e1s de 20 a\u00f1os de experiencia. Ofrecemos opciones de personalizaci\u00f3n para el color, tama\u00f1o, tela, patr\u00f3n, logotipo y otras caracter\u00edsticas.<\/p>","protected":false},"featured_media":23500,"template":"","meta":{"_acf_changed":false},"product_brand":[],"product_cat":[138,71],"product_tag":[141],"class_list":{"0":"post-23494","1":"product","2":"type-product","3":"status-publish","4":"has-post-thumbnail","6":"product_cat-cat-litter-accessories","7":"product_cat-cat-supplies","8":"product_tag-cat-litter-accessories","10":"first","11":"instock","12":"shipping-taxable","13":"product-type-simple"},"acf":[],"yoast_head":"<!-- This site is optimized with the Yoast SEO plugin v27.1.1 - https:\/\/yoast.com\/product\/yoast-seo-wordpress\/ -->\n<title>Cat Litter Mat Factory | Cat Litter Trap Mat Manufacturer - Petstar<\/title>\n<meta name=\"description\" content=\"Explore cat litter mat, best cat litter trap mat directly from the manufacturer. Your ideal business solution with Petstar.\" \/>\n<meta name=\"robots\" content=\"index, follow, max-snippet:-1, max-image-preview:large, max-video-preview:-1\" \/>\n<link rel=\"canonical\" href=\"https:\/\/petproducts.com.cn\/es\/producto\/cat-litter-mat-best-cat-litter-trap-mat\/\" \/>\n<meta property=\"og:locale\" content=\"es_ES\" \/>\n<meta property=\"og:type\" content=\"article\" \/>\n<meta property=\"og:title\" content=\"Cat Litter Mat Factory | Cat Litter Trap Mat Manufacturer - Petstar\" \/>\n<meta property=\"og:description\" content=\"Explore cat litter mat, best cat litter trap mat directly from the manufacturer. Your ideal business solution with Petstar.\" \/>\n<meta property=\"og:url\" content=\"https:\/\/petproducts.com.cn\/es\/producto\/cat-litter-mat-best-cat-litter-trap-mat\/\" \/>\n<meta property=\"og:site_name\" content=\"Petstar\" \/>\n<meta property=\"article:modified_time\" content=\"2024-05-14T05:34:39+00:00\" \/>\n<meta property=\"og:image\" content=\"https:\/\/petproducts.com.cn\/wp-content\/uploads\/2024\/05\/cat-litter-mat-1.webp\" \/>\n\t<meta property=\"og:image:width\" content=\"1000\" \/>\n\t<meta property=\"og:image:height\" content=\"1000\" \/>\n\t<meta property=\"og:image:type\" content=\"image\/webp\" \/>\n<meta name=\"twitter:card\" content=\"summary_large_image\" \/>\n<meta name=\"twitter:label1\" content=\"Tiempo de lectura\" \/>\n\t<meta name=\"twitter:data1\" content=\"2 minutos\" \/>\n<script type=\"application\/ld+json\" class=\"yoast-schema-graph\">{\"@context\":\"https:\/\/schema.org\",\"@graph\":[{\"@type\":\"WebPage\",\"@id\":\"https:\/\/petproducts.com.cn\/product\/cat-litter-mat-best-cat-litter-trap-mat\/\",\"url\":\"https:\/\/petproducts.com.cn\/product\/cat-litter-mat-best-cat-litter-trap-mat\/\",\"name\":\"Cat Litter Mat Factory | Cat Litter Trap Mat Manufacturer - Petstar\",\"isPartOf\":{\"@id\":\"https:\/\/petproducts.com.cn\/#website\"},\"primaryImageOfPage\":{\"@id\":\"https:\/\/petproducts.com.cn\/product\/cat-litter-mat-best-cat-litter-trap-mat\/#primaryimage\"},\"image\":{\"@id\":\"https:\/\/petproducts.com.cn\/product\/cat-litter-mat-best-cat-litter-trap-mat\/#primaryimage\"},\"thumbnailUrl\":\"https:\/\/petproducts.com.cn\/wp-content\/uploads\/2024\/05\/cat-litter-mat-1.webp\",\"datePublished\":\"2024-05-14T03:07:28+00:00\",\"dateModified\":\"2024-05-14T05:34:39+00:00\",\"description\":\"Explore cat litter mat, best cat litter trap mat directly from the manufacturer. Your ideal business solution with Petstar.\",\"breadcrumb\":{\"@id\":\"https:\/\/petproducts.com.cn\/product\/cat-litter-mat-best-cat-litter-trap-mat\/#breadcrumb\"},\"inLanguage\":\"es\",\"potentialAction\":[{\"@type\":\"ReadAction\",\"target\":[\"https:\/\/petproducts.com.cn\/product\/cat-litter-mat-best-cat-litter-trap-mat\/\"]}]},{\"@type\":\"ImageObject\",\"inLanguage\":\"es\",\"@id\":\"https:\/\/petproducts.com.cn\/product\/cat-litter-mat-best-cat-litter-trap-mat\/#primaryimage\",\"url\":\"https:\/\/petproducts.com.cn\/wp-content\/uploads\/2024\/05\/cat-litter-mat-1.webp\",\"contentUrl\":\"https:\/\/petproducts.com.cn\/wp-content\/uploads\/2024\/05\/cat-litter-mat-1.webp\",\"width\":1000,\"height\":1000,\"caption\":\"cat litter mat\"},{\"@type\":\"BreadcrumbList\",\"@id\":\"https:\/\/petproducts.com.cn\/product\/cat-litter-mat-best-cat-litter-trap-mat\/#breadcrumb\",\"itemListElement\":[{\"@type\":\"ListItem\",\"position\":1,\"name\":\"HOME\",\"item\":\"https:\/\/petproducts.com.cn\/\"},{\"@type\":\"ListItem\",\"position\":2,\"name\":\"Products\",\"item\":\"https:\/\/petproducts.com.cn\/shop\/\"},{\"@type\":\"ListItem\",\"position\":3,\"name\":\"Cat Litter &amp; Accessories\",\"item\":\"https:\/\/petproducts.com.cn\/product-category\/cat-litter-accessories\/\"},{\"@type\":\"ListItem\",\"position\":4,\"name\":\"Cat Litter Mat Best Cat Litter Trap Mat\"}]},{\"@type\":\"WebSite\",\"@id\":\"https:\/\/petproducts.com.cn\/#website\",\"url\":\"https:\/\/petproducts.com.cn\/\",\"name\":\"Petstar\",\"description\":\"Leading Pet Supplies Manufacturer &amp; OEM Pet Products Supplier\",\"publisher\":{\"@id\":\"https:\/\/petproducts.com.cn\/#organization\"},\"alternateName\":\"Petstar Pet Supplies\",\"potentialAction\":[{\"@type\":\"SearchAction\",\"target\":{\"@type\":\"EntryPoint\",\"urlTemplate\":\"https:\/\/petproducts.com.cn\/?s={search_term_string}\"},\"query-input\":{\"@type\":\"PropertyValueSpecification\",\"valueRequired\":true,\"valueName\":\"search_term_string\"}}],\"inLanguage\":\"es\"},{\"@type\":\"Organization\",\"@id\":\"https:\/\/petproducts.com.cn\/#organization\",\"name\":\"Petstar\",\"url\":\"https:\/\/petproducts.com.cn\/\",\"logo\":{\"@type\":\"ImageObject\",\"inLanguage\":\"es\",\"@id\":\"https:\/\/petproducts.com.cn\/#\/schema\/logo\/image\/\",\"url\":\"https:\/\/petproducts.com.cn\/wp-content\/uploads\/2020\/02\/petstar-logo.webp\",\"contentUrl\":\"https:\/\/petproducts.com.cn\/wp-content\/uploads\/2020\/02\/petstar-logo.webp\",\"width\":779,\"height\":520,\"caption\":\"Petstar\"},\"image\":{\"@id\":\"https:\/\/petproducts.com.cn\/#\/schema\/logo\/image\/\"}}]}<\/script>\n<!-- \/ Yoast SEO plugin. -->","yoast_head_json":{"title":"Cat Litter Mat Factory | Cat Litter Trap Mat Manufacturer - Petstar","description":"Explore la alfombrilla para gatos, la mejor alfombrilla trampa para gatos directamente del fabricante. Su soluci\u00f3n de negocio ideal con Petstar.","robots":{"index":"index","follow":"follow","max-snippet":"max-snippet:-1","max-image-preview":"max-image-preview:large","max-video-preview":"max-video-preview:-1"},"canonical":"https:\/\/petproducts.com.cn\/es\/producto\/cat-litter-mat-best-cat-litter-trap-mat\/","og_locale":"es_ES","og_type":"article","og_title":"Cat Litter Mat Factory | Cat Litter Trap Mat Manufacturer - Petstar","og_description":"Explore cat litter mat, best cat litter trap mat directly from the manufacturer. Your ideal business solution with Petstar.","og_url":"https:\/\/petproducts.com.cn\/es\/producto\/cat-litter-mat-best-cat-litter-trap-mat\/","og_site_name":"Petstar","article_modified_time":"2024-05-14T05:34:39+00:00","og_image":[{"width":1000,"height":1000,"url":"https:\/\/petproducts.com.cn\/wp-content\/uploads\/2024\/05\/cat-litter-mat-1.webp","type":"image\/webp"}],"twitter_card":"summary_large_image","twitter_misc":{"Tiempo de lectura":"2 minutos"},"schema":{"@context":"https:\/\/schema.org","@graph":[{"@type":"WebPage","@id":"https:\/\/petproducts.com.cn\/product\/cat-litter-mat-best-cat-litter-trap-mat\/","url":"https:\/\/petproducts.com.cn\/product\/cat-litter-mat-best-cat-litter-trap-mat\/","name":"Cat Litter Mat Factory | Cat Litter Trap Mat Manufacturer - Petstar","isPartOf":{"@id":"https:\/\/petproducts.com.cn\/#website"},"primaryImageOfPage":{"@id":"https:\/\/petproducts.com.cn\/product\/cat-litter-mat-best-cat-litter-trap-mat\/#primaryimage"},"image":{"@id":"https:\/\/petproducts.com.cn\/product\/cat-litter-mat-best-cat-litter-trap-mat\/#primaryimage"},"thumbnailUrl":"https:\/\/petproducts.com.cn\/wp-content\/uploads\/2024\/05\/cat-litter-mat-1.webp","datePublished":"2024-05-14T03:07:28+00:00","dateModified":"2024-05-14T05:34:39+00:00","description":"Explore la alfombrilla para gatos, la mejor alfombrilla trampa para gatos directamente del fabricante. Su soluci\u00f3n de negocio ideal con Petstar.","breadcrumb":{"@id":"https:\/\/petproducts.com.cn\/product\/cat-litter-mat-best-cat-litter-trap-mat\/#breadcrumb"},"inLanguage":"es","potentialAction":[{"@type":"ReadAction","target":["https:\/\/petproducts.com.cn\/product\/cat-litter-mat-best-cat-litter-trap-mat\/"]}]},{"@type":"ImageObject","inLanguage":"es","@id":"https:\/\/petproducts.com.cn\/product\/cat-litter-mat-best-cat-litter-trap-mat\/#primaryimage","url":"https:\/\/petproducts.com.cn\/wp-content\/uploads\/2024\/05\/cat-litter-mat-1.webp","contentUrl":"https:\/\/petproducts.com.cn\/wp-content\/uploads\/2024\/05\/cat-litter-mat-1.webp","width":1000,"height":1000,"caption":"cat litter mat"},{"@type":"BreadcrumbList","@id":"https:\/\/petproducts.com.cn\/product\/cat-litter-mat-best-cat-litter-trap-mat\/#breadcrumb","itemListElement":[{"@type":"ListItem","position":1,"name":"HOME","item":"https:\/\/petproducts.com.cn\/"},{"@type":"ListItem","position":2,"name":"Products","item":"https:\/\/petproducts.com.cn\/shop\/"},{"@type":"ListItem","position":3,"name":"Cat Litter &amp; Accessories","item":"https:\/\/petproducts.com.cn\/product-category\/cat-litter-accessories\/"},{"@type":"ListItem","position":4,"name":"Cat Litter Mat Best Cat Litter Trap Mat"}]},{"@type":"WebSite","@id":"https:\/\/petproducts.com.cn\/#website","url":"https:\/\/petproducts.com.cn\/","name":"Petstar","description":"Fabricante l\u00edder de art\u00edculos para mascotas y proveedor OEM de productos para mascotas","publisher":{"@id":"https:\/\/petproducts.com.cn\/#organization"},"alternateName":"Petstar Pet Supplies","potentialAction":[{"@type":"SearchAction","target":{"@type":"EntryPoint","urlTemplate":"https:\/\/petproducts.com.cn\/?s={search_term_string}"},"query-input":{"@type":"PropertyValueSpecification","valueRequired":true,"valueName":"search_term_string"}}],"inLanguage":"es"},{"@type":"Organization","@id":"https:\/\/petproducts.com.cn\/#organization","name":"Petstar","url":"https:\/\/petproducts.com.cn\/","logo":{"@type":"ImageObject","inLanguage":"es","@id":"https:\/\/petproducts.com.cn\/#\/schema\/logo\/image\/","url":"https:\/\/petproducts.com.cn\/wp-content\/uploads\/2020\/02\/petstar-logo.webp","contentUrl":"https:\/\/petproducts.com.cn\/wp-content\/uploads\/2020\/02\/petstar-logo.webp","width":779,"height":520,"caption":"Petstar"},"image":{"@id":"https:\/\/petproducts.com.cn\/#\/schema\/logo\/image\/"}}]}},"_links":{"self":[{"href":"https:\/\/petproducts.com.cn\/es\/wp-json\/wp\/v2\/product\/23494","targetHints":{"allow":["GET"]}}],"collection":[{"href":"https:\/\/petproducts.com.cn\/es\/wp-json\/wp\/v2\/product"}],"about":[{"href":"https:\/\/petproducts.com.cn\/es\/wp-json\/wp\/v2\/types\/product"}],"version-history":[{"count":2,"href":"https:\/\/petproducts.com.cn\/es\/wp-json\/wp\/v2\/product\/23494\/revisions"}],"predecessor-version":[{"id":23496,"href":"https:\/\/petproducts.com.cn\/es\/wp-json\/wp\/v2\/product\/23494\/revisions\/23496"}],"wp:featuredmedia":[{"embeddable":true,"href":"https:\/\/petproducts.com.cn\/es\/wp-json\/wp\/v2\/media\/23500"}],"wp:attachment":[{"href":"https:\/\/petproducts.com.cn\/es\/wp-json\/wp\/v2\/media?parent=23494"}],"wp:term":[{"taxonomy":"product_brand","embeddable":true,"href":"https:\/\/petproducts.com.cn\/es\/wp-json\/wp\/v2\/product_brand?post=23494"},{"taxonomy":"product_cat","embeddable":true,"href":"https:\/\/petproducts.com.cn\/es\/wp-json\/wp\/v2\/product_cat?post=23494"},{"taxonomy":"product_tag","embeddable":true,"href":"https:\/\/petproducts.com.cn\/es\/wp-json\/wp\/v2\/product_tag?post=23494"}],"curies":[{"name":"wp","href":"https:\/\/api.w.org\/{rel}","templated":true}]}}