{"id":23795,"date":"2024-05-20T08:17:58","date_gmt":"2024-05-20T08:17:58","guid":{"rendered":"https:\/\/petproducts.com.cn\/?post_type=product&#038;p=23795"},"modified":"2024-09-05T02:08:48","modified_gmt":"2024-09-05T02:08:48","slug":"gorilla-pet-toy-oem-charming-pet-safe-latex-dog-chew-toys","status":"publish","type":"product","link":"https:\/\/petproducts.com.cn\/es\/product\/gorilla-pet-toy-oem-charming-pet-safe-latex-dog-chew-toys\/","title":{"rendered":"Gorilla Pet Toy OEM Charming Pet Safe Latex Dog Chew Toys"},"content":{"rendered":"<h2>Caracter\u00edsticas de Gorilla Pet Toy<\/h2>\n<p>Descripci\u00f3n del producto:<br \/>\nIntroduzca un tiempo de juego divertido y seguro para las mascotas con nuestro Juguete Gorila para Mascotas. Hecho a mano de material de l\u00e1tex de alta calidad, este encantador juguete para masticar para perros est\u00e1 dise\u00f1ado en una adorable forma de gorila, por lo que es un favorito instant\u00e1neo entre las mascotas y sus due\u00f1os. Como fabricante l\u00edder, nos especializamos en ofrecer servicios OEM, atendiendo a las necesidades \u00fanicas de los principales minoristas mundiales.<\/p>\n<p>Caracter\u00edsticas del producto:<\/p>\n<p>Tama\u00f1o: 12x8x6cm, tama\u00f1o perfecto para perros de todas las razas.<br \/>\nMaterial de l\u00e1tex: Hecho de l\u00e1tex de alta calidad y duradero, lo que garantiza que el juguete sea seguro y duradero.<br \/>\nSimp\u00e1tica forma de gorila: El juguet\u00f3n dise\u00f1o de gorila a\u00f1ade un elemento de diversi\u00f3n al tiempo de juego de tu mascota.<br \/>\nPersonalizables: Ofrecemos opciones de personalizaci\u00f3n para satisfacer sus requisitos espec\u00edficos, incluido el etiquetado privado y los dise\u00f1os exclusivos.<br \/>\nAlta calidad y seguridad: Garantizando la m\u00e1xima seguridad, nuestros juguetes se hacen a mano para ser no t\u00f3xico y mascotas.<br \/>\nPor qu\u00e9 elegirnos:<\/p>\n<p>Servicios OEM: Adaptados para satisfacer las necesidades espec\u00edficas de nuestros clientes, incluido el etiquetado privado y la personalizaci\u00f3n del dise\u00f1o.<br \/>\nSoporte multimedia gratuito: Mejore su marketing con fotos y v\u00eddeos profesionales gratuitos.<br \/>\nEnvases personalizados: Haga que su producto destaque con dise\u00f1os de envases a medida.<br \/>\nAprovisionamiento integral: Simplifique su aprovisionamiento con nuestros servicios integrales, perfectos para grandes minoristas.<br \/>\n\u00danase a los principales minoristas para ofrecer juguetes para mascotas de alta calidad, seguros y divertidos. As\u00f3ciese con nosotros para ampliar su gama de productos con nuestro Gorilla Pet Toy hoy mismo.<\/p>","protected":false},"excerpt":{"rendered":"<p>Somos fabricantes de juguetes masticables seguros para mascotas con m\u00e1s de 20 a\u00f1os de experiencia. Ofrecemos opciones de personalizaci\u00f3n de color, tama\u00f1o, tela, patr\u00f3n, logotipo y otras caracter\u00edsticas.<\/p>","protected":false},"featured_media":23852,"template":"","meta":{"_acf_changed":false},"product_brand":[],"product_cat":[72,48],"product_tag":[223,238],"class_list":{"0":"post-23795","1":"product","2":"type-product","3":"status-publish","4":"has-post-thumbnail","6":"product_cat-dog-supplies","7":"product_cat-dog-toys","8":"product_tag-dog-chew-toys","9":"product_tag-latex-dog-toys","11":"first","12":"instock","13":"shipping-taxable","14":"product-type-simple"},"acf":[],"yoast_head":"<!-- This site is optimized with the Yoast SEO plugin v27.1.1 - https:\/\/yoast.com\/product\/yoast-seo-wordpress\/ -->\n<title>gorilla pet toy | OEM Pet Safe Chew Toys - Petstar<\/title>\n<meta name=\"description\" content=\"Explore gorilla pet toy, charming pet latex dog toys, pet safe chew toys from the manufacturer. Your ideal business solution with Petstar.\" \/>\n<meta name=\"robots\" content=\"index, follow, max-snippet:-1, max-image-preview:large, max-video-preview:-1\" \/>\n<link rel=\"canonical\" href=\"https:\/\/petproducts.com.cn\/es\/producto\/gorilla-pet-toy-oem-charming-pet-safe-latex-dog-chew-toys\/\" \/>\n<meta property=\"og:locale\" content=\"es_ES\" \/>\n<meta property=\"og:type\" content=\"article\" \/>\n<meta property=\"og:title\" content=\"gorilla pet toy | OEM Pet Safe Chew Toys - Petstar\" \/>\n<meta property=\"og:description\" content=\"Explore gorilla pet toy, charming pet latex dog toys, pet safe chew toys from the manufacturer. Your ideal business solution with Petstar.\" \/>\n<meta property=\"og:url\" content=\"https:\/\/petproducts.com.cn\/es\/producto\/gorilla-pet-toy-oem-charming-pet-safe-latex-dog-chew-toys\/\" \/>\n<meta property=\"og:site_name\" content=\"Petstar\" \/>\n<meta property=\"article:modified_time\" content=\"2024-09-05T02:08:48+00:00\" \/>\n<meta property=\"og:image\" content=\"https:\/\/petproducts.com.cn\/wp-content\/uploads\/2024\/05\/gorilla-pet-toy.webp\" \/>\n\t<meta property=\"og:image:width\" content=\"1000\" \/>\n\t<meta property=\"og:image:height\" content=\"1000\" \/>\n\t<meta property=\"og:image:type\" content=\"image\/webp\" \/>\n<meta name=\"twitter:card\" content=\"summary_large_image\" \/>\n<meta name=\"twitter:label1\" content=\"Tiempo de lectura\" \/>\n\t<meta name=\"twitter:data1\" content=\"2 minutos\" \/>\n<script type=\"application\/ld+json\" class=\"yoast-schema-graph\">{\"@context\":\"https:\/\/schema.org\",\"@graph\":[{\"@type\":\"WebPage\",\"@id\":\"https:\/\/petproducts.com.cn\/product\/gorilla-pet-toy-oem-charming-pet-safe-latex-dog-chew-toys\/\",\"url\":\"https:\/\/petproducts.com.cn\/product\/gorilla-pet-toy-oem-charming-pet-safe-latex-dog-chew-toys\/\",\"name\":\"gorilla pet toy | OEM Pet Safe Chew Toys - Petstar\",\"isPartOf\":{\"@id\":\"https:\/\/petproducts.com.cn\/#website\"},\"primaryImageOfPage\":{\"@id\":\"https:\/\/petproducts.com.cn\/product\/gorilla-pet-toy-oem-charming-pet-safe-latex-dog-chew-toys\/#primaryimage\"},\"image\":{\"@id\":\"https:\/\/petproducts.com.cn\/product\/gorilla-pet-toy-oem-charming-pet-safe-latex-dog-chew-toys\/#primaryimage\"},\"thumbnailUrl\":\"https:\/\/petproducts.com.cn\/wp-content\/uploads\/2024\/05\/gorilla-pet-toy.webp\",\"datePublished\":\"2024-05-20T08:17:58+00:00\",\"dateModified\":\"2024-09-05T02:08:48+00:00\",\"description\":\"Explore gorilla pet toy, charming pet latex dog toys, pet safe chew toys from the manufacturer. Your ideal business solution with Petstar.\",\"breadcrumb\":{\"@id\":\"https:\/\/petproducts.com.cn\/product\/gorilla-pet-toy-oem-charming-pet-safe-latex-dog-chew-toys\/#breadcrumb\"},\"inLanguage\":\"es\",\"potentialAction\":[{\"@type\":\"ReadAction\",\"target\":[\"https:\/\/petproducts.com.cn\/product\/gorilla-pet-toy-oem-charming-pet-safe-latex-dog-chew-toys\/\"]}]},{\"@type\":\"ImageObject\",\"inLanguage\":\"es\",\"@id\":\"https:\/\/petproducts.com.cn\/product\/gorilla-pet-toy-oem-charming-pet-safe-latex-dog-chew-toys\/#primaryimage\",\"url\":\"https:\/\/petproducts.com.cn\/wp-content\/uploads\/2024\/05\/gorilla-pet-toy.webp\",\"contentUrl\":\"https:\/\/petproducts.com.cn\/wp-content\/uploads\/2024\/05\/gorilla-pet-toy.webp\",\"width\":1000,\"height\":1000,\"caption\":\"gorilla pet toy\"},{\"@type\":\"BreadcrumbList\",\"@id\":\"https:\/\/petproducts.com.cn\/product\/gorilla-pet-toy-oem-charming-pet-safe-latex-dog-chew-toys\/#breadcrumb\",\"itemListElement\":[{\"@type\":\"ListItem\",\"position\":1,\"name\":\"HOME\",\"item\":\"https:\/\/petproducts.com.cn\/\"},{\"@type\":\"ListItem\",\"position\":2,\"name\":\"Products\",\"item\":\"https:\/\/petproducts.com.cn\/shop\/\"},{\"@type\":\"ListItem\",\"position\":3,\"name\":\"Dog Toys\",\"item\":\"https:\/\/petproducts.com.cn\/product-category\/dog-toys\/\"},{\"@type\":\"ListItem\",\"position\":4,\"name\":\"Gorilla Pet Toy OEM Charming Pet Safe Latex Dog Chew Toys\"}]},{\"@type\":\"WebSite\",\"@id\":\"https:\/\/petproducts.com.cn\/#website\",\"url\":\"https:\/\/petproducts.com.cn\/\",\"name\":\"Petstar\",\"description\":\"Leading Pet Supplies Manufacturer &amp; OEM Pet Products Supplier\",\"publisher\":{\"@id\":\"https:\/\/petproducts.com.cn\/#organization\"},\"alternateName\":\"Petstar Pet Supplies\",\"potentialAction\":[{\"@type\":\"SearchAction\",\"target\":{\"@type\":\"EntryPoint\",\"urlTemplate\":\"https:\/\/petproducts.com.cn\/?s={search_term_string}\"},\"query-input\":{\"@type\":\"PropertyValueSpecification\",\"valueRequired\":true,\"valueName\":\"search_term_string\"}}],\"inLanguage\":\"es\"},{\"@type\":\"Organization\",\"@id\":\"https:\/\/petproducts.com.cn\/#organization\",\"name\":\"Petstar\",\"url\":\"https:\/\/petproducts.com.cn\/\",\"logo\":{\"@type\":\"ImageObject\",\"inLanguage\":\"es\",\"@id\":\"https:\/\/petproducts.com.cn\/#\/schema\/logo\/image\/\",\"url\":\"https:\/\/petproducts.com.cn\/wp-content\/uploads\/2020\/02\/petstar-logo.webp\",\"contentUrl\":\"https:\/\/petproducts.com.cn\/wp-content\/uploads\/2020\/02\/petstar-logo.webp\",\"width\":779,\"height\":520,\"caption\":\"Petstar\"},\"image\":{\"@id\":\"https:\/\/petproducts.com.cn\/#\/schema\/logo\/image\/\"}}]}<\/script>\n<!-- \/ Yoast SEO plugin. -->","yoast_head_json":{"title":"gorilla pet toy | OEM Pet Safe Chew Toys - Petstar","description":"Explorar gorila juguete para mascotas, juguetes para perros de l\u00e1tex mascota encantadora, juguetes para masticar seguro para mascotas del fabricante. Su soluci\u00f3n de negocio ideal con Petstar.","robots":{"index":"index","follow":"follow","max-snippet":"max-snippet:-1","max-image-preview":"max-image-preview:large","max-video-preview":"max-video-preview:-1"},"canonical":"https:\/\/petproducts.com.cn\/es\/producto\/gorilla-pet-toy-oem-charming-pet-safe-latex-dog-chew-toys\/","og_locale":"es_ES","og_type":"article","og_title":"gorilla pet toy | OEM Pet Safe Chew Toys - Petstar","og_description":"Explore gorilla pet toy, charming pet latex dog toys, pet safe chew toys from the manufacturer. Your ideal business solution with Petstar.","og_url":"https:\/\/petproducts.com.cn\/es\/producto\/gorilla-pet-toy-oem-charming-pet-safe-latex-dog-chew-toys\/","og_site_name":"Petstar","article_modified_time":"2024-09-05T02:08:48+00:00","og_image":[{"width":1000,"height":1000,"url":"https:\/\/petproducts.com.cn\/wp-content\/uploads\/2024\/05\/gorilla-pet-toy.webp","type":"image\/webp"}],"twitter_card":"summary_large_image","twitter_misc":{"Tiempo de lectura":"2 minutos"},"schema":{"@context":"https:\/\/schema.org","@graph":[{"@type":"WebPage","@id":"https:\/\/petproducts.com.cn\/product\/gorilla-pet-toy-oem-charming-pet-safe-latex-dog-chew-toys\/","url":"https:\/\/petproducts.com.cn\/product\/gorilla-pet-toy-oem-charming-pet-safe-latex-dog-chew-toys\/","name":"gorilla pet toy | OEM Pet Safe Chew Toys - Petstar","isPartOf":{"@id":"https:\/\/petproducts.com.cn\/#website"},"primaryImageOfPage":{"@id":"https:\/\/petproducts.com.cn\/product\/gorilla-pet-toy-oem-charming-pet-safe-latex-dog-chew-toys\/#primaryimage"},"image":{"@id":"https:\/\/petproducts.com.cn\/product\/gorilla-pet-toy-oem-charming-pet-safe-latex-dog-chew-toys\/#primaryimage"},"thumbnailUrl":"https:\/\/petproducts.com.cn\/wp-content\/uploads\/2024\/05\/gorilla-pet-toy.webp","datePublished":"2024-05-20T08:17:58+00:00","dateModified":"2024-09-05T02:08:48+00:00","description":"Explorar gorila juguete para mascotas, juguetes para perros de l\u00e1tex mascota encantadora, juguetes para masticar seguro para mascotas del fabricante. Su soluci\u00f3n de negocio ideal con Petstar.","breadcrumb":{"@id":"https:\/\/petproducts.com.cn\/product\/gorilla-pet-toy-oem-charming-pet-safe-latex-dog-chew-toys\/#breadcrumb"},"inLanguage":"es","potentialAction":[{"@type":"ReadAction","target":["https:\/\/petproducts.com.cn\/product\/gorilla-pet-toy-oem-charming-pet-safe-latex-dog-chew-toys\/"]}]},{"@type":"ImageObject","inLanguage":"es","@id":"https:\/\/petproducts.com.cn\/product\/gorilla-pet-toy-oem-charming-pet-safe-latex-dog-chew-toys\/#primaryimage","url":"https:\/\/petproducts.com.cn\/wp-content\/uploads\/2024\/05\/gorilla-pet-toy.webp","contentUrl":"https:\/\/petproducts.com.cn\/wp-content\/uploads\/2024\/05\/gorilla-pet-toy.webp","width":1000,"height":1000,"caption":"gorilla pet toy"},{"@type":"BreadcrumbList","@id":"https:\/\/petproducts.com.cn\/product\/gorilla-pet-toy-oem-charming-pet-safe-latex-dog-chew-toys\/#breadcrumb","itemListElement":[{"@type":"ListItem","position":1,"name":"HOME","item":"https:\/\/petproducts.com.cn\/"},{"@type":"ListItem","position":2,"name":"Products","item":"https:\/\/petproducts.com.cn\/shop\/"},{"@type":"ListItem","position":3,"name":"Dog Toys","item":"https:\/\/petproducts.com.cn\/product-category\/dog-toys\/"},{"@type":"ListItem","position":4,"name":"Gorilla Pet Toy OEM Charming Pet Safe Latex Dog Chew Toys"}]},{"@type":"WebSite","@id":"https:\/\/petproducts.com.cn\/#website","url":"https:\/\/petproducts.com.cn\/","name":"Petstar","description":"Fabricante l\u00edder de art\u00edculos para mascotas y proveedor OEM de productos para mascotas","publisher":{"@id":"https:\/\/petproducts.com.cn\/#organization"},"alternateName":"Petstar Pet Supplies","potentialAction":[{"@type":"SearchAction","target":{"@type":"EntryPoint","urlTemplate":"https:\/\/petproducts.com.cn\/?s={search_term_string}"},"query-input":{"@type":"PropertyValueSpecification","valueRequired":true,"valueName":"search_term_string"}}],"inLanguage":"es"},{"@type":"Organization","@id":"https:\/\/petproducts.com.cn\/#organization","name":"Petstar","url":"https:\/\/petproducts.com.cn\/","logo":{"@type":"ImageObject","inLanguage":"es","@id":"https:\/\/petproducts.com.cn\/#\/schema\/logo\/image\/","url":"https:\/\/petproducts.com.cn\/wp-content\/uploads\/2020\/02\/petstar-logo.webp","contentUrl":"https:\/\/petproducts.com.cn\/wp-content\/uploads\/2020\/02\/petstar-logo.webp","width":779,"height":520,"caption":"Petstar"},"image":{"@id":"https:\/\/petproducts.com.cn\/#\/schema\/logo\/image\/"}}]}},"_links":{"self":[{"href":"https:\/\/petproducts.com.cn\/es\/wp-json\/wp\/v2\/product\/23795","targetHints":{"allow":["GET"]}}],"collection":[{"href":"https:\/\/petproducts.com.cn\/es\/wp-json\/wp\/v2\/product"}],"about":[{"href":"https:\/\/petproducts.com.cn\/es\/wp-json\/wp\/v2\/types\/product"}],"version-history":[{"count":1,"href":"https:\/\/petproducts.com.cn\/es\/wp-json\/wp\/v2\/product\/23795\/revisions"}],"predecessor-version":[{"id":23865,"href":"https:\/\/petproducts.com.cn\/es\/wp-json\/wp\/v2\/product\/23795\/revisions\/23865"}],"wp:featuredmedia":[{"embeddable":true,"href":"https:\/\/petproducts.com.cn\/es\/wp-json\/wp\/v2\/media\/23852"}],"wp:attachment":[{"href":"https:\/\/petproducts.com.cn\/es\/wp-json\/wp\/v2\/media?parent=23795"}],"wp:term":[{"taxonomy":"product_brand","embeddable":true,"href":"https:\/\/petproducts.com.cn\/es\/wp-json\/wp\/v2\/product_brand?post=23795"},{"taxonomy":"product_cat","embeddable":true,"href":"https:\/\/petproducts.com.cn\/es\/wp-json\/wp\/v2\/product_cat?post=23795"},{"taxonomy":"product_tag","embeddable":true,"href":"https:\/\/petproducts.com.cn\/es\/wp-json\/wp\/v2\/product_tag?post=23795"}],"curies":[{"name":"wp","href":"https:\/\/api.w.org\/{rel}","templated":true}]}}