{"id":23917,"date":"2024-05-22T02:19:26","date_gmt":"2024-05-22T02:19:26","guid":{"rendered":"https:\/\/petproducts.com.cn\/?post_type=product&#038;p=23917"},"modified":"2024-05-22T02:55:02","modified_gmt":"2024-05-22T02:55:02","slug":"cat-poop-toilet-cheap-good-cat-litter-box","status":"publish","type":"product","link":"https:\/\/petproducts.com.cn\/es\/product\/cat-poop-toilet-cheap-good-cat-litter-box\/","title":{"rendered":"Inodoro para caca de gato, buena caja de arena para gatos barata"},"content":{"rendered":"<h2><strong>Caracter\u00edsticas del inodoro para cacas de gato<\/strong><\/h2>\n<ul>\n<li><strong>Dise\u00f1o abierto para facilitar el acceso<\/strong><br \/>\nEl inodoro para cacas de gato presenta un dise\u00f1o abierto, que proporciona a su gato un acceso f\u00e1cil y un entorno c\u00f3modo. Este dise\u00f1o ayuda a que los gatos se sientan menos confinados y m\u00e1s a gusto cuando utilizan la caja de arena, lo que puede fomentar el uso constante.<\/li>\n<li><strong>Interior espacioso para mayor comodidad<\/strong><br \/>\nCon un interior grande y espacioso, esta caja de arena barata permite que su gato tenga mucho espacio para moverse. El amplio espacio es ideal para que los gatos se den la vuelta, escarben y cubran sus desechos de forma natural, por lo que es una buena caja de arena para gatos para mantener la limpieza y la higiene.<\/li>\n<li><strong>Compartimento frontal para mayor comodidad<\/strong><br \/>\nEste inodoro para cacas de gato incluye un pr\u00e1ctico compartimento de almacenamiento frontal. Este espacio se puede utilizar para guardar palas higi\u00e9nicas, bolsas de basura y otros art\u00edculos de limpieza, asegurando que todo lo que necesite est\u00e9 al alcance de la mano. Esta caracter\u00edstica lo convierte no s\u00f3lo en un buen arenero para gatos, sino tambi\u00e9n en un pr\u00e1ctico complemento para su hogar.<\/li>\n<li><strong>Tapa de almacenamiento extra\u00edble para facilitar el acceso<\/strong><br \/>\nEl compartimento de almacenamiento viene con una tapa extra\u00edble, lo que le permite acceder f\u00e1cilmente a los art\u00edculos almacenados en el interior. Esta tapa extra\u00edble facilita la organizaci\u00f3n de los suministros y garantiza que las herramientas de mantenimiento est\u00e9n siempre a mano cuando se necesiten.<\/li>\n<li><strong>Duradero y f\u00e1cil de limpiar<\/strong><br \/>\nFabricada con materiales de alta calidad, esta caja de arena barata es duradera y f\u00e1cil de limpiar. Las superficies lisas y el dise\u00f1o sencillo hacen que sea f\u00e1cil de limpiar y desinfectar, lo que garantiza que la caja de arena de tu gato se mantenga higi\u00e9nica y fresca.<\/li>\n<li><strong>Dise\u00f1o compacto<\/strong><br \/>\nEl dise\u00f1o compacto y compacto de esta caja de arena permite que quepa c\u00f3modamente en varias zonas de su casa, ya sea el ba\u00f1o, el lavadero o cualquier otro espacio designado para mascotas. Su cuidado dise\u00f1o garantiza que combine bien con la decoraci\u00f3n de su hogar a la vez que proporciona una soluci\u00f3n funcional para los excrementos.<\/li>\n<\/ul>","protected":false},"excerpt":{"rendered":"<p>Somos fabricantes de accesorios para lechos sanitarios de gatos con m\u00e1s de 20 a\u00f1os de experiencia. Ofrecemos opciones de personalizaci\u00f3n para el color, tama\u00f1o, tela, patr\u00f3n, logotipo y otras caracter\u00edsticas.<\/p>","protected":false},"featured_media":23920,"template":"","meta":{"_acf_changed":false},"product_brand":[],"product_cat":[138,71],"product_tag":[141],"class_list":{"0":"post-23917","1":"product","2":"type-product","3":"status-publish","4":"has-post-thumbnail","6":"product_cat-cat-litter-accessories","7":"product_cat-cat-supplies","8":"product_tag-cat-litter-accessories","10":"first","11":"instock","12":"shipping-taxable","13":"product-type-simple"},"acf":[],"yoast_head":"<!-- This site is optimized with the Yoast SEO plugin v27.1.1 - https:\/\/yoast.com\/product\/yoast-seo-wordpress\/ -->\n<title>Cat Poop Toilet Factory | Cat Litter Box Manufacturer - Petstar<\/title>\n<meta name=\"description\" content=\"Explore cat poop toilet, cheap litter box, good cat litter box directly from the manufacturer. Your ideal business solution with Petstar.\" \/>\n<meta name=\"robots\" content=\"index, follow, max-snippet:-1, max-image-preview:large, max-video-preview:-1\" \/>\n<link rel=\"canonical\" href=\"https:\/\/petproducts.com.cn\/es\/producto\/cat-poop-toilet-cheap-good-cat-litter-box\/\" \/>\n<meta property=\"og:locale\" content=\"es_ES\" \/>\n<meta property=\"og:type\" content=\"article\" \/>\n<meta property=\"og:title\" content=\"Cat Poop Toilet Factory | Cat Litter Box Manufacturer - Petstar\" \/>\n<meta property=\"og:description\" content=\"Explore cat poop toilet, cheap litter box, good cat litter box directly from the manufacturer. Your ideal business solution with Petstar.\" \/>\n<meta property=\"og:url\" content=\"https:\/\/petproducts.com.cn\/es\/producto\/cat-poop-toilet-cheap-good-cat-litter-box\/\" \/>\n<meta property=\"og:site_name\" content=\"Petstar\" \/>\n<meta property=\"article:modified_time\" content=\"2024-05-22T02:55:02+00:00\" \/>\n<meta property=\"og:image\" content=\"https:\/\/petproducts.com.cn\/wp-content\/uploads\/2024\/05\/cat-poop-toilet.webp\" \/>\n\t<meta property=\"og:image:width\" content=\"1000\" \/>\n\t<meta property=\"og:image:height\" content=\"1000\" \/>\n\t<meta property=\"og:image:type\" content=\"image\/webp\" \/>\n<meta name=\"twitter:card\" content=\"summary_large_image\" \/>\n<meta name=\"twitter:label1\" content=\"Tiempo de lectura\" \/>\n\t<meta name=\"twitter:data1\" content=\"2 minutos\" \/>\n<script type=\"application\/ld+json\" class=\"yoast-schema-graph\">{\"@context\":\"https:\/\/schema.org\",\"@graph\":[{\"@type\":\"WebPage\",\"@id\":\"https:\/\/petproducts.com.cn\/product\/cat-poop-toilet-cheap-good-cat-litter-box\/\",\"url\":\"https:\/\/petproducts.com.cn\/product\/cat-poop-toilet-cheap-good-cat-litter-box\/\",\"name\":\"Cat Poop Toilet Factory | Cat Litter Box Manufacturer - Petstar\",\"isPartOf\":{\"@id\":\"https:\/\/petproducts.com.cn\/#website\"},\"primaryImageOfPage\":{\"@id\":\"https:\/\/petproducts.com.cn\/product\/cat-poop-toilet-cheap-good-cat-litter-box\/#primaryimage\"},\"image\":{\"@id\":\"https:\/\/petproducts.com.cn\/product\/cat-poop-toilet-cheap-good-cat-litter-box\/#primaryimage\"},\"thumbnailUrl\":\"https:\/\/petproducts.com.cn\/wp-content\/uploads\/2024\/05\/cat-poop-toilet.webp\",\"datePublished\":\"2024-05-22T02:19:26+00:00\",\"dateModified\":\"2024-05-22T02:55:02+00:00\",\"description\":\"Explore cat poop toilet, cheap litter box, good cat litter box directly from the manufacturer. Your ideal business solution with Petstar.\",\"breadcrumb\":{\"@id\":\"https:\/\/petproducts.com.cn\/product\/cat-poop-toilet-cheap-good-cat-litter-box\/#breadcrumb\"},\"inLanguage\":\"es\",\"potentialAction\":[{\"@type\":\"ReadAction\",\"target\":[\"https:\/\/petproducts.com.cn\/product\/cat-poop-toilet-cheap-good-cat-litter-box\/\"]}]},{\"@type\":\"ImageObject\",\"inLanguage\":\"es\",\"@id\":\"https:\/\/petproducts.com.cn\/product\/cat-poop-toilet-cheap-good-cat-litter-box\/#primaryimage\",\"url\":\"https:\/\/petproducts.com.cn\/wp-content\/uploads\/2024\/05\/cat-poop-toilet.webp\",\"contentUrl\":\"https:\/\/petproducts.com.cn\/wp-content\/uploads\/2024\/05\/cat-poop-toilet.webp\",\"width\":1000,\"height\":1000,\"caption\":\"cat poop toilet\"},{\"@type\":\"BreadcrumbList\",\"@id\":\"https:\/\/petproducts.com.cn\/product\/cat-poop-toilet-cheap-good-cat-litter-box\/#breadcrumb\",\"itemListElement\":[{\"@type\":\"ListItem\",\"position\":1,\"name\":\"HOME\",\"item\":\"https:\/\/petproducts.com.cn\/\"},{\"@type\":\"ListItem\",\"position\":2,\"name\":\"Products\",\"item\":\"https:\/\/petproducts.com.cn\/shop\/\"},{\"@type\":\"ListItem\",\"position\":3,\"name\":\"Cat Litter &amp; Accessories\",\"item\":\"https:\/\/petproducts.com.cn\/product-category\/cat-litter-accessories\/\"},{\"@type\":\"ListItem\",\"position\":4,\"name\":\"Cat Poop Toilet Cheap Good Cat Litter Box\"}]},{\"@type\":\"WebSite\",\"@id\":\"https:\/\/petproducts.com.cn\/#website\",\"url\":\"https:\/\/petproducts.com.cn\/\",\"name\":\"Petstar\",\"description\":\"Leading Pet Supplies Manufacturer &amp; OEM Pet Products Supplier\",\"publisher\":{\"@id\":\"https:\/\/petproducts.com.cn\/#organization\"},\"alternateName\":\"Petstar Pet Supplies\",\"potentialAction\":[{\"@type\":\"SearchAction\",\"target\":{\"@type\":\"EntryPoint\",\"urlTemplate\":\"https:\/\/petproducts.com.cn\/?s={search_term_string}\"},\"query-input\":{\"@type\":\"PropertyValueSpecification\",\"valueRequired\":true,\"valueName\":\"search_term_string\"}}],\"inLanguage\":\"es\"},{\"@type\":\"Organization\",\"@id\":\"https:\/\/petproducts.com.cn\/#organization\",\"name\":\"Petstar\",\"url\":\"https:\/\/petproducts.com.cn\/\",\"logo\":{\"@type\":\"ImageObject\",\"inLanguage\":\"es\",\"@id\":\"https:\/\/petproducts.com.cn\/#\/schema\/logo\/image\/\",\"url\":\"https:\/\/petproducts.com.cn\/wp-content\/uploads\/2020\/02\/petstar-logo.webp\",\"contentUrl\":\"https:\/\/petproducts.com.cn\/wp-content\/uploads\/2020\/02\/petstar-logo.webp\",\"width\":779,\"height\":520,\"caption\":\"Petstar\"},\"image\":{\"@id\":\"https:\/\/petproducts.com.cn\/#\/schema\/logo\/image\/\"}}]}<\/script>\n<!-- \/ Yoast SEO plugin. -->","yoast_head_json":{"title":"Cat Poop Toilet Factory | Fabricante de cajas de arena para gatos - Petstar","description":"Explorar inodoro caca de gato, caja de arena barata, buena caja de arena para gatos directamente del fabricante. Su soluci\u00f3n comercial ideal con Petstar.","robots":{"index":"index","follow":"follow","max-snippet":"max-snippet:-1","max-image-preview":"max-image-preview:large","max-video-preview":"max-video-preview:-1"},"canonical":"https:\/\/petproducts.com.cn\/es\/producto\/cat-poop-toilet-cheap-good-cat-litter-box\/","og_locale":"es_ES","og_type":"article","og_title":"Cat Poop Toilet Factory | Cat Litter Box Manufacturer - Petstar","og_description":"Explore cat poop toilet, cheap litter box, good cat litter box directly from the manufacturer. Your ideal business solution with Petstar.","og_url":"https:\/\/petproducts.com.cn\/es\/producto\/cat-poop-toilet-cheap-good-cat-litter-box\/","og_site_name":"Petstar","article_modified_time":"2024-05-22T02:55:02+00:00","og_image":[{"width":1000,"height":1000,"url":"https:\/\/petproducts.com.cn\/wp-content\/uploads\/2024\/05\/cat-poop-toilet.webp","type":"image\/webp"}],"twitter_card":"summary_large_image","twitter_misc":{"Tiempo de lectura":"2 minutos"},"schema":{"@context":"https:\/\/schema.org","@graph":[{"@type":"WebPage","@id":"https:\/\/petproducts.com.cn\/product\/cat-poop-toilet-cheap-good-cat-litter-box\/","url":"https:\/\/petproducts.com.cn\/product\/cat-poop-toilet-cheap-good-cat-litter-box\/","name":"Cat Poop Toilet Factory | Fabricante de cajas de arena para gatos - Petstar","isPartOf":{"@id":"https:\/\/petproducts.com.cn\/#website"},"primaryImageOfPage":{"@id":"https:\/\/petproducts.com.cn\/product\/cat-poop-toilet-cheap-good-cat-litter-box\/#primaryimage"},"image":{"@id":"https:\/\/petproducts.com.cn\/product\/cat-poop-toilet-cheap-good-cat-litter-box\/#primaryimage"},"thumbnailUrl":"https:\/\/petproducts.com.cn\/wp-content\/uploads\/2024\/05\/cat-poop-toilet.webp","datePublished":"2024-05-22T02:19:26+00:00","dateModified":"2024-05-22T02:55:02+00:00","description":"Explorar inodoro caca de gato, caja de arena barata, buena caja de arena para gatos directamente del fabricante. Su soluci\u00f3n comercial ideal con Petstar.","breadcrumb":{"@id":"https:\/\/petproducts.com.cn\/product\/cat-poop-toilet-cheap-good-cat-litter-box\/#breadcrumb"},"inLanguage":"es","potentialAction":[{"@type":"ReadAction","target":["https:\/\/petproducts.com.cn\/product\/cat-poop-toilet-cheap-good-cat-litter-box\/"]}]},{"@type":"ImageObject","inLanguage":"es","@id":"https:\/\/petproducts.com.cn\/product\/cat-poop-toilet-cheap-good-cat-litter-box\/#primaryimage","url":"https:\/\/petproducts.com.cn\/wp-content\/uploads\/2024\/05\/cat-poop-toilet.webp","contentUrl":"https:\/\/petproducts.com.cn\/wp-content\/uploads\/2024\/05\/cat-poop-toilet.webp","width":1000,"height":1000,"caption":"cat poop toilet"},{"@type":"BreadcrumbList","@id":"https:\/\/petproducts.com.cn\/product\/cat-poop-toilet-cheap-good-cat-litter-box\/#breadcrumb","itemListElement":[{"@type":"ListItem","position":1,"name":"HOME","item":"https:\/\/petproducts.com.cn\/"},{"@type":"ListItem","position":2,"name":"Products","item":"https:\/\/petproducts.com.cn\/shop\/"},{"@type":"ListItem","position":3,"name":"Cat Litter &amp; Accessories","item":"https:\/\/petproducts.com.cn\/product-category\/cat-litter-accessories\/"},{"@type":"ListItem","position":4,"name":"Cat Poop Toilet Cheap Good Cat Litter Box"}]},{"@type":"WebSite","@id":"https:\/\/petproducts.com.cn\/#website","url":"https:\/\/petproducts.com.cn\/","name":"Petstar","description":"Fabricante l\u00edder de art\u00edculos para mascotas y proveedor OEM de productos para mascotas","publisher":{"@id":"https:\/\/petproducts.com.cn\/#organization"},"alternateName":"Petstar Pet Supplies","potentialAction":[{"@type":"SearchAction","target":{"@type":"EntryPoint","urlTemplate":"https:\/\/petproducts.com.cn\/?s={search_term_string}"},"query-input":{"@type":"PropertyValueSpecification","valueRequired":true,"valueName":"search_term_string"}}],"inLanguage":"es"},{"@type":"Organization","@id":"https:\/\/petproducts.com.cn\/#organization","name":"Petstar","url":"https:\/\/petproducts.com.cn\/","logo":{"@type":"ImageObject","inLanguage":"es","@id":"https:\/\/petproducts.com.cn\/#\/schema\/logo\/image\/","url":"https:\/\/petproducts.com.cn\/wp-content\/uploads\/2020\/02\/petstar-logo.webp","contentUrl":"https:\/\/petproducts.com.cn\/wp-content\/uploads\/2020\/02\/petstar-logo.webp","width":779,"height":520,"caption":"Petstar"},"image":{"@id":"https:\/\/petproducts.com.cn\/#\/schema\/logo\/image\/"}}]}},"_links":{"self":[{"href":"https:\/\/petproducts.com.cn\/es\/wp-json\/wp\/v2\/product\/23917","targetHints":{"allow":["GET"]}}],"collection":[{"href":"https:\/\/petproducts.com.cn\/es\/wp-json\/wp\/v2\/product"}],"about":[{"href":"https:\/\/petproducts.com.cn\/es\/wp-json\/wp\/v2\/types\/product"}],"version-history":[{"count":2,"href":"https:\/\/petproducts.com.cn\/es\/wp-json\/wp\/v2\/product\/23917\/revisions"}],"predecessor-version":[{"id":23925,"href":"https:\/\/petproducts.com.cn\/es\/wp-json\/wp\/v2\/product\/23917\/revisions\/23925"}],"wp:featuredmedia":[{"embeddable":true,"href":"https:\/\/petproducts.com.cn\/es\/wp-json\/wp\/v2\/media\/23920"}],"wp:attachment":[{"href":"https:\/\/petproducts.com.cn\/es\/wp-json\/wp\/v2\/media?parent=23917"}],"wp:term":[{"taxonomy":"product_brand","embeddable":true,"href":"https:\/\/petproducts.com.cn\/es\/wp-json\/wp\/v2\/product_brand?post=23917"},{"taxonomy":"product_cat","embeddable":true,"href":"https:\/\/petproducts.com.cn\/es\/wp-json\/wp\/v2\/product_cat?post=23917"},{"taxonomy":"product_tag","embeddable":true,"href":"https:\/\/petproducts.com.cn\/es\/wp-json\/wp\/v2\/product_tag?post=23917"}],"curies":[{"name":"wp","href":"https:\/\/api.w.org\/{rel}","templated":true}]}}