{"id":24174,"date":"2024-05-28T03:04:57","date_gmt":"2024-05-28T03:04:57","guid":{"rendered":"https:\/\/petproducts.com.cn\/?post_type=product&#038;p=24174"},"modified":"2024-05-28T03:19:39","modified_gmt":"2024-05-28T03:19:39","slug":"dog-training-pad-absorbent-pet-cat-pee-mat-45x60cm","status":"publish","type":"product","link":"https:\/\/petproducts.com.cn\/es\/product\/dog-training-pad-absorbent-pet-cat-pee-mat-45x60cm\/","title":{"rendered":"Alfombrilla de Adiestramiento Absorbente 45X60CM"},"content":{"rendered":"<h2><strong>Caracter\u00edsticas de la almohadilla de adiestramiento para perros<\/strong><\/h2>\n<ol>\n<li><strong>Protecci\u00f3n de cinco capas<\/strong> Nuestra almohadilla de adiestramiento para perros cuenta con un avanzado dise\u00f1o de cinco capas, que proporciona la m\u00e1xima protecci\u00f3n y durabilidad. Cada capa tiene una funci\u00f3n espec\u00edfica, trabajando juntas para asegurar una absorci\u00f3n superior y la prevenci\u00f3n de fugas. Esta construcci\u00f3n multicapa es esencial para mantener un hogar limpio.<\/li>\n<li><strong>Absorci\u00f3n r\u00e1pida<\/strong> Le impresionar\u00e1 la r\u00e1pida capacidad de absorci\u00f3n de esta alfombrilla absorbente para mascotas. La capa superior est\u00e1 especialmente dise\u00f1ada para absorber r\u00e1pidamente la humedad, manteniendo la superficie seca y c\u00f3moda para su mascota. Esta caracter\u00edstica de secado r\u00e1pido ayuda a evitar las huellas y mantiene la limpieza.<\/li>\n<li><strong>Dise\u00f1o a prueba de fugas<\/strong> Nuestra alfombrilla para pip\u00ed de gato cuenta con un dise\u00f1o a prueba de fugas, que proporciona tranquilidad. La construcci\u00f3n multicapa atrapa eficazmente el l\u00edquido, evitando cualquier derrame o suciedad. Esto hace que la alfombrilla sea ideal para usar durante la noche, en viajes o para mascotas con problemas de incontinencia.<\/li>\n<li><strong>F\u00e1cil eliminaci\u00f3n<\/strong> Estas almohadillas de adiestramiento son f\u00e1ciles de desechar. Los materiales est\u00e1n dise\u00f1ados para mantenerse unidos sin romperse, por lo que la limpieza es r\u00e1pida y sin complicaciones. Simplemente doble la almohadilla y t\u00edrela, y ya est\u00e1. Esta comodidad le ahorrar\u00e1 tiempo y esfuerzo en el mantenimiento de su hogar.<\/li>\n<\/ol>","protected":false},"excerpt":{"rendered":"<p>Somos fabricantes de art\u00edculos de limpieza para mascotas con m\u00e1s de 20 a\u00f1os de experiencia. Ofrecemos opciones de personalizaci\u00f3n para el color, el tama\u00f1o, la tela, el patr\u00f3n, el logotipo y otras caracter\u00edsticas.<\/p>","protected":false},"featured_media":24182,"template":"","meta":{"_acf_changed":false},"product_brand":[],"product_cat":[137,71,136,72],"product_tag":[139,140],"class_list":{"0":"post-24174","1":"product","2":"type-product","3":"status-publish","4":"has-post-thumbnail","6":"product_cat-cat-grooming-cleaning-supplies","7":"product_cat-cat-supplies","8":"product_cat-dog-grooming-cleaning-supplies","9":"product_cat-dog-supplies","10":"product_tag-cat-grooming-cleaning-supplies","11":"product_tag-dog-grooming-cleaning-supplies","13":"first","14":"instock","15":"shipping-taxable","16":"product-type-simple"},"acf":[],"yoast_head":"<!-- This site is optimized with the Yoast SEO plugin v27.1.1 - https:\/\/yoast.com\/product\/yoast-seo-wordpress\/ -->\n<title>Dog Training Pad Factory | Cat Pee Mat Manufacturer - Petstar<\/title>\n<meta name=\"description\" content=\"Explore dog training pad, cat pee mat, absorbent pet mat directly from the manufacturer. Your ideal business solution with Petstar.\" \/>\n<meta name=\"robots\" content=\"index, follow, max-snippet:-1, max-image-preview:large, max-video-preview:-1\" \/>\n<link rel=\"canonical\" href=\"https:\/\/petproducts.com.cn\/es\/producto\/dog-training-pad-absorbent-pet-cat-pee-mat-45x60cm\/\" \/>\n<meta property=\"og:locale\" content=\"es_ES\" \/>\n<meta property=\"og:type\" content=\"article\" \/>\n<meta property=\"og:title\" content=\"Dog Training Pad Factory | Cat Pee Mat Manufacturer - Petstar\" \/>\n<meta property=\"og:description\" content=\"Explore dog training pad, cat pee mat, absorbent pet mat directly from the manufacturer. Your ideal business solution with Petstar.\" \/>\n<meta property=\"og:url\" content=\"https:\/\/petproducts.com.cn\/es\/producto\/dog-training-pad-absorbent-pet-cat-pee-mat-45x60cm\/\" \/>\n<meta property=\"og:site_name\" content=\"Petstar\" \/>\n<meta property=\"article:modified_time\" content=\"2024-05-28T03:19:39+00:00\" \/>\n<meta property=\"og:image\" content=\"https:\/\/petproducts.com.cn\/wp-content\/uploads\/2024\/05\/dog-training-pad.webp\" \/>\n\t<meta property=\"og:image:width\" content=\"800\" \/>\n\t<meta property=\"og:image:height\" content=\"800\" \/>\n\t<meta property=\"og:image:type\" content=\"image\/webp\" \/>\n<meta name=\"twitter:card\" content=\"summary_large_image\" \/>\n<meta name=\"twitter:label1\" content=\"Tiempo de lectura\" \/>\n\t<meta name=\"twitter:data1\" content=\"2 minutos\" \/>\n<script type=\"application\/ld+json\" class=\"yoast-schema-graph\">{\"@context\":\"https:\/\/schema.org\",\"@graph\":[{\"@type\":\"WebPage\",\"@id\":\"https:\/\/petproducts.com.cn\/product\/dog-training-pad-absorbent-pet-cat-pee-mat-45x60cm\/\",\"url\":\"https:\/\/petproducts.com.cn\/product\/dog-training-pad-absorbent-pet-cat-pee-mat-45x60cm\/\",\"name\":\"Dog Training Pad Factory | Cat Pee Mat Manufacturer - Petstar\",\"isPartOf\":{\"@id\":\"https:\/\/petproducts.com.cn\/#website\"},\"primaryImageOfPage\":{\"@id\":\"https:\/\/petproducts.com.cn\/product\/dog-training-pad-absorbent-pet-cat-pee-mat-45x60cm\/#primaryimage\"},\"image\":{\"@id\":\"https:\/\/petproducts.com.cn\/product\/dog-training-pad-absorbent-pet-cat-pee-mat-45x60cm\/#primaryimage\"},\"thumbnailUrl\":\"https:\/\/petproducts.com.cn\/wp-content\/uploads\/2024\/05\/dog-training-pad.webp\",\"datePublished\":\"2024-05-28T03:04:57+00:00\",\"dateModified\":\"2024-05-28T03:19:39+00:00\",\"description\":\"Explore dog training pad, cat pee mat, absorbent pet mat directly from the manufacturer. Your ideal business solution with Petstar.\",\"breadcrumb\":{\"@id\":\"https:\/\/petproducts.com.cn\/product\/dog-training-pad-absorbent-pet-cat-pee-mat-45x60cm\/#breadcrumb\"},\"inLanguage\":\"es\",\"potentialAction\":[{\"@type\":\"ReadAction\",\"target\":[\"https:\/\/petproducts.com.cn\/product\/dog-training-pad-absorbent-pet-cat-pee-mat-45x60cm\/\"]}]},{\"@type\":\"ImageObject\",\"inLanguage\":\"es\",\"@id\":\"https:\/\/petproducts.com.cn\/product\/dog-training-pad-absorbent-pet-cat-pee-mat-45x60cm\/#primaryimage\",\"url\":\"https:\/\/petproducts.com.cn\/wp-content\/uploads\/2024\/05\/dog-training-pad.webp\",\"contentUrl\":\"https:\/\/petproducts.com.cn\/wp-content\/uploads\/2024\/05\/dog-training-pad.webp\",\"width\":800,\"height\":800,\"caption\":\"dog training pad\"},{\"@type\":\"BreadcrumbList\",\"@id\":\"https:\/\/petproducts.com.cn\/product\/dog-training-pad-absorbent-pet-cat-pee-mat-45x60cm\/#breadcrumb\",\"itemListElement\":[{\"@type\":\"ListItem\",\"position\":1,\"name\":\"HOME\",\"item\":\"https:\/\/petproducts.com.cn\/\"},{\"@type\":\"ListItem\",\"position\":2,\"name\":\"Products\",\"item\":\"https:\/\/petproducts.com.cn\/shop\/\"},{\"@type\":\"ListItem\",\"position\":3,\"name\":\"Dog Grooming &amp; Cleaning Supplies\",\"item\":\"https:\/\/petproducts.com.cn\/product-category\/dog-grooming-cleaning-supplies\/\"},{\"@type\":\"ListItem\",\"position\":4,\"name\":\"Dog Training Pad Absorbent Pet Cat Pee Mat 45X60CM\"}]},{\"@type\":\"WebSite\",\"@id\":\"https:\/\/petproducts.com.cn\/#website\",\"url\":\"https:\/\/petproducts.com.cn\/\",\"name\":\"Petstar\",\"description\":\"Leading Pet Supplies Manufacturer &amp; OEM Pet Products Supplier\",\"publisher\":{\"@id\":\"https:\/\/petproducts.com.cn\/#organization\"},\"alternateName\":\"Petstar Pet Supplies\",\"potentialAction\":[{\"@type\":\"SearchAction\",\"target\":{\"@type\":\"EntryPoint\",\"urlTemplate\":\"https:\/\/petproducts.com.cn\/?s={search_term_string}\"},\"query-input\":{\"@type\":\"PropertyValueSpecification\",\"valueRequired\":true,\"valueName\":\"search_term_string\"}}],\"inLanguage\":\"es\"},{\"@type\":\"Organization\",\"@id\":\"https:\/\/petproducts.com.cn\/#organization\",\"name\":\"Petstar\",\"url\":\"https:\/\/petproducts.com.cn\/\",\"logo\":{\"@type\":\"ImageObject\",\"inLanguage\":\"es\",\"@id\":\"https:\/\/petproducts.com.cn\/#\/schema\/logo\/image\/\",\"url\":\"https:\/\/petproducts.com.cn\/wp-content\/uploads\/2020\/02\/petstar-logo.webp\",\"contentUrl\":\"https:\/\/petproducts.com.cn\/wp-content\/uploads\/2020\/02\/petstar-logo.webp\",\"width\":779,\"height\":520,\"caption\":\"Petstar\"},\"image\":{\"@id\":\"https:\/\/petproducts.com.cn\/#\/schema\/logo\/image\/\"}}]}<\/script>\n<!-- \/ Yoast SEO plugin. -->","yoast_head_json":{"title":"Alfombrilla de entrenamiento para perros Fabricante - Petstar","description":"Explore la alfombrilla de entrenamiento para perros, la alfombrilla para gatos, la alfombrilla absorbente para mascotas directamente del fabricante. Su soluci\u00f3n comercial ideal con Petstar.","robots":{"index":"index","follow":"follow","max-snippet":"max-snippet:-1","max-image-preview":"max-image-preview:large","max-video-preview":"max-video-preview:-1"},"canonical":"https:\/\/petproducts.com.cn\/es\/producto\/dog-training-pad-absorbent-pet-cat-pee-mat-45x60cm\/","og_locale":"es_ES","og_type":"article","og_title":"Dog Training Pad Factory | Cat Pee Mat Manufacturer - Petstar","og_description":"Explore dog training pad, cat pee mat, absorbent pet mat directly from the manufacturer. Your ideal business solution with Petstar.","og_url":"https:\/\/petproducts.com.cn\/es\/producto\/dog-training-pad-absorbent-pet-cat-pee-mat-45x60cm\/","og_site_name":"Petstar","article_modified_time":"2024-05-28T03:19:39+00:00","og_image":[{"width":800,"height":800,"url":"https:\/\/petproducts.com.cn\/wp-content\/uploads\/2024\/05\/dog-training-pad.webp","type":"image\/webp"}],"twitter_card":"summary_large_image","twitter_misc":{"Tiempo de lectura":"2 minutos"},"schema":{"@context":"https:\/\/schema.org","@graph":[{"@type":"WebPage","@id":"https:\/\/petproducts.com.cn\/product\/dog-training-pad-absorbent-pet-cat-pee-mat-45x60cm\/","url":"https:\/\/petproducts.com.cn\/product\/dog-training-pad-absorbent-pet-cat-pee-mat-45x60cm\/","name":"Alfombrilla de entrenamiento para perros Fabricante - Petstar","isPartOf":{"@id":"https:\/\/petproducts.com.cn\/#website"},"primaryImageOfPage":{"@id":"https:\/\/petproducts.com.cn\/product\/dog-training-pad-absorbent-pet-cat-pee-mat-45x60cm\/#primaryimage"},"image":{"@id":"https:\/\/petproducts.com.cn\/product\/dog-training-pad-absorbent-pet-cat-pee-mat-45x60cm\/#primaryimage"},"thumbnailUrl":"https:\/\/petproducts.com.cn\/wp-content\/uploads\/2024\/05\/dog-training-pad.webp","datePublished":"2024-05-28T03:04:57+00:00","dateModified":"2024-05-28T03:19:39+00:00","description":"Explore la alfombrilla de entrenamiento para perros, la alfombrilla para gatos, la alfombrilla absorbente para mascotas directamente del fabricante. Su soluci\u00f3n comercial ideal con Petstar.","breadcrumb":{"@id":"https:\/\/petproducts.com.cn\/product\/dog-training-pad-absorbent-pet-cat-pee-mat-45x60cm\/#breadcrumb"},"inLanguage":"es","potentialAction":[{"@type":"ReadAction","target":["https:\/\/petproducts.com.cn\/product\/dog-training-pad-absorbent-pet-cat-pee-mat-45x60cm\/"]}]},{"@type":"ImageObject","inLanguage":"es","@id":"https:\/\/petproducts.com.cn\/product\/dog-training-pad-absorbent-pet-cat-pee-mat-45x60cm\/#primaryimage","url":"https:\/\/petproducts.com.cn\/wp-content\/uploads\/2024\/05\/dog-training-pad.webp","contentUrl":"https:\/\/petproducts.com.cn\/wp-content\/uploads\/2024\/05\/dog-training-pad.webp","width":800,"height":800,"caption":"dog training pad"},{"@type":"BreadcrumbList","@id":"https:\/\/petproducts.com.cn\/product\/dog-training-pad-absorbent-pet-cat-pee-mat-45x60cm\/#breadcrumb","itemListElement":[{"@type":"ListItem","position":1,"name":"HOME","item":"https:\/\/petproducts.com.cn\/"},{"@type":"ListItem","position":2,"name":"Products","item":"https:\/\/petproducts.com.cn\/shop\/"},{"@type":"ListItem","position":3,"name":"Dog Grooming &amp; Cleaning Supplies","item":"https:\/\/petproducts.com.cn\/product-category\/dog-grooming-cleaning-supplies\/"},{"@type":"ListItem","position":4,"name":"Dog Training Pad Absorbent Pet Cat Pee Mat 45X60CM"}]},{"@type":"WebSite","@id":"https:\/\/petproducts.com.cn\/#website","url":"https:\/\/petproducts.com.cn\/","name":"Petstar","description":"Fabricante l\u00edder de art\u00edculos para mascotas y proveedor OEM de productos para mascotas","publisher":{"@id":"https:\/\/petproducts.com.cn\/#organization"},"alternateName":"Petstar Pet Supplies","potentialAction":[{"@type":"SearchAction","target":{"@type":"EntryPoint","urlTemplate":"https:\/\/petproducts.com.cn\/?s={search_term_string}"},"query-input":{"@type":"PropertyValueSpecification","valueRequired":true,"valueName":"search_term_string"}}],"inLanguage":"es"},{"@type":"Organization","@id":"https:\/\/petproducts.com.cn\/#organization","name":"Petstar","url":"https:\/\/petproducts.com.cn\/","logo":{"@type":"ImageObject","inLanguage":"es","@id":"https:\/\/petproducts.com.cn\/#\/schema\/logo\/image\/","url":"https:\/\/petproducts.com.cn\/wp-content\/uploads\/2020\/02\/petstar-logo.webp","contentUrl":"https:\/\/petproducts.com.cn\/wp-content\/uploads\/2020\/02\/petstar-logo.webp","width":779,"height":520,"caption":"Petstar"},"image":{"@id":"https:\/\/petproducts.com.cn\/#\/schema\/logo\/image\/"}}]}},"_links":{"self":[{"href":"https:\/\/petproducts.com.cn\/es\/wp-json\/wp\/v2\/product\/24174","targetHints":{"allow":["GET"]}}],"collection":[{"href":"https:\/\/petproducts.com.cn\/es\/wp-json\/wp\/v2\/product"}],"about":[{"href":"https:\/\/petproducts.com.cn\/es\/wp-json\/wp\/v2\/types\/product"}],"version-history":[{"count":2,"href":"https:\/\/petproducts.com.cn\/es\/wp-json\/wp\/v2\/product\/24174\/revisions"}],"predecessor-version":[{"id":24176,"href":"https:\/\/petproducts.com.cn\/es\/wp-json\/wp\/v2\/product\/24174\/revisions\/24176"}],"wp:featuredmedia":[{"embeddable":true,"href":"https:\/\/petproducts.com.cn\/es\/wp-json\/wp\/v2\/media\/24182"}],"wp:attachment":[{"href":"https:\/\/petproducts.com.cn\/es\/wp-json\/wp\/v2\/media?parent=24174"}],"wp:term":[{"taxonomy":"product_brand","embeddable":true,"href":"https:\/\/petproducts.com.cn\/es\/wp-json\/wp\/v2\/product_brand?post=24174"},{"taxonomy":"product_cat","embeddable":true,"href":"https:\/\/petproducts.com.cn\/es\/wp-json\/wp\/v2\/product_cat?post=24174"},{"taxonomy":"product_tag","embeddable":true,"href":"https:\/\/petproducts.com.cn\/es\/wp-json\/wp\/v2\/product_tag?post=24174"}],"curies":[{"name":"wp","href":"https:\/\/api.w.org\/{rel}","templated":true}]}}