{"id":24562,"date":"2024-05-30T06:12:05","date_gmt":"2024-05-30T06:12:05","guid":{"rendered":"https:\/\/petproducts.com.cn\/?post_type=product&#038;p=24562"},"modified":"2024-09-05T02:03:17","modified_gmt":"2024-09-05T02:03:17","slug":"dog-balls-toys-customize-puzzle-treat-toy-for-dog","status":"publish","type":"product","link":"https:\/\/petproducts.com.cn\/es\/product\/dog-balls-toys-customize-puzzle-treat-toy-for-dog\/","title":{"rendered":"Pelotas para perros Juguetes Personalizar Puzzle Tratar Juguete para perro"},"content":{"rendered":"<h2>Caracter\u00edsticas de las pelotas para perros<\/h2>\n<p>Como f\u00e1brica especializada, nos comprometemos a producir juguetes para mascotas de alta calidad que combinen seguridad, durabilidad y diversi\u00f3n interactiva. Nuestra <strong>Pelotas para perros Juguetes Personalizar Puzzle Tratar Juguete para perro<\/strong> dise\u00f1ados para proporcionar estimulaci\u00f3n mental y entretenimiento a los perros.<\/p>\n<p><strong>Caracter\u00edsticas del producto:<\/strong><\/p>\n<ol>\n<li><strong>Materiales seguros y no t\u00f3xicos<\/strong>: Fabricados con TPR (caucho termopl\u00e1stico) de primera calidad, estos juguetes son seguros, no t\u00f3xicos y duraderos, lo que garantiza la salud y el bienestar de su perro durante el juego.<\/li>\n<li><strong>Dispensaci\u00f3n interactiva de golosinas<\/strong>: Dise\u00f1ado como un juguete rompecabezas que dispensa golosinas, esta pelota involucra la mente de su perro y fomenta el juego activo.<\/li>\n<li><strong>Duradero y resistente a los mordiscos<\/strong>: Fabricados para soportar una masticaci\u00f3n vigorosa, estos juguetes son perfectos para perros de todos los tama\u00f1os y niveles de energ\u00eda.<\/li>\n<li><strong>Dise\u00f1os personalizables<\/strong>: Aceptamos pedidos OEM y ODM, lo que permite dise\u00f1os personalizados para satisfacer sus necesidades y preferencias espec\u00edficas.<\/li>\n<li><strong>V\u00eddeos y fotos gratuitos<\/strong>: Ofrecemos servicios gratuitos de v\u00eddeo y fotograf\u00eda para apoyar la presentaci\u00f3n de sus productos y sus esfuerzos de marketing.<\/li>\n<li><strong>Dise\u00f1o de embalajes de cajas de color<\/strong>: Nuestro dise\u00f1o profesional de envases garantiza que su producto destaque en las estanter\u00edas de los comercios.<\/li>\n<li><strong>Servicio integral de aprovisionamiento<\/strong>: Proporcionamos un servicio integral de aprovisionamiento para garantizar un proceso de cumplimiento de pedidos eficiente y sin fisuras.<\/li>\n<\/ol>\n<p><strong>Nuestras ventajas:<\/strong><\/p>\n<ul>\n<li><strong>Amplia experiencia<\/strong>: Con a\u00f1os de experiencia en producci\u00f3n, suministramos a los principales minoristas mundiales, como Walmart, Carrefour y Kmart.<\/li>\n<li><strong>Seguro de calidad<\/strong>: Nuestras estrictas medidas de control de calidad garantizan que cada producto cumpla las normas m\u00e1s estrictas de seguridad y durabilidad.<\/li>\n<li><strong>Env\u00edos internacionales<\/strong>: Ofrecemos servicios log\u00edsticos r\u00e1pidos y fiables, garantizando una entrega puntual en todo el mundo.<\/li>\n<\/ul>","protected":false},"excerpt":{"rendered":"<p>Somos fabricantes de pelotas y rompecabezas para perros con m\u00e1s de 20 a\u00f1os de experiencia. Ofrecemos opciones de personalizaci\u00f3n para el color, tama\u00f1o, tela, patr\u00f3n, logotipo, y otras caracter\u00edsticas.<\/p>","protected":false},"featured_media":24564,"template":"","meta":{"_acf_changed":false},"product_brand":[],"product_cat":[72,48],"product_tag":[223,234],"class_list":{"0":"post-24562","1":"product","2":"type-product","3":"status-publish","4":"has-post-thumbnail","6":"product_cat-dog-supplies","7":"product_cat-dog-toys","8":"product_tag-dog-chew-toys","9":"product_tag-tpr-dog-toys","11":"first","12":"instock","13":"shipping-taxable","14":"product-type-simple"},"acf":[],"yoast_head":"<!-- This site is optimized with the Yoast SEO plugin v27.1.1 - https:\/\/yoast.com\/product\/yoast-seo-wordpress\/ -->\n<title>dog balls toys | Customize Puzzle Treat Toy For Dog - Petstar<\/title>\n<meta name=\"description\" content=\"Explore dog balls toys, puzzle toy for dog, dog treat ball toy from the manufacturer. Your ideal business solution with Petstar.\" \/>\n<meta name=\"robots\" content=\"index, follow, max-snippet:-1, max-image-preview:large, max-video-preview:-1\" \/>\n<link rel=\"canonical\" href=\"https:\/\/petproducts.com.cn\/es\/producto\/dog-balls-toys-customize-puzzle-treat-toy-for-dog\/\" \/>\n<meta property=\"og:locale\" content=\"es_ES\" \/>\n<meta property=\"og:type\" content=\"article\" \/>\n<meta property=\"og:title\" content=\"dog balls toys | Customize Puzzle Treat Toy For Dog - Petstar\" \/>\n<meta property=\"og:description\" content=\"Explore dog balls toys, puzzle toy for dog, dog treat ball toy from the manufacturer. Your ideal business solution with Petstar.\" \/>\n<meta property=\"og:url\" content=\"https:\/\/petproducts.com.cn\/es\/producto\/dog-balls-toys-customize-puzzle-treat-toy-for-dog\/\" \/>\n<meta property=\"og:site_name\" content=\"Petstar\" \/>\n<meta property=\"article:modified_time\" content=\"2024-09-05T02:03:17+00:00\" \/>\n<meta property=\"og:image\" content=\"https:\/\/petproducts.com.cn\/wp-content\/uploads\/2024\/05\/dog-balls-toys.webp\" \/>\n\t<meta property=\"og:image:width\" content=\"1000\" \/>\n\t<meta property=\"og:image:height\" content=\"1000\" \/>\n\t<meta property=\"og:image:type\" content=\"image\/webp\" \/>\n<meta name=\"twitter:card\" content=\"summary_large_image\" \/>\n<meta name=\"twitter:label1\" content=\"Tiempo de lectura\" \/>\n\t<meta name=\"twitter:data1\" content=\"2 minutos\" \/>\n<script type=\"application\/ld+json\" class=\"yoast-schema-graph\">{\"@context\":\"https:\/\/schema.org\",\"@graph\":[{\"@type\":\"WebPage\",\"@id\":\"https:\/\/petproducts.com.cn\/product\/dog-balls-toys-customize-puzzle-treat-toy-for-dog\/\",\"url\":\"https:\/\/petproducts.com.cn\/product\/dog-balls-toys-customize-puzzle-treat-toy-for-dog\/\",\"name\":\"dog balls toys | Customize Puzzle Treat Toy For Dog - Petstar\",\"isPartOf\":{\"@id\":\"https:\/\/petproducts.com.cn\/#website\"},\"primaryImageOfPage\":{\"@id\":\"https:\/\/petproducts.com.cn\/product\/dog-balls-toys-customize-puzzle-treat-toy-for-dog\/#primaryimage\"},\"image\":{\"@id\":\"https:\/\/petproducts.com.cn\/product\/dog-balls-toys-customize-puzzle-treat-toy-for-dog\/#primaryimage\"},\"thumbnailUrl\":\"https:\/\/petproducts.com.cn\/wp-content\/uploads\/2024\/05\/dog-balls-toys.webp\",\"datePublished\":\"2024-05-30T06:12:05+00:00\",\"dateModified\":\"2024-09-05T02:03:17+00:00\",\"description\":\"Explore dog balls toys, puzzle toy for dog, dog treat ball toy from the manufacturer. Your ideal business solution with Petstar.\",\"breadcrumb\":{\"@id\":\"https:\/\/petproducts.com.cn\/product\/dog-balls-toys-customize-puzzle-treat-toy-for-dog\/#breadcrumb\"},\"inLanguage\":\"es\",\"potentialAction\":[{\"@type\":\"ReadAction\",\"target\":[\"https:\/\/petproducts.com.cn\/product\/dog-balls-toys-customize-puzzle-treat-toy-for-dog\/\"]}]},{\"@type\":\"ImageObject\",\"inLanguage\":\"es\",\"@id\":\"https:\/\/petproducts.com.cn\/product\/dog-balls-toys-customize-puzzle-treat-toy-for-dog\/#primaryimage\",\"url\":\"https:\/\/petproducts.com.cn\/wp-content\/uploads\/2024\/05\/dog-balls-toys.webp\",\"contentUrl\":\"https:\/\/petproducts.com.cn\/wp-content\/uploads\/2024\/05\/dog-balls-toys.webp\",\"width\":1000,\"height\":1000,\"caption\":\"dog balls toys\"},{\"@type\":\"BreadcrumbList\",\"@id\":\"https:\/\/petproducts.com.cn\/product\/dog-balls-toys-customize-puzzle-treat-toy-for-dog\/#breadcrumb\",\"itemListElement\":[{\"@type\":\"ListItem\",\"position\":1,\"name\":\"HOME\",\"item\":\"https:\/\/petproducts.com.cn\/\"},{\"@type\":\"ListItem\",\"position\":2,\"name\":\"Products\",\"item\":\"https:\/\/petproducts.com.cn\/shop\/\"},{\"@type\":\"ListItem\",\"position\":3,\"name\":\"Dog Toys\",\"item\":\"https:\/\/petproducts.com.cn\/product-category\/dog-toys\/\"},{\"@type\":\"ListItem\",\"position\":4,\"name\":\"Dog Balls Toys Customize Puzzle Treat Toy For Dog\"}]},{\"@type\":\"WebSite\",\"@id\":\"https:\/\/petproducts.com.cn\/#website\",\"url\":\"https:\/\/petproducts.com.cn\/\",\"name\":\"Petstar\",\"description\":\"Leading Pet Supplies Manufacturer &amp; OEM Pet Products Supplier\",\"publisher\":{\"@id\":\"https:\/\/petproducts.com.cn\/#organization\"},\"alternateName\":\"Petstar Pet Supplies\",\"potentialAction\":[{\"@type\":\"SearchAction\",\"target\":{\"@type\":\"EntryPoint\",\"urlTemplate\":\"https:\/\/petproducts.com.cn\/?s={search_term_string}\"},\"query-input\":{\"@type\":\"PropertyValueSpecification\",\"valueRequired\":true,\"valueName\":\"search_term_string\"}}],\"inLanguage\":\"es\"},{\"@type\":\"Organization\",\"@id\":\"https:\/\/petproducts.com.cn\/#organization\",\"name\":\"Petstar\",\"url\":\"https:\/\/petproducts.com.cn\/\",\"logo\":{\"@type\":\"ImageObject\",\"inLanguage\":\"es\",\"@id\":\"https:\/\/petproducts.com.cn\/#\/schema\/logo\/image\/\",\"url\":\"https:\/\/petproducts.com.cn\/wp-content\/uploads\/2020\/02\/petstar-logo.webp\",\"contentUrl\":\"https:\/\/petproducts.com.cn\/wp-content\/uploads\/2020\/02\/petstar-logo.webp\",\"width\":779,\"height\":520,\"caption\":\"Petstar\"},\"image\":{\"@id\":\"https:\/\/petproducts.com.cn\/#\/schema\/logo\/image\/\"}}]}<\/script>\n<!-- \/ Yoast SEO plugin. -->","yoast_head_json":{"title":"pelotas para perros juguetes | Personalizar Puzzle Treat Juguete Para Perro - Petstar","description":"Explorar los juguetes de bolas de perro, juguete del rompecabezas para el perro, juguete de la bola del convite del perro del fabricante. Su soluci\u00f3n de negocio ideal con Petstar.","robots":{"index":"index","follow":"follow","max-snippet":"max-snippet:-1","max-image-preview":"max-image-preview:large","max-video-preview":"max-video-preview:-1"},"canonical":"https:\/\/petproducts.com.cn\/es\/producto\/dog-balls-toys-customize-puzzle-treat-toy-for-dog\/","og_locale":"es_ES","og_type":"article","og_title":"dog balls toys | Customize Puzzle Treat Toy For Dog - Petstar","og_description":"Explore dog balls toys, puzzle toy for dog, dog treat ball toy from the manufacturer. Your ideal business solution with Petstar.","og_url":"https:\/\/petproducts.com.cn\/es\/producto\/dog-balls-toys-customize-puzzle-treat-toy-for-dog\/","og_site_name":"Petstar","article_modified_time":"2024-09-05T02:03:17+00:00","og_image":[{"width":1000,"height":1000,"url":"https:\/\/petproducts.com.cn\/wp-content\/uploads\/2024\/05\/dog-balls-toys.webp","type":"image\/webp"}],"twitter_card":"summary_large_image","twitter_misc":{"Tiempo de lectura":"2 minutos"},"schema":{"@context":"https:\/\/schema.org","@graph":[{"@type":"WebPage","@id":"https:\/\/petproducts.com.cn\/product\/dog-balls-toys-customize-puzzle-treat-toy-for-dog\/","url":"https:\/\/petproducts.com.cn\/product\/dog-balls-toys-customize-puzzle-treat-toy-for-dog\/","name":"pelotas para perros juguetes | Personalizar Puzzle Treat Juguete Para Perro - Petstar","isPartOf":{"@id":"https:\/\/petproducts.com.cn\/#website"},"primaryImageOfPage":{"@id":"https:\/\/petproducts.com.cn\/product\/dog-balls-toys-customize-puzzle-treat-toy-for-dog\/#primaryimage"},"image":{"@id":"https:\/\/petproducts.com.cn\/product\/dog-balls-toys-customize-puzzle-treat-toy-for-dog\/#primaryimage"},"thumbnailUrl":"https:\/\/petproducts.com.cn\/wp-content\/uploads\/2024\/05\/dog-balls-toys.webp","datePublished":"2024-05-30T06:12:05+00:00","dateModified":"2024-09-05T02:03:17+00:00","description":"Explorar los juguetes de bolas de perro, juguete del rompecabezas para el perro, juguete de la bola del convite del perro del fabricante. Su soluci\u00f3n de negocio ideal con Petstar.","breadcrumb":{"@id":"https:\/\/petproducts.com.cn\/product\/dog-balls-toys-customize-puzzle-treat-toy-for-dog\/#breadcrumb"},"inLanguage":"es","potentialAction":[{"@type":"ReadAction","target":["https:\/\/petproducts.com.cn\/product\/dog-balls-toys-customize-puzzle-treat-toy-for-dog\/"]}]},{"@type":"ImageObject","inLanguage":"es","@id":"https:\/\/petproducts.com.cn\/product\/dog-balls-toys-customize-puzzle-treat-toy-for-dog\/#primaryimage","url":"https:\/\/petproducts.com.cn\/wp-content\/uploads\/2024\/05\/dog-balls-toys.webp","contentUrl":"https:\/\/petproducts.com.cn\/wp-content\/uploads\/2024\/05\/dog-balls-toys.webp","width":1000,"height":1000,"caption":"dog balls toys"},{"@type":"BreadcrumbList","@id":"https:\/\/petproducts.com.cn\/product\/dog-balls-toys-customize-puzzle-treat-toy-for-dog\/#breadcrumb","itemListElement":[{"@type":"ListItem","position":1,"name":"HOME","item":"https:\/\/petproducts.com.cn\/"},{"@type":"ListItem","position":2,"name":"Products","item":"https:\/\/petproducts.com.cn\/shop\/"},{"@type":"ListItem","position":3,"name":"Dog Toys","item":"https:\/\/petproducts.com.cn\/product-category\/dog-toys\/"},{"@type":"ListItem","position":4,"name":"Dog Balls Toys Customize Puzzle Treat Toy For Dog"}]},{"@type":"WebSite","@id":"https:\/\/petproducts.com.cn\/#website","url":"https:\/\/petproducts.com.cn\/","name":"Petstar","description":"Fabricante l\u00edder de art\u00edculos para mascotas y proveedor OEM de productos para mascotas","publisher":{"@id":"https:\/\/petproducts.com.cn\/#organization"},"alternateName":"Petstar Pet Supplies","potentialAction":[{"@type":"SearchAction","target":{"@type":"EntryPoint","urlTemplate":"https:\/\/petproducts.com.cn\/?s={search_term_string}"},"query-input":{"@type":"PropertyValueSpecification","valueRequired":true,"valueName":"search_term_string"}}],"inLanguage":"es"},{"@type":"Organization","@id":"https:\/\/petproducts.com.cn\/#organization","name":"Petstar","url":"https:\/\/petproducts.com.cn\/","logo":{"@type":"ImageObject","inLanguage":"es","@id":"https:\/\/petproducts.com.cn\/#\/schema\/logo\/image\/","url":"https:\/\/petproducts.com.cn\/wp-content\/uploads\/2020\/02\/petstar-logo.webp","contentUrl":"https:\/\/petproducts.com.cn\/wp-content\/uploads\/2020\/02\/petstar-logo.webp","width":779,"height":520,"caption":"Petstar"},"image":{"@id":"https:\/\/petproducts.com.cn\/#\/schema\/logo\/image\/"}}]}},"_links":{"self":[{"href":"https:\/\/petproducts.com.cn\/es\/wp-json\/wp\/v2\/product\/24562","targetHints":{"allow":["GET"]}}],"collection":[{"href":"https:\/\/petproducts.com.cn\/es\/wp-json\/wp\/v2\/product"}],"about":[{"href":"https:\/\/petproducts.com.cn\/es\/wp-json\/wp\/v2\/types\/product"}],"version-history":[{"count":1,"href":"https:\/\/petproducts.com.cn\/es\/wp-json\/wp\/v2\/product\/24562\/revisions"}],"predecessor-version":[{"id":24582,"href":"https:\/\/petproducts.com.cn\/es\/wp-json\/wp\/v2\/product\/24562\/revisions\/24582"}],"wp:featuredmedia":[{"embeddable":true,"href":"https:\/\/petproducts.com.cn\/es\/wp-json\/wp\/v2\/media\/24564"}],"wp:attachment":[{"href":"https:\/\/petproducts.com.cn\/es\/wp-json\/wp\/v2\/media?parent=24562"}],"wp:term":[{"taxonomy":"product_brand","embeddable":true,"href":"https:\/\/petproducts.com.cn\/es\/wp-json\/wp\/v2\/product_brand?post=24562"},{"taxonomy":"product_cat","embeddable":true,"href":"https:\/\/petproducts.com.cn\/es\/wp-json\/wp\/v2\/product_cat?post=24562"},{"taxonomy":"product_tag","embeddable":true,"href":"https:\/\/petproducts.com.cn\/es\/wp-json\/wp\/v2\/product_tag?post=24562"}],"curies":[{"name":"wp","href":"https:\/\/api.w.org\/{rel}","templated":true}]}}