{"id":24762,"date":"2024-06-04T06:09:53","date_gmt":"2024-06-04T06:09:53","guid":{"rendered":"https:\/\/petproducts.com.cn\/?post_type=product&#038;p=24762"},"modified":"2024-06-04T06:45:51","modified_gmt":"2024-06-04T06:45:51","slug":"crystals-cat-litter-best-silica-gel-crystal-cat-litter","status":"publish","type":"product","link":"https:\/\/petproducts.com.cn\/es\/product\/crystals-cat-litter-best-silica-gel-crystal-cat-litter\/","title":{"rendered":"Arena para gatos Crystals La mejor arena para gatos Crystal de gel de s\u00edlice"},"content":{"rendered":"<h2><strong>Caracter\u00edsticas de la arena para gatos Crystals<\/strong><\/h2>\n<ul>\n<li><strong>Capacidad de aglutinaci\u00f3n superior<\/strong> Apreciar\u00e1 la capacidad de aglomeraci\u00f3n superior de nuestra arena para gatos en cristales. Los cristales de gel de s\u00edlice se aglomeran r\u00e1pidamente al entrar en contacto con la humedad, lo que facilita su recogida y limpieza. Esta caracter\u00edstica minimiza los residuos y garantiza que la caja de arena de su gato se mantenga fresca e higi\u00e9nica.<\/li>\n<li><strong>Alta tasa de absorci\u00f3n<\/strong> Nuestra arena para gatos tiene un \u00edndice de absorci\u00f3n excepcional, que retiene eficazmente la humedad y evita los malos olores. Puede confiar en que esta arena cristalina para gatos mantendr\u00e1 la caja de arena de su gato seca y limpia, proporcionando un entorno c\u00f3modo para su mascota.<\/li>\n<li><strong>F\u00f3rmula sin polvo<\/strong> La f\u00f3rmula sin polvo de nuestra arena de cristales para gatos garantiza un entorno dom\u00e9stico m\u00e1s limpio. Usted y su gato se beneficiar\u00e1n de la reducci\u00f3n de polvo, que es especialmente importante para los gatos con sensibilidad respiratoria. Esta caracter\u00edstica ayuda a mantener la calidad del aire y reduce la necesidad de una limpieza frecuente alrededor de la caja de arena.<\/li>\n<li><strong>Rendimiento duradero<\/strong> Comprobar\u00e1 que nuestra arena para gatos de gel de s\u00edlice cristal dura m\u00e1s que las arenas tradicionales. Su gran capacidad de absorci\u00f3n y su eficaz acci\u00f3n aglomerante hacen que tenga que cambiar la arena con menos frecuencia. Este rendimiento duradero ofrece una gran relaci\u00f3n calidad-precio y comodidad para los due\u00f1os de mascotas ocupados.<\/li>\n<li><strong>F\u00e1cil de recoger<\/strong> La naturaleza aglomerante de nuestra mejor arena cristalina para gatos hace que sea f\u00e1cil de recoger. Puede limpiar r\u00e1pidamente y sin esfuerzo la caja de arena de su gato, asegur\u00e1ndose de que se mantiene fresca y libre de olores. Esta comodidad es una ventaja significativa para los due\u00f1os de mascotas que buscan una soluci\u00f3n sin complicaciones.<\/li>\n<li><strong>Control de olores<\/strong> Nuestra arena de cristales para mascotas proporciona un excelente control de olores. Los cristales de gel de s\u00edlice atrapan y neutralizan eficazmente los olores, manteniendo su hogar con un olor fresco. Puede disfrutar de un entorno limpio y agradable sin preocuparse por los olores persistentes de la caja de arena.<\/li>\n<li><strong>No t\u00f3xico y seguro<\/strong> Puede sentirse seguro utilizando nuestra arena de cristal para gatos, sabiendo que no es t\u00f3xica y que es segura para su gato. Los cristales de gel de s\u00edlice son suaves con las patas de su gato y no contienen productos qu\u00edmicos nocivos, lo que garantiza una experiencia saludable y c\u00f3moda en el arenero.<\/li>\n<\/ul>","protected":false},"excerpt":{"rendered":"<p>Somos fabricantes de arena para gatos con m\u00e1s de 20 a\u00f1os de experiencia. Ofrecemos opciones de personalizaci\u00f3n en cuanto a color, tama\u00f1o, tejido, estampado, logotipo y otras caracter\u00edsticas.<\/p>","protected":false},"featured_media":24768,"template":"","meta":{"_acf_changed":false},"product_brand":[],"product_cat":[138,71],"product_tag":[141],"class_list":{"0":"post-24762","1":"product","2":"type-product","3":"status-publish","4":"has-post-thumbnail","6":"product_cat-cat-litter-accessories","7":"product_cat-cat-supplies","8":"product_tag-cat-litter-accessories","10":"first","11":"instock","12":"shipping-taxable","13":"product-type-simple"},"acf":[],"yoast_head":"<!-- This site is optimized with the Yoast SEO plugin v27.1.1 - https:\/\/yoast.com\/product\/yoast-seo-wordpress\/ -->\n<title>Crystals Cat Litter Supplier | Silica Gel Cat Litter Manufacturer - Petstar<\/title>\n<meta name=\"description\" content=\"Explore crystals cat litter, best crystal cat litter, silica gel crystals cat litter directly from the manufacturer. Your ideal business solution with Petstar.\" \/>\n<meta name=\"robots\" content=\"index, follow, max-snippet:-1, max-image-preview:large, max-video-preview:-1\" \/>\n<link rel=\"canonical\" href=\"https:\/\/petproducts.com.cn\/es\/producto\/crystals-cat-litter-best-silica-gel-crystal-cat-litter\/\" \/>\n<meta property=\"og:locale\" content=\"es_ES\" \/>\n<meta property=\"og:type\" content=\"article\" \/>\n<meta property=\"og:title\" content=\"Crystals Cat Litter Supplier | Silica Gel Cat Litter Manufacturer - Petstar\" \/>\n<meta property=\"og:description\" content=\"Explore crystals cat litter, best crystal cat litter, silica gel crystals cat litter directly from the manufacturer. Your ideal business solution with Petstar.\" \/>\n<meta property=\"og:url\" content=\"https:\/\/petproducts.com.cn\/es\/producto\/crystals-cat-litter-best-silica-gel-crystal-cat-litter\/\" \/>\n<meta property=\"og:site_name\" content=\"Petstar\" \/>\n<meta property=\"article:modified_time\" content=\"2024-06-04T06:45:51+00:00\" \/>\n<meta property=\"og:image\" content=\"https:\/\/petproducts.com.cn\/wp-content\/uploads\/2024\/06\/crystals-cat-litter.webp\" \/>\n\t<meta property=\"og:image:width\" content=\"1000\" \/>\n\t<meta property=\"og:image:height\" content=\"1000\" \/>\n\t<meta property=\"og:image:type\" content=\"image\/webp\" \/>\n<meta name=\"twitter:card\" content=\"summary_large_image\" \/>\n<meta name=\"twitter:label1\" content=\"Tiempo de lectura\" \/>\n\t<meta name=\"twitter:data1\" content=\"2 minutos\" \/>\n<script type=\"application\/ld+json\" class=\"yoast-schema-graph\">{\"@context\":\"https:\/\/schema.org\",\"@graph\":[{\"@type\":\"WebPage\",\"@id\":\"https:\/\/petproducts.com.cn\/product\/crystals-cat-litter-best-silica-gel-crystal-cat-litter\/\",\"url\":\"https:\/\/petproducts.com.cn\/product\/crystals-cat-litter-best-silica-gel-crystal-cat-litter\/\",\"name\":\"Crystals Cat Litter Supplier | Silica Gel Cat Litter Manufacturer - Petstar\",\"isPartOf\":{\"@id\":\"https:\/\/petproducts.com.cn\/#website\"},\"primaryImageOfPage\":{\"@id\":\"https:\/\/petproducts.com.cn\/product\/crystals-cat-litter-best-silica-gel-crystal-cat-litter\/#primaryimage\"},\"image\":{\"@id\":\"https:\/\/petproducts.com.cn\/product\/crystals-cat-litter-best-silica-gel-crystal-cat-litter\/#primaryimage\"},\"thumbnailUrl\":\"https:\/\/petproducts.com.cn\/wp-content\/uploads\/2024\/06\/crystals-cat-litter.webp\",\"datePublished\":\"2024-06-04T06:09:53+00:00\",\"dateModified\":\"2024-06-04T06:45:51+00:00\",\"description\":\"Explore crystals cat litter, best crystal cat litter, silica gel crystals cat litter directly from the manufacturer. Your ideal business solution with Petstar.\",\"breadcrumb\":{\"@id\":\"https:\/\/petproducts.com.cn\/product\/crystals-cat-litter-best-silica-gel-crystal-cat-litter\/#breadcrumb\"},\"inLanguage\":\"es\",\"potentialAction\":[{\"@type\":\"ReadAction\",\"target\":[\"https:\/\/petproducts.com.cn\/product\/crystals-cat-litter-best-silica-gel-crystal-cat-litter\/\"]}]},{\"@type\":\"ImageObject\",\"inLanguage\":\"es\",\"@id\":\"https:\/\/petproducts.com.cn\/product\/crystals-cat-litter-best-silica-gel-crystal-cat-litter\/#primaryimage\",\"url\":\"https:\/\/petproducts.com.cn\/wp-content\/uploads\/2024\/06\/crystals-cat-litter.webp\",\"contentUrl\":\"https:\/\/petproducts.com.cn\/wp-content\/uploads\/2024\/06\/crystals-cat-litter.webp\",\"width\":1000,\"height\":1000,\"caption\":\"crystals cat litter\"},{\"@type\":\"BreadcrumbList\",\"@id\":\"https:\/\/petproducts.com.cn\/product\/crystals-cat-litter-best-silica-gel-crystal-cat-litter\/#breadcrumb\",\"itemListElement\":[{\"@type\":\"ListItem\",\"position\":1,\"name\":\"HOME\",\"item\":\"https:\/\/petproducts.com.cn\/\"},{\"@type\":\"ListItem\",\"position\":2,\"name\":\"Products\",\"item\":\"https:\/\/petproducts.com.cn\/shop\/\"},{\"@type\":\"ListItem\",\"position\":3,\"name\":\"Cat Litter &amp; Accessories\",\"item\":\"https:\/\/petproducts.com.cn\/product-category\/cat-litter-accessories\/\"},{\"@type\":\"ListItem\",\"position\":4,\"name\":\"Crystals Cat Litter Best Silica Gel Crystal Cat Litter\"}]},{\"@type\":\"WebSite\",\"@id\":\"https:\/\/petproducts.com.cn\/#website\",\"url\":\"https:\/\/petproducts.com.cn\/\",\"name\":\"Petstar\",\"description\":\"Leading Pet Supplies Manufacturer &amp; OEM Pet Products Supplier\",\"publisher\":{\"@id\":\"https:\/\/petproducts.com.cn\/#organization\"},\"alternateName\":\"Petstar Pet Supplies\",\"potentialAction\":[{\"@type\":\"SearchAction\",\"target\":{\"@type\":\"EntryPoint\",\"urlTemplate\":\"https:\/\/petproducts.com.cn\/?s={search_term_string}\"},\"query-input\":{\"@type\":\"PropertyValueSpecification\",\"valueRequired\":true,\"valueName\":\"search_term_string\"}}],\"inLanguage\":\"es\"},{\"@type\":\"Organization\",\"@id\":\"https:\/\/petproducts.com.cn\/#organization\",\"name\":\"Petstar\",\"url\":\"https:\/\/petproducts.com.cn\/\",\"logo\":{\"@type\":\"ImageObject\",\"inLanguage\":\"es\",\"@id\":\"https:\/\/petproducts.com.cn\/#\/schema\/logo\/image\/\",\"url\":\"https:\/\/petproducts.com.cn\/wp-content\/uploads\/2020\/02\/petstar-logo.webp\",\"contentUrl\":\"https:\/\/petproducts.com.cn\/wp-content\/uploads\/2020\/02\/petstar-logo.webp\",\"width\":779,\"height\":520,\"caption\":\"Petstar\"},\"image\":{\"@id\":\"https:\/\/petproducts.com.cn\/#\/schema\/logo\/image\/\"}}]}<\/script>\n<!-- \/ Yoast SEO plugin. -->","yoast_head_json":{"title":"Proveedor de arena para gatos Crystals | Fabricante de arena para gatos de gel de s\u00edlice - Petstar","description":"Explore la arena de cristales para gatos, la mejor arena de cristales para gatos, arena de cristales de gel de s\u00edlice para gatos directamente del fabricante. Su soluci\u00f3n comercial ideal con Petstar.","robots":{"index":"index","follow":"follow","max-snippet":"max-snippet:-1","max-image-preview":"max-image-preview:large","max-video-preview":"max-video-preview:-1"},"canonical":"https:\/\/petproducts.com.cn\/es\/producto\/crystals-cat-litter-best-silica-gel-crystal-cat-litter\/","og_locale":"es_ES","og_type":"article","og_title":"Crystals Cat Litter Supplier | Silica Gel Cat Litter Manufacturer - Petstar","og_description":"Explore crystals cat litter, best crystal cat litter, silica gel crystals cat litter directly from the manufacturer. Your ideal business solution with Petstar.","og_url":"https:\/\/petproducts.com.cn\/es\/producto\/crystals-cat-litter-best-silica-gel-crystal-cat-litter\/","og_site_name":"Petstar","article_modified_time":"2024-06-04T06:45:51+00:00","og_image":[{"width":1000,"height":1000,"url":"https:\/\/petproducts.com.cn\/wp-content\/uploads\/2024\/06\/crystals-cat-litter.webp","type":"image\/webp"}],"twitter_card":"summary_large_image","twitter_misc":{"Tiempo de lectura":"2 minutos"},"schema":{"@context":"https:\/\/schema.org","@graph":[{"@type":"WebPage","@id":"https:\/\/petproducts.com.cn\/product\/crystals-cat-litter-best-silica-gel-crystal-cat-litter\/","url":"https:\/\/petproducts.com.cn\/product\/crystals-cat-litter-best-silica-gel-crystal-cat-litter\/","name":"Proveedor de arena para gatos Crystals | Fabricante de arena para gatos de gel de s\u00edlice - Petstar","isPartOf":{"@id":"https:\/\/petproducts.com.cn\/#website"},"primaryImageOfPage":{"@id":"https:\/\/petproducts.com.cn\/product\/crystals-cat-litter-best-silica-gel-crystal-cat-litter\/#primaryimage"},"image":{"@id":"https:\/\/petproducts.com.cn\/product\/crystals-cat-litter-best-silica-gel-crystal-cat-litter\/#primaryimage"},"thumbnailUrl":"https:\/\/petproducts.com.cn\/wp-content\/uploads\/2024\/06\/crystals-cat-litter.webp","datePublished":"2024-06-04T06:09:53+00:00","dateModified":"2024-06-04T06:45:51+00:00","description":"Explore la arena de cristales para gatos, la mejor arena de cristales para gatos, arena de cristales de gel de s\u00edlice para gatos directamente del fabricante. Su soluci\u00f3n comercial ideal con Petstar.","breadcrumb":{"@id":"https:\/\/petproducts.com.cn\/product\/crystals-cat-litter-best-silica-gel-crystal-cat-litter\/#breadcrumb"},"inLanguage":"es","potentialAction":[{"@type":"ReadAction","target":["https:\/\/petproducts.com.cn\/product\/crystals-cat-litter-best-silica-gel-crystal-cat-litter\/"]}]},{"@type":"ImageObject","inLanguage":"es","@id":"https:\/\/petproducts.com.cn\/product\/crystals-cat-litter-best-silica-gel-crystal-cat-litter\/#primaryimage","url":"https:\/\/petproducts.com.cn\/wp-content\/uploads\/2024\/06\/crystals-cat-litter.webp","contentUrl":"https:\/\/petproducts.com.cn\/wp-content\/uploads\/2024\/06\/crystals-cat-litter.webp","width":1000,"height":1000,"caption":"crystals cat litter"},{"@type":"BreadcrumbList","@id":"https:\/\/petproducts.com.cn\/product\/crystals-cat-litter-best-silica-gel-crystal-cat-litter\/#breadcrumb","itemListElement":[{"@type":"ListItem","position":1,"name":"HOME","item":"https:\/\/petproducts.com.cn\/"},{"@type":"ListItem","position":2,"name":"Products","item":"https:\/\/petproducts.com.cn\/shop\/"},{"@type":"ListItem","position":3,"name":"Cat Litter &amp; Accessories","item":"https:\/\/petproducts.com.cn\/product-category\/cat-litter-accessories\/"},{"@type":"ListItem","position":4,"name":"Crystals Cat Litter Best Silica Gel Crystal Cat Litter"}]},{"@type":"WebSite","@id":"https:\/\/petproducts.com.cn\/#website","url":"https:\/\/petproducts.com.cn\/","name":"Petstar","description":"Fabricante l\u00edder de art\u00edculos para mascotas y proveedor OEM de productos para mascotas","publisher":{"@id":"https:\/\/petproducts.com.cn\/#organization"},"alternateName":"Petstar Pet Supplies","potentialAction":[{"@type":"SearchAction","target":{"@type":"EntryPoint","urlTemplate":"https:\/\/petproducts.com.cn\/?s={search_term_string}"},"query-input":{"@type":"PropertyValueSpecification","valueRequired":true,"valueName":"search_term_string"}}],"inLanguage":"es"},{"@type":"Organization","@id":"https:\/\/petproducts.com.cn\/#organization","name":"Petstar","url":"https:\/\/petproducts.com.cn\/","logo":{"@type":"ImageObject","inLanguage":"es","@id":"https:\/\/petproducts.com.cn\/#\/schema\/logo\/image\/","url":"https:\/\/petproducts.com.cn\/wp-content\/uploads\/2020\/02\/petstar-logo.webp","contentUrl":"https:\/\/petproducts.com.cn\/wp-content\/uploads\/2020\/02\/petstar-logo.webp","width":779,"height":520,"caption":"Petstar"},"image":{"@id":"https:\/\/petproducts.com.cn\/#\/schema\/logo\/image\/"}}]}},"_links":{"self":[{"href":"https:\/\/petproducts.com.cn\/es\/wp-json\/wp\/v2\/product\/24762","targetHints":{"allow":["GET"]}}],"collection":[{"href":"https:\/\/petproducts.com.cn\/es\/wp-json\/wp\/v2\/product"}],"about":[{"href":"https:\/\/petproducts.com.cn\/es\/wp-json\/wp\/v2\/types\/product"}],"version-history":[{"count":3,"href":"https:\/\/petproducts.com.cn\/es\/wp-json\/wp\/v2\/product\/24762\/revisions"}],"predecessor-version":[{"id":24792,"href":"https:\/\/petproducts.com.cn\/es\/wp-json\/wp\/v2\/product\/24762\/revisions\/24792"}],"wp:featuredmedia":[{"embeddable":true,"href":"https:\/\/petproducts.com.cn\/es\/wp-json\/wp\/v2\/media\/24768"}],"wp:attachment":[{"href":"https:\/\/petproducts.com.cn\/es\/wp-json\/wp\/v2\/media?parent=24762"}],"wp:term":[{"taxonomy":"product_brand","embeddable":true,"href":"https:\/\/petproducts.com.cn\/es\/wp-json\/wp\/v2\/product_brand?post=24762"},{"taxonomy":"product_cat","embeddable":true,"href":"https:\/\/petproducts.com.cn\/es\/wp-json\/wp\/v2\/product_cat?post=24762"},{"taxonomy":"product_tag","embeddable":true,"href":"https:\/\/petproducts.com.cn\/es\/wp-json\/wp\/v2\/product_tag?post=24762"}],"curies":[{"name":"wp","href":"https:\/\/api.w.org\/{rel}","templated":true}]}}