{"id":24791,"date":"2024-06-06T02:44:56","date_gmt":"2024-06-06T02:44:56","guid":{"rendered":"https:\/\/petproducts.com.cn\/?post_type=product&#038;p=24791"},"modified":"2024-06-06T05:25:45","modified_gmt":"2024-06-06T05:25:45","slug":"pet-shampoo-safe-dog-grooming-shampoo","status":"publish","type":"product","link":"https:\/\/petproducts.com.cn\/es\/product\/pet-shampoo-safe-dog-grooming-shampoo\/","title":{"rendered":"Champ\u00fa para mascotas Champ\u00fa seguro para el cuidado de perros"},"content":{"rendered":"<h2><strong>Caracter\u00edsticas del champ\u00fa para mascotas<\/strong><\/h2>\n<ol>\n<li><strong>Mantiene el equilibrio natural del PH de la piel<\/strong> Apreciar\u00e1 c\u00f3mo nuestro champ\u00fa para mascotas protege el equilibrio del pH de la piel de su mascota. Esta caracter\u00edstica garantiza que la piel de su mascota se mantenga sana y resistente, evitando la irritaci\u00f3n y la sequedad. La f\u00f3rmula equilibrada favorece las defensas naturales de la piel de su mascota.<\/li>\n<li><strong>Alivia el picor<\/strong> Nuestro champ\u00fa de peluquer\u00eda canina alivia eficazmente los picores. Puede confiar en que este champ\u00fa calmar\u00e1 la piel de su mascota, aliviando las molestias causadas por la sequedad, las alergias u otros agentes irritantes. Su mascota disfrutar\u00e1 de una vida m\u00e1s c\u00f3moda y sin picores.<\/li>\n<li><strong>Control de olores con aroma fresco<\/strong> Le encantar\u00e1 el fresco aroma que deja nuestro champ\u00fa para mascotas. Neutraliza los olores desagradables, dejando a su mascota con un olor limpio y fresco. Esta caracter\u00edstica garantiza que su mascota no solo tenga buen aspecto, sino que tambi\u00e9n huela bien, haciendo que los momentos de mimos sean m\u00e1s agradables.<\/li>\n<li><strong>Alivia las alergias<\/strong> Nuestro champ\u00fa seguro para perros est\u00e1 dise\u00f1ado para aliviar las alergias. Puede utilizar con confianza este champ\u00fa en mascotas con piel sensible o alergias, sabiendo que contiene ingredientes suaves que reducen las reacciones al\u00e9rgicas. Esta acci\u00f3n calmante ayuda a mantener a su mascota tranquila y c\u00f3moda.<\/li>\n<li><strong>F\u00f3rmula segura y no t\u00f3xica<\/strong> La seguridad es la m\u00e1xima prioridad de nuestro champ\u00fa para mascotas. Descubrir\u00e1 que nuestra f\u00f3rmula no contiene productos qu\u00edmicos nocivos, por lo que es segura para el uso regular de su mascota. Este champ\u00fa no t\u00f3xico garantiza que la rutina de aseo de su mascota sea segura y eficaz.<\/li>\n<li><strong>Hidratante y humectante<\/strong> Notar\u00e1 los beneficios hidratantes de nuestro champ\u00fa de peluquer\u00eda canina. Hidrata la piel y el pelo de su mascota, evitando la sequedad y la descamaci\u00f3n. Esta caracter\u00edstica mantiene el pelaje de su mascota suave, brillante y con un aspecto saludable, mejorando su apariencia general.<\/li>\n<li><strong>Frescor duradero<\/strong> Apreciar\u00e1 el frescor duradero que proporciona nuestro champ\u00fa. Su eficaz f\u00f3rmula garantiza que su mascota se mantenga limpia y fresca durante m\u00e1s tiempo, reduciendo la necesidad de ba\u00f1os frecuentes. Este efecto de larga duraci\u00f3n es perfecto para los due\u00f1os de mascotas ocupados.<\/li>\n<\/ol>","protected":false},"excerpt":{"rendered":"<p>Somos fabricantes de cepillos para mascotas con m\u00e1s de 20 a\u00f1os de experiencia. Ofrecemos opciones de personalizaci\u00f3n de color, tama\u00f1o, tela, patr\u00f3n, logotipo y otras caracter\u00edsticas.<\/p>","protected":false},"featured_media":24799,"template":"","meta":{"_acf_changed":false},"product_brand":[],"product_cat":[137,71,136,72],"product_tag":[139,140],"class_list":{"0":"post-24791","1":"product","2":"type-product","3":"status-publish","4":"has-post-thumbnail","6":"product_cat-cat-grooming-cleaning-supplies","7":"product_cat-cat-supplies","8":"product_cat-dog-grooming-cleaning-supplies","9":"product_cat-dog-supplies","10":"product_tag-cat-grooming-cleaning-supplies","11":"product_tag-dog-grooming-cleaning-supplies","13":"first","14":"instock","15":"shipping-taxable","16":"product-type-simple"},"acf":[],"yoast_head":"<!-- This site is optimized with the Yoast SEO plugin v27.1.1 - https:\/\/yoast.com\/product\/yoast-seo-wordpress\/ -->\n<title>Pet Shampoo | Dog Grooming Shampoo Manufacturer - Petstar - Petstar<\/title>\n<meta name=\"description\" content=\"Explore pet shampoo, dog grooming shampoo, safe dog shampoo directly from the manufacturer. Your ideal business solution with Petstar.\" \/>\n<meta name=\"robots\" content=\"index, follow, max-snippet:-1, max-image-preview:large, max-video-preview:-1\" \/>\n<link rel=\"canonical\" href=\"https:\/\/petproducts.com.cn\/es\/producto\/pet-shampoo-safe-dog-grooming-shampoo\/\" \/>\n<meta property=\"og:locale\" content=\"es_ES\" \/>\n<meta property=\"og:type\" content=\"article\" \/>\n<meta property=\"og:title\" content=\"Pet Shampoo | Dog Grooming Shampoo Manufacturer - Petstar - Petstar\" \/>\n<meta property=\"og:description\" content=\"Explore pet shampoo, dog grooming shampoo, safe dog shampoo directly from the manufacturer. Your ideal business solution with Petstar.\" \/>\n<meta property=\"og:url\" content=\"https:\/\/petproducts.com.cn\/es\/producto\/pet-shampoo-safe-dog-grooming-shampoo\/\" \/>\n<meta property=\"og:site_name\" content=\"Petstar\" \/>\n<meta property=\"article:modified_time\" content=\"2024-06-06T05:25:45+00:00\" \/>\n<meta property=\"og:image\" content=\"https:\/\/petproducts.com.cn\/wp-content\/uploads\/2024\/06\/pet-shampoo.webp\" \/>\n\t<meta property=\"og:image:width\" content=\"1000\" \/>\n\t<meta property=\"og:image:height\" content=\"1000\" \/>\n\t<meta property=\"og:image:type\" content=\"image\/webp\" \/>\n<meta name=\"twitter:card\" content=\"summary_large_image\" \/>\n<meta name=\"twitter:label1\" content=\"Tiempo de lectura\" \/>\n\t<meta name=\"twitter:data1\" content=\"2 minutos\" \/>\n<script type=\"application\/ld+json\" class=\"yoast-schema-graph\">{\"@context\":\"https:\/\/schema.org\",\"@graph\":[{\"@type\":\"WebPage\",\"@id\":\"https:\/\/petproducts.com.cn\/product\/pet-shampoo-safe-dog-grooming-shampoo\/\",\"url\":\"https:\/\/petproducts.com.cn\/product\/pet-shampoo-safe-dog-grooming-shampoo\/\",\"name\":\"Pet Shampoo | Dog Grooming Shampoo Manufacturer - Petstar - Petstar\",\"isPartOf\":{\"@id\":\"https:\/\/petproducts.com.cn\/#website\"},\"primaryImageOfPage\":{\"@id\":\"https:\/\/petproducts.com.cn\/product\/pet-shampoo-safe-dog-grooming-shampoo\/#primaryimage\"},\"image\":{\"@id\":\"https:\/\/petproducts.com.cn\/product\/pet-shampoo-safe-dog-grooming-shampoo\/#primaryimage\"},\"thumbnailUrl\":\"https:\/\/petproducts.com.cn\/wp-content\/uploads\/2024\/06\/pet-shampoo.webp\",\"datePublished\":\"2024-06-06T02:44:56+00:00\",\"dateModified\":\"2024-06-06T05:25:45+00:00\",\"description\":\"Explore pet shampoo, dog grooming shampoo, safe dog shampoo directly from the manufacturer. Your ideal business solution with Petstar.\",\"breadcrumb\":{\"@id\":\"https:\/\/petproducts.com.cn\/product\/pet-shampoo-safe-dog-grooming-shampoo\/#breadcrumb\"},\"inLanguage\":\"es\",\"potentialAction\":[{\"@type\":\"ReadAction\",\"target\":[\"https:\/\/petproducts.com.cn\/product\/pet-shampoo-safe-dog-grooming-shampoo\/\"]}]},{\"@type\":\"ImageObject\",\"inLanguage\":\"es\",\"@id\":\"https:\/\/petproducts.com.cn\/product\/pet-shampoo-safe-dog-grooming-shampoo\/#primaryimage\",\"url\":\"https:\/\/petproducts.com.cn\/wp-content\/uploads\/2024\/06\/pet-shampoo.webp\",\"contentUrl\":\"https:\/\/petproducts.com.cn\/wp-content\/uploads\/2024\/06\/pet-shampoo.webp\",\"width\":1000,\"height\":1000,\"caption\":\"pet shampoo\"},{\"@type\":\"BreadcrumbList\",\"@id\":\"https:\/\/petproducts.com.cn\/product\/pet-shampoo-safe-dog-grooming-shampoo\/#breadcrumb\",\"itemListElement\":[{\"@type\":\"ListItem\",\"position\":1,\"name\":\"HOME\",\"item\":\"https:\/\/petproducts.com.cn\/\"},{\"@type\":\"ListItem\",\"position\":2,\"name\":\"Products\",\"item\":\"https:\/\/petproducts.com.cn\/shop\/\"},{\"@type\":\"ListItem\",\"position\":3,\"name\":\"Dog Grooming &amp; Cleaning Supplies\",\"item\":\"https:\/\/petproducts.com.cn\/product-category\/dog-grooming-cleaning-supplies\/\"},{\"@type\":\"ListItem\",\"position\":4,\"name\":\"Pet Shampoo Safe Dog Grooming Shampoo\"}]},{\"@type\":\"WebSite\",\"@id\":\"https:\/\/petproducts.com.cn\/#website\",\"url\":\"https:\/\/petproducts.com.cn\/\",\"name\":\"Petstar\",\"description\":\"Leading Pet Supplies Manufacturer &amp; OEM Pet Products Supplier\",\"publisher\":{\"@id\":\"https:\/\/petproducts.com.cn\/#organization\"},\"alternateName\":\"Petstar Pet Supplies\",\"potentialAction\":[{\"@type\":\"SearchAction\",\"target\":{\"@type\":\"EntryPoint\",\"urlTemplate\":\"https:\/\/petproducts.com.cn\/?s={search_term_string}\"},\"query-input\":{\"@type\":\"PropertyValueSpecification\",\"valueRequired\":true,\"valueName\":\"search_term_string\"}}],\"inLanguage\":\"es\"},{\"@type\":\"Organization\",\"@id\":\"https:\/\/petproducts.com.cn\/#organization\",\"name\":\"Petstar\",\"url\":\"https:\/\/petproducts.com.cn\/\",\"logo\":{\"@type\":\"ImageObject\",\"inLanguage\":\"es\",\"@id\":\"https:\/\/petproducts.com.cn\/#\/schema\/logo\/image\/\",\"url\":\"https:\/\/petproducts.com.cn\/wp-content\/uploads\/2020\/02\/petstar-logo.webp\",\"contentUrl\":\"https:\/\/petproducts.com.cn\/wp-content\/uploads\/2020\/02\/petstar-logo.webp\",\"width\":779,\"height\":520,\"caption\":\"Petstar\"},\"image\":{\"@id\":\"https:\/\/petproducts.com.cn\/#\/schema\/logo\/image\/\"}}]}<\/script>\n<!-- \/ Yoast SEO plugin. -->","yoast_head_json":{"title":"Champ\u00fa para mascotas | Fabricante de champ\u00fa para perros - Petstar - Petstar","description":"Explore champ\u00fa para mascotas, champ\u00fa de peluquer\u00eda canina, champ\u00fa seguro para perros directamente del fabricante. Su soluci\u00f3n comercial ideal con Petstar.","robots":{"index":"index","follow":"follow","max-snippet":"max-snippet:-1","max-image-preview":"max-image-preview:large","max-video-preview":"max-video-preview:-1"},"canonical":"https:\/\/petproducts.com.cn\/es\/producto\/pet-shampoo-safe-dog-grooming-shampoo\/","og_locale":"es_ES","og_type":"article","og_title":"Pet Shampoo | Dog Grooming Shampoo Manufacturer - Petstar - Petstar","og_description":"Explore pet shampoo, dog grooming shampoo, safe dog shampoo directly from the manufacturer. Your ideal business solution with Petstar.","og_url":"https:\/\/petproducts.com.cn\/es\/producto\/pet-shampoo-safe-dog-grooming-shampoo\/","og_site_name":"Petstar","article_modified_time":"2024-06-06T05:25:45+00:00","og_image":[{"width":1000,"height":1000,"url":"https:\/\/petproducts.com.cn\/wp-content\/uploads\/2024\/06\/pet-shampoo.webp","type":"image\/webp"}],"twitter_card":"summary_large_image","twitter_misc":{"Tiempo de lectura":"2 minutos"},"schema":{"@context":"https:\/\/schema.org","@graph":[{"@type":"WebPage","@id":"https:\/\/petproducts.com.cn\/product\/pet-shampoo-safe-dog-grooming-shampoo\/","url":"https:\/\/petproducts.com.cn\/product\/pet-shampoo-safe-dog-grooming-shampoo\/","name":"Champ\u00fa para mascotas | Fabricante de champ\u00fa para perros - Petstar - Petstar","isPartOf":{"@id":"https:\/\/petproducts.com.cn\/#website"},"primaryImageOfPage":{"@id":"https:\/\/petproducts.com.cn\/product\/pet-shampoo-safe-dog-grooming-shampoo\/#primaryimage"},"image":{"@id":"https:\/\/petproducts.com.cn\/product\/pet-shampoo-safe-dog-grooming-shampoo\/#primaryimage"},"thumbnailUrl":"https:\/\/petproducts.com.cn\/wp-content\/uploads\/2024\/06\/pet-shampoo.webp","datePublished":"2024-06-06T02:44:56+00:00","dateModified":"2024-06-06T05:25:45+00:00","description":"Explore champ\u00fa para mascotas, champ\u00fa de peluquer\u00eda canina, champ\u00fa seguro para perros directamente del fabricante. Su soluci\u00f3n comercial ideal con Petstar.","breadcrumb":{"@id":"https:\/\/petproducts.com.cn\/product\/pet-shampoo-safe-dog-grooming-shampoo\/#breadcrumb"},"inLanguage":"es","potentialAction":[{"@type":"ReadAction","target":["https:\/\/petproducts.com.cn\/product\/pet-shampoo-safe-dog-grooming-shampoo\/"]}]},{"@type":"ImageObject","inLanguage":"es","@id":"https:\/\/petproducts.com.cn\/product\/pet-shampoo-safe-dog-grooming-shampoo\/#primaryimage","url":"https:\/\/petproducts.com.cn\/wp-content\/uploads\/2024\/06\/pet-shampoo.webp","contentUrl":"https:\/\/petproducts.com.cn\/wp-content\/uploads\/2024\/06\/pet-shampoo.webp","width":1000,"height":1000,"caption":"pet shampoo"},{"@type":"BreadcrumbList","@id":"https:\/\/petproducts.com.cn\/product\/pet-shampoo-safe-dog-grooming-shampoo\/#breadcrumb","itemListElement":[{"@type":"ListItem","position":1,"name":"HOME","item":"https:\/\/petproducts.com.cn\/"},{"@type":"ListItem","position":2,"name":"Products","item":"https:\/\/petproducts.com.cn\/shop\/"},{"@type":"ListItem","position":3,"name":"Dog Grooming &amp; Cleaning Supplies","item":"https:\/\/petproducts.com.cn\/product-category\/dog-grooming-cleaning-supplies\/"},{"@type":"ListItem","position":4,"name":"Pet Shampoo Safe Dog Grooming Shampoo"}]},{"@type":"WebSite","@id":"https:\/\/petproducts.com.cn\/#website","url":"https:\/\/petproducts.com.cn\/","name":"Petstar","description":"Fabricante l\u00edder de art\u00edculos para mascotas y proveedor OEM de productos para mascotas","publisher":{"@id":"https:\/\/petproducts.com.cn\/#organization"},"alternateName":"Petstar Pet Supplies","potentialAction":[{"@type":"SearchAction","target":{"@type":"EntryPoint","urlTemplate":"https:\/\/petproducts.com.cn\/?s={search_term_string}"},"query-input":{"@type":"PropertyValueSpecification","valueRequired":true,"valueName":"search_term_string"}}],"inLanguage":"es"},{"@type":"Organization","@id":"https:\/\/petproducts.com.cn\/#organization","name":"Petstar","url":"https:\/\/petproducts.com.cn\/","logo":{"@type":"ImageObject","inLanguage":"es","@id":"https:\/\/petproducts.com.cn\/#\/schema\/logo\/image\/","url":"https:\/\/petproducts.com.cn\/wp-content\/uploads\/2020\/02\/petstar-logo.webp","contentUrl":"https:\/\/petproducts.com.cn\/wp-content\/uploads\/2020\/02\/petstar-logo.webp","width":779,"height":520,"caption":"Petstar"},"image":{"@id":"https:\/\/petproducts.com.cn\/#\/schema\/logo\/image\/"}}]}},"_links":{"self":[{"href":"https:\/\/petproducts.com.cn\/es\/wp-json\/wp\/v2\/product\/24791","targetHints":{"allow":["GET"]}}],"collection":[{"href":"https:\/\/petproducts.com.cn\/es\/wp-json\/wp\/v2\/product"}],"about":[{"href":"https:\/\/petproducts.com.cn\/es\/wp-json\/wp\/v2\/types\/product"}],"version-history":[{"count":3,"href":"https:\/\/petproducts.com.cn\/es\/wp-json\/wp\/v2\/product\/24791\/revisions"}],"predecessor-version":[{"id":24795,"href":"https:\/\/petproducts.com.cn\/es\/wp-json\/wp\/v2\/product\/24791\/revisions\/24795"}],"wp:featuredmedia":[{"embeddable":true,"href":"https:\/\/petproducts.com.cn\/es\/wp-json\/wp\/v2\/media\/24799"}],"wp:attachment":[{"href":"https:\/\/petproducts.com.cn\/es\/wp-json\/wp\/v2\/media?parent=24791"}],"wp:term":[{"taxonomy":"product_brand","embeddable":true,"href":"https:\/\/petproducts.com.cn\/es\/wp-json\/wp\/v2\/product_brand?post=24791"},{"taxonomy":"product_cat","embeddable":true,"href":"https:\/\/petproducts.com.cn\/es\/wp-json\/wp\/v2\/product_cat?post=24791"},{"taxonomy":"product_tag","embeddable":true,"href":"https:\/\/petproducts.com.cn\/es\/wp-json\/wp\/v2\/product_tag?post=24791"}],"curies":[{"name":"wp","href":"https:\/\/api.w.org\/{rel}","templated":true}]}}