{"id":25144,"date":"2024-06-20T03:02:23","date_gmt":"2024-06-20T03:02:23","guid":{"rendered":"https:\/\/petproducts.com.cn\/?post_type=product&#038;p=25144"},"modified":"2024-06-20T05:31:13","modified_gmt":"2024-06-20T05:31:13","slug":"dog-best-shampoo-deodorizing-dog-pet-shampoos","status":"publish","type":"product","link":"https:\/\/petproducts.com.cn\/es\/product\/dog-best-shampoo-deodorizing-dog-pet-shampoos\/","title":{"rendered":"Dog Best Shampoo Champ\u00fas desodorizantes para perros y mascotas"},"content":{"rendered":"<h2><strong>Caracter\u00edsticas del mejor champ\u00fa para perros<\/strong><\/h2>\n<ul>\n<li><strong>Mantiene el equilibrio natural del pH de la piel<\/strong> Apreciar\u00e1 c\u00f3mo nuestro champ\u00fa para perros mantiene el equilibrio natural del pH de la piel de su mascota. Esto garantiza que la piel de su perro se mantenga sana y evita la sequedad y la irritaci\u00f3n. Su f\u00f3rmula suave es perfecta para un uso regular y favorece la salud de la piel a largo plazo.<\/li>\n<li><strong>Alivia el picor y las molestias<\/strong> Notar\u00e1 un alivio inmediato del picor y las molestias de su perro con nuestra f\u00f3rmula especializada. Al abordar las causas fundamentales de la irritaci\u00f3n cut\u00e1nea, nuestro champ\u00fa calma la piel de su mascota, proporcion\u00e1ndole una experiencia m\u00e1s c\u00f3moda y agradable. Esto convierte la hora del ba\u00f1o en una rutina relajante para su perro.<\/li>\n<li><strong>Control eficaz de olores<\/strong> Disfrutar\u00e1 de una mascota con un olor fresco gracias a las propiedades desodorizantes de nuestro champ\u00fa para perros. Elimina eficazmente los olores desagradables, dejando a su perro un aroma fresco y duradero. De este modo, su hogar ser\u00e1 agradable y su mascota estar\u00e1 siempre dispuesta a recibir mimos.<\/li>\n<li><strong>Fragancia fresca y tonificante<\/strong> Le encantar\u00e1 la fragancia limpia y fresca que nuestro champ\u00fa proporciona al pelo de su perro. El agradable aroma no es abrumador, pero proporciona un frescor perceptible que perdura entre ba\u00f1os. Esto ayuda a mantener el buen olor de su mascota sin necesidad de fragancias adicionales.<\/li>\n<li><strong>Alivia las reacciones al\u00e9rgicas<\/strong> Nuestro champ\u00fa es ideal para perros con piel sensible o alergias. Su f\u00f3rmula hipoalerg\u00e9nica calma y reduce las reacciones al\u00e9rgicas, proporcionando confort a su mascota. Esto lo convierte en una elecci\u00f3n segura y eficaz para mascotas con necesidades especiales de cuidado de la piel.<\/li>\n<li><strong>Ingredientes seguros y no t\u00f3xicos<\/strong> Tendr\u00e1 la tranquilidad de saber que nuestro mejor champ\u00fa para perros est\u00e1 elaborado con ingredientes seguros y no t\u00f3xicos. Su f\u00f3rmula suave garantiza que no contiene sustancias qu\u00edmicas nocivas, por lo que es adecuado para todas las razas y edades de perros. Protege la salud de su mascota a la vez que proporciona excelentes resultados de aseo.<\/li>\n<\/ul>","protected":false},"excerpt":{"rendered":"<p>Somos fabricantes de cepillos para mascotas con m\u00e1s de 20 a\u00f1os de experiencia. Ofrecemos opciones de personalizaci\u00f3n de color, tama\u00f1o, tela, patr\u00f3n, logotipo y otras caracter\u00edsticas.<\/p>","protected":false},"featured_media":25149,"template":"","meta":{"_acf_changed":false},"product_brand":[],"product_cat":[137,71,136,72],"product_tag":[139,140],"class_list":{"0":"post-25144","1":"product","2":"type-product","3":"status-publish","4":"has-post-thumbnail","6":"product_cat-cat-grooming-cleaning-supplies","7":"product_cat-cat-supplies","8":"product_cat-dog-grooming-cleaning-supplies","9":"product_cat-dog-supplies","10":"product_tag-cat-grooming-cleaning-supplies","11":"product_tag-dog-grooming-cleaning-supplies","13":"first","14":"instock","15":"shipping-taxable","16":"product-type-simple"},"acf":[],"yoast_head":"<!-- This site is optimized with the Yoast SEO plugin v27.1.1 - https:\/\/yoast.com\/product\/yoast-seo-wordpress\/ -->\n<title>Dog Best Shampoo | Pet Shampoos Manufacturer - Petstar - Petstar<\/title>\n<meta name=\"description\" content=\"Explore dog best shampoo, deodorizing dog shampoo, and pet shampoos directly from the manufacturer. Your ideal business solution with Petstar.\" \/>\n<meta name=\"robots\" content=\"index, follow, max-snippet:-1, max-image-preview:large, max-video-preview:-1\" \/>\n<link rel=\"canonical\" href=\"https:\/\/petproducts.com.cn\/es\/producto\/dog-best-shampoo-deodorizing-dog-pet-shampoos\/\" \/>\n<meta property=\"og:locale\" content=\"es_ES\" \/>\n<meta property=\"og:type\" content=\"article\" \/>\n<meta property=\"og:title\" content=\"Dog Best Shampoo | Pet Shampoos Manufacturer - Petstar - Petstar\" \/>\n<meta property=\"og:description\" content=\"Explore dog best shampoo, deodorizing dog shampoo, and pet shampoos directly from the manufacturer. Your ideal business solution with Petstar.\" \/>\n<meta property=\"og:url\" content=\"https:\/\/petproducts.com.cn\/es\/producto\/dog-best-shampoo-deodorizing-dog-pet-shampoos\/\" \/>\n<meta property=\"og:site_name\" content=\"Petstar\" \/>\n<meta property=\"article:modified_time\" content=\"2024-06-20T05:31:13+00:00\" \/>\n<meta property=\"og:image\" content=\"https:\/\/petproducts.com.cn\/wp-content\/uploads\/2024\/06\/dog-best-shampoo.webp\" \/>\n\t<meta property=\"og:image:width\" content=\"800\" \/>\n\t<meta property=\"og:image:height\" content=\"800\" \/>\n\t<meta property=\"og:image:type\" content=\"image\/webp\" \/>\n<meta name=\"twitter:card\" content=\"summary_large_image\" \/>\n<meta name=\"twitter:label1\" content=\"Tiempo de lectura\" \/>\n\t<meta name=\"twitter:data1\" content=\"2 minutos\" \/>\n<script type=\"application\/ld+json\" class=\"yoast-schema-graph\">{\"@context\":\"https:\/\/schema.org\",\"@graph\":[{\"@type\":\"WebPage\",\"@id\":\"https:\/\/petproducts.com.cn\/product\/dog-best-shampoo-deodorizing-dog-pet-shampoos\/\",\"url\":\"https:\/\/petproducts.com.cn\/product\/dog-best-shampoo-deodorizing-dog-pet-shampoos\/\",\"name\":\"Dog Best Shampoo | Pet Shampoos Manufacturer - Petstar - Petstar\",\"isPartOf\":{\"@id\":\"https:\/\/petproducts.com.cn\/#website\"},\"primaryImageOfPage\":{\"@id\":\"https:\/\/petproducts.com.cn\/product\/dog-best-shampoo-deodorizing-dog-pet-shampoos\/#primaryimage\"},\"image\":{\"@id\":\"https:\/\/petproducts.com.cn\/product\/dog-best-shampoo-deodorizing-dog-pet-shampoos\/#primaryimage\"},\"thumbnailUrl\":\"https:\/\/petproducts.com.cn\/wp-content\/uploads\/2024\/06\/dog-best-shampoo.webp\",\"datePublished\":\"2024-06-20T03:02:23+00:00\",\"dateModified\":\"2024-06-20T05:31:13+00:00\",\"description\":\"Explore dog best shampoo, deodorizing dog shampoo, and pet shampoos directly from the manufacturer. Your ideal business solution with Petstar.\",\"breadcrumb\":{\"@id\":\"https:\/\/petproducts.com.cn\/product\/dog-best-shampoo-deodorizing-dog-pet-shampoos\/#breadcrumb\"},\"inLanguage\":\"es\",\"potentialAction\":[{\"@type\":\"ReadAction\",\"target\":[\"https:\/\/petproducts.com.cn\/product\/dog-best-shampoo-deodorizing-dog-pet-shampoos\/\"]}]},{\"@type\":\"ImageObject\",\"inLanguage\":\"es\",\"@id\":\"https:\/\/petproducts.com.cn\/product\/dog-best-shampoo-deodorizing-dog-pet-shampoos\/#primaryimage\",\"url\":\"https:\/\/petproducts.com.cn\/wp-content\/uploads\/2024\/06\/dog-best-shampoo.webp\",\"contentUrl\":\"https:\/\/petproducts.com.cn\/wp-content\/uploads\/2024\/06\/dog-best-shampoo.webp\",\"width\":800,\"height\":800,\"caption\":\"dog best shampoo\"},{\"@type\":\"BreadcrumbList\",\"@id\":\"https:\/\/petproducts.com.cn\/product\/dog-best-shampoo-deodorizing-dog-pet-shampoos\/#breadcrumb\",\"itemListElement\":[{\"@type\":\"ListItem\",\"position\":1,\"name\":\"HOME\",\"item\":\"https:\/\/petproducts.com.cn\/\"},{\"@type\":\"ListItem\",\"position\":2,\"name\":\"Products\",\"item\":\"https:\/\/petproducts.com.cn\/shop\/\"},{\"@type\":\"ListItem\",\"position\":3,\"name\":\"Dog Grooming &amp; Cleaning Supplies\",\"item\":\"https:\/\/petproducts.com.cn\/product-category\/dog-grooming-cleaning-supplies\/\"},{\"@type\":\"ListItem\",\"position\":4,\"name\":\"Dog Best Shampoo Deodorizing Dog Pet Shampoos\"}]},{\"@type\":\"WebSite\",\"@id\":\"https:\/\/petproducts.com.cn\/#website\",\"url\":\"https:\/\/petproducts.com.cn\/\",\"name\":\"Petstar\",\"description\":\"Leading Pet Supplies Manufacturer &amp; OEM Pet Products Supplier\",\"publisher\":{\"@id\":\"https:\/\/petproducts.com.cn\/#organization\"},\"alternateName\":\"Petstar Pet Supplies\",\"potentialAction\":[{\"@type\":\"SearchAction\",\"target\":{\"@type\":\"EntryPoint\",\"urlTemplate\":\"https:\/\/petproducts.com.cn\/?s={search_term_string}\"},\"query-input\":{\"@type\":\"PropertyValueSpecification\",\"valueRequired\":true,\"valueName\":\"search_term_string\"}}],\"inLanguage\":\"es\"},{\"@type\":\"Organization\",\"@id\":\"https:\/\/petproducts.com.cn\/#organization\",\"name\":\"Petstar\",\"url\":\"https:\/\/petproducts.com.cn\/\",\"logo\":{\"@type\":\"ImageObject\",\"inLanguage\":\"es\",\"@id\":\"https:\/\/petproducts.com.cn\/#\/schema\/logo\/image\/\",\"url\":\"https:\/\/petproducts.com.cn\/wp-content\/uploads\/2020\/02\/petstar-logo.webp\",\"contentUrl\":\"https:\/\/petproducts.com.cn\/wp-content\/uploads\/2020\/02\/petstar-logo.webp\",\"width\":779,\"height\":520,\"caption\":\"Petstar\"},\"image\":{\"@id\":\"https:\/\/petproducts.com.cn\/#\/schema\/logo\/image\/\"}}]}<\/script>\n<!-- \/ Yoast SEO plugin. -->","yoast_head_json":{"title":"Perro Mejor Champ\u00fa | Fabricante de champ\u00fas para mascotas - Petstar - Petstar","description":"Explore el mejor champ\u00fa para perros, champ\u00fa desodorante para perros y champ\u00fas para mascotas directamente del fabricante. Su soluci\u00f3n comercial ideal con Petstar.","robots":{"index":"index","follow":"follow","max-snippet":"max-snippet:-1","max-image-preview":"max-image-preview:large","max-video-preview":"max-video-preview:-1"},"canonical":"https:\/\/petproducts.com.cn\/es\/producto\/dog-best-shampoo-deodorizing-dog-pet-shampoos\/","og_locale":"es_ES","og_type":"article","og_title":"Dog Best Shampoo | Pet Shampoos Manufacturer - Petstar - Petstar","og_description":"Explore dog best shampoo, deodorizing dog shampoo, and pet shampoos directly from the manufacturer. Your ideal business solution with Petstar.","og_url":"https:\/\/petproducts.com.cn\/es\/producto\/dog-best-shampoo-deodorizing-dog-pet-shampoos\/","og_site_name":"Petstar","article_modified_time":"2024-06-20T05:31:13+00:00","og_image":[{"width":800,"height":800,"url":"https:\/\/petproducts.com.cn\/wp-content\/uploads\/2024\/06\/dog-best-shampoo.webp","type":"image\/webp"}],"twitter_card":"summary_large_image","twitter_misc":{"Tiempo de lectura":"2 minutos"},"schema":{"@context":"https:\/\/schema.org","@graph":[{"@type":"WebPage","@id":"https:\/\/petproducts.com.cn\/product\/dog-best-shampoo-deodorizing-dog-pet-shampoos\/","url":"https:\/\/petproducts.com.cn\/product\/dog-best-shampoo-deodorizing-dog-pet-shampoos\/","name":"Perro Mejor Champ\u00fa | Fabricante de champ\u00fas para mascotas - Petstar - Petstar","isPartOf":{"@id":"https:\/\/petproducts.com.cn\/#website"},"primaryImageOfPage":{"@id":"https:\/\/petproducts.com.cn\/product\/dog-best-shampoo-deodorizing-dog-pet-shampoos\/#primaryimage"},"image":{"@id":"https:\/\/petproducts.com.cn\/product\/dog-best-shampoo-deodorizing-dog-pet-shampoos\/#primaryimage"},"thumbnailUrl":"https:\/\/petproducts.com.cn\/wp-content\/uploads\/2024\/06\/dog-best-shampoo.webp","datePublished":"2024-06-20T03:02:23+00:00","dateModified":"2024-06-20T05:31:13+00:00","description":"Explore el mejor champ\u00fa para perros, champ\u00fa desodorante para perros y champ\u00fas para mascotas directamente del fabricante. Su soluci\u00f3n comercial ideal con Petstar.","breadcrumb":{"@id":"https:\/\/petproducts.com.cn\/product\/dog-best-shampoo-deodorizing-dog-pet-shampoos\/#breadcrumb"},"inLanguage":"es","potentialAction":[{"@type":"ReadAction","target":["https:\/\/petproducts.com.cn\/product\/dog-best-shampoo-deodorizing-dog-pet-shampoos\/"]}]},{"@type":"ImageObject","inLanguage":"es","@id":"https:\/\/petproducts.com.cn\/product\/dog-best-shampoo-deodorizing-dog-pet-shampoos\/#primaryimage","url":"https:\/\/petproducts.com.cn\/wp-content\/uploads\/2024\/06\/dog-best-shampoo.webp","contentUrl":"https:\/\/petproducts.com.cn\/wp-content\/uploads\/2024\/06\/dog-best-shampoo.webp","width":800,"height":800,"caption":"dog best shampoo"},{"@type":"BreadcrumbList","@id":"https:\/\/petproducts.com.cn\/product\/dog-best-shampoo-deodorizing-dog-pet-shampoos\/#breadcrumb","itemListElement":[{"@type":"ListItem","position":1,"name":"HOME","item":"https:\/\/petproducts.com.cn\/"},{"@type":"ListItem","position":2,"name":"Products","item":"https:\/\/petproducts.com.cn\/shop\/"},{"@type":"ListItem","position":3,"name":"Dog Grooming &amp; Cleaning Supplies","item":"https:\/\/petproducts.com.cn\/product-category\/dog-grooming-cleaning-supplies\/"},{"@type":"ListItem","position":4,"name":"Dog Best Shampoo Deodorizing Dog Pet Shampoos"}]},{"@type":"WebSite","@id":"https:\/\/petproducts.com.cn\/#website","url":"https:\/\/petproducts.com.cn\/","name":"Petstar","description":"Fabricante l\u00edder de art\u00edculos para mascotas y proveedor OEM de productos para mascotas","publisher":{"@id":"https:\/\/petproducts.com.cn\/#organization"},"alternateName":"Petstar Pet Supplies","potentialAction":[{"@type":"SearchAction","target":{"@type":"EntryPoint","urlTemplate":"https:\/\/petproducts.com.cn\/?s={search_term_string}"},"query-input":{"@type":"PropertyValueSpecification","valueRequired":true,"valueName":"search_term_string"}}],"inLanguage":"es"},{"@type":"Organization","@id":"https:\/\/petproducts.com.cn\/#organization","name":"Petstar","url":"https:\/\/petproducts.com.cn\/","logo":{"@type":"ImageObject","inLanguage":"es","@id":"https:\/\/petproducts.com.cn\/#\/schema\/logo\/image\/","url":"https:\/\/petproducts.com.cn\/wp-content\/uploads\/2020\/02\/petstar-logo.webp","contentUrl":"https:\/\/petproducts.com.cn\/wp-content\/uploads\/2020\/02\/petstar-logo.webp","width":779,"height":520,"caption":"Petstar"},"image":{"@id":"https:\/\/petproducts.com.cn\/#\/schema\/logo\/image\/"}}]}},"_links":{"self":[{"href":"https:\/\/petproducts.com.cn\/es\/wp-json\/wp\/v2\/product\/25144","targetHints":{"allow":["GET"]}}],"collection":[{"href":"https:\/\/petproducts.com.cn\/es\/wp-json\/wp\/v2\/product"}],"about":[{"href":"https:\/\/petproducts.com.cn\/es\/wp-json\/wp\/v2\/types\/product"}],"version-history":[{"count":2,"href":"https:\/\/petproducts.com.cn\/es\/wp-json\/wp\/v2\/product\/25144\/revisions"}],"predecessor-version":[{"id":25146,"href":"https:\/\/petproducts.com.cn\/es\/wp-json\/wp\/v2\/product\/25144\/revisions\/25146"}],"wp:featuredmedia":[{"embeddable":true,"href":"https:\/\/petproducts.com.cn\/es\/wp-json\/wp\/v2\/media\/25149"}],"wp:attachment":[{"href":"https:\/\/petproducts.com.cn\/es\/wp-json\/wp\/v2\/media?parent=25144"}],"wp:term":[{"taxonomy":"product_brand","embeddable":true,"href":"https:\/\/petproducts.com.cn\/es\/wp-json\/wp\/v2\/product_brand?post=25144"},{"taxonomy":"product_cat","embeddable":true,"href":"https:\/\/petproducts.com.cn\/es\/wp-json\/wp\/v2\/product_cat?post=25144"},{"taxonomy":"product_tag","embeddable":true,"href":"https:\/\/petproducts.com.cn\/es\/wp-json\/wp\/v2\/product_tag?post=25144"}],"curies":[{"name":"wp","href":"https:\/\/api.w.org\/{rel}","templated":true}]}}