{"id":25398,"date":"2024-06-22T06:37:59","date_gmt":"2024-06-22T06:37:59","guid":{"rendered":"https:\/\/petproducts.com.cn\/?post_type=product&#038;p=25398"},"modified":"2024-06-22T07:09:53","modified_gmt":"2024-06-22T07:09:53","slug":"dog-antibacterial-spray-pet-antibacterial-spray","status":"publish","type":"product","link":"https:\/\/petproducts.com.cn\/es\/product\/dog-antibacterial-spray-pet-antibacterial-spray\/","title":{"rendered":"Spray antibacteriano para perros Spray antibacteriano para mascotas"},"content":{"rendered":"<h2><strong>Caracter\u00edsticas del spray antibacterias para perros<\/strong><\/h2>\n<ul>\n<li><strong>Control eficaz de olores<\/strong> Nuestro spray antibacterias para perros es muy eficaz para neutralizar los malos olores. Ataca de ra\u00edz las causas de los malos olores, garantizando que su mascota permanezca fresca y limpia. Esta caracter\u00edstica es especialmente \u00fatil despu\u00e9s de actividades al aire libre o entre ba\u00f1os.<\/li>\n<li><strong>Aroma fresco y duradero<\/strong> Apreciar\u00e1 el aroma fresco y vigorizante que proporciona nuestro spray antibacterias para mascotas. La fragancia es duradera, por lo que su mascota seguir\u00e1 oliendo bien durante mucho tiempo. Esto garantiza un agradable aroma en su hogar, mejorando el ambiente en general.<\/li>\n<li><strong>Ingredientes seguros y no t\u00f3xicos<\/strong> Tendr\u00e1 la tranquilidad de saber que nuestro spray antibacterias para mascotas est\u00e1 elaborado con ingredientes seguros y no t\u00f3xicos. Es suave con la piel y el pelo de su mascota, evitando cualquier posible irritaci\u00f3n o reacci\u00f3n al\u00e9rgica. Por eso es adecuado para mascotas de todas las razas y edades.<\/li>\n<li><strong>Protecci\u00f3n antibacteriana<\/strong> Se beneficiar\u00e1 de las propiedades antibacterianas de nuestro spray para perros. Elimina eficazmente las bacterias y los g\u00e9rmenes, promoviendo un entorno m\u00e1s saludable para su mascota. Esta protecci\u00f3n a\u00f1adida ayuda a prevenir infecciones y a mantener la higiene general.<\/li>\n<li><strong>F\u00e1cil de usar<\/strong> Nuestro spray antibacterias para mascotas es f\u00e1cil de aplicar. El c\u00f3modo envase en spray permite una aplicaci\u00f3n r\u00e1pida y uniforme, garantizando una cobertura total sin complicaciones. As\u00ed podr\u00e1 refrescar a su mascota sobre la marcha o despu\u00e9s de jugar.<\/li>\n<\/ul>","protected":false},"excerpt":{"rendered":"<p>Somos fabricantes de cepillos para mascotas con m\u00e1s de 20 a\u00f1os de experiencia. Ofrecemos opciones de personalizaci\u00f3n de color, tama\u00f1o, tela, patr\u00f3n, logotipo y otras caracter\u00edsticas.<\/p>","protected":false},"featured_media":25400,"template":"","meta":{"_acf_changed":false},"product_brand":[],"product_cat":[137,71,136,72],"product_tag":[139,140],"class_list":{"0":"post-25398","1":"product","2":"type-product","3":"status-publish","4":"has-post-thumbnail","6":"product_cat-cat-grooming-cleaning-supplies","7":"product_cat-cat-supplies","8":"product_cat-dog-grooming-cleaning-supplies","9":"product_cat-dog-supplies","10":"product_tag-cat-grooming-cleaning-supplies","11":"product_tag-dog-grooming-cleaning-supplies","13":"first","14":"instock","15":"shipping-taxable","16":"product-type-simple"},"acf":[],"yoast_head":"<!-- This site is optimized with the Yoast SEO plugin v27.1.1 - https:\/\/yoast.com\/product\/yoast-seo-wordpress\/ -->\n<title>Dog Antibacterial Spray | Pet Antibacterial Spray Manufacturer - Petstar - Petstar<\/title>\n<meta name=\"description\" content=\"Explore dog antibacterial spray, pet antibacterial spray, and dog sprays directly from the manufacturer. Your ideal business solution with Petstar.\" \/>\n<meta name=\"robots\" content=\"index, follow, max-snippet:-1, max-image-preview:large, max-video-preview:-1\" \/>\n<link rel=\"canonical\" href=\"https:\/\/petproducts.com.cn\/es\/producto\/dog-antibacterial-spray-pet-antibacterial-spray\/\" \/>\n<meta property=\"og:locale\" content=\"es_ES\" \/>\n<meta property=\"og:type\" content=\"article\" \/>\n<meta property=\"og:title\" content=\"Dog Antibacterial Spray | Pet Antibacterial Spray Manufacturer - Petstar - Petstar\" \/>\n<meta property=\"og:description\" content=\"Explore dog antibacterial spray, pet antibacterial spray, and dog sprays directly from the manufacturer. Your ideal business solution with Petstar.\" \/>\n<meta property=\"og:url\" content=\"https:\/\/petproducts.com.cn\/es\/producto\/dog-antibacterial-spray-pet-antibacterial-spray\/\" \/>\n<meta property=\"og:site_name\" content=\"Petstar\" \/>\n<meta property=\"article:modified_time\" content=\"2024-06-22T07:09:53+00:00\" \/>\n<meta property=\"og:image\" content=\"https:\/\/petproducts.com.cn\/wp-content\/uploads\/2024\/06\/dog-antibacterial-spray.webp\" \/>\n\t<meta property=\"og:image:width\" content=\"800\" \/>\n\t<meta property=\"og:image:height\" content=\"800\" \/>\n\t<meta property=\"og:image:type\" content=\"image\/webp\" \/>\n<meta name=\"twitter:card\" content=\"summary_large_image\" \/>\n<meta name=\"twitter:label1\" content=\"Tiempo de lectura\" \/>\n\t<meta name=\"twitter:data1\" content=\"2 minutos\" \/>\n<script type=\"application\/ld+json\" class=\"yoast-schema-graph\">{\"@context\":\"https:\/\/schema.org\",\"@graph\":[{\"@type\":\"WebPage\",\"@id\":\"https:\/\/petproducts.com.cn\/product\/dog-antibacterial-spray-pet-antibacterial-spray\/\",\"url\":\"https:\/\/petproducts.com.cn\/product\/dog-antibacterial-spray-pet-antibacterial-spray\/\",\"name\":\"Dog Antibacterial Spray | Pet Antibacterial Spray Manufacturer - Petstar - Petstar\",\"isPartOf\":{\"@id\":\"https:\/\/petproducts.com.cn\/#website\"},\"primaryImageOfPage\":{\"@id\":\"https:\/\/petproducts.com.cn\/product\/dog-antibacterial-spray-pet-antibacterial-spray\/#primaryimage\"},\"image\":{\"@id\":\"https:\/\/petproducts.com.cn\/product\/dog-antibacterial-spray-pet-antibacterial-spray\/#primaryimage\"},\"thumbnailUrl\":\"https:\/\/petproducts.com.cn\/wp-content\/uploads\/2024\/06\/dog-antibacterial-spray.webp\",\"datePublished\":\"2024-06-22T06:37:59+00:00\",\"dateModified\":\"2024-06-22T07:09:53+00:00\",\"description\":\"Explore dog antibacterial spray, pet antibacterial spray, and dog sprays directly from the manufacturer. Your ideal business solution with Petstar.\",\"breadcrumb\":{\"@id\":\"https:\/\/petproducts.com.cn\/product\/dog-antibacterial-spray-pet-antibacterial-spray\/#breadcrumb\"},\"inLanguage\":\"es\",\"potentialAction\":[{\"@type\":\"ReadAction\",\"target\":[\"https:\/\/petproducts.com.cn\/product\/dog-antibacterial-spray-pet-antibacterial-spray\/\"]}]},{\"@type\":\"ImageObject\",\"inLanguage\":\"es\",\"@id\":\"https:\/\/petproducts.com.cn\/product\/dog-antibacterial-spray-pet-antibacterial-spray\/#primaryimage\",\"url\":\"https:\/\/petproducts.com.cn\/wp-content\/uploads\/2024\/06\/dog-antibacterial-spray.webp\",\"contentUrl\":\"https:\/\/petproducts.com.cn\/wp-content\/uploads\/2024\/06\/dog-antibacterial-spray.webp\",\"width\":800,\"height\":800,\"caption\":\"dog antibacterial spray\"},{\"@type\":\"BreadcrumbList\",\"@id\":\"https:\/\/petproducts.com.cn\/product\/dog-antibacterial-spray-pet-antibacterial-spray\/#breadcrumb\",\"itemListElement\":[{\"@type\":\"ListItem\",\"position\":1,\"name\":\"HOME\",\"item\":\"https:\/\/petproducts.com.cn\/\"},{\"@type\":\"ListItem\",\"position\":2,\"name\":\"Products\",\"item\":\"https:\/\/petproducts.com.cn\/shop\/\"},{\"@type\":\"ListItem\",\"position\":3,\"name\":\"Dog Grooming &amp; Cleaning Supplies\",\"item\":\"https:\/\/petproducts.com.cn\/product-category\/dog-grooming-cleaning-supplies\/\"},{\"@type\":\"ListItem\",\"position\":4,\"name\":\"Dog Antibacterial Spray Pet Antibacterial Spray\"}]},{\"@type\":\"WebSite\",\"@id\":\"https:\/\/petproducts.com.cn\/#website\",\"url\":\"https:\/\/petproducts.com.cn\/\",\"name\":\"Petstar\",\"description\":\"Leading Pet Supplies Manufacturer &amp; OEM Pet Products Supplier\",\"publisher\":{\"@id\":\"https:\/\/petproducts.com.cn\/#organization\"},\"alternateName\":\"Petstar Pet Supplies\",\"potentialAction\":[{\"@type\":\"SearchAction\",\"target\":{\"@type\":\"EntryPoint\",\"urlTemplate\":\"https:\/\/petproducts.com.cn\/?s={search_term_string}\"},\"query-input\":{\"@type\":\"PropertyValueSpecification\",\"valueRequired\":true,\"valueName\":\"search_term_string\"}}],\"inLanguage\":\"es\"},{\"@type\":\"Organization\",\"@id\":\"https:\/\/petproducts.com.cn\/#organization\",\"name\":\"Petstar\",\"url\":\"https:\/\/petproducts.com.cn\/\",\"logo\":{\"@type\":\"ImageObject\",\"inLanguage\":\"es\",\"@id\":\"https:\/\/petproducts.com.cn\/#\/schema\/logo\/image\/\",\"url\":\"https:\/\/petproducts.com.cn\/wp-content\/uploads\/2020\/02\/petstar-logo.webp\",\"contentUrl\":\"https:\/\/petproducts.com.cn\/wp-content\/uploads\/2020\/02\/petstar-logo.webp\",\"width\":779,\"height\":520,\"caption\":\"Petstar\"},\"image\":{\"@id\":\"https:\/\/petproducts.com.cn\/#\/schema\/logo\/image\/\"}}]}<\/script>\n<!-- \/ Yoast SEO plugin. -->","yoast_head_json":{"title":"Spray antibacteriano para perros - Petstar - Petstar","description":"Explore el spray antibacterias para perros, el spray antibacterias para mascotas y los sprays para perros directamente del fabricante. Su soluci\u00f3n comercial ideal con Petstar.","robots":{"index":"index","follow":"follow","max-snippet":"max-snippet:-1","max-image-preview":"max-image-preview:large","max-video-preview":"max-video-preview:-1"},"canonical":"https:\/\/petproducts.com.cn\/es\/producto\/dog-antibacterial-spray-pet-antibacterial-spray\/","og_locale":"es_ES","og_type":"article","og_title":"Dog Antibacterial Spray | Pet Antibacterial Spray Manufacturer - Petstar - Petstar","og_description":"Explore dog antibacterial spray, pet antibacterial spray, and dog sprays directly from the manufacturer. Your ideal business solution with Petstar.","og_url":"https:\/\/petproducts.com.cn\/es\/producto\/dog-antibacterial-spray-pet-antibacterial-spray\/","og_site_name":"Petstar","article_modified_time":"2024-06-22T07:09:53+00:00","og_image":[{"width":800,"height":800,"url":"https:\/\/petproducts.com.cn\/wp-content\/uploads\/2024\/06\/dog-antibacterial-spray.webp","type":"image\/webp"}],"twitter_card":"summary_large_image","twitter_misc":{"Tiempo de lectura":"2 minutos"},"schema":{"@context":"https:\/\/schema.org","@graph":[{"@type":"WebPage","@id":"https:\/\/petproducts.com.cn\/product\/dog-antibacterial-spray-pet-antibacterial-spray\/","url":"https:\/\/petproducts.com.cn\/product\/dog-antibacterial-spray-pet-antibacterial-spray\/","name":"Spray antibacteriano para perros - Petstar - Petstar","isPartOf":{"@id":"https:\/\/petproducts.com.cn\/#website"},"primaryImageOfPage":{"@id":"https:\/\/petproducts.com.cn\/product\/dog-antibacterial-spray-pet-antibacterial-spray\/#primaryimage"},"image":{"@id":"https:\/\/petproducts.com.cn\/product\/dog-antibacterial-spray-pet-antibacterial-spray\/#primaryimage"},"thumbnailUrl":"https:\/\/petproducts.com.cn\/wp-content\/uploads\/2024\/06\/dog-antibacterial-spray.webp","datePublished":"2024-06-22T06:37:59+00:00","dateModified":"2024-06-22T07:09:53+00:00","description":"Explore el spray antibacterias para perros, el spray antibacterias para mascotas y los sprays para perros directamente del fabricante. Su soluci\u00f3n comercial ideal con Petstar.","breadcrumb":{"@id":"https:\/\/petproducts.com.cn\/product\/dog-antibacterial-spray-pet-antibacterial-spray\/#breadcrumb"},"inLanguage":"es","potentialAction":[{"@type":"ReadAction","target":["https:\/\/petproducts.com.cn\/product\/dog-antibacterial-spray-pet-antibacterial-spray\/"]}]},{"@type":"ImageObject","inLanguage":"es","@id":"https:\/\/petproducts.com.cn\/product\/dog-antibacterial-spray-pet-antibacterial-spray\/#primaryimage","url":"https:\/\/petproducts.com.cn\/wp-content\/uploads\/2024\/06\/dog-antibacterial-spray.webp","contentUrl":"https:\/\/petproducts.com.cn\/wp-content\/uploads\/2024\/06\/dog-antibacterial-spray.webp","width":800,"height":800,"caption":"dog antibacterial spray"},{"@type":"BreadcrumbList","@id":"https:\/\/petproducts.com.cn\/product\/dog-antibacterial-spray-pet-antibacterial-spray\/#breadcrumb","itemListElement":[{"@type":"ListItem","position":1,"name":"HOME","item":"https:\/\/petproducts.com.cn\/"},{"@type":"ListItem","position":2,"name":"Products","item":"https:\/\/petproducts.com.cn\/shop\/"},{"@type":"ListItem","position":3,"name":"Dog Grooming &amp; Cleaning Supplies","item":"https:\/\/petproducts.com.cn\/product-category\/dog-grooming-cleaning-supplies\/"},{"@type":"ListItem","position":4,"name":"Dog Antibacterial Spray Pet Antibacterial Spray"}]},{"@type":"WebSite","@id":"https:\/\/petproducts.com.cn\/#website","url":"https:\/\/petproducts.com.cn\/","name":"Petstar","description":"Fabricante l\u00edder de art\u00edculos para mascotas y proveedor OEM de productos para mascotas","publisher":{"@id":"https:\/\/petproducts.com.cn\/#organization"},"alternateName":"Petstar Pet Supplies","potentialAction":[{"@type":"SearchAction","target":{"@type":"EntryPoint","urlTemplate":"https:\/\/petproducts.com.cn\/?s={search_term_string}"},"query-input":{"@type":"PropertyValueSpecification","valueRequired":true,"valueName":"search_term_string"}}],"inLanguage":"es"},{"@type":"Organization","@id":"https:\/\/petproducts.com.cn\/#organization","name":"Petstar","url":"https:\/\/petproducts.com.cn\/","logo":{"@type":"ImageObject","inLanguage":"es","@id":"https:\/\/petproducts.com.cn\/#\/schema\/logo\/image\/","url":"https:\/\/petproducts.com.cn\/wp-content\/uploads\/2020\/02\/petstar-logo.webp","contentUrl":"https:\/\/petproducts.com.cn\/wp-content\/uploads\/2020\/02\/petstar-logo.webp","width":779,"height":520,"caption":"Petstar"},"image":{"@id":"https:\/\/petproducts.com.cn\/#\/schema\/logo\/image\/"}}]}},"_links":{"self":[{"href":"https:\/\/petproducts.com.cn\/es\/wp-json\/wp\/v2\/product\/25398","targetHints":{"allow":["GET"]}}],"collection":[{"href":"https:\/\/petproducts.com.cn\/es\/wp-json\/wp\/v2\/product"}],"about":[{"href":"https:\/\/petproducts.com.cn\/es\/wp-json\/wp\/v2\/types\/product"}],"version-history":[{"count":2,"href":"https:\/\/petproducts.com.cn\/es\/wp-json\/wp\/v2\/product\/25398\/revisions"}],"predecessor-version":[{"id":25406,"href":"https:\/\/petproducts.com.cn\/es\/wp-json\/wp\/v2\/product\/25398\/revisions\/25406"}],"wp:featuredmedia":[{"embeddable":true,"href":"https:\/\/petproducts.com.cn\/es\/wp-json\/wp\/v2\/media\/25400"}],"wp:attachment":[{"href":"https:\/\/petproducts.com.cn\/es\/wp-json\/wp\/v2\/media?parent=25398"}],"wp:term":[{"taxonomy":"product_brand","embeddable":true,"href":"https:\/\/petproducts.com.cn\/es\/wp-json\/wp\/v2\/product_brand?post=25398"},{"taxonomy":"product_cat","embeddable":true,"href":"https:\/\/petproducts.com.cn\/es\/wp-json\/wp\/v2\/product_cat?post=25398"},{"taxonomy":"product_tag","embeddable":true,"href":"https:\/\/petproducts.com.cn\/es\/wp-json\/wp\/v2\/product_tag?post=25398"}],"curies":[{"name":"wp","href":"https:\/\/api.w.org\/{rel}","templated":true}]}}