{"id":27133,"date":"2024-07-19T02:31:36","date_gmt":"2024-07-19T02:31:36","guid":{"rendered":"https:\/\/petproducts.com.cn\/?post_type=product&#038;p=27133"},"modified":"2024-07-19T03:15:58","modified_gmt":"2024-07-19T03:15:58","slug":"bunny-toy-loofah-pet-rabbit-toys","status":"publish","type":"product","link":"https:\/\/petproducts.com.cn\/es\/product\/bunny-toy-loofah-pet-rabbit-toys\/","title":{"rendered":"Conejito de juguete Loofah Pet Rabbit Toys"},"content":{"rendered":"<h2>Caracter\u00edsticas del conejito de juguete<\/h2>\n<ul>\n<li><strong>Material de lufa duradero<\/strong> Apreciar\u00e1 la durabilidad de este juguete para conejos, fabricado con material de lufa de alta calidad. Esta fibra natural es lo suficientemente resistente como para soportar la masticaci\u00f3n de su conejo, asegurando que el juguete dure m\u00e1s tiempo. Adem\u00e1s, la lufa es segura y no t\u00f3xica, por lo que es perfecta para que su mascota la roa sin preocupaciones.<\/li>\n<li><strong>Formas de verduras y frutas<\/strong> Le encantar\u00e1n las adorables formas de verduras y frutas de estos juguetes para conejos. Los divertidos dise\u00f1os, que incluyen zanahorias, manzanas y otras frutas, a\u00f1aden un toque de diversi\u00f3n a los juegos de su conejo. Estas simp\u00e1ticas formas no s\u00f3lo entretienen a su mascota, sino que tambi\u00e9n estimulan sus instintos naturales de b\u00fasqueda de comida.<\/li>\n<li><strong>Fomenta una masticaci\u00f3n sana<\/strong> Comprobar\u00e1 que este juguete de esponja vegetal fomenta h\u00e1bitos masticatorios saludables en su conejo. Masticar es esencial para mantener una buena salud dental en los conejos, y estos juguetes proporcionan una forma segura y divertida de hacerlo. Al ofrecer estos juguetes, ayuda a prevenir el crecimiento excesivo de los dientes y los problemas de salud relacionados.<\/li>\n<li><strong>Favorece la estimulaci\u00f3n mental<\/strong> Notar\u00e1 un aumento de la estimulaci\u00f3n mental de su conejo con estos atractivos juguetes de lufa. Las formas y texturas interesantes mantienen a su mascota entretenida y mentalmente activa. Este compromiso mental es crucial para prevenir el aburrimiento y promover el bienestar general.<\/li>\n<li><strong>F\u00e1cil de manejar y ligero<\/strong> Estos juguetes para conejos son f\u00e1ciles de manejar gracias a su ligereza. El material de lufa los hace lo suficientemente ligeros para que su conejo los lleve y los lance, proporcion\u00e1ndole horas de juego interactivo. Esta facilidad de manejo garantiza que su mascota se mantenga ocupada y feliz.<\/li>\n<\/ul>","protected":false},"excerpt":{"rendered":"<p>Los juguetes para conejos Bunny Toy Loofah Pet proporcionan un complemento divertido, seguro y beneficioso para el tiempo de juego de los conejos.<\/p>","protected":false},"featured_media":27136,"template":"","meta":{"_acf_changed":false},"product_brand":[],"product_cat":[157,158,164,156],"product_tag":[165,160],"class_list":{"0":"post-27133","1":"product","2":"type-product","3":"status-publish","4":"has-post-thumbnail","6":"product_cat-hamster-supplies","7":"product_cat-other-animal-supplies","8":"product_cat-rabbit-supplies","9":"product_cat-small-animal-supplies","10":"product_tag-rabbit-supplies","11":"product_tag-small-animal-supplies","13":"first","14":"instock","15":"shipping-taxable","16":"product-type-simple"},"acf":[],"yoast_head":"<!-- This site is optimized with the Yoast SEO plugin v27.1.1 - https:\/\/yoast.com\/product\/yoast-seo-wordpress\/ -->\n<title>Bunny Toy | Pet Rabbit Toys Manufacturer - Petstar<\/title>\n<meta name=\"description\" content=\"Explore bunny toy, pet rabbit toys, loofah toy rabbits from the rabbit supplies manufacturer. Your ideal business solution with Petstar.\" \/>\n<meta name=\"robots\" content=\"index, follow, max-snippet:-1, max-image-preview:large, max-video-preview:-1\" \/>\n<link rel=\"canonical\" href=\"https:\/\/petproducts.com.cn\/es\/producto\/bunny-toy-loofah-pet-rabbit-toys\/\" \/>\n<meta property=\"og:locale\" content=\"es_ES\" \/>\n<meta property=\"og:type\" content=\"article\" \/>\n<meta property=\"og:title\" content=\"Bunny Toy | Pet Rabbit Toys Manufacturer - Petstar\" \/>\n<meta property=\"og:description\" content=\"Explore bunny toy, pet rabbit toys, loofah toy rabbits from the rabbit supplies manufacturer. Your ideal business solution with Petstar.\" \/>\n<meta property=\"og:url\" content=\"https:\/\/petproducts.com.cn\/es\/producto\/bunny-toy-loofah-pet-rabbit-toys\/\" \/>\n<meta property=\"og:site_name\" content=\"Petstar\" \/>\n<meta property=\"article:modified_time\" content=\"2024-07-19T03:15:58+00:00\" \/>\n<meta property=\"og:image\" content=\"https:\/\/petproducts.com.cn\/wp-content\/uploads\/2024\/07\/bunny-toy.webp\" \/>\n\t<meta property=\"og:image:width\" content=\"1000\" \/>\n\t<meta property=\"og:image:height\" content=\"1000\" \/>\n\t<meta property=\"og:image:type\" content=\"image\/webp\" \/>\n<meta name=\"twitter:card\" content=\"summary_large_image\" \/>\n<meta name=\"twitter:label1\" content=\"Tiempo de lectura\" \/>\n\t<meta name=\"twitter:data1\" content=\"2 minutos\" \/>\n<script type=\"application\/ld+json\" class=\"yoast-schema-graph\">{\"@context\":\"https:\/\/schema.org\",\"@graph\":[{\"@type\":\"WebPage\",\"@id\":\"https:\/\/petproducts.com.cn\/product\/bunny-toy-loofah-pet-rabbit-toys\/\",\"url\":\"https:\/\/petproducts.com.cn\/product\/bunny-toy-loofah-pet-rabbit-toys\/\",\"name\":\"Bunny Toy | Pet Rabbit Toys Manufacturer - Petstar\",\"isPartOf\":{\"@id\":\"https:\/\/petproducts.com.cn\/#website\"},\"primaryImageOfPage\":{\"@id\":\"https:\/\/petproducts.com.cn\/product\/bunny-toy-loofah-pet-rabbit-toys\/#primaryimage\"},\"image\":{\"@id\":\"https:\/\/petproducts.com.cn\/product\/bunny-toy-loofah-pet-rabbit-toys\/#primaryimage\"},\"thumbnailUrl\":\"https:\/\/petproducts.com.cn\/wp-content\/uploads\/2024\/07\/bunny-toy.webp\",\"datePublished\":\"2024-07-19T02:31:36+00:00\",\"dateModified\":\"2024-07-19T03:15:58+00:00\",\"description\":\"Explore bunny toy, pet rabbit toys, loofah toy rabbits from the rabbit supplies manufacturer. Your ideal business solution with Petstar.\",\"breadcrumb\":{\"@id\":\"https:\/\/petproducts.com.cn\/product\/bunny-toy-loofah-pet-rabbit-toys\/#breadcrumb\"},\"inLanguage\":\"es\",\"potentialAction\":[{\"@type\":\"ReadAction\",\"target\":[\"https:\/\/petproducts.com.cn\/product\/bunny-toy-loofah-pet-rabbit-toys\/\"]}]},{\"@type\":\"ImageObject\",\"inLanguage\":\"es\",\"@id\":\"https:\/\/petproducts.com.cn\/product\/bunny-toy-loofah-pet-rabbit-toys\/#primaryimage\",\"url\":\"https:\/\/petproducts.com.cn\/wp-content\/uploads\/2024\/07\/bunny-toy.webp\",\"contentUrl\":\"https:\/\/petproducts.com.cn\/wp-content\/uploads\/2024\/07\/bunny-toy.webp\",\"width\":1000,\"height\":1000,\"caption\":\"bunny toy\"},{\"@type\":\"BreadcrumbList\",\"@id\":\"https:\/\/petproducts.com.cn\/product\/bunny-toy-loofah-pet-rabbit-toys\/#breadcrumb\",\"itemListElement\":[{\"@type\":\"ListItem\",\"position\":1,\"name\":\"HOME\",\"item\":\"https:\/\/petproducts.com.cn\/\"},{\"@type\":\"ListItem\",\"position\":2,\"name\":\"Products\",\"item\":\"https:\/\/petproducts.com.cn\/shop\/\"},{\"@type\":\"ListItem\",\"position\":3,\"name\":\"Rabbit Supplies\",\"item\":\"https:\/\/petproducts.com.cn\/product-category\/rabbit-supplies\/\"},{\"@type\":\"ListItem\",\"position\":4,\"name\":\"Bunny Toy Loofah Pet Rabbit Toys\"}]},{\"@type\":\"WebSite\",\"@id\":\"https:\/\/petproducts.com.cn\/#website\",\"url\":\"https:\/\/petproducts.com.cn\/\",\"name\":\"Petstar\",\"description\":\"Leading Pet Supplies Manufacturer &amp; OEM Pet Products Supplier\",\"publisher\":{\"@id\":\"https:\/\/petproducts.com.cn\/#organization\"},\"alternateName\":\"Petstar Pet Supplies\",\"potentialAction\":[{\"@type\":\"SearchAction\",\"target\":{\"@type\":\"EntryPoint\",\"urlTemplate\":\"https:\/\/petproducts.com.cn\/?s={search_term_string}\"},\"query-input\":{\"@type\":\"PropertyValueSpecification\",\"valueRequired\":true,\"valueName\":\"search_term_string\"}}],\"inLanguage\":\"es\"},{\"@type\":\"Organization\",\"@id\":\"https:\/\/petproducts.com.cn\/#organization\",\"name\":\"Petstar\",\"url\":\"https:\/\/petproducts.com.cn\/\",\"logo\":{\"@type\":\"ImageObject\",\"inLanguage\":\"es\",\"@id\":\"https:\/\/petproducts.com.cn\/#\/schema\/logo\/image\/\",\"url\":\"https:\/\/petproducts.com.cn\/wp-content\/uploads\/2020\/02\/petstar-logo.webp\",\"contentUrl\":\"https:\/\/petproducts.com.cn\/wp-content\/uploads\/2020\/02\/petstar-logo.webp\",\"width\":779,\"height\":520,\"caption\":\"Petstar\"},\"image\":{\"@id\":\"https:\/\/petproducts.com.cn\/#\/schema\/logo\/image\/\"}}]}<\/script>\n<!-- \/ Yoast SEO plugin. -->","yoast_head_json":{"title":"Juguetes para conejos - Petstar","description":"Explorar conejito de juguete, juguetes para conejos de mascotas, conejos de juguete esponja vegetal del fabricante de suministros de conejo. Su soluci\u00f3n de negocio ideal con Petstar.","robots":{"index":"index","follow":"follow","max-snippet":"max-snippet:-1","max-image-preview":"max-image-preview:large","max-video-preview":"max-video-preview:-1"},"canonical":"https:\/\/petproducts.com.cn\/es\/producto\/bunny-toy-loofah-pet-rabbit-toys\/","og_locale":"es_ES","og_type":"article","og_title":"Bunny Toy | Pet Rabbit Toys Manufacturer - Petstar","og_description":"Explore bunny toy, pet rabbit toys, loofah toy rabbits from the rabbit supplies manufacturer. Your ideal business solution with Petstar.","og_url":"https:\/\/petproducts.com.cn\/es\/producto\/bunny-toy-loofah-pet-rabbit-toys\/","og_site_name":"Petstar","article_modified_time":"2024-07-19T03:15:58+00:00","og_image":[{"width":1000,"height":1000,"url":"https:\/\/petproducts.com.cn\/wp-content\/uploads\/2024\/07\/bunny-toy.webp","type":"image\/webp"}],"twitter_card":"summary_large_image","twitter_misc":{"Tiempo de lectura":"2 minutos"},"schema":{"@context":"https:\/\/schema.org","@graph":[{"@type":"WebPage","@id":"https:\/\/petproducts.com.cn\/product\/bunny-toy-loofah-pet-rabbit-toys\/","url":"https:\/\/petproducts.com.cn\/product\/bunny-toy-loofah-pet-rabbit-toys\/","name":"Juguetes para conejos - Petstar","isPartOf":{"@id":"https:\/\/petproducts.com.cn\/#website"},"primaryImageOfPage":{"@id":"https:\/\/petproducts.com.cn\/product\/bunny-toy-loofah-pet-rabbit-toys\/#primaryimage"},"image":{"@id":"https:\/\/petproducts.com.cn\/product\/bunny-toy-loofah-pet-rabbit-toys\/#primaryimage"},"thumbnailUrl":"https:\/\/petproducts.com.cn\/wp-content\/uploads\/2024\/07\/bunny-toy.webp","datePublished":"2024-07-19T02:31:36+00:00","dateModified":"2024-07-19T03:15:58+00:00","description":"Explorar conejito de juguete, juguetes para conejos de mascotas, conejos de juguete esponja vegetal del fabricante de suministros de conejo. Su soluci\u00f3n de negocio ideal con Petstar.","breadcrumb":{"@id":"https:\/\/petproducts.com.cn\/product\/bunny-toy-loofah-pet-rabbit-toys\/#breadcrumb"},"inLanguage":"es","potentialAction":[{"@type":"ReadAction","target":["https:\/\/petproducts.com.cn\/product\/bunny-toy-loofah-pet-rabbit-toys\/"]}]},{"@type":"ImageObject","inLanguage":"es","@id":"https:\/\/petproducts.com.cn\/product\/bunny-toy-loofah-pet-rabbit-toys\/#primaryimage","url":"https:\/\/petproducts.com.cn\/wp-content\/uploads\/2024\/07\/bunny-toy.webp","contentUrl":"https:\/\/petproducts.com.cn\/wp-content\/uploads\/2024\/07\/bunny-toy.webp","width":1000,"height":1000,"caption":"bunny toy"},{"@type":"BreadcrumbList","@id":"https:\/\/petproducts.com.cn\/product\/bunny-toy-loofah-pet-rabbit-toys\/#breadcrumb","itemListElement":[{"@type":"ListItem","position":1,"name":"HOME","item":"https:\/\/petproducts.com.cn\/"},{"@type":"ListItem","position":2,"name":"Products","item":"https:\/\/petproducts.com.cn\/shop\/"},{"@type":"ListItem","position":3,"name":"Rabbit Supplies","item":"https:\/\/petproducts.com.cn\/product-category\/rabbit-supplies\/"},{"@type":"ListItem","position":4,"name":"Bunny Toy Loofah Pet Rabbit Toys"}]},{"@type":"WebSite","@id":"https:\/\/petproducts.com.cn\/#website","url":"https:\/\/petproducts.com.cn\/","name":"Petstar","description":"Fabricante l\u00edder de art\u00edculos para mascotas y proveedor OEM de productos para mascotas","publisher":{"@id":"https:\/\/petproducts.com.cn\/#organization"},"alternateName":"Petstar Pet Supplies","potentialAction":[{"@type":"SearchAction","target":{"@type":"EntryPoint","urlTemplate":"https:\/\/petproducts.com.cn\/?s={search_term_string}"},"query-input":{"@type":"PropertyValueSpecification","valueRequired":true,"valueName":"search_term_string"}}],"inLanguage":"es"},{"@type":"Organization","@id":"https:\/\/petproducts.com.cn\/#organization","name":"Petstar","url":"https:\/\/petproducts.com.cn\/","logo":{"@type":"ImageObject","inLanguage":"es","@id":"https:\/\/petproducts.com.cn\/#\/schema\/logo\/image\/","url":"https:\/\/petproducts.com.cn\/wp-content\/uploads\/2020\/02\/petstar-logo.webp","contentUrl":"https:\/\/petproducts.com.cn\/wp-content\/uploads\/2020\/02\/petstar-logo.webp","width":779,"height":520,"caption":"Petstar"},"image":{"@id":"https:\/\/petproducts.com.cn\/#\/schema\/logo\/image\/"}}]}},"_links":{"self":[{"href":"https:\/\/petproducts.com.cn\/es\/wp-json\/wp\/v2\/product\/27133","targetHints":{"allow":["GET"]}}],"collection":[{"href":"https:\/\/petproducts.com.cn\/es\/wp-json\/wp\/v2\/product"}],"about":[{"href":"https:\/\/petproducts.com.cn\/es\/wp-json\/wp\/v2\/types\/product"}],"version-history":[{"count":4,"href":"https:\/\/petproducts.com.cn\/es\/wp-json\/wp\/v2\/product\/27133\/revisions"}],"predecessor-version":[{"id":27141,"href":"https:\/\/petproducts.com.cn\/es\/wp-json\/wp\/v2\/product\/27133\/revisions\/27141"}],"wp:featuredmedia":[{"embeddable":true,"href":"https:\/\/petproducts.com.cn\/es\/wp-json\/wp\/v2\/media\/27136"}],"wp:attachment":[{"href":"https:\/\/petproducts.com.cn\/es\/wp-json\/wp\/v2\/media?parent=27133"}],"wp:term":[{"taxonomy":"product_brand","embeddable":true,"href":"https:\/\/petproducts.com.cn\/es\/wp-json\/wp\/v2\/product_brand?post=27133"},{"taxonomy":"product_cat","embeddable":true,"href":"https:\/\/petproducts.com.cn\/es\/wp-json\/wp\/v2\/product_cat?post=27133"},{"taxonomy":"product_tag","embeddable":true,"href":"https:\/\/petproducts.com.cn\/es\/wp-json\/wp\/v2\/product_tag?post=27133"}],"curies":[{"name":"wp","href":"https:\/\/api.w.org\/{rel}","templated":true}]}}