{"id":27324,"date":"2024-07-24T05:53:29","date_gmt":"2024-07-24T05:53:29","guid":{"rendered":"https:\/\/petproducts.com.cn\/?post_type=product&#038;p=27324"},"modified":"2024-07-24T06:18:30","modified_gmt":"2024-07-24T06:18:30","slug":"plush-cat-toy-pet-cat-toys-with-catnip","status":"publish","type":"product","link":"https:\/\/petproducts.com.cn\/es\/product\/plush-cat-toy-pet-cat-toys-with-catnip\/","title":{"rendered":"Juguete de felpa para gatos Juguetes para gatos con hierba gatera"},"content":{"rendered":"<h2>Caracter\u00edsticas del juguete de felpa para gatos<\/h2>\n<ul>\n<li><strong>Material de felpa suave<\/strong> Le encantar\u00e1 el suave material de felpa de este juguete para gatos. El tejido de alta calidad garantiza un tacto suave, por lo que es perfecto para que su gato lo abrace y juegue con \u00e9l. Este juguete de felpa para gatos est\u00e1 dise\u00f1ado para proporcionar comodidad y entretenimiento, por lo que es imprescindible en su colecci\u00f3n de juguetes para gatos.<\/li>\n<li><strong>Con menta gatuna<\/strong> Encontrar\u00e1 este juguete a\u00fan m\u00e1s atractivo con la adici\u00f3n de hierba gatera. El juguete contiene hierba gatera de primera calidad, conocida por estimular y excitar a los gatos. Esta caracter\u00edstica hace que el juguete sea irresistible para su amigo felino, fomentando el juego activo y reduciendo el aburrimiento. Los juguetes para gatos con hierba gatera son esenciales para mantener a su gato ocupado y feliz.<\/li>\n<li><strong>Accesorio de plumas para mayor diversi\u00f3n<\/strong> Notar\u00e1 que el accesorio de plumas a\u00f1ade un elemento extra de diversi\u00f3n. La pluma se mueve tentadoramente, captando la atenci\u00f3n de su gato y fomentando sus instintos de caza. Esta caracter\u00edstica interactiva hace que el juguete de felpa para gatos sea m\u00e1s emocionante, proporcionando horas de entretenimiento para su mascota.<\/li>\n<li><strong>Duradero y seguro<\/strong> Apreciar\u00e1 la durabilidad y seguridad de este juguete para gatos. Fabricado con materiales no t\u00f3xicos, el juguete est\u00e1 dise\u00f1ado para resistir el juego vigoroso. Su resistente construcci\u00f3n garantiza una mayor duraci\u00f3n, incluso con el uso diario, lo que lo convierte en una opci\u00f3n fiable entre los juguetes para gatos.<\/li>\n<li><strong>Tama\u00f1o perfecto para todos los gatos<\/strong> Descubrir\u00e1 que este juguete tiene el tama\u00f1o perfecto para gatos de todas las edades y tama\u00f1os. Su dise\u00f1o compacto facilita que su gato lo lleve, lo bata y juegue con \u00e9l. Este tama\u00f1o vers\u00e1til asegura que es adecuado tanto para gatitos como para gatos adultos, proporcionando diversi\u00f3n sin fin para todos.<\/li>\n<\/ul>","protected":false},"excerpt":{"rendered":"<p>Los juguetes de felpa para gatos con hierba gatera ofrecen una excelente combinaci\u00f3n de comodidad, diversi\u00f3n y beneficios para la salud de su gato. Le encantar\u00e1 c\u00f3mo mantiene a su gato entretenido y activo, mientras que su amigo felino disfrutar\u00e1 del dise\u00f1o atractivo y estimulante.<\/p>","protected":false},"featured_media":27331,"template":"","meta":{"_acf_changed":false},"product_brand":[],"product_cat":[71,81],"product_tag":[86,180,181],"class_list":{"0":"post-27324","1":"product","2":"type-product","3":"status-publish","4":"has-post-thumbnail","6":"product_cat-cat-supplies","7":"product_cat-cat-toys","8":"product_tag-cat-toys","9":"product_tag-catnip-cat-toys","10":"product_tag-plush-cat-toys","12":"first","13":"instock","14":"shipping-taxable","15":"product-type-simple"},"acf":[],"yoast_head":"<!-- This site is optimized with the Yoast SEO plugin v27.1.1 - https:\/\/yoast.com\/product\/yoast-seo-wordpress\/ -->\n<title>Plush Cat Toy | Pet Cat Toys Manufacturer - Petstar<\/title>\n<meta name=\"description\" content=\"Explore plush cat toy, cat toys with catnip, pet cat toys from the manufacturer. Your ideal business solution with Petstar.\" \/>\n<meta name=\"robots\" content=\"index, follow, max-snippet:-1, max-image-preview:large, max-video-preview:-1\" \/>\n<link rel=\"canonical\" href=\"https:\/\/petproducts.com.cn\/es\/producto\/plush-cat-toy-pet-cat-toys-with-catnip\/\" \/>\n<meta property=\"og:locale\" content=\"es_ES\" \/>\n<meta property=\"og:type\" content=\"article\" \/>\n<meta property=\"og:title\" content=\"Plush Cat Toy | Pet Cat Toys Manufacturer - Petstar\" \/>\n<meta property=\"og:description\" content=\"Explore plush cat toy, cat toys with catnip, pet cat toys from the manufacturer. Your ideal business solution with Petstar.\" \/>\n<meta property=\"og:url\" content=\"https:\/\/petproducts.com.cn\/es\/producto\/plush-cat-toy-pet-cat-toys-with-catnip\/\" \/>\n<meta property=\"og:site_name\" content=\"Petstar\" \/>\n<meta property=\"article:modified_time\" content=\"2024-07-24T06:18:30+00:00\" \/>\n<meta property=\"og:image\" content=\"https:\/\/petproducts.com.cn\/wp-content\/uploads\/2024\/07\/plush-cat-toy.webp\" \/>\n\t<meta property=\"og:image:width\" content=\"1020\" \/>\n\t<meta property=\"og:image:height\" content=\"1000\" \/>\n\t<meta property=\"og:image:type\" content=\"image\/webp\" \/>\n<meta name=\"twitter:card\" content=\"summary_large_image\" \/>\n<meta name=\"twitter:label1\" content=\"Tiempo de lectura\" \/>\n\t<meta name=\"twitter:data1\" content=\"2 minutos\" \/>\n<script type=\"application\/ld+json\" class=\"yoast-schema-graph\">{\"@context\":\"https:\/\/schema.org\",\"@graph\":[{\"@type\":\"WebPage\",\"@id\":\"https:\/\/petproducts.com.cn\/product\/plush-cat-toy-pet-cat-toys-with-catnip\/\",\"url\":\"https:\/\/petproducts.com.cn\/product\/plush-cat-toy-pet-cat-toys-with-catnip\/\",\"name\":\"Plush Cat Toy | Pet Cat Toys Manufacturer - Petstar\",\"isPartOf\":{\"@id\":\"https:\/\/petproducts.com.cn\/#website\"},\"primaryImageOfPage\":{\"@id\":\"https:\/\/petproducts.com.cn\/product\/plush-cat-toy-pet-cat-toys-with-catnip\/#primaryimage\"},\"image\":{\"@id\":\"https:\/\/petproducts.com.cn\/product\/plush-cat-toy-pet-cat-toys-with-catnip\/#primaryimage\"},\"thumbnailUrl\":\"https:\/\/petproducts.com.cn\/wp-content\/uploads\/2024\/07\/plush-cat-toy.webp\",\"datePublished\":\"2024-07-24T05:53:29+00:00\",\"dateModified\":\"2024-07-24T06:18:30+00:00\",\"description\":\"Explore plush cat toy, cat toys with catnip, pet cat toys from the manufacturer. Your ideal business solution with Petstar.\",\"breadcrumb\":{\"@id\":\"https:\/\/petproducts.com.cn\/product\/plush-cat-toy-pet-cat-toys-with-catnip\/#breadcrumb\"},\"inLanguage\":\"es\",\"potentialAction\":[{\"@type\":\"ReadAction\",\"target\":[\"https:\/\/petproducts.com.cn\/product\/plush-cat-toy-pet-cat-toys-with-catnip\/\"]}]},{\"@type\":\"ImageObject\",\"inLanguage\":\"es\",\"@id\":\"https:\/\/petproducts.com.cn\/product\/plush-cat-toy-pet-cat-toys-with-catnip\/#primaryimage\",\"url\":\"https:\/\/petproducts.com.cn\/wp-content\/uploads\/2024\/07\/plush-cat-toy.webp\",\"contentUrl\":\"https:\/\/petproducts.com.cn\/wp-content\/uploads\/2024\/07\/plush-cat-toy.webp\",\"width\":1020,\"height\":1000,\"caption\":\"plush cat toy\"},{\"@type\":\"BreadcrumbList\",\"@id\":\"https:\/\/petproducts.com.cn\/product\/plush-cat-toy-pet-cat-toys-with-catnip\/#breadcrumb\",\"itemListElement\":[{\"@type\":\"ListItem\",\"position\":1,\"name\":\"HOME\",\"item\":\"https:\/\/petproducts.com.cn\/\"},{\"@type\":\"ListItem\",\"position\":2,\"name\":\"Products\",\"item\":\"https:\/\/petproducts.com.cn\/shop\/\"},{\"@type\":\"ListItem\",\"position\":3,\"name\":\"Cat Toys\",\"item\":\"https:\/\/petproducts.com.cn\/product-category\/cat-toys\/\"},{\"@type\":\"ListItem\",\"position\":4,\"name\":\"Plush Cat Toy Pet Cat Toys With Catnip\"}]},{\"@type\":\"WebSite\",\"@id\":\"https:\/\/petproducts.com.cn\/#website\",\"url\":\"https:\/\/petproducts.com.cn\/\",\"name\":\"Petstar\",\"description\":\"Leading Pet Supplies Manufacturer &amp; OEM Pet Products Supplier\",\"publisher\":{\"@id\":\"https:\/\/petproducts.com.cn\/#organization\"},\"alternateName\":\"Petstar Pet Supplies\",\"potentialAction\":[{\"@type\":\"SearchAction\",\"target\":{\"@type\":\"EntryPoint\",\"urlTemplate\":\"https:\/\/petproducts.com.cn\/?s={search_term_string}\"},\"query-input\":{\"@type\":\"PropertyValueSpecification\",\"valueRequired\":true,\"valueName\":\"search_term_string\"}}],\"inLanguage\":\"es\"},{\"@type\":\"Organization\",\"@id\":\"https:\/\/petproducts.com.cn\/#organization\",\"name\":\"Petstar\",\"url\":\"https:\/\/petproducts.com.cn\/\",\"logo\":{\"@type\":\"ImageObject\",\"inLanguage\":\"es\",\"@id\":\"https:\/\/petproducts.com.cn\/#\/schema\/logo\/image\/\",\"url\":\"https:\/\/petproducts.com.cn\/wp-content\/uploads\/2020\/02\/petstar-logo.webp\",\"contentUrl\":\"https:\/\/petproducts.com.cn\/wp-content\/uploads\/2020\/02\/petstar-logo.webp\",\"width\":779,\"height\":520,\"caption\":\"Petstar\"},\"image\":{\"@id\":\"https:\/\/petproducts.com.cn\/#\/schema\/logo\/image\/\"}}]}<\/script>\n<!-- \/ Yoast SEO plugin. -->","yoast_head_json":{"title":"Juguetes de felpa para gatos - Petstar","description":"Explorar juguete del gato de la felpa, juguetes del gato con catnip, juguetes del gato del animal dom\u00e9stico del fabricante. Su soluci\u00f3n de negocio ideal con Petstar.","robots":{"index":"index","follow":"follow","max-snippet":"max-snippet:-1","max-image-preview":"max-image-preview:large","max-video-preview":"max-video-preview:-1"},"canonical":"https:\/\/petproducts.com.cn\/es\/producto\/plush-cat-toy-pet-cat-toys-with-catnip\/","og_locale":"es_ES","og_type":"article","og_title":"Plush Cat Toy | Pet Cat Toys Manufacturer - Petstar","og_description":"Explore plush cat toy, cat toys with catnip, pet cat toys from the manufacturer. Your ideal business solution with Petstar.","og_url":"https:\/\/petproducts.com.cn\/es\/producto\/plush-cat-toy-pet-cat-toys-with-catnip\/","og_site_name":"Petstar","article_modified_time":"2024-07-24T06:18:30+00:00","og_image":[{"width":1020,"height":1000,"url":"https:\/\/petproducts.com.cn\/wp-content\/uploads\/2024\/07\/plush-cat-toy.webp","type":"image\/webp"}],"twitter_card":"summary_large_image","twitter_misc":{"Tiempo de lectura":"2 minutos"},"schema":{"@context":"https:\/\/schema.org","@graph":[{"@type":"WebPage","@id":"https:\/\/petproducts.com.cn\/product\/plush-cat-toy-pet-cat-toys-with-catnip\/","url":"https:\/\/petproducts.com.cn\/product\/plush-cat-toy-pet-cat-toys-with-catnip\/","name":"Juguetes de felpa para gatos - Petstar","isPartOf":{"@id":"https:\/\/petproducts.com.cn\/#website"},"primaryImageOfPage":{"@id":"https:\/\/petproducts.com.cn\/product\/plush-cat-toy-pet-cat-toys-with-catnip\/#primaryimage"},"image":{"@id":"https:\/\/petproducts.com.cn\/product\/plush-cat-toy-pet-cat-toys-with-catnip\/#primaryimage"},"thumbnailUrl":"https:\/\/petproducts.com.cn\/wp-content\/uploads\/2024\/07\/plush-cat-toy.webp","datePublished":"2024-07-24T05:53:29+00:00","dateModified":"2024-07-24T06:18:30+00:00","description":"Explorar juguete del gato de la felpa, juguetes del gato con catnip, juguetes del gato del animal dom\u00e9stico del fabricante. Su soluci\u00f3n de negocio ideal con Petstar.","breadcrumb":{"@id":"https:\/\/petproducts.com.cn\/product\/plush-cat-toy-pet-cat-toys-with-catnip\/#breadcrumb"},"inLanguage":"es","potentialAction":[{"@type":"ReadAction","target":["https:\/\/petproducts.com.cn\/product\/plush-cat-toy-pet-cat-toys-with-catnip\/"]}]},{"@type":"ImageObject","inLanguage":"es","@id":"https:\/\/petproducts.com.cn\/product\/plush-cat-toy-pet-cat-toys-with-catnip\/#primaryimage","url":"https:\/\/petproducts.com.cn\/wp-content\/uploads\/2024\/07\/plush-cat-toy.webp","contentUrl":"https:\/\/petproducts.com.cn\/wp-content\/uploads\/2024\/07\/plush-cat-toy.webp","width":1020,"height":1000,"caption":"plush cat toy"},{"@type":"BreadcrumbList","@id":"https:\/\/petproducts.com.cn\/product\/plush-cat-toy-pet-cat-toys-with-catnip\/#breadcrumb","itemListElement":[{"@type":"ListItem","position":1,"name":"HOME","item":"https:\/\/petproducts.com.cn\/"},{"@type":"ListItem","position":2,"name":"Products","item":"https:\/\/petproducts.com.cn\/shop\/"},{"@type":"ListItem","position":3,"name":"Cat Toys","item":"https:\/\/petproducts.com.cn\/product-category\/cat-toys\/"},{"@type":"ListItem","position":4,"name":"Plush Cat Toy Pet Cat Toys With Catnip"}]},{"@type":"WebSite","@id":"https:\/\/petproducts.com.cn\/#website","url":"https:\/\/petproducts.com.cn\/","name":"Petstar","description":"Fabricante l\u00edder de art\u00edculos para mascotas y proveedor OEM de productos para mascotas","publisher":{"@id":"https:\/\/petproducts.com.cn\/#organization"},"alternateName":"Petstar Pet Supplies","potentialAction":[{"@type":"SearchAction","target":{"@type":"EntryPoint","urlTemplate":"https:\/\/petproducts.com.cn\/?s={search_term_string}"},"query-input":{"@type":"PropertyValueSpecification","valueRequired":true,"valueName":"search_term_string"}}],"inLanguage":"es"},{"@type":"Organization","@id":"https:\/\/petproducts.com.cn\/#organization","name":"Petstar","url":"https:\/\/petproducts.com.cn\/","logo":{"@type":"ImageObject","inLanguage":"es","@id":"https:\/\/petproducts.com.cn\/#\/schema\/logo\/image\/","url":"https:\/\/petproducts.com.cn\/wp-content\/uploads\/2020\/02\/petstar-logo.webp","contentUrl":"https:\/\/petproducts.com.cn\/wp-content\/uploads\/2020\/02\/petstar-logo.webp","width":779,"height":520,"caption":"Petstar"},"image":{"@id":"https:\/\/petproducts.com.cn\/#\/schema\/logo\/image\/"}}]}},"_links":{"self":[{"href":"https:\/\/petproducts.com.cn\/es\/wp-json\/wp\/v2\/product\/27324","targetHints":{"allow":["GET"]}}],"collection":[{"href":"https:\/\/petproducts.com.cn\/es\/wp-json\/wp\/v2\/product"}],"about":[{"href":"https:\/\/petproducts.com.cn\/es\/wp-json\/wp\/v2\/types\/product"}],"version-history":[{"count":2,"href":"https:\/\/petproducts.com.cn\/es\/wp-json\/wp\/v2\/product\/27324\/revisions"}],"predecessor-version":[{"id":27332,"href":"https:\/\/petproducts.com.cn\/es\/wp-json\/wp\/v2\/product\/27324\/revisions\/27332"}],"wp:featuredmedia":[{"embeddable":true,"href":"https:\/\/petproducts.com.cn\/es\/wp-json\/wp\/v2\/media\/27331"}],"wp:attachment":[{"href":"https:\/\/petproducts.com.cn\/es\/wp-json\/wp\/v2\/media?parent=27324"}],"wp:term":[{"taxonomy":"product_brand","embeddable":true,"href":"https:\/\/petproducts.com.cn\/es\/wp-json\/wp\/v2\/product_brand?post=27324"},{"taxonomy":"product_cat","embeddable":true,"href":"https:\/\/petproducts.com.cn\/es\/wp-json\/wp\/v2\/product_cat?post=27324"},{"taxonomy":"product_tag","embeddable":true,"href":"https:\/\/petproducts.com.cn\/es\/wp-json\/wp\/v2\/product_tag?post=27324"}],"curies":[{"name":"wp","href":"https:\/\/api.w.org\/{rel}","templated":true}]}}