{"id":27378,"date":"2024-07-25T03:16:15","date_gmt":"2024-07-25T03:16:15","guid":{"rendered":"https:\/\/petproducts.com.cn\/?post_type=product&#038;p=27378"},"modified":"2024-07-25T05:59:21","modified_gmt":"2024-07-25T05:59:21","slug":"hamster-tunnel-small-animal-tunnel-toy","status":"publish","type":"product","link":"https:\/\/petproducts.com.cn\/es\/product\/hamster-tunnel-small-animal-tunnel-toy\/","title":{"rendered":"Juguete de t\u00fanel para animales peque\u00f1os, t\u00fanel para h\u00e1mster"},"content":{"rendered":"<h2>Caracter\u00edsticas del t\u00fanel para h\u00e1msters<\/h2>\n<ul>\n<li><strong>Dise\u00f1o ampliable<\/strong> Le encantar\u00e1 el dise\u00f1o extensible de este t\u00fanel para h\u00e1mster. Se extiende a varias longitudes, lo que lo hace vers\u00e1til para diferentes espacios de juego. La flexibilidad de este t\u00fanel garantiza que su h\u00e1mster tenga mucho espacio para explorar, a\u00f1adiendo emoci\u00f3n a sus actividades diarias. Esta caracter\u00edstica hace del t\u00fanel para h\u00e1mster una fant\u00e1stica adici\u00f3n a su colecci\u00f3n de t\u00faneles para animales peque\u00f1os.<\/li>\n<li><strong>Apto para varios animales peque\u00f1os<\/strong> Este t\u00fanel no s\u00f3lo es adecuado para h\u00e1msters. Es perfecto para conejos y otros animales peque\u00f1os, ofreciendo un entorno divertido e interactivo para varias mascotas. Esta versatilidad garantiza que pueda utilizar el t\u00fanel para diferentes mascotas, lo que lo convierte en una valiosa inversi\u00f3n en juguetes de t\u00fanel para animales peque\u00f1os.<\/li>\n<li><strong>Material de PE duradero<\/strong> Apreciar\u00e1 el material de PE duradero utilizado en este t\u00fanel. Es lo suficientemente resistente como para soportar un uso frecuente y es f\u00e1cil de limpiar, lo que garantiza un uso duradero. Este material proporciona un entorno seguro y resistente para que jueguen sus mascotas, lo que convierte al t\u00fanel para animales peque\u00f1os en una opci\u00f3n fiable entre los t\u00faneles para animales peque\u00f1os.<\/li>\n<li><strong>Juego interactivo<\/strong> Disfrutar\u00e1 viendo c\u00f3mo sus mascotas se entretienen con este t\u00fanel. Su dise\u00f1o fomenta el juego activo y la exploraci\u00f3n, manteniendo a sus mascotas entretenidas y estimuladas. Este juego interactivo ayuda a reducir el aburrimiento y fomenta la actividad f\u00edsica, esencial para la salud y el bienestar de sus peque\u00f1os animales. El juguete t\u00fanel para h\u00e1mster ofrece horas de diversi\u00f3n y compromiso a sus mascotas.<\/li>\n<li><strong>Fomenta el comportamiento natural<\/strong> Con este t\u00fanel ver\u00e1 c\u00f3mo sus mascotas despliegan comportamientos naturales. El espacio cerrado imita las madrigueras y t\u00faneles que se encuentran en la naturaleza, animando a sus mascotas a explorar y esconderse. Esta estimulaci\u00f3n de los instintos naturales es crucial para la salud mental y f\u00edsica de sus peque\u00f1os animales, por lo que el t\u00fanel para h\u00e1msters es un juguete beneficioso para su bienestar.<\/li>\n<\/ul>","protected":false},"excerpt":{"rendered":"<p>El juguete t\u00fanel para animales peque\u00f1os Hamster Tunnel ofrece un entorno de juego vers\u00e1til, duradero y atractivo para sus mascotas peque\u00f1as. Le encantar\u00e1 c\u00f3mo mejora el h\u00e1bitat de su mascota y promueve comportamientos naturales, mientras que sus mascotas disfrutar\u00e1n del dise\u00f1o interactivo y ampliable.<\/p>","protected":false},"featured_media":27385,"template":"","meta":{"_acf_changed":false},"product_brand":[],"product_cat":[157,158,164,156],"product_tag":[159,165,160],"class_list":{"0":"post-27378","1":"product","2":"type-product","3":"status-publish","4":"has-post-thumbnail","6":"product_cat-hamster-supplies","7":"product_cat-other-animal-supplies","8":"product_cat-rabbit-supplies","9":"product_cat-small-animal-supplies","10":"product_tag-hamster-supplies","11":"product_tag-rabbit-supplies","12":"product_tag-small-animal-supplies","14":"first","15":"instock","16":"shipping-taxable","17":"product-type-simple"},"acf":[],"yoast_head":"<!-- This site is optimized with the Yoast SEO plugin v27.1.1 - https:\/\/yoast.com\/product\/yoast-seo-wordpress\/ -->\n<title>Hamster Tunnel | Small Animal Toy Manufacturer - Petstar<\/title>\n<meta name=\"description\" content=\"Explore hamster tunnel, small animal tunnel from the hamster supplies manufacturer. Your ideal business solution with Petstar.\" \/>\n<meta name=\"robots\" content=\"index, follow, max-snippet:-1, max-image-preview:large, max-video-preview:-1\" \/>\n<link rel=\"canonical\" href=\"https:\/\/petproducts.com.cn\/es\/producto\/hamster-tunnel-small-animal-tunnel-toy\/\" \/>\n<meta property=\"og:locale\" content=\"es_ES\" \/>\n<meta property=\"og:type\" content=\"article\" \/>\n<meta property=\"og:title\" content=\"Hamster Tunnel | Small Animal Toy Manufacturer - Petstar\" \/>\n<meta property=\"og:description\" content=\"Explore hamster tunnel, small animal tunnel from the hamster supplies manufacturer. Your ideal business solution with Petstar.\" \/>\n<meta property=\"og:url\" content=\"https:\/\/petproducts.com.cn\/es\/producto\/hamster-tunnel-small-animal-tunnel-toy\/\" \/>\n<meta property=\"og:site_name\" content=\"Petstar\" \/>\n<meta property=\"article:modified_time\" content=\"2024-07-25T05:59:21+00:00\" \/>\n<meta property=\"og:image\" content=\"https:\/\/petproducts.com.cn\/wp-content\/uploads\/2024\/07\/hamster-tunnel.webp\" \/>\n\t<meta property=\"og:image:width\" content=\"1000\" \/>\n\t<meta property=\"og:image:height\" content=\"1000\" \/>\n\t<meta property=\"og:image:type\" content=\"image\/webp\" \/>\n<meta name=\"twitter:card\" content=\"summary_large_image\" \/>\n<meta name=\"twitter:label1\" content=\"Tiempo de lectura\" \/>\n\t<meta name=\"twitter:data1\" content=\"2 minutos\" \/>\n<script type=\"application\/ld+json\" class=\"yoast-schema-graph\">{\"@context\":\"https:\/\/schema.org\",\"@graph\":[{\"@type\":\"WebPage\",\"@id\":\"https:\/\/petproducts.com.cn\/product\/hamster-tunnel-small-animal-tunnel-toy\/\",\"url\":\"https:\/\/petproducts.com.cn\/product\/hamster-tunnel-small-animal-tunnel-toy\/\",\"name\":\"Hamster Tunnel | Small Animal Toy Manufacturer - Petstar\",\"isPartOf\":{\"@id\":\"https:\/\/petproducts.com.cn\/#website\"},\"primaryImageOfPage\":{\"@id\":\"https:\/\/petproducts.com.cn\/product\/hamster-tunnel-small-animal-tunnel-toy\/#primaryimage\"},\"image\":{\"@id\":\"https:\/\/petproducts.com.cn\/product\/hamster-tunnel-small-animal-tunnel-toy\/#primaryimage\"},\"thumbnailUrl\":\"https:\/\/petproducts.com.cn\/wp-content\/uploads\/2024\/07\/hamster-tunnel.webp\",\"datePublished\":\"2024-07-25T03:16:15+00:00\",\"dateModified\":\"2024-07-25T05:59:21+00:00\",\"description\":\"Explore hamster tunnel, small animal tunnel from the hamster supplies manufacturer. Your ideal business solution with Petstar.\",\"breadcrumb\":{\"@id\":\"https:\/\/petproducts.com.cn\/product\/hamster-tunnel-small-animal-tunnel-toy\/#breadcrumb\"},\"inLanguage\":\"es\",\"potentialAction\":[{\"@type\":\"ReadAction\",\"target\":[\"https:\/\/petproducts.com.cn\/product\/hamster-tunnel-small-animal-tunnel-toy\/\"]}]},{\"@type\":\"ImageObject\",\"inLanguage\":\"es\",\"@id\":\"https:\/\/petproducts.com.cn\/product\/hamster-tunnel-small-animal-tunnel-toy\/#primaryimage\",\"url\":\"https:\/\/petproducts.com.cn\/wp-content\/uploads\/2024\/07\/hamster-tunnel.webp\",\"contentUrl\":\"https:\/\/petproducts.com.cn\/wp-content\/uploads\/2024\/07\/hamster-tunnel.webp\",\"width\":1000,\"height\":1000,\"caption\":\"hamster tunnel\"},{\"@type\":\"BreadcrumbList\",\"@id\":\"https:\/\/petproducts.com.cn\/product\/hamster-tunnel-small-animal-tunnel-toy\/#breadcrumb\",\"itemListElement\":[{\"@type\":\"ListItem\",\"position\":1,\"name\":\"HOME\",\"item\":\"https:\/\/petproducts.com.cn\/\"},{\"@type\":\"ListItem\",\"position\":2,\"name\":\"Products\",\"item\":\"https:\/\/petproducts.com.cn\/shop\/\"},{\"@type\":\"ListItem\",\"position\":3,\"name\":\"Hamster Supplies\",\"item\":\"https:\/\/petproducts.com.cn\/product-category\/hamster-supplies\/\"},{\"@type\":\"ListItem\",\"position\":4,\"name\":\"Hamster Tunnel Small Animal Tunnel Toy\"}]},{\"@type\":\"WebSite\",\"@id\":\"https:\/\/petproducts.com.cn\/#website\",\"url\":\"https:\/\/petproducts.com.cn\/\",\"name\":\"Petstar\",\"description\":\"Leading Pet Supplies Manufacturer &amp; OEM Pet Products Supplier\",\"publisher\":{\"@id\":\"https:\/\/petproducts.com.cn\/#organization\"},\"alternateName\":\"Petstar Pet Supplies\",\"potentialAction\":[{\"@type\":\"SearchAction\",\"target\":{\"@type\":\"EntryPoint\",\"urlTemplate\":\"https:\/\/petproducts.com.cn\/?s={search_term_string}\"},\"query-input\":{\"@type\":\"PropertyValueSpecification\",\"valueRequired\":true,\"valueName\":\"search_term_string\"}}],\"inLanguage\":\"es\"},{\"@type\":\"Organization\",\"@id\":\"https:\/\/petproducts.com.cn\/#organization\",\"name\":\"Petstar\",\"url\":\"https:\/\/petproducts.com.cn\/\",\"logo\":{\"@type\":\"ImageObject\",\"inLanguage\":\"es\",\"@id\":\"https:\/\/petproducts.com.cn\/#\/schema\/logo\/image\/\",\"url\":\"https:\/\/petproducts.com.cn\/wp-content\/uploads\/2020\/02\/petstar-logo.webp\",\"contentUrl\":\"https:\/\/petproducts.com.cn\/wp-content\/uploads\/2020\/02\/petstar-logo.webp\",\"width\":779,\"height\":520,\"caption\":\"Petstar\"},\"image\":{\"@id\":\"https:\/\/petproducts.com.cn\/#\/schema\/logo\/image\/\"}}]}<\/script>\n<!-- \/ Yoast SEO plugin. -->","yoast_head_json":{"title":"T\u00fanel para h\u00e1mster | Fabricante de juguetes para animales peque\u00f1os - Petstar","description":"Explore el t\u00fanel para h\u00e1mster, t\u00fanel para animales peque\u00f1os del fabricante de suministros para h\u00e1mster. Su soluci\u00f3n comercial ideal con Petstar.","robots":{"index":"index","follow":"follow","max-snippet":"max-snippet:-1","max-image-preview":"max-image-preview:large","max-video-preview":"max-video-preview:-1"},"canonical":"https:\/\/petproducts.com.cn\/es\/producto\/hamster-tunnel-small-animal-tunnel-toy\/","og_locale":"es_ES","og_type":"article","og_title":"Hamster Tunnel | Small Animal Toy Manufacturer - Petstar","og_description":"Explore hamster tunnel, small animal tunnel from the hamster supplies manufacturer. Your ideal business solution with Petstar.","og_url":"https:\/\/petproducts.com.cn\/es\/producto\/hamster-tunnel-small-animal-tunnel-toy\/","og_site_name":"Petstar","article_modified_time":"2024-07-25T05:59:21+00:00","og_image":[{"width":1000,"height":1000,"url":"https:\/\/petproducts.com.cn\/wp-content\/uploads\/2024\/07\/hamster-tunnel.webp","type":"image\/webp"}],"twitter_card":"summary_large_image","twitter_misc":{"Tiempo de lectura":"2 minutos"},"schema":{"@context":"https:\/\/schema.org","@graph":[{"@type":"WebPage","@id":"https:\/\/petproducts.com.cn\/product\/hamster-tunnel-small-animal-tunnel-toy\/","url":"https:\/\/petproducts.com.cn\/product\/hamster-tunnel-small-animal-tunnel-toy\/","name":"T\u00fanel para h\u00e1mster | Fabricante de juguetes para animales peque\u00f1os - Petstar","isPartOf":{"@id":"https:\/\/petproducts.com.cn\/#website"},"primaryImageOfPage":{"@id":"https:\/\/petproducts.com.cn\/product\/hamster-tunnel-small-animal-tunnel-toy\/#primaryimage"},"image":{"@id":"https:\/\/petproducts.com.cn\/product\/hamster-tunnel-small-animal-tunnel-toy\/#primaryimage"},"thumbnailUrl":"https:\/\/petproducts.com.cn\/wp-content\/uploads\/2024\/07\/hamster-tunnel.webp","datePublished":"2024-07-25T03:16:15+00:00","dateModified":"2024-07-25T05:59:21+00:00","description":"Explore el t\u00fanel para h\u00e1mster, t\u00fanel para animales peque\u00f1os del fabricante de suministros para h\u00e1mster. Su soluci\u00f3n comercial ideal con Petstar.","breadcrumb":{"@id":"https:\/\/petproducts.com.cn\/product\/hamster-tunnel-small-animal-tunnel-toy\/#breadcrumb"},"inLanguage":"es","potentialAction":[{"@type":"ReadAction","target":["https:\/\/petproducts.com.cn\/product\/hamster-tunnel-small-animal-tunnel-toy\/"]}]},{"@type":"ImageObject","inLanguage":"es","@id":"https:\/\/petproducts.com.cn\/product\/hamster-tunnel-small-animal-tunnel-toy\/#primaryimage","url":"https:\/\/petproducts.com.cn\/wp-content\/uploads\/2024\/07\/hamster-tunnel.webp","contentUrl":"https:\/\/petproducts.com.cn\/wp-content\/uploads\/2024\/07\/hamster-tunnel.webp","width":1000,"height":1000,"caption":"hamster tunnel"},{"@type":"BreadcrumbList","@id":"https:\/\/petproducts.com.cn\/product\/hamster-tunnel-small-animal-tunnel-toy\/#breadcrumb","itemListElement":[{"@type":"ListItem","position":1,"name":"HOME","item":"https:\/\/petproducts.com.cn\/"},{"@type":"ListItem","position":2,"name":"Products","item":"https:\/\/petproducts.com.cn\/shop\/"},{"@type":"ListItem","position":3,"name":"Hamster Supplies","item":"https:\/\/petproducts.com.cn\/product-category\/hamster-supplies\/"},{"@type":"ListItem","position":4,"name":"Hamster Tunnel Small Animal Tunnel Toy"}]},{"@type":"WebSite","@id":"https:\/\/petproducts.com.cn\/#website","url":"https:\/\/petproducts.com.cn\/","name":"Petstar","description":"Fabricante l\u00edder de art\u00edculos para mascotas y proveedor OEM de productos para mascotas","publisher":{"@id":"https:\/\/petproducts.com.cn\/#organization"},"alternateName":"Petstar Pet Supplies","potentialAction":[{"@type":"SearchAction","target":{"@type":"EntryPoint","urlTemplate":"https:\/\/petproducts.com.cn\/?s={search_term_string}"},"query-input":{"@type":"PropertyValueSpecification","valueRequired":true,"valueName":"search_term_string"}}],"inLanguage":"es"},{"@type":"Organization","@id":"https:\/\/petproducts.com.cn\/#organization","name":"Petstar","url":"https:\/\/petproducts.com.cn\/","logo":{"@type":"ImageObject","inLanguage":"es","@id":"https:\/\/petproducts.com.cn\/#\/schema\/logo\/image\/","url":"https:\/\/petproducts.com.cn\/wp-content\/uploads\/2020\/02\/petstar-logo.webp","contentUrl":"https:\/\/petproducts.com.cn\/wp-content\/uploads\/2020\/02\/petstar-logo.webp","width":779,"height":520,"caption":"Petstar"},"image":{"@id":"https:\/\/petproducts.com.cn\/#\/schema\/logo\/image\/"}}]}},"_links":{"self":[{"href":"https:\/\/petproducts.com.cn\/es\/wp-json\/wp\/v2\/product\/27378","targetHints":{"allow":["GET"]}}],"collection":[{"href":"https:\/\/petproducts.com.cn\/es\/wp-json\/wp\/v2\/product"}],"about":[{"href":"https:\/\/petproducts.com.cn\/es\/wp-json\/wp\/v2\/types\/product"}],"version-history":[{"count":5,"href":"https:\/\/petproducts.com.cn\/es\/wp-json\/wp\/v2\/product\/27378\/revisions"}],"predecessor-version":[{"id":27388,"href":"https:\/\/petproducts.com.cn\/es\/wp-json\/wp\/v2\/product\/27378\/revisions\/27388"}],"wp:featuredmedia":[{"embeddable":true,"href":"https:\/\/petproducts.com.cn\/es\/wp-json\/wp\/v2\/media\/27385"}],"wp:attachment":[{"href":"https:\/\/petproducts.com.cn\/es\/wp-json\/wp\/v2\/media?parent=27378"}],"wp:term":[{"taxonomy":"product_brand","embeddable":true,"href":"https:\/\/petproducts.com.cn\/es\/wp-json\/wp\/v2\/product_brand?post=27378"},{"taxonomy":"product_cat","embeddable":true,"href":"https:\/\/petproducts.com.cn\/es\/wp-json\/wp\/v2\/product_cat?post=27378"},{"taxonomy":"product_tag","embeddable":true,"href":"https:\/\/petproducts.com.cn\/es\/wp-json\/wp\/v2\/product_tag?post=27378"}],"curies":[{"name":"wp","href":"https:\/\/api.w.org\/{rel}","templated":true}]}}