{"id":28109,"date":"2024-08-19T01:45:24","date_gmt":"2024-08-19T01:45:24","guid":{"rendered":"https:\/\/petproducts.com.cn\/?post_type=product&#038;p=28109"},"modified":"2024-09-03T05:30:58","modified_gmt":"2024-09-03T05:30:58","slug":"halloween-cat-cardboard-pet-cat-scratch-board","status":"publish","type":"product","link":"https:\/\/petproducts.com.cn\/es\/product\/halloween-cat-cardboard-pet-cat-scratch-board\/","title":{"rendered":"Tablero de cart\u00f3n para rascar gatos de Halloween"},"content":{"rendered":"<h2>Caracter\u00edsticas de Halloween Cat Cardboard<\/h2>\n<ul>\n<li><strong>Dise\u00f1o de ata\u00fad con tem\u00e1tica de Halloween:<\/strong> Celebre la espeluznante temporada con un cart\u00f3n para gatos de Halloween que sirve tambi\u00e9n como decoraci\u00f3n de Halloween. La forma \u00fanica del ata\u00fad no s\u00f3lo es llamativa, sino tambi\u00e9n funcional, proporcionando a sus gatos un \u00e1rea grande y dedicada a rascar y jugar.<\/li>\n<li><strong>Menta gatuna irresistible incluida:<\/strong> Para que este rascador sea a\u00fan m\u00e1s atractivo, viene con un paquete de hierba gatera. Espolvoree la hierba gatera en el tablero para atraer al instante a sus gatos, asegur\u00e1ndose de que estar\u00e1n entusiasmados por usarlo de inmediato.<\/li>\n<li><strong>Durable Construction:<\/strong> Fabricado con cart\u00f3n denso de alta calidad, este rascador est\u00e1 dise\u00f1ado para soportar las sesiones de rascado m\u00e1s duras. Tus gatos podr\u00e1n disfrutar de un sinf\u00edn de ara\u00f1azos sin que el tablero se desgaste f\u00e1cilmente, lo que lo convierte en un complemento duradero para tu hogar.<\/li>\n<li><strong>Favorece el mantenimiento saludable de las garras:<\/strong> Ara\u00f1ar es un comportamiento natural de los gatos, y esta tabla proporciona una salida perfecta para ello. Su uso regular ayuda a los gatos a mantener las u\u00f1as sanas, reduciendo la probabilidad de que les crezcan demasiado y la posibilidad de da\u00f1ar los muebles.<\/li>\n<\/ul>","protected":false},"excerpt":{"rendered":"<p>Haga que sus amigos felinos se contagien del esp\u00edritu de Halloween con este creativo rascador de cart\u00f3n para gatos. Con una espeluznante forma de ata\u00fad y enriquecido con hierba gatera, este rascador es perfecto para entretener a tus gatos y a\u00f1adir un toque festivo a la decoraci\u00f3n de tu hogar.<\/p>","protected":false},"featured_media":28116,"template":"","meta":{"_acf_changed":false},"product_brand":[],"product_cat":[71,81],"product_tag":[209,198,210],"class_list":{"0":"post-28109","1":"product","2":"type-product","3":"status-publish","4":"has-post-thumbnail","6":"product_cat-cat-supplies","7":"product_cat-cat-toys","8":"product_tag-cat-cardboard","9":"product_tag-halloween-pet-supplies","10":"product_tag-halloween-pet-toys","12":"first","13":"instock","14":"shipping-taxable","15":"product-type-simple"},"acf":[],"yoast_head":"<!-- This site is optimized with the Yoast SEO plugin v27.1.1 - https:\/\/yoast.com\/product\/yoast-seo-wordpress\/ -->\n<title>Halloween Cat Cardboard | Cat Scratch Board Manufacturer - Petstar<\/title>\n<meta name=\"description\" content=\"Explore Halloween Cat Cardboard from the best pet supplier. Petstar is a global pet supplies manufacturer. Your ideal business solution with Petstar.\" \/>\n<meta name=\"robots\" content=\"index, follow, max-snippet:-1, max-image-preview:large, max-video-preview:-1\" \/>\n<link rel=\"canonical\" href=\"https:\/\/petproducts.com.cn\/es\/producto\/halloween-cat-cardboard-pet-cat-scratch-board\/\" \/>\n<meta property=\"og:locale\" content=\"es_ES\" \/>\n<meta property=\"og:type\" content=\"article\" \/>\n<meta property=\"og:title\" content=\"Halloween Cat Cardboard | Cat Scratch Board Manufacturer - Petstar\" \/>\n<meta property=\"og:description\" content=\"Explore Halloween Cat Cardboard from the best pet supplier. Petstar is a global pet supplies manufacturer. Your ideal business solution with Petstar.\" \/>\n<meta property=\"og:url\" content=\"https:\/\/petproducts.com.cn\/es\/producto\/halloween-cat-cardboard-pet-cat-scratch-board\/\" \/>\n<meta property=\"og:site_name\" content=\"Petstar\" \/>\n<meta property=\"article:modified_time\" content=\"2024-09-03T05:30:58+00:00\" \/>\n<meta property=\"og:image\" content=\"https:\/\/petproducts.com.cn\/wp-content\/uploads\/2024\/08\/Halloween-Cat-Cardboard.webp\" \/>\n\t<meta property=\"og:image:width\" content=\"1000\" \/>\n\t<meta property=\"og:image:height\" content=\"1000\" \/>\n\t<meta property=\"og:image:type\" content=\"image\/webp\" \/>\n<meta name=\"twitter:card\" content=\"summary_large_image\" \/>\n<meta name=\"twitter:label1\" content=\"Tiempo de lectura\" \/>\n\t<meta name=\"twitter:data1\" content=\"1 minuto\" \/>\n<script type=\"application\/ld+json\" class=\"yoast-schema-graph\">{\"@context\":\"https:\/\/schema.org\",\"@graph\":[{\"@type\":\"WebPage\",\"@id\":\"https:\/\/petproducts.com.cn\/product\/halloween-cat-cardboard-pet-cat-scratch-board\/\",\"url\":\"https:\/\/petproducts.com.cn\/product\/halloween-cat-cardboard-pet-cat-scratch-board\/\",\"name\":\"Halloween Cat Cardboard | Cat Scratch Board Manufacturer - Petstar\",\"isPartOf\":{\"@id\":\"https:\/\/petproducts.com.cn\/#website\"},\"primaryImageOfPage\":{\"@id\":\"https:\/\/petproducts.com.cn\/product\/halloween-cat-cardboard-pet-cat-scratch-board\/#primaryimage\"},\"image\":{\"@id\":\"https:\/\/petproducts.com.cn\/product\/halloween-cat-cardboard-pet-cat-scratch-board\/#primaryimage\"},\"thumbnailUrl\":\"https:\/\/petproducts.com.cn\/wp-content\/uploads\/2024\/08\/Halloween-Cat-Cardboard.webp\",\"datePublished\":\"2024-08-19T01:45:24+00:00\",\"dateModified\":\"2024-09-03T05:30:58+00:00\",\"description\":\"Explore Halloween Cat Cardboard from the best pet supplier. Petstar is a global pet supplies manufacturer. Your ideal business solution with Petstar.\",\"breadcrumb\":{\"@id\":\"https:\/\/petproducts.com.cn\/product\/halloween-cat-cardboard-pet-cat-scratch-board\/#breadcrumb\"},\"inLanguage\":\"es\",\"potentialAction\":[{\"@type\":\"ReadAction\",\"target\":[\"https:\/\/petproducts.com.cn\/product\/halloween-cat-cardboard-pet-cat-scratch-board\/\"]}]},{\"@type\":\"ImageObject\",\"inLanguage\":\"es\",\"@id\":\"https:\/\/petproducts.com.cn\/product\/halloween-cat-cardboard-pet-cat-scratch-board\/#primaryimage\",\"url\":\"https:\/\/petproducts.com.cn\/wp-content\/uploads\/2024\/08\/Halloween-Cat-Cardboard.webp\",\"contentUrl\":\"https:\/\/petproducts.com.cn\/wp-content\/uploads\/2024\/08\/Halloween-Cat-Cardboard.webp\",\"width\":1000,\"height\":1000,\"caption\":\"Halloween Cat Cardboard\"},{\"@type\":\"BreadcrumbList\",\"@id\":\"https:\/\/petproducts.com.cn\/product\/halloween-cat-cardboard-pet-cat-scratch-board\/#breadcrumb\",\"itemListElement\":[{\"@type\":\"ListItem\",\"position\":1,\"name\":\"HOME\",\"item\":\"https:\/\/petproducts.com.cn\/\"},{\"@type\":\"ListItem\",\"position\":2,\"name\":\"Products\",\"item\":\"https:\/\/petproducts.com.cn\/shop\/\"},{\"@type\":\"ListItem\",\"position\":3,\"name\":\"Cat Toys\",\"item\":\"https:\/\/petproducts.com.cn\/product-category\/cat-toys\/\"},{\"@type\":\"ListItem\",\"position\":4,\"name\":\"Halloween Cat Cardboard Pet Cat Scratch Board\"}]},{\"@type\":\"WebSite\",\"@id\":\"https:\/\/petproducts.com.cn\/#website\",\"url\":\"https:\/\/petproducts.com.cn\/\",\"name\":\"Petstar\",\"description\":\"Leading Pet Supplies Manufacturer &amp; OEM Pet Products Supplier\",\"publisher\":{\"@id\":\"https:\/\/petproducts.com.cn\/#organization\"},\"alternateName\":\"Petstar Pet Supplies\",\"potentialAction\":[{\"@type\":\"SearchAction\",\"target\":{\"@type\":\"EntryPoint\",\"urlTemplate\":\"https:\/\/petproducts.com.cn\/?s={search_term_string}\"},\"query-input\":{\"@type\":\"PropertyValueSpecification\",\"valueRequired\":true,\"valueName\":\"search_term_string\"}}],\"inLanguage\":\"es\"},{\"@type\":\"Organization\",\"@id\":\"https:\/\/petproducts.com.cn\/#organization\",\"name\":\"Petstar\",\"url\":\"https:\/\/petproducts.com.cn\/\",\"logo\":{\"@type\":\"ImageObject\",\"inLanguage\":\"es\",\"@id\":\"https:\/\/petproducts.com.cn\/#\/schema\/logo\/image\/\",\"url\":\"https:\/\/petproducts.com.cn\/wp-content\/uploads\/2020\/02\/petstar-logo.webp\",\"contentUrl\":\"https:\/\/petproducts.com.cn\/wp-content\/uploads\/2020\/02\/petstar-logo.webp\",\"width\":779,\"height\":520,\"caption\":\"Petstar\"},\"image\":{\"@id\":\"https:\/\/petproducts.com.cn\/#\/schema\/logo\/image\/\"}}]}<\/script>\n<!-- \/ Yoast SEO plugin. -->","yoast_head_json":{"title":"Halloween Gato Cart\u00f3n | Gato Rasca Tablero Fabricante - Petstar","description":"Explore Cart\u00f3n de Halloween para Gatos del mejor proveedor de mascotas. Petstar es un fabricante mundial de art\u00edculos para mascotas. Su soluci\u00f3n de negocio ideal con Petstar.","robots":{"index":"index","follow":"follow","max-snippet":"max-snippet:-1","max-image-preview":"max-image-preview:large","max-video-preview":"max-video-preview:-1"},"canonical":"https:\/\/petproducts.com.cn\/es\/producto\/halloween-cat-cardboard-pet-cat-scratch-board\/","og_locale":"es_ES","og_type":"article","og_title":"Halloween Cat Cardboard | Cat Scratch Board Manufacturer - Petstar","og_description":"Explore Halloween Cat Cardboard from the best pet supplier. Petstar is a global pet supplies manufacturer. Your ideal business solution with Petstar.","og_url":"https:\/\/petproducts.com.cn\/es\/producto\/halloween-cat-cardboard-pet-cat-scratch-board\/","og_site_name":"Petstar","article_modified_time":"2024-09-03T05:30:58+00:00","og_image":[{"width":1000,"height":1000,"url":"https:\/\/petproducts.com.cn\/wp-content\/uploads\/2024\/08\/Halloween-Cat-Cardboard.webp","type":"image\/webp"}],"twitter_card":"summary_large_image","twitter_misc":{"Tiempo de lectura":"1 minuto"},"schema":{"@context":"https:\/\/schema.org","@graph":[{"@type":"WebPage","@id":"https:\/\/petproducts.com.cn\/product\/halloween-cat-cardboard-pet-cat-scratch-board\/","url":"https:\/\/petproducts.com.cn\/product\/halloween-cat-cardboard-pet-cat-scratch-board\/","name":"Halloween Gato Cart\u00f3n | Gato Rasca Tablero Fabricante - Petstar","isPartOf":{"@id":"https:\/\/petproducts.com.cn\/#website"},"primaryImageOfPage":{"@id":"https:\/\/petproducts.com.cn\/product\/halloween-cat-cardboard-pet-cat-scratch-board\/#primaryimage"},"image":{"@id":"https:\/\/petproducts.com.cn\/product\/halloween-cat-cardboard-pet-cat-scratch-board\/#primaryimage"},"thumbnailUrl":"https:\/\/petproducts.com.cn\/wp-content\/uploads\/2024\/08\/Halloween-Cat-Cardboard.webp","datePublished":"2024-08-19T01:45:24+00:00","dateModified":"2024-09-03T05:30:58+00:00","description":"Explore Cart\u00f3n de Halloween para Gatos del mejor proveedor de mascotas. Petstar es un fabricante mundial de art\u00edculos para mascotas. Su soluci\u00f3n de negocio ideal con Petstar.","breadcrumb":{"@id":"https:\/\/petproducts.com.cn\/product\/halloween-cat-cardboard-pet-cat-scratch-board\/#breadcrumb"},"inLanguage":"es","potentialAction":[{"@type":"ReadAction","target":["https:\/\/petproducts.com.cn\/product\/halloween-cat-cardboard-pet-cat-scratch-board\/"]}]},{"@type":"ImageObject","inLanguage":"es","@id":"https:\/\/petproducts.com.cn\/product\/halloween-cat-cardboard-pet-cat-scratch-board\/#primaryimage","url":"https:\/\/petproducts.com.cn\/wp-content\/uploads\/2024\/08\/Halloween-Cat-Cardboard.webp","contentUrl":"https:\/\/petproducts.com.cn\/wp-content\/uploads\/2024\/08\/Halloween-Cat-Cardboard.webp","width":1000,"height":1000,"caption":"Halloween Cat Cardboard"},{"@type":"BreadcrumbList","@id":"https:\/\/petproducts.com.cn\/product\/halloween-cat-cardboard-pet-cat-scratch-board\/#breadcrumb","itemListElement":[{"@type":"ListItem","position":1,"name":"HOME","item":"https:\/\/petproducts.com.cn\/"},{"@type":"ListItem","position":2,"name":"Products","item":"https:\/\/petproducts.com.cn\/shop\/"},{"@type":"ListItem","position":3,"name":"Cat Toys","item":"https:\/\/petproducts.com.cn\/product-category\/cat-toys\/"},{"@type":"ListItem","position":4,"name":"Halloween Cat Cardboard Pet Cat Scratch Board"}]},{"@type":"WebSite","@id":"https:\/\/petproducts.com.cn\/#website","url":"https:\/\/petproducts.com.cn\/","name":"Petstar","description":"Fabricante l\u00edder de art\u00edculos para mascotas y proveedor OEM de productos para mascotas","publisher":{"@id":"https:\/\/petproducts.com.cn\/#organization"},"alternateName":"Petstar Pet Supplies","potentialAction":[{"@type":"SearchAction","target":{"@type":"EntryPoint","urlTemplate":"https:\/\/petproducts.com.cn\/?s={search_term_string}"},"query-input":{"@type":"PropertyValueSpecification","valueRequired":true,"valueName":"search_term_string"}}],"inLanguage":"es"},{"@type":"Organization","@id":"https:\/\/petproducts.com.cn\/#organization","name":"Petstar","url":"https:\/\/petproducts.com.cn\/","logo":{"@type":"ImageObject","inLanguage":"es","@id":"https:\/\/petproducts.com.cn\/#\/schema\/logo\/image\/","url":"https:\/\/petproducts.com.cn\/wp-content\/uploads\/2020\/02\/petstar-logo.webp","contentUrl":"https:\/\/petproducts.com.cn\/wp-content\/uploads\/2020\/02\/petstar-logo.webp","width":779,"height":520,"caption":"Petstar"},"image":{"@id":"https:\/\/petproducts.com.cn\/#\/schema\/logo\/image\/"}}]}},"_links":{"self":[{"href":"https:\/\/petproducts.com.cn\/es\/wp-json\/wp\/v2\/product\/28109","targetHints":{"allow":["GET"]}}],"collection":[{"href":"https:\/\/petproducts.com.cn\/es\/wp-json\/wp\/v2\/product"}],"about":[{"href":"https:\/\/petproducts.com.cn\/es\/wp-json\/wp\/v2\/types\/product"}],"version-history":[{"count":2,"href":"https:\/\/petproducts.com.cn\/es\/wp-json\/wp\/v2\/product\/28109\/revisions"}],"predecessor-version":[{"id":28111,"href":"https:\/\/petproducts.com.cn\/es\/wp-json\/wp\/v2\/product\/28109\/revisions\/28111"}],"wp:featuredmedia":[{"embeddable":true,"href":"https:\/\/petproducts.com.cn\/es\/wp-json\/wp\/v2\/media\/28116"}],"wp:attachment":[{"href":"https:\/\/petproducts.com.cn\/es\/wp-json\/wp\/v2\/media?parent=28109"}],"wp:term":[{"taxonomy":"product_brand","embeddable":true,"href":"https:\/\/petproducts.com.cn\/es\/wp-json\/wp\/v2\/product_brand?post=28109"},{"taxonomy":"product_cat","embeddable":true,"href":"https:\/\/petproducts.com.cn\/es\/wp-json\/wp\/v2\/product_cat?post=28109"},{"taxonomy":"product_tag","embeddable":true,"href":"https:\/\/petproducts.com.cn\/es\/wp-json\/wp\/v2\/product_tag?post=28109"}],"curies":[{"name":"wp","href":"https:\/\/api.w.org\/{rel}","templated":true}]}}