{"id":28587,"date":"2024-08-29T05:31:27","date_gmt":"2024-08-29T05:31:27","guid":{"rendered":"https:\/\/petproducts.com.cn\/?post_type=product&#038;p=28587"},"modified":"2024-09-03T06:03:00","modified_gmt":"2024-09-03T06:03:00","slug":"dog-plush-toys-interactive-squeaker-pet-sea-fishing-dog-toy","status":"publish","type":"product","link":"https:\/\/petproducts.com.cn\/es\/product\/dog-plush-toys-interactive-squeaker-pet-sea-fishing-dog-toy\/","title":{"rendered":"Juguetes de peluche para perros, chirriadores interactivos, juguete para perros para pescar en el mar"},"content":{"rendered":"<h2><strong>Caracter\u00edsticas de los juguetes de peluche para perros<\/strong><\/h2>\n<ul>\n<li><strong>Diversi\u00f3n interactiva de pesca:<\/strong> Disfrutar\u00e1 pasando tiempo de calidad con su perro con los juguetes interactivos de peluche para perros. El juguete cuenta con una criatura marina de peluche, ya sea una tortuga o un pulpo, unido a una ca\u00f1a de pescar, creando una experiencia de pesca l\u00fadica para su perro.<\/li>\n<li><strong>Criaturas marinas de peluche chirriantes:<\/strong> A su perro le encantar\u00e1 el chirriador que hay dentro de las criaturas marinas de felpa. El juguete emite un divertido sonido chirriante cada vez que tu perro lo muerde o lo aprieta, manteniendo a tu perro enganchado y entretenido durante el tiempo de juego.<\/li>\n<li><strong>Ca\u00f1a de pescar duradera:<\/strong> Encontrar\u00e1 la ca\u00f1a de pescar hecha de un tubo de esponja envuelto con una cuerda de algod\u00f3n, que proporciona un agarre duradero y c\u00f3modo. Este dise\u00f1o garantiza que puedas jugar con tu perro durante largos periodos de tiempo sin que la ca\u00f1a se te resbale de la mano.<\/li>\n<li><strong>Papel arrugado para un mayor compromiso:<\/strong> Observar\u00e1 que la ca\u00f1a de pescar incluye papel arrugado en su interior, lo que a\u00f1ade otra capa de estimulaci\u00f3n sensorial para su perro. El sonido arrugado excita la curiosidad de tu perro, anim\u00e1ndole a jugar y explorar a\u00fan m\u00e1s.<\/li>\n<li><strong>Materiales suaves y seguros:<\/strong> La seguridad de su perro es una prioridad, por lo que este juguete est\u00e1 fabricado con materiales suaves y seguros para los dientes y enc\u00edas de su perro. Las criaturas marinas de felpa y la cuerda de algod\u00f3n son duraderas pero seguras para masticar, por lo que es una gran opci\u00f3n para el juego interactivo.<\/li>\n<li><strong>Promueve la actividad f\u00edsica y mental:<\/strong> Apreciar\u00e1 c\u00f3mo este juguete anima a su perro a mantenerse activo, tanto f\u00edsica como mentalmente. La combinaci\u00f3n de persecuciones, chirridos y crujidos mantiene la mente de su perro despierta y su cuerpo en movimiento.<\/li>\n<\/ul>\n<div id='gallery-1' class='gallery galleryid-28587 gallery-columns-3 gallery-size-medium'><figure class='gallery-item'>\n\t\t\t<div class='gallery-icon landscape'>\n\t\t\t\t<img fetchpriority=\"high\" decoding=\"async\" width=\"300\" height=\"300\" src=\"https:\/\/petproducts.com.cn\/wp-content\/uploads\/2024\/08\/Factory-Dog-Plush-Toys-300x300.webp\" class=\"attachment-medium size-medium\" alt=\"F\u00e1brica de peluches para perros\" srcset=\"https:\/\/petproducts.com.cn\/wp-content\/uploads\/2024\/08\/Factory-Dog-Plush-Toys-300x300.webp 300w, https:\/\/petproducts.com.cn\/wp-content\/uploads\/2024\/08\/Factory-Dog-Plush-Toys-150x150.webp 150w, https:\/\/petproducts.com.cn\/wp-content\/uploads\/2024\/08\/Factory-Dog-Plush-Toys-768x768.webp 768w, https:\/\/petproducts.com.cn\/wp-content\/uploads\/2024\/08\/Factory-Dog-Plush-Toys-12x12.webp 12w, https:\/\/petproducts.com.cn\/wp-content\/uploads\/2024\/08\/Factory-Dog-Plush-Toys-600x600.webp 600w, https:\/\/petproducts.com.cn\/wp-content\/uploads\/2024\/08\/Factory-Dog-Plush-Toys-100x100.webp 100w, https:\/\/petproducts.com.cn\/wp-content\/uploads\/2024\/08\/Factory-Dog-Plush-Toys.webp 1000w\" sizes=\"(max-width: 300px) 100vw, 300px\" \/>\n\t\t\t<\/div><\/figure><figure class='gallery-item'>\n\t\t\t<div class='gallery-icon landscape'>\n\t\t\t\t<img decoding=\"async\" width=\"300\" height=\"300\" src=\"https:\/\/petproducts.com.cn\/wp-content\/uploads\/2024\/08\/Manufacturer-Dog-Plush-Toys-300x300.webp\" class=\"attachment-medium size-medium\" alt=\"Fabricante Juguetes de peluche para perros\" srcset=\"https:\/\/petproducts.com.cn\/wp-content\/uploads\/2024\/08\/Manufacturer-Dog-Plush-Toys-300x300.webp 300w, https:\/\/petproducts.com.cn\/wp-content\/uploads\/2024\/08\/Manufacturer-Dog-Plush-Toys-150x150.webp 150w, https:\/\/petproducts.com.cn\/wp-content\/uploads\/2024\/08\/Manufacturer-Dog-Plush-Toys-768x768.webp 768w, https:\/\/petproducts.com.cn\/wp-content\/uploads\/2024\/08\/Manufacturer-Dog-Plush-Toys-12x12.webp 12w, https:\/\/petproducts.com.cn\/wp-content\/uploads\/2024\/08\/Manufacturer-Dog-Plush-Toys-600x600.webp 600w, https:\/\/petproducts.com.cn\/wp-content\/uploads\/2024\/08\/Manufacturer-Dog-Plush-Toys-100x100.webp 100w, https:\/\/petproducts.com.cn\/wp-content\/uploads\/2024\/08\/Manufacturer-Dog-Plush-Toys.webp 1000w\" sizes=\"(max-width: 300px) 100vw, 300px\" \/>\n\t\t\t<\/div><\/figure><figure class='gallery-item'>\n\t\t\t<div class='gallery-icon landscape'>\n\t\t\t\t<img decoding=\"async\" width=\"300\" height=\"300\" src=\"https:\/\/petproducts.com.cn\/wp-content\/uploads\/2024\/08\/Dog-Plush-Toys-300x300.webp\" class=\"attachment-medium size-medium\" alt=\"\" srcset=\"https:\/\/petproducts.com.cn\/wp-content\/uploads\/2024\/08\/Dog-Plush-Toys-300x300.webp 300w, https:\/\/petproducts.com.cn\/wp-content\/uploads\/2024\/08\/Dog-Plush-Toys-150x150.webp 150w, https:\/\/petproducts.com.cn\/wp-content\/uploads\/2024\/08\/Dog-Plush-Toys-768x768.webp 768w, https:\/\/petproducts.com.cn\/wp-content\/uploads\/2024\/08\/Dog-Plush-Toys-12x12.webp 12w, https:\/\/petproducts.com.cn\/wp-content\/uploads\/2024\/08\/Dog-Plush-Toys-600x600.webp 600w, https:\/\/petproducts.com.cn\/wp-content\/uploads\/2024\/08\/Dog-Plush-Toys-100x100.webp 100w, https:\/\/petproducts.com.cn\/wp-content\/uploads\/2024\/08\/Dog-Plush-Toys.webp 1000w\" sizes=\"(max-width: 300px) 100vw, 300px\" \/>\n\t\t\t<\/div><\/figure>\n\t\t<\/div>\n\n<p style=\"text-align: center;\"><em><strong>Para saber m\u00e1s <a href=\"https:\/\/petproducts.com.cn\/es\/wholesale-dog-toys\/\">juguetes para perros<\/a>, por favor <a href=\"https:\/\/petproducts.com.cn\/es\/contacto\/\">Cont\u00e1ctenos<\/a>!<\/strong><\/em><\/p>","protected":false},"excerpt":{"rendered":"<p>Mantenga a su perro entretenido con el juguete interactivo para perros Dog Plush Toys Interactive Squeaker Pet Sea Fishing Dog Toy, con una criatura marina que chirr\u00eda y una ca\u00f1a de pescar con papel arrugado para una diversi\u00f3n sin fin.<\/p>","protected":false},"featured_media":28600,"template":"","meta":{"_acf_changed":false},"product_brand":[],"product_cat":[72,48],"product_tag":[231,233,232],"class_list":{"0":"post-28587","1":"product","2":"type-product","3":"status-publish","4":"has-post-thumbnail","6":"product_cat-dog-supplies","7":"product_cat-dog-toys","8":"product_tag-dog-plush-toys","9":"product_tag-dog-squeaky-toys","10":"product_tag-interactive-dog-toys","12":"first","13":"instock","14":"shipping-taxable","15":"product-type-simple"},"acf":[],"yoast_head":"<!-- This site is optimized with the Yoast SEO plugin v27.1.1 - https:\/\/yoast.com\/product\/yoast-seo-wordpress\/ -->\n<title>Dog Plush Toys | Fishing Dog Toy Manufacturer - Petstar<\/title>\n<meta name=\"description\" content=\"Explore Dog Plush Toys from the pet product supplier. Petstar is a global pet supplies manufacturer. Your ideal business solution with Petstar.\" \/>\n<meta name=\"robots\" content=\"index, follow, max-snippet:-1, max-image-preview:large, max-video-preview:-1\" \/>\n<link rel=\"canonical\" href=\"https:\/\/petproducts.com.cn\/es\/producto\/dog-plush-toys-interactive-squeaker-pet-sea-fishing-dog-toy\/\" \/>\n<meta property=\"og:locale\" content=\"es_ES\" \/>\n<meta property=\"og:type\" content=\"article\" \/>\n<meta property=\"og:title\" content=\"Dog Plush Toys | Fishing Dog Toy Manufacturer - Petstar\" \/>\n<meta property=\"og:description\" content=\"Explore Dog Plush Toys from the pet product supplier. Petstar is a global pet supplies manufacturer. Your ideal business solution with Petstar.\" \/>\n<meta property=\"og:url\" content=\"https:\/\/petproducts.com.cn\/es\/producto\/dog-plush-toys-interactive-squeaker-pet-sea-fishing-dog-toy\/\" \/>\n<meta property=\"og:site_name\" content=\"Petstar\" \/>\n<meta property=\"article:modified_time\" content=\"2024-09-03T06:03:00+00:00\" \/>\n<meta property=\"og:image\" content=\"https:\/\/petproducts.com.cn\/wp-content\/uploads\/2024\/08\/Dog-Plush-Toys.webp\" \/>\n\t<meta property=\"og:image:width\" content=\"1000\" \/>\n\t<meta property=\"og:image:height\" content=\"1000\" \/>\n\t<meta property=\"og:image:type\" content=\"image\/webp\" \/>\n<meta name=\"twitter:card\" content=\"summary_large_image\" \/>\n<meta name=\"twitter:label1\" content=\"Tiempo de lectura\" \/>\n\t<meta name=\"twitter:data1\" content=\"2 minutos\" \/>\n<script type=\"application\/ld+json\" class=\"yoast-schema-graph\">{\"@context\":\"https:\/\/schema.org\",\"@graph\":[{\"@type\":\"WebPage\",\"@id\":\"https:\/\/petproducts.com.cn\/product\/dog-plush-toys-interactive-squeaker-pet-sea-fishing-dog-toy\/\",\"url\":\"https:\/\/petproducts.com.cn\/product\/dog-plush-toys-interactive-squeaker-pet-sea-fishing-dog-toy\/\",\"name\":\"Dog Plush Toys | Fishing Dog Toy Manufacturer - Petstar\",\"isPartOf\":{\"@id\":\"https:\/\/petproducts.com.cn\/#website\"},\"primaryImageOfPage\":{\"@id\":\"https:\/\/petproducts.com.cn\/product\/dog-plush-toys-interactive-squeaker-pet-sea-fishing-dog-toy\/#primaryimage\"},\"image\":{\"@id\":\"https:\/\/petproducts.com.cn\/product\/dog-plush-toys-interactive-squeaker-pet-sea-fishing-dog-toy\/#primaryimage\"},\"thumbnailUrl\":\"https:\/\/petproducts.com.cn\/wp-content\/uploads\/2024\/08\/Dog-Plush-Toys.webp\",\"datePublished\":\"2024-08-29T05:31:27+00:00\",\"dateModified\":\"2024-09-03T06:03:00+00:00\",\"description\":\"Explore Dog Plush Toys from the pet product supplier. Petstar is a global pet supplies manufacturer. Your ideal business solution with Petstar.\",\"breadcrumb\":{\"@id\":\"https:\/\/petproducts.com.cn\/product\/dog-plush-toys-interactive-squeaker-pet-sea-fishing-dog-toy\/#breadcrumb\"},\"inLanguage\":\"es\",\"potentialAction\":[{\"@type\":\"ReadAction\",\"target\":[\"https:\/\/petproducts.com.cn\/product\/dog-plush-toys-interactive-squeaker-pet-sea-fishing-dog-toy\/\"]}]},{\"@type\":\"ImageObject\",\"inLanguage\":\"es\",\"@id\":\"https:\/\/petproducts.com.cn\/product\/dog-plush-toys-interactive-squeaker-pet-sea-fishing-dog-toy\/#primaryimage\",\"url\":\"https:\/\/petproducts.com.cn\/wp-content\/uploads\/2024\/08\/Dog-Plush-Toys.webp\",\"contentUrl\":\"https:\/\/petproducts.com.cn\/wp-content\/uploads\/2024\/08\/Dog-Plush-Toys.webp\",\"width\":1000,\"height\":1000},{\"@type\":\"BreadcrumbList\",\"@id\":\"https:\/\/petproducts.com.cn\/product\/dog-plush-toys-interactive-squeaker-pet-sea-fishing-dog-toy\/#breadcrumb\",\"itemListElement\":[{\"@type\":\"ListItem\",\"position\":1,\"name\":\"HOME\",\"item\":\"https:\/\/petproducts.com.cn\/\"},{\"@type\":\"ListItem\",\"position\":2,\"name\":\"Products\",\"item\":\"https:\/\/petproducts.com.cn\/shop\/\"},{\"@type\":\"ListItem\",\"position\":3,\"name\":\"Dog Toys\",\"item\":\"https:\/\/petproducts.com.cn\/product-category\/dog-toys\/\"},{\"@type\":\"ListItem\",\"position\":4,\"name\":\"Dog Plush Toys Interactive Squeaker Pet Sea Fishing Dog Toy\"}]},{\"@type\":\"WebSite\",\"@id\":\"https:\/\/petproducts.com.cn\/#website\",\"url\":\"https:\/\/petproducts.com.cn\/\",\"name\":\"Petstar\",\"description\":\"Leading Pet Supplies Manufacturer &amp; OEM Pet Products Supplier\",\"publisher\":{\"@id\":\"https:\/\/petproducts.com.cn\/#organization\"},\"alternateName\":\"Petstar Pet Supplies\",\"potentialAction\":[{\"@type\":\"SearchAction\",\"target\":{\"@type\":\"EntryPoint\",\"urlTemplate\":\"https:\/\/petproducts.com.cn\/?s={search_term_string}\"},\"query-input\":{\"@type\":\"PropertyValueSpecification\",\"valueRequired\":true,\"valueName\":\"search_term_string\"}}],\"inLanguage\":\"es\"},{\"@type\":\"Organization\",\"@id\":\"https:\/\/petproducts.com.cn\/#organization\",\"name\":\"Petstar\",\"url\":\"https:\/\/petproducts.com.cn\/\",\"logo\":{\"@type\":\"ImageObject\",\"inLanguage\":\"es\",\"@id\":\"https:\/\/petproducts.com.cn\/#\/schema\/logo\/image\/\",\"url\":\"https:\/\/petproducts.com.cn\/wp-content\/uploads\/2020\/02\/petstar-logo.webp\",\"contentUrl\":\"https:\/\/petproducts.com.cn\/wp-content\/uploads\/2020\/02\/petstar-logo.webp\",\"width\":779,\"height\":520,\"caption\":\"Petstar\"},\"image\":{\"@id\":\"https:\/\/petproducts.com.cn\/#\/schema\/logo\/image\/\"}}]}<\/script>\n<!-- \/ Yoast SEO plugin. -->","yoast_head_json":{"title":"Juguetes de peluche para perros - Petstar","description":"Explore Juguetes de peluche para perros del proveedor de productos para mascotas. Petstar es un fabricante mundial de art\u00edculos para mascotas. Su soluci\u00f3n de negocio ideal con Petstar.","robots":{"index":"index","follow":"follow","max-snippet":"max-snippet:-1","max-image-preview":"max-image-preview:large","max-video-preview":"max-video-preview:-1"},"canonical":"https:\/\/petproducts.com.cn\/es\/producto\/dog-plush-toys-interactive-squeaker-pet-sea-fishing-dog-toy\/","og_locale":"es_ES","og_type":"article","og_title":"Dog Plush Toys | Fishing Dog Toy Manufacturer - Petstar","og_description":"Explore Dog Plush Toys from the pet product supplier. Petstar is a global pet supplies manufacturer. Your ideal business solution with Petstar.","og_url":"https:\/\/petproducts.com.cn\/es\/producto\/dog-plush-toys-interactive-squeaker-pet-sea-fishing-dog-toy\/","og_site_name":"Petstar","article_modified_time":"2024-09-03T06:03:00+00:00","og_image":[{"width":1000,"height":1000,"url":"https:\/\/petproducts.com.cn\/wp-content\/uploads\/2024\/08\/Dog-Plush-Toys.webp","type":"image\/webp"}],"twitter_card":"summary_large_image","twitter_misc":{"Tiempo de lectura":"2 minutos"},"schema":{"@context":"https:\/\/schema.org","@graph":[{"@type":"WebPage","@id":"https:\/\/petproducts.com.cn\/product\/dog-plush-toys-interactive-squeaker-pet-sea-fishing-dog-toy\/","url":"https:\/\/petproducts.com.cn\/product\/dog-plush-toys-interactive-squeaker-pet-sea-fishing-dog-toy\/","name":"Juguetes de peluche para perros - Petstar","isPartOf":{"@id":"https:\/\/petproducts.com.cn\/#website"},"primaryImageOfPage":{"@id":"https:\/\/petproducts.com.cn\/product\/dog-plush-toys-interactive-squeaker-pet-sea-fishing-dog-toy\/#primaryimage"},"image":{"@id":"https:\/\/petproducts.com.cn\/product\/dog-plush-toys-interactive-squeaker-pet-sea-fishing-dog-toy\/#primaryimage"},"thumbnailUrl":"https:\/\/petproducts.com.cn\/wp-content\/uploads\/2024\/08\/Dog-Plush-Toys.webp","datePublished":"2024-08-29T05:31:27+00:00","dateModified":"2024-09-03T06:03:00+00:00","description":"Explore Juguetes de peluche para perros del proveedor de productos para mascotas. Petstar es un fabricante mundial de art\u00edculos para mascotas. Su soluci\u00f3n de negocio ideal con Petstar.","breadcrumb":{"@id":"https:\/\/petproducts.com.cn\/product\/dog-plush-toys-interactive-squeaker-pet-sea-fishing-dog-toy\/#breadcrumb"},"inLanguage":"es","potentialAction":[{"@type":"ReadAction","target":["https:\/\/petproducts.com.cn\/product\/dog-plush-toys-interactive-squeaker-pet-sea-fishing-dog-toy\/"]}]},{"@type":"ImageObject","inLanguage":"es","@id":"https:\/\/petproducts.com.cn\/product\/dog-plush-toys-interactive-squeaker-pet-sea-fishing-dog-toy\/#primaryimage","url":"https:\/\/petproducts.com.cn\/wp-content\/uploads\/2024\/08\/Dog-Plush-Toys.webp","contentUrl":"https:\/\/petproducts.com.cn\/wp-content\/uploads\/2024\/08\/Dog-Plush-Toys.webp","width":1000,"height":1000},{"@type":"BreadcrumbList","@id":"https:\/\/petproducts.com.cn\/product\/dog-plush-toys-interactive-squeaker-pet-sea-fishing-dog-toy\/#breadcrumb","itemListElement":[{"@type":"ListItem","position":1,"name":"HOME","item":"https:\/\/petproducts.com.cn\/"},{"@type":"ListItem","position":2,"name":"Products","item":"https:\/\/petproducts.com.cn\/shop\/"},{"@type":"ListItem","position":3,"name":"Dog Toys","item":"https:\/\/petproducts.com.cn\/product-category\/dog-toys\/"},{"@type":"ListItem","position":4,"name":"Dog Plush Toys Interactive Squeaker Pet Sea Fishing Dog Toy"}]},{"@type":"WebSite","@id":"https:\/\/petproducts.com.cn\/#website","url":"https:\/\/petproducts.com.cn\/","name":"Petstar","description":"Fabricante l\u00edder de art\u00edculos para mascotas y proveedor OEM de productos para mascotas","publisher":{"@id":"https:\/\/petproducts.com.cn\/#organization"},"alternateName":"Petstar Pet Supplies","potentialAction":[{"@type":"SearchAction","target":{"@type":"EntryPoint","urlTemplate":"https:\/\/petproducts.com.cn\/?s={search_term_string}"},"query-input":{"@type":"PropertyValueSpecification","valueRequired":true,"valueName":"search_term_string"}}],"inLanguage":"es"},{"@type":"Organization","@id":"https:\/\/petproducts.com.cn\/#organization","name":"Petstar","url":"https:\/\/petproducts.com.cn\/","logo":{"@type":"ImageObject","inLanguage":"es","@id":"https:\/\/petproducts.com.cn\/#\/schema\/logo\/image\/","url":"https:\/\/petproducts.com.cn\/wp-content\/uploads\/2020\/02\/petstar-logo.webp","contentUrl":"https:\/\/petproducts.com.cn\/wp-content\/uploads\/2020\/02\/petstar-logo.webp","width":779,"height":520,"caption":"Petstar"},"image":{"@id":"https:\/\/petproducts.com.cn\/#\/schema\/logo\/image\/"}}]}},"_links":{"self":[{"href":"https:\/\/petproducts.com.cn\/es\/wp-json\/wp\/v2\/product\/28587","targetHints":{"allow":["GET"]}}],"collection":[{"href":"https:\/\/petproducts.com.cn\/es\/wp-json\/wp\/v2\/product"}],"about":[{"href":"https:\/\/petproducts.com.cn\/es\/wp-json\/wp\/v2\/types\/product"}],"version-history":[{"count":3,"href":"https:\/\/petproducts.com.cn\/es\/wp-json\/wp\/v2\/product\/28587\/revisions"}],"predecessor-version":[{"id":28606,"href":"https:\/\/petproducts.com.cn\/es\/wp-json\/wp\/v2\/product\/28587\/revisions\/28606"}],"wp:featuredmedia":[{"embeddable":true,"href":"https:\/\/petproducts.com.cn\/es\/wp-json\/wp\/v2\/media\/28600"}],"wp:attachment":[{"href":"https:\/\/petproducts.com.cn\/es\/wp-json\/wp\/v2\/media?parent=28587"}],"wp:term":[{"taxonomy":"product_brand","embeddable":true,"href":"https:\/\/petproducts.com.cn\/es\/wp-json\/wp\/v2\/product_brand?post=28587"},{"taxonomy":"product_cat","embeddable":true,"href":"https:\/\/petproducts.com.cn\/es\/wp-json\/wp\/v2\/product_cat?post=28587"},{"taxonomy":"product_tag","embeddable":true,"href":"https:\/\/petproducts.com.cn\/es\/wp-json\/wp\/v2\/product_tag?post=28587"}],"curies":[{"name":"wp","href":"https:\/\/api.w.org\/{rel}","templated":true}]}}