{"id":28992,"date":"2024-09-12T01:47:13","date_gmt":"2024-09-12T01:47:13","guid":{"rendered":"https:\/\/petproducts.com.cn\/?post_type=product&#038;p=28992"},"modified":"2024-09-20T08:59:13","modified_gmt":"2024-09-20T08:59:13","slug":"dog-christmas-toy-set-4-pieces-pet-dog-toy-gift-pack","status":"publish","type":"product","link":"https:\/\/petproducts.com.cn\/es\/product\/dog-christmas-toy-set-4-pieces-pet-dog-toy-gift-pack\/","title":{"rendered":"Juego de juguetes navide\u00f1os para perros, 4 piezas, paquete de regalo de juguetes para perros"},"content":{"rendered":"<h2><strong>Caracter\u00edsticas del set de juguetes de Navidad para perros<\/strong><\/h2>\n<ul>\n<li><strong>Diversi\u00f3n navide\u00f1a 4 en 1:<\/strong> Este <em>Set de juguetes de Navidad para perros<\/em> incluye cuatro juguetes \u00fanicos: un juguete de felpa, un juguete masticable de vinilo, una pelota de tenis y una pelota de cuerda. Cada art\u00edculo est\u00e1 dise\u00f1ado para aportar variedad al tiempo de juego de su perro, manteni\u00e9ndolo ocupado y entretenido.<\/li>\n<li><strong>Juguete de peluche para acurrucarse:<\/strong> Este peluche suave y adorable es perfecto para que su perro se acurruque en las fr\u00edas noches de invierno. Su dise\u00f1o festivo a\u00f1ade un alegre toque navide\u00f1o a la colecci\u00f3n de tu mascota, y con el suave material, tu perro se sentir\u00e1 reconfortado.<\/li>\n<li><strong>Juguete masticable de vinilo duradero:<\/strong> El juguete masticable de vinilo ofrece una experiencia de masticaci\u00f3n duradera para los perros a los que les encanta roer. Su material duradero ayuda a satisfacer los instintos naturales de masticaci\u00f3n de su perro, reduciendo el aburrimiento y promoviendo dientes sanos.<\/li>\n<li><strong>Pelota de cuerda interactiva:<\/strong> Con la pelota de cuerda incluida, podr\u00e1 disfrutar con su mascota de juegos de tirar y traer. El robusto dise\u00f1o de la cuerda garantiza que el juguete resista el juego en\u00e9rgico, a la vez que ayuda a limpiar los dientes y enc\u00edas de tu perro.<\/li>\n<li><strong>Pelota de tenis hinchable:<\/strong> El set tambi\u00e9n incluye una pelota de tenis de gran rebote, ideal para lanzar y traer. Su dise\u00f1o brillante hace que tu perro la vea f\u00e1cilmente cuando juega al aire libre, lo que a\u00f1ade un extra de diversi\u00f3n a su rutina de ejercicios.<\/li>\n<\/ul>\n<p style=\"text-align: center;\"><em><strong>Para saber m\u00e1s <a href=\"https:\/\/petproducts.com.cn\/es\/wholesale-dog-toys\/\">juguetes para perros<\/a>, por favor <a href=\"https:\/\/petproducts.com.cn\/es\/contacto\/\">Cont\u00e1ctenos<\/a>!<\/strong><\/em><\/p>","protected":false},"excerpt":{"rendered":"<p>Diversi\u00f3n navide\u00f1a 4 en 1: Este set de juguetes navide\u00f1os para perros incluye cuatro juguetes \u00fanicos: un juguete de felpa, un juguete masticable de vinilo, una pelota de tenis y una pelota de cuerda. Cada art\u00edculo est\u00e1 dise\u00f1ado para aportar variedad al tiempo de juego de su perro, manteni\u00e9ndolo ocupado y entretenido.<\/p>","protected":false},"featured_media":29005,"template":"","meta":{"_acf_changed":false},"product_brand":[],"product_cat":[72,48],"product_tag":[235,247,196,195],"class_list":{"0":"post-28992","1":"product","2":"type-product","3":"status-publish","4":"has-post-thumbnail","6":"product_cat-dog-supplies","7":"product_cat-dog-toys","8":"product_tag-christmas-pet-supplies","9":"product_tag-christmas-pet-toys","10":"product_tag-dog-supplies-set","11":"product_tag-dog-toys-set","13":"first","14":"instock","15":"shipping-taxable","16":"product-type-simple"},"acf":[],"yoast_head":"<!-- This site is optimized with the Yoast SEO plugin v27.1.1 - https:\/\/yoast.com\/product\/yoast-seo-wordpress\/ -->\n<title>Dog Christmas Toy Set | Dog Toy Gift Pack Manufacturer - Petstar<\/title>\n<meta name=\"description\" content=\"Explore Dog Christmas Toy Set from the pet product supplier. Petstar is a global pet products manufacturer. Your ideal business solution with Petstar.\" \/>\n<meta name=\"robots\" content=\"index, follow, max-snippet:-1, max-image-preview:large, max-video-preview:-1\" \/>\n<link rel=\"canonical\" href=\"https:\/\/petproducts.com.cn\/es\/producto\/dog-christmas-toy-set-4-pieces-pet-dog-toy-gift-pack\/\" \/>\n<meta property=\"og:locale\" content=\"es_ES\" \/>\n<meta property=\"og:type\" content=\"article\" \/>\n<meta property=\"og:title\" content=\"Dog Christmas Toy Set | Dog Toy Gift Pack Manufacturer - Petstar\" \/>\n<meta property=\"og:description\" content=\"Explore Dog Christmas Toy Set from the pet product supplier. Petstar is a global pet products manufacturer. Your ideal business solution with Petstar.\" \/>\n<meta property=\"og:url\" content=\"https:\/\/petproducts.com.cn\/es\/producto\/dog-christmas-toy-set-4-pieces-pet-dog-toy-gift-pack\/\" \/>\n<meta property=\"og:site_name\" content=\"Petstar\" \/>\n<meta property=\"article:modified_time\" content=\"2024-09-20T08:59:13+00:00\" \/>\n<meta property=\"og:image\" content=\"https:\/\/petproducts.com.cn\/wp-content\/uploads\/2024\/09\/Dog-Christmas-Toy-Set.webp\" \/>\n\t<meta property=\"og:image:width\" content=\"1000\" \/>\n\t<meta property=\"og:image:height\" content=\"1000\" \/>\n\t<meta property=\"og:image:type\" content=\"image\/webp\" \/>\n<meta name=\"twitter:card\" content=\"summary_large_image\" \/>\n<meta name=\"twitter:label1\" content=\"Tiempo de lectura\" \/>\n\t<meta name=\"twitter:data1\" content=\"2 minutos\" \/>\n<script type=\"application\/ld+json\" class=\"yoast-schema-graph\">{\"@context\":\"https:\/\/schema.org\",\"@graph\":[{\"@type\":\"WebPage\",\"@id\":\"https:\/\/petproducts.com.cn\/product\/dog-christmas-toy-set-4-pieces-pet-dog-toy-gift-pack\/\",\"url\":\"https:\/\/petproducts.com.cn\/product\/dog-christmas-toy-set-4-pieces-pet-dog-toy-gift-pack\/\",\"name\":\"Dog Christmas Toy Set | Dog Toy Gift Pack Manufacturer - Petstar\",\"isPartOf\":{\"@id\":\"https:\/\/petproducts.com.cn\/#website\"},\"primaryImageOfPage\":{\"@id\":\"https:\/\/petproducts.com.cn\/product\/dog-christmas-toy-set-4-pieces-pet-dog-toy-gift-pack\/#primaryimage\"},\"image\":{\"@id\":\"https:\/\/petproducts.com.cn\/product\/dog-christmas-toy-set-4-pieces-pet-dog-toy-gift-pack\/#primaryimage\"},\"thumbnailUrl\":\"https:\/\/petproducts.com.cn\/wp-content\/uploads\/2024\/09\/Dog-Christmas-Toy-Set.webp\",\"datePublished\":\"2024-09-12T01:47:13+00:00\",\"dateModified\":\"2024-09-20T08:59:13+00:00\",\"description\":\"Explore Dog Christmas Toy Set from the pet product supplier. Petstar is a global pet products manufacturer. Your ideal business solution with Petstar.\",\"breadcrumb\":{\"@id\":\"https:\/\/petproducts.com.cn\/product\/dog-christmas-toy-set-4-pieces-pet-dog-toy-gift-pack\/#breadcrumb\"},\"inLanguage\":\"es\",\"potentialAction\":[{\"@type\":\"ReadAction\",\"target\":[\"https:\/\/petproducts.com.cn\/product\/dog-christmas-toy-set-4-pieces-pet-dog-toy-gift-pack\/\"]}]},{\"@type\":\"ImageObject\",\"inLanguage\":\"es\",\"@id\":\"https:\/\/petproducts.com.cn\/product\/dog-christmas-toy-set-4-pieces-pet-dog-toy-gift-pack\/#primaryimage\",\"url\":\"https:\/\/petproducts.com.cn\/wp-content\/uploads\/2024\/09\/Dog-Christmas-Toy-Set.webp\",\"contentUrl\":\"https:\/\/petproducts.com.cn\/wp-content\/uploads\/2024\/09\/Dog-Christmas-Toy-Set.webp\",\"width\":1000,\"height\":1000,\"caption\":\"Dog Christmas Toy Set\"},{\"@type\":\"BreadcrumbList\",\"@id\":\"https:\/\/petproducts.com.cn\/product\/dog-christmas-toy-set-4-pieces-pet-dog-toy-gift-pack\/#breadcrumb\",\"itemListElement\":[{\"@type\":\"ListItem\",\"position\":1,\"name\":\"HOME\",\"item\":\"https:\/\/petproducts.com.cn\/\"},{\"@type\":\"ListItem\",\"position\":2,\"name\":\"Products\",\"item\":\"https:\/\/petproducts.com.cn\/shop\/\"},{\"@type\":\"ListItem\",\"position\":3,\"name\":\"Dog Toys\",\"item\":\"https:\/\/petproducts.com.cn\/product-category\/dog-toys\/\"},{\"@type\":\"ListItem\",\"position\":4,\"name\":\"Dog Christmas Toy Set 4 Pieces Pet Dog Toy Gift Pack\"}]},{\"@type\":\"WebSite\",\"@id\":\"https:\/\/petproducts.com.cn\/#website\",\"url\":\"https:\/\/petproducts.com.cn\/\",\"name\":\"Petstar\",\"description\":\"Leading Pet Supplies Manufacturer &amp; OEM Pet Products Supplier\",\"publisher\":{\"@id\":\"https:\/\/petproducts.com.cn\/#organization\"},\"alternateName\":\"Petstar Pet Supplies\",\"potentialAction\":[{\"@type\":\"SearchAction\",\"target\":{\"@type\":\"EntryPoint\",\"urlTemplate\":\"https:\/\/petproducts.com.cn\/?s={search_term_string}\"},\"query-input\":{\"@type\":\"PropertyValueSpecification\",\"valueRequired\":true,\"valueName\":\"search_term_string\"}}],\"inLanguage\":\"es\"},{\"@type\":\"Organization\",\"@id\":\"https:\/\/petproducts.com.cn\/#organization\",\"name\":\"Petstar\",\"url\":\"https:\/\/petproducts.com.cn\/\",\"logo\":{\"@type\":\"ImageObject\",\"inLanguage\":\"es\",\"@id\":\"https:\/\/petproducts.com.cn\/#\/schema\/logo\/image\/\",\"url\":\"https:\/\/petproducts.com.cn\/wp-content\/uploads\/2020\/02\/petstar-logo.webp\",\"contentUrl\":\"https:\/\/petproducts.com.cn\/wp-content\/uploads\/2020\/02\/petstar-logo.webp\",\"width\":779,\"height\":520,\"caption\":\"Petstar\"},\"image\":{\"@id\":\"https:\/\/petproducts.com.cn\/#\/schema\/logo\/image\/\"}}]}<\/script>\n<!-- \/ Yoast SEO plugin. -->","yoast_head_json":{"title":"Set de Juguetes de Navidad para Perros | Pack Regalo Juguetes para Perros Fabricante - Petstar","description":"Explore Juego de juguetes de Navidad para perros del proveedor de productos para mascotas. Petstar es un fabricante mundial de productos para mascotas. Su soluci\u00f3n de negocio ideal con Petstar.","robots":{"index":"index","follow":"follow","max-snippet":"max-snippet:-1","max-image-preview":"max-image-preview:large","max-video-preview":"max-video-preview:-1"},"canonical":"https:\/\/petproducts.com.cn\/es\/producto\/dog-christmas-toy-set-4-pieces-pet-dog-toy-gift-pack\/","og_locale":"es_ES","og_type":"article","og_title":"Dog Christmas Toy Set | Dog Toy Gift Pack Manufacturer - Petstar","og_description":"Explore Dog Christmas Toy Set from the pet product supplier. Petstar is a global pet products manufacturer. Your ideal business solution with Petstar.","og_url":"https:\/\/petproducts.com.cn\/es\/producto\/dog-christmas-toy-set-4-pieces-pet-dog-toy-gift-pack\/","og_site_name":"Petstar","article_modified_time":"2024-09-20T08:59:13+00:00","og_image":[{"width":1000,"height":1000,"url":"https:\/\/petproducts.com.cn\/wp-content\/uploads\/2024\/09\/Dog-Christmas-Toy-Set.webp","type":"image\/webp"}],"twitter_card":"summary_large_image","twitter_misc":{"Tiempo de lectura":"2 minutos"},"schema":{"@context":"https:\/\/schema.org","@graph":[{"@type":"WebPage","@id":"https:\/\/petproducts.com.cn\/product\/dog-christmas-toy-set-4-pieces-pet-dog-toy-gift-pack\/","url":"https:\/\/petproducts.com.cn\/product\/dog-christmas-toy-set-4-pieces-pet-dog-toy-gift-pack\/","name":"Set de Juguetes de Navidad para Perros | Pack Regalo Juguetes para Perros Fabricante - Petstar","isPartOf":{"@id":"https:\/\/petproducts.com.cn\/#website"},"primaryImageOfPage":{"@id":"https:\/\/petproducts.com.cn\/product\/dog-christmas-toy-set-4-pieces-pet-dog-toy-gift-pack\/#primaryimage"},"image":{"@id":"https:\/\/petproducts.com.cn\/product\/dog-christmas-toy-set-4-pieces-pet-dog-toy-gift-pack\/#primaryimage"},"thumbnailUrl":"https:\/\/petproducts.com.cn\/wp-content\/uploads\/2024\/09\/Dog-Christmas-Toy-Set.webp","datePublished":"2024-09-12T01:47:13+00:00","dateModified":"2024-09-20T08:59:13+00:00","description":"Explore Juego de juguetes de Navidad para perros del proveedor de productos para mascotas. Petstar es un fabricante mundial de productos para mascotas. Su soluci\u00f3n de negocio ideal con Petstar.","breadcrumb":{"@id":"https:\/\/petproducts.com.cn\/product\/dog-christmas-toy-set-4-pieces-pet-dog-toy-gift-pack\/#breadcrumb"},"inLanguage":"es","potentialAction":[{"@type":"ReadAction","target":["https:\/\/petproducts.com.cn\/product\/dog-christmas-toy-set-4-pieces-pet-dog-toy-gift-pack\/"]}]},{"@type":"ImageObject","inLanguage":"es","@id":"https:\/\/petproducts.com.cn\/product\/dog-christmas-toy-set-4-pieces-pet-dog-toy-gift-pack\/#primaryimage","url":"https:\/\/petproducts.com.cn\/wp-content\/uploads\/2024\/09\/Dog-Christmas-Toy-Set.webp","contentUrl":"https:\/\/petproducts.com.cn\/wp-content\/uploads\/2024\/09\/Dog-Christmas-Toy-Set.webp","width":1000,"height":1000,"caption":"Dog Christmas Toy Set"},{"@type":"BreadcrumbList","@id":"https:\/\/petproducts.com.cn\/product\/dog-christmas-toy-set-4-pieces-pet-dog-toy-gift-pack\/#breadcrumb","itemListElement":[{"@type":"ListItem","position":1,"name":"HOME","item":"https:\/\/petproducts.com.cn\/"},{"@type":"ListItem","position":2,"name":"Products","item":"https:\/\/petproducts.com.cn\/shop\/"},{"@type":"ListItem","position":3,"name":"Dog Toys","item":"https:\/\/petproducts.com.cn\/product-category\/dog-toys\/"},{"@type":"ListItem","position":4,"name":"Dog Christmas Toy Set 4 Pieces Pet Dog Toy Gift Pack"}]},{"@type":"WebSite","@id":"https:\/\/petproducts.com.cn\/#website","url":"https:\/\/petproducts.com.cn\/","name":"Petstar","description":"Fabricante l\u00edder de art\u00edculos para mascotas y proveedor OEM de productos para mascotas","publisher":{"@id":"https:\/\/petproducts.com.cn\/#organization"},"alternateName":"Petstar Pet Supplies","potentialAction":[{"@type":"SearchAction","target":{"@type":"EntryPoint","urlTemplate":"https:\/\/petproducts.com.cn\/?s={search_term_string}"},"query-input":{"@type":"PropertyValueSpecification","valueRequired":true,"valueName":"search_term_string"}}],"inLanguage":"es"},{"@type":"Organization","@id":"https:\/\/petproducts.com.cn\/#organization","name":"Petstar","url":"https:\/\/petproducts.com.cn\/","logo":{"@type":"ImageObject","inLanguage":"es","@id":"https:\/\/petproducts.com.cn\/#\/schema\/logo\/image\/","url":"https:\/\/petproducts.com.cn\/wp-content\/uploads\/2020\/02\/petstar-logo.webp","contentUrl":"https:\/\/petproducts.com.cn\/wp-content\/uploads\/2020\/02\/petstar-logo.webp","width":779,"height":520,"caption":"Petstar"},"image":{"@id":"https:\/\/petproducts.com.cn\/#\/schema\/logo\/image\/"}}]}},"_links":{"self":[{"href":"https:\/\/petproducts.com.cn\/es\/wp-json\/wp\/v2\/product\/28992","targetHints":{"allow":["GET"]}}],"collection":[{"href":"https:\/\/petproducts.com.cn\/es\/wp-json\/wp\/v2\/product"}],"about":[{"href":"https:\/\/petproducts.com.cn\/es\/wp-json\/wp\/v2\/types\/product"}],"version-history":[{"count":2,"href":"https:\/\/petproducts.com.cn\/es\/wp-json\/wp\/v2\/product\/28992\/revisions"}],"predecessor-version":[{"id":29010,"href":"https:\/\/petproducts.com.cn\/es\/wp-json\/wp\/v2\/product\/28992\/revisions\/29010"}],"wp:featuredmedia":[{"embeddable":true,"href":"https:\/\/petproducts.com.cn\/es\/wp-json\/wp\/v2\/media\/29005"}],"wp:attachment":[{"href":"https:\/\/petproducts.com.cn\/es\/wp-json\/wp\/v2\/media?parent=28992"}],"wp:term":[{"taxonomy":"product_brand","embeddable":true,"href":"https:\/\/petproducts.com.cn\/es\/wp-json\/wp\/v2\/product_brand?post=28992"},{"taxonomy":"product_cat","embeddable":true,"href":"https:\/\/petproducts.com.cn\/es\/wp-json\/wp\/v2\/product_cat?post=28992"},{"taxonomy":"product_tag","embeddable":true,"href":"https:\/\/petproducts.com.cn\/es\/wp-json\/wp\/v2\/product_tag?post=28992"}],"curies":[{"name":"wp","href":"https:\/\/api.w.org\/{rel}","templated":true}]}}