{"id":29057,"date":"2024-09-13T01:55:42","date_gmt":"2024-09-13T01:55:42","guid":{"rendered":"https:\/\/petproducts.com.cn\/?post_type=product&#038;p=29057"},"modified":"2024-09-20T08:59:11","modified_gmt":"2024-09-20T08:59:11","slug":"christmas-dog-toy-box-4-pcs-pet-gift-pack-hot-dog-toy-set","status":"publish","type":"product","link":"https:\/\/petproducts.com.cn\/es\/product\/christmas-dog-toy-box-4-pcs-pet-gift-pack-hot-dog-toy-set\/","title":{"rendered":"Caja de juguetes navide\u00f1a para perros, paquete de regalo de 4 piezas, juego de juguetes para perros calientes"},"content":{"rendered":"<h2><strong>Caracter\u00edsticas de la caja de juguetes de Navidad para perros<\/strong><\/h2>\n<ul>\n<li><strong>Juego de juguetes completo de 4 piezas:<\/strong> Este <em>Caja de juguetes navide\u00f1a para perros<\/em> incluye cuatro juguetes diferentes: un juguete de felpa, un juguete de vinilo resistente, una pelota de tenis que rebota y un juguete de cuerda de algod\u00f3n. Estos juguetes est\u00e1n dise\u00f1ados para ofrecer variedad y emoci\u00f3n, manteniendo a su perro entretenido durante toda la temporada de vacaciones.<\/li>\n<li><strong>Peluche festivo:<\/strong> Este suave peluche es perfecto para acurrucarlo y jugar con \u00e9l. Su festivo dise\u00f1o navide\u00f1o a\u00f1ade un alegre ambiente festivo a la colecci\u00f3n de juguetes de tu perro, mientras que su suave textura garantiza comodidad y acurrucamiento a la hora de jugar.<\/li>\n<li><strong>Juguete masticable de vinilo duradero:<\/strong> Obtendr\u00e1 un resistente juguete de vinilo perfecto para los perros a los que les encanta masticar. El material es duradero, lo que garantiza un juego de larga duraci\u00f3n. Este juguete ayuda a promover dientes sanos mientras que da a su perro una salida para sus instintos naturales de masticaci\u00f3n.<\/li>\n<li><strong>Pelota de tenis hinchable:<\/strong> La pelota de tenis del set es perfecta para jugar a buscarla, tanto dentro como fuera de casa. Su dise\u00f1o brillante hace que sea f\u00e1cil de localizar, mientras que su gran rebote mantendr\u00e1 a tu perro persigui\u00e9ndola durante horas, proporcion\u00e1ndole una excelente actividad f\u00edsica.<\/li>\n<li><strong>Atractivo juguete de cuerda de algod\u00f3n:<\/strong> El juguete de cuerda de algod\u00f3n es ideal para juegos de tira y afloja o sesiones de juego interactivo. La resistente cuerda ayuda a mantener limpios los dientes de su perro al fomentar una masticaci\u00f3n sana y es ideal para crear v\u00ednculos a trav\u00e9s del juego.<\/li>\n<li><strong>Paquete de regalo perfecto para las fiestas:<\/strong> Este <em>Set de juguetes Hot Dog<\/em> ha sido cuidadosamente seleccionada para ofrecer una mezcla de diversi\u00f3n y utilidad pr\u00e1ctica. Cada juguete ofrece algo diferente, por lo que es el paquete de regalo ideal para mantener a su perro f\u00edsicamente activo y mentalmente estimulado durante las vacaciones.<\/li>\n<\/ul>\n<p style=\"text-align: center;\"><em><strong>Para saber m\u00e1s <a href=\"https:\/\/petproducts.com.cn\/es\/wholesale-dog-toys\/\">juguetes para perros<\/a>, por favor <a href=\"https:\/\/petproducts.com.cn\/es\/contacto\/\">Cont\u00e1ctenos<\/a>!<\/strong><\/em><\/p>","protected":false},"excerpt":{"rendered":"<p>Haga que las vacaciones de su perro sean a\u00fan m\u00e1s especiales con el <em>Caja de juguetes navide\u00f1a para perros<\/em>Un paquete de regalo de 4 piezas que incluye juguetes de felpa, vinilo y cuerda, que proporcionan diversi\u00f3n y compromiso sin fin.<\/p>","protected":false},"featured_media":29060,"template":"","meta":{"_acf_changed":false},"product_brand":[],"product_cat":[72,48],"product_tag":[235,247,196,195],"class_list":{"0":"post-29057","1":"product","2":"type-product","3":"status-publish","4":"has-post-thumbnail","6":"product_cat-dog-supplies","7":"product_cat-dog-toys","8":"product_tag-christmas-pet-supplies","9":"product_tag-christmas-pet-toys","10":"product_tag-dog-supplies-set","11":"product_tag-dog-toys-set","13":"first","14":"instock","15":"shipping-taxable","16":"product-type-simple"},"acf":[],"yoast_head":"<!-- This site is optimized with the Yoast SEO plugin v27.1.1 - https:\/\/yoast.com\/product\/yoast-seo-wordpress\/ -->\n<title>Christmas Dog Toy Box | Hot Dog Toy Set Manufacturer - Petstar<\/title>\n<meta name=\"description\" content=\"Explore Christmas Dog Toy Box from the pet product supplier. Petstar is a global pet products manufacturer. Your ideal business solution with Petstar.\" \/>\n<meta name=\"robots\" content=\"index, follow, max-snippet:-1, max-image-preview:large, max-video-preview:-1\" \/>\n<link rel=\"canonical\" href=\"https:\/\/petproducts.com.cn\/es\/producto\/christmas-dog-toy-box-4-pcs-pet-gift-pack-hot-dog-toy-set\/\" \/>\n<meta property=\"og:locale\" content=\"es_ES\" \/>\n<meta property=\"og:type\" content=\"article\" \/>\n<meta property=\"og:title\" content=\"Christmas Dog Toy Box | Hot Dog Toy Set Manufacturer - Petstar\" \/>\n<meta property=\"og:description\" content=\"Explore Christmas Dog Toy Box from the pet product supplier. Petstar is a global pet products manufacturer. Your ideal business solution with Petstar.\" \/>\n<meta property=\"og:url\" content=\"https:\/\/petproducts.com.cn\/es\/producto\/christmas-dog-toy-box-4-pcs-pet-gift-pack-hot-dog-toy-set\/\" \/>\n<meta property=\"og:site_name\" content=\"Petstar\" \/>\n<meta property=\"article:modified_time\" content=\"2024-09-20T08:59:11+00:00\" \/>\n<meta property=\"og:image\" content=\"https:\/\/petproducts.com.cn\/wp-content\/uploads\/2024\/09\/christmas-dog-toy-box.webp\" \/>\n\t<meta property=\"og:image:width\" content=\"1000\" \/>\n\t<meta property=\"og:image:height\" content=\"1000\" \/>\n\t<meta property=\"og:image:type\" content=\"image\/webp\" \/>\n<meta name=\"twitter:card\" content=\"summary_large_image\" \/>\n<meta name=\"twitter:label1\" content=\"Tiempo de lectura\" \/>\n\t<meta name=\"twitter:data1\" content=\"2 minutos\" \/>\n<script type=\"application\/ld+json\" class=\"yoast-schema-graph\">{\"@context\":\"https:\/\/schema.org\",\"@graph\":[{\"@type\":\"WebPage\",\"@id\":\"https:\/\/petproducts.com.cn\/product\/christmas-dog-toy-box-4-pcs-pet-gift-pack-hot-dog-toy-set\/\",\"url\":\"https:\/\/petproducts.com.cn\/product\/christmas-dog-toy-box-4-pcs-pet-gift-pack-hot-dog-toy-set\/\",\"name\":\"Christmas Dog Toy Box | Hot Dog Toy Set Manufacturer - Petstar\",\"isPartOf\":{\"@id\":\"https:\/\/petproducts.com.cn\/#website\"},\"primaryImageOfPage\":{\"@id\":\"https:\/\/petproducts.com.cn\/product\/christmas-dog-toy-box-4-pcs-pet-gift-pack-hot-dog-toy-set\/#primaryimage\"},\"image\":{\"@id\":\"https:\/\/petproducts.com.cn\/product\/christmas-dog-toy-box-4-pcs-pet-gift-pack-hot-dog-toy-set\/#primaryimage\"},\"thumbnailUrl\":\"https:\/\/petproducts.com.cn\/wp-content\/uploads\/2024\/09\/christmas-dog-toy-box.webp\",\"datePublished\":\"2024-09-13T01:55:42+00:00\",\"dateModified\":\"2024-09-20T08:59:11+00:00\",\"description\":\"Explore Christmas Dog Toy Box from the pet product supplier. Petstar is a global pet products manufacturer. Your ideal business solution with Petstar.\",\"breadcrumb\":{\"@id\":\"https:\/\/petproducts.com.cn\/product\/christmas-dog-toy-box-4-pcs-pet-gift-pack-hot-dog-toy-set\/#breadcrumb\"},\"inLanguage\":\"es\",\"potentialAction\":[{\"@type\":\"ReadAction\",\"target\":[\"https:\/\/petproducts.com.cn\/product\/christmas-dog-toy-box-4-pcs-pet-gift-pack-hot-dog-toy-set\/\"]}]},{\"@type\":\"ImageObject\",\"inLanguage\":\"es\",\"@id\":\"https:\/\/petproducts.com.cn\/product\/christmas-dog-toy-box-4-pcs-pet-gift-pack-hot-dog-toy-set\/#primaryimage\",\"url\":\"https:\/\/petproducts.com.cn\/wp-content\/uploads\/2024\/09\/christmas-dog-toy-box.webp\",\"contentUrl\":\"https:\/\/petproducts.com.cn\/wp-content\/uploads\/2024\/09\/christmas-dog-toy-box.webp\",\"width\":1000,\"height\":1000,\"caption\":\"christmas dog toy box\"},{\"@type\":\"BreadcrumbList\",\"@id\":\"https:\/\/petproducts.com.cn\/product\/christmas-dog-toy-box-4-pcs-pet-gift-pack-hot-dog-toy-set\/#breadcrumb\",\"itemListElement\":[{\"@type\":\"ListItem\",\"position\":1,\"name\":\"HOME\",\"item\":\"https:\/\/petproducts.com.cn\/\"},{\"@type\":\"ListItem\",\"position\":2,\"name\":\"Products\",\"item\":\"https:\/\/petproducts.com.cn\/shop\/\"},{\"@type\":\"ListItem\",\"position\":3,\"name\":\"Dog Toys\",\"item\":\"https:\/\/petproducts.com.cn\/product-category\/dog-toys\/\"},{\"@type\":\"ListItem\",\"position\":4,\"name\":\"Christmas Dog Toy Box 4 Pcs Pet Gift Pack Hot Dog Toy Set\"}]},{\"@type\":\"WebSite\",\"@id\":\"https:\/\/petproducts.com.cn\/#website\",\"url\":\"https:\/\/petproducts.com.cn\/\",\"name\":\"Petstar\",\"description\":\"Leading Pet Supplies Manufacturer &amp; OEM Pet Products Supplier\",\"publisher\":{\"@id\":\"https:\/\/petproducts.com.cn\/#organization\"},\"alternateName\":\"Petstar Pet Supplies\",\"potentialAction\":[{\"@type\":\"SearchAction\",\"target\":{\"@type\":\"EntryPoint\",\"urlTemplate\":\"https:\/\/petproducts.com.cn\/?s={search_term_string}\"},\"query-input\":{\"@type\":\"PropertyValueSpecification\",\"valueRequired\":true,\"valueName\":\"search_term_string\"}}],\"inLanguage\":\"es\"},{\"@type\":\"Organization\",\"@id\":\"https:\/\/petproducts.com.cn\/#organization\",\"name\":\"Petstar\",\"url\":\"https:\/\/petproducts.com.cn\/\",\"logo\":{\"@type\":\"ImageObject\",\"inLanguage\":\"es\",\"@id\":\"https:\/\/petproducts.com.cn\/#\/schema\/logo\/image\/\",\"url\":\"https:\/\/petproducts.com.cn\/wp-content\/uploads\/2020\/02\/petstar-logo.webp\",\"contentUrl\":\"https:\/\/petproducts.com.cn\/wp-content\/uploads\/2020\/02\/petstar-logo.webp\",\"width\":779,\"height\":520,\"caption\":\"Petstar\"},\"image\":{\"@id\":\"https:\/\/petproducts.com.cn\/#\/schema\/logo\/image\/\"}}]}<\/script>\n<!-- \/ Yoast SEO plugin. -->","yoast_head_json":{"title":"Caja de juguetes de Navidad para perros | Juego de juguetes para perros calientes Fabricante - Petstar","description":"Explore Christmas Dog Toy Box del proveedor de productos para mascotas. Petstar es un fabricante mundial de productos para mascotas. Su soluci\u00f3n de negocio ideal con Petstar.","robots":{"index":"index","follow":"follow","max-snippet":"max-snippet:-1","max-image-preview":"max-image-preview:large","max-video-preview":"max-video-preview:-1"},"canonical":"https:\/\/petproducts.com.cn\/es\/producto\/christmas-dog-toy-box-4-pcs-pet-gift-pack-hot-dog-toy-set\/","og_locale":"es_ES","og_type":"article","og_title":"Christmas Dog Toy Box | Hot Dog Toy Set Manufacturer - Petstar","og_description":"Explore Christmas Dog Toy Box from the pet product supplier. Petstar is a global pet products manufacturer. Your ideal business solution with Petstar.","og_url":"https:\/\/petproducts.com.cn\/es\/producto\/christmas-dog-toy-box-4-pcs-pet-gift-pack-hot-dog-toy-set\/","og_site_name":"Petstar","article_modified_time":"2024-09-20T08:59:11+00:00","og_image":[{"width":1000,"height":1000,"url":"https:\/\/petproducts.com.cn\/wp-content\/uploads\/2024\/09\/christmas-dog-toy-box.webp","type":"image\/webp"}],"twitter_card":"summary_large_image","twitter_misc":{"Tiempo de lectura":"2 minutos"},"schema":{"@context":"https:\/\/schema.org","@graph":[{"@type":"WebPage","@id":"https:\/\/petproducts.com.cn\/product\/christmas-dog-toy-box-4-pcs-pet-gift-pack-hot-dog-toy-set\/","url":"https:\/\/petproducts.com.cn\/product\/christmas-dog-toy-box-4-pcs-pet-gift-pack-hot-dog-toy-set\/","name":"Caja de juguetes de Navidad para perros | Juego de juguetes para perros calientes Fabricante - Petstar","isPartOf":{"@id":"https:\/\/petproducts.com.cn\/#website"},"primaryImageOfPage":{"@id":"https:\/\/petproducts.com.cn\/product\/christmas-dog-toy-box-4-pcs-pet-gift-pack-hot-dog-toy-set\/#primaryimage"},"image":{"@id":"https:\/\/petproducts.com.cn\/product\/christmas-dog-toy-box-4-pcs-pet-gift-pack-hot-dog-toy-set\/#primaryimage"},"thumbnailUrl":"https:\/\/petproducts.com.cn\/wp-content\/uploads\/2024\/09\/christmas-dog-toy-box.webp","datePublished":"2024-09-13T01:55:42+00:00","dateModified":"2024-09-20T08:59:11+00:00","description":"Explore Christmas Dog Toy Box del proveedor de productos para mascotas. Petstar es un fabricante mundial de productos para mascotas. Su soluci\u00f3n de negocio ideal con Petstar.","breadcrumb":{"@id":"https:\/\/petproducts.com.cn\/product\/christmas-dog-toy-box-4-pcs-pet-gift-pack-hot-dog-toy-set\/#breadcrumb"},"inLanguage":"es","potentialAction":[{"@type":"ReadAction","target":["https:\/\/petproducts.com.cn\/product\/christmas-dog-toy-box-4-pcs-pet-gift-pack-hot-dog-toy-set\/"]}]},{"@type":"ImageObject","inLanguage":"es","@id":"https:\/\/petproducts.com.cn\/product\/christmas-dog-toy-box-4-pcs-pet-gift-pack-hot-dog-toy-set\/#primaryimage","url":"https:\/\/petproducts.com.cn\/wp-content\/uploads\/2024\/09\/christmas-dog-toy-box.webp","contentUrl":"https:\/\/petproducts.com.cn\/wp-content\/uploads\/2024\/09\/christmas-dog-toy-box.webp","width":1000,"height":1000,"caption":"christmas dog toy box"},{"@type":"BreadcrumbList","@id":"https:\/\/petproducts.com.cn\/product\/christmas-dog-toy-box-4-pcs-pet-gift-pack-hot-dog-toy-set\/#breadcrumb","itemListElement":[{"@type":"ListItem","position":1,"name":"HOME","item":"https:\/\/petproducts.com.cn\/"},{"@type":"ListItem","position":2,"name":"Products","item":"https:\/\/petproducts.com.cn\/shop\/"},{"@type":"ListItem","position":3,"name":"Dog Toys","item":"https:\/\/petproducts.com.cn\/product-category\/dog-toys\/"},{"@type":"ListItem","position":4,"name":"Christmas Dog Toy Box 4 Pcs Pet Gift Pack Hot Dog Toy Set"}]},{"@type":"WebSite","@id":"https:\/\/petproducts.com.cn\/#website","url":"https:\/\/petproducts.com.cn\/","name":"Petstar","description":"Fabricante l\u00edder de art\u00edculos para mascotas y proveedor OEM de productos para mascotas","publisher":{"@id":"https:\/\/petproducts.com.cn\/#organization"},"alternateName":"Petstar Pet Supplies","potentialAction":[{"@type":"SearchAction","target":{"@type":"EntryPoint","urlTemplate":"https:\/\/petproducts.com.cn\/?s={search_term_string}"},"query-input":{"@type":"PropertyValueSpecification","valueRequired":true,"valueName":"search_term_string"}}],"inLanguage":"es"},{"@type":"Organization","@id":"https:\/\/petproducts.com.cn\/#organization","name":"Petstar","url":"https:\/\/petproducts.com.cn\/","logo":{"@type":"ImageObject","inLanguage":"es","@id":"https:\/\/petproducts.com.cn\/#\/schema\/logo\/image\/","url":"https:\/\/petproducts.com.cn\/wp-content\/uploads\/2020\/02\/petstar-logo.webp","contentUrl":"https:\/\/petproducts.com.cn\/wp-content\/uploads\/2020\/02\/petstar-logo.webp","width":779,"height":520,"caption":"Petstar"},"image":{"@id":"https:\/\/petproducts.com.cn\/#\/schema\/logo\/image\/"}}]}},"_links":{"self":[{"href":"https:\/\/petproducts.com.cn\/es\/wp-json\/wp\/v2\/product\/29057","targetHints":{"allow":["GET"]}}],"collection":[{"href":"https:\/\/petproducts.com.cn\/es\/wp-json\/wp\/v2\/product"}],"about":[{"href":"https:\/\/petproducts.com.cn\/es\/wp-json\/wp\/v2\/types\/product"}],"version-history":[{"count":1,"href":"https:\/\/petproducts.com.cn\/es\/wp-json\/wp\/v2\/product\/29057\/revisions"}],"predecessor-version":[{"id":29064,"href":"https:\/\/petproducts.com.cn\/es\/wp-json\/wp\/v2\/product\/29057\/revisions\/29064"}],"wp:featuredmedia":[{"embeddable":true,"href":"https:\/\/petproducts.com.cn\/es\/wp-json\/wp\/v2\/media\/29060"}],"wp:attachment":[{"href":"https:\/\/petproducts.com.cn\/es\/wp-json\/wp\/v2\/media?parent=29057"}],"wp:term":[{"taxonomy":"product_brand","embeddable":true,"href":"https:\/\/petproducts.com.cn\/es\/wp-json\/wp\/v2\/product_brand?post=29057"},{"taxonomy":"product_cat","embeddable":true,"href":"https:\/\/petproducts.com.cn\/es\/wp-json\/wp\/v2\/product_cat?post=29057"},{"taxonomy":"product_tag","embeddable":true,"href":"https:\/\/petproducts.com.cn\/es\/wp-json\/wp\/v2\/product_tag?post=29057"}],"curies":[{"name":"wp","href":"https:\/\/api.w.org\/{rel}","templated":true}]}}