{"id":29820,"date":"2024-10-22T05:44:08","date_gmt":"2024-10-22T05:44:08","guid":{"rendered":"https:\/\/petproducts.com.cn\/?post_type=product&#038;p=29820"},"modified":"2024-10-22T06:23:49","modified_gmt":"2024-10-22T06:23:49","slug":"cat-dog-carrier-bag-shoulder-bag-handbag-cute-panda-shape-pet-travel-bags","status":"publish","type":"product","link":"https:\/\/petproducts.com.cn\/es\/product\/cat-dog-carrier-bag-shoulder-bag-handbag-cute-panda-shape-pet-travel-bags\/","title":{"rendered":"Bolso Bolso Bolso Bolso Bolso Bolso Bolso Bolso Bolso Bolso Bolso Bolso Bolso Bolso Bolso Bolso Bolso Bolso Bolso"},"content":{"rendered":"<h2><strong>Caracter\u00edsticas de la bolsa de transporte para perros y gatos<\/strong><\/h2>\n<ul>\n<li><strong>Adorable dise\u00f1o de panda<\/strong>: Esta bolsa de transporte para gatos y perros tiene una divertida forma de panda, con un orificio redondo en el centro por el que puede asomar la cabeza de su mascota, haciendo que parezca la cabeza del panda. Su bonito y exclusivo dise\u00f1o a\u00f1ade diversi\u00f3n a la experiencia de viaje de su mascota.<\/li>\n<li><strong>Opciones de transporte vers\u00e1tiles<\/strong>: Puede llevar esta bolsa como bandolera o como bolso de mano, lo que le da flexibilidad en la forma de transportar a su mascota. Las resistentes correas facilitan el cambio de estilo de transporte, en funci\u00f3n de tu comodidad y necesidades.<\/li>\n<li><strong>Material suave y c\u00f3modo<\/strong>: La bolsa est\u00e1 fabricada con un tejido suave y afelpado que garantiza que su mascota se mantenga c\u00f3moda en su interior. La textura de felpa hace que sea c\u00f3modo para su mascota tumbarse, mientras que tambi\u00e9n le da un agarre c\u00f3modo.<\/li>\n<li><strong>Duradero y ligero<\/strong>: A pesar de sus materiales suaves, esta bolsa de transporte para perros y gatos es ligera pero duradera. Puede soportar el uso regular y los inevitables movimientos de tu mascota sin perder su forma.<\/li>\n<li><strong>Elegante color verde<\/strong>: El color verde no s\u00f3lo hace que el transport\u00edn tenga un aspecto elegante, sino que tambi\u00e9n destaca como accesorio de moda cuando sales con tu mascota. Este color fresco complementa el dise\u00f1o del panda para un aspecto \u00fanico y llamativo.<\/li>\n<\/ul>\n<p style=\"text-align: center;\"><em><strong>Para saber m\u00e1s <a href=\"https:\/\/petproducts.com.cn\/es\/dog-carriers-manufacturer\/\">transportines para mascotas<\/a>, por favor <a href=\"https:\/\/petproducts.com.cn\/es\/contacto\/\">Cont\u00e1ctenos<\/a>!<\/strong><\/em><\/p>\n<p>&nbsp;<\/p>","protected":false},"excerpt":{"rendered":"<p>La bolsa de transporte para perros y gatos con forma de simp\u00e1tico panda ofrece una forma elegante y c\u00f3moda de llevar a su mascota. Con materiales suaves y un dise\u00f1o ingenioso, es perfecta para viajar c\u00f3modamente con tu mascota.<\/p>","protected":false},"featured_media":29823,"template":"","meta":{"_acf_changed":false},"product_brand":[],"product_cat":[133,71,132,72],"product_tag":[192,257],"class_list":{"0":"post-29820","1":"product","2":"type-product","3":"status-publish","4":"has-post-thumbnail","6":"product_cat-cat-carriers-car-supplies","7":"product_cat-cat-supplies","8":"product_cat-dog-carriers-car-supplies","9":"product_cat-dog-supplies","10":"product_tag-pet-bags","11":"product_tag-pet-carriers","13":"first","14":"instock","15":"shipping-taxable","16":"product-type-simple"},"acf":[],"yoast_head":"<!-- This site is optimized with the Yoast SEO plugin v27.1.1 - https:\/\/yoast.com\/product\/yoast-seo-wordpress\/ -->\n<title>Cat Dog Carrier Bag | Pet Travel Bags Manufacturer - Petstar<\/title>\n<meta name=\"description\" content=\"Explore Cat Dog Carrier Bag from the best pet product supplier. Petstar is a global pet supplies manufacturer. Your ideal business solution with Petstar.\" \/>\n<meta name=\"robots\" content=\"index, follow, max-snippet:-1, max-image-preview:large, max-video-preview:-1\" \/>\n<link rel=\"canonical\" href=\"https:\/\/petproducts.com.cn\/es\/producto\/cat-dog-carrier-bag-shoulder-bag-handbag-cute-panda-shape-pet-travel-bags\/\" \/>\n<meta property=\"og:locale\" content=\"es_ES\" \/>\n<meta property=\"og:type\" content=\"article\" \/>\n<meta property=\"og:title\" content=\"Cat Dog Carrier Bag | Pet Travel Bags Manufacturer - Petstar\" \/>\n<meta property=\"og:description\" content=\"Explore Cat Dog Carrier Bag from the best pet product supplier. Petstar is a global pet supplies manufacturer. Your ideal business solution with Petstar.\" \/>\n<meta property=\"og:url\" content=\"https:\/\/petproducts.com.cn\/es\/producto\/cat-dog-carrier-bag-shoulder-bag-handbag-cute-panda-shape-pet-travel-bags\/\" \/>\n<meta property=\"og:site_name\" content=\"Petstar\" \/>\n<meta property=\"article:modified_time\" content=\"2024-10-22T06:23:49+00:00\" \/>\n<meta property=\"og:image\" content=\"https:\/\/petproducts.com.cn\/wp-content\/uploads\/2024\/10\/Cat-Dog-Carrier-Bag.jpg\" \/>\n\t<meta property=\"og:image:width\" content=\"1000\" \/>\n\t<meta property=\"og:image:height\" content=\"1000\" \/>\n\t<meta property=\"og:image:type\" content=\"image\/jpeg\" \/>\n<meta name=\"twitter:card\" content=\"summary_large_image\" \/>\n<meta name=\"twitter:label1\" content=\"Tiempo de lectura\" \/>\n\t<meta name=\"twitter:data1\" content=\"2 minutos\" \/>\n<script type=\"application\/ld+json\" class=\"yoast-schema-graph\">{\"@context\":\"https:\/\/schema.org\",\"@graph\":[{\"@type\":\"WebPage\",\"@id\":\"https:\/\/petproducts.com.cn\/product\/cat-dog-carrier-bag-shoulder-bag-handbag-cute-panda-shape-pet-travel-bags\/\",\"url\":\"https:\/\/petproducts.com.cn\/product\/cat-dog-carrier-bag-shoulder-bag-handbag-cute-panda-shape-pet-travel-bags\/\",\"name\":\"Cat Dog Carrier Bag | Pet Travel Bags Manufacturer - Petstar\",\"isPartOf\":{\"@id\":\"https:\/\/petproducts.com.cn\/#website\"},\"primaryImageOfPage\":{\"@id\":\"https:\/\/petproducts.com.cn\/product\/cat-dog-carrier-bag-shoulder-bag-handbag-cute-panda-shape-pet-travel-bags\/#primaryimage\"},\"image\":{\"@id\":\"https:\/\/petproducts.com.cn\/product\/cat-dog-carrier-bag-shoulder-bag-handbag-cute-panda-shape-pet-travel-bags\/#primaryimage\"},\"thumbnailUrl\":\"https:\/\/petproducts.com.cn\/wp-content\/uploads\/2024\/10\/Cat-Dog-Carrier-Bag.jpg\",\"datePublished\":\"2024-10-22T05:44:08+00:00\",\"dateModified\":\"2024-10-22T06:23:49+00:00\",\"description\":\"Explore Cat Dog Carrier Bag from the best pet product supplier. Petstar is a global pet supplies manufacturer. Your ideal business solution with Petstar.\",\"breadcrumb\":{\"@id\":\"https:\/\/petproducts.com.cn\/product\/cat-dog-carrier-bag-shoulder-bag-handbag-cute-panda-shape-pet-travel-bags\/#breadcrumb\"},\"inLanguage\":\"es\",\"potentialAction\":[{\"@type\":\"ReadAction\",\"target\":[\"https:\/\/petproducts.com.cn\/product\/cat-dog-carrier-bag-shoulder-bag-handbag-cute-panda-shape-pet-travel-bags\/\"]}]},{\"@type\":\"ImageObject\",\"inLanguage\":\"es\",\"@id\":\"https:\/\/petproducts.com.cn\/product\/cat-dog-carrier-bag-shoulder-bag-handbag-cute-panda-shape-pet-travel-bags\/#primaryimage\",\"url\":\"https:\/\/petproducts.com.cn\/wp-content\/uploads\/2024\/10\/Cat-Dog-Carrier-Bag.jpg\",\"contentUrl\":\"https:\/\/petproducts.com.cn\/wp-content\/uploads\/2024\/10\/Cat-Dog-Carrier-Bag.jpg\",\"width\":1000,\"height\":1000,\"caption\":\"Cat Dog Carrier Bag\"},{\"@type\":\"BreadcrumbList\",\"@id\":\"https:\/\/petproducts.com.cn\/product\/cat-dog-carrier-bag-shoulder-bag-handbag-cute-panda-shape-pet-travel-bags\/#breadcrumb\",\"itemListElement\":[{\"@type\":\"ListItem\",\"position\":1,\"name\":\"HOME\",\"item\":\"https:\/\/petproducts.com.cn\/\"},{\"@type\":\"ListItem\",\"position\":2,\"name\":\"Products\",\"item\":\"https:\/\/petproducts.com.cn\/shop\/\"},{\"@type\":\"ListItem\",\"position\":3,\"name\":\"Dog Carriers &amp; Car Supplies\",\"item\":\"https:\/\/petproducts.com.cn\/product-category\/dog-carriers-car-supplies\/\"},{\"@type\":\"ListItem\",\"position\":4,\"name\":\"Cat Dog Carrier Bag Shoulder Bag Handbag Cute Panda Shape Pet Travel Bags\"}]},{\"@type\":\"WebSite\",\"@id\":\"https:\/\/petproducts.com.cn\/#website\",\"url\":\"https:\/\/petproducts.com.cn\/\",\"name\":\"Petstar\",\"description\":\"Leading Pet Supplies Manufacturer &amp; OEM Pet Products Supplier\",\"publisher\":{\"@id\":\"https:\/\/petproducts.com.cn\/#organization\"},\"alternateName\":\"Petstar Pet Supplies\",\"potentialAction\":[{\"@type\":\"SearchAction\",\"target\":{\"@type\":\"EntryPoint\",\"urlTemplate\":\"https:\/\/petproducts.com.cn\/?s={search_term_string}\"},\"query-input\":{\"@type\":\"PropertyValueSpecification\",\"valueRequired\":true,\"valueName\":\"search_term_string\"}}],\"inLanguage\":\"es\"},{\"@type\":\"Organization\",\"@id\":\"https:\/\/petproducts.com.cn\/#organization\",\"name\":\"Petstar\",\"url\":\"https:\/\/petproducts.com.cn\/\",\"logo\":{\"@type\":\"ImageObject\",\"inLanguage\":\"es\",\"@id\":\"https:\/\/petproducts.com.cn\/#\/schema\/logo\/image\/\",\"url\":\"https:\/\/petproducts.com.cn\/wp-content\/uploads\/2020\/02\/petstar-logo.webp\",\"contentUrl\":\"https:\/\/petproducts.com.cn\/wp-content\/uploads\/2020\/02\/petstar-logo.webp\",\"width\":779,\"height\":520,\"caption\":\"Petstar\"},\"image\":{\"@id\":\"https:\/\/petproducts.com.cn\/#\/schema\/logo\/image\/\"}}]}<\/script>\n<!-- \/ Yoast SEO plugin. -->","yoast_head_json":{"title":"Bolsa de transporte para perros y gatos - Petstar","description":"Explore Bolsa de transporte para perros y gatos del mejor proveedor de productos para mascotas. Petstar es un fabricante mundial de productos para mascotas. Su soluci\u00f3n de negocio ideal con Petstar.","robots":{"index":"index","follow":"follow","max-snippet":"max-snippet:-1","max-image-preview":"max-image-preview:large","max-video-preview":"max-video-preview:-1"},"canonical":"https:\/\/petproducts.com.cn\/es\/producto\/cat-dog-carrier-bag-shoulder-bag-handbag-cute-panda-shape-pet-travel-bags\/","og_locale":"es_ES","og_type":"article","og_title":"Cat Dog Carrier Bag | Pet Travel Bags Manufacturer - Petstar","og_description":"Explore Cat Dog Carrier Bag from the best pet product supplier. Petstar is a global pet supplies manufacturer. Your ideal business solution with Petstar.","og_url":"https:\/\/petproducts.com.cn\/es\/producto\/cat-dog-carrier-bag-shoulder-bag-handbag-cute-panda-shape-pet-travel-bags\/","og_site_name":"Petstar","article_modified_time":"2024-10-22T06:23:49+00:00","og_image":[{"width":1000,"height":1000,"url":"https:\/\/petproducts.com.cn\/wp-content\/uploads\/2024\/10\/Cat-Dog-Carrier-Bag.jpg","type":"image\/jpeg"}],"twitter_card":"summary_large_image","twitter_misc":{"Tiempo de lectura":"2 minutos"},"schema":{"@context":"https:\/\/schema.org","@graph":[{"@type":"WebPage","@id":"https:\/\/petproducts.com.cn\/product\/cat-dog-carrier-bag-shoulder-bag-handbag-cute-panda-shape-pet-travel-bags\/","url":"https:\/\/petproducts.com.cn\/product\/cat-dog-carrier-bag-shoulder-bag-handbag-cute-panda-shape-pet-travel-bags\/","name":"Bolsa de transporte para perros y gatos - Petstar","isPartOf":{"@id":"https:\/\/petproducts.com.cn\/#website"},"primaryImageOfPage":{"@id":"https:\/\/petproducts.com.cn\/product\/cat-dog-carrier-bag-shoulder-bag-handbag-cute-panda-shape-pet-travel-bags\/#primaryimage"},"image":{"@id":"https:\/\/petproducts.com.cn\/product\/cat-dog-carrier-bag-shoulder-bag-handbag-cute-panda-shape-pet-travel-bags\/#primaryimage"},"thumbnailUrl":"https:\/\/petproducts.com.cn\/wp-content\/uploads\/2024\/10\/Cat-Dog-Carrier-Bag.jpg","datePublished":"2024-10-22T05:44:08+00:00","dateModified":"2024-10-22T06:23:49+00:00","description":"Explore Bolsa de transporte para perros y gatos del mejor proveedor de productos para mascotas. Petstar es un fabricante mundial de productos para mascotas. Su soluci\u00f3n de negocio ideal con Petstar.","breadcrumb":{"@id":"https:\/\/petproducts.com.cn\/product\/cat-dog-carrier-bag-shoulder-bag-handbag-cute-panda-shape-pet-travel-bags\/#breadcrumb"},"inLanguage":"es","potentialAction":[{"@type":"ReadAction","target":["https:\/\/petproducts.com.cn\/product\/cat-dog-carrier-bag-shoulder-bag-handbag-cute-panda-shape-pet-travel-bags\/"]}]},{"@type":"ImageObject","inLanguage":"es","@id":"https:\/\/petproducts.com.cn\/product\/cat-dog-carrier-bag-shoulder-bag-handbag-cute-panda-shape-pet-travel-bags\/#primaryimage","url":"https:\/\/petproducts.com.cn\/wp-content\/uploads\/2024\/10\/Cat-Dog-Carrier-Bag.jpg","contentUrl":"https:\/\/petproducts.com.cn\/wp-content\/uploads\/2024\/10\/Cat-Dog-Carrier-Bag.jpg","width":1000,"height":1000,"caption":"Cat Dog Carrier Bag"},{"@type":"BreadcrumbList","@id":"https:\/\/petproducts.com.cn\/product\/cat-dog-carrier-bag-shoulder-bag-handbag-cute-panda-shape-pet-travel-bags\/#breadcrumb","itemListElement":[{"@type":"ListItem","position":1,"name":"HOME","item":"https:\/\/petproducts.com.cn\/"},{"@type":"ListItem","position":2,"name":"Products","item":"https:\/\/petproducts.com.cn\/shop\/"},{"@type":"ListItem","position":3,"name":"Dog Carriers &amp; Car Supplies","item":"https:\/\/petproducts.com.cn\/product-category\/dog-carriers-car-supplies\/"},{"@type":"ListItem","position":4,"name":"Cat Dog Carrier Bag Shoulder Bag Handbag Cute Panda Shape Pet Travel Bags"}]},{"@type":"WebSite","@id":"https:\/\/petproducts.com.cn\/#website","url":"https:\/\/petproducts.com.cn\/","name":"Petstar","description":"Fabricante l\u00edder de art\u00edculos para mascotas y proveedor OEM de productos para mascotas","publisher":{"@id":"https:\/\/petproducts.com.cn\/#organization"},"alternateName":"Petstar Pet Supplies","potentialAction":[{"@type":"SearchAction","target":{"@type":"EntryPoint","urlTemplate":"https:\/\/petproducts.com.cn\/?s={search_term_string}"},"query-input":{"@type":"PropertyValueSpecification","valueRequired":true,"valueName":"search_term_string"}}],"inLanguage":"es"},{"@type":"Organization","@id":"https:\/\/petproducts.com.cn\/#organization","name":"Petstar","url":"https:\/\/petproducts.com.cn\/","logo":{"@type":"ImageObject","inLanguage":"es","@id":"https:\/\/petproducts.com.cn\/#\/schema\/logo\/image\/","url":"https:\/\/petproducts.com.cn\/wp-content\/uploads\/2020\/02\/petstar-logo.webp","contentUrl":"https:\/\/petproducts.com.cn\/wp-content\/uploads\/2020\/02\/petstar-logo.webp","width":779,"height":520,"caption":"Petstar"},"image":{"@id":"https:\/\/petproducts.com.cn\/#\/schema\/logo\/image\/"}}]}},"_links":{"self":[{"href":"https:\/\/petproducts.com.cn\/es\/wp-json\/wp\/v2\/product\/29820","targetHints":{"allow":["GET"]}}],"collection":[{"href":"https:\/\/petproducts.com.cn\/es\/wp-json\/wp\/v2\/product"}],"about":[{"href":"https:\/\/petproducts.com.cn\/es\/wp-json\/wp\/v2\/types\/product"}],"version-history":[{"count":2,"href":"https:\/\/petproducts.com.cn\/es\/wp-json\/wp\/v2\/product\/29820\/revisions"}],"predecessor-version":[{"id":29828,"href":"https:\/\/petproducts.com.cn\/es\/wp-json\/wp\/v2\/product\/29820\/revisions\/29828"}],"wp:featuredmedia":[{"embeddable":true,"href":"https:\/\/petproducts.com.cn\/es\/wp-json\/wp\/v2\/media\/29823"}],"wp:attachment":[{"href":"https:\/\/petproducts.com.cn\/es\/wp-json\/wp\/v2\/media?parent=29820"}],"wp:term":[{"taxonomy":"product_brand","embeddable":true,"href":"https:\/\/petproducts.com.cn\/es\/wp-json\/wp\/v2\/product_brand?post=29820"},{"taxonomy":"product_cat","embeddable":true,"href":"https:\/\/petproducts.com.cn\/es\/wp-json\/wp\/v2\/product_cat?post=29820"},{"taxonomy":"product_tag","embeddable":true,"href":"https:\/\/petproducts.com.cn\/es\/wp-json\/wp\/v2\/product_tag?post=29820"}],"curies":[{"name":"wp","href":"https:\/\/api.w.org\/{rel}","templated":true}]}}