{"id":29944,"date":"2024-10-24T02:03:30","date_gmt":"2024-10-24T02:03:30","guid":{"rendered":"https:\/\/petproducts.com.cn\/?post_type=product&#038;p=29944"},"modified":"2024-10-24T03:37:34","modified_gmt":"2024-10-24T03:37:34","slug":"dog-treat-toys-interactive-iq-training-hidden-food-tpr-rope-plush-dog-toy","status":"publish","type":"product","link":"https:\/\/petproducts.com.cn\/es\/product\/dog-treat-toys-interactive-iq-training-hidden-food-tpr-rope-plush-dog-toy\/","title":{"rendered":"Juguetes interactivos para perros IQ Entrenamiento Comida oculta TPR Cuerda Peluche Juguete para perros"},"content":{"rendered":"<h2>Caracter\u00edsticas de los juguetes para perros<\/h2>\n<ul>\n<li><strong>Dise\u00f1o interactivo para la formaci\u00f3n en CI<\/strong>: El Dog Treat Toys anima a su perro a pensar y resolver problemas, ayud\u00e1ndole a desarrollar su inteligencia. Con cada sesi\u00f3n de juego, su perro participa en un divertido y estimulante entrenamiento del coeficiente intelectual.<\/li>\n<li><strong>Compartimento oculto para alimentos<\/strong>: El juguete cuenta con una zona interior de TPR (caucho termopl\u00e1stico) donde se pueden esconder golosinas. Este compartimento oculto motiva a su perro a esforzarse m\u00e1s, olfateando y dando zarpazos para descubrir su recompensa, proporcionando tanto estimulaci\u00f3n mental como actividad f\u00edsica.<\/li>\n<li><strong>Exterior de felpa suave<\/strong>: El material de felpa del exterior a\u00f1ade una textura reconfortante con la que a su perro le encantar\u00e1 acurrucarse. Es suave con la boca de su perro, pero lo suficientemente resistente para soportar el juego diario.<\/li>\n<li><strong>Cuerda de algod\u00f3n para tirar<\/strong>: La resistente cuerda de algod\u00f3n unida al juguete lo hace ideal para juegos de tira y afloja. Esta caracter\u00edstica promueve el juego interactivo entre usted y su perro, fortaleciendo su v\u00ednculo y d\u00e1ndoles el ejercicio que necesitan.<\/li>\n<li><strong>Resistente TPR para una diversi\u00f3n duradera<\/strong>: La secci\u00f3n interior de TPR es muy duradera, lo que garantiza que el juguete pueda soportar horas de masticaci\u00f3n, tirones y juegos. Esto hace que el juguete perfecto para masticadores fuertes, proporcionando entretenimiento de larga duraci\u00f3n.<\/li>\n<\/ul>\n<p style=\"text-align: center;\"><em><strong>Para saber m\u00e1s <a href=\"https:\/\/petproducts.com.cn\/es\/wholesale-cat-toys\/\">juguetes para gatos<\/a> &amp; <a href=\"https:\/\/petproducts.com.cn\/es\/wholesale-dog-toys\/\">juguetes para perros<\/a>,<\/strong><\/em><em><strong>\u00a0por favor <a href=\"https:\/\/petproducts.com.cn\/es\/contacto\/\">Cont\u00e1ctenos<\/a>!<\/strong><\/em><\/p>","protected":false},"excerpt":{"rendered":"<p>El Dog Treat Toy es un juguete de peluche interactivo dise\u00f1ado para estimular la inteligencia de su perro a la vez que le proporciona diversi\u00f3n sin fin. Su compartimento oculto para la comida y su resistente cuerda lo convierten en la combinaci\u00f3n perfecta de juego y adiestramiento.<\/p>","protected":false},"featured_media":29947,"template":"","meta":{"_acf_changed":false},"product_brand":[],"product_cat":[72,48],"product_tag":[223,231,227,232],"class_list":{"0":"post-29944","1":"product","2":"type-product","3":"status-publish","4":"has-post-thumbnail","6":"product_cat-dog-supplies","7":"product_cat-dog-toys","8":"product_tag-dog-chew-toys","9":"product_tag-dog-plush-toys","10":"product_tag-dog-treat-toys","11":"product_tag-interactive-dog-toys","13":"first","14":"instock","15":"shipping-taxable","16":"product-type-simple"},"acf":[],"yoast_head":"<!-- This site is optimized with the Yoast SEO plugin v27.1.1 - https:\/\/yoast.com\/product\/yoast-seo-wordpress\/ -->\n<title>Dog Treat Toys | Rope Plush Dog Toy Manufacturer- Petstar<\/title>\n<meta name=\"description\" content=\"Explore Dog Treat Toys from the best pet products supplier. Petstar is a global pet product manufacturer. Your ideal business solution with Petstar.\" \/>\n<meta name=\"robots\" content=\"index, follow, max-snippet:-1, max-image-preview:large, max-video-preview:-1\" \/>\n<link rel=\"canonical\" href=\"https:\/\/petproducts.com.cn\/es\/producto\/dog-treat-toys-interactive-iq-training-hidden-food-tpr-rope-plush-dog-toy\/\" \/>\n<meta property=\"og:locale\" content=\"es_ES\" \/>\n<meta property=\"og:type\" content=\"article\" \/>\n<meta property=\"og:title\" content=\"Dog Treat Toys | Rope Plush Dog Toy Manufacturer- Petstar\" \/>\n<meta property=\"og:description\" content=\"Explore Dog Treat Toys from the best pet products supplier. Petstar is a global pet product manufacturer. Your ideal business solution with Petstar.\" \/>\n<meta property=\"og:url\" content=\"https:\/\/petproducts.com.cn\/es\/producto\/dog-treat-toys-interactive-iq-training-hidden-food-tpr-rope-plush-dog-toy\/\" \/>\n<meta property=\"og:site_name\" content=\"Petstar\" \/>\n<meta property=\"article:modified_time\" content=\"2024-10-24T03:37:34+00:00\" \/>\n<meta property=\"og:image\" content=\"https:\/\/petproducts.com.cn\/wp-content\/uploads\/2024\/10\/Dog-Treat-Toys.webp\" \/>\n\t<meta property=\"og:image:width\" content=\"1000\" \/>\n\t<meta property=\"og:image:height\" content=\"1000\" \/>\n\t<meta property=\"og:image:type\" content=\"image\/webp\" \/>\n<meta name=\"twitter:card\" content=\"summary_large_image\" \/>\n<meta name=\"twitter:label1\" content=\"Tiempo de lectura\" \/>\n\t<meta name=\"twitter:data1\" content=\"2 minutos\" \/>\n<script type=\"application\/ld+json\" class=\"yoast-schema-graph\">{\"@context\":\"https:\/\/schema.org\",\"@graph\":[{\"@type\":\"WebPage\",\"@id\":\"https:\/\/petproducts.com.cn\/product\/dog-treat-toys-interactive-iq-training-hidden-food-tpr-rope-plush-dog-toy\/\",\"url\":\"https:\/\/petproducts.com.cn\/product\/dog-treat-toys-interactive-iq-training-hidden-food-tpr-rope-plush-dog-toy\/\",\"name\":\"Dog Treat Toys | Rope Plush Dog Toy Manufacturer- Petstar\",\"isPartOf\":{\"@id\":\"https:\/\/petproducts.com.cn\/#website\"},\"primaryImageOfPage\":{\"@id\":\"https:\/\/petproducts.com.cn\/product\/dog-treat-toys-interactive-iq-training-hidden-food-tpr-rope-plush-dog-toy\/#primaryimage\"},\"image\":{\"@id\":\"https:\/\/petproducts.com.cn\/product\/dog-treat-toys-interactive-iq-training-hidden-food-tpr-rope-plush-dog-toy\/#primaryimage\"},\"thumbnailUrl\":\"https:\/\/petproducts.com.cn\/wp-content\/uploads\/2024\/10\/Dog-Treat-Toys.webp\",\"datePublished\":\"2024-10-24T02:03:30+00:00\",\"dateModified\":\"2024-10-24T03:37:34+00:00\",\"description\":\"Explore Dog Treat Toys from the best pet products supplier. Petstar is a global pet product manufacturer. Your ideal business solution with Petstar.\",\"breadcrumb\":{\"@id\":\"https:\/\/petproducts.com.cn\/product\/dog-treat-toys-interactive-iq-training-hidden-food-tpr-rope-plush-dog-toy\/#breadcrumb\"},\"inLanguage\":\"es\",\"potentialAction\":[{\"@type\":\"ReadAction\",\"target\":[\"https:\/\/petproducts.com.cn\/product\/dog-treat-toys-interactive-iq-training-hidden-food-tpr-rope-plush-dog-toy\/\"]}]},{\"@type\":\"ImageObject\",\"inLanguage\":\"es\",\"@id\":\"https:\/\/petproducts.com.cn\/product\/dog-treat-toys-interactive-iq-training-hidden-food-tpr-rope-plush-dog-toy\/#primaryimage\",\"url\":\"https:\/\/petproducts.com.cn\/wp-content\/uploads\/2024\/10\/Dog-Treat-Toys.webp\",\"contentUrl\":\"https:\/\/petproducts.com.cn\/wp-content\/uploads\/2024\/10\/Dog-Treat-Toys.webp\",\"width\":1000,\"height\":1000,\"caption\":\"Dog Treat Toys\"},{\"@type\":\"BreadcrumbList\",\"@id\":\"https:\/\/petproducts.com.cn\/product\/dog-treat-toys-interactive-iq-training-hidden-food-tpr-rope-plush-dog-toy\/#breadcrumb\",\"itemListElement\":[{\"@type\":\"ListItem\",\"position\":1,\"name\":\"HOME\",\"item\":\"https:\/\/petproducts.com.cn\/\"},{\"@type\":\"ListItem\",\"position\":2,\"name\":\"Products\",\"item\":\"https:\/\/petproducts.com.cn\/shop\/\"},{\"@type\":\"ListItem\",\"position\":3,\"name\":\"Dog Toys\",\"item\":\"https:\/\/petproducts.com.cn\/product-category\/dog-toys\/\"},{\"@type\":\"ListItem\",\"position\":4,\"name\":\"Dog Treat Toys Interactive IQ Training Hidden Food TPR Rope Plush Dog Toy\"}]},{\"@type\":\"WebSite\",\"@id\":\"https:\/\/petproducts.com.cn\/#website\",\"url\":\"https:\/\/petproducts.com.cn\/\",\"name\":\"Petstar\",\"description\":\"Leading Pet Supplies Manufacturer &amp; OEM Pet Products Supplier\",\"publisher\":{\"@id\":\"https:\/\/petproducts.com.cn\/#organization\"},\"alternateName\":\"Petstar Pet Supplies\",\"potentialAction\":[{\"@type\":\"SearchAction\",\"target\":{\"@type\":\"EntryPoint\",\"urlTemplate\":\"https:\/\/petproducts.com.cn\/?s={search_term_string}\"},\"query-input\":{\"@type\":\"PropertyValueSpecification\",\"valueRequired\":true,\"valueName\":\"search_term_string\"}}],\"inLanguage\":\"es\"},{\"@type\":\"Organization\",\"@id\":\"https:\/\/petproducts.com.cn\/#organization\",\"name\":\"Petstar\",\"url\":\"https:\/\/petproducts.com.cn\/\",\"logo\":{\"@type\":\"ImageObject\",\"inLanguage\":\"es\",\"@id\":\"https:\/\/petproducts.com.cn\/#\/schema\/logo\/image\/\",\"url\":\"https:\/\/petproducts.com.cn\/wp-content\/uploads\/2020\/02\/petstar-logo.webp\",\"contentUrl\":\"https:\/\/petproducts.com.cn\/wp-content\/uploads\/2020\/02\/petstar-logo.webp\",\"width\":779,\"height\":520,\"caption\":\"Petstar\"},\"image\":{\"@id\":\"https:\/\/petproducts.com.cn\/#\/schema\/logo\/image\/\"}}]}<\/script>\n<!-- \/ Yoast SEO plugin. -->","yoast_head_json":{"title":"Juguetes para perros | Juguete de peluche de cuerda para perros Fabricante- Petstar","description":"Explore Dog Treat Toys del mejor proveedor de productos para mascotas. Petstar es un fabricante mundial de productos para mascotas. Su soluci\u00f3n de negocio ideal con Petstar.","robots":{"index":"index","follow":"follow","max-snippet":"max-snippet:-1","max-image-preview":"max-image-preview:large","max-video-preview":"max-video-preview:-1"},"canonical":"https:\/\/petproducts.com.cn\/es\/producto\/dog-treat-toys-interactive-iq-training-hidden-food-tpr-rope-plush-dog-toy\/","og_locale":"es_ES","og_type":"article","og_title":"Dog Treat Toys | Rope Plush Dog Toy Manufacturer- Petstar","og_description":"Explore Dog Treat Toys from the best pet products supplier. Petstar is a global pet product manufacturer. Your ideal business solution with Petstar.","og_url":"https:\/\/petproducts.com.cn\/es\/producto\/dog-treat-toys-interactive-iq-training-hidden-food-tpr-rope-plush-dog-toy\/","og_site_name":"Petstar","article_modified_time":"2024-10-24T03:37:34+00:00","og_image":[{"width":1000,"height":1000,"url":"https:\/\/petproducts.com.cn\/wp-content\/uploads\/2024\/10\/Dog-Treat-Toys.webp","type":"image\/webp"}],"twitter_card":"summary_large_image","twitter_misc":{"Tiempo de lectura":"2 minutos"},"schema":{"@context":"https:\/\/schema.org","@graph":[{"@type":"WebPage","@id":"https:\/\/petproducts.com.cn\/product\/dog-treat-toys-interactive-iq-training-hidden-food-tpr-rope-plush-dog-toy\/","url":"https:\/\/petproducts.com.cn\/product\/dog-treat-toys-interactive-iq-training-hidden-food-tpr-rope-plush-dog-toy\/","name":"Juguetes para perros | Juguete de peluche de cuerda para perros Fabricante- Petstar","isPartOf":{"@id":"https:\/\/petproducts.com.cn\/#website"},"primaryImageOfPage":{"@id":"https:\/\/petproducts.com.cn\/product\/dog-treat-toys-interactive-iq-training-hidden-food-tpr-rope-plush-dog-toy\/#primaryimage"},"image":{"@id":"https:\/\/petproducts.com.cn\/product\/dog-treat-toys-interactive-iq-training-hidden-food-tpr-rope-plush-dog-toy\/#primaryimage"},"thumbnailUrl":"https:\/\/petproducts.com.cn\/wp-content\/uploads\/2024\/10\/Dog-Treat-Toys.webp","datePublished":"2024-10-24T02:03:30+00:00","dateModified":"2024-10-24T03:37:34+00:00","description":"Explore Dog Treat Toys del mejor proveedor de productos para mascotas. Petstar es un fabricante mundial de productos para mascotas. Su soluci\u00f3n de negocio ideal con Petstar.","breadcrumb":{"@id":"https:\/\/petproducts.com.cn\/product\/dog-treat-toys-interactive-iq-training-hidden-food-tpr-rope-plush-dog-toy\/#breadcrumb"},"inLanguage":"es","potentialAction":[{"@type":"ReadAction","target":["https:\/\/petproducts.com.cn\/product\/dog-treat-toys-interactive-iq-training-hidden-food-tpr-rope-plush-dog-toy\/"]}]},{"@type":"ImageObject","inLanguage":"es","@id":"https:\/\/petproducts.com.cn\/product\/dog-treat-toys-interactive-iq-training-hidden-food-tpr-rope-plush-dog-toy\/#primaryimage","url":"https:\/\/petproducts.com.cn\/wp-content\/uploads\/2024\/10\/Dog-Treat-Toys.webp","contentUrl":"https:\/\/petproducts.com.cn\/wp-content\/uploads\/2024\/10\/Dog-Treat-Toys.webp","width":1000,"height":1000,"caption":"Dog Treat Toys"},{"@type":"BreadcrumbList","@id":"https:\/\/petproducts.com.cn\/product\/dog-treat-toys-interactive-iq-training-hidden-food-tpr-rope-plush-dog-toy\/#breadcrumb","itemListElement":[{"@type":"ListItem","position":1,"name":"HOME","item":"https:\/\/petproducts.com.cn\/"},{"@type":"ListItem","position":2,"name":"Products","item":"https:\/\/petproducts.com.cn\/shop\/"},{"@type":"ListItem","position":3,"name":"Dog Toys","item":"https:\/\/petproducts.com.cn\/product-category\/dog-toys\/"},{"@type":"ListItem","position":4,"name":"Dog Treat Toys Interactive IQ Training Hidden Food TPR Rope Plush Dog Toy"}]},{"@type":"WebSite","@id":"https:\/\/petproducts.com.cn\/#website","url":"https:\/\/petproducts.com.cn\/","name":"Petstar","description":"Fabricante l\u00edder de art\u00edculos para mascotas y proveedor OEM de productos para mascotas","publisher":{"@id":"https:\/\/petproducts.com.cn\/#organization"},"alternateName":"Petstar Pet Supplies","potentialAction":[{"@type":"SearchAction","target":{"@type":"EntryPoint","urlTemplate":"https:\/\/petproducts.com.cn\/?s={search_term_string}"},"query-input":{"@type":"PropertyValueSpecification","valueRequired":true,"valueName":"search_term_string"}}],"inLanguage":"es"},{"@type":"Organization","@id":"https:\/\/petproducts.com.cn\/#organization","name":"Petstar","url":"https:\/\/petproducts.com.cn\/","logo":{"@type":"ImageObject","inLanguage":"es","@id":"https:\/\/petproducts.com.cn\/#\/schema\/logo\/image\/","url":"https:\/\/petproducts.com.cn\/wp-content\/uploads\/2020\/02\/petstar-logo.webp","contentUrl":"https:\/\/petproducts.com.cn\/wp-content\/uploads\/2020\/02\/petstar-logo.webp","width":779,"height":520,"caption":"Petstar"},"image":{"@id":"https:\/\/petproducts.com.cn\/#\/schema\/logo\/image\/"}}]}},"_links":{"self":[{"href":"https:\/\/petproducts.com.cn\/es\/wp-json\/wp\/v2\/product\/29944","targetHints":{"allow":["GET"]}}],"collection":[{"href":"https:\/\/petproducts.com.cn\/es\/wp-json\/wp\/v2\/product"}],"about":[{"href":"https:\/\/petproducts.com.cn\/es\/wp-json\/wp\/v2\/types\/product"}],"version-history":[{"count":2,"href":"https:\/\/petproducts.com.cn\/es\/wp-json\/wp\/v2\/product\/29944\/revisions"}],"predecessor-version":[{"id":29953,"href":"https:\/\/petproducts.com.cn\/es\/wp-json\/wp\/v2\/product\/29944\/revisions\/29953"}],"wp:featuredmedia":[{"embeddable":true,"href":"https:\/\/petproducts.com.cn\/es\/wp-json\/wp\/v2\/media\/29947"}],"wp:attachment":[{"href":"https:\/\/petproducts.com.cn\/es\/wp-json\/wp\/v2\/media?parent=29944"}],"wp:term":[{"taxonomy":"product_brand","embeddable":true,"href":"https:\/\/petproducts.com.cn\/es\/wp-json\/wp\/v2\/product_brand?post=29944"},{"taxonomy":"product_cat","embeddable":true,"href":"https:\/\/petproducts.com.cn\/es\/wp-json\/wp\/v2\/product_cat?post=29944"},{"taxonomy":"product_tag","embeddable":true,"href":"https:\/\/petproducts.com.cn\/es\/wp-json\/wp\/v2\/product_tag?post=29944"}],"curies":[{"name":"wp","href":"https:\/\/api.w.org\/{rel}","templated":true}]}}