{"id":30244,"date":"2024-11-07T02:10:00","date_gmt":"2024-11-07T02:10:00","guid":{"rendered":"https:\/\/petproducts.com.cn\/?post_type=product&#038;p=30244"},"modified":"2024-11-07T02:31:06","modified_gmt":"2024-11-07T02:31:06","slug":"cat-play-set-toy-ball-pet-gift-pack-interactive-best-cat-kitten-toys","status":"publish","type":"product","link":"https:\/\/petproducts.com.cn\/es\/product\/cat-play-set-toy-ball-pet-gift-pack-interactive-best-cat-kitten-toys\/","title":{"rendered":"Cat Play Set Juguete Pelota Mascota Pack Regalo Interactivo Mejores Juguetes para Gatitos"},"content":{"rendered":"<h2>Caracter\u00edsticas del juguete Cat Play Set<\/h2>\n<ul>\n<li><strong>Kit de entretenimiento todo en uno de 15 piezas<\/strong>: Este valioso juego incluye una gama de juguetes dise\u00f1ados para captar la curiosidad de su gato. Desde pelotas hasta juguetes arrugables, este surtido ofrece una mezcla variada para interminables sesiones de juego.<\/li>\n<li><strong>Bolas interactivas para divertirse a lo grande<\/strong>: Las ligeras pelotas son ideales para batear y perseguir, ayudando a su gato a mantenerse activo y proporcion\u00e1ndole horas de ejercicio. Su movimiento estimula los instintos naturales de caza, manteniendo a tu gato entretenido y en buena forma f\u00edsica.<\/li>\n<li><strong>Juguetes que se arrugan para captar el sonido<\/strong>: A los gatos les encanta el irresistible ruido de las arrugas, que despierta su curiosidad y excitaci\u00f3n. Estos juguetes arrugables a\u00f1aden una capa extra de estimulaci\u00f3n sensorial, haciendo que cada sesi\u00f3n de juego sea m\u00e1s intrigante.<\/li>\n<li><strong>Juguetes de peluche suaves para una mayor comodidad y un juego m\u00e1s delicado<\/strong>: Estos juguetes de felpa son perfectos para acurrucarse y masticar suavemente, proporcionando a su gato una salida segura para mimos y juegos reconfortantes. Tambi\u00e9n son suaves con las garras y los dientes.<\/li>\n<li><strong>Juguetes de sisal para ratones, para ara\u00f1ar y morder<\/strong>: Los resistentes ratones de sisal satisfacen las necesidades de ara\u00f1ar y morder, ayudando a proteger sus muebles y ofreciendo una salida saludable para estos comportamientos naturales. Perfectos para simular una experiencia de caza real, estos juguetes para ratones cautivan y enganchan a tu gato.<\/li>\n<li><strong>Materiales duraderos y seguros<\/strong>: Fabricado con materiales no t\u00f3xicos de alta calidad, cada juguete est\u00e1 dise\u00f1ado para la seguridad y el disfrute duradero de su gato. Su robusta construcci\u00f3n resiste los ara\u00f1azos y mordiscos, garantizando la durabilidad de estos juguetes.<\/li>\n<li><strong>Regalo ideal para gatos de todas las edades<\/strong>: Ya sea para un gatito curioso o para un gato adulto juguet\u00f3n, este set de juego es una opci\u00f3n vers\u00e1til. Es un regalo ideal para cualquier due\u00f1o de un gato o una divertida sorpresa para su propio amigo peludo.<\/li>\n<\/ul>\n<p style=\"text-align: center;\"><em><strong>Para saber m\u00e1s <a href=\"https:\/\/petproducts.com.cn\/es\/wholesale-cat-toys\/\">juguetes para gatos<\/a> &amp; <a href=\"https:\/\/petproducts.com.cn\/es\/wholesale-dog-toys\/\">juguetes para perros<\/a>,<\/strong><\/em><em><strong>\u00a0por favor <a href=\"https:\/\/petproducts.com.cn\/es\/contacto\/\">Cont\u00e1ctenos<\/a>!<\/strong><\/em><\/p>","protected":false},"excerpt":{"rendered":"<p>El Cat Play Set Toy Ball 15Pcs es el kit interactivo definitivo, repleto de atractivos juguetes que aportar\u00e1n alegr\u00eda y actividad al tiempo de juego de su gato.<\/p>","protected":false},"featured_media":30251,"template":"","meta":{"_acf_changed":false},"product_brand":[],"product_cat":[71,81],"product_tag":[268,248,230],"class_list":{"0":"post-30244","1":"product","2":"type-product","3":"status-publish","4":"has-post-thumbnail","6":"product_cat-cat-supplies","7":"product_cat-cat-toys","8":"product_tag-cat-ball-toys","9":"product_tag-cat-toys-set","10":"product_tag-interactive-cat-toys","12":"first","13":"instock","14":"shipping-taxable","15":"product-type-simple"},"acf":[],"yoast_head":"<!-- This site is optimized with the Yoast SEO plugin v27.1.1 - https:\/\/yoast.com\/product\/yoast-seo-wordpress\/ -->\n<title>Cat Play Set Toy | Best Cat Kitten Toys Manufacturer- Petstar<\/title>\n<meta name=\"description\" content=\"Explore Cat Play Set Toy from the best pet products supplier. Petstar is a global pet product manufacturer. Your ideal business solution with Petstar.\" \/>\n<meta name=\"robots\" content=\"index, follow, max-snippet:-1, max-image-preview:large, max-video-preview:-1\" \/>\n<link rel=\"canonical\" href=\"https:\/\/petproducts.com.cn\/es\/producto\/cat-play-set-toy-ball-pet-gift-pack-interactive-best-cat-kitten-toys\/\" \/>\n<meta property=\"og:locale\" content=\"es_ES\" \/>\n<meta property=\"og:type\" content=\"article\" \/>\n<meta property=\"og:title\" content=\"Cat Play Set Toy | Best Cat Kitten Toys Manufacturer- Petstar\" \/>\n<meta property=\"og:description\" content=\"Explore Cat Play Set Toy from the best pet products supplier. Petstar is a global pet product manufacturer. Your ideal business solution with Petstar.\" \/>\n<meta property=\"og:url\" content=\"https:\/\/petproducts.com.cn\/es\/producto\/cat-play-set-toy-ball-pet-gift-pack-interactive-best-cat-kitten-toys\/\" \/>\n<meta property=\"og:site_name\" content=\"Petstar\" \/>\n<meta property=\"article:modified_time\" content=\"2024-11-07T02:31:06+00:00\" \/>\n<meta property=\"og:image\" content=\"https:\/\/petproducts.com.cn\/wp-content\/uploads\/2024\/11\/Wholesale-Cat-Play-Set-Toy.webp\" \/>\n\t<meta property=\"og:image:width\" content=\"1000\" \/>\n\t<meta property=\"og:image:height\" content=\"1000\" \/>\n\t<meta property=\"og:image:type\" content=\"image\/webp\" \/>\n<meta name=\"twitter:card\" content=\"summary_large_image\" \/>\n<meta name=\"twitter:label1\" content=\"Tiempo de lectura\" \/>\n\t<meta name=\"twitter:data1\" content=\"2 minutos\" \/>\n<script type=\"application\/ld+json\" class=\"yoast-schema-graph\">{\"@context\":\"https:\/\/schema.org\",\"@graph\":[{\"@type\":\"WebPage\",\"@id\":\"https:\/\/petproducts.com.cn\/product\/cat-play-set-toy-ball-pet-gift-pack-interactive-best-cat-kitten-toys\/\",\"url\":\"https:\/\/petproducts.com.cn\/product\/cat-play-set-toy-ball-pet-gift-pack-interactive-best-cat-kitten-toys\/\",\"name\":\"Cat Play Set Toy | Best Cat Kitten Toys Manufacturer- Petstar\",\"isPartOf\":{\"@id\":\"https:\/\/petproducts.com.cn\/#website\"},\"primaryImageOfPage\":{\"@id\":\"https:\/\/petproducts.com.cn\/product\/cat-play-set-toy-ball-pet-gift-pack-interactive-best-cat-kitten-toys\/#primaryimage\"},\"image\":{\"@id\":\"https:\/\/petproducts.com.cn\/product\/cat-play-set-toy-ball-pet-gift-pack-interactive-best-cat-kitten-toys\/#primaryimage\"},\"thumbnailUrl\":\"https:\/\/petproducts.com.cn\/wp-content\/uploads\/2024\/11\/Wholesale-Cat-Play-Set-Toy.webp\",\"datePublished\":\"2024-11-07T02:10:00+00:00\",\"dateModified\":\"2024-11-07T02:31:06+00:00\",\"description\":\"Explore Cat Play Set Toy from the best pet products supplier. Petstar is a global pet product manufacturer. Your ideal business solution with Petstar.\",\"breadcrumb\":{\"@id\":\"https:\/\/petproducts.com.cn\/product\/cat-play-set-toy-ball-pet-gift-pack-interactive-best-cat-kitten-toys\/#breadcrumb\"},\"inLanguage\":\"es\",\"potentialAction\":[{\"@type\":\"ReadAction\",\"target\":[\"https:\/\/petproducts.com.cn\/product\/cat-play-set-toy-ball-pet-gift-pack-interactive-best-cat-kitten-toys\/\"]}]},{\"@type\":\"ImageObject\",\"inLanguage\":\"es\",\"@id\":\"https:\/\/petproducts.com.cn\/product\/cat-play-set-toy-ball-pet-gift-pack-interactive-best-cat-kitten-toys\/#primaryimage\",\"url\":\"https:\/\/petproducts.com.cn\/wp-content\/uploads\/2024\/11\/Wholesale-Cat-Play-Set-Toy.webp\",\"contentUrl\":\"https:\/\/petproducts.com.cn\/wp-content\/uploads\/2024\/11\/Wholesale-Cat-Play-Set-Toy.webp\",\"width\":1000,\"height\":1000,\"caption\":\"Wholesale Cat Play Set Toy\"},{\"@type\":\"BreadcrumbList\",\"@id\":\"https:\/\/petproducts.com.cn\/product\/cat-play-set-toy-ball-pet-gift-pack-interactive-best-cat-kitten-toys\/#breadcrumb\",\"itemListElement\":[{\"@type\":\"ListItem\",\"position\":1,\"name\":\"HOME\",\"item\":\"https:\/\/petproducts.com.cn\/\"},{\"@type\":\"ListItem\",\"position\":2,\"name\":\"Products\",\"item\":\"https:\/\/petproducts.com.cn\/shop\/\"},{\"@type\":\"ListItem\",\"position\":3,\"name\":\"Cat Toys\",\"item\":\"https:\/\/petproducts.com.cn\/product-category\/cat-toys\/\"},{\"@type\":\"ListItem\",\"position\":4,\"name\":\"Cat Play Set Toy Ball Pet Gift Pack Interactive Best Cat Kitten Toys\"}]},{\"@type\":\"WebSite\",\"@id\":\"https:\/\/petproducts.com.cn\/#website\",\"url\":\"https:\/\/petproducts.com.cn\/\",\"name\":\"Petstar\",\"description\":\"Leading Pet Supplies Manufacturer &amp; OEM Pet Products Supplier\",\"publisher\":{\"@id\":\"https:\/\/petproducts.com.cn\/#organization\"},\"alternateName\":\"Petstar Pet Supplies\",\"potentialAction\":[{\"@type\":\"SearchAction\",\"target\":{\"@type\":\"EntryPoint\",\"urlTemplate\":\"https:\/\/petproducts.com.cn\/?s={search_term_string}\"},\"query-input\":{\"@type\":\"PropertyValueSpecification\",\"valueRequired\":true,\"valueName\":\"search_term_string\"}}],\"inLanguage\":\"es\"},{\"@type\":\"Organization\",\"@id\":\"https:\/\/petproducts.com.cn\/#organization\",\"name\":\"Petstar\",\"url\":\"https:\/\/petproducts.com.cn\/\",\"logo\":{\"@type\":\"ImageObject\",\"inLanguage\":\"es\",\"@id\":\"https:\/\/petproducts.com.cn\/#\/schema\/logo\/image\/\",\"url\":\"https:\/\/petproducts.com.cn\/wp-content\/uploads\/2020\/02\/petstar-logo.webp\",\"contentUrl\":\"https:\/\/petproducts.com.cn\/wp-content\/uploads\/2020\/02\/petstar-logo.webp\",\"width\":779,\"height\":520,\"caption\":\"Petstar\"},\"image\":{\"@id\":\"https:\/\/petproducts.com.cn\/#\/schema\/logo\/image\/\"}}]}<\/script>\n<!-- \/ Yoast SEO plugin. -->","yoast_head_json":{"title":"Cat Play Set Toy | Mejor Juguete para Gatitos Fabricante- Petstar","description":"Explore Cat Play Set Toy del mejor proveedor de productos para mascotas. Petstar es un fabricante mundial de productos para mascotas. Su soluci\u00f3n de negocio ideal con Petstar.","robots":{"index":"index","follow":"follow","max-snippet":"max-snippet:-1","max-image-preview":"max-image-preview:large","max-video-preview":"max-video-preview:-1"},"canonical":"https:\/\/petproducts.com.cn\/es\/producto\/cat-play-set-toy-ball-pet-gift-pack-interactive-best-cat-kitten-toys\/","og_locale":"es_ES","og_type":"article","og_title":"Cat Play Set Toy | Best Cat Kitten Toys Manufacturer- Petstar","og_description":"Explore Cat Play Set Toy from the best pet products supplier. Petstar is a global pet product manufacturer. Your ideal business solution with Petstar.","og_url":"https:\/\/petproducts.com.cn\/es\/producto\/cat-play-set-toy-ball-pet-gift-pack-interactive-best-cat-kitten-toys\/","og_site_name":"Petstar","article_modified_time":"2024-11-07T02:31:06+00:00","og_image":[{"width":1000,"height":1000,"url":"https:\/\/petproducts.com.cn\/wp-content\/uploads\/2024\/11\/Wholesale-Cat-Play-Set-Toy.webp","type":"image\/webp"}],"twitter_card":"summary_large_image","twitter_misc":{"Tiempo de lectura":"2 minutos"},"schema":{"@context":"https:\/\/schema.org","@graph":[{"@type":"WebPage","@id":"https:\/\/petproducts.com.cn\/product\/cat-play-set-toy-ball-pet-gift-pack-interactive-best-cat-kitten-toys\/","url":"https:\/\/petproducts.com.cn\/product\/cat-play-set-toy-ball-pet-gift-pack-interactive-best-cat-kitten-toys\/","name":"Cat Play Set Toy | Mejor Juguete para Gatitos Fabricante- Petstar","isPartOf":{"@id":"https:\/\/petproducts.com.cn\/#website"},"primaryImageOfPage":{"@id":"https:\/\/petproducts.com.cn\/product\/cat-play-set-toy-ball-pet-gift-pack-interactive-best-cat-kitten-toys\/#primaryimage"},"image":{"@id":"https:\/\/petproducts.com.cn\/product\/cat-play-set-toy-ball-pet-gift-pack-interactive-best-cat-kitten-toys\/#primaryimage"},"thumbnailUrl":"https:\/\/petproducts.com.cn\/wp-content\/uploads\/2024\/11\/Wholesale-Cat-Play-Set-Toy.webp","datePublished":"2024-11-07T02:10:00+00:00","dateModified":"2024-11-07T02:31:06+00:00","description":"Explore Cat Play Set Toy del mejor proveedor de productos para mascotas. Petstar es un fabricante mundial de productos para mascotas. Su soluci\u00f3n de negocio ideal con Petstar.","breadcrumb":{"@id":"https:\/\/petproducts.com.cn\/product\/cat-play-set-toy-ball-pet-gift-pack-interactive-best-cat-kitten-toys\/#breadcrumb"},"inLanguage":"es","potentialAction":[{"@type":"ReadAction","target":["https:\/\/petproducts.com.cn\/product\/cat-play-set-toy-ball-pet-gift-pack-interactive-best-cat-kitten-toys\/"]}]},{"@type":"ImageObject","inLanguage":"es","@id":"https:\/\/petproducts.com.cn\/product\/cat-play-set-toy-ball-pet-gift-pack-interactive-best-cat-kitten-toys\/#primaryimage","url":"https:\/\/petproducts.com.cn\/wp-content\/uploads\/2024\/11\/Wholesale-Cat-Play-Set-Toy.webp","contentUrl":"https:\/\/petproducts.com.cn\/wp-content\/uploads\/2024\/11\/Wholesale-Cat-Play-Set-Toy.webp","width":1000,"height":1000,"caption":"Wholesale Cat Play Set Toy"},{"@type":"BreadcrumbList","@id":"https:\/\/petproducts.com.cn\/product\/cat-play-set-toy-ball-pet-gift-pack-interactive-best-cat-kitten-toys\/#breadcrumb","itemListElement":[{"@type":"ListItem","position":1,"name":"HOME","item":"https:\/\/petproducts.com.cn\/"},{"@type":"ListItem","position":2,"name":"Products","item":"https:\/\/petproducts.com.cn\/shop\/"},{"@type":"ListItem","position":3,"name":"Cat Toys","item":"https:\/\/petproducts.com.cn\/product-category\/cat-toys\/"},{"@type":"ListItem","position":4,"name":"Cat Play Set Toy Ball Pet Gift Pack Interactive Best Cat Kitten Toys"}]},{"@type":"WebSite","@id":"https:\/\/petproducts.com.cn\/#website","url":"https:\/\/petproducts.com.cn\/","name":"Petstar","description":"Fabricante l\u00edder de art\u00edculos para mascotas y proveedor OEM de productos para mascotas","publisher":{"@id":"https:\/\/petproducts.com.cn\/#organization"},"alternateName":"Petstar Pet Supplies","potentialAction":[{"@type":"SearchAction","target":{"@type":"EntryPoint","urlTemplate":"https:\/\/petproducts.com.cn\/?s={search_term_string}"},"query-input":{"@type":"PropertyValueSpecification","valueRequired":true,"valueName":"search_term_string"}}],"inLanguage":"es"},{"@type":"Organization","@id":"https:\/\/petproducts.com.cn\/#organization","name":"Petstar","url":"https:\/\/petproducts.com.cn\/","logo":{"@type":"ImageObject","inLanguage":"es","@id":"https:\/\/petproducts.com.cn\/#\/schema\/logo\/image\/","url":"https:\/\/petproducts.com.cn\/wp-content\/uploads\/2020\/02\/petstar-logo.webp","contentUrl":"https:\/\/petproducts.com.cn\/wp-content\/uploads\/2020\/02\/petstar-logo.webp","width":779,"height":520,"caption":"Petstar"},"image":{"@id":"https:\/\/petproducts.com.cn\/#\/schema\/logo\/image\/"}}]}},"_links":{"self":[{"href":"https:\/\/petproducts.com.cn\/es\/wp-json\/wp\/v2\/product\/30244","targetHints":{"allow":["GET"]}}],"collection":[{"href":"https:\/\/petproducts.com.cn\/es\/wp-json\/wp\/v2\/product"}],"about":[{"href":"https:\/\/petproducts.com.cn\/es\/wp-json\/wp\/v2\/types\/product"}],"version-history":[{"count":2,"href":"https:\/\/petproducts.com.cn\/es\/wp-json\/wp\/v2\/product\/30244\/revisions"}],"predecessor-version":[{"id":30252,"href":"https:\/\/petproducts.com.cn\/es\/wp-json\/wp\/v2\/product\/30244\/revisions\/30252"}],"wp:featuredmedia":[{"embeddable":true,"href":"https:\/\/petproducts.com.cn\/es\/wp-json\/wp\/v2\/media\/30251"}],"wp:attachment":[{"href":"https:\/\/petproducts.com.cn\/es\/wp-json\/wp\/v2\/media?parent=30244"}],"wp:term":[{"taxonomy":"product_brand","embeddable":true,"href":"https:\/\/petproducts.com.cn\/es\/wp-json\/wp\/v2\/product_brand?post=30244"},{"taxonomy":"product_cat","embeddable":true,"href":"https:\/\/petproducts.com.cn\/es\/wp-json\/wp\/v2\/product_cat?post=30244"},{"taxonomy":"product_tag","embeddable":true,"href":"https:\/\/petproducts.com.cn\/es\/wp-json\/wp\/v2\/product_tag?post=30244"}],"curies":[{"name":"wp","href":"https:\/\/api.w.org\/{rel}","templated":true}]}}