{"id":30375,"date":"2024-11-11T02:50:50","date_gmt":"2024-11-11T02:50:50","guid":{"rendered":"https:\/\/petproducts.com.cn\/?post_type=product&#038;p=30375"},"modified":"2024-11-11T03:05:09","modified_gmt":"2024-11-11T03:05:09","slug":"cat-toy-gift-kit-interactive-holiday-kitten-play-toy-pack-pet-cat-toy-set","status":"publish","type":"product","link":"https:\/\/petproducts.com.cn\/es\/product\/cat-toy-gift-kit-interactive-holiday-kitten-play-toy-pack-pet-cat-toy-set\/","title":{"rendered":"Kit de Regalo de Juguetes Interactivos para Gatitos Paquete de Juguetes para Mascotas Juego de Juguetes para Gatos"},"content":{"rendered":"<h2>Caracter\u00edsticas del kit de regalo de juguetes para gatos<\/h2>\n<ul>\n<li><strong>Completo juego de 15 piezas:<\/strong> Disfruta de una completa variedad de juguetes, como pelotas para gatos, animales de felpa, juguetes de papel arrugado y mucho m\u00e1s, para que tu gato tenga una nueva aventura cada d\u00eda.<\/li>\n<li><strong>Sonidos y texturas atractivos:<\/strong> Cada juguete aporta elementos \u00fanicos, como papel arrugado y cascabeles, que mantienen a su gato curioso y entretenido con diferentes experiencias sensoriales.<\/li>\n<li><strong>Materiales suaves y seguros:<\/strong> Con felpa suave y materiales no t\u00f3xicos de alta calidad, usted garantiza la seguridad de su gato mientras le proporciona juguetes que puede masticar, manosear y golpear con seguridad.<\/li>\n<li><strong>Juguetes de sisal natural para ratones:<\/strong> Satisfaga el instinto natural de ara\u00f1ar de su gato con ratones envueltos en sisal, que ayudan a mantener las u\u00f1as sanas y reducen el ara\u00f1ado de muebles.<\/li>\n<li><strong>Elecci\u00f3n ideal como regalo navide\u00f1o:<\/strong> Este set de juguetes para gatos es un regalo perfecto para los amantes de los gatos, ya que ofrece un paquete de juego completo que satisface la necesidad de estimulaci\u00f3n y ejercicio de los gatos.<\/li>\n<li><strong>Aumenta el bienestar f\u00edsico y mental:<\/strong> Cada juguete fomenta el juego activo y la estimulaci\u00f3n mental, reduciendo el aburrimiento y manteniendo a su gato en buena forma f\u00edsica.<\/li>\n<li><strong>Juguetes duraderos y de larga duraci\u00f3n:<\/strong> Dise\u00f1ados para soportar el juego diario, estos juguetes resisten bien los ara\u00f1azos, mordiscos y zarpazos, ofreciendo un uso prolongado.<\/li>\n<\/ul>\n<p style=\"text-align: center;\"><em><strong>Para saber m\u00e1s <a href=\"https:\/\/petproducts.com.cn\/es\/wholesale-cat-toys\/\">juguetes para gatos<\/a> &amp; <a href=\"https:\/\/petproducts.com.cn\/es\/wholesale-dog-toys\/\">juguetes para perros<\/a>,<\/strong><\/em><em><strong>\u00a0por favor <a href=\"https:\/\/petproducts.com.cn\/es\/contacto\/\">Cont\u00e1ctenos<\/a>!<\/strong><\/em><\/p>","protected":false},"excerpt":{"rendered":"<p>Este regalo de juguetes para gatos ofrece un juego interactivo de 15 piezas todo en uno, que aporta diversi\u00f3n, ejercicio y estimulaci\u00f3n mental sin fin a la rutina diaria de su gato.<\/p>","protected":false},"featured_media":30380,"template":"","meta":{"_acf_changed":false},"product_brand":[],"product_cat":[71,81],"product_tag":[268,248,230],"class_list":{"0":"post-30375","1":"product","2":"type-product","3":"status-publish","4":"has-post-thumbnail","6":"product_cat-cat-supplies","7":"product_cat-cat-toys","8":"product_tag-cat-ball-toys","9":"product_tag-cat-toys-set","10":"product_tag-interactive-cat-toys","12":"first","13":"instock","14":"shipping-taxable","15":"product-type-simple"},"acf":[],"yoast_head":"<!-- This site is optimized with the Yoast SEO plugin v27.1.1 - https:\/\/yoast.com\/product\/yoast-seo-wordpress\/ -->\n<title>Cat Toy Gift Kit | Cat Toy Variety Pack Manufacturer- Petstar<\/title>\n<meta name=\"description\" content=\"Explore Cat Toy Gift Kit from the best pet products supplier. Petstar is a global pet product manufacturer. Your ideal business solution with Petstar.\" \/>\n<meta name=\"robots\" content=\"index, follow, max-snippet:-1, max-image-preview:large, max-video-preview:-1\" \/>\n<link rel=\"canonical\" href=\"https:\/\/petproducts.com.cn\/es\/producto\/cat-toy-gift-kit-interactive-holiday-kitten-play-toy-pack-pet-cat-toy-set\/\" \/>\n<meta property=\"og:locale\" content=\"es_ES\" \/>\n<meta property=\"og:type\" content=\"article\" \/>\n<meta property=\"og:title\" content=\"Cat Toy Gift Kit | Cat Toy Variety Pack Manufacturer- Petstar\" \/>\n<meta property=\"og:description\" content=\"Explore Cat Toy Gift Kit from the best pet products supplier. Petstar is a global pet product manufacturer. Your ideal business solution with Petstar.\" \/>\n<meta property=\"og:url\" content=\"https:\/\/petproducts.com.cn\/es\/producto\/cat-toy-gift-kit-interactive-holiday-kitten-play-toy-pack-pet-cat-toy-set\/\" \/>\n<meta property=\"og:site_name\" content=\"Petstar\" \/>\n<meta property=\"article:modified_time\" content=\"2024-11-11T03:05:09+00:00\" \/>\n<meta property=\"og:image\" content=\"https:\/\/petproducts.com.cn\/wp-content\/uploads\/2024\/11\/Supplier-Cat-Toy-Gift-Kit.webp\" \/>\n\t<meta property=\"og:image:width\" content=\"1000\" \/>\n\t<meta property=\"og:image:height\" content=\"1000\" \/>\n\t<meta property=\"og:image:type\" content=\"image\/webp\" \/>\n<meta name=\"twitter:card\" content=\"summary_large_image\" \/>\n<meta name=\"twitter:label1\" content=\"Tiempo de lectura\" \/>\n\t<meta name=\"twitter:data1\" content=\"2 minutos\" \/>\n<script type=\"application\/ld+json\" class=\"yoast-schema-graph\">{\"@context\":\"https:\/\/schema.org\",\"@graph\":[{\"@type\":\"WebPage\",\"@id\":\"https:\/\/petproducts.com.cn\/product\/cat-toy-gift-kit-interactive-holiday-kitten-play-toy-pack-pet-cat-toy-set\/\",\"url\":\"https:\/\/petproducts.com.cn\/product\/cat-toy-gift-kit-interactive-holiday-kitten-play-toy-pack-pet-cat-toy-set\/\",\"name\":\"Cat Toy Gift Kit | Cat Toy Variety Pack Manufacturer- Petstar\",\"isPartOf\":{\"@id\":\"https:\/\/petproducts.com.cn\/#website\"},\"primaryImageOfPage\":{\"@id\":\"https:\/\/petproducts.com.cn\/product\/cat-toy-gift-kit-interactive-holiday-kitten-play-toy-pack-pet-cat-toy-set\/#primaryimage\"},\"image\":{\"@id\":\"https:\/\/petproducts.com.cn\/product\/cat-toy-gift-kit-interactive-holiday-kitten-play-toy-pack-pet-cat-toy-set\/#primaryimage\"},\"thumbnailUrl\":\"https:\/\/petproducts.com.cn\/wp-content\/uploads\/2024\/11\/Supplier-Cat-Toy-Gift-Kit.webp\",\"datePublished\":\"2024-11-11T02:50:50+00:00\",\"dateModified\":\"2024-11-11T03:05:09+00:00\",\"description\":\"Explore Cat Toy Gift Kit from the best pet products supplier. Petstar is a global pet product manufacturer. Your ideal business solution with Petstar.\",\"breadcrumb\":{\"@id\":\"https:\/\/petproducts.com.cn\/product\/cat-toy-gift-kit-interactive-holiday-kitten-play-toy-pack-pet-cat-toy-set\/#breadcrumb\"},\"inLanguage\":\"es\",\"potentialAction\":[{\"@type\":\"ReadAction\",\"target\":[\"https:\/\/petproducts.com.cn\/product\/cat-toy-gift-kit-interactive-holiday-kitten-play-toy-pack-pet-cat-toy-set\/\"]}]},{\"@type\":\"ImageObject\",\"inLanguage\":\"es\",\"@id\":\"https:\/\/petproducts.com.cn\/product\/cat-toy-gift-kit-interactive-holiday-kitten-play-toy-pack-pet-cat-toy-set\/#primaryimage\",\"url\":\"https:\/\/petproducts.com.cn\/wp-content\/uploads\/2024\/11\/Supplier-Cat-Toy-Gift-Kit.webp\",\"contentUrl\":\"https:\/\/petproducts.com.cn\/wp-content\/uploads\/2024\/11\/Supplier-Cat-Toy-Gift-Kit.webp\",\"width\":1000,\"height\":1000,\"caption\":\"Supplier Cat Toy Gift Kit\"},{\"@type\":\"BreadcrumbList\",\"@id\":\"https:\/\/petproducts.com.cn\/product\/cat-toy-gift-kit-interactive-holiday-kitten-play-toy-pack-pet-cat-toy-set\/#breadcrumb\",\"itemListElement\":[{\"@type\":\"ListItem\",\"position\":1,\"name\":\"HOME\",\"item\":\"https:\/\/petproducts.com.cn\/\"},{\"@type\":\"ListItem\",\"position\":2,\"name\":\"Products\",\"item\":\"https:\/\/petproducts.com.cn\/shop\/\"},{\"@type\":\"ListItem\",\"position\":3,\"name\":\"Cat Toys\",\"item\":\"https:\/\/petproducts.com.cn\/product-category\/cat-toys\/\"},{\"@type\":\"ListItem\",\"position\":4,\"name\":\"Cat Toy Gift Kit Interactive Holiday Kitten Play Toy Pack Pet Cat Toy Set\"}]},{\"@type\":\"WebSite\",\"@id\":\"https:\/\/petproducts.com.cn\/#website\",\"url\":\"https:\/\/petproducts.com.cn\/\",\"name\":\"Petstar\",\"description\":\"Leading Pet Supplies Manufacturer &amp; OEM Pet Products Supplier\",\"publisher\":{\"@id\":\"https:\/\/petproducts.com.cn\/#organization\"},\"alternateName\":\"Petstar Pet Supplies\",\"potentialAction\":[{\"@type\":\"SearchAction\",\"target\":{\"@type\":\"EntryPoint\",\"urlTemplate\":\"https:\/\/petproducts.com.cn\/?s={search_term_string}\"},\"query-input\":{\"@type\":\"PropertyValueSpecification\",\"valueRequired\":true,\"valueName\":\"search_term_string\"}}],\"inLanguage\":\"es\"},{\"@type\":\"Organization\",\"@id\":\"https:\/\/petproducts.com.cn\/#organization\",\"name\":\"Petstar\",\"url\":\"https:\/\/petproducts.com.cn\/\",\"logo\":{\"@type\":\"ImageObject\",\"inLanguage\":\"es\",\"@id\":\"https:\/\/petproducts.com.cn\/#\/schema\/logo\/image\/\",\"url\":\"https:\/\/petproducts.com.cn\/wp-content\/uploads\/2020\/02\/petstar-logo.webp\",\"contentUrl\":\"https:\/\/petproducts.com.cn\/wp-content\/uploads\/2020\/02\/petstar-logo.webp\",\"width\":779,\"height\":520,\"caption\":\"Petstar\"},\"image\":{\"@id\":\"https:\/\/petproducts.com.cn\/#\/schema\/logo\/image\/\"}}]}<\/script>\n<!-- \/ Yoast SEO plugin. -->","yoast_head_json":{"title":"Kit de Regalo de Juguetes para Gato | Paquete Variado de Juguetes para Gato Fabricante- Petstar","description":"Explore Kit de regalo de juguete para gato del mejor proveedor de productos para mascotas. Petstar es un fabricante mundial de productos para mascotas. Su soluci\u00f3n de negocio ideal con Petstar.","robots":{"index":"index","follow":"follow","max-snippet":"max-snippet:-1","max-image-preview":"max-image-preview:large","max-video-preview":"max-video-preview:-1"},"canonical":"https:\/\/petproducts.com.cn\/es\/producto\/cat-toy-gift-kit-interactive-holiday-kitten-play-toy-pack-pet-cat-toy-set\/","og_locale":"es_ES","og_type":"article","og_title":"Cat Toy Gift Kit | Cat Toy Variety Pack Manufacturer- Petstar","og_description":"Explore Cat Toy Gift Kit from the best pet products supplier. Petstar is a global pet product manufacturer. Your ideal business solution with Petstar.","og_url":"https:\/\/petproducts.com.cn\/es\/producto\/cat-toy-gift-kit-interactive-holiday-kitten-play-toy-pack-pet-cat-toy-set\/","og_site_name":"Petstar","article_modified_time":"2024-11-11T03:05:09+00:00","og_image":[{"width":1000,"height":1000,"url":"https:\/\/petproducts.com.cn\/wp-content\/uploads\/2024\/11\/Supplier-Cat-Toy-Gift-Kit.webp","type":"image\/webp"}],"twitter_card":"summary_large_image","twitter_misc":{"Tiempo de lectura":"2 minutos"},"schema":{"@context":"https:\/\/schema.org","@graph":[{"@type":"WebPage","@id":"https:\/\/petproducts.com.cn\/product\/cat-toy-gift-kit-interactive-holiday-kitten-play-toy-pack-pet-cat-toy-set\/","url":"https:\/\/petproducts.com.cn\/product\/cat-toy-gift-kit-interactive-holiday-kitten-play-toy-pack-pet-cat-toy-set\/","name":"Kit de Regalo de Juguetes para Gato | Paquete Variado de Juguetes para Gato Fabricante- Petstar","isPartOf":{"@id":"https:\/\/petproducts.com.cn\/#website"},"primaryImageOfPage":{"@id":"https:\/\/petproducts.com.cn\/product\/cat-toy-gift-kit-interactive-holiday-kitten-play-toy-pack-pet-cat-toy-set\/#primaryimage"},"image":{"@id":"https:\/\/petproducts.com.cn\/product\/cat-toy-gift-kit-interactive-holiday-kitten-play-toy-pack-pet-cat-toy-set\/#primaryimage"},"thumbnailUrl":"https:\/\/petproducts.com.cn\/wp-content\/uploads\/2024\/11\/Supplier-Cat-Toy-Gift-Kit.webp","datePublished":"2024-11-11T02:50:50+00:00","dateModified":"2024-11-11T03:05:09+00:00","description":"Explore Kit de regalo de juguete para gato del mejor proveedor de productos para mascotas. Petstar es un fabricante mundial de productos para mascotas. Su soluci\u00f3n de negocio ideal con Petstar.","breadcrumb":{"@id":"https:\/\/petproducts.com.cn\/product\/cat-toy-gift-kit-interactive-holiday-kitten-play-toy-pack-pet-cat-toy-set\/#breadcrumb"},"inLanguage":"es","potentialAction":[{"@type":"ReadAction","target":["https:\/\/petproducts.com.cn\/product\/cat-toy-gift-kit-interactive-holiday-kitten-play-toy-pack-pet-cat-toy-set\/"]}]},{"@type":"ImageObject","inLanguage":"es","@id":"https:\/\/petproducts.com.cn\/product\/cat-toy-gift-kit-interactive-holiday-kitten-play-toy-pack-pet-cat-toy-set\/#primaryimage","url":"https:\/\/petproducts.com.cn\/wp-content\/uploads\/2024\/11\/Supplier-Cat-Toy-Gift-Kit.webp","contentUrl":"https:\/\/petproducts.com.cn\/wp-content\/uploads\/2024\/11\/Supplier-Cat-Toy-Gift-Kit.webp","width":1000,"height":1000,"caption":"Supplier Cat Toy Gift Kit"},{"@type":"BreadcrumbList","@id":"https:\/\/petproducts.com.cn\/product\/cat-toy-gift-kit-interactive-holiday-kitten-play-toy-pack-pet-cat-toy-set\/#breadcrumb","itemListElement":[{"@type":"ListItem","position":1,"name":"HOME","item":"https:\/\/petproducts.com.cn\/"},{"@type":"ListItem","position":2,"name":"Products","item":"https:\/\/petproducts.com.cn\/shop\/"},{"@type":"ListItem","position":3,"name":"Cat Toys","item":"https:\/\/petproducts.com.cn\/product-category\/cat-toys\/"},{"@type":"ListItem","position":4,"name":"Cat Toy Gift Kit Interactive Holiday Kitten Play Toy Pack Pet Cat Toy Set"}]},{"@type":"WebSite","@id":"https:\/\/petproducts.com.cn\/#website","url":"https:\/\/petproducts.com.cn\/","name":"Petstar","description":"Fabricante l\u00edder de art\u00edculos para mascotas y proveedor OEM de productos para mascotas","publisher":{"@id":"https:\/\/petproducts.com.cn\/#organization"},"alternateName":"Petstar Pet Supplies","potentialAction":[{"@type":"SearchAction","target":{"@type":"EntryPoint","urlTemplate":"https:\/\/petproducts.com.cn\/?s={search_term_string}"},"query-input":{"@type":"PropertyValueSpecification","valueRequired":true,"valueName":"search_term_string"}}],"inLanguage":"es"},{"@type":"Organization","@id":"https:\/\/petproducts.com.cn\/#organization","name":"Petstar","url":"https:\/\/petproducts.com.cn\/","logo":{"@type":"ImageObject","inLanguage":"es","@id":"https:\/\/petproducts.com.cn\/#\/schema\/logo\/image\/","url":"https:\/\/petproducts.com.cn\/wp-content\/uploads\/2020\/02\/petstar-logo.webp","contentUrl":"https:\/\/petproducts.com.cn\/wp-content\/uploads\/2020\/02\/petstar-logo.webp","width":779,"height":520,"caption":"Petstar"},"image":{"@id":"https:\/\/petproducts.com.cn\/#\/schema\/logo\/image\/"}}]}},"_links":{"self":[{"href":"https:\/\/petproducts.com.cn\/es\/wp-json\/wp\/v2\/product\/30375","targetHints":{"allow":["GET"]}}],"collection":[{"href":"https:\/\/petproducts.com.cn\/es\/wp-json\/wp\/v2\/product"}],"about":[{"href":"https:\/\/petproducts.com.cn\/es\/wp-json\/wp\/v2\/types\/product"}],"version-history":[{"count":1,"href":"https:\/\/petproducts.com.cn\/es\/wp-json\/wp\/v2\/product\/30375\/revisions"}],"predecessor-version":[{"id":30382,"href":"https:\/\/petproducts.com.cn\/es\/wp-json\/wp\/v2\/product\/30375\/revisions\/30382"}],"wp:featuredmedia":[{"embeddable":true,"href":"https:\/\/petproducts.com.cn\/es\/wp-json\/wp\/v2\/media\/30380"}],"wp:attachment":[{"href":"https:\/\/petproducts.com.cn\/es\/wp-json\/wp\/v2\/media?parent=30375"}],"wp:term":[{"taxonomy":"product_brand","embeddable":true,"href":"https:\/\/petproducts.com.cn\/es\/wp-json\/wp\/v2\/product_brand?post=30375"},{"taxonomy":"product_cat","embeddable":true,"href":"https:\/\/petproducts.com.cn\/es\/wp-json\/wp\/v2\/product_cat?post=30375"},{"taxonomy":"product_tag","embeddable":true,"href":"https:\/\/petproducts.com.cn\/es\/wp-json\/wp\/v2\/product_tag?post=30375"}],"curies":[{"name":"wp","href":"https:\/\/api.w.org\/{rel}","templated":true}]}}