{"id":31481,"date":"2025-01-09T09:13:42","date_gmt":"2025-01-09T09:13:42","guid":{"rendered":"https:\/\/petproducts.com.cn\/?post_type=product&#038;p=31481"},"modified":"2025-01-09T09:20:43","modified_gmt":"2025-01-09T09:20:43","slug":"wooden-cat-tower-plush-ball-toy-platform-hommock-condo-best-cat-tree","status":"publish","type":"product","link":"https:\/\/petproducts.com.cn\/es\/product\/wooden-cat-tower-plush-ball-toy-platform-hommock-condo-best-cat-tree\/","title":{"rendered":"Torre de Madera para Gato Peluche Juguete Plataforma Hommock Condo Mejor \u00c1rbol para Gato"},"content":{"rendered":"<h2>Caracter\u00edsticas de la torre de madera para gatos<\/h2>\n<ul>\n<li><strong>Dise\u00f1o alto y espacioso para que los gatos exploren<\/strong><br \/>\nCon sus 126 cm de altura, este <em>Torre de madera para gatos<\/em> ofrece a su gato mucho espacio vertical para trepar, posarse y jugar. Con varios niveles, mantendr\u00e1 a su gato activo y ocupado durante todo el d\u00eda.<\/li>\n<li><strong>Construcci\u00f3n de madera duradera para mayor estabilidad<\/strong><br \/>\nApreciar\u00e1 el dise\u00f1o de madera maciza que garantiza estabilidad y seguridad. Su fabricaci\u00f3n artesanal de alta calidad soporta incluso a los gatos m\u00e1s en\u00e9rgicos, lo que la convierte en la <em>El mejor \u00e1rbol para gatos<\/em> para su hogar.<\/li>\n<li><strong>Acogedor refugio para gatos<\/strong><br \/>\nLa caseta empotrada para gatos ofrece un espacio privado y acogedor para que su gato se relaje y duerma la siesta. A su mascota le encantar\u00e1 la sensaci\u00f3n de seguridad que ofrece, mientras que usted disfrutar\u00e1 de su dise\u00f1o compacto pero funcional.<\/li>\n<li><strong>Hamaca de felpa para mayor comodidad<\/strong><br \/>\nLa hamaca, suave y resistente, a\u00f1ade un toque de lujo y ofrece a su gato un lugar c\u00f3modo para descansar. Es perfecta para los gatos a los que les encanta estirarse y observar su entorno.<\/li>\n<li><strong>Peluches interactivos para una diversi\u00f3n sin fin<\/strong><br \/>\nDos pelotas de felpa colgantes estimulan los instintos naturales de tu gato de abalanzarse y dar manotazos, manteni\u00e9ndolo entretenido durante horas. Te encantar\u00e1 ver a tu mascota jugar y quemar energ\u00eda en un entorno seguro y divertido.<\/li>\n<li><strong>Plataformas multinivel para aficionados a la escalada<\/strong><br \/>\nLas amplias plataformas ofrecen espacio suficiente para que su gato salte, trepe y descanse. Cada nivel est\u00e1 cuidadosamente dise\u00f1ado para adaptarse a gatos de todos los tama\u00f1os y edades, garantizando la m\u00e1xima facilidad de uso.<\/li>\n<\/ul>\n<p style=\"text-align: center;\"><em><strong>Para saber m\u00e1s <a href=\"https:\/\/petproducts.com.cn\/es\/wholesale-cat-trees\/\">\u00e1rboles de gato<\/a><\/strong><\/em><em><strong>, por favor <a href=\"https:\/\/petproducts.com.cn\/es\/contacto\/\">Cont\u00e1ctenos<\/a>!<\/strong><\/em><\/p>","protected":false},"excerpt":{"rendered":"<p>El <em>Torre de madera para gatos<\/em> combina artesan\u00eda duradera, funciones de juego interactivas y acogedores lugares de descanso, lo que la convierte en la <em>El mejor \u00e1rbol para gatos<\/em> para la comodidad y el entretenimiento de su peludo compa\u00f1ero.<\/p>","protected":false},"featured_media":31483,"template":"","meta":{"_acf_changed":false},"product_brand":[],"product_cat":[71,47],"product_tag":[206],"class_list":{"0":"post-31481","1":"product","2":"type-product","3":"status-publish","4":"has-post-thumbnail","6":"product_cat-cat-supplies","7":"product_cat-cat-trees-furniture","8":"product_tag-cat-trees","10":"first","11":"instock","12":"shipping-taxable","13":"product-type-simple"},"acf":[],"yoast_head":"<!-- This site is optimized with the Yoast SEO plugin v27.1.1 - https:\/\/yoast.com\/product\/yoast-seo-wordpress\/ -->\n<title>Wooden Cat Tower | Best Cat Tree Manufacturer - Petstar<\/title>\n<meta name=\"description\" content=\"Explore Wooden Cat Tower from pet products supplier. Petstar is a global pet supplies manufacturer. Your ideal business solution with Petstar.\" \/>\n<meta name=\"robots\" content=\"index, follow, max-snippet:-1, max-image-preview:large, max-video-preview:-1\" \/>\n<link rel=\"canonical\" href=\"https:\/\/petproducts.com.cn\/es\/producto\/wooden-cat-tower-plush-ball-toy-platform-hommock-condo-best-cat-tree\/\" \/>\n<meta property=\"og:locale\" content=\"es_ES\" \/>\n<meta property=\"og:type\" content=\"article\" \/>\n<meta property=\"og:title\" content=\"Wooden Cat Tower | Best Cat Tree Manufacturer - Petstar\" \/>\n<meta property=\"og:description\" content=\"Explore Wooden Cat Tower from pet products supplier. Petstar is a global pet supplies manufacturer. Your ideal business solution with Petstar.\" \/>\n<meta property=\"og:url\" content=\"https:\/\/petproducts.com.cn\/es\/producto\/wooden-cat-tower-plush-ball-toy-platform-hommock-condo-best-cat-tree\/\" \/>\n<meta property=\"og:site_name\" content=\"Petstar\" \/>\n<meta property=\"article:modified_time\" content=\"2025-01-09T09:20:43+00:00\" \/>\n<meta property=\"og:image\" content=\"https:\/\/petproducts.com.cn\/wp-content\/uploads\/2025\/01\/Best-Wooden-Cat-Tower.webp\" \/>\n\t<meta property=\"og:image:width\" content=\"1000\" \/>\n\t<meta property=\"og:image:height\" content=\"1000\" \/>\n\t<meta property=\"og:image:type\" content=\"image\/webp\" \/>\n<meta name=\"twitter:card\" content=\"summary_large_image\" \/>\n<meta name=\"twitter:label1\" content=\"Tiempo de lectura\" \/>\n\t<meta name=\"twitter:data1\" content=\"2 minutos\" \/>\n<script type=\"application\/ld+json\" class=\"yoast-schema-graph\">{\"@context\":\"https:\/\/schema.org\",\"@graph\":[{\"@type\":\"WebPage\",\"@id\":\"https:\/\/petproducts.com.cn\/product\/wooden-cat-tower-plush-ball-toy-platform-hommock-condo-best-cat-tree\/\",\"url\":\"https:\/\/petproducts.com.cn\/product\/wooden-cat-tower-plush-ball-toy-platform-hommock-condo-best-cat-tree\/\",\"name\":\"Wooden Cat Tower | Best Cat Tree Manufacturer - Petstar\",\"isPartOf\":{\"@id\":\"https:\/\/petproducts.com.cn\/#website\"},\"primaryImageOfPage\":{\"@id\":\"https:\/\/petproducts.com.cn\/product\/wooden-cat-tower-plush-ball-toy-platform-hommock-condo-best-cat-tree\/#primaryimage\"},\"image\":{\"@id\":\"https:\/\/petproducts.com.cn\/product\/wooden-cat-tower-plush-ball-toy-platform-hommock-condo-best-cat-tree\/#primaryimage\"},\"thumbnailUrl\":\"https:\/\/petproducts.com.cn\/wp-content\/uploads\/2025\/01\/Best-Wooden-Cat-Tower.webp\",\"datePublished\":\"2025-01-09T09:13:42+00:00\",\"dateModified\":\"2025-01-09T09:20:43+00:00\",\"description\":\"Explore Wooden Cat Tower from pet products supplier. Petstar is a global pet supplies manufacturer. Your ideal business solution with Petstar.\",\"breadcrumb\":{\"@id\":\"https:\/\/petproducts.com.cn\/product\/wooden-cat-tower-plush-ball-toy-platform-hommock-condo-best-cat-tree\/#breadcrumb\"},\"inLanguage\":\"es\",\"potentialAction\":[{\"@type\":\"ReadAction\",\"target\":[\"https:\/\/petproducts.com.cn\/product\/wooden-cat-tower-plush-ball-toy-platform-hommock-condo-best-cat-tree\/\"]}]},{\"@type\":\"ImageObject\",\"inLanguage\":\"es\",\"@id\":\"https:\/\/petproducts.com.cn\/product\/wooden-cat-tower-plush-ball-toy-platform-hommock-condo-best-cat-tree\/#primaryimage\",\"url\":\"https:\/\/petproducts.com.cn\/wp-content\/uploads\/2025\/01\/Best-Wooden-Cat-Tower.webp\",\"contentUrl\":\"https:\/\/petproducts.com.cn\/wp-content\/uploads\/2025\/01\/Best-Wooden-Cat-Tower.webp\",\"width\":1000,\"height\":1000,\"caption\":\"Best Wooden Cat Tower\"},{\"@type\":\"BreadcrumbList\",\"@id\":\"https:\/\/petproducts.com.cn\/product\/wooden-cat-tower-plush-ball-toy-platform-hommock-condo-best-cat-tree\/#breadcrumb\",\"itemListElement\":[{\"@type\":\"ListItem\",\"position\":1,\"name\":\"HOME\",\"item\":\"https:\/\/petproducts.com.cn\/\"},{\"@type\":\"ListItem\",\"position\":2,\"name\":\"Products\",\"item\":\"https:\/\/petproducts.com.cn\/shop\/\"},{\"@type\":\"ListItem\",\"position\":3,\"name\":\"Cat Trees &amp; Furniture\",\"item\":\"https:\/\/petproducts.com.cn\/product-category\/cat-trees-furniture\/\"},{\"@type\":\"ListItem\",\"position\":4,\"name\":\"Wooden Cat Tower Plush Ball Toy Platform Hommock Condo Best Cat Tree\"}]},{\"@type\":\"WebSite\",\"@id\":\"https:\/\/petproducts.com.cn\/#website\",\"url\":\"https:\/\/petproducts.com.cn\/\",\"name\":\"Petstar\",\"description\":\"Leading Pet Supplies Manufacturer &amp; OEM Pet Products Supplier\",\"publisher\":{\"@id\":\"https:\/\/petproducts.com.cn\/#organization\"},\"alternateName\":\"Petstar Pet Supplies\",\"potentialAction\":[{\"@type\":\"SearchAction\",\"target\":{\"@type\":\"EntryPoint\",\"urlTemplate\":\"https:\/\/petproducts.com.cn\/?s={search_term_string}\"},\"query-input\":{\"@type\":\"PropertyValueSpecification\",\"valueRequired\":true,\"valueName\":\"search_term_string\"}}],\"inLanguage\":\"es\"},{\"@type\":\"Organization\",\"@id\":\"https:\/\/petproducts.com.cn\/#organization\",\"name\":\"Petstar\",\"url\":\"https:\/\/petproducts.com.cn\/\",\"logo\":{\"@type\":\"ImageObject\",\"inLanguage\":\"es\",\"@id\":\"https:\/\/petproducts.com.cn\/#\/schema\/logo\/image\/\",\"url\":\"https:\/\/petproducts.com.cn\/wp-content\/uploads\/2020\/02\/petstar-logo.webp\",\"contentUrl\":\"https:\/\/petproducts.com.cn\/wp-content\/uploads\/2020\/02\/petstar-logo.webp\",\"width\":779,\"height\":520,\"caption\":\"Petstar\"},\"image\":{\"@id\":\"https:\/\/petproducts.com.cn\/#\/schema\/logo\/image\/\"}}]}<\/script>\n<!-- \/ Yoast SEO plugin. -->","yoast_head_json":{"title":"Torre de Madera para Gato | Mejor \u00c1rbol para Gato Fabricantes - Petstar","description":"Explore Torre de madera para gatos del proveedor de productos para mascotas. Petstar es un fabricante mundial de productos para mascotas. Su soluci\u00f3n de negocio ideal con Petstar.","robots":{"index":"index","follow":"follow","max-snippet":"max-snippet:-1","max-image-preview":"max-image-preview:large","max-video-preview":"max-video-preview:-1"},"canonical":"https:\/\/petproducts.com.cn\/es\/producto\/wooden-cat-tower-plush-ball-toy-platform-hommock-condo-best-cat-tree\/","og_locale":"es_ES","og_type":"article","og_title":"Wooden Cat Tower | Best Cat Tree Manufacturer - Petstar","og_description":"Explore Wooden Cat Tower from pet products supplier. Petstar is a global pet supplies manufacturer. Your ideal business solution with Petstar.","og_url":"https:\/\/petproducts.com.cn\/es\/producto\/wooden-cat-tower-plush-ball-toy-platform-hommock-condo-best-cat-tree\/","og_site_name":"Petstar","article_modified_time":"2025-01-09T09:20:43+00:00","og_image":[{"width":1000,"height":1000,"url":"https:\/\/petproducts.com.cn\/wp-content\/uploads\/2025\/01\/Best-Wooden-Cat-Tower.webp","type":"image\/webp"}],"twitter_card":"summary_large_image","twitter_misc":{"Tiempo de lectura":"2 minutos"},"schema":{"@context":"https:\/\/schema.org","@graph":[{"@type":"WebPage","@id":"https:\/\/petproducts.com.cn\/product\/wooden-cat-tower-plush-ball-toy-platform-hommock-condo-best-cat-tree\/","url":"https:\/\/petproducts.com.cn\/product\/wooden-cat-tower-plush-ball-toy-platform-hommock-condo-best-cat-tree\/","name":"Torre de Madera para Gato | Mejor \u00c1rbol para Gato Fabricantes - Petstar","isPartOf":{"@id":"https:\/\/petproducts.com.cn\/#website"},"primaryImageOfPage":{"@id":"https:\/\/petproducts.com.cn\/product\/wooden-cat-tower-plush-ball-toy-platform-hommock-condo-best-cat-tree\/#primaryimage"},"image":{"@id":"https:\/\/petproducts.com.cn\/product\/wooden-cat-tower-plush-ball-toy-platform-hommock-condo-best-cat-tree\/#primaryimage"},"thumbnailUrl":"https:\/\/petproducts.com.cn\/wp-content\/uploads\/2025\/01\/Best-Wooden-Cat-Tower.webp","datePublished":"2025-01-09T09:13:42+00:00","dateModified":"2025-01-09T09:20:43+00:00","description":"Explore Torre de madera para gatos del proveedor de productos para mascotas. Petstar es un fabricante mundial de productos para mascotas. Su soluci\u00f3n de negocio ideal con Petstar.","breadcrumb":{"@id":"https:\/\/petproducts.com.cn\/product\/wooden-cat-tower-plush-ball-toy-platform-hommock-condo-best-cat-tree\/#breadcrumb"},"inLanguage":"es","potentialAction":[{"@type":"ReadAction","target":["https:\/\/petproducts.com.cn\/product\/wooden-cat-tower-plush-ball-toy-platform-hommock-condo-best-cat-tree\/"]}]},{"@type":"ImageObject","inLanguage":"es","@id":"https:\/\/petproducts.com.cn\/product\/wooden-cat-tower-plush-ball-toy-platform-hommock-condo-best-cat-tree\/#primaryimage","url":"https:\/\/petproducts.com.cn\/wp-content\/uploads\/2025\/01\/Best-Wooden-Cat-Tower.webp","contentUrl":"https:\/\/petproducts.com.cn\/wp-content\/uploads\/2025\/01\/Best-Wooden-Cat-Tower.webp","width":1000,"height":1000,"caption":"Best Wooden Cat Tower"},{"@type":"BreadcrumbList","@id":"https:\/\/petproducts.com.cn\/product\/wooden-cat-tower-plush-ball-toy-platform-hommock-condo-best-cat-tree\/#breadcrumb","itemListElement":[{"@type":"ListItem","position":1,"name":"HOME","item":"https:\/\/petproducts.com.cn\/"},{"@type":"ListItem","position":2,"name":"Products","item":"https:\/\/petproducts.com.cn\/shop\/"},{"@type":"ListItem","position":3,"name":"Cat Trees &amp; Furniture","item":"https:\/\/petproducts.com.cn\/product-category\/cat-trees-furniture\/"},{"@type":"ListItem","position":4,"name":"Wooden Cat Tower Plush Ball Toy Platform Hommock Condo Best Cat Tree"}]},{"@type":"WebSite","@id":"https:\/\/petproducts.com.cn\/#website","url":"https:\/\/petproducts.com.cn\/","name":"Petstar","description":"Fabricante l\u00edder de art\u00edculos para mascotas y proveedor OEM de productos para mascotas","publisher":{"@id":"https:\/\/petproducts.com.cn\/#organization"},"alternateName":"Petstar Pet Supplies","potentialAction":[{"@type":"SearchAction","target":{"@type":"EntryPoint","urlTemplate":"https:\/\/petproducts.com.cn\/?s={search_term_string}"},"query-input":{"@type":"PropertyValueSpecification","valueRequired":true,"valueName":"search_term_string"}}],"inLanguage":"es"},{"@type":"Organization","@id":"https:\/\/petproducts.com.cn\/#organization","name":"Petstar","url":"https:\/\/petproducts.com.cn\/","logo":{"@type":"ImageObject","inLanguage":"es","@id":"https:\/\/petproducts.com.cn\/#\/schema\/logo\/image\/","url":"https:\/\/petproducts.com.cn\/wp-content\/uploads\/2020\/02\/petstar-logo.webp","contentUrl":"https:\/\/petproducts.com.cn\/wp-content\/uploads\/2020\/02\/petstar-logo.webp","width":779,"height":520,"caption":"Petstar"},"image":{"@id":"https:\/\/petproducts.com.cn\/#\/schema\/logo\/image\/"}}]}},"_links":{"self":[{"href":"https:\/\/petproducts.com.cn\/es\/wp-json\/wp\/v2\/product\/31481","targetHints":{"allow":["GET"]}}],"collection":[{"href":"https:\/\/petproducts.com.cn\/es\/wp-json\/wp\/v2\/product"}],"about":[{"href":"https:\/\/petproducts.com.cn\/es\/wp-json\/wp\/v2\/types\/product"}],"version-history":[{"count":2,"href":"https:\/\/petproducts.com.cn\/es\/wp-json\/wp\/v2\/product\/31481\/revisions"}],"predecessor-version":[{"id":31489,"href":"https:\/\/petproducts.com.cn\/es\/wp-json\/wp\/v2\/product\/31481\/revisions\/31489"}],"wp:featuredmedia":[{"embeddable":true,"href":"https:\/\/petproducts.com.cn\/es\/wp-json\/wp\/v2\/media\/31483"}],"wp:attachment":[{"href":"https:\/\/petproducts.com.cn\/es\/wp-json\/wp\/v2\/media?parent=31481"}],"wp:term":[{"taxonomy":"product_brand","embeddable":true,"href":"https:\/\/petproducts.com.cn\/es\/wp-json\/wp\/v2\/product_brand?post=31481"},{"taxonomy":"product_cat","embeddable":true,"href":"https:\/\/petproducts.com.cn\/es\/wp-json\/wp\/v2\/product_cat?post=31481"},{"taxonomy":"product_tag","embeddable":true,"href":"https:\/\/petproducts.com.cn\/es\/wp-json\/wp\/v2\/product_tag?post=31481"}],"curies":[{"name":"wp","href":"https:\/\/api.w.org\/{rel}","templated":true}]}}