{"id":31652,"date":"2025-01-22T02:25:56","date_gmt":"2025-01-22T02:25:56","guid":{"rendered":"https:\/\/petproducts.com.cn\/?post_type=product&#038;p=31652"},"modified":"2025-01-22T03:06:12","modified_gmt":"2025-01-22T03:06:12","slug":"dog-leash-collar-set-outdoor-travel-multi-purpose-adjustable-pet-leash-collar","status":"publish","type":"product","link":"https:\/\/petproducts.com.cn\/es\/product\/dog-leash-collar-set-outdoor-travel-multi-purpose-adjustable-pet-leash-collar\/","title":{"rendered":"Collar de la correa del perro de viaje al aire libre multiusos ajustable collar de la correa del animal dom\u00e9stico"},"content":{"rendered":"<h2>Caracter\u00edsticas del collar de perro<\/h2>\n<ul>\n<li><strong>Ajuste para mayor comodidad<\/strong>: El conjunto de collar de correa para perro cuenta con correas ajustables, lo que le permite encontrar el ajuste perfecto para su mascota. Esto garantiza la m\u00e1xima comodidad y evita cualquier irritaci\u00f3n durante largos paseos o actividades.<\/li>\n<li><strong>Dise\u00f1o polivalente<\/strong>: Este set ofrece m\u00faltiples usos para adaptarse a tu estilo de vida. Puedes enganchar f\u00e1cilmente la correa a tu cintura para pasear con las manos libres, asegurarla alrededor de objetos fijos o utilizarla de forma tradicional.<\/li>\n<li><strong>Dise\u00f1ado para viajar al aire libre<\/strong>: Dise\u00f1ado para aventureros, el set es ligero, compacto y f\u00e1cil de transportar, por lo que resulta ideal para viajes, excursiones y paseos diarios. Su material duradero resiste las duras condiciones del exterior.<\/li>\n<li><strong>Material resistente y duradero<\/strong>: La correa y el collar est\u00e1n fabricados con materiales de primera calidad resistentes al desgaste. El dise\u00f1o robusto proporciona una soluci\u00f3n fiable para perros en\u00e9rgicos.<\/li>\n<li><strong>Aspecto elegante y moderno<\/strong>: El dise\u00f1o elegante y a la moda hace que este set destaque. Su color vibrante y su aspecto contempor\u00e1neo garantizan que tu mascota luzca su mejor aspecto en cada salida.<\/li>\n<li><strong>C\u00f3modo y f\u00e1cil de usar<\/strong>: La hebilla de cierre r\u00e1pido y los ajustes suaves hacen que poner el collar y la correa a tu mascota no suponga ning\u00fan problema. Este dise\u00f1o f\u00e1cil de usar ahorra tiempo y esfuerzo.<\/li>\n<\/ul>","protected":false},"excerpt":{"rendered":"<p>Dog Leash Collar Set ofrece una mezcla de estilo, durabilidad y multifuncionalidad, por lo que es el compa\u00f1ero perfecto para las aventuras al aire libre de su mascota.<\/p>","protected":false},"featured_media":31655,"template":"","meta":{"_acf_changed":false},"product_brand":[],"product_cat":[124,72],"product_tag":[212,213],"class_list":{"0":"post-31652","1":"product","2":"type-product","3":"status-publish","4":"has-post-thumbnail","6":"product_cat-dog-collars-leashes-harnesses","7":"product_cat-dog-supplies","8":"product_tag-pet-collars","9":"product_tag-pet-leashes","11":"first","12":"instock","13":"shipping-taxable","14":"product-type-simple"},"acf":[],"yoast_head":"<!-- This site is optimized with the Yoast SEO plugin v27.1.1 - https:\/\/yoast.com\/product\/yoast-seo-wordpress\/ -->\n<title>Dog Leash Collar Set | Pet Leash Collar Manufacturer - Petstar<\/title>\n<meta name=\"description\" content=\"Explore Dog Leash Collar Set from the pet product supplier. Petstar is a global pet products manufacturer. Your ideal business solution with Petstar.\" \/>\n<meta name=\"robots\" content=\"index, follow, max-snippet:-1, max-image-preview:large, max-video-preview:-1\" \/>\n<link rel=\"canonical\" href=\"https:\/\/petproducts.com.cn\/es\/producto\/dog-leash-collar-set-outdoor-travel-multi-purpose-adjustable-pet-leash-collar\/\" \/>\n<meta property=\"og:locale\" content=\"es_ES\" \/>\n<meta property=\"og:type\" content=\"article\" \/>\n<meta property=\"og:title\" content=\"Dog Leash Collar Set | Pet Leash Collar Manufacturer - Petstar\" \/>\n<meta property=\"og:description\" content=\"Explore Dog Leash Collar Set from the pet product supplier. Petstar is a global pet products manufacturer. Your ideal business solution with Petstar.\" \/>\n<meta property=\"og:url\" content=\"https:\/\/petproducts.com.cn\/es\/producto\/dog-leash-collar-set-outdoor-travel-multi-purpose-adjustable-pet-leash-collar\/\" \/>\n<meta property=\"og:site_name\" content=\"Petstar\" \/>\n<meta property=\"article:modified_time\" content=\"2025-01-22T03:06:12+00:00\" \/>\n<meta property=\"og:image\" content=\"https:\/\/petproducts.com.cn\/wp-content\/uploads\/2025\/01\/Custom-Dog-Leash-Collar-Set.webp\" \/>\n\t<meta property=\"og:image:width\" content=\"1000\" \/>\n\t<meta property=\"og:image:height\" content=\"1000\" \/>\n\t<meta property=\"og:image:type\" content=\"image\/webp\" \/>\n<meta name=\"twitter:card\" content=\"summary_large_image\" \/>\n<meta name=\"twitter:label1\" content=\"Tiempo de lectura\" \/>\n\t<meta name=\"twitter:data1\" content=\"2 minutos\" \/>\n<script type=\"application\/ld+json\" class=\"yoast-schema-graph\">{\"@context\":\"https:\/\/schema.org\",\"@graph\":[{\"@type\":\"WebPage\",\"@id\":\"https:\/\/petproducts.com.cn\/product\/dog-leash-collar-set-outdoor-travel-multi-purpose-adjustable-pet-leash-collar\/\",\"url\":\"https:\/\/petproducts.com.cn\/product\/dog-leash-collar-set-outdoor-travel-multi-purpose-adjustable-pet-leash-collar\/\",\"name\":\"Dog Leash Collar Set | Pet Leash Collar Manufacturer - Petstar\",\"isPartOf\":{\"@id\":\"https:\/\/petproducts.com.cn\/#website\"},\"primaryImageOfPage\":{\"@id\":\"https:\/\/petproducts.com.cn\/product\/dog-leash-collar-set-outdoor-travel-multi-purpose-adjustable-pet-leash-collar\/#primaryimage\"},\"image\":{\"@id\":\"https:\/\/petproducts.com.cn\/product\/dog-leash-collar-set-outdoor-travel-multi-purpose-adjustable-pet-leash-collar\/#primaryimage\"},\"thumbnailUrl\":\"https:\/\/petproducts.com.cn\/wp-content\/uploads\/2025\/01\/Custom-Dog-Leash-Collar-Set.webp\",\"datePublished\":\"2025-01-22T02:25:56+00:00\",\"dateModified\":\"2025-01-22T03:06:12+00:00\",\"description\":\"Explore Dog Leash Collar Set from the pet product supplier. Petstar is a global pet products manufacturer. Your ideal business solution with Petstar.\",\"breadcrumb\":{\"@id\":\"https:\/\/petproducts.com.cn\/product\/dog-leash-collar-set-outdoor-travel-multi-purpose-adjustable-pet-leash-collar\/#breadcrumb\"},\"inLanguage\":\"es\",\"potentialAction\":[{\"@type\":\"ReadAction\",\"target\":[\"https:\/\/petproducts.com.cn\/product\/dog-leash-collar-set-outdoor-travel-multi-purpose-adjustable-pet-leash-collar\/\"]}]},{\"@type\":\"ImageObject\",\"inLanguage\":\"es\",\"@id\":\"https:\/\/petproducts.com.cn\/product\/dog-leash-collar-set-outdoor-travel-multi-purpose-adjustable-pet-leash-collar\/#primaryimage\",\"url\":\"https:\/\/petproducts.com.cn\/wp-content\/uploads\/2025\/01\/Custom-Dog-Leash-Collar-Set.webp\",\"contentUrl\":\"https:\/\/petproducts.com.cn\/wp-content\/uploads\/2025\/01\/Custom-Dog-Leash-Collar-Set.webp\",\"width\":1000,\"height\":1000,\"caption\":\"Custom Dog Leash Collar Set\"},{\"@type\":\"BreadcrumbList\",\"@id\":\"https:\/\/petproducts.com.cn\/product\/dog-leash-collar-set-outdoor-travel-multi-purpose-adjustable-pet-leash-collar\/#breadcrumb\",\"itemListElement\":[{\"@type\":\"ListItem\",\"position\":1,\"name\":\"HOME\",\"item\":\"https:\/\/petproducts.com.cn\/\"},{\"@type\":\"ListItem\",\"position\":2,\"name\":\"Products\",\"item\":\"https:\/\/petproducts.com.cn\/shop\/\"},{\"@type\":\"ListItem\",\"position\":3,\"name\":\"Dog Collars, Leashes &amp; Harnesses\",\"item\":\"https:\/\/petproducts.com.cn\/product-category\/dog-collars-leashes-harnesses\/\"},{\"@type\":\"ListItem\",\"position\":4,\"name\":\"Dog Leash Collar Set Outdoor Travel Multi-Purpose Adjustable Pet Leash Collar\"}]},{\"@type\":\"WebSite\",\"@id\":\"https:\/\/petproducts.com.cn\/#website\",\"url\":\"https:\/\/petproducts.com.cn\/\",\"name\":\"Petstar\",\"description\":\"Leading Pet Supplies Manufacturer &amp; OEM Pet Products Supplier\",\"publisher\":{\"@id\":\"https:\/\/petproducts.com.cn\/#organization\"},\"alternateName\":\"Petstar Pet Supplies\",\"potentialAction\":[{\"@type\":\"SearchAction\",\"target\":{\"@type\":\"EntryPoint\",\"urlTemplate\":\"https:\/\/petproducts.com.cn\/?s={search_term_string}\"},\"query-input\":{\"@type\":\"PropertyValueSpecification\",\"valueRequired\":true,\"valueName\":\"search_term_string\"}}],\"inLanguage\":\"es\"},{\"@type\":\"Organization\",\"@id\":\"https:\/\/petproducts.com.cn\/#organization\",\"name\":\"Petstar\",\"url\":\"https:\/\/petproducts.com.cn\/\",\"logo\":{\"@type\":\"ImageObject\",\"inLanguage\":\"es\",\"@id\":\"https:\/\/petproducts.com.cn\/#\/schema\/logo\/image\/\",\"url\":\"https:\/\/petproducts.com.cn\/wp-content\/uploads\/2020\/02\/petstar-logo.webp\",\"contentUrl\":\"https:\/\/petproducts.com.cn\/wp-content\/uploads\/2020\/02\/petstar-logo.webp\",\"width\":779,\"height\":520,\"caption\":\"Petstar\"},\"image\":{\"@id\":\"https:\/\/petproducts.com.cn\/#\/schema\/logo\/image\/\"}}]}<\/script>\n<!-- \/ Yoast SEO plugin. -->","yoast_head_json":{"title":"Collar de la correa del perro - Petstar","description":"Explorar Dog Leash Collar Set del proveedor de productos para mascotas. Petstar es un fabricante mundial de productos para mascotas. Su soluci\u00f3n de negocio ideal con Petstar.","robots":{"index":"index","follow":"follow","max-snippet":"max-snippet:-1","max-image-preview":"max-image-preview:large","max-video-preview":"max-video-preview:-1"},"canonical":"https:\/\/petproducts.com.cn\/es\/producto\/dog-leash-collar-set-outdoor-travel-multi-purpose-adjustable-pet-leash-collar\/","og_locale":"es_ES","og_type":"article","og_title":"Dog Leash Collar Set | Pet Leash Collar Manufacturer - Petstar","og_description":"Explore Dog Leash Collar Set from the pet product supplier. Petstar is a global pet products manufacturer. Your ideal business solution with Petstar.","og_url":"https:\/\/petproducts.com.cn\/es\/producto\/dog-leash-collar-set-outdoor-travel-multi-purpose-adjustable-pet-leash-collar\/","og_site_name":"Petstar","article_modified_time":"2025-01-22T03:06:12+00:00","og_image":[{"width":1000,"height":1000,"url":"https:\/\/petproducts.com.cn\/wp-content\/uploads\/2025\/01\/Custom-Dog-Leash-Collar-Set.webp","type":"image\/webp"}],"twitter_card":"summary_large_image","twitter_misc":{"Tiempo de lectura":"2 minutos"},"schema":{"@context":"https:\/\/schema.org","@graph":[{"@type":"WebPage","@id":"https:\/\/petproducts.com.cn\/product\/dog-leash-collar-set-outdoor-travel-multi-purpose-adjustable-pet-leash-collar\/","url":"https:\/\/petproducts.com.cn\/product\/dog-leash-collar-set-outdoor-travel-multi-purpose-adjustable-pet-leash-collar\/","name":"Collar de la correa del perro - Petstar","isPartOf":{"@id":"https:\/\/petproducts.com.cn\/#website"},"primaryImageOfPage":{"@id":"https:\/\/petproducts.com.cn\/product\/dog-leash-collar-set-outdoor-travel-multi-purpose-adjustable-pet-leash-collar\/#primaryimage"},"image":{"@id":"https:\/\/petproducts.com.cn\/product\/dog-leash-collar-set-outdoor-travel-multi-purpose-adjustable-pet-leash-collar\/#primaryimage"},"thumbnailUrl":"https:\/\/petproducts.com.cn\/wp-content\/uploads\/2025\/01\/Custom-Dog-Leash-Collar-Set.webp","datePublished":"2025-01-22T02:25:56+00:00","dateModified":"2025-01-22T03:06:12+00:00","description":"Explorar Dog Leash Collar Set del proveedor de productos para mascotas. Petstar es un fabricante mundial de productos para mascotas. Su soluci\u00f3n de negocio ideal con Petstar.","breadcrumb":{"@id":"https:\/\/petproducts.com.cn\/product\/dog-leash-collar-set-outdoor-travel-multi-purpose-adjustable-pet-leash-collar\/#breadcrumb"},"inLanguage":"es","potentialAction":[{"@type":"ReadAction","target":["https:\/\/petproducts.com.cn\/product\/dog-leash-collar-set-outdoor-travel-multi-purpose-adjustable-pet-leash-collar\/"]}]},{"@type":"ImageObject","inLanguage":"es","@id":"https:\/\/petproducts.com.cn\/product\/dog-leash-collar-set-outdoor-travel-multi-purpose-adjustable-pet-leash-collar\/#primaryimage","url":"https:\/\/petproducts.com.cn\/wp-content\/uploads\/2025\/01\/Custom-Dog-Leash-Collar-Set.webp","contentUrl":"https:\/\/petproducts.com.cn\/wp-content\/uploads\/2025\/01\/Custom-Dog-Leash-Collar-Set.webp","width":1000,"height":1000,"caption":"Custom Dog Leash Collar Set"},{"@type":"BreadcrumbList","@id":"https:\/\/petproducts.com.cn\/product\/dog-leash-collar-set-outdoor-travel-multi-purpose-adjustable-pet-leash-collar\/#breadcrumb","itemListElement":[{"@type":"ListItem","position":1,"name":"HOME","item":"https:\/\/petproducts.com.cn\/"},{"@type":"ListItem","position":2,"name":"Products","item":"https:\/\/petproducts.com.cn\/shop\/"},{"@type":"ListItem","position":3,"name":"Dog Collars, Leashes &amp; Harnesses","item":"https:\/\/petproducts.com.cn\/product-category\/dog-collars-leashes-harnesses\/"},{"@type":"ListItem","position":4,"name":"Dog Leash Collar Set Outdoor Travel Multi-Purpose Adjustable Pet Leash Collar"}]},{"@type":"WebSite","@id":"https:\/\/petproducts.com.cn\/#website","url":"https:\/\/petproducts.com.cn\/","name":"Petstar","description":"Fabricante l\u00edder de art\u00edculos para mascotas y proveedor OEM de productos para mascotas","publisher":{"@id":"https:\/\/petproducts.com.cn\/#organization"},"alternateName":"Petstar Pet Supplies","potentialAction":[{"@type":"SearchAction","target":{"@type":"EntryPoint","urlTemplate":"https:\/\/petproducts.com.cn\/?s={search_term_string}"},"query-input":{"@type":"PropertyValueSpecification","valueRequired":true,"valueName":"search_term_string"}}],"inLanguage":"es"},{"@type":"Organization","@id":"https:\/\/petproducts.com.cn\/#organization","name":"Petstar","url":"https:\/\/petproducts.com.cn\/","logo":{"@type":"ImageObject","inLanguage":"es","@id":"https:\/\/petproducts.com.cn\/#\/schema\/logo\/image\/","url":"https:\/\/petproducts.com.cn\/wp-content\/uploads\/2020\/02\/petstar-logo.webp","contentUrl":"https:\/\/petproducts.com.cn\/wp-content\/uploads\/2020\/02\/petstar-logo.webp","width":779,"height":520,"caption":"Petstar"},"image":{"@id":"https:\/\/petproducts.com.cn\/#\/schema\/logo\/image\/"}}]}},"_links":{"self":[{"href":"https:\/\/petproducts.com.cn\/es\/wp-json\/wp\/v2\/product\/31652","targetHints":{"allow":["GET"]}}],"collection":[{"href":"https:\/\/petproducts.com.cn\/es\/wp-json\/wp\/v2\/product"}],"about":[{"href":"https:\/\/petproducts.com.cn\/es\/wp-json\/wp\/v2\/types\/product"}],"version-history":[{"count":3,"href":"https:\/\/petproducts.com.cn\/es\/wp-json\/wp\/v2\/product\/31652\/revisions"}],"predecessor-version":[{"id":31663,"href":"https:\/\/petproducts.com.cn\/es\/wp-json\/wp\/v2\/product\/31652\/revisions\/31663"}],"wp:featuredmedia":[{"embeddable":true,"href":"https:\/\/petproducts.com.cn\/es\/wp-json\/wp\/v2\/media\/31655"}],"wp:attachment":[{"href":"https:\/\/petproducts.com.cn\/es\/wp-json\/wp\/v2\/media?parent=31652"}],"wp:term":[{"taxonomy":"product_brand","embeddable":true,"href":"https:\/\/petproducts.com.cn\/es\/wp-json\/wp\/v2\/product_brand?post=31652"},{"taxonomy":"product_cat","embeddable":true,"href":"https:\/\/petproducts.com.cn\/es\/wp-json\/wp\/v2\/product_cat?post=31652"},{"taxonomy":"product_tag","embeddable":true,"href":"https:\/\/petproducts.com.cn\/es\/wp-json\/wp\/v2\/product_tag?post=31652"}],"curies":[{"name":"wp","href":"https:\/\/api.w.org\/{rel}","templated":true}]}}