{"id":32431,"date":"2025-03-07T06:25:52","date_gmt":"2025-03-07T06:25:52","guid":{"rendered":"https:\/\/petproducts.com.cn\/?post_type=product&#038;p=32431"},"modified":"2025-03-07T07:29:52","modified_gmt":"2025-03-07T07:29:52","slug":"dog-collar-leash-set-durable-print-led-pvc-antifouling-dog-walking-leash","status":"publish","type":"product","link":"https:\/\/petproducts.com.cn\/es\/product\/dog-collar-leash-set-durable-print-led-pvc-antifouling-dog-walking-leash\/","title":{"rendered":"Collar de perro Correa Set Durable Print LED PVC Antifouling Dog Walking Leash"},"content":{"rendered":"<h2>Caracter\u00edsticas del set de collar y correa para perros<\/h2>\n<ol>\n<li data-start=\"36\" data-end=\"196\"><strong>Set completo de collar y correa para uso diario<\/strong> - Un collar y una correa a juego dise\u00f1ados para ofrecer durabilidad, estilo y seguridad durante los paseos diarios del perro.<\/li>\n<li data-start=\"197\" data-end=\"374\"><strong>LED incorporado para visibilidad nocturna<\/strong> - Incorpora iluminaci\u00f3n LED para mejorar la visibilidad en condiciones de poca luz, garantizando la seguridad de la mascota durante los paseos nocturnos y a primera hora de la ma\u00f1ana.<\/li>\n<li data-start=\"375\" data-end=\"547\"><strong>Material de PVC impermeable y antiincrustante<\/strong> - Fabricado en PVC impermeable de alta calidad, este conjunto resiste la suciedad, la humedad y el desgaste, por lo que es f\u00e1cil de limpiar y mantener.<\/li>\n<li data-start=\"548\" data-end=\"705\"><strong>Ajustable a todos los tama\u00f1os de perro<\/strong> - El collar ajustable proporciona un ajuste seguro y c\u00f3modo, adecuado para perros de diferentes razas y tama\u00f1os.<\/li>\n<li data-start=\"706\" data-end=\"876\"><strong>Dise\u00f1o impreso resistente para un estilo duradero<\/strong> - El material de PVC impreso ofrece un dise\u00f1o vibrante y duradero que no se decolora, manteniendo a las mascotas con un aspecto elegante.<\/li>\n<li data-start=\"877\" data-end=\"1055\"><strong>Perfecto para mayoristas y minoristas de art\u00edculos para mascotas<\/strong> - La mejor opci\u00f3n para minoristas, mayoristas y grandes compradores de animales de compa\u00f1\u00eda, ya que ofrece un producto de primera calidad, pr\u00e1ctico y muy demandado.<\/li>\n<\/ol>","protected":false},"excerpt":{"rendered":"<p>Nuestro collar de perro correa conjunto de impresi\u00f3n duradera led pvc antifouling perro caminar correa cuenta con un dise\u00f1o impermeable, antifouling pvc con ajuste ajustable, luces led incorporadas, y los patrones impresos duraderos, proporcionando seguridad, estilo y comodidad para los due\u00f1os de mascotas.<\/p>","protected":false},"featured_media":32432,"template":"","meta":{"_acf_changed":false},"product_brand":[],"product_cat":[124,72],"product_tag":[212,213],"class_list":{"0":"post-32431","1":"product","2":"type-product","3":"status-publish","4":"has-post-thumbnail","6":"product_cat-dog-collars-leashes-harnesses","7":"product_cat-dog-supplies","8":"product_tag-pet-collars","9":"product_tag-pet-leashes","11":"first","12":"instock","13":"shipping-taxable","14":"product-type-simple"},"acf":[],"yoast_head":"<!-- This site is optimized with the Yoast SEO plugin v27.1.1 - https:\/\/yoast.com\/product\/yoast-seo-wordpress\/ -->\n<title>Dog Collar Leash Set | Dog Collar Leash Manufacturer - Petstar<\/title>\n<meta name=\"description\" content=\"Explore Dog Collar Leash Set from the best pet products supplier. Petstar is a global pet products manufacturer. Your ideal business solution with Petstar.\" \/>\n<meta name=\"robots\" content=\"index, follow, max-snippet:-1, max-image-preview:large, max-video-preview:-1\" \/>\n<link rel=\"canonical\" href=\"https:\/\/petproducts.com.cn\/es\/producto\/dog-collar-leash-set-durable-print-led-pvc-antifouling-dog-walking-leash\/\" \/>\n<meta property=\"og:locale\" content=\"es_ES\" \/>\n<meta property=\"og:type\" content=\"article\" \/>\n<meta property=\"og:title\" content=\"Dog Collar Leash Set | Dog Collar Leash Manufacturer - Petstar\" \/>\n<meta property=\"og:description\" content=\"Explore Dog Collar Leash Set from the best pet products supplier. Petstar is a global pet products manufacturer. Your ideal business solution with Petstar.\" \/>\n<meta property=\"og:url\" content=\"https:\/\/petproducts.com.cn\/es\/producto\/dog-collar-leash-set-durable-print-led-pvc-antifouling-dog-walking-leash\/\" \/>\n<meta property=\"og:site_name\" content=\"Petstar\" \/>\n<meta property=\"article:modified_time\" content=\"2025-03-07T07:29:52+00:00\" \/>\n<meta property=\"og:image\" content=\"https:\/\/petproducts.com.cn\/wp-content\/uploads\/2025\/03\/dog-collar-leash-set.webp\" \/>\n\t<meta property=\"og:image:width\" content=\"1000\" \/>\n\t<meta property=\"og:image:height\" content=\"1000\" \/>\n\t<meta property=\"og:image:type\" content=\"image\/webp\" \/>\n<meta name=\"twitter:card\" content=\"summary_large_image\" \/>\n<meta name=\"twitter:label1\" content=\"Tiempo de lectura\" \/>\n\t<meta name=\"twitter:data1\" content=\"1 minuto\" \/>\n<script type=\"application\/ld+json\" class=\"yoast-schema-graph\">{\"@context\":\"https:\/\/schema.org\",\"@graph\":[{\"@type\":\"WebPage\",\"@id\":\"https:\/\/petproducts.com.cn\/product\/dog-collar-leash-set-durable-print-led-pvc-antifouling-dog-walking-leash\/\",\"url\":\"https:\/\/petproducts.com.cn\/product\/dog-collar-leash-set-durable-print-led-pvc-antifouling-dog-walking-leash\/\",\"name\":\"Dog Collar Leash Set | Dog Collar Leash Manufacturer - Petstar\",\"isPartOf\":{\"@id\":\"https:\/\/petproducts.com.cn\/#website\"},\"primaryImageOfPage\":{\"@id\":\"https:\/\/petproducts.com.cn\/product\/dog-collar-leash-set-durable-print-led-pvc-antifouling-dog-walking-leash\/#primaryimage\"},\"image\":{\"@id\":\"https:\/\/petproducts.com.cn\/product\/dog-collar-leash-set-durable-print-led-pvc-antifouling-dog-walking-leash\/#primaryimage\"},\"thumbnailUrl\":\"https:\/\/petproducts.com.cn\/wp-content\/uploads\/2025\/03\/dog-collar-leash-set.webp\",\"datePublished\":\"2025-03-07T06:25:52+00:00\",\"dateModified\":\"2025-03-07T07:29:52+00:00\",\"description\":\"Explore Dog Collar Leash Set from the best pet products supplier. Petstar is a global pet products manufacturer. Your ideal business solution with Petstar.\",\"breadcrumb\":{\"@id\":\"https:\/\/petproducts.com.cn\/product\/dog-collar-leash-set-durable-print-led-pvc-antifouling-dog-walking-leash\/#breadcrumb\"},\"inLanguage\":\"es\",\"potentialAction\":[{\"@type\":\"ReadAction\",\"target\":[\"https:\/\/petproducts.com.cn\/product\/dog-collar-leash-set-durable-print-led-pvc-antifouling-dog-walking-leash\/\"]}]},{\"@type\":\"ImageObject\",\"inLanguage\":\"es\",\"@id\":\"https:\/\/petproducts.com.cn\/product\/dog-collar-leash-set-durable-print-led-pvc-antifouling-dog-walking-leash\/#primaryimage\",\"url\":\"https:\/\/petproducts.com.cn\/wp-content\/uploads\/2025\/03\/dog-collar-leash-set.webp\",\"contentUrl\":\"https:\/\/petproducts.com.cn\/wp-content\/uploads\/2025\/03\/dog-collar-leash-set.webp\",\"width\":1000,\"height\":1000,\"caption\":\"dog collar leash set\"},{\"@type\":\"BreadcrumbList\",\"@id\":\"https:\/\/petproducts.com.cn\/product\/dog-collar-leash-set-durable-print-led-pvc-antifouling-dog-walking-leash\/#breadcrumb\",\"itemListElement\":[{\"@type\":\"ListItem\",\"position\":1,\"name\":\"HOME\",\"item\":\"https:\/\/petproducts.com.cn\/\"},{\"@type\":\"ListItem\",\"position\":2,\"name\":\"Products\",\"item\":\"https:\/\/petproducts.com.cn\/shop\/\"},{\"@type\":\"ListItem\",\"position\":3,\"name\":\"Dog Collars, Leashes &amp; Harnesses\",\"item\":\"https:\/\/petproducts.com.cn\/product-category\/dog-collars-leashes-harnesses\/\"},{\"@type\":\"ListItem\",\"position\":4,\"name\":\"Dog Collar Leash Set Durable Print LED PVC Antifouling Dog Walking Leash\"}]},{\"@type\":\"WebSite\",\"@id\":\"https:\/\/petproducts.com.cn\/#website\",\"url\":\"https:\/\/petproducts.com.cn\/\",\"name\":\"Petstar\",\"description\":\"Leading Pet Supplies Manufacturer &amp; OEM Pet Products Supplier\",\"publisher\":{\"@id\":\"https:\/\/petproducts.com.cn\/#organization\"},\"alternateName\":\"Petstar Pet Supplies\",\"potentialAction\":[{\"@type\":\"SearchAction\",\"target\":{\"@type\":\"EntryPoint\",\"urlTemplate\":\"https:\/\/petproducts.com.cn\/?s={search_term_string}\"},\"query-input\":{\"@type\":\"PropertyValueSpecification\",\"valueRequired\":true,\"valueName\":\"search_term_string\"}}],\"inLanguage\":\"es\"},{\"@type\":\"Organization\",\"@id\":\"https:\/\/petproducts.com.cn\/#organization\",\"name\":\"Petstar\",\"url\":\"https:\/\/petproducts.com.cn\/\",\"logo\":{\"@type\":\"ImageObject\",\"inLanguage\":\"es\",\"@id\":\"https:\/\/petproducts.com.cn\/#\/schema\/logo\/image\/\",\"url\":\"https:\/\/petproducts.com.cn\/wp-content\/uploads\/2020\/02\/petstar-logo.webp\",\"contentUrl\":\"https:\/\/petproducts.com.cn\/wp-content\/uploads\/2020\/02\/petstar-logo.webp\",\"width\":779,\"height\":520,\"caption\":\"Petstar\"},\"image\":{\"@id\":\"https:\/\/petproducts.com.cn\/#\/schema\/logo\/image\/\"}}]}<\/script>\n<!-- \/ Yoast SEO plugin. -->","yoast_head_json":{"title":"Collar de perro Correa Set - Petstar","description":"Explorar Collar de perro Correa Set del mejor proveedor de productos para mascotas. Petstar es un fabricante mundial de productos para mascotas. Su soluci\u00f3n de negocio ideal con Petstar.","robots":{"index":"index","follow":"follow","max-snippet":"max-snippet:-1","max-image-preview":"max-image-preview:large","max-video-preview":"max-video-preview:-1"},"canonical":"https:\/\/petproducts.com.cn\/es\/producto\/dog-collar-leash-set-durable-print-led-pvc-antifouling-dog-walking-leash\/","og_locale":"es_ES","og_type":"article","og_title":"Dog Collar Leash Set | Dog Collar Leash Manufacturer - Petstar","og_description":"Explore Dog Collar Leash Set from the best pet products supplier. Petstar is a global pet products manufacturer. Your ideal business solution with Petstar.","og_url":"https:\/\/petproducts.com.cn\/es\/producto\/dog-collar-leash-set-durable-print-led-pvc-antifouling-dog-walking-leash\/","og_site_name":"Petstar","article_modified_time":"2025-03-07T07:29:52+00:00","og_image":[{"width":1000,"height":1000,"url":"https:\/\/petproducts.com.cn\/wp-content\/uploads\/2025\/03\/dog-collar-leash-set.webp","type":"image\/webp"}],"twitter_card":"summary_large_image","twitter_misc":{"Tiempo de lectura":"1 minuto"},"schema":{"@context":"https:\/\/schema.org","@graph":[{"@type":"WebPage","@id":"https:\/\/petproducts.com.cn\/product\/dog-collar-leash-set-durable-print-led-pvc-antifouling-dog-walking-leash\/","url":"https:\/\/petproducts.com.cn\/product\/dog-collar-leash-set-durable-print-led-pvc-antifouling-dog-walking-leash\/","name":"Collar de perro Correa Set - Petstar","isPartOf":{"@id":"https:\/\/petproducts.com.cn\/#website"},"primaryImageOfPage":{"@id":"https:\/\/petproducts.com.cn\/product\/dog-collar-leash-set-durable-print-led-pvc-antifouling-dog-walking-leash\/#primaryimage"},"image":{"@id":"https:\/\/petproducts.com.cn\/product\/dog-collar-leash-set-durable-print-led-pvc-antifouling-dog-walking-leash\/#primaryimage"},"thumbnailUrl":"https:\/\/petproducts.com.cn\/wp-content\/uploads\/2025\/03\/dog-collar-leash-set.webp","datePublished":"2025-03-07T06:25:52+00:00","dateModified":"2025-03-07T07:29:52+00:00","description":"Explorar Collar de perro Correa Set del mejor proveedor de productos para mascotas. Petstar es un fabricante mundial de productos para mascotas. Su soluci\u00f3n de negocio ideal con Petstar.","breadcrumb":{"@id":"https:\/\/petproducts.com.cn\/product\/dog-collar-leash-set-durable-print-led-pvc-antifouling-dog-walking-leash\/#breadcrumb"},"inLanguage":"es","potentialAction":[{"@type":"ReadAction","target":["https:\/\/petproducts.com.cn\/product\/dog-collar-leash-set-durable-print-led-pvc-antifouling-dog-walking-leash\/"]}]},{"@type":"ImageObject","inLanguage":"es","@id":"https:\/\/petproducts.com.cn\/product\/dog-collar-leash-set-durable-print-led-pvc-antifouling-dog-walking-leash\/#primaryimage","url":"https:\/\/petproducts.com.cn\/wp-content\/uploads\/2025\/03\/dog-collar-leash-set.webp","contentUrl":"https:\/\/petproducts.com.cn\/wp-content\/uploads\/2025\/03\/dog-collar-leash-set.webp","width":1000,"height":1000,"caption":"dog collar leash set"},{"@type":"BreadcrumbList","@id":"https:\/\/petproducts.com.cn\/product\/dog-collar-leash-set-durable-print-led-pvc-antifouling-dog-walking-leash\/#breadcrumb","itemListElement":[{"@type":"ListItem","position":1,"name":"HOME","item":"https:\/\/petproducts.com.cn\/"},{"@type":"ListItem","position":2,"name":"Products","item":"https:\/\/petproducts.com.cn\/shop\/"},{"@type":"ListItem","position":3,"name":"Dog Collars, Leashes &amp; Harnesses","item":"https:\/\/petproducts.com.cn\/product-category\/dog-collars-leashes-harnesses\/"},{"@type":"ListItem","position":4,"name":"Dog Collar Leash Set Durable Print LED PVC Antifouling Dog Walking Leash"}]},{"@type":"WebSite","@id":"https:\/\/petproducts.com.cn\/#website","url":"https:\/\/petproducts.com.cn\/","name":"Petstar","description":"Fabricante l\u00edder de art\u00edculos para mascotas y proveedor OEM de productos para mascotas","publisher":{"@id":"https:\/\/petproducts.com.cn\/#organization"},"alternateName":"Petstar Pet Supplies","potentialAction":[{"@type":"SearchAction","target":{"@type":"EntryPoint","urlTemplate":"https:\/\/petproducts.com.cn\/?s={search_term_string}"},"query-input":{"@type":"PropertyValueSpecification","valueRequired":true,"valueName":"search_term_string"}}],"inLanguage":"es"},{"@type":"Organization","@id":"https:\/\/petproducts.com.cn\/#organization","name":"Petstar","url":"https:\/\/petproducts.com.cn\/","logo":{"@type":"ImageObject","inLanguage":"es","@id":"https:\/\/petproducts.com.cn\/#\/schema\/logo\/image\/","url":"https:\/\/petproducts.com.cn\/wp-content\/uploads\/2020\/02\/petstar-logo.webp","contentUrl":"https:\/\/petproducts.com.cn\/wp-content\/uploads\/2020\/02\/petstar-logo.webp","width":779,"height":520,"caption":"Petstar"},"image":{"@id":"https:\/\/petproducts.com.cn\/#\/schema\/logo\/image\/"}}]}},"_links":{"self":[{"href":"https:\/\/petproducts.com.cn\/es\/wp-json\/wp\/v2\/product\/32431","targetHints":{"allow":["GET"]}}],"collection":[{"href":"https:\/\/petproducts.com.cn\/es\/wp-json\/wp\/v2\/product"}],"about":[{"href":"https:\/\/petproducts.com.cn\/es\/wp-json\/wp\/v2\/types\/product"}],"version-history":[{"count":2,"href":"https:\/\/petproducts.com.cn\/es\/wp-json\/wp\/v2\/product\/32431\/revisions"}],"predecessor-version":[{"id":32446,"href":"https:\/\/petproducts.com.cn\/es\/wp-json\/wp\/v2\/product\/32431\/revisions\/32446"}],"wp:featuredmedia":[{"embeddable":true,"href":"https:\/\/petproducts.com.cn\/es\/wp-json\/wp\/v2\/media\/32432"}],"wp:attachment":[{"href":"https:\/\/petproducts.com.cn\/es\/wp-json\/wp\/v2\/media?parent=32431"}],"wp:term":[{"taxonomy":"product_brand","embeddable":true,"href":"https:\/\/petproducts.com.cn\/es\/wp-json\/wp\/v2\/product_brand?post=32431"},{"taxonomy":"product_cat","embeddable":true,"href":"https:\/\/petproducts.com.cn\/es\/wp-json\/wp\/v2\/product_cat?post=32431"},{"taxonomy":"product_tag","embeddable":true,"href":"https:\/\/petproducts.com.cn\/es\/wp-json\/wp\/v2\/product_tag?post=32431"}],"curies":[{"name":"wp","href":"https:\/\/api.w.org\/{rel}","templated":true}]}}