{"id":32877,"date":"2025-04-07T08:23:27","date_gmt":"2025-04-07T08:23:27","guid":{"rendered":"https:\/\/petproducts.com.cn\/?post_type=product&#038;p=32877"},"modified":"2025-04-14T08:34:11","modified_gmt":"2025-04-14T08:34:11","slug":"pet-crate-wooden-luxury-iron-custom-indoor-pet-house","status":"publish","type":"product","link":"https:\/\/petproducts.com.cn\/es\/product\/pet-crate-wooden-luxury-iron-custom-indoor-pet-house\/","title":{"rendered":"Pet Crate de madera de lujo de hierro personalizado Casa de interior para mascotas"},"content":{"rendered":"<h2>Caracter\u00edsticas de Pet Crate Wooden<\/h2>\n<ul>\n<li class=\"\" data-start=\"34\" data-end=\"212\">\n<p class=\"\" data-start=\"37\" data-end=\"212\"><strong data-start=\"37\" data-end=\"74\">Combinaci\u00f3n premium de madera y hierro<\/strong> - Este modelo de caja de madera para mascotas combina un duradero armaz\u00f3n de hierro con elegantes paneles de madera, ofreciendo tanto resistencia como una est\u00e9tica de lujo.<\/p>\n<\/li>\n<li data-start=\"216\" data-end=\"385\"><strong data-start=\"216\" data-end=\"255\">Dise\u00f1o de una sola puerta de f\u00e1cil acceso<\/strong> - Equipado con una \u00fanica puerta frontal que proporciona una c\u00f3moda entrada y salida para las mascotas al tiempo que garantiza la seguridad y la contenci\u00f3n.<\/li>\n<li class=\"\" data-start=\"386\" data-end=\"559\">\n<p class=\"\" data-start=\"389\" data-end=\"559\"><strong data-start=\"389\" data-end=\"426\">Muebles de interior personalizables para mascotas<\/strong> - Adapte el tama\u00f1o, el color y los acabados del material para satisfacer las demandas espec\u00edficas de sus clientes B2B y las preferencias de decoraci\u00f3n interior.<\/p>\n<\/li>\n<li class=\"\" data-start=\"560\" data-end=\"719\">\n<p class=\"\" data-start=\"563\" data-end=\"719\"><strong data-start=\"563\" data-end=\"597\">Ideal para espacios interiores<\/strong> - Esta unidad de jaula para mascotas funciona tambi\u00e9n como una elegante casa de interior para mascotas, que se adapta perfectamente a los entornos dom\u00e9sticos modernos.<\/p>\n<\/li>\n<li class=\"\" data-start=\"720\" data-end=\"906\">\n<p class=\"\" data-start=\"723\" data-end=\"906\"><strong data-start=\"723\" data-end=\"765\">Dirigido a los principales compradores de art\u00edculos para mascotas<\/strong> - Una soluci\u00f3n elegante y exclusiva para los grandes compradores que buscan jaulas de madera funcionales y modernas para sus tiendas o l\u00edneas de mobiliario.<\/p>\n<\/li>\n<\/ul>","protected":false},"excerpt":{"rendered":"<p>Esta jaula de madera para mascotas combina lujosos paneles de madera con un robusto armaz\u00f3n de hierro en un elegante dise\u00f1o de una sola puerta, lo que la convierte en una elegante y funcional casa de interior para mascotas.<\/p>","protected":false},"featured_media":32883,"template":"","meta":{"_acf_changed":false},"product_brand":[],"product_cat":[52,72],"product_tag":[106],"class_list":{"0":"post-32877","1":"product","2":"type-product","3":"status-publish","4":"has-post-thumbnail","6":"product_cat-dog-crates-houses-pens","7":"product_cat-dog-supplies","8":"product_tag-dog-crates-houses-pens","10":"first","11":"instock","12":"shipping-taxable","13":"product-type-simple"},"acf":[],"yoast_head":"<!-- This site is optimized with the Yoast SEO plugin v27.1.1 - https:\/\/yoast.com\/product\/yoast-seo-wordpress\/ -->\n<title>Pet Crate Wooden | Pet Crates Manufacturer - Petstar<\/title>\n<meta name=\"description\" content=\"Explore Pet Crate Wooden from the best pet products supplier. Petstar is a global pet product manufacturer. Your ideal business solution with Petstar.\" \/>\n<meta name=\"robots\" content=\"index, follow, max-snippet:-1, max-image-preview:large, max-video-preview:-1\" \/>\n<link rel=\"canonical\" href=\"https:\/\/petproducts.com.cn\/es\/producto\/pet-crate-wooden-luxury-iron-custom-indoor-pet-house\/\" \/>\n<meta property=\"og:locale\" content=\"es_ES\" \/>\n<meta property=\"og:type\" content=\"article\" \/>\n<meta property=\"og:title\" content=\"Pet Crate Wooden | Pet Crates Manufacturer - Petstar\" \/>\n<meta property=\"og:description\" content=\"Explore Pet Crate Wooden from the best pet products supplier. Petstar is a global pet product manufacturer. Your ideal business solution with Petstar.\" \/>\n<meta property=\"og:url\" content=\"https:\/\/petproducts.com.cn\/es\/producto\/pet-crate-wooden-luxury-iron-custom-indoor-pet-house\/\" \/>\n<meta property=\"og:site_name\" content=\"Petstar\" \/>\n<meta property=\"article:modified_time\" content=\"2025-04-14T08:34:11+00:00\" \/>\n<meta property=\"og:image\" content=\"https:\/\/petproducts.com.cn\/wp-content\/uploads\/2025\/04\/pet-crate-wooden.webp\" \/>\n\t<meta property=\"og:image:width\" content=\"1000\" \/>\n\t<meta property=\"og:image:height\" content=\"1000\" \/>\n\t<meta property=\"og:image:type\" content=\"image\/webp\" \/>\n<meta name=\"twitter:card\" content=\"summary_large_image\" \/>\n<meta name=\"twitter:label1\" content=\"Tiempo de lectura\" \/>\n\t<meta name=\"twitter:data1\" content=\"1 minuto\" \/>\n<script type=\"application\/ld+json\" class=\"yoast-schema-graph\">{\"@context\":\"https:\/\/schema.org\",\"@graph\":[{\"@type\":\"WebPage\",\"@id\":\"https:\/\/petproducts.com.cn\/product\/pet-crate-wooden-luxury-iron-custom-indoor-pet-house\/\",\"url\":\"https:\/\/petproducts.com.cn\/product\/pet-crate-wooden-luxury-iron-custom-indoor-pet-house\/\",\"name\":\"Pet Crate Wooden | Pet Crates Manufacturer - Petstar\",\"isPartOf\":{\"@id\":\"https:\/\/petproducts.com.cn\/#website\"},\"primaryImageOfPage\":{\"@id\":\"https:\/\/petproducts.com.cn\/product\/pet-crate-wooden-luxury-iron-custom-indoor-pet-house\/#primaryimage\"},\"image\":{\"@id\":\"https:\/\/petproducts.com.cn\/product\/pet-crate-wooden-luxury-iron-custom-indoor-pet-house\/#primaryimage\"},\"thumbnailUrl\":\"https:\/\/petproducts.com.cn\/wp-content\/uploads\/2025\/04\/pet-crate-wooden.webp\",\"datePublished\":\"2025-04-07T08:23:27+00:00\",\"dateModified\":\"2025-04-14T08:34:11+00:00\",\"description\":\"Explore Pet Crate Wooden from the best pet products supplier. Petstar is a global pet product manufacturer. Your ideal business solution with Petstar.\",\"breadcrumb\":{\"@id\":\"https:\/\/petproducts.com.cn\/product\/pet-crate-wooden-luxury-iron-custom-indoor-pet-house\/#breadcrumb\"},\"inLanguage\":\"es\",\"potentialAction\":[{\"@type\":\"ReadAction\",\"target\":[\"https:\/\/petproducts.com.cn\/product\/pet-crate-wooden-luxury-iron-custom-indoor-pet-house\/\"]}]},{\"@type\":\"ImageObject\",\"inLanguage\":\"es\",\"@id\":\"https:\/\/petproducts.com.cn\/product\/pet-crate-wooden-luxury-iron-custom-indoor-pet-house\/#primaryimage\",\"url\":\"https:\/\/petproducts.com.cn\/wp-content\/uploads\/2025\/04\/pet-crate-wooden.webp\",\"contentUrl\":\"https:\/\/petproducts.com.cn\/wp-content\/uploads\/2025\/04\/pet-crate-wooden.webp\",\"width\":1000,\"height\":1000,\"caption\":\"pet crate wooden\"},{\"@type\":\"BreadcrumbList\",\"@id\":\"https:\/\/petproducts.com.cn\/product\/pet-crate-wooden-luxury-iron-custom-indoor-pet-house\/#breadcrumb\",\"itemListElement\":[{\"@type\":\"ListItem\",\"position\":1,\"name\":\"HOME\",\"item\":\"https:\/\/petproducts.com.cn\/\"},{\"@type\":\"ListItem\",\"position\":2,\"name\":\"Products\",\"item\":\"https:\/\/petproducts.com.cn\/shop\/\"},{\"@type\":\"ListItem\",\"position\":3,\"name\":\"Dog Crates, Houses &amp; Pens\",\"item\":\"https:\/\/petproducts.com.cn\/product-category\/dog-crates-houses-pens\/\"},{\"@type\":\"ListItem\",\"position\":4,\"name\":\"Pet Crate Wooden Luxury Iron Custom Indoor Pet House\"}]},{\"@type\":\"WebSite\",\"@id\":\"https:\/\/petproducts.com.cn\/#website\",\"url\":\"https:\/\/petproducts.com.cn\/\",\"name\":\"Petstar\",\"description\":\"Leading Pet Supplies Manufacturer &amp; OEM Pet Products Supplier\",\"publisher\":{\"@id\":\"https:\/\/petproducts.com.cn\/#organization\"},\"alternateName\":\"Petstar Pet Supplies\",\"potentialAction\":[{\"@type\":\"SearchAction\",\"target\":{\"@type\":\"EntryPoint\",\"urlTemplate\":\"https:\/\/petproducts.com.cn\/?s={search_term_string}\"},\"query-input\":{\"@type\":\"PropertyValueSpecification\",\"valueRequired\":true,\"valueName\":\"search_term_string\"}}],\"inLanguage\":\"es\"},{\"@type\":\"Organization\",\"@id\":\"https:\/\/petproducts.com.cn\/#organization\",\"name\":\"Petstar\",\"url\":\"https:\/\/petproducts.com.cn\/\",\"logo\":{\"@type\":\"ImageObject\",\"inLanguage\":\"es\",\"@id\":\"https:\/\/petproducts.com.cn\/#\/schema\/logo\/image\/\",\"url\":\"https:\/\/petproducts.com.cn\/wp-content\/uploads\/2020\/02\/petstar-logo.webp\",\"contentUrl\":\"https:\/\/petproducts.com.cn\/wp-content\/uploads\/2020\/02\/petstar-logo.webp\",\"width\":779,\"height\":520,\"caption\":\"Petstar\"},\"image\":{\"@id\":\"https:\/\/petproducts.com.cn\/#\/schema\/logo\/image\/\"}}]}<\/script>\n<!-- \/ Yoast SEO plugin. -->","yoast_head_json":{"title":"Pet Crate Wooden | Pet Crates Fabricante - Petstar","description":"Explore Pet Crate Wooden del mejor proveedor de productos para mascotas. Petstar es un fabricante mundial de productos para mascotas. Su soluci\u00f3n de negocio ideal con Petstar.","robots":{"index":"index","follow":"follow","max-snippet":"max-snippet:-1","max-image-preview":"max-image-preview:large","max-video-preview":"max-video-preview:-1"},"canonical":"https:\/\/petproducts.com.cn\/es\/producto\/pet-crate-wooden-luxury-iron-custom-indoor-pet-house\/","og_locale":"es_ES","og_type":"article","og_title":"Pet Crate Wooden | Pet Crates Manufacturer - Petstar","og_description":"Explore Pet Crate Wooden from the best pet products supplier. Petstar is a global pet product manufacturer. Your ideal business solution with Petstar.","og_url":"https:\/\/petproducts.com.cn\/es\/producto\/pet-crate-wooden-luxury-iron-custom-indoor-pet-house\/","og_site_name":"Petstar","article_modified_time":"2025-04-14T08:34:11+00:00","og_image":[{"width":1000,"height":1000,"url":"https:\/\/petproducts.com.cn\/wp-content\/uploads\/2025\/04\/pet-crate-wooden.webp","type":"image\/webp"}],"twitter_card":"summary_large_image","twitter_misc":{"Tiempo de lectura":"1 minuto"},"schema":{"@context":"https:\/\/schema.org","@graph":[{"@type":"WebPage","@id":"https:\/\/petproducts.com.cn\/product\/pet-crate-wooden-luxury-iron-custom-indoor-pet-house\/","url":"https:\/\/petproducts.com.cn\/product\/pet-crate-wooden-luxury-iron-custom-indoor-pet-house\/","name":"Pet Crate Wooden | Pet Crates Fabricante - Petstar","isPartOf":{"@id":"https:\/\/petproducts.com.cn\/#website"},"primaryImageOfPage":{"@id":"https:\/\/petproducts.com.cn\/product\/pet-crate-wooden-luxury-iron-custom-indoor-pet-house\/#primaryimage"},"image":{"@id":"https:\/\/petproducts.com.cn\/product\/pet-crate-wooden-luxury-iron-custom-indoor-pet-house\/#primaryimage"},"thumbnailUrl":"https:\/\/petproducts.com.cn\/wp-content\/uploads\/2025\/04\/pet-crate-wooden.webp","datePublished":"2025-04-07T08:23:27+00:00","dateModified":"2025-04-14T08:34:11+00:00","description":"Explore Pet Crate Wooden del mejor proveedor de productos para mascotas. Petstar es un fabricante mundial de productos para mascotas. Su soluci\u00f3n de negocio ideal con Petstar.","breadcrumb":{"@id":"https:\/\/petproducts.com.cn\/product\/pet-crate-wooden-luxury-iron-custom-indoor-pet-house\/#breadcrumb"},"inLanguage":"es","potentialAction":[{"@type":"ReadAction","target":["https:\/\/petproducts.com.cn\/product\/pet-crate-wooden-luxury-iron-custom-indoor-pet-house\/"]}]},{"@type":"ImageObject","inLanguage":"es","@id":"https:\/\/petproducts.com.cn\/product\/pet-crate-wooden-luxury-iron-custom-indoor-pet-house\/#primaryimage","url":"https:\/\/petproducts.com.cn\/wp-content\/uploads\/2025\/04\/pet-crate-wooden.webp","contentUrl":"https:\/\/petproducts.com.cn\/wp-content\/uploads\/2025\/04\/pet-crate-wooden.webp","width":1000,"height":1000,"caption":"pet crate wooden"},{"@type":"BreadcrumbList","@id":"https:\/\/petproducts.com.cn\/product\/pet-crate-wooden-luxury-iron-custom-indoor-pet-house\/#breadcrumb","itemListElement":[{"@type":"ListItem","position":1,"name":"HOME","item":"https:\/\/petproducts.com.cn\/"},{"@type":"ListItem","position":2,"name":"Products","item":"https:\/\/petproducts.com.cn\/shop\/"},{"@type":"ListItem","position":3,"name":"Dog Crates, Houses &amp; Pens","item":"https:\/\/petproducts.com.cn\/product-category\/dog-crates-houses-pens\/"},{"@type":"ListItem","position":4,"name":"Pet Crate Wooden Luxury Iron Custom Indoor Pet House"}]},{"@type":"WebSite","@id":"https:\/\/petproducts.com.cn\/#website","url":"https:\/\/petproducts.com.cn\/","name":"Petstar","description":"Fabricante l\u00edder de art\u00edculos para mascotas y proveedor OEM de productos para mascotas","publisher":{"@id":"https:\/\/petproducts.com.cn\/#organization"},"alternateName":"Petstar Pet Supplies","potentialAction":[{"@type":"SearchAction","target":{"@type":"EntryPoint","urlTemplate":"https:\/\/petproducts.com.cn\/?s={search_term_string}"},"query-input":{"@type":"PropertyValueSpecification","valueRequired":true,"valueName":"search_term_string"}}],"inLanguage":"es"},{"@type":"Organization","@id":"https:\/\/petproducts.com.cn\/#organization","name":"Petstar","url":"https:\/\/petproducts.com.cn\/","logo":{"@type":"ImageObject","inLanguage":"es","@id":"https:\/\/petproducts.com.cn\/#\/schema\/logo\/image\/","url":"https:\/\/petproducts.com.cn\/wp-content\/uploads\/2020\/02\/petstar-logo.webp","contentUrl":"https:\/\/petproducts.com.cn\/wp-content\/uploads\/2020\/02\/petstar-logo.webp","width":779,"height":520,"caption":"Petstar"},"image":{"@id":"https:\/\/petproducts.com.cn\/#\/schema\/logo\/image\/"}}]}},"_links":{"self":[{"href":"https:\/\/petproducts.com.cn\/es\/wp-json\/wp\/v2\/product\/32877","targetHints":{"allow":["GET"]}}],"collection":[{"href":"https:\/\/petproducts.com.cn\/es\/wp-json\/wp\/v2\/product"}],"about":[{"href":"https:\/\/petproducts.com.cn\/es\/wp-json\/wp\/v2\/types\/product"}],"version-history":[{"count":1,"href":"https:\/\/petproducts.com.cn\/es\/wp-json\/wp\/v2\/product\/32877\/revisions"}],"predecessor-version":[{"id":32884,"href":"https:\/\/petproducts.com.cn\/es\/wp-json\/wp\/v2\/product\/32877\/revisions\/32884"}],"wp:featuredmedia":[{"embeddable":true,"href":"https:\/\/petproducts.com.cn\/es\/wp-json\/wp\/v2\/media\/32883"}],"wp:attachment":[{"href":"https:\/\/petproducts.com.cn\/es\/wp-json\/wp\/v2\/media?parent=32877"}],"wp:term":[{"taxonomy":"product_brand","embeddable":true,"href":"https:\/\/petproducts.com.cn\/es\/wp-json\/wp\/v2\/product_brand?post=32877"},{"taxonomy":"product_cat","embeddable":true,"href":"https:\/\/petproducts.com.cn\/es\/wp-json\/wp\/v2\/product_cat?post=32877"},{"taxonomy":"product_tag","embeddable":true,"href":"https:\/\/petproducts.com.cn\/es\/wp-json\/wp\/v2\/product_tag?post=32877"}],"curies":[{"name":"wp","href":"https:\/\/api.w.org\/{rel}","templated":true}]}}