{"id":32964,"date":"2025-04-15T02:56:06","date_gmt":"2025-04-15T02:56:06","guid":{"rendered":"https:\/\/petproducts.com.cn\/?post_type=product&#038;p=32964"},"modified":"2025-04-15T03:10:05","modified_gmt":"2025-04-15T03:10:05","slug":"cat-toilet-litter-box-easy-cleaning-detachable-plastic-cat-toilet","status":"publish","type":"product","link":"https:\/\/petproducts.com.cn\/es\/product\/cat-toilet-litter-box-easy-cleaning-detachable-plastic-cat-toilet\/","title":{"rendered":"Inodoro para gatos Inodoro de pl\u00e1stico desmontable de f\u00e1cil limpieza para gatos"},"content":{"rendered":"<h2><strong>Caracter\u00edsticas de la caja de arena higi\u00e9nica para gatos<\/strong><\/h2>\n<ul>\n<li class=\"\" data-start=\"139\" data-end=\"289\">\n<p class=\"\" data-start=\"142\" data-end=\"289\"><strong data-start=\"142\" data-end=\"177\">Dise\u00f1o desmontable f\u00e1cil de limpiar<\/strong> - Esta caja higi\u00e9nica para gatos es totalmente desmontable, lo que permite una limpieza a fondo y un mantenimiento sin complicaciones.<\/p>\n<\/li>\n<li class=\"\" data-start=\"290\" data-end=\"423\">\n<p class=\"\" data-start=\"293\" data-end=\"423\"><strong data-start=\"293\" data-end=\"318\">Entrada a prueba de salpicaduras<\/strong> - Presenta un borde frontal elevado en la entrada para reducir eficazmente los vertidos de basura y las salpicaduras de orina.<\/p>\n<\/li>\n<li class=\"\" data-start=\"424\" data-end=\"563\">\n<p class=\"\" data-start=\"427\" data-end=\"563\"><strong data-start=\"427\" data-end=\"459\">Construcci\u00f3n de pl\u00e1stico resistente<\/strong> - Fabricado en pl\u00e1stico no t\u00f3xico de alta calidad, resistente, ligero y apto para un uso prolongado.<\/p>\n<\/li>\n<li class=\"\" data-start=\"564\" data-end=\"691\">\n<p class=\"\" data-start=\"567\" data-end=\"691\"><strong data-start=\"567\" data-end=\"592\">Incluye recogedor de arena<\/strong> - Viene con una pala a juego que se ajusta perfectamente para un almacenamiento c\u00f3modo y una limpieza r\u00e1pida.<\/p>\n<\/li>\n<li class=\"\" data-start=\"692\" data-end=\"846\">\n<p class=\"\" data-start=\"695\" data-end=\"846\"><strong data-start=\"695\" data-end=\"725\">Tapa abierta para mayor accesibilidad<\/strong> - El dise\u00f1o abierto mejora la ventilaci\u00f3n y facilita la entrada de los gatos, por lo que es adecuado para gatos de todos los tama\u00f1os y edades.<\/p>\n<\/li>\n<li class=\"\" data-start=\"847\" data-end=\"990\">\n<p class=\"\" data-start=\"850\" data-end=\"990\"><strong data-start=\"850\" data-end=\"880\">Opci\u00f3n rentable a granel<\/strong> - Ideal para pedidos al por mayor con embalaje apilable que ahorra espacio para optimizar el env\u00edo y el almacenamiento en almac\u00e9n.<\/p>\n<\/li>\n<\/ul>","protected":false},"excerpt":{"rendered":"<p>Esta caja higi\u00e9nica para gatos presenta un dise\u00f1o desmontable, una entrada a prueba de salpicaduras y una pala incluida, ofreciendo una soluci\u00f3n limpia y f\u00e1cil de usar para la higiene diaria del felino.<\/p>","protected":false},"featured_media":32970,"template":"","meta":{"_acf_changed":false},"product_brand":[],"product_cat":[138,71],"product_tag":[141],"class_list":{"0":"post-32964","1":"product","2":"type-product","3":"status-publish","4":"has-post-thumbnail","6":"product_cat-cat-litter-accessories","7":"product_cat-cat-supplies","8":"product_tag-cat-litter-accessories","10":"first","11":"instock","12":"shipping-taxable","13":"product-type-simple"},"acf":[],"yoast_head":"<!-- This site is optimized with the Yoast SEO plugin v27.1.1 - https:\/\/yoast.com\/product\/yoast-seo-wordpress\/ -->\n<title>Cat Toilet Litter Box | Cat Litter Box Manufacturer - Petstar<\/title>\n<meta name=\"description\" content=\"Explore Cat Toilet Litter Box from the pet products supplier. Petstar is a global pet products manufacturer. Your ideal business solution with Petstar.\" \/>\n<meta name=\"robots\" content=\"index, follow, max-snippet:-1, max-image-preview:large, max-video-preview:-1\" \/>\n<link rel=\"canonical\" href=\"https:\/\/petproducts.com.cn\/es\/producto\/cat-toilet-litter-box-easy-cleaning-detachable-plastic-cat-toilet\/\" \/>\n<meta property=\"og:locale\" content=\"es_ES\" \/>\n<meta property=\"og:type\" content=\"article\" \/>\n<meta property=\"og:title\" content=\"Cat Toilet Litter Box | Cat Litter Box Manufacturer - Petstar\" \/>\n<meta property=\"og:description\" content=\"Explore Cat Toilet Litter Box from the pet products supplier. Petstar is a global pet products manufacturer. Your ideal business solution with Petstar.\" \/>\n<meta property=\"og:url\" content=\"https:\/\/petproducts.com.cn\/es\/producto\/cat-toilet-litter-box-easy-cleaning-detachable-plastic-cat-toilet\/\" \/>\n<meta property=\"og:site_name\" content=\"Petstar\" \/>\n<meta property=\"article:modified_time\" content=\"2025-04-15T03:10:05+00:00\" \/>\n<meta property=\"og:image\" content=\"https:\/\/petproducts.com.cn\/wp-content\/uploads\/2025\/04\/cat-toilet-litter-box.webp\" \/>\n\t<meta property=\"og:image:width\" content=\"1000\" \/>\n\t<meta property=\"og:image:height\" content=\"1000\" \/>\n\t<meta property=\"og:image:type\" content=\"image\/webp\" \/>\n<meta name=\"twitter:card\" content=\"summary_large_image\" \/>\n<meta name=\"twitter:label1\" content=\"Tiempo de lectura\" \/>\n\t<meta name=\"twitter:data1\" content=\"1 minuto\" \/>\n<script type=\"application\/ld+json\" class=\"yoast-schema-graph\">{\"@context\":\"https:\/\/schema.org\",\"@graph\":[{\"@type\":\"WebPage\",\"@id\":\"https:\/\/petproducts.com.cn\/product\/cat-toilet-litter-box-easy-cleaning-detachable-plastic-cat-toilet\/\",\"url\":\"https:\/\/petproducts.com.cn\/product\/cat-toilet-litter-box-easy-cleaning-detachable-plastic-cat-toilet\/\",\"name\":\"Cat Toilet Litter Box | Cat Litter Box Manufacturer - Petstar\",\"isPartOf\":{\"@id\":\"https:\/\/petproducts.com.cn\/#website\"},\"primaryImageOfPage\":{\"@id\":\"https:\/\/petproducts.com.cn\/product\/cat-toilet-litter-box-easy-cleaning-detachable-plastic-cat-toilet\/#primaryimage\"},\"image\":{\"@id\":\"https:\/\/petproducts.com.cn\/product\/cat-toilet-litter-box-easy-cleaning-detachable-plastic-cat-toilet\/#primaryimage\"},\"thumbnailUrl\":\"https:\/\/petproducts.com.cn\/wp-content\/uploads\/2025\/04\/cat-toilet-litter-box.webp\",\"datePublished\":\"2025-04-15T02:56:06+00:00\",\"dateModified\":\"2025-04-15T03:10:05+00:00\",\"description\":\"Explore Cat Toilet Litter Box from the pet products supplier. Petstar is a global pet products manufacturer. Your ideal business solution with Petstar.\",\"breadcrumb\":{\"@id\":\"https:\/\/petproducts.com.cn\/product\/cat-toilet-litter-box-easy-cleaning-detachable-plastic-cat-toilet\/#breadcrumb\"},\"inLanguage\":\"es\",\"potentialAction\":[{\"@type\":\"ReadAction\",\"target\":[\"https:\/\/petproducts.com.cn\/product\/cat-toilet-litter-box-easy-cleaning-detachable-plastic-cat-toilet\/\"]}]},{\"@type\":\"ImageObject\",\"inLanguage\":\"es\",\"@id\":\"https:\/\/petproducts.com.cn\/product\/cat-toilet-litter-box-easy-cleaning-detachable-plastic-cat-toilet\/#primaryimage\",\"url\":\"https:\/\/petproducts.com.cn\/wp-content\/uploads\/2025\/04\/cat-toilet-litter-box.webp\",\"contentUrl\":\"https:\/\/petproducts.com.cn\/wp-content\/uploads\/2025\/04\/cat-toilet-litter-box.webp\",\"width\":1000,\"height\":1000,\"caption\":\"cat toilet litter box\"},{\"@type\":\"BreadcrumbList\",\"@id\":\"https:\/\/petproducts.com.cn\/product\/cat-toilet-litter-box-easy-cleaning-detachable-plastic-cat-toilet\/#breadcrumb\",\"itemListElement\":[{\"@type\":\"ListItem\",\"position\":1,\"name\":\"HOME\",\"item\":\"https:\/\/petproducts.com.cn\/\"},{\"@type\":\"ListItem\",\"position\":2,\"name\":\"Products\",\"item\":\"https:\/\/petproducts.com.cn\/shop\/\"},{\"@type\":\"ListItem\",\"position\":3,\"name\":\"Cat Litter &amp; Accessories\",\"item\":\"https:\/\/petproducts.com.cn\/product-category\/cat-litter-accessories\/\"},{\"@type\":\"ListItem\",\"position\":4,\"name\":\"Cat Toilet Litter Box Easy Cleaning Detachable Plastic Cat Toilet\"}]},{\"@type\":\"WebSite\",\"@id\":\"https:\/\/petproducts.com.cn\/#website\",\"url\":\"https:\/\/petproducts.com.cn\/\",\"name\":\"Petstar\",\"description\":\"Leading Pet Supplies Manufacturer &amp; OEM Pet Products Supplier\",\"publisher\":{\"@id\":\"https:\/\/petproducts.com.cn\/#organization\"},\"alternateName\":\"Petstar Pet Supplies\",\"potentialAction\":[{\"@type\":\"SearchAction\",\"target\":{\"@type\":\"EntryPoint\",\"urlTemplate\":\"https:\/\/petproducts.com.cn\/?s={search_term_string}\"},\"query-input\":{\"@type\":\"PropertyValueSpecification\",\"valueRequired\":true,\"valueName\":\"search_term_string\"}}],\"inLanguage\":\"es\"},{\"@type\":\"Organization\",\"@id\":\"https:\/\/petproducts.com.cn\/#organization\",\"name\":\"Petstar\",\"url\":\"https:\/\/petproducts.com.cn\/\",\"logo\":{\"@type\":\"ImageObject\",\"inLanguage\":\"es\",\"@id\":\"https:\/\/petproducts.com.cn\/#\/schema\/logo\/image\/\",\"url\":\"https:\/\/petproducts.com.cn\/wp-content\/uploads\/2020\/02\/petstar-logo.webp\",\"contentUrl\":\"https:\/\/petproducts.com.cn\/wp-content\/uploads\/2020\/02\/petstar-logo.webp\",\"width\":779,\"height\":520,\"caption\":\"Petstar\"},\"image\":{\"@id\":\"https:\/\/petproducts.com.cn\/#\/schema\/logo\/image\/\"}}]}<\/script>\n<!-- \/ Yoast SEO plugin. -->","yoast_head_json":{"title":"Caja higi\u00e9nica para gatos | Fabricante de cajas higi\u00e9nicas para gatos - Petstar","description":"Explore Cat Toilet Litter Box del proveedor de productos para mascotas. Petstar es un fabricante mundial de productos para mascotas. Su soluci\u00f3n de negocio ideal con Petstar.","robots":{"index":"index","follow":"follow","max-snippet":"max-snippet:-1","max-image-preview":"max-image-preview:large","max-video-preview":"max-video-preview:-1"},"canonical":"https:\/\/petproducts.com.cn\/es\/producto\/cat-toilet-litter-box-easy-cleaning-detachable-plastic-cat-toilet\/","og_locale":"es_ES","og_type":"article","og_title":"Cat Toilet Litter Box | Cat Litter Box Manufacturer - Petstar","og_description":"Explore Cat Toilet Litter Box from the pet products supplier. Petstar is a global pet products manufacturer. Your ideal business solution with Petstar.","og_url":"https:\/\/petproducts.com.cn\/es\/producto\/cat-toilet-litter-box-easy-cleaning-detachable-plastic-cat-toilet\/","og_site_name":"Petstar","article_modified_time":"2025-04-15T03:10:05+00:00","og_image":[{"width":1000,"height":1000,"url":"https:\/\/petproducts.com.cn\/wp-content\/uploads\/2025\/04\/cat-toilet-litter-box.webp","type":"image\/webp"}],"twitter_card":"summary_large_image","twitter_misc":{"Tiempo de lectura":"1 minuto"},"schema":{"@context":"https:\/\/schema.org","@graph":[{"@type":"WebPage","@id":"https:\/\/petproducts.com.cn\/product\/cat-toilet-litter-box-easy-cleaning-detachable-plastic-cat-toilet\/","url":"https:\/\/petproducts.com.cn\/product\/cat-toilet-litter-box-easy-cleaning-detachable-plastic-cat-toilet\/","name":"Caja higi\u00e9nica para gatos | Fabricante de cajas higi\u00e9nicas para gatos - Petstar","isPartOf":{"@id":"https:\/\/petproducts.com.cn\/#website"},"primaryImageOfPage":{"@id":"https:\/\/petproducts.com.cn\/product\/cat-toilet-litter-box-easy-cleaning-detachable-plastic-cat-toilet\/#primaryimage"},"image":{"@id":"https:\/\/petproducts.com.cn\/product\/cat-toilet-litter-box-easy-cleaning-detachable-plastic-cat-toilet\/#primaryimage"},"thumbnailUrl":"https:\/\/petproducts.com.cn\/wp-content\/uploads\/2025\/04\/cat-toilet-litter-box.webp","datePublished":"2025-04-15T02:56:06+00:00","dateModified":"2025-04-15T03:10:05+00:00","description":"Explore Cat Toilet Litter Box del proveedor de productos para mascotas. Petstar es un fabricante mundial de productos para mascotas. Su soluci\u00f3n de negocio ideal con Petstar.","breadcrumb":{"@id":"https:\/\/petproducts.com.cn\/product\/cat-toilet-litter-box-easy-cleaning-detachable-plastic-cat-toilet\/#breadcrumb"},"inLanguage":"es","potentialAction":[{"@type":"ReadAction","target":["https:\/\/petproducts.com.cn\/product\/cat-toilet-litter-box-easy-cleaning-detachable-plastic-cat-toilet\/"]}]},{"@type":"ImageObject","inLanguage":"es","@id":"https:\/\/petproducts.com.cn\/product\/cat-toilet-litter-box-easy-cleaning-detachable-plastic-cat-toilet\/#primaryimage","url":"https:\/\/petproducts.com.cn\/wp-content\/uploads\/2025\/04\/cat-toilet-litter-box.webp","contentUrl":"https:\/\/petproducts.com.cn\/wp-content\/uploads\/2025\/04\/cat-toilet-litter-box.webp","width":1000,"height":1000,"caption":"cat toilet litter box"},{"@type":"BreadcrumbList","@id":"https:\/\/petproducts.com.cn\/product\/cat-toilet-litter-box-easy-cleaning-detachable-plastic-cat-toilet\/#breadcrumb","itemListElement":[{"@type":"ListItem","position":1,"name":"HOME","item":"https:\/\/petproducts.com.cn\/"},{"@type":"ListItem","position":2,"name":"Products","item":"https:\/\/petproducts.com.cn\/shop\/"},{"@type":"ListItem","position":3,"name":"Cat Litter &amp; Accessories","item":"https:\/\/petproducts.com.cn\/product-category\/cat-litter-accessories\/"},{"@type":"ListItem","position":4,"name":"Cat Toilet Litter Box Easy Cleaning Detachable Plastic Cat Toilet"}]},{"@type":"WebSite","@id":"https:\/\/petproducts.com.cn\/#website","url":"https:\/\/petproducts.com.cn\/","name":"Petstar","description":"Fabricante l\u00edder de art\u00edculos para mascotas y proveedor OEM de productos para mascotas","publisher":{"@id":"https:\/\/petproducts.com.cn\/#organization"},"alternateName":"Petstar Pet Supplies","potentialAction":[{"@type":"SearchAction","target":{"@type":"EntryPoint","urlTemplate":"https:\/\/petproducts.com.cn\/?s={search_term_string}"},"query-input":{"@type":"PropertyValueSpecification","valueRequired":true,"valueName":"search_term_string"}}],"inLanguage":"es"},{"@type":"Organization","@id":"https:\/\/petproducts.com.cn\/#organization","name":"Petstar","url":"https:\/\/petproducts.com.cn\/","logo":{"@type":"ImageObject","inLanguage":"es","@id":"https:\/\/petproducts.com.cn\/#\/schema\/logo\/image\/","url":"https:\/\/petproducts.com.cn\/wp-content\/uploads\/2020\/02\/petstar-logo.webp","contentUrl":"https:\/\/petproducts.com.cn\/wp-content\/uploads\/2020\/02\/petstar-logo.webp","width":779,"height":520,"caption":"Petstar"},"image":{"@id":"https:\/\/petproducts.com.cn\/#\/schema\/logo\/image\/"}}]}},"_links":{"self":[{"href":"https:\/\/petproducts.com.cn\/es\/wp-json\/wp\/v2\/product\/32964","targetHints":{"allow":["GET"]}}],"collection":[{"href":"https:\/\/petproducts.com.cn\/es\/wp-json\/wp\/v2\/product"}],"about":[{"href":"https:\/\/petproducts.com.cn\/es\/wp-json\/wp\/v2\/types\/product"}],"version-history":[{"count":1,"href":"https:\/\/petproducts.com.cn\/es\/wp-json\/wp\/v2\/product\/32964\/revisions"}],"predecessor-version":[{"id":32971,"href":"https:\/\/petproducts.com.cn\/es\/wp-json\/wp\/v2\/product\/32964\/revisions\/32971"}],"wp:featuredmedia":[{"embeddable":true,"href":"https:\/\/petproducts.com.cn\/es\/wp-json\/wp\/v2\/media\/32970"}],"wp:attachment":[{"href":"https:\/\/petproducts.com.cn\/es\/wp-json\/wp\/v2\/media?parent=32964"}],"wp:term":[{"taxonomy":"product_brand","embeddable":true,"href":"https:\/\/petproducts.com.cn\/es\/wp-json\/wp\/v2\/product_brand?post=32964"},{"taxonomy":"product_cat","embeddable":true,"href":"https:\/\/petproducts.com.cn\/es\/wp-json\/wp\/v2\/product_cat?post=32964"},{"taxonomy":"product_tag","embeddable":true,"href":"https:\/\/petproducts.com.cn\/es\/wp-json\/wp\/v2\/product_tag?post=32964"}],"curies":[{"name":"wp","href":"https:\/\/api.w.org\/{rel}","templated":true}]}}