{"id":33047,"date":"2025-04-18T06:55:38","date_gmt":"2025-04-18T06:55:38","guid":{"rendered":"https:\/\/petproducts.com.cn\/?post_type=product&#038;p=33047"},"modified":"2025-04-18T07:05:09","modified_gmt":"2025-04-18T07:05:09","slug":"pet-care-set-7-pcs-value-pack-dog-daily-use-supplies","status":"publish","type":"product","link":"https:\/\/petproducts.com.cn\/es\/product\/pet-care-set-7-pcs-value-pack-dog-daily-use-supplies\/","title":{"rendered":"Set para el Cuidado de Mascotas 7 Pcs Value Pack Dog Daily Use Supplies"},"content":{"rendered":"<h2><strong>Caracter\u00edsticas del set de cuidado de mascotas<\/strong><\/h2>\n<ul>\n<li class=\"\" data-start=\"155\" data-end=\"378\">\n<p class=\"\" data-start=\"158\" data-end=\"378\"><strong data-start=\"158\" data-end=\"190\">Set completo 7 en 1 para el cuidado de mascotas<\/strong>. Este set de cuidado de mascotas incluye champ\u00fa, una acogedora manta, una caja de almacenamiento, un dispensador de bolsas de basura y 2 rollos de bolsas de basura, que cubren las necesidades diarias de las mascotas en un pr\u00e1ctico paquete.<\/p>\n<\/li>\n<li class=\"\" data-start=\"379\" data-end=\"573\">\n<p class=\"\" data-start=\"382\" data-end=\"573\"><strong data-start=\"382\" data-end=\"425\">Perfecto para kits de inicio y cajas de regalo.<\/strong>\u00a0Ideal para nuevos padres de mascotas o promociones de temporada, este set todo en uno est\u00e1 dise\u00f1ado para envases de regalo listos para la venta y para una distribuci\u00f3n de gran volumen.<\/p>\n<\/li>\n<li class=\"\" data-start=\"574\" data-end=\"752\">\n<p class=\"\" data-start=\"577\" data-end=\"752\"><strong data-start=\"577\" data-end=\"606\">Dise\u00f1ado para el uso diario<\/strong>. Cada uno de los art\u00edculos del set favorece la higiene y el confort diarios de los perros, lo que lo convierte en una opci\u00f3n pr\u00e1ctica para los minoristas que se centran en productos esenciales para el cuidado de las mascotas.<\/p>\n<\/li>\n<li class=\"\" data-start=\"753\" data-end=\"950\">\n<p class=\"\" data-start=\"756\" data-end=\"950\"><strong data-start=\"756\" data-end=\"783\">Optimizado para ventas B2B<\/strong>. Los envases que ahorran espacio, los componentes personalizables y los dise\u00f1os listos para etiquetar hacen de este cuidado para mascotas un producto de referencia para los compradores a granel y los programas de marcas blancas.<\/p>\n<\/li>\n<li class=\"\" data-start=\"951\" data-end=\"1138\">\n<p class=\"\" data-start=\"954\" data-end=\"1138\"><strong data-start=\"954\" data-end=\"998\">Materiales de calidad con dise\u00f1o funcional<\/strong>. La manta ofrece suavidad y calor, el champ\u00fa es suave y respetuoso con la piel, y el dosificador garantiza una f\u00e1cil limpieza de los residuos durante los paseos.<\/p>\n<\/li>\n<li class=\"\" data-start=\"1139\" data-end=\"1335\">\n<p class=\"\" data-start=\"1142\" data-end=\"1335\"><strong data-start=\"1142\" data-end=\"1179\">Opciones de personalizaci\u00f3n de marca disponibles<\/strong>. El juego completo o los art\u00edculos individuales pueden personalizarse para que coincidan con la identidad de su marca, lo que lo convierte en una excelente incorporaci\u00f3n a su cartera de productos para mascotas de marca blanca.<\/p>\n<\/li>\n<\/ul>","protected":false},"excerpt":{"rendered":"<p>Este set de 7 piezas para el cuidado de mascotas incluye productos esenciales de uso diario, como champ\u00fa, manta, caja de almacenamiento y utensilios para la limpieza de excrementos, perfectos para lotes de regalo o paquetes de venta al por menor dirigidos a propietarios de perros.<\/p>","protected":false},"featured_media":33053,"template":"","meta":{"_acf_changed":false},"product_brand":[],"product_cat":[136,72],"product_tag":[140],"class_list":{"0":"post-33047","1":"product","2":"type-product","3":"status-publish","4":"has-post-thumbnail","6":"product_cat-dog-grooming-cleaning-supplies","7":"product_cat-dog-supplies","8":"product_tag-dog-grooming-cleaning-supplies","10":"first","11":"instock","12":"shipping-taxable","13":"product-type-simple"},"acf":[],"yoast_head":"<!-- This site is optimized with the Yoast SEO plugin v27.1.1 - https:\/\/yoast.com\/product\/yoast-seo-wordpress\/ -->\n<title>Pet Care Set | Pet Cleaning Supplies Manufacturer - Petstar<\/title>\n<meta name=\"description\" content=\"Explore Pet Care Set from the pet products supplier. Petstar is a global pet products manufacturer. Your ideal business solution with Petstar.\" \/>\n<meta name=\"robots\" content=\"index, follow, max-snippet:-1, max-image-preview:large, max-video-preview:-1\" \/>\n<link rel=\"canonical\" href=\"https:\/\/petproducts.com.cn\/es\/producto\/pet-care-set-7-pcs-value-pack-dog-daily-use-supplies\/\" \/>\n<meta property=\"og:locale\" content=\"es_ES\" \/>\n<meta property=\"og:type\" content=\"article\" \/>\n<meta property=\"og:title\" content=\"Pet Care Set | Pet Cleaning Supplies Manufacturer - Petstar\" \/>\n<meta property=\"og:description\" content=\"Explore Pet Care Set from the pet products supplier. Petstar is a global pet products manufacturer. Your ideal business solution with Petstar.\" \/>\n<meta property=\"og:url\" content=\"https:\/\/petproducts.com.cn\/es\/producto\/pet-care-set-7-pcs-value-pack-dog-daily-use-supplies\/\" \/>\n<meta property=\"og:site_name\" content=\"Petstar\" \/>\n<meta property=\"article:modified_time\" content=\"2025-04-18T07:05:09+00:00\" \/>\n<meta property=\"og:image\" content=\"https:\/\/petproducts.com.cn\/wp-content\/uploads\/2025\/04\/pet-care-set.webp\" \/>\n\t<meta property=\"og:image:width\" content=\"1000\" \/>\n\t<meta property=\"og:image:height\" content=\"1000\" \/>\n\t<meta property=\"og:image:type\" content=\"image\/webp\" \/>\n<meta name=\"twitter:card\" content=\"summary_large_image\" \/>\n<meta name=\"twitter:label1\" content=\"Tiempo de lectura\" \/>\n\t<meta name=\"twitter:data1\" content=\"1 minuto\" \/>\n<script type=\"application\/ld+json\" class=\"yoast-schema-graph\">{\"@context\":\"https:\/\/schema.org\",\"@graph\":[{\"@type\":\"WebPage\",\"@id\":\"https:\/\/petproducts.com.cn\/product\/pet-care-set-7-pcs-value-pack-dog-daily-use-supplies\/\",\"url\":\"https:\/\/petproducts.com.cn\/product\/pet-care-set-7-pcs-value-pack-dog-daily-use-supplies\/\",\"name\":\"Pet Care Set | Pet Cleaning Supplies Manufacturer - Petstar\",\"isPartOf\":{\"@id\":\"https:\/\/petproducts.com.cn\/#website\"},\"primaryImageOfPage\":{\"@id\":\"https:\/\/petproducts.com.cn\/product\/pet-care-set-7-pcs-value-pack-dog-daily-use-supplies\/#primaryimage\"},\"image\":{\"@id\":\"https:\/\/petproducts.com.cn\/product\/pet-care-set-7-pcs-value-pack-dog-daily-use-supplies\/#primaryimage\"},\"thumbnailUrl\":\"https:\/\/petproducts.com.cn\/wp-content\/uploads\/2025\/04\/pet-care-set.webp\",\"datePublished\":\"2025-04-18T06:55:38+00:00\",\"dateModified\":\"2025-04-18T07:05:09+00:00\",\"description\":\"Explore Pet Care Set from the pet products supplier. Petstar is a global pet products manufacturer. Your ideal business solution with Petstar.\",\"breadcrumb\":{\"@id\":\"https:\/\/petproducts.com.cn\/product\/pet-care-set-7-pcs-value-pack-dog-daily-use-supplies\/#breadcrumb\"},\"inLanguage\":\"es\",\"potentialAction\":[{\"@type\":\"ReadAction\",\"target\":[\"https:\/\/petproducts.com.cn\/product\/pet-care-set-7-pcs-value-pack-dog-daily-use-supplies\/\"]}]},{\"@type\":\"ImageObject\",\"inLanguage\":\"es\",\"@id\":\"https:\/\/petproducts.com.cn\/product\/pet-care-set-7-pcs-value-pack-dog-daily-use-supplies\/#primaryimage\",\"url\":\"https:\/\/petproducts.com.cn\/wp-content\/uploads\/2025\/04\/pet-care-set.webp\",\"contentUrl\":\"https:\/\/petproducts.com.cn\/wp-content\/uploads\/2025\/04\/pet-care-set.webp\",\"width\":1000,\"height\":1000,\"caption\":\"pet care set\"},{\"@type\":\"BreadcrumbList\",\"@id\":\"https:\/\/petproducts.com.cn\/product\/pet-care-set-7-pcs-value-pack-dog-daily-use-supplies\/#breadcrumb\",\"itemListElement\":[{\"@type\":\"ListItem\",\"position\":1,\"name\":\"HOME\",\"item\":\"https:\/\/petproducts.com.cn\/\"},{\"@type\":\"ListItem\",\"position\":2,\"name\":\"Products\",\"item\":\"https:\/\/petproducts.com.cn\/shop\/\"},{\"@type\":\"ListItem\",\"position\":3,\"name\":\"Dog Grooming &amp; Cleaning Supplies\",\"item\":\"https:\/\/petproducts.com.cn\/product-category\/dog-grooming-cleaning-supplies\/\"},{\"@type\":\"ListItem\",\"position\":4,\"name\":\"Pet Care Set 7 Pcs Value Pack Dog Daily Use Supplies\"}]},{\"@type\":\"WebSite\",\"@id\":\"https:\/\/petproducts.com.cn\/#website\",\"url\":\"https:\/\/petproducts.com.cn\/\",\"name\":\"Petstar\",\"description\":\"Leading Pet Supplies Manufacturer &amp; OEM Pet Products Supplier\",\"publisher\":{\"@id\":\"https:\/\/petproducts.com.cn\/#organization\"},\"alternateName\":\"Petstar Pet Supplies\",\"potentialAction\":[{\"@type\":\"SearchAction\",\"target\":{\"@type\":\"EntryPoint\",\"urlTemplate\":\"https:\/\/petproducts.com.cn\/?s={search_term_string}\"},\"query-input\":{\"@type\":\"PropertyValueSpecification\",\"valueRequired\":true,\"valueName\":\"search_term_string\"}}],\"inLanguage\":\"es\"},{\"@type\":\"Organization\",\"@id\":\"https:\/\/petproducts.com.cn\/#organization\",\"name\":\"Petstar\",\"url\":\"https:\/\/petproducts.com.cn\/\",\"logo\":{\"@type\":\"ImageObject\",\"inLanguage\":\"es\",\"@id\":\"https:\/\/petproducts.com.cn\/#\/schema\/logo\/image\/\",\"url\":\"https:\/\/petproducts.com.cn\/wp-content\/uploads\/2020\/02\/petstar-logo.webp\",\"contentUrl\":\"https:\/\/petproducts.com.cn\/wp-content\/uploads\/2020\/02\/petstar-logo.webp\",\"width\":779,\"height\":520,\"caption\":\"Petstar\"},\"image\":{\"@id\":\"https:\/\/petproducts.com.cn\/#\/schema\/logo\/image\/\"}}]}<\/script>\n<!-- \/ Yoast SEO plugin. -->","yoast_head_json":{"title":"Set para el cuidado de mascotas - Petstar","description":"Explore Set para el cuidado de mascotas del proveedor de productos para mascotas. Petstar es un fabricante mundial de productos para mascotas. Su soluci\u00f3n de negocio ideal con Petstar.","robots":{"index":"index","follow":"follow","max-snippet":"max-snippet:-1","max-image-preview":"max-image-preview:large","max-video-preview":"max-video-preview:-1"},"canonical":"https:\/\/petproducts.com.cn\/es\/producto\/pet-care-set-7-pcs-value-pack-dog-daily-use-supplies\/","og_locale":"es_ES","og_type":"article","og_title":"Pet Care Set | Pet Cleaning Supplies Manufacturer - Petstar","og_description":"Explore Pet Care Set from the pet products supplier. Petstar is a global pet products manufacturer. Your ideal business solution with Petstar.","og_url":"https:\/\/petproducts.com.cn\/es\/producto\/pet-care-set-7-pcs-value-pack-dog-daily-use-supplies\/","og_site_name":"Petstar","article_modified_time":"2025-04-18T07:05:09+00:00","og_image":[{"width":1000,"height":1000,"url":"https:\/\/petproducts.com.cn\/wp-content\/uploads\/2025\/04\/pet-care-set.webp","type":"image\/webp"}],"twitter_card":"summary_large_image","twitter_misc":{"Tiempo de lectura":"1 minuto"},"schema":{"@context":"https:\/\/schema.org","@graph":[{"@type":"WebPage","@id":"https:\/\/petproducts.com.cn\/product\/pet-care-set-7-pcs-value-pack-dog-daily-use-supplies\/","url":"https:\/\/petproducts.com.cn\/product\/pet-care-set-7-pcs-value-pack-dog-daily-use-supplies\/","name":"Set para el cuidado de mascotas - Petstar","isPartOf":{"@id":"https:\/\/petproducts.com.cn\/#website"},"primaryImageOfPage":{"@id":"https:\/\/petproducts.com.cn\/product\/pet-care-set-7-pcs-value-pack-dog-daily-use-supplies\/#primaryimage"},"image":{"@id":"https:\/\/petproducts.com.cn\/product\/pet-care-set-7-pcs-value-pack-dog-daily-use-supplies\/#primaryimage"},"thumbnailUrl":"https:\/\/petproducts.com.cn\/wp-content\/uploads\/2025\/04\/pet-care-set.webp","datePublished":"2025-04-18T06:55:38+00:00","dateModified":"2025-04-18T07:05:09+00:00","description":"Explore Set para el cuidado de mascotas del proveedor de productos para mascotas. Petstar es un fabricante mundial de productos para mascotas. Su soluci\u00f3n de negocio ideal con Petstar.","breadcrumb":{"@id":"https:\/\/petproducts.com.cn\/product\/pet-care-set-7-pcs-value-pack-dog-daily-use-supplies\/#breadcrumb"},"inLanguage":"es","potentialAction":[{"@type":"ReadAction","target":["https:\/\/petproducts.com.cn\/product\/pet-care-set-7-pcs-value-pack-dog-daily-use-supplies\/"]}]},{"@type":"ImageObject","inLanguage":"es","@id":"https:\/\/petproducts.com.cn\/product\/pet-care-set-7-pcs-value-pack-dog-daily-use-supplies\/#primaryimage","url":"https:\/\/petproducts.com.cn\/wp-content\/uploads\/2025\/04\/pet-care-set.webp","contentUrl":"https:\/\/petproducts.com.cn\/wp-content\/uploads\/2025\/04\/pet-care-set.webp","width":1000,"height":1000,"caption":"pet care set"},{"@type":"BreadcrumbList","@id":"https:\/\/petproducts.com.cn\/product\/pet-care-set-7-pcs-value-pack-dog-daily-use-supplies\/#breadcrumb","itemListElement":[{"@type":"ListItem","position":1,"name":"HOME","item":"https:\/\/petproducts.com.cn\/"},{"@type":"ListItem","position":2,"name":"Products","item":"https:\/\/petproducts.com.cn\/shop\/"},{"@type":"ListItem","position":3,"name":"Dog Grooming &amp; Cleaning Supplies","item":"https:\/\/petproducts.com.cn\/product-category\/dog-grooming-cleaning-supplies\/"},{"@type":"ListItem","position":4,"name":"Pet Care Set 7 Pcs Value Pack Dog Daily Use Supplies"}]},{"@type":"WebSite","@id":"https:\/\/petproducts.com.cn\/#website","url":"https:\/\/petproducts.com.cn\/","name":"Petstar","description":"Fabricante l\u00edder de art\u00edculos para mascotas y proveedor OEM de productos para mascotas","publisher":{"@id":"https:\/\/petproducts.com.cn\/#organization"},"alternateName":"Petstar Pet Supplies","potentialAction":[{"@type":"SearchAction","target":{"@type":"EntryPoint","urlTemplate":"https:\/\/petproducts.com.cn\/?s={search_term_string}"},"query-input":{"@type":"PropertyValueSpecification","valueRequired":true,"valueName":"search_term_string"}}],"inLanguage":"es"},{"@type":"Organization","@id":"https:\/\/petproducts.com.cn\/#organization","name":"Petstar","url":"https:\/\/petproducts.com.cn\/","logo":{"@type":"ImageObject","inLanguage":"es","@id":"https:\/\/petproducts.com.cn\/#\/schema\/logo\/image\/","url":"https:\/\/petproducts.com.cn\/wp-content\/uploads\/2020\/02\/petstar-logo.webp","contentUrl":"https:\/\/petproducts.com.cn\/wp-content\/uploads\/2020\/02\/petstar-logo.webp","width":779,"height":520,"caption":"Petstar"},"image":{"@id":"https:\/\/petproducts.com.cn\/#\/schema\/logo\/image\/"}}]}},"_links":{"self":[{"href":"https:\/\/petproducts.com.cn\/es\/wp-json\/wp\/v2\/product\/33047","targetHints":{"allow":["GET"]}}],"collection":[{"href":"https:\/\/petproducts.com.cn\/es\/wp-json\/wp\/v2\/product"}],"about":[{"href":"https:\/\/petproducts.com.cn\/es\/wp-json\/wp\/v2\/types\/product"}],"version-history":[{"count":1,"href":"https:\/\/petproducts.com.cn\/es\/wp-json\/wp\/v2\/product\/33047\/revisions"}],"predecessor-version":[{"id":33054,"href":"https:\/\/petproducts.com.cn\/es\/wp-json\/wp\/v2\/product\/33047\/revisions\/33054"}],"wp:featuredmedia":[{"embeddable":true,"href":"https:\/\/petproducts.com.cn\/es\/wp-json\/wp\/v2\/media\/33053"}],"wp:attachment":[{"href":"https:\/\/petproducts.com.cn\/es\/wp-json\/wp\/v2\/media?parent=33047"}],"wp:term":[{"taxonomy":"product_brand","embeddable":true,"href":"https:\/\/petproducts.com.cn\/es\/wp-json\/wp\/v2\/product_brand?post=33047"},{"taxonomy":"product_cat","embeddable":true,"href":"https:\/\/petproducts.com.cn\/es\/wp-json\/wp\/v2\/product_cat?post=33047"},{"taxonomy":"product_tag","embeddable":true,"href":"https:\/\/petproducts.com.cn\/es\/wp-json\/wp\/v2\/product_tag?post=33047"}],"curies":[{"name":"wp","href":"https:\/\/api.w.org\/{rel}","templated":true}]}}