{"id":35677,"date":"2026-01-19T06:36:51","date_gmt":"2026-01-19T06:36:51","guid":{"rendered":"https:\/\/petproducts.com.cn\/?post_type=product&#038;p=35677"},"modified":"2026-02-04T05:41:01","modified_gmt":"2026-02-04T05:41:01","slug":"large-dog-toys-fluffy-fpf-lovely-animal-mascot-dog-toy","status":"publish","type":"product","link":"https:\/\/petproducts.com.cn\/es\/product\/large-dog-toys-fluffy-fpf-lovely-animal-mascot-dog-toy\/","title":{"rendered":"Juguetes para perros grandes Fluffy FPF Lovely Animal Mascot Dog Toy"},"content":{"rendered":"<h2>Caracter\u00edsticas de los juguetes grandes para perros<\/h2>\n<ul>\n<li data-start=\"147\" data-end=\"278\">\n<p data-start=\"150\" data-end=\"278\"><strong data-start=\"150\" data-end=\"181\">Juguetes para perros grandes con autorizaci\u00f3n oficial de la Copa Mundial de la FPF<\/strong> - La marca de la selecci\u00f3n nacional de Portugal con licencia permite crear surtidos de tem\u00e1tica deportiva y refuerza la credibilidad de la asociaci\u00f3n.<\/p>\n<\/li>\n<li data-start=\"279\" data-end=\"395\">\n<p data-start=\"282\" data-end=\"395\"><strong data-start=\"282\" data-end=\"323\">Formato de felpa de gran tama\u00f1o para el compromiso de las razas grandes<\/strong> - Su generosa escala permite la interacci\u00f3n de todo el cuerpo, el agarre y la lucha juguetona adecuada para perros grandes.<\/p>\n<\/li>\n<li data-start=\"396\" data-end=\"516\">\n<p data-start=\"399\" data-end=\"516\"><strong data-start=\"399\" data-end=\"441\">Distintos dise\u00f1os de mascotas pantera negra y lince<\/strong> - La diferenciaci\u00f3n de los personajes animales aumenta el impacto visual y ampl\u00eda la oferta de mascotas tem\u00e1ticas dentro de una gama de productos.<\/p>\n<\/li>\n<li data-start=\"517\" data-end=\"643\">\n<p data-start=\"520\" data-end=\"643\"><strong data-start=\"520\" data-end=\"561\">Dise\u00f1ado para el juego en\u00e9rgico y la interacci\u00f3n expresiva<\/strong> - La estructura soporta sacudidas, lanzamientos y manipulaciones interactivas manteniendo la estabilidad de la forma.<\/p>\n<\/li>\n<li data-start=\"777\" data-end=\"899\">\n<p data-start=\"780\" data-end=\"899\"><strong data-start=\"780\" data-end=\"811\">Relleno interno equilibrado para mantener la forma<\/strong> - La distribuci\u00f3n controlada del relleno ayuda al juguete a conservar el volumen y la silueta a trav\u00e9s de ciclos de uso repetidos.<\/p>\n<\/li>\n<li><strong data-start=\"780\" data-end=\"811\">Mascota deportiva: valor emocional y narrativo<\/strong> - Combina la identidad de las selecciones nacionales con mascotas animales para apoyar la narraci\u00f3n tem\u00e1tica en todas las colecciones.<\/li>\n<\/ul>\n<p style=\"text-align: center;\"><em><strong>Para saber m\u00e1s <a href=\"https:\/\/petproducts.com.cn\/es\/wholesale-cat-toys\/\">juguetes para gatos<\/a> &amp; <a href=\"https:\/\/petproducts.com.cn\/es\/wholesale-dog-toys\/\">juguetes para perros<\/a>,<\/strong><\/em><em><strong>\u00a0por favor <a href=\"https:\/\/petproducts.com.cn\/es\/contacto\/\">Cont\u00e1ctenos<\/a>!<\/strong><\/em><\/p>","protected":false},"excerpt":{"rendered":"<p>Juguetes para perros grandes autorizados oficialmente por la Selecci\u00f3n Nacional de Portugal, con mascotas de animales de peluche de gran tama\u00f1o dise\u00f1adas para fomentar el compromiso, la comodidad t\u00e1ctil y el juego interactivo de los perros m\u00e1s grandes.<\/p>","protected":false},"featured_media":35679,"template":"","meta":{"_acf_changed":false},"product_brand":[],"product_cat":[72,48],"product_tag":[291,231,85,195],"class_list":{"0":"post-35677","1":"product","2":"type-product","3":"status-publish","4":"has-post-thumbnail","6":"product_cat-dog-supplies","7":"product_cat-dog-toys","8":"product_tag-2026-world-cup-series","9":"product_tag-dog-plush-toys","10":"product_tag-dog-toys","11":"product_tag-dog-toys-set","13":"first","14":"instock","15":"shipping-taxable","16":"product-type-simple"},"acf":[],"yoast_head":"<!-- This site is optimized with the Yoast SEO plugin v27.1.1 - https:\/\/yoast.com\/product\/yoast-seo-wordpress\/ -->\n<title>Large Dog Toys | Electronic Cat Toys Manufacturer- Petstar<\/title>\n<meta name=\"description\" content=\"Explore Large Dog Toys from the best pet products supplier. Petstar is a global pet product manufacturer. Your ideal business solution with Petstar.\" \/>\n<meta name=\"robots\" content=\"index, follow, max-snippet:-1, max-image-preview:large, max-video-preview:-1\" \/>\n<link rel=\"canonical\" href=\"https:\/\/petproducts.com.cn\/es\/producto\/large-dog-toys-fluffy-fpf-lovely-animal-mascot-dog-toy\/\" \/>\n<meta property=\"og:locale\" content=\"es_ES\" \/>\n<meta property=\"og:type\" content=\"article\" \/>\n<meta property=\"og:title\" content=\"Large Dog Toys | Electronic Cat Toys Manufacturer- Petstar\" \/>\n<meta property=\"og:description\" content=\"Explore Large Dog Toys from the best pet products supplier. Petstar is a global pet product manufacturer. Your ideal business solution with Petstar.\" \/>\n<meta property=\"og:url\" content=\"https:\/\/petproducts.com.cn\/es\/producto\/large-dog-toys-fluffy-fpf-lovely-animal-mascot-dog-toy\/\" \/>\n<meta property=\"og:site_name\" content=\"Petstar\" \/>\n<meta property=\"article:modified_time\" content=\"2026-02-04T05:41:01+00:00\" \/>\n<meta property=\"og:image\" content=\"https:\/\/petproducts.com.cn\/wp-content\/uploads\/2026\/01\/Large-Dog-Toys.webp\" \/>\n\t<meta property=\"og:image:width\" content=\"1000\" \/>\n\t<meta property=\"og:image:height\" content=\"1000\" \/>\n\t<meta property=\"og:image:type\" content=\"image\/webp\" \/>\n<meta name=\"twitter:card\" content=\"summary_large_image\" \/>\n<meta name=\"twitter:label1\" content=\"Tiempo de lectura\" \/>\n\t<meta name=\"twitter:data1\" content=\"1 minuto\" \/>\n<script type=\"application\/ld+json\" class=\"yoast-schema-graph\">{\"@context\":\"https:\/\/schema.org\",\"@graph\":[{\"@type\":\"WebPage\",\"@id\":\"https:\/\/petproducts.com.cn\/product\/large-dog-toys-fluffy-fpf-lovely-animal-mascot-dog-toy\/\",\"url\":\"https:\/\/petproducts.com.cn\/product\/large-dog-toys-fluffy-fpf-lovely-animal-mascot-dog-toy\/\",\"name\":\"Large Dog Toys | Electronic Cat Toys Manufacturer- Petstar\",\"isPartOf\":{\"@id\":\"https:\/\/petproducts.com.cn\/#website\"},\"primaryImageOfPage\":{\"@id\":\"https:\/\/petproducts.com.cn\/product\/large-dog-toys-fluffy-fpf-lovely-animal-mascot-dog-toy\/#primaryimage\"},\"image\":{\"@id\":\"https:\/\/petproducts.com.cn\/product\/large-dog-toys-fluffy-fpf-lovely-animal-mascot-dog-toy\/#primaryimage\"},\"thumbnailUrl\":\"https:\/\/petproducts.com.cn\/wp-content\/uploads\/2026\/01\/Large-Dog-Toys.webp\",\"datePublished\":\"2026-01-19T06:36:51+00:00\",\"dateModified\":\"2026-02-04T05:41:01+00:00\",\"description\":\"Explore Large Dog Toys from the best pet products supplier. Petstar is a global pet product manufacturer. Your ideal business solution with Petstar.\",\"breadcrumb\":{\"@id\":\"https:\/\/petproducts.com.cn\/product\/large-dog-toys-fluffy-fpf-lovely-animal-mascot-dog-toy\/#breadcrumb\"},\"inLanguage\":\"es\",\"potentialAction\":[{\"@type\":\"ReadAction\",\"target\":[\"https:\/\/petproducts.com.cn\/product\/large-dog-toys-fluffy-fpf-lovely-animal-mascot-dog-toy\/\"]}]},{\"@type\":\"ImageObject\",\"inLanguage\":\"es\",\"@id\":\"https:\/\/petproducts.com.cn\/product\/large-dog-toys-fluffy-fpf-lovely-animal-mascot-dog-toy\/#primaryimage\",\"url\":\"https:\/\/petproducts.com.cn\/wp-content\/uploads\/2026\/01\/Large-Dog-Toys.webp\",\"contentUrl\":\"https:\/\/petproducts.com.cn\/wp-content\/uploads\/2026\/01\/Large-Dog-Toys.webp\",\"width\":1000,\"height\":1000,\"caption\":\"Large Dog Toys\"},{\"@type\":\"BreadcrumbList\",\"@id\":\"https:\/\/petproducts.com.cn\/product\/large-dog-toys-fluffy-fpf-lovely-animal-mascot-dog-toy\/#breadcrumb\",\"itemListElement\":[{\"@type\":\"ListItem\",\"position\":1,\"name\":\"HOME\",\"item\":\"https:\/\/petproducts.com.cn\/\"},{\"@type\":\"ListItem\",\"position\":2,\"name\":\"Products\",\"item\":\"https:\/\/petproducts.com.cn\/shop\/\"},{\"@type\":\"ListItem\",\"position\":3,\"name\":\"Dog Toys\",\"item\":\"https:\/\/petproducts.com.cn\/product-category\/dog-toys\/\"},{\"@type\":\"ListItem\",\"position\":4,\"name\":\"Large Dog Toys Fluffy FPF Lovely Animal Mascot Dog Toy\"}]},{\"@type\":\"WebSite\",\"@id\":\"https:\/\/petproducts.com.cn\/#website\",\"url\":\"https:\/\/petproducts.com.cn\/\",\"name\":\"Petstar\",\"description\":\"Leading Pet Supplies Manufacturer &amp; OEM Pet Products Supplier\",\"publisher\":{\"@id\":\"https:\/\/petproducts.com.cn\/#organization\"},\"alternateName\":\"Petstar Pet Supplies\",\"potentialAction\":[{\"@type\":\"SearchAction\",\"target\":{\"@type\":\"EntryPoint\",\"urlTemplate\":\"https:\/\/petproducts.com.cn\/?s={search_term_string}\"},\"query-input\":{\"@type\":\"PropertyValueSpecification\",\"valueRequired\":true,\"valueName\":\"search_term_string\"}}],\"inLanguage\":\"es\"},{\"@type\":\"Organization\",\"@id\":\"https:\/\/petproducts.com.cn\/#organization\",\"name\":\"Petstar\",\"url\":\"https:\/\/petproducts.com.cn\/\",\"logo\":{\"@type\":\"ImageObject\",\"inLanguage\":\"es\",\"@id\":\"https:\/\/petproducts.com.cn\/#\/schema\/logo\/image\/\",\"url\":\"https:\/\/petproducts.com.cn\/wp-content\/uploads\/2020\/02\/petstar-logo.webp\",\"contentUrl\":\"https:\/\/petproducts.com.cn\/wp-content\/uploads\/2020\/02\/petstar-logo.webp\",\"width\":779,\"height\":520,\"caption\":\"Petstar\"},\"image\":{\"@id\":\"https:\/\/petproducts.com.cn\/#\/schema\/logo\/image\/\"}}]}<\/script>\n<!-- \/ Yoast SEO plugin. -->","yoast_head_json":{"title":"Juguetes para perros grandes | Juguetes electr\u00f3nicos para gatos Fabricante- Petstar","description":"Explore Juguetes grandes para perros del mejor proveedor de productos para mascotas. Petstar es un fabricante mundial de productos para mascotas. Su soluci\u00f3n de negocio ideal con Petstar.","robots":{"index":"index","follow":"follow","max-snippet":"max-snippet:-1","max-image-preview":"max-image-preview:large","max-video-preview":"max-video-preview:-1"},"canonical":"https:\/\/petproducts.com.cn\/es\/producto\/large-dog-toys-fluffy-fpf-lovely-animal-mascot-dog-toy\/","og_locale":"es_ES","og_type":"article","og_title":"Large Dog Toys | Electronic Cat Toys Manufacturer- Petstar","og_description":"Explore Large Dog Toys from the best pet products supplier. Petstar is a global pet product manufacturer. Your ideal business solution with Petstar.","og_url":"https:\/\/petproducts.com.cn\/es\/producto\/large-dog-toys-fluffy-fpf-lovely-animal-mascot-dog-toy\/","og_site_name":"Petstar","article_modified_time":"2026-02-04T05:41:01+00:00","og_image":[{"width":1000,"height":1000,"url":"https:\/\/petproducts.com.cn\/wp-content\/uploads\/2026\/01\/Large-Dog-Toys.webp","type":"image\/webp"}],"twitter_card":"summary_large_image","twitter_misc":{"Tiempo de lectura":"1 minuto"},"schema":{"@context":"https:\/\/schema.org","@graph":[{"@type":"WebPage","@id":"https:\/\/petproducts.com.cn\/product\/large-dog-toys-fluffy-fpf-lovely-animal-mascot-dog-toy\/","url":"https:\/\/petproducts.com.cn\/product\/large-dog-toys-fluffy-fpf-lovely-animal-mascot-dog-toy\/","name":"Juguetes para perros grandes | Juguetes electr\u00f3nicos para gatos Fabricante- Petstar","isPartOf":{"@id":"https:\/\/petproducts.com.cn\/#website"},"primaryImageOfPage":{"@id":"https:\/\/petproducts.com.cn\/product\/large-dog-toys-fluffy-fpf-lovely-animal-mascot-dog-toy\/#primaryimage"},"image":{"@id":"https:\/\/petproducts.com.cn\/product\/large-dog-toys-fluffy-fpf-lovely-animal-mascot-dog-toy\/#primaryimage"},"thumbnailUrl":"https:\/\/petproducts.com.cn\/wp-content\/uploads\/2026\/01\/Large-Dog-Toys.webp","datePublished":"2026-01-19T06:36:51+00:00","dateModified":"2026-02-04T05:41:01+00:00","description":"Explore Juguetes grandes para perros del mejor proveedor de productos para mascotas. Petstar es un fabricante mundial de productos para mascotas. Su soluci\u00f3n de negocio ideal con Petstar.","breadcrumb":{"@id":"https:\/\/petproducts.com.cn\/product\/large-dog-toys-fluffy-fpf-lovely-animal-mascot-dog-toy\/#breadcrumb"},"inLanguage":"es","potentialAction":[{"@type":"ReadAction","target":["https:\/\/petproducts.com.cn\/product\/large-dog-toys-fluffy-fpf-lovely-animal-mascot-dog-toy\/"]}]},{"@type":"ImageObject","inLanguage":"es","@id":"https:\/\/petproducts.com.cn\/product\/large-dog-toys-fluffy-fpf-lovely-animal-mascot-dog-toy\/#primaryimage","url":"https:\/\/petproducts.com.cn\/wp-content\/uploads\/2026\/01\/Large-Dog-Toys.webp","contentUrl":"https:\/\/petproducts.com.cn\/wp-content\/uploads\/2026\/01\/Large-Dog-Toys.webp","width":1000,"height":1000,"caption":"Large Dog Toys"},{"@type":"BreadcrumbList","@id":"https:\/\/petproducts.com.cn\/product\/large-dog-toys-fluffy-fpf-lovely-animal-mascot-dog-toy\/#breadcrumb","itemListElement":[{"@type":"ListItem","position":1,"name":"HOME","item":"https:\/\/petproducts.com.cn\/"},{"@type":"ListItem","position":2,"name":"Products","item":"https:\/\/petproducts.com.cn\/shop\/"},{"@type":"ListItem","position":3,"name":"Dog Toys","item":"https:\/\/petproducts.com.cn\/product-category\/dog-toys\/"},{"@type":"ListItem","position":4,"name":"Large Dog Toys Fluffy FPF Lovely Animal Mascot Dog Toy"}]},{"@type":"WebSite","@id":"https:\/\/petproducts.com.cn\/#website","url":"https:\/\/petproducts.com.cn\/","name":"Petstar","description":"Fabricante l\u00edder de art\u00edculos para mascotas y proveedor OEM de productos para mascotas","publisher":{"@id":"https:\/\/petproducts.com.cn\/#organization"},"alternateName":"Petstar Pet Supplies","potentialAction":[{"@type":"SearchAction","target":{"@type":"EntryPoint","urlTemplate":"https:\/\/petproducts.com.cn\/?s={search_term_string}"},"query-input":{"@type":"PropertyValueSpecification","valueRequired":true,"valueName":"search_term_string"}}],"inLanguage":"es"},{"@type":"Organization","@id":"https:\/\/petproducts.com.cn\/#organization","name":"Petstar","url":"https:\/\/petproducts.com.cn\/","logo":{"@type":"ImageObject","inLanguage":"es","@id":"https:\/\/petproducts.com.cn\/#\/schema\/logo\/image\/","url":"https:\/\/petproducts.com.cn\/wp-content\/uploads\/2020\/02\/petstar-logo.webp","contentUrl":"https:\/\/petproducts.com.cn\/wp-content\/uploads\/2020\/02\/petstar-logo.webp","width":779,"height":520,"caption":"Petstar"},"image":{"@id":"https:\/\/petproducts.com.cn\/#\/schema\/logo\/image\/"}}]}},"_links":{"self":[{"href":"https:\/\/petproducts.com.cn\/es\/wp-json\/wp\/v2\/product\/35677","targetHints":{"allow":["GET"]}}],"collection":[{"href":"https:\/\/petproducts.com.cn\/es\/wp-json\/wp\/v2\/product"}],"about":[{"href":"https:\/\/petproducts.com.cn\/es\/wp-json\/wp\/v2\/types\/product"}],"version-history":[{"count":1,"href":"https:\/\/petproducts.com.cn\/es\/wp-json\/wp\/v2\/product\/35677\/revisions"}],"predecessor-version":[{"id":35685,"href":"https:\/\/petproducts.com.cn\/es\/wp-json\/wp\/v2\/product\/35677\/revisions\/35685"}],"wp:featuredmedia":[{"embeddable":true,"href":"https:\/\/petproducts.com.cn\/es\/wp-json\/wp\/v2\/media\/35679"}],"wp:attachment":[{"href":"https:\/\/petproducts.com.cn\/es\/wp-json\/wp\/v2\/media?parent=35677"}],"wp:term":[{"taxonomy":"product_brand","embeddable":true,"href":"https:\/\/petproducts.com.cn\/es\/wp-json\/wp\/v2\/product_brand?post=35677"},{"taxonomy":"product_cat","embeddable":true,"href":"https:\/\/petproducts.com.cn\/es\/wp-json\/wp\/v2\/product_cat?post=35677"},{"taxonomy":"product_tag","embeddable":true,"href":"https:\/\/petproducts.com.cn\/es\/wp-json\/wp\/v2\/product_tag?post=35677"}],"curies":[{"name":"wp","href":"https:\/\/api.w.org\/{rel}","templated":true}]}}