{"id":35800,"date":"2026-01-20T07:44:51","date_gmt":"2026-01-20T07:44:51","guid":{"rendered":"https:\/\/petproducts.com.cn\/?post_type=product&#038;p=35800"},"modified":"2026-02-04T05:44:16","modified_gmt":"2026-02-04T05:44:16","slug":"pet-baseball-hat-red-color-stylish-fpf-pet-sun-cap","status":"publish","type":"product","link":"https:\/\/petproducts.com.cn\/es\/product\/pet-baseball-hat-red-color-stylish-fpf-pet-sun-cap\/","title":{"rendered":"Gorra de B\u00e9isbol para Mascotas Color Rojo Stylish FPF Pet Sun Cap"},"content":{"rendered":"<h2><strong>Caracter\u00edsticas de la gorra de b\u00e9isbol para mascotas<\/strong><\/h2>\n<p data-start=\"366\" data-end=\"553\"><strong data-start=\"366\" data-end=\"399\">1. Dise\u00f1o deportivo de gorra de b\u00e9isbol<\/strong><br data-start=\"399\" data-end=\"402\" \/>Esta gorra de b\u00e9isbol para mascotas adopta una silueta cl\u00e1sica de gorra de b\u00e9isbol, combinando el atractivo de la moda con una protecci\u00f3n solar funcional para las actividades al aire libre con mascotas.<\/p>\n<p data-start=\"555\" data-end=\"729\"><strong data-start=\"555\" data-end=\"592\">2. Protecci\u00f3n solar para exteriores<\/strong><br data-start=\"592\" data-end=\"595\" \/>El ala curvada ayuda a bloquear la luz solar directa de los ojos de las mascotas, por lo que esta gorra de b\u00e9isbol para perros es ideal para paseos, viajes y eventos al aire libre.<\/p>\n<p data-start=\"731\" data-end=\"908\"><strong data-start=\"731\" data-end=\"767\">3. Estructura de apertura del o\u00eddo<\/strong><br data-start=\"767\" data-end=\"770\" \/>Las aberturas especialmente dise\u00f1adas garantizan una posici\u00f3n natural de las orejas, lo que mejora la comodidad y la aceptaci\u00f3n del uso en comparaci\u00f3n con los gorros para mascotas totalmente cerrados.<\/p>\n<p data-start=\"910\" data-end=\"1092\"><strong data-start=\"910\" data-end=\"952\">4. Ajuste regulable para mayor flexibilidad de tallas<\/strong><br data-start=\"952\" data-end=\"955\" \/>El dise\u00f1o de correas ajustables permite que un gorro para mascotas se adapte a m\u00faltiples tama\u00f1os de mascotas, lo que reduce la complejidad de SKU para mayoristas y minoristas.<\/p>\n<p data-start=\"1094\" data-end=\"1286\"><strong data-start=\"1094\" data-end=\"1133\">5. Color rojo intenso con elementos FPF<\/strong><br data-start=\"1133\" data-end=\"1136\" \/>El vibrante color rojo combinado con los detalles deportivos inspirados en la FPF mejora la visibilidad en las estanter\u00edas y sirve de apoyo a las colecciones tem\u00e1ticas o al marketing de estilo licenciado.<\/p>\n<p data-start=\"1288\" data-end=\"1453\"><strong data-start=\"1288\" data-end=\"1328\">6. Material ligero y transpirable<\/strong><br data-start=\"1328\" data-end=\"1331\" \/>Fabricada con un tejido ligero y transpirable, esta gorra de b\u00e9isbol para perros minimiza la acumulaci\u00f3n de calor y favorece su uso prolongado al aire libre.<\/p>\n<p style=\"text-align: center;\"><em><strong>Para saber m\u00e1s <a href=\"https:\/\/petproducts.com.cn\/es\/wholesale-dog-clothes\/\">ropa para perros<\/a>,<\/strong><\/em><em><strong>\u00a0por favor <a href=\"https:\/\/petproducts.com.cn\/es\/contacto\/\">Cont\u00e1ctenos<\/a>!<\/strong><\/em><\/p>","protected":false},"excerpt":{"rendered":"<p>Esta gorra de b\u00e9isbol para mascotas presenta un dise\u00f1o deportivo de color rojo con ajuste regulable y aberturas para las orejas, y ofrece protecci\u00f3n solar con un estilo FPF sobresaliente.<\/p>","protected":false},"featured_media":35805,"template":"","meta":{"_acf_changed":false},"product_brand":[],"product_cat":[49,72],"product_tag":[291],"class_list":{"0":"post-35800","1":"product","2":"type-product","3":"status-publish","4":"has-post-thumbnail","6":"product_cat-dog-apparel-accessories","7":"product_cat-dog-supplies","8":"product_tag-2026-world-cup-series","10":"first","11":"instock","12":"shipping-taxable","13":"product-type-simple"},"acf":[],"yoast_head":"<!-- This site is optimized with the Yoast SEO plugin v27.1.1 - https:\/\/yoast.com\/product\/yoast-seo-wordpress\/ -->\n<title>Pet Baseball Hat | Dog Cat Clothes Manufacturer - Petstar<\/title>\n<meta name=\"description\" content=\"Explore Pet Baseball Hat from the best pet products supplier. Petstar is a global pet product manufacturer. Your ideal business solution with Petstar.\" \/>\n<meta name=\"robots\" content=\"index, follow, max-snippet:-1, max-image-preview:large, max-video-preview:-1\" \/>\n<link rel=\"canonical\" href=\"https:\/\/petproducts.com.cn\/es\/producto\/pet-baseball-hat-red-color-stylish-fpf-pet-sun-cap\/\" \/>\n<meta property=\"og:locale\" content=\"es_ES\" \/>\n<meta property=\"og:type\" content=\"article\" \/>\n<meta property=\"og:title\" content=\"Pet Baseball Hat | Dog Cat Clothes Manufacturer - Petstar\" \/>\n<meta property=\"og:description\" content=\"Explore Pet Baseball Hat from the best pet products supplier. Petstar is a global pet product manufacturer. Your ideal business solution with Petstar.\" \/>\n<meta property=\"og:url\" content=\"https:\/\/petproducts.com.cn\/es\/producto\/pet-baseball-hat-red-color-stylish-fpf-pet-sun-cap\/\" \/>\n<meta property=\"og:site_name\" content=\"Petstar\" \/>\n<meta property=\"article:modified_time\" content=\"2026-02-04T05:44:16+00:00\" \/>\n<meta property=\"og:image\" content=\"https:\/\/petproducts.com.cn\/wp-content\/uploads\/2026\/01\/pet-baseball-hat.webp\" \/>\n\t<meta property=\"og:image:width\" content=\"1000\" \/>\n\t<meta property=\"og:image:height\" content=\"1000\" \/>\n\t<meta property=\"og:image:type\" content=\"image\/webp\" \/>\n<meta name=\"twitter:card\" content=\"summary_large_image\" \/>\n<meta name=\"twitter:label1\" content=\"Tiempo de lectura\" \/>\n\t<meta name=\"twitter:data1\" content=\"1 minuto\" \/>\n<script type=\"application\/ld+json\" class=\"yoast-schema-graph\">{\"@context\":\"https:\/\/schema.org\",\"@graph\":[{\"@type\":\"WebPage\",\"@id\":\"https:\/\/petproducts.com.cn\/product\/pet-baseball-hat-red-color-stylish-fpf-pet-sun-cap\/\",\"url\":\"https:\/\/petproducts.com.cn\/product\/pet-baseball-hat-red-color-stylish-fpf-pet-sun-cap\/\",\"name\":\"Pet Baseball Hat | Dog Cat Clothes Manufacturer - Petstar\",\"isPartOf\":{\"@id\":\"https:\/\/petproducts.com.cn\/#website\"},\"primaryImageOfPage\":{\"@id\":\"https:\/\/petproducts.com.cn\/product\/pet-baseball-hat-red-color-stylish-fpf-pet-sun-cap\/#primaryimage\"},\"image\":{\"@id\":\"https:\/\/petproducts.com.cn\/product\/pet-baseball-hat-red-color-stylish-fpf-pet-sun-cap\/#primaryimage\"},\"thumbnailUrl\":\"https:\/\/petproducts.com.cn\/wp-content\/uploads\/2026\/01\/pet-baseball-hat.webp\",\"datePublished\":\"2026-01-20T07:44:51+00:00\",\"dateModified\":\"2026-02-04T05:44:16+00:00\",\"description\":\"Explore Pet Baseball Hat from the best pet products supplier. Petstar is a global pet product manufacturer. Your ideal business solution with Petstar.\",\"breadcrumb\":{\"@id\":\"https:\/\/petproducts.com.cn\/product\/pet-baseball-hat-red-color-stylish-fpf-pet-sun-cap\/#breadcrumb\"},\"inLanguage\":\"es\",\"potentialAction\":[{\"@type\":\"ReadAction\",\"target\":[\"https:\/\/petproducts.com.cn\/product\/pet-baseball-hat-red-color-stylish-fpf-pet-sun-cap\/\"]}]},{\"@type\":\"ImageObject\",\"inLanguage\":\"es\",\"@id\":\"https:\/\/petproducts.com.cn\/product\/pet-baseball-hat-red-color-stylish-fpf-pet-sun-cap\/#primaryimage\",\"url\":\"https:\/\/petproducts.com.cn\/wp-content\/uploads\/2026\/01\/pet-baseball-hat.webp\",\"contentUrl\":\"https:\/\/petproducts.com.cn\/wp-content\/uploads\/2026\/01\/pet-baseball-hat.webp\",\"width\":1000,\"height\":1000,\"caption\":\"pet baseball hat\"},{\"@type\":\"BreadcrumbList\",\"@id\":\"https:\/\/petproducts.com.cn\/product\/pet-baseball-hat-red-color-stylish-fpf-pet-sun-cap\/#breadcrumb\",\"itemListElement\":[{\"@type\":\"ListItem\",\"position\":1,\"name\":\"HOME\",\"item\":\"https:\/\/petproducts.com.cn\/\"},{\"@type\":\"ListItem\",\"position\":2,\"name\":\"Products\",\"item\":\"https:\/\/petproducts.com.cn\/shop\/\"},{\"@type\":\"ListItem\",\"position\":3,\"name\":\"Dog Apparel &amp; Accessories\",\"item\":\"https:\/\/petproducts.com.cn\/product-category\/dog-apparel-accessories\/\"},{\"@type\":\"ListItem\",\"position\":4,\"name\":\"Pet Baseball Hat Red Color Stylish FPF Pet Sun Cap\"}]},{\"@type\":\"WebSite\",\"@id\":\"https:\/\/petproducts.com.cn\/#website\",\"url\":\"https:\/\/petproducts.com.cn\/\",\"name\":\"Petstar\",\"description\":\"Leading Pet Supplies Manufacturer &amp; OEM Pet Products Supplier\",\"publisher\":{\"@id\":\"https:\/\/petproducts.com.cn\/#organization\"},\"alternateName\":\"Petstar Pet Supplies\",\"potentialAction\":[{\"@type\":\"SearchAction\",\"target\":{\"@type\":\"EntryPoint\",\"urlTemplate\":\"https:\/\/petproducts.com.cn\/?s={search_term_string}\"},\"query-input\":{\"@type\":\"PropertyValueSpecification\",\"valueRequired\":true,\"valueName\":\"search_term_string\"}}],\"inLanguage\":\"es\"},{\"@type\":\"Organization\",\"@id\":\"https:\/\/petproducts.com.cn\/#organization\",\"name\":\"Petstar\",\"url\":\"https:\/\/petproducts.com.cn\/\",\"logo\":{\"@type\":\"ImageObject\",\"inLanguage\":\"es\",\"@id\":\"https:\/\/petproducts.com.cn\/#\/schema\/logo\/image\/\",\"url\":\"https:\/\/petproducts.com.cn\/wp-content\/uploads\/2020\/02\/petstar-logo.webp\",\"contentUrl\":\"https:\/\/petproducts.com.cn\/wp-content\/uploads\/2020\/02\/petstar-logo.webp\",\"width\":779,\"height\":520,\"caption\":\"Petstar\"},\"image\":{\"@id\":\"https:\/\/petproducts.com.cn\/#\/schema\/logo\/image\/\"}}]}<\/script>\n<!-- \/ Yoast SEO plugin. -->","yoast_head_json":{"title":"Gorra de b\u00e9isbol para mascotas | Ropa para perros y gatos Fabricante - Petstar","description":"Explore Gorra de b\u00e9isbol para mascotas del mejor proveedor de productos para mascotas. Petstar es un fabricante mundial de productos para mascotas. Su soluci\u00f3n de negocio ideal con Petstar.","robots":{"index":"index","follow":"follow","max-snippet":"max-snippet:-1","max-image-preview":"max-image-preview:large","max-video-preview":"max-video-preview:-1"},"canonical":"https:\/\/petproducts.com.cn\/es\/producto\/pet-baseball-hat-red-color-stylish-fpf-pet-sun-cap\/","og_locale":"es_ES","og_type":"article","og_title":"Pet Baseball Hat | Dog Cat Clothes Manufacturer - Petstar","og_description":"Explore Pet Baseball Hat from the best pet products supplier. Petstar is a global pet product manufacturer. Your ideal business solution with Petstar.","og_url":"https:\/\/petproducts.com.cn\/es\/producto\/pet-baseball-hat-red-color-stylish-fpf-pet-sun-cap\/","og_site_name":"Petstar","article_modified_time":"2026-02-04T05:44:16+00:00","og_image":[{"width":1000,"height":1000,"url":"https:\/\/petproducts.com.cn\/wp-content\/uploads\/2026\/01\/pet-baseball-hat.webp","type":"image\/webp"}],"twitter_card":"summary_large_image","twitter_misc":{"Tiempo de lectura":"1 minuto"},"schema":{"@context":"https:\/\/schema.org","@graph":[{"@type":"WebPage","@id":"https:\/\/petproducts.com.cn\/product\/pet-baseball-hat-red-color-stylish-fpf-pet-sun-cap\/","url":"https:\/\/petproducts.com.cn\/product\/pet-baseball-hat-red-color-stylish-fpf-pet-sun-cap\/","name":"Gorra de b\u00e9isbol para mascotas | Ropa para perros y gatos Fabricante - Petstar","isPartOf":{"@id":"https:\/\/petproducts.com.cn\/#website"},"primaryImageOfPage":{"@id":"https:\/\/petproducts.com.cn\/product\/pet-baseball-hat-red-color-stylish-fpf-pet-sun-cap\/#primaryimage"},"image":{"@id":"https:\/\/petproducts.com.cn\/product\/pet-baseball-hat-red-color-stylish-fpf-pet-sun-cap\/#primaryimage"},"thumbnailUrl":"https:\/\/petproducts.com.cn\/wp-content\/uploads\/2026\/01\/pet-baseball-hat.webp","datePublished":"2026-01-20T07:44:51+00:00","dateModified":"2026-02-04T05:44:16+00:00","description":"Explore Gorra de b\u00e9isbol para mascotas del mejor proveedor de productos para mascotas. Petstar es un fabricante mundial de productos para mascotas. Su soluci\u00f3n de negocio ideal con Petstar.","breadcrumb":{"@id":"https:\/\/petproducts.com.cn\/product\/pet-baseball-hat-red-color-stylish-fpf-pet-sun-cap\/#breadcrumb"},"inLanguage":"es","potentialAction":[{"@type":"ReadAction","target":["https:\/\/petproducts.com.cn\/product\/pet-baseball-hat-red-color-stylish-fpf-pet-sun-cap\/"]}]},{"@type":"ImageObject","inLanguage":"es","@id":"https:\/\/petproducts.com.cn\/product\/pet-baseball-hat-red-color-stylish-fpf-pet-sun-cap\/#primaryimage","url":"https:\/\/petproducts.com.cn\/wp-content\/uploads\/2026\/01\/pet-baseball-hat.webp","contentUrl":"https:\/\/petproducts.com.cn\/wp-content\/uploads\/2026\/01\/pet-baseball-hat.webp","width":1000,"height":1000,"caption":"pet baseball hat"},{"@type":"BreadcrumbList","@id":"https:\/\/petproducts.com.cn\/product\/pet-baseball-hat-red-color-stylish-fpf-pet-sun-cap\/#breadcrumb","itemListElement":[{"@type":"ListItem","position":1,"name":"HOME","item":"https:\/\/petproducts.com.cn\/"},{"@type":"ListItem","position":2,"name":"Products","item":"https:\/\/petproducts.com.cn\/shop\/"},{"@type":"ListItem","position":3,"name":"Dog Apparel &amp; Accessories","item":"https:\/\/petproducts.com.cn\/product-category\/dog-apparel-accessories\/"},{"@type":"ListItem","position":4,"name":"Pet Baseball Hat Red Color Stylish FPF Pet Sun Cap"}]},{"@type":"WebSite","@id":"https:\/\/petproducts.com.cn\/#website","url":"https:\/\/petproducts.com.cn\/","name":"Petstar","description":"Fabricante l\u00edder de art\u00edculos para mascotas y proveedor OEM de productos para mascotas","publisher":{"@id":"https:\/\/petproducts.com.cn\/#organization"},"alternateName":"Petstar Pet Supplies","potentialAction":[{"@type":"SearchAction","target":{"@type":"EntryPoint","urlTemplate":"https:\/\/petproducts.com.cn\/?s={search_term_string}"},"query-input":{"@type":"PropertyValueSpecification","valueRequired":true,"valueName":"search_term_string"}}],"inLanguage":"es"},{"@type":"Organization","@id":"https:\/\/petproducts.com.cn\/#organization","name":"Petstar","url":"https:\/\/petproducts.com.cn\/","logo":{"@type":"ImageObject","inLanguage":"es","@id":"https:\/\/petproducts.com.cn\/#\/schema\/logo\/image\/","url":"https:\/\/petproducts.com.cn\/wp-content\/uploads\/2020\/02\/petstar-logo.webp","contentUrl":"https:\/\/petproducts.com.cn\/wp-content\/uploads\/2020\/02\/petstar-logo.webp","width":779,"height":520,"caption":"Petstar"},"image":{"@id":"https:\/\/petproducts.com.cn\/#\/schema\/logo\/image\/"}}]}},"_links":{"self":[{"href":"https:\/\/petproducts.com.cn\/es\/wp-json\/wp\/v2\/product\/35800","targetHints":{"allow":["GET"]}}],"collection":[{"href":"https:\/\/petproducts.com.cn\/es\/wp-json\/wp\/v2\/product"}],"about":[{"href":"https:\/\/petproducts.com.cn\/es\/wp-json\/wp\/v2\/types\/product"}],"version-history":[{"count":1,"href":"https:\/\/petproducts.com.cn\/es\/wp-json\/wp\/v2\/product\/35800\/revisions"}],"predecessor-version":[{"id":35810,"href":"https:\/\/petproducts.com.cn\/es\/wp-json\/wp\/v2\/product\/35800\/revisions\/35810"}],"wp:featuredmedia":[{"embeddable":true,"href":"https:\/\/petproducts.com.cn\/es\/wp-json\/wp\/v2\/media\/35805"}],"wp:attachment":[{"href":"https:\/\/petproducts.com.cn\/es\/wp-json\/wp\/v2\/media?parent=35800"}],"wp:term":[{"taxonomy":"product_brand","embeddable":true,"href":"https:\/\/petproducts.com.cn\/es\/wp-json\/wp\/v2\/product_brand?post=35800"},{"taxonomy":"product_cat","embeddable":true,"href":"https:\/\/petproducts.com.cn\/es\/wp-json\/wp\/v2\/product_cat?post=35800"},{"taxonomy":"product_tag","embeddable":true,"href":"https:\/\/petproducts.com.cn\/es\/wp-json\/wp\/v2\/product_tag?post=35800"}],"curies":[{"name":"wp","href":"https:\/\/api.w.org\/{rel}","templated":true}]}}