{"id":35838,"date":"2026-01-20T08:45:19","date_gmt":"2026-01-20T08:45:19","guid":{"rendered":"https:\/\/petproducts.com.cn\/?post_type=product&#038;p=35838"},"modified":"2026-02-04T05:44:37","modified_gmt":"2026-02-04T05:44:37","slug":"warm-dog-hoodie-fashion-sporty-style-fpf-pet-hoodie","status":"publish","type":"product","link":"https:\/\/petproducts.com.cn\/es\/product\/warm-dog-hoodie-fashion-sporty-style-fpf-pet-hoodie\/","title":{"rendered":"Sudadera c\u00e1lida con capucha para perro Fashion Sporty Style FPF Pet Hoodie"},"content":{"rendered":"<h2><strong>Caracter\u00edsticas de la sudadera con capucha Warm Dog<\/strong><\/h2>\n<ul>\n<li data-start=\"343\" data-end=\"512\"><strong data-start=\"343\" data-end=\"382\">Sudadera con capucha para perros<\/strong><br data-start=\"382\" data-end=\"385\" \/>Dise\u00f1ada como sudadera con capucha para perros, utiliza un tejido acogedor y aislante que ayuda a los perros a estar c\u00f3modos durante el oto\u00f1o y el invierno.<\/li>\n<li data-start=\"514\" data-end=\"699\"><strong data-start=\"514\" data-end=\"559\">Estilo deportivo con elementos FPF<\/strong><br data-start=\"559\" data-end=\"562\" \/>La silueta deportiva con capucha a\u00f1ade valor de moda, lo que hace que este abrigo para perros sea adecuado para colecciones de estilo de vida y mercados impulsados por las tendencias.<\/li>\n<li data-start=\"701\" data-end=\"853\"><strong data-start=\"701\" data-end=\"737\">Pu\u00f1os acanalados para mayor calidez<\/strong><br data-start=\"737\" data-end=\"740\" \/>Los pu\u00f1os y el dobladillo acanalados mejoran la retenci\u00f3n del calor, reducen la entrada de aire fr\u00edo y aumentan la comodidad general de los perros.<\/li>\n<li data-start=\"855\" data-end=\"1026\"><strong data-start=\"855\" data-end=\"892\">Ajuste c\u00f3modo para el uso diario<\/strong><br data-start=\"892\" data-end=\"895\" \/>Los materiales suaves al tacto y la estructura flexible garantizan que la ropa de abrigo para perros sea f\u00e1cil de llevar, ideal para los paseos diarios y las salidas informales.<\/li>\n<li data-start=\"1028\" data-end=\"1211\"><strong data-start=\"1028\" data-end=\"1074\">Gran atractivo visual para la exposici\u00f3n minorista<\/strong><br data-start=\"1074\" data-end=\"1077\" \/>El aspecto deportivo de moda aumenta el impacto en los estantes, ayudando a los clientes B2B a atraer la atenci\u00f3n tanto en los canales de venta en l\u00ednea como fuera de l\u00ednea.<\/li>\n<li data-start=\"1375\" data-end=\"1531\"><strong data-start=\"1375\" data-end=\"1410\">\u00a0Dise\u00f1o pr\u00e1ctico y f\u00e1cil de cuidar<\/strong><br data-start=\"1410\" data-end=\"1413\" \/>La fabricaci\u00f3n en tejido duradero facilita la limpieza y el uso repetido, reduciendo las preocupaciones posventa de los distribuidores.<\/li>\n<li><\/li>\n<\/ul>\n<p style=\"text-align: center;\"><em><strong>Para saber m\u00e1s <a href=\"https:\/\/petproducts.com.cn\/es\/wholesale-dog-clothes\/\">ropa para perros<\/a>,<\/strong><\/em><em><strong>\u00a0por favor <a href=\"https:\/\/petproducts.com.cn\/es\/contacto\/\">Cont\u00e1ctenos<\/a>!<\/strong><\/em><\/p>","protected":false},"excerpt":{"rendered":"<p>Esta c\u00e1lida sudadera con capucha para perro presenta un dise\u00f1o deportivo inspirado en la FPF, con un tejido acogedor y pu\u00f1os de canal\u00e9, que equilibra calidez, comodidad y atractivo a la moda.<\/p>","protected":false},"featured_media":35843,"template":"","meta":{"_acf_changed":false},"product_brand":[],"product_cat":[49,72],"product_tag":[291],"class_list":{"0":"post-35838","1":"product","2":"type-product","3":"status-publish","4":"has-post-thumbnail","6":"product_cat-dog-apparel-accessories","7":"product_cat-dog-supplies","8":"product_tag-2026-world-cup-series","10":"first","11":"instock","12":"shipping-taxable","13":"product-type-simple"},"acf":[],"yoast_head":"<!-- This site is optimized with the Yoast SEO plugin v27.1.1 - https:\/\/yoast.com\/product\/yoast-seo-wordpress\/ -->\n<title>Warm Dog Hoodie | Dog Cat Clothes Manufacturer - Petstar<\/title>\n<meta name=\"description\" content=\"Explore Warm Dog Hoodie from the best pet products supplier. Petstar is a global pet product manufacturer. Your ideal business solution with Petstar.\" \/>\n<meta name=\"robots\" content=\"index, follow, max-snippet:-1, max-image-preview:large, max-video-preview:-1\" \/>\n<link rel=\"canonical\" href=\"https:\/\/petproducts.com.cn\/es\/producto\/warm-dog-hoodie-fashion-sporty-style-fpf-pet-hoodie\/\" \/>\n<meta property=\"og:locale\" content=\"es_ES\" \/>\n<meta property=\"og:type\" content=\"article\" \/>\n<meta property=\"og:title\" content=\"Warm Dog Hoodie | Dog Cat Clothes Manufacturer - Petstar\" \/>\n<meta property=\"og:description\" content=\"Explore Warm Dog Hoodie from the best pet products supplier. Petstar is a global pet product manufacturer. Your ideal business solution with Petstar.\" \/>\n<meta property=\"og:url\" content=\"https:\/\/petproducts.com.cn\/es\/producto\/warm-dog-hoodie-fashion-sporty-style-fpf-pet-hoodie\/\" \/>\n<meta property=\"og:site_name\" content=\"Petstar\" \/>\n<meta property=\"article:modified_time\" content=\"2026-02-04T05:44:37+00:00\" \/>\n<meta property=\"og:image\" content=\"https:\/\/petproducts.com.cn\/wp-content\/uploads\/2026\/01\/warm-dog-hoodie.webp\" \/>\n\t<meta property=\"og:image:width\" content=\"1000\" \/>\n\t<meta property=\"og:image:height\" content=\"1000\" \/>\n\t<meta property=\"og:image:type\" content=\"image\/webp\" \/>\n<meta name=\"twitter:card\" content=\"summary_large_image\" \/>\n<meta name=\"twitter:label1\" content=\"Tiempo de lectura\" \/>\n\t<meta name=\"twitter:data1\" content=\"1 minuto\" \/>\n<script type=\"application\/ld+json\" class=\"yoast-schema-graph\">{\"@context\":\"https:\/\/schema.org\",\"@graph\":[{\"@type\":\"WebPage\",\"@id\":\"https:\/\/petproducts.com.cn\/product\/warm-dog-hoodie-fashion-sporty-style-fpf-pet-hoodie\/\",\"url\":\"https:\/\/petproducts.com.cn\/product\/warm-dog-hoodie-fashion-sporty-style-fpf-pet-hoodie\/\",\"name\":\"Warm Dog Hoodie | Dog Cat Clothes Manufacturer - Petstar\",\"isPartOf\":{\"@id\":\"https:\/\/petproducts.com.cn\/#website\"},\"primaryImageOfPage\":{\"@id\":\"https:\/\/petproducts.com.cn\/product\/warm-dog-hoodie-fashion-sporty-style-fpf-pet-hoodie\/#primaryimage\"},\"image\":{\"@id\":\"https:\/\/petproducts.com.cn\/product\/warm-dog-hoodie-fashion-sporty-style-fpf-pet-hoodie\/#primaryimage\"},\"thumbnailUrl\":\"https:\/\/petproducts.com.cn\/wp-content\/uploads\/2026\/01\/warm-dog-hoodie.webp\",\"datePublished\":\"2026-01-20T08:45:19+00:00\",\"dateModified\":\"2026-02-04T05:44:37+00:00\",\"description\":\"Explore Warm Dog Hoodie from the best pet products supplier. Petstar is a global pet product manufacturer. Your ideal business solution with Petstar.\",\"breadcrumb\":{\"@id\":\"https:\/\/petproducts.com.cn\/product\/warm-dog-hoodie-fashion-sporty-style-fpf-pet-hoodie\/#breadcrumb\"},\"inLanguage\":\"es\",\"potentialAction\":[{\"@type\":\"ReadAction\",\"target\":[\"https:\/\/petproducts.com.cn\/product\/warm-dog-hoodie-fashion-sporty-style-fpf-pet-hoodie\/\"]}]},{\"@type\":\"ImageObject\",\"inLanguage\":\"es\",\"@id\":\"https:\/\/petproducts.com.cn\/product\/warm-dog-hoodie-fashion-sporty-style-fpf-pet-hoodie\/#primaryimage\",\"url\":\"https:\/\/petproducts.com.cn\/wp-content\/uploads\/2026\/01\/warm-dog-hoodie.webp\",\"contentUrl\":\"https:\/\/petproducts.com.cn\/wp-content\/uploads\/2026\/01\/warm-dog-hoodie.webp\",\"width\":1000,\"height\":1000,\"caption\":\"warm dog hoodie\"},{\"@type\":\"BreadcrumbList\",\"@id\":\"https:\/\/petproducts.com.cn\/product\/warm-dog-hoodie-fashion-sporty-style-fpf-pet-hoodie\/#breadcrumb\",\"itemListElement\":[{\"@type\":\"ListItem\",\"position\":1,\"name\":\"HOME\",\"item\":\"https:\/\/petproducts.com.cn\/\"},{\"@type\":\"ListItem\",\"position\":2,\"name\":\"Products\",\"item\":\"https:\/\/petproducts.com.cn\/shop\/\"},{\"@type\":\"ListItem\",\"position\":3,\"name\":\"Dog Apparel &amp; Accessories\",\"item\":\"https:\/\/petproducts.com.cn\/product-category\/dog-apparel-accessories\/\"},{\"@type\":\"ListItem\",\"position\":4,\"name\":\"Warm Dog Hoodie Fashion Sporty Style FPF Pet Hoodie\"}]},{\"@type\":\"WebSite\",\"@id\":\"https:\/\/petproducts.com.cn\/#website\",\"url\":\"https:\/\/petproducts.com.cn\/\",\"name\":\"Petstar\",\"description\":\"Leading Pet Supplies Manufacturer &amp; OEM Pet Products Supplier\",\"publisher\":{\"@id\":\"https:\/\/petproducts.com.cn\/#organization\"},\"alternateName\":\"Petstar Pet Supplies\",\"potentialAction\":[{\"@type\":\"SearchAction\",\"target\":{\"@type\":\"EntryPoint\",\"urlTemplate\":\"https:\/\/petproducts.com.cn\/?s={search_term_string}\"},\"query-input\":{\"@type\":\"PropertyValueSpecification\",\"valueRequired\":true,\"valueName\":\"search_term_string\"}}],\"inLanguage\":\"es\"},{\"@type\":\"Organization\",\"@id\":\"https:\/\/petproducts.com.cn\/#organization\",\"name\":\"Petstar\",\"url\":\"https:\/\/petproducts.com.cn\/\",\"logo\":{\"@type\":\"ImageObject\",\"inLanguage\":\"es\",\"@id\":\"https:\/\/petproducts.com.cn\/#\/schema\/logo\/image\/\",\"url\":\"https:\/\/petproducts.com.cn\/wp-content\/uploads\/2020\/02\/petstar-logo.webp\",\"contentUrl\":\"https:\/\/petproducts.com.cn\/wp-content\/uploads\/2020\/02\/petstar-logo.webp\",\"width\":779,\"height\":520,\"caption\":\"Petstar\"},\"image\":{\"@id\":\"https:\/\/petproducts.com.cn\/#\/schema\/logo\/image\/\"}}]}<\/script>\n<!-- \/ Yoast SEO plugin. -->","yoast_head_json":{"title":"Caliente sudadera con capucha para perro | Ropa para perro gato Fabricante - Petstar","description":"Explore Warm Dog Hoodie del mejor proveedor de productos para mascotas. Petstar es un fabricante mundial de productos para mascotas. Su soluci\u00f3n de negocio ideal con Petstar.","robots":{"index":"index","follow":"follow","max-snippet":"max-snippet:-1","max-image-preview":"max-image-preview:large","max-video-preview":"max-video-preview:-1"},"canonical":"https:\/\/petproducts.com.cn\/es\/producto\/warm-dog-hoodie-fashion-sporty-style-fpf-pet-hoodie\/","og_locale":"es_ES","og_type":"article","og_title":"Warm Dog Hoodie | Dog Cat Clothes Manufacturer - Petstar","og_description":"Explore Warm Dog Hoodie from the best pet products supplier. Petstar is a global pet product manufacturer. Your ideal business solution with Petstar.","og_url":"https:\/\/petproducts.com.cn\/es\/producto\/warm-dog-hoodie-fashion-sporty-style-fpf-pet-hoodie\/","og_site_name":"Petstar","article_modified_time":"2026-02-04T05:44:37+00:00","og_image":[{"width":1000,"height":1000,"url":"https:\/\/petproducts.com.cn\/wp-content\/uploads\/2026\/01\/warm-dog-hoodie.webp","type":"image\/webp"}],"twitter_card":"summary_large_image","twitter_misc":{"Tiempo de lectura":"1 minuto"},"schema":{"@context":"https:\/\/schema.org","@graph":[{"@type":"WebPage","@id":"https:\/\/petproducts.com.cn\/product\/warm-dog-hoodie-fashion-sporty-style-fpf-pet-hoodie\/","url":"https:\/\/petproducts.com.cn\/product\/warm-dog-hoodie-fashion-sporty-style-fpf-pet-hoodie\/","name":"Caliente sudadera con capucha para perro | Ropa para perro gato Fabricante - Petstar","isPartOf":{"@id":"https:\/\/petproducts.com.cn\/#website"},"primaryImageOfPage":{"@id":"https:\/\/petproducts.com.cn\/product\/warm-dog-hoodie-fashion-sporty-style-fpf-pet-hoodie\/#primaryimage"},"image":{"@id":"https:\/\/petproducts.com.cn\/product\/warm-dog-hoodie-fashion-sporty-style-fpf-pet-hoodie\/#primaryimage"},"thumbnailUrl":"https:\/\/petproducts.com.cn\/wp-content\/uploads\/2026\/01\/warm-dog-hoodie.webp","datePublished":"2026-01-20T08:45:19+00:00","dateModified":"2026-02-04T05:44:37+00:00","description":"Explore Warm Dog Hoodie del mejor proveedor de productos para mascotas. Petstar es un fabricante mundial de productos para mascotas. Su soluci\u00f3n de negocio ideal con Petstar.","breadcrumb":{"@id":"https:\/\/petproducts.com.cn\/product\/warm-dog-hoodie-fashion-sporty-style-fpf-pet-hoodie\/#breadcrumb"},"inLanguage":"es","potentialAction":[{"@type":"ReadAction","target":["https:\/\/petproducts.com.cn\/product\/warm-dog-hoodie-fashion-sporty-style-fpf-pet-hoodie\/"]}]},{"@type":"ImageObject","inLanguage":"es","@id":"https:\/\/petproducts.com.cn\/product\/warm-dog-hoodie-fashion-sporty-style-fpf-pet-hoodie\/#primaryimage","url":"https:\/\/petproducts.com.cn\/wp-content\/uploads\/2026\/01\/warm-dog-hoodie.webp","contentUrl":"https:\/\/petproducts.com.cn\/wp-content\/uploads\/2026\/01\/warm-dog-hoodie.webp","width":1000,"height":1000,"caption":"warm dog hoodie"},{"@type":"BreadcrumbList","@id":"https:\/\/petproducts.com.cn\/product\/warm-dog-hoodie-fashion-sporty-style-fpf-pet-hoodie\/#breadcrumb","itemListElement":[{"@type":"ListItem","position":1,"name":"HOME","item":"https:\/\/petproducts.com.cn\/"},{"@type":"ListItem","position":2,"name":"Products","item":"https:\/\/petproducts.com.cn\/shop\/"},{"@type":"ListItem","position":3,"name":"Dog Apparel &amp; Accessories","item":"https:\/\/petproducts.com.cn\/product-category\/dog-apparel-accessories\/"},{"@type":"ListItem","position":4,"name":"Warm Dog Hoodie Fashion Sporty Style FPF Pet Hoodie"}]},{"@type":"WebSite","@id":"https:\/\/petproducts.com.cn\/#website","url":"https:\/\/petproducts.com.cn\/","name":"Petstar","description":"Fabricante l\u00edder de art\u00edculos para mascotas y proveedor OEM de productos para mascotas","publisher":{"@id":"https:\/\/petproducts.com.cn\/#organization"},"alternateName":"Petstar Pet Supplies","potentialAction":[{"@type":"SearchAction","target":{"@type":"EntryPoint","urlTemplate":"https:\/\/petproducts.com.cn\/?s={search_term_string}"},"query-input":{"@type":"PropertyValueSpecification","valueRequired":true,"valueName":"search_term_string"}}],"inLanguage":"es"},{"@type":"Organization","@id":"https:\/\/petproducts.com.cn\/#organization","name":"Petstar","url":"https:\/\/petproducts.com.cn\/","logo":{"@type":"ImageObject","inLanguage":"es","@id":"https:\/\/petproducts.com.cn\/#\/schema\/logo\/image\/","url":"https:\/\/petproducts.com.cn\/wp-content\/uploads\/2020\/02\/petstar-logo.webp","contentUrl":"https:\/\/petproducts.com.cn\/wp-content\/uploads\/2020\/02\/petstar-logo.webp","width":779,"height":520,"caption":"Petstar"},"image":{"@id":"https:\/\/petproducts.com.cn\/#\/schema\/logo\/image\/"}}]}},"_links":{"self":[{"href":"https:\/\/petproducts.com.cn\/es\/wp-json\/wp\/v2\/product\/35838","targetHints":{"allow":["GET"]}}],"collection":[{"href":"https:\/\/petproducts.com.cn\/es\/wp-json\/wp\/v2\/product"}],"about":[{"href":"https:\/\/petproducts.com.cn\/es\/wp-json\/wp\/v2\/types\/product"}],"version-history":[{"count":1,"href":"https:\/\/petproducts.com.cn\/es\/wp-json\/wp\/v2\/product\/35838\/revisions"}],"predecessor-version":[{"id":35844,"href":"https:\/\/petproducts.com.cn\/es\/wp-json\/wp\/v2\/product\/35838\/revisions\/35844"}],"wp:featuredmedia":[{"embeddable":true,"href":"https:\/\/petproducts.com.cn\/es\/wp-json\/wp\/v2\/media\/35843"}],"wp:attachment":[{"href":"https:\/\/petproducts.com.cn\/es\/wp-json\/wp\/v2\/media?parent=35838"}],"wp:term":[{"taxonomy":"product_brand","embeddable":true,"href":"https:\/\/petproducts.com.cn\/es\/wp-json\/wp\/v2\/product_brand?post=35838"},{"taxonomy":"product_cat","embeddable":true,"href":"https:\/\/petproducts.com.cn\/es\/wp-json\/wp\/v2\/product_cat?post=35838"},{"taxonomy":"product_tag","embeddable":true,"href":"https:\/\/petproducts.com.cn\/es\/wp-json\/wp\/v2\/product_tag?post=35838"}],"curies":[{"name":"wp","href":"https:\/\/api.w.org\/{rel}","templated":true}]}}