{"id":8251,"date":"2023-09-07T09:10:26","date_gmt":"2023-09-07T09:10:26","guid":{"rendered":"https:\/\/petproducts.com.cn\/?post_type=product&#038;p=8251"},"modified":"2023-09-22T02:59:35","modified_gmt":"2023-09-22T02:59:35","slug":"tpr-dog-toy-wholesale-fetch-dog-ring-toss-toy","status":"publish","type":"product","link":"https:\/\/petproducts.com.cn\/es\/product\/tpr-dog-toy-wholesale-fetch-dog-ring-toss-toy\/","title":{"rendered":"Tpr Juguete para Perro Mayorista Fetch Dog Ring Toss Toy"},"content":{"rendered":"<div id='gallery-1' class='gallery galleryid-8251 gallery-columns-5 gallery-size-thumbnail'><figure class='gallery-item'>\n\t\t\t<div class='gallery-icon landscape'>\n\t\t\t\t<a href='https:\/\/petproducts.com.cn\/es\/?attachment_id=8259'><img decoding=\"async\" width=\"150\" height=\"150\" src=\"https:\/\/petproducts.com.cn\/wp-content\/uploads\/2023\/09\/DSC9956--150x150.webp\" class=\"attachment-thumbnail size-thumbnail\" alt=\"\" aria-describedby=\"gallery-1-8259\" srcset=\"https:\/\/petproducts.com.cn\/wp-content\/uploads\/2023\/09\/DSC9956--150x150.webp 150w, https:\/\/petproducts.com.cn\/wp-content\/uploads\/2023\/09\/DSC9956--300x300.webp 300w, https:\/\/petproducts.com.cn\/wp-content\/uploads\/2023\/09\/DSC9956--768x768.webp 768w, https:\/\/petproducts.com.cn\/wp-content\/uploads\/2023\/09\/DSC9956--600x600.webp 600w, https:\/\/petproducts.com.cn\/wp-content\/uploads\/2023\/09\/DSC9956--100x100.webp 100w, https:\/\/petproducts.com.cn\/wp-content\/uploads\/2023\/09\/DSC9956-.webp 1000w\" sizes=\"(max-width: 150px) 100vw, 150px\" \/><\/a>\n\t\t\t<\/div>\n\t\t\t\t<figcaption class='wp-caption-text gallery-caption' id='gallery-1-8259'>\n\t\t\t\tjuguetes para perros\n\t\t\t\t<\/figcaption><\/figure><figure class='gallery-item'>\n\t\t\t<div class='gallery-icon landscape'>\n\t\t\t\t<a href='https:\/\/petproducts.com.cn\/es\/?attachment_id=8260'><img decoding=\"async\" width=\"150\" height=\"150\" src=\"https:\/\/petproducts.com.cn\/wp-content\/uploads\/2023\/09\/DSC9985--150x150.webp\" class=\"attachment-thumbnail size-thumbnail\" alt=\"\" aria-describedby=\"gallery-1-8260\" srcset=\"https:\/\/petproducts.com.cn\/wp-content\/uploads\/2023\/09\/DSC9985--150x150.webp 150w, https:\/\/petproducts.com.cn\/wp-content\/uploads\/2023\/09\/DSC9985--300x300.webp 300w, https:\/\/petproducts.com.cn\/wp-content\/uploads\/2023\/09\/DSC9985--768x768.webp 768w, https:\/\/petproducts.com.cn\/wp-content\/uploads\/2023\/09\/DSC9985--600x600.webp 600w, https:\/\/petproducts.com.cn\/wp-content\/uploads\/2023\/09\/DSC9985--100x100.webp 100w, https:\/\/petproducts.com.cn\/wp-content\/uploads\/2023\/09\/DSC9985-.webp 1000w\" sizes=\"(max-width: 150px) 100vw, 150px\" \/><\/a>\n\t\t\t<\/div>\n\t\t\t\t<figcaption class='wp-caption-text gallery-caption' id='gallery-1-8260'>\n\t\t\t\tjuguete verde para perro\n\t\t\t\t<\/figcaption><\/figure><figure class='gallery-item'>\n\t\t\t<div class='gallery-icon landscape'>\n\t\t\t\t<a href='https:\/\/petproducts.com.cn\/es\/?attachment_id=8261'><img decoding=\"async\" width=\"150\" height=\"150\" src=\"https:\/\/petproducts.com.cn\/wp-content\/uploads\/2023\/09\/DSC9986--150x150.webp\" class=\"attachment-thumbnail size-thumbnail\" alt=\"\" aria-describedby=\"gallery-1-8261\" srcset=\"https:\/\/petproducts.com.cn\/wp-content\/uploads\/2023\/09\/DSC9986--150x150.webp 150w, https:\/\/petproducts.com.cn\/wp-content\/uploads\/2023\/09\/DSC9986--300x300.webp 300w, https:\/\/petproducts.com.cn\/wp-content\/uploads\/2023\/09\/DSC9986--768x768.webp 768w, https:\/\/petproducts.com.cn\/wp-content\/uploads\/2023\/09\/DSC9986--600x600.webp 600w, https:\/\/petproducts.com.cn\/wp-content\/uploads\/2023\/09\/DSC9986--100x100.webp 100w, https:\/\/petproducts.com.cn\/wp-content\/uploads\/2023\/09\/DSC9986-.webp 1000w\" sizes=\"(max-width: 150px) 100vw, 150px\" \/><\/a>\n\t\t\t<\/div>\n\t\t\t\t<figcaption class='wp-caption-text gallery-caption' id='gallery-1-8261'>\n\t\t\t\tjuguetes para perros fetch\n\t\t\t\t<\/figcaption><\/figure><figure class='gallery-item'>\n\t\t\t<div class='gallery-icon landscape'>\n\t\t\t\t<a href='https:\/\/petproducts.com.cn\/es\/?attachment_id=8262'><img loading=\"lazy\" decoding=\"async\" width=\"150\" height=\"150\" src=\"https:\/\/petproducts.com.cn\/wp-content\/uploads\/2023\/09\/DSC9991--150x150.webp\" class=\"attachment-thumbnail size-thumbnail\" alt=\"\" aria-describedby=\"gallery-1-8262\" srcset=\"https:\/\/petproducts.com.cn\/wp-content\/uploads\/2023\/09\/DSC9991--150x150.webp 150w, https:\/\/petproducts.com.cn\/wp-content\/uploads\/2023\/09\/DSC9991--300x300.webp 300w, https:\/\/petproducts.com.cn\/wp-content\/uploads\/2023\/09\/DSC9991--768x768.webp 768w, https:\/\/petproducts.com.cn\/wp-content\/uploads\/2023\/09\/DSC9991--600x600.webp 600w, https:\/\/petproducts.com.cn\/wp-content\/uploads\/2023\/09\/DSC9991--100x100.webp 100w, https:\/\/petproducts.com.cn\/wp-content\/uploads\/2023\/09\/DSC9991-.webp 1000w\" sizes=\"(max-width: 150px) 100vw, 150px\" \/><\/a>\n\t\t\t<\/div>\n\t\t\t\t<figcaption class='wp-caption-text gallery-caption' id='gallery-1-8262'>\n\t\t\t\tjuguete masticable verde para perros\n\t\t\t\t<\/figcaption><\/figure><figure class='gallery-item'>\n\t\t\t<div class='gallery-icon landscape'>\n\t\t\t\t<a href='https:\/\/petproducts.com.cn\/es\/?attachment_id=8263'><img loading=\"lazy\" decoding=\"async\" width=\"150\" height=\"150\" src=\"https:\/\/petproducts.com.cn\/wp-content\/uploads\/2023\/09\/DSC9992--150x150.webp\" class=\"attachment-thumbnail size-thumbnail\" alt=\"\" aria-describedby=\"gallery-1-8263\" srcset=\"https:\/\/petproducts.com.cn\/wp-content\/uploads\/2023\/09\/DSC9992--150x150.webp 150w, https:\/\/petproducts.com.cn\/wp-content\/uploads\/2023\/09\/DSC9992--300x300.webp 300w, https:\/\/petproducts.com.cn\/wp-content\/uploads\/2023\/09\/DSC9992--768x768.webp 768w, https:\/\/petproducts.com.cn\/wp-content\/uploads\/2023\/09\/DSC9992--600x600.webp 600w, https:\/\/petproducts.com.cn\/wp-content\/uploads\/2023\/09\/DSC9992--100x100.webp 100w, https:\/\/petproducts.com.cn\/wp-content\/uploads\/2023\/09\/DSC9992-.webp 1000w\" sizes=\"(max-width: 150px) 100vw, 150px\" \/><\/a>\n\t\t\t<\/div>\n\t\t\t\t<figcaption class='wp-caption-text gallery-caption' id='gallery-1-8263'>\n\t\t\t\tjuguete lanzador de anillas para perros\n\t\t\t\t<\/figcaption><\/figure>\n\t\t<\/div>\n\n<h2>Petstar: Mayorista Juguete de TPR para Perros - Fetch Dog Ring Toss Toy<\/h2>\n<p>\u00bfBusca un juguete de TPR al por mayor que mantenga a su perro entretenido durante horas? No busque m\u00e1s, Petstar's Fetch Dog Ring Toss Toy. Este juguete innovador y duradero es perfecto para los perros que aman a buscar y jugar juegos interactivos.<\/p>\n<p>1.Material TPR: Nuestro juguete Fetch Dog Ring Toss est\u00e1 hecho de material TPR (caucho termopl\u00e1stico) de alta calidad que es conocido por su durabilidad y flexibilidad. Puede soportar los masticadores m\u00e1s duros y ofrece tiempo de juego de larga duraci\u00f3n.<\/p>\n<p>2.Diversi\u00f3n interactiva: El juguete Fetch Dog Ring Toss est\u00e1 dise\u00f1ado para el juego interactivo. El dise\u00f1o del anillo de lanzamiento le permite lanzar el anillo, y su amigo peludo puede traer de vuelta a usted. Proporciona estimulaci\u00f3n mental y fortalece el v\u00ednculo entre usted y su perro.<\/p>\n<p>3.Uso vers\u00e1til: Este juguete de TPR para perros es adecuado tanto para juegos de interior como de exterior. Ya sea un juego de buscar y traer en el patio trasero o una actividad divertida en el parque, el juguete Fetch Dog Ring Toss mantendr\u00e1 a su perro activo y comprometido.<\/p>\n<p>4.Promueve la salud dental: La superficie texturizada del material TPR ayuda a masajear las enc\u00edas de su perro y limpiar sus dientes mientras mastican y juegan con el juguete. Ayuda a reducir la placa y la acumulaci\u00f3n de sarro, promoviendo una buena salud oral.<\/p>\n<p>5.Oportunidades de venta al por mayor: Petstar ofrece opciones de venta al por mayor de juguetes para perros para empresas como mayoristas, minoristas y plataformas de comercio electr\u00f3nico. As\u00f3ciese con nosotros para proporcionar a sus clientes juguetes para perros de TPR de alta calidad que seguramente ser\u00e1n un \u00e9xito.<\/p>\n<p>Si desea ampliar su l\u00ednea de productos para mascotas, considere la posibilidad de a\u00f1adir nuestro juguete Fetch Dog Ring Toss a su inventario. P\u00f3ngase en contacto con Petstar hoy para discutir las oportunidades al por mayor y ofrecer a sus clientes un juguete para perros emocionante y duradero TPR.<\/p>","protected":false},"excerpt":{"rendered":"<p>Somos un fabricante de productos de juguetes masticables de goma para perros con m\u00e1s de 20 a\u00f1os de experiencia. Ofrecemos opciones de personalizaci\u00f3n de color, tama\u00f1o, tela, patr\u00f3n, logotipo y otras caracter\u00edsticas.<\/p>","protected":false},"featured_media":8252,"template":"","meta":{"_acf_changed":false},"product_brand":[],"product_cat":[72,48],"product_tag":[85],"class_list":{"0":"post-8251","1":"product","2":"type-product","3":"status-publish","4":"has-post-thumbnail","6":"product_cat-dog-supplies","7":"product_cat-dog-toys","8":"product_tag-dog-toys","10":"first","11":"instock","12":"shipping-taxable","13":"product-type-simple"},"acf":[],"yoast_head":"<!-- This site is optimized with the Yoast SEO plugin v27.1.1 - https:\/\/yoast.com\/product\/yoast-seo-wordpress\/ -->\n<title>Tpr Dog Toy Wholesale Fetch Dog Ring Toss Toy - Petstar<\/title>\n<meta name=\"description\" content=\"tpr dog toy manufaturer,we have over 20 years of manufacturing experience in the pet products,more than 8,000 pet accessories in various range.\" \/>\n<meta name=\"robots\" content=\"index, follow, max-snippet:-1, max-image-preview:large, max-video-preview:-1\" \/>\n<link rel=\"canonical\" href=\"https:\/\/petproducts.com.cn\/es\/producto\/tpr-dog-toy-wholesale-fetch-dog-ring-toss-toy\/\" \/>\n<meta property=\"og:locale\" content=\"es_ES\" \/>\n<meta property=\"og:type\" content=\"article\" \/>\n<meta property=\"og:title\" content=\"Tpr Dog Toy Wholesale Fetch Dog Ring Toss Toy - Petstar\" \/>\n<meta property=\"og:description\" content=\"tpr dog toy manufaturer,we have over 20 years of manufacturing experience in the pet products,more than 8,000 pet accessories in various range.\" \/>\n<meta property=\"og:url\" content=\"https:\/\/petproducts.com.cn\/es\/producto\/tpr-dog-toy-wholesale-fetch-dog-ring-toss-toy\/\" \/>\n<meta property=\"og:site_name\" content=\"Petstar\" \/>\n<meta property=\"article:modified_time\" content=\"2023-09-22T02:59:35+00:00\" \/>\n<meta property=\"og:image\" content=\"https:\/\/petproducts.com.cn\/wp-content\/uploads\/2023\/09\/YT124454-.webp\" \/>\n\t<meta property=\"og:image:width\" content=\"800\" \/>\n\t<meta property=\"og:image:height\" content=\"800\" \/>\n\t<meta property=\"og:image:type\" content=\"image\/webp\" \/>\n<meta name=\"twitter:card\" content=\"summary_large_image\" \/>\n<meta name=\"twitter:label1\" content=\"Tiempo de lectura\" \/>\n\t<meta name=\"twitter:data1\" content=\"2 minutos\" \/>\n<script type=\"application\/ld+json\" class=\"yoast-schema-graph\">{\"@context\":\"https:\/\/schema.org\",\"@graph\":[{\"@type\":\"WebPage\",\"@id\":\"https:\/\/petproducts.com.cn\/product\/tpr-dog-toy-wholesale-fetch-dog-ring-toss-toy\/\",\"url\":\"https:\/\/petproducts.com.cn\/product\/tpr-dog-toy-wholesale-fetch-dog-ring-toss-toy\/\",\"name\":\"Tpr Dog Toy Wholesale Fetch Dog Ring Toss Toy - Petstar\",\"isPartOf\":{\"@id\":\"https:\/\/petproducts.com.cn\/#website\"},\"primaryImageOfPage\":{\"@id\":\"https:\/\/petproducts.com.cn\/product\/tpr-dog-toy-wholesale-fetch-dog-ring-toss-toy\/#primaryimage\"},\"image\":{\"@id\":\"https:\/\/petproducts.com.cn\/product\/tpr-dog-toy-wholesale-fetch-dog-ring-toss-toy\/#primaryimage\"},\"thumbnailUrl\":\"https:\/\/petproducts.com.cn\/wp-content\/uploads\/2023\/09\/YT124454-.webp\",\"datePublished\":\"2023-09-07T09:10:26+00:00\",\"dateModified\":\"2023-09-22T02:59:35+00:00\",\"description\":\"tpr dog toy manufaturer,we have over 20 years of manufacturing experience in the pet products,more than 8,000 pet accessories in various range.\",\"breadcrumb\":{\"@id\":\"https:\/\/petproducts.com.cn\/product\/tpr-dog-toy-wholesale-fetch-dog-ring-toss-toy\/#breadcrumb\"},\"inLanguage\":\"es\",\"potentialAction\":[{\"@type\":\"ReadAction\",\"target\":[\"https:\/\/petproducts.com.cn\/product\/tpr-dog-toy-wholesale-fetch-dog-ring-toss-toy\/\"]}]},{\"@type\":\"ImageObject\",\"inLanguage\":\"es\",\"@id\":\"https:\/\/petproducts.com.cn\/product\/tpr-dog-toy-wholesale-fetch-dog-ring-toss-toy\/#primaryimage\",\"url\":\"https:\/\/petproducts.com.cn\/wp-content\/uploads\/2023\/09\/YT124454-.webp\",\"contentUrl\":\"https:\/\/petproducts.com.cn\/wp-content\/uploads\/2023\/09\/YT124454-.webp\",\"width\":800,\"height\":800,\"caption\":\"tpr dog toy\"},{\"@type\":\"BreadcrumbList\",\"@id\":\"https:\/\/petproducts.com.cn\/product\/tpr-dog-toy-wholesale-fetch-dog-ring-toss-toy\/#breadcrumb\",\"itemListElement\":[{\"@type\":\"ListItem\",\"position\":1,\"name\":\"HOME\",\"item\":\"https:\/\/petproducts.com.cn\/\"},{\"@type\":\"ListItem\",\"position\":2,\"name\":\"Products\",\"item\":\"https:\/\/petproducts.com.cn\/shop\/\"},{\"@type\":\"ListItem\",\"position\":3,\"name\":\"Dog Toys\",\"item\":\"https:\/\/petproducts.com.cn\/product-category\/dog-toys\/\"},{\"@type\":\"ListItem\",\"position\":4,\"name\":\"Tpr Dog Toy Wholesale Fetch Dog Ring Toss Toy\"}]},{\"@type\":\"WebSite\",\"@id\":\"https:\/\/petproducts.com.cn\/#website\",\"url\":\"https:\/\/petproducts.com.cn\/\",\"name\":\"Petstar\",\"description\":\"Leading Pet Supplies Manufacturer &amp; OEM Pet Products Supplier\",\"publisher\":{\"@id\":\"https:\/\/petproducts.com.cn\/#organization\"},\"alternateName\":\"Petstar Pet Supplies\",\"potentialAction\":[{\"@type\":\"SearchAction\",\"target\":{\"@type\":\"EntryPoint\",\"urlTemplate\":\"https:\/\/petproducts.com.cn\/?s={search_term_string}\"},\"query-input\":{\"@type\":\"PropertyValueSpecification\",\"valueRequired\":true,\"valueName\":\"search_term_string\"}}],\"inLanguage\":\"es\"},{\"@type\":\"Organization\",\"@id\":\"https:\/\/petproducts.com.cn\/#organization\",\"name\":\"Petstar\",\"url\":\"https:\/\/petproducts.com.cn\/\",\"logo\":{\"@type\":\"ImageObject\",\"inLanguage\":\"es\",\"@id\":\"https:\/\/petproducts.com.cn\/#\/schema\/logo\/image\/\",\"url\":\"https:\/\/petproducts.com.cn\/wp-content\/uploads\/2020\/02\/petstar-logo.webp\",\"contentUrl\":\"https:\/\/petproducts.com.cn\/wp-content\/uploads\/2020\/02\/petstar-logo.webp\",\"width\":779,\"height\":520,\"caption\":\"Petstar\"},\"image\":{\"@id\":\"https:\/\/petproducts.com.cn\/#\/schema\/logo\/image\/\"}}]}<\/script>\n<!-- \/ Yoast SEO plugin. -->","yoast_head_json":{"title":"Tpr Juguete para perro al por mayor Fetch Dog Ring Toss Toy - Petstar","description":"tpr perro juguete manufaturer, tenemos m\u00e1s de 20 a\u00f1os de experiencia en la fabricaci\u00f3n de productos para mascotas, m\u00e1s de 8.000 accesorios para mascotas en varios gama.","robots":{"index":"index","follow":"follow","max-snippet":"max-snippet:-1","max-image-preview":"max-image-preview:large","max-video-preview":"max-video-preview:-1"},"canonical":"https:\/\/petproducts.com.cn\/es\/producto\/tpr-dog-toy-wholesale-fetch-dog-ring-toss-toy\/","og_locale":"es_ES","og_type":"article","og_title":"Tpr Dog Toy Wholesale Fetch Dog Ring Toss Toy - Petstar","og_description":"tpr dog toy manufaturer,we have over 20 years of manufacturing experience in the pet products,more than 8,000 pet accessories in various range.","og_url":"https:\/\/petproducts.com.cn\/es\/producto\/tpr-dog-toy-wholesale-fetch-dog-ring-toss-toy\/","og_site_name":"Petstar","article_modified_time":"2023-09-22T02:59:35+00:00","og_image":[{"width":800,"height":800,"url":"https:\/\/petproducts.com.cn\/wp-content\/uploads\/2023\/09\/YT124454-.webp","type":"image\/webp"}],"twitter_card":"summary_large_image","twitter_misc":{"Tiempo de lectura":"2 minutos"},"schema":{"@context":"https:\/\/schema.org","@graph":[{"@type":"WebPage","@id":"https:\/\/petproducts.com.cn\/product\/tpr-dog-toy-wholesale-fetch-dog-ring-toss-toy\/","url":"https:\/\/petproducts.com.cn\/product\/tpr-dog-toy-wholesale-fetch-dog-ring-toss-toy\/","name":"Tpr Juguete para perro al por mayor Fetch Dog Ring Toss Toy - Petstar","isPartOf":{"@id":"https:\/\/petproducts.com.cn\/#website"},"primaryImageOfPage":{"@id":"https:\/\/petproducts.com.cn\/product\/tpr-dog-toy-wholesale-fetch-dog-ring-toss-toy\/#primaryimage"},"image":{"@id":"https:\/\/petproducts.com.cn\/product\/tpr-dog-toy-wholesale-fetch-dog-ring-toss-toy\/#primaryimage"},"thumbnailUrl":"https:\/\/petproducts.com.cn\/wp-content\/uploads\/2023\/09\/YT124454-.webp","datePublished":"2023-09-07T09:10:26+00:00","dateModified":"2023-09-22T02:59:35+00:00","description":"tpr perro juguete manufaturer, tenemos m\u00e1s de 20 a\u00f1os de experiencia en la fabricaci\u00f3n de productos para mascotas, m\u00e1s de 8.000 accesorios para mascotas en varios gama.","breadcrumb":{"@id":"https:\/\/petproducts.com.cn\/product\/tpr-dog-toy-wholesale-fetch-dog-ring-toss-toy\/#breadcrumb"},"inLanguage":"es","potentialAction":[{"@type":"ReadAction","target":["https:\/\/petproducts.com.cn\/product\/tpr-dog-toy-wholesale-fetch-dog-ring-toss-toy\/"]}]},{"@type":"ImageObject","inLanguage":"es","@id":"https:\/\/petproducts.com.cn\/product\/tpr-dog-toy-wholesale-fetch-dog-ring-toss-toy\/#primaryimage","url":"https:\/\/petproducts.com.cn\/wp-content\/uploads\/2023\/09\/YT124454-.webp","contentUrl":"https:\/\/petproducts.com.cn\/wp-content\/uploads\/2023\/09\/YT124454-.webp","width":800,"height":800,"caption":"tpr dog toy"},{"@type":"BreadcrumbList","@id":"https:\/\/petproducts.com.cn\/product\/tpr-dog-toy-wholesale-fetch-dog-ring-toss-toy\/#breadcrumb","itemListElement":[{"@type":"ListItem","position":1,"name":"HOME","item":"https:\/\/petproducts.com.cn\/"},{"@type":"ListItem","position":2,"name":"Products","item":"https:\/\/petproducts.com.cn\/shop\/"},{"@type":"ListItem","position":3,"name":"Dog Toys","item":"https:\/\/petproducts.com.cn\/product-category\/dog-toys\/"},{"@type":"ListItem","position":4,"name":"Tpr Dog Toy Wholesale Fetch Dog Ring Toss Toy"}]},{"@type":"WebSite","@id":"https:\/\/petproducts.com.cn\/#website","url":"https:\/\/petproducts.com.cn\/","name":"Petstar","description":"Fabricante l\u00edder de art\u00edculos para mascotas y proveedor OEM de productos para mascotas","publisher":{"@id":"https:\/\/petproducts.com.cn\/#organization"},"alternateName":"Petstar Pet Supplies","potentialAction":[{"@type":"SearchAction","target":{"@type":"EntryPoint","urlTemplate":"https:\/\/petproducts.com.cn\/?s={search_term_string}"},"query-input":{"@type":"PropertyValueSpecification","valueRequired":true,"valueName":"search_term_string"}}],"inLanguage":"es"},{"@type":"Organization","@id":"https:\/\/petproducts.com.cn\/#organization","name":"Petstar","url":"https:\/\/petproducts.com.cn\/","logo":{"@type":"ImageObject","inLanguage":"es","@id":"https:\/\/petproducts.com.cn\/#\/schema\/logo\/image\/","url":"https:\/\/petproducts.com.cn\/wp-content\/uploads\/2020\/02\/petstar-logo.webp","contentUrl":"https:\/\/petproducts.com.cn\/wp-content\/uploads\/2020\/02\/petstar-logo.webp","width":779,"height":520,"caption":"Petstar"},"image":{"@id":"https:\/\/petproducts.com.cn\/#\/schema\/logo\/image\/"}}]}},"_links":{"self":[{"href":"https:\/\/petproducts.com.cn\/es\/wp-json\/wp\/v2\/product\/8251","targetHints":{"allow":["GET"]}}],"collection":[{"href":"https:\/\/petproducts.com.cn\/es\/wp-json\/wp\/v2\/product"}],"about":[{"href":"https:\/\/petproducts.com.cn\/es\/wp-json\/wp\/v2\/types\/product"}],"version-history":[{"count":3,"href":"https:\/\/petproducts.com.cn\/es\/wp-json\/wp\/v2\/product\/8251\/revisions"}],"predecessor-version":[{"id":11781,"href":"https:\/\/petproducts.com.cn\/es\/wp-json\/wp\/v2\/product\/8251\/revisions\/11781"}],"wp:featuredmedia":[{"embeddable":true,"href":"https:\/\/petproducts.com.cn\/es\/wp-json\/wp\/v2\/media\/8252"}],"wp:attachment":[{"href":"https:\/\/petproducts.com.cn\/es\/wp-json\/wp\/v2\/media?parent=8251"}],"wp:term":[{"taxonomy":"product_brand","embeddable":true,"href":"https:\/\/petproducts.com.cn\/es\/wp-json\/wp\/v2\/product_brand?post=8251"},{"taxonomy":"product_cat","embeddable":true,"href":"https:\/\/petproducts.com.cn\/es\/wp-json\/wp\/v2\/product_cat?post=8251"},{"taxonomy":"product_tag","embeddable":true,"href":"https:\/\/petproducts.com.cn\/es\/wp-json\/wp\/v2\/product_tag?post=8251"}],"curies":[{"name":"wp","href":"https:\/\/api.w.org\/{rel}","templated":true}]}}