{"id":8403,"date":"2023-09-08T06:57:54","date_gmt":"2023-09-08T06:57:54","guid":{"rendered":"https:\/\/petproducts.com.cn\/?post_type=product&#038;p=8403"},"modified":"2024-10-30T06:15:08","modified_gmt":"2024-10-30T06:15:08","slug":"halloween-dog-sweater-manufacturer-designer-dog-clothes","status":"publish","type":"product","link":"https:\/\/petproducts.com.cn\/es\/product\/halloween-dog-sweater-manufacturer-designer-dog-clothes\/","title":{"rendered":"Su\u00e9ter para perros de Halloween Ropa para perros de dise\u00f1ador"},"content":{"rendered":"<h2><strong>Caracter\u00edsticas del jersey de Halloween para perros<\/strong><\/h2>\n<ol>\n<li><strong>Calidez y estilo:<\/strong> Este jersey de Halloween para perro combina calidez y estilo, por lo que es una opci\u00f3n ideal para los due\u00f1os de mascotas durante la fr\u00eda estaci\u00f3n. Est\u00e1 dise\u00f1ado para que tu peludo amigo destaque durante las fiestas de Halloween.<\/li>\n<li><strong>Prendas de punto de alta calidad:<\/strong> Nuestra bonita ropa para perros est\u00e1 tejida con maestr\u00eda, lo que proporciona una calidez y un confort \u00f3ptimos. El dise\u00f1o de cuello alto ofrece protecci\u00f3n adicional a tu mascota, por lo que es una opci\u00f3n acogedora para los meses m\u00e1s fr\u00edos.<\/li>\n<li><strong>Tallas vers\u00e1tiles:<\/strong> Con varias tallas disponibles, esta ropa de dise\u00f1o para perros se adapta a diferentes razas y tama\u00f1os, garantizando un ajuste c\u00f3modo y elegante para todos los perros.<\/li>\n<li><strong>Perfecto para los negocios:<\/strong> Si es usted mayorista, minorista o tiene un comercio electr\u00f3nico especializado en ropa de invierno para perros, nuestro jersey para mascotas es un valioso complemento para su inventario. Su dise\u00f1o llamativo y su calidad superior satisfacen a los clientes que buscan moda y funcionalidad.<\/li>\n<li><strong>As\u00f3ciese con nosotros:<\/strong> No pierda la oportunidad de ofrecer a sus clientes lo mejor en productos para mascotas. Para explorar una asociaci\u00f3n con Petstar y recibir nuestro cat\u00e1logo al por mayor y detalles de precios, por favor p\u00f3ngase en contacto con nosotros.Esperamos con inter\u00e9s la perspectiva de trabajar juntos y lograr el \u00e9xito mutuo.<\/li>\n<\/ol>\n<p>En resumen, nuestro jersey de Halloween para perros es la mezcla definitiva de calidez, estilo y festividad. Ya sea para surtir su tienda o para mimar a su mascota, esta prenda para perros de alta calidad es ideal. Eleve el vestuario de su mascota y ofrezca complementos con estilo a sus clientes. Haga su pedido ahora y deje que sus perros celebren Halloween con un atuendo acogedor y a la moda.<\/p>","protected":false},"excerpt":{"rendered":"<p>Somos fabricantes de su\u00e9teres de Halloween para perros con m\u00e1s de 20 a\u00f1os de experiencia. Ofrecemos opciones de personalizaci\u00f3n para el color, tama\u00f1o, tela, patr\u00f3n, logotipo, y otras caracter\u00edsticas.<\/p>","protected":false},"featured_media":14528,"template":"","meta":{"_acf_changed":false},"product_brand":[],"product_cat":[49,72],"product_tag":[217,262],"class_list":{"0":"post-8403","1":"product","2":"type-product","3":"status-publish","4":"has-post-thumbnail","6":"product_cat-dog-apparel-accessories","7":"product_cat-dog-supplies","8":"product_tag-pet-clothes","9":"product_tag-pet-sweaters","11":"first","12":"instock","13":"shipping-taxable","14":"product-type-simple"},"acf":[],"yoast_head":"<!-- This site is optimized with the Yoast SEO plugin v27.1.1 - https:\/\/yoast.com\/product\/yoast-seo-wordpress\/ -->\n<title>Halloween Dog Sweater Designer Dog Clothes - Petstar<\/title>\n<meta name=\"description\" content=\"Explore Petstar Halloween Dog Sweater - Mass Production, Customization, and Design Options Available. We are a leading global one-stop dog clothes supplier.\" \/>\n<meta name=\"robots\" content=\"index, follow, max-snippet:-1, max-image-preview:large, max-video-preview:-1\" \/>\n<link rel=\"canonical\" href=\"https:\/\/petproducts.com.cn\/es\/producto\/halloween-dog-sweater-manufacturer-designer-dog-clothes\/\" \/>\n<meta property=\"og:locale\" content=\"es_ES\" \/>\n<meta property=\"og:type\" content=\"article\" \/>\n<meta property=\"og:title\" content=\"Halloween Dog Sweater Designer Dog Clothes - Petstar\" \/>\n<meta property=\"og:description\" content=\"Explore Petstar Halloween Dog Sweater - Mass Production, Customization, and Design Options Available. We are a leading global one-stop dog clothes supplier.\" \/>\n<meta property=\"og:url\" content=\"https:\/\/petproducts.com.cn\/es\/producto\/halloween-dog-sweater-manufacturer-designer-dog-clothes\/\" \/>\n<meta property=\"og:site_name\" content=\"Petstar\" \/>\n<meta property=\"article:modified_time\" content=\"2024-10-30T06:15:08+00:00\" \/>\n<meta property=\"og:image\" content=\"https:\/\/petproducts.com.cn\/wp-content\/uploads\/2023\/09\/halloween-dog-sweater.webp\" \/>\n\t<meta property=\"og:image:width\" content=\"1000\" \/>\n\t<meta property=\"og:image:height\" content=\"1000\" \/>\n\t<meta property=\"og:image:type\" content=\"image\/webp\" \/>\n<meta name=\"twitter:card\" content=\"summary_large_image\" \/>\n<meta name=\"twitter:label1\" content=\"Tiempo de lectura\" \/>\n\t<meta name=\"twitter:data1\" content=\"2 minutos\" \/>\n<script type=\"application\/ld+json\" class=\"yoast-schema-graph\">{\"@context\":\"https:\/\/schema.org\",\"@graph\":[{\"@type\":\"WebPage\",\"@id\":\"https:\/\/petproducts.com.cn\/product\/halloween-dog-sweater-manufacturer-designer-dog-clothes\/\",\"url\":\"https:\/\/petproducts.com.cn\/product\/halloween-dog-sweater-manufacturer-designer-dog-clothes\/\",\"name\":\"Halloween Dog Sweater Designer Dog Clothes - Petstar\",\"isPartOf\":{\"@id\":\"https:\/\/petproducts.com.cn\/#website\"},\"primaryImageOfPage\":{\"@id\":\"https:\/\/petproducts.com.cn\/product\/halloween-dog-sweater-manufacturer-designer-dog-clothes\/#primaryimage\"},\"image\":{\"@id\":\"https:\/\/petproducts.com.cn\/product\/halloween-dog-sweater-manufacturer-designer-dog-clothes\/#primaryimage\"},\"thumbnailUrl\":\"https:\/\/petproducts.com.cn\/wp-content\/uploads\/2023\/09\/halloween-dog-sweater.webp\",\"datePublished\":\"2023-09-08T06:57:54+00:00\",\"dateModified\":\"2024-10-30T06:15:08+00:00\",\"description\":\"Explore Petstar Halloween Dog Sweater - Mass Production, Customization, and Design Options Available. We are a leading global one-stop dog clothes supplier.\",\"breadcrumb\":{\"@id\":\"https:\/\/petproducts.com.cn\/product\/halloween-dog-sweater-manufacturer-designer-dog-clothes\/#breadcrumb\"},\"inLanguage\":\"es\",\"potentialAction\":[{\"@type\":\"ReadAction\",\"target\":[\"https:\/\/petproducts.com.cn\/product\/halloween-dog-sweater-manufacturer-designer-dog-clothes\/\"]}]},{\"@type\":\"ImageObject\",\"inLanguage\":\"es\",\"@id\":\"https:\/\/petproducts.com.cn\/product\/halloween-dog-sweater-manufacturer-designer-dog-clothes\/#primaryimage\",\"url\":\"https:\/\/petproducts.com.cn\/wp-content\/uploads\/2023\/09\/halloween-dog-sweater.webp\",\"contentUrl\":\"https:\/\/petproducts.com.cn\/wp-content\/uploads\/2023\/09\/halloween-dog-sweater.webp\",\"width\":1000,\"height\":1000,\"caption\":\"Halloween Dog Sweater\"},{\"@type\":\"BreadcrumbList\",\"@id\":\"https:\/\/petproducts.com.cn\/product\/halloween-dog-sweater-manufacturer-designer-dog-clothes\/#breadcrumb\",\"itemListElement\":[{\"@type\":\"ListItem\",\"position\":1,\"name\":\"HOME\",\"item\":\"https:\/\/petproducts.com.cn\/\"},{\"@type\":\"ListItem\",\"position\":2,\"name\":\"Products\",\"item\":\"https:\/\/petproducts.com.cn\/shop\/\"},{\"@type\":\"ListItem\",\"position\":3,\"name\":\"Dog Apparel &amp; Accessories\",\"item\":\"https:\/\/petproducts.com.cn\/product-category\/dog-apparel-accessories\/\"},{\"@type\":\"ListItem\",\"position\":4,\"name\":\"Halloween Dog Sweater Designer Dog Clothes\"}]},{\"@type\":\"WebSite\",\"@id\":\"https:\/\/petproducts.com.cn\/#website\",\"url\":\"https:\/\/petproducts.com.cn\/\",\"name\":\"Petstar\",\"description\":\"Leading Pet Supplies Manufacturer &amp; OEM Pet Products Supplier\",\"publisher\":{\"@id\":\"https:\/\/petproducts.com.cn\/#organization\"},\"alternateName\":\"Petstar Pet Supplies\",\"potentialAction\":[{\"@type\":\"SearchAction\",\"target\":{\"@type\":\"EntryPoint\",\"urlTemplate\":\"https:\/\/petproducts.com.cn\/?s={search_term_string}\"},\"query-input\":{\"@type\":\"PropertyValueSpecification\",\"valueRequired\":true,\"valueName\":\"search_term_string\"}}],\"inLanguage\":\"es\"},{\"@type\":\"Organization\",\"@id\":\"https:\/\/petproducts.com.cn\/#organization\",\"name\":\"Petstar\",\"url\":\"https:\/\/petproducts.com.cn\/\",\"logo\":{\"@type\":\"ImageObject\",\"inLanguage\":\"es\",\"@id\":\"https:\/\/petproducts.com.cn\/#\/schema\/logo\/image\/\",\"url\":\"https:\/\/petproducts.com.cn\/wp-content\/uploads\/2020\/02\/petstar-logo.webp\",\"contentUrl\":\"https:\/\/petproducts.com.cn\/wp-content\/uploads\/2020\/02\/petstar-logo.webp\",\"width\":779,\"height\":520,\"caption\":\"Petstar\"},\"image\":{\"@id\":\"https:\/\/petproducts.com.cn\/#\/schema\/logo\/image\/\"}}]}<\/script>\n<!-- \/ Yoast SEO plugin. -->","yoast_head_json":{"title":"Su\u00e9ter de perro de Halloween Ropa de perro de dise\u00f1o - Petstar","description":"Explore Petstar Su\u00e9ter de Halloween para perros - Producci\u00f3n en masa, personalizaci\u00f3n y opciones de dise\u00f1o disponibles. Somos un proveedor l\u00edder mundial de ropa para perros.","robots":{"index":"index","follow":"follow","max-snippet":"max-snippet:-1","max-image-preview":"max-image-preview:large","max-video-preview":"max-video-preview:-1"},"canonical":"https:\/\/petproducts.com.cn\/es\/producto\/halloween-dog-sweater-manufacturer-designer-dog-clothes\/","og_locale":"es_ES","og_type":"article","og_title":"Halloween Dog Sweater Designer Dog Clothes - Petstar","og_description":"Explore Petstar Halloween Dog Sweater - Mass Production, Customization, and Design Options Available. We are a leading global one-stop dog clothes supplier.","og_url":"https:\/\/petproducts.com.cn\/es\/producto\/halloween-dog-sweater-manufacturer-designer-dog-clothes\/","og_site_name":"Petstar","article_modified_time":"2024-10-30T06:15:08+00:00","og_image":[{"width":1000,"height":1000,"url":"https:\/\/petproducts.com.cn\/wp-content\/uploads\/2023\/09\/halloween-dog-sweater.webp","type":"image\/webp"}],"twitter_card":"summary_large_image","twitter_misc":{"Tiempo de lectura":"2 minutos"},"schema":{"@context":"https:\/\/schema.org","@graph":[{"@type":"WebPage","@id":"https:\/\/petproducts.com.cn\/product\/halloween-dog-sweater-manufacturer-designer-dog-clothes\/","url":"https:\/\/petproducts.com.cn\/product\/halloween-dog-sweater-manufacturer-designer-dog-clothes\/","name":"Su\u00e9ter de perro de Halloween Ropa de perro de dise\u00f1o - Petstar","isPartOf":{"@id":"https:\/\/petproducts.com.cn\/#website"},"primaryImageOfPage":{"@id":"https:\/\/petproducts.com.cn\/product\/halloween-dog-sweater-manufacturer-designer-dog-clothes\/#primaryimage"},"image":{"@id":"https:\/\/petproducts.com.cn\/product\/halloween-dog-sweater-manufacturer-designer-dog-clothes\/#primaryimage"},"thumbnailUrl":"https:\/\/petproducts.com.cn\/wp-content\/uploads\/2023\/09\/halloween-dog-sweater.webp","datePublished":"2023-09-08T06:57:54+00:00","dateModified":"2024-10-30T06:15:08+00:00","description":"Explore Petstar Su\u00e9ter de Halloween para perros - Producci\u00f3n en masa, personalizaci\u00f3n y opciones de dise\u00f1o disponibles. Somos un proveedor l\u00edder mundial de ropa para perros.","breadcrumb":{"@id":"https:\/\/petproducts.com.cn\/product\/halloween-dog-sweater-manufacturer-designer-dog-clothes\/#breadcrumb"},"inLanguage":"es","potentialAction":[{"@type":"ReadAction","target":["https:\/\/petproducts.com.cn\/product\/halloween-dog-sweater-manufacturer-designer-dog-clothes\/"]}]},{"@type":"ImageObject","inLanguage":"es","@id":"https:\/\/petproducts.com.cn\/product\/halloween-dog-sweater-manufacturer-designer-dog-clothes\/#primaryimage","url":"https:\/\/petproducts.com.cn\/wp-content\/uploads\/2023\/09\/halloween-dog-sweater.webp","contentUrl":"https:\/\/petproducts.com.cn\/wp-content\/uploads\/2023\/09\/halloween-dog-sweater.webp","width":1000,"height":1000,"caption":"Halloween Dog Sweater"},{"@type":"BreadcrumbList","@id":"https:\/\/petproducts.com.cn\/product\/halloween-dog-sweater-manufacturer-designer-dog-clothes\/#breadcrumb","itemListElement":[{"@type":"ListItem","position":1,"name":"HOME","item":"https:\/\/petproducts.com.cn\/"},{"@type":"ListItem","position":2,"name":"Products","item":"https:\/\/petproducts.com.cn\/shop\/"},{"@type":"ListItem","position":3,"name":"Dog Apparel &amp; Accessories","item":"https:\/\/petproducts.com.cn\/product-category\/dog-apparel-accessories\/"},{"@type":"ListItem","position":4,"name":"Halloween Dog Sweater Designer Dog Clothes"}]},{"@type":"WebSite","@id":"https:\/\/petproducts.com.cn\/#website","url":"https:\/\/petproducts.com.cn\/","name":"Petstar","description":"Fabricante l\u00edder de art\u00edculos para mascotas y proveedor OEM de productos para mascotas","publisher":{"@id":"https:\/\/petproducts.com.cn\/#organization"},"alternateName":"Petstar Pet Supplies","potentialAction":[{"@type":"SearchAction","target":{"@type":"EntryPoint","urlTemplate":"https:\/\/petproducts.com.cn\/?s={search_term_string}"},"query-input":{"@type":"PropertyValueSpecification","valueRequired":true,"valueName":"search_term_string"}}],"inLanguage":"es"},{"@type":"Organization","@id":"https:\/\/petproducts.com.cn\/#organization","name":"Petstar","url":"https:\/\/petproducts.com.cn\/","logo":{"@type":"ImageObject","inLanguage":"es","@id":"https:\/\/petproducts.com.cn\/#\/schema\/logo\/image\/","url":"https:\/\/petproducts.com.cn\/wp-content\/uploads\/2020\/02\/petstar-logo.webp","contentUrl":"https:\/\/petproducts.com.cn\/wp-content\/uploads\/2020\/02\/petstar-logo.webp","width":779,"height":520,"caption":"Petstar"},"image":{"@id":"https:\/\/petproducts.com.cn\/#\/schema\/logo\/image\/"}}]}},"_links":{"self":[{"href":"https:\/\/petproducts.com.cn\/es\/wp-json\/wp\/v2\/product\/8403","targetHints":{"allow":["GET"]}}],"collection":[{"href":"https:\/\/petproducts.com.cn\/es\/wp-json\/wp\/v2\/product"}],"about":[{"href":"https:\/\/petproducts.com.cn\/es\/wp-json\/wp\/v2\/types\/product"}],"version-history":[{"count":4,"href":"https:\/\/petproducts.com.cn\/es\/wp-json\/wp\/v2\/product\/8403\/revisions"}],"predecessor-version":[{"id":14531,"href":"https:\/\/petproducts.com.cn\/es\/wp-json\/wp\/v2\/product\/8403\/revisions\/14531"}],"wp:featuredmedia":[{"embeddable":true,"href":"https:\/\/petproducts.com.cn\/es\/wp-json\/wp\/v2\/media\/14528"}],"wp:attachment":[{"href":"https:\/\/petproducts.com.cn\/es\/wp-json\/wp\/v2\/media?parent=8403"}],"wp:term":[{"taxonomy":"product_brand","embeddable":true,"href":"https:\/\/petproducts.com.cn\/es\/wp-json\/wp\/v2\/product_brand?post=8403"},{"taxonomy":"product_cat","embeddable":true,"href":"https:\/\/petproducts.com.cn\/es\/wp-json\/wp\/v2\/product_cat?post=8403"},{"taxonomy":"product_tag","embeddable":true,"href":"https:\/\/petproducts.com.cn\/es\/wp-json\/wp\/v2\/product_tag?post=8403"}],"curies":[{"name":"wp","href":"https:\/\/api.w.org\/{rel}","templated":true}]}}