{"id":8504,"date":"2023-09-08T08:23:44","date_gmt":"2023-09-08T08:23:44","guid":{"rendered":"https:\/\/petproducts.com.cn\/?post_type=product&#038;p=8504"},"modified":"2025-01-24T01:43:08","modified_gmt":"2025-01-24T01:43:08","slug":"custom-cat-teaser-toys-valentine-cat-toys-gifts","status":"publish","type":"product","link":"https:\/\/petproducts.com.cn\/es\/product\/custom-cat-teaser-toys-valentine-cat-toys-gifts\/","title":{"rendered":"Juguetes personalizados para gatos Regalos de juguetes para gatos de San Valent\u00edn"},"content":{"rendered":"<h2>Mayorista Juguetes para Gatos - Regalos perfectos para San Valent\u00edn<\/h2>\n<p>\u00bfBusca el regalo perfecto para San Valent\u00edn para gatos? No busque m\u00e1s, Petstar le ofrece Juguetes para Gatos. Dise\u00f1amos estos juguetes interactivos para cautivar a tus amigos felinos y proporcionarles horas de entretenimiento.<\/p>\n<h3>Nuestra ventaja\uff1a<\/h3>\n<p>1.Dise\u00f1os personalizables: Efectivamente, nuestros regalos de juguete para gatos pueden personalizarse para adaptarse a sus requisitos espec\u00edficos. Tanto si busca colgantes con forma de coraz\u00f3n como juguetes en colores rojo y rosa, podemos crear dise\u00f1os \u00fanicos perfectos para San Valent\u00edn. Ofrezca a sus clientes la oportunidad de mimar a sus queridos gatos con regalos personalizados que adorar\u00e1n.<\/p>\n<p>2.Juego interactivo: Los juguetes para gatos Valentine est\u00e1n dise\u00f1ados para estimular los instintos naturales de caza de su gato. Las plumas colgantes, cintas o elementos interactivos son irresistibles para los gatos, anim\u00e1ndoles a abalanzarse, perseguir y jugar. Es la forma perfecta de mantener a los gatos ocupados y entretenidos.<\/p>\n<p>3.Servicios de personalizaci\u00f3n al por mayor: Petstar ofrece servicios de personalizaci\u00f3n al por mayor para empresas como mayoristas, minoristas y plataformas de comercio electr\u00f3nico. Podemos ayudarle a crear dise\u00f1os, colores y marcas personalizados para sus juguetes Cat Teaser Toys, lo que le permitir\u00e1 destacar en el mercado y ofrecer regalos \u00fanicos a los propietarios de gatos.<\/p>\n<p>4.Seguro y duradero: Los Cat Teaser Toys est\u00e1n hechos de materiales de alta calidad que son seguros y duraderos para que los gatos jueguen. Nos aseguramos de que todos los materiales utilizados son no t\u00f3xicos y cuidadosamente seleccionados para soportar el juego riguroso. Sus clientes pueden estar tranquilos sabiendo que sus queridas mascotas est\u00e1n jugando con juguetes seguros.<\/p>\n<p>5.Fomenta el v\u00ednculo afectivo: Jugar con juguetes para gatos no s\u00f3lo entretiene a los gatos, sino que tambi\u00e9n ayuda a fortalecer el v\u00ednculo entre los gatos y sus due\u00f1os. Participar en juegos interactivos es una forma excelente de que los due\u00f1os pasen tiempo de calidad con sus compa\u00f1eros peludos, creando recuerdos duraderos y conexiones m\u00e1s profundas.<\/p>\n<p>Elija Petstar para obtener juguetes de alta calidad para gatos que ser\u00e1n perfectos regalos para San Valent\u00edn. Con nuestros servicios de personalizaci\u00f3n al por mayor, podr\u00e1 crear productos \u00fanicos que har\u00e1n las delicias tanto de los gatos como de sus due\u00f1os. \u00a1Que el amor y el juego florezcan este San Valent\u00edn!<\/p>\n<p>&nbsp;<\/p>","protected":false},"excerpt":{"rendered":"<p>Somos fabricantes de Valentine Cat Teaser Toys con m\u00e1s de 20 a\u00f1os de experiencia. Ofrecemos opciones de personalizaci\u00f3n para el color, tama\u00f1o, tela, patr\u00f3n, logotipo y otras caracter\u00edsticas.<\/p>","protected":false},"featured_media":8511,"template":"","meta":{"_acf_changed":false},"product_brand":[],"product_cat":[71,81],"product_tag":[286],"class_list":{"0":"post-8504","1":"product","2":"type-product","3":"status-publish","4":"has-post-thumbnail","6":"product_cat-cat-supplies","7":"product_cat-cat-toys","8":"product_tag-cat-teasers","10":"first","11":"instock","12":"shipping-taxable","13":"product-type-simple"},"acf":[],"yoast_head":"<!-- This site is optimized with the Yoast SEO plugin v27.1.1 - https:\/\/yoast.com\/product\/yoast-seo-wordpress\/ -->\n<title>Custom Cat Teaser Toys Valentine Cat Toys Gifts - Petstar<\/title>\n<meta name=\"description\" content=\"valentine cat teaser toys manufaturer,we have over 20 years of manufacturing experience in the pet products,more than 8,000 pet accessories in various range\" \/>\n<meta name=\"robots\" content=\"index, follow, max-snippet:-1, max-image-preview:large, max-video-preview:-1\" \/>\n<link rel=\"canonical\" href=\"https:\/\/petproducts.com.cn\/es\/producto\/custom-cat-teaser-toys-valentine-cat-toys-gifts\/\" \/>\n<meta property=\"og:locale\" content=\"es_ES\" \/>\n<meta property=\"og:type\" content=\"article\" \/>\n<meta property=\"og:title\" content=\"Custom Cat Teaser Toys Valentine Cat Toys Gifts - Petstar\" \/>\n<meta property=\"og:description\" content=\"valentine cat teaser toys manufaturer,we have over 20 years of manufacturing experience in the pet products,more than 8,000 pet accessories in various range\" \/>\n<meta property=\"og:url\" content=\"https:\/\/petproducts.com.cn\/es\/producto\/custom-cat-teaser-toys-valentine-cat-toys-gifts\/\" \/>\n<meta property=\"og:site_name\" content=\"Petstar\" \/>\n<meta property=\"article:modified_time\" content=\"2025-01-24T01:43:08+00:00\" \/>\n<meta property=\"og:image\" content=\"https:\/\/petproducts.com.cn\/wp-content\/uploads\/2023\/09\/YT202204032.webp\" \/>\n\t<meta property=\"og:image:width\" content=\"800\" \/>\n\t<meta property=\"og:image:height\" content=\"800\" \/>\n\t<meta property=\"og:image:type\" content=\"image\/webp\" \/>\n<meta name=\"twitter:card\" content=\"summary_large_image\" \/>\n<meta name=\"twitter:label1\" content=\"Tiempo de lectura\" \/>\n\t<meta name=\"twitter:data1\" content=\"2 minutos\" \/>\n<script type=\"application\/ld+json\" class=\"yoast-schema-graph\">{\"@context\":\"https:\/\/schema.org\",\"@graph\":[{\"@type\":\"WebPage\",\"@id\":\"https:\/\/petproducts.com.cn\/product\/custom-cat-teaser-toys-valentine-cat-toys-gifts\/\",\"url\":\"https:\/\/petproducts.com.cn\/product\/custom-cat-teaser-toys-valentine-cat-toys-gifts\/\",\"name\":\"Custom Cat Teaser Toys Valentine Cat Toys Gifts - Petstar\",\"isPartOf\":{\"@id\":\"https:\/\/petproducts.com.cn\/#website\"},\"primaryImageOfPage\":{\"@id\":\"https:\/\/petproducts.com.cn\/product\/custom-cat-teaser-toys-valentine-cat-toys-gifts\/#primaryimage\"},\"image\":{\"@id\":\"https:\/\/petproducts.com.cn\/product\/custom-cat-teaser-toys-valentine-cat-toys-gifts\/#primaryimage\"},\"thumbnailUrl\":\"https:\/\/petproducts.com.cn\/wp-content\/uploads\/2023\/09\/YT202204032.webp\",\"datePublished\":\"2023-09-08T08:23:44+00:00\",\"dateModified\":\"2025-01-24T01:43:08+00:00\",\"description\":\"valentine cat teaser toys manufaturer,we have over 20 years of manufacturing experience in the pet products,more than 8,000 pet accessories in various range\",\"breadcrumb\":{\"@id\":\"https:\/\/petproducts.com.cn\/product\/custom-cat-teaser-toys-valentine-cat-toys-gifts\/#breadcrumb\"},\"inLanguage\":\"es\",\"potentialAction\":[{\"@type\":\"ReadAction\",\"target\":[\"https:\/\/petproducts.com.cn\/product\/custom-cat-teaser-toys-valentine-cat-toys-gifts\/\"]}]},{\"@type\":\"ImageObject\",\"inLanguage\":\"es\",\"@id\":\"https:\/\/petproducts.com.cn\/product\/custom-cat-teaser-toys-valentine-cat-toys-gifts\/#primaryimage\",\"url\":\"https:\/\/petproducts.com.cn\/wp-content\/uploads\/2023\/09\/YT202204032.webp\",\"contentUrl\":\"https:\/\/petproducts.com.cn\/wp-content\/uploads\/2023\/09\/YT202204032.webp\",\"width\":800,\"height\":800,\"caption\":\"Cat Teaser Toys\"},{\"@type\":\"BreadcrumbList\",\"@id\":\"https:\/\/petproducts.com.cn\/product\/custom-cat-teaser-toys-valentine-cat-toys-gifts\/#breadcrumb\",\"itemListElement\":[{\"@type\":\"ListItem\",\"position\":1,\"name\":\"HOME\",\"item\":\"https:\/\/petproducts.com.cn\/\"},{\"@type\":\"ListItem\",\"position\":2,\"name\":\"Products\",\"item\":\"https:\/\/petproducts.com.cn\/shop\/\"},{\"@type\":\"ListItem\",\"position\":3,\"name\":\"Cat Supplies\",\"item\":\"https:\/\/petproducts.com.cn\/product-category\/cat-supplies\/\"},{\"@type\":\"ListItem\",\"position\":4,\"name\":\"Custom Cat Teaser Toys Valentine Cat Toys Gifts\"}]},{\"@type\":\"WebSite\",\"@id\":\"https:\/\/petproducts.com.cn\/#website\",\"url\":\"https:\/\/petproducts.com.cn\/\",\"name\":\"Petstar\",\"description\":\"Leading Pet Supplies Manufacturer &amp; OEM Pet Products Supplier\",\"publisher\":{\"@id\":\"https:\/\/petproducts.com.cn\/#organization\"},\"alternateName\":\"Petstar Pet Supplies\",\"potentialAction\":[{\"@type\":\"SearchAction\",\"target\":{\"@type\":\"EntryPoint\",\"urlTemplate\":\"https:\/\/petproducts.com.cn\/?s={search_term_string}\"},\"query-input\":{\"@type\":\"PropertyValueSpecification\",\"valueRequired\":true,\"valueName\":\"search_term_string\"}}],\"inLanguage\":\"es\"},{\"@type\":\"Organization\",\"@id\":\"https:\/\/petproducts.com.cn\/#organization\",\"name\":\"Petstar\",\"url\":\"https:\/\/petproducts.com.cn\/\",\"logo\":{\"@type\":\"ImageObject\",\"inLanguage\":\"es\",\"@id\":\"https:\/\/petproducts.com.cn\/#\/schema\/logo\/image\/\",\"url\":\"https:\/\/petproducts.com.cn\/wp-content\/uploads\/2020\/02\/petstar-logo.webp\",\"contentUrl\":\"https:\/\/petproducts.com.cn\/wp-content\/uploads\/2020\/02\/petstar-logo.webp\",\"width\":779,\"height\":520,\"caption\":\"Petstar\"},\"image\":{\"@id\":\"https:\/\/petproducts.com.cn\/#\/schema\/logo\/image\/\"}}]}<\/script>\n<!-- \/ Yoast SEO plugin. -->","yoast_head_json":{"title":"Gato de encargo Teaser Juguetes de San Valent\u00edn Gato Juguetes Regalos - Petstar","description":"valentine cat teaser toys manufaturer, tenemos m\u00e1s de 20 a\u00f1os de experiencia en la fabricaci\u00f3n de productos para mascotas, m\u00e1s de 8.000 accesorios para mascotas en varios rangos.","robots":{"index":"index","follow":"follow","max-snippet":"max-snippet:-1","max-image-preview":"max-image-preview:large","max-video-preview":"max-video-preview:-1"},"canonical":"https:\/\/petproducts.com.cn\/es\/producto\/custom-cat-teaser-toys-valentine-cat-toys-gifts\/","og_locale":"es_ES","og_type":"article","og_title":"Custom Cat Teaser Toys Valentine Cat Toys Gifts - Petstar","og_description":"valentine cat teaser toys manufaturer,we have over 20 years of manufacturing experience in the pet products,more than 8,000 pet accessories in various range","og_url":"https:\/\/petproducts.com.cn\/es\/producto\/custom-cat-teaser-toys-valentine-cat-toys-gifts\/","og_site_name":"Petstar","article_modified_time":"2025-01-24T01:43:08+00:00","og_image":[{"width":800,"height":800,"url":"https:\/\/petproducts.com.cn\/wp-content\/uploads\/2023\/09\/YT202204032.webp","type":"image\/webp"}],"twitter_card":"summary_large_image","twitter_misc":{"Tiempo de lectura":"2 minutos"},"schema":{"@context":"https:\/\/schema.org","@graph":[{"@type":"WebPage","@id":"https:\/\/petproducts.com.cn\/product\/custom-cat-teaser-toys-valentine-cat-toys-gifts\/","url":"https:\/\/petproducts.com.cn\/product\/custom-cat-teaser-toys-valentine-cat-toys-gifts\/","name":"Gato de encargo Teaser Juguetes de San Valent\u00edn Gato Juguetes Regalos - Petstar","isPartOf":{"@id":"https:\/\/petproducts.com.cn\/#website"},"primaryImageOfPage":{"@id":"https:\/\/petproducts.com.cn\/product\/custom-cat-teaser-toys-valentine-cat-toys-gifts\/#primaryimage"},"image":{"@id":"https:\/\/petproducts.com.cn\/product\/custom-cat-teaser-toys-valentine-cat-toys-gifts\/#primaryimage"},"thumbnailUrl":"https:\/\/petproducts.com.cn\/wp-content\/uploads\/2023\/09\/YT202204032.webp","datePublished":"2023-09-08T08:23:44+00:00","dateModified":"2025-01-24T01:43:08+00:00","description":"valentine cat teaser toys manufaturer, tenemos m\u00e1s de 20 a\u00f1os de experiencia en la fabricaci\u00f3n de productos para mascotas, m\u00e1s de 8.000 accesorios para mascotas en varios rangos.","breadcrumb":{"@id":"https:\/\/petproducts.com.cn\/product\/custom-cat-teaser-toys-valentine-cat-toys-gifts\/#breadcrumb"},"inLanguage":"es","potentialAction":[{"@type":"ReadAction","target":["https:\/\/petproducts.com.cn\/product\/custom-cat-teaser-toys-valentine-cat-toys-gifts\/"]}]},{"@type":"ImageObject","inLanguage":"es","@id":"https:\/\/petproducts.com.cn\/product\/custom-cat-teaser-toys-valentine-cat-toys-gifts\/#primaryimage","url":"https:\/\/petproducts.com.cn\/wp-content\/uploads\/2023\/09\/YT202204032.webp","contentUrl":"https:\/\/petproducts.com.cn\/wp-content\/uploads\/2023\/09\/YT202204032.webp","width":800,"height":800,"caption":"Cat Teaser Toys"},{"@type":"BreadcrumbList","@id":"https:\/\/petproducts.com.cn\/product\/custom-cat-teaser-toys-valentine-cat-toys-gifts\/#breadcrumb","itemListElement":[{"@type":"ListItem","position":1,"name":"HOME","item":"https:\/\/petproducts.com.cn\/"},{"@type":"ListItem","position":2,"name":"Products","item":"https:\/\/petproducts.com.cn\/shop\/"},{"@type":"ListItem","position":3,"name":"Cat Supplies","item":"https:\/\/petproducts.com.cn\/product-category\/cat-supplies\/"},{"@type":"ListItem","position":4,"name":"Custom Cat Teaser Toys Valentine Cat Toys Gifts"}]},{"@type":"WebSite","@id":"https:\/\/petproducts.com.cn\/#website","url":"https:\/\/petproducts.com.cn\/","name":"Petstar","description":"Fabricante l\u00edder de art\u00edculos para mascotas y proveedor OEM de productos para mascotas","publisher":{"@id":"https:\/\/petproducts.com.cn\/#organization"},"alternateName":"Petstar Pet Supplies","potentialAction":[{"@type":"SearchAction","target":{"@type":"EntryPoint","urlTemplate":"https:\/\/petproducts.com.cn\/?s={search_term_string}"},"query-input":{"@type":"PropertyValueSpecification","valueRequired":true,"valueName":"search_term_string"}}],"inLanguage":"es"},{"@type":"Organization","@id":"https:\/\/petproducts.com.cn\/#organization","name":"Petstar","url":"https:\/\/petproducts.com.cn\/","logo":{"@type":"ImageObject","inLanguage":"es","@id":"https:\/\/petproducts.com.cn\/#\/schema\/logo\/image\/","url":"https:\/\/petproducts.com.cn\/wp-content\/uploads\/2020\/02\/petstar-logo.webp","contentUrl":"https:\/\/petproducts.com.cn\/wp-content\/uploads\/2020\/02\/petstar-logo.webp","width":779,"height":520,"caption":"Petstar"},"image":{"@id":"https:\/\/petproducts.com.cn\/#\/schema\/logo\/image\/"}}]}},"_links":{"self":[{"href":"https:\/\/petproducts.com.cn\/es\/wp-json\/wp\/v2\/product\/8504","targetHints":{"allow":["GET"]}}],"collection":[{"href":"https:\/\/petproducts.com.cn\/es\/wp-json\/wp\/v2\/product"}],"about":[{"href":"https:\/\/petproducts.com.cn\/es\/wp-json\/wp\/v2\/types\/product"}],"version-history":[{"count":5,"href":"https:\/\/petproducts.com.cn\/es\/wp-json\/wp\/v2\/product\/8504\/revisions"}],"predecessor-version":[{"id":11806,"href":"https:\/\/petproducts.com.cn\/es\/wp-json\/wp\/v2\/product\/8504\/revisions\/11806"}],"wp:featuredmedia":[{"embeddable":true,"href":"https:\/\/petproducts.com.cn\/es\/wp-json\/wp\/v2\/media\/8511"}],"wp:attachment":[{"href":"https:\/\/petproducts.com.cn\/es\/wp-json\/wp\/v2\/media?parent=8504"}],"wp:term":[{"taxonomy":"product_brand","embeddable":true,"href":"https:\/\/petproducts.com.cn\/es\/wp-json\/wp\/v2\/product_brand?post=8504"},{"taxonomy":"product_cat","embeddable":true,"href":"https:\/\/petproducts.com.cn\/es\/wp-json\/wp\/v2\/product_cat?post=8504"},{"taxonomy":"product_tag","embeddable":true,"href":"https:\/\/petproducts.com.cn\/es\/wp-json\/wp\/v2\/product_tag?post=8504"}],"curies":[{"name":"wp","href":"https:\/\/api.w.org\/{rel}","templated":true}]}}