{"id":8881,"date":"2023-09-11T07:01:58","date_gmt":"2023-09-11T07:01:58","guid":{"rendered":"https:\/\/petproducts.com.cn\/?post_type=product&#038;p=8881"},"modified":"2024-10-31T08:55:58","modified_gmt":"2024-10-31T08:55:58","slug":"funny-dog-coats-fancy-dog-costume-apparel-wholesale","status":"publish","type":"product","link":"https:\/\/petproducts.com.cn\/es\/product\/funny-dog-coats-fancy-dog-costume-apparel-wholesale\/","title":{"rendered":"Divertidos abrigos para perros al por mayor Ropa de disfraces de fantas\u00eda para perros"},"content":{"rendered":"<h2><strong>Caracter\u00edsticas de los abrigos divertidos para perros<\/strong><\/h2>\n<ol>\n<li><strong>S\u00e9 el alma de la fiesta:<\/strong> Nuestros graciosos abrigos para perros presentan un caprichoso dise\u00f1o en forma de abeja que es perfecto para las fiestas navide\u00f1as, fiestas y ocasiones especiales. El vibrante color amarillo a\u00f1ade un toque alegre al atuendo de tu perro.<\/li>\n<li><strong>A la medida de la diversi\u00f3n:<\/strong> Estos disfraces para perros se han confeccionado pensando en la comodidad de su mascota. Proporcionan un ajuste ce\u00f1ido sin restringir el movimiento, lo que permite a su perro unirse a la diversi\u00f3n sin ninguna molestia.<\/li>\n<li><strong>Elegante y juguet\u00f3n:<\/strong> Ropa para perros lo suficientemente elegante como para que su mascota sea el centro de atenci\u00f3n. El conjunto inspirado en las abejas a\u00f1ade un toque juguet\u00f3n al vestuario de tu perro, convirti\u00e9ndolo en la estrella de cualquier evento.<\/li>\n<li><strong>Ideal para empresas:<\/strong> Si es mayorista, minorista o dirige un comercio electr\u00f3nico especializado en productos para mascotas, nuestros Divertidos abrigos para perros son un complemento imprescindible en su inventario. Estos conjuntos extravagantes y llamativos atraer\u00e1n a los clientes que buscan diversi\u00f3n y calidad.<\/li>\n<\/ol>\n<p>En conclusi\u00f3n, nuestra colecci\u00f3n Funny Dog Clothes ofrece una mezcla \u00fanica de estilo y practicidad, asegurando que sus mascotas sean la comidilla de la ciudad. Adem\u00e1s, eleve el vestuario de su mascota y ofrezca creaciones personalizadas para sus clientes. \u00bfA qu\u00e9 espera? Haga su pedido ahora y deje que sus perros disfruten de la comodidad y la moda de nuestra exquisita ropa.<\/p>","protected":false},"excerpt":{"rendered":"<p>Somos fabricantes de divertidos abrigos para perros con m\u00e1s de 20 a\u00f1os de experiencia. Ofrecemos opciones de personalizaci\u00f3n de color, tama\u00f1o, tela, patr\u00f3n, logotipo y otras caracter\u00edsticas.<\/p>","protected":false},"featured_media":8904,"template":"","meta":{"_acf_changed":false},"product_brand":[],"product_cat":[49,72],"product_tag":[217,267],"class_list":{"0":"post-8881","1":"product","2":"type-product","3":"status-publish","4":"has-post-thumbnail","6":"product_cat-dog-apparel-accessories","7":"product_cat-dog-supplies","8":"product_tag-pet-clothes","9":"product_tag-pet-costumes","11":"first","12":"instock","13":"shipping-taxable","14":"product-type-simple"},"acf":[],"yoast_head":"<!-- This site is optimized with the Yoast SEO plugin v27.1.1 - https:\/\/yoast.com\/product\/yoast-seo-wordpress\/ -->\n<title>Funny Dog Coats Wholesale Fancy Dog Costume Apparel - Petstar<\/title>\n<meta name=\"description\" content=\"Explore Petstar Funny Dog Coats - Mass Production, Customization, and Design Options Available. We are a leading global one-stop dog clothes supplier.\" \/>\n<meta name=\"robots\" content=\"index, follow, max-snippet:-1, max-image-preview:large, max-video-preview:-1\" \/>\n<link rel=\"canonical\" href=\"https:\/\/petproducts.com.cn\/es\/producto\/funny-dog-coats-fancy-dog-costume-apparel-wholesale\/\" \/>\n<meta property=\"og:locale\" content=\"es_ES\" \/>\n<meta property=\"og:type\" content=\"article\" \/>\n<meta property=\"og:title\" content=\"Funny Dog Coats Wholesale Fancy Dog Costume Apparel - Petstar\" \/>\n<meta property=\"og:description\" content=\"Explore Petstar Funny Dog Coats - Mass Production, Customization, and Design Options Available. We are a leading global one-stop dog clothes supplier.\" \/>\n<meta property=\"og:url\" content=\"https:\/\/petproducts.com.cn\/es\/producto\/funny-dog-coats-fancy-dog-costume-apparel-wholesale\/\" \/>\n<meta property=\"og:site_name\" content=\"Petstar\" \/>\n<meta property=\"article:modified_time\" content=\"2024-10-31T08:55:58+00:00\" \/>\n<meta property=\"og:image\" content=\"https:\/\/petproducts.com.cn\/wp-content\/uploads\/2023\/09\/DSC2097\u526f\u672c_webp.webp\" \/>\n\t<meta property=\"og:image:width\" content=\"1000\" \/>\n\t<meta property=\"og:image:height\" content=\"1000\" \/>\n\t<meta property=\"og:image:type\" content=\"image\/webp\" \/>\n<meta name=\"twitter:card\" content=\"summary_large_image\" \/>\n<meta name=\"twitter:label1\" content=\"Tiempo de lectura\" \/>\n\t<meta name=\"twitter:data1\" content=\"1 minuto\" \/>\n<script type=\"application\/ld+json\" class=\"yoast-schema-graph\">{\"@context\":\"https:\/\/schema.org\",\"@graph\":[{\"@type\":\"WebPage\",\"@id\":\"https:\/\/petproducts.com.cn\/product\/funny-dog-coats-fancy-dog-costume-apparel-wholesale\/\",\"url\":\"https:\/\/petproducts.com.cn\/product\/funny-dog-coats-fancy-dog-costume-apparel-wholesale\/\",\"name\":\"Funny Dog Coats Wholesale Fancy Dog Costume Apparel - Petstar\",\"isPartOf\":{\"@id\":\"https:\/\/petproducts.com.cn\/#website\"},\"primaryImageOfPage\":{\"@id\":\"https:\/\/petproducts.com.cn\/product\/funny-dog-coats-fancy-dog-costume-apparel-wholesale\/#primaryimage\"},\"image\":{\"@id\":\"https:\/\/petproducts.com.cn\/product\/funny-dog-coats-fancy-dog-costume-apparel-wholesale\/#primaryimage\"},\"thumbnailUrl\":\"https:\/\/petproducts.com.cn\/wp-content\/uploads\/2023\/09\/DSC2097\u526f\u672c_webp.webp\",\"datePublished\":\"2023-09-11T07:01:58+00:00\",\"dateModified\":\"2024-10-31T08:55:58+00:00\",\"description\":\"Explore Petstar Funny Dog Coats - Mass Production, Customization, and Design Options Available. We are a leading global one-stop dog clothes supplier.\",\"breadcrumb\":{\"@id\":\"https:\/\/petproducts.com.cn\/product\/funny-dog-coats-fancy-dog-costume-apparel-wholesale\/#breadcrumb\"},\"inLanguage\":\"es\",\"potentialAction\":[{\"@type\":\"ReadAction\",\"target\":[\"https:\/\/petproducts.com.cn\/product\/funny-dog-coats-fancy-dog-costume-apparel-wholesale\/\"]}]},{\"@type\":\"ImageObject\",\"inLanguage\":\"es\",\"@id\":\"https:\/\/petproducts.com.cn\/product\/funny-dog-coats-fancy-dog-costume-apparel-wholesale\/#primaryimage\",\"url\":\"https:\/\/petproducts.com.cn\/wp-content\/uploads\/2023\/09\/DSC2097\u526f\u672c_webp.webp\",\"contentUrl\":\"https:\/\/petproducts.com.cn\/wp-content\/uploads\/2023\/09\/DSC2097\u526f\u672c_webp.webp\",\"width\":1000,\"height\":1000,\"caption\":\"funny dog coats\"},{\"@type\":\"BreadcrumbList\",\"@id\":\"https:\/\/petproducts.com.cn\/product\/funny-dog-coats-fancy-dog-costume-apparel-wholesale\/#breadcrumb\",\"itemListElement\":[{\"@type\":\"ListItem\",\"position\":1,\"name\":\"HOME\",\"item\":\"https:\/\/petproducts.com.cn\/\"},{\"@type\":\"ListItem\",\"position\":2,\"name\":\"Products\",\"item\":\"https:\/\/petproducts.com.cn\/shop\/\"},{\"@type\":\"ListItem\",\"position\":3,\"name\":\"Dog Apparel &amp; Accessories\",\"item\":\"https:\/\/petproducts.com.cn\/product-category\/dog-apparel-accessories\/\"},{\"@type\":\"ListItem\",\"position\":4,\"name\":\"Funny Dog Coats Wholesale Fancy Dog Costume Apparel\"}]},{\"@type\":\"WebSite\",\"@id\":\"https:\/\/petproducts.com.cn\/#website\",\"url\":\"https:\/\/petproducts.com.cn\/\",\"name\":\"Petstar\",\"description\":\"Leading Pet Supplies Manufacturer &amp; OEM Pet Products Supplier\",\"publisher\":{\"@id\":\"https:\/\/petproducts.com.cn\/#organization\"},\"alternateName\":\"Petstar Pet Supplies\",\"potentialAction\":[{\"@type\":\"SearchAction\",\"target\":{\"@type\":\"EntryPoint\",\"urlTemplate\":\"https:\/\/petproducts.com.cn\/?s={search_term_string}\"},\"query-input\":{\"@type\":\"PropertyValueSpecification\",\"valueRequired\":true,\"valueName\":\"search_term_string\"}}],\"inLanguage\":\"es\"},{\"@type\":\"Organization\",\"@id\":\"https:\/\/petproducts.com.cn\/#organization\",\"name\":\"Petstar\",\"url\":\"https:\/\/petproducts.com.cn\/\",\"logo\":{\"@type\":\"ImageObject\",\"inLanguage\":\"es\",\"@id\":\"https:\/\/petproducts.com.cn\/#\/schema\/logo\/image\/\",\"url\":\"https:\/\/petproducts.com.cn\/wp-content\/uploads\/2020\/02\/petstar-logo.webp\",\"contentUrl\":\"https:\/\/petproducts.com.cn\/wp-content\/uploads\/2020\/02\/petstar-logo.webp\",\"width\":779,\"height\":520,\"caption\":\"Petstar\"},\"image\":{\"@id\":\"https:\/\/petproducts.com.cn\/#\/schema\/logo\/image\/\"}}]}<\/script>\n<!-- \/ Yoast SEO plugin. -->","yoast_head_json":{"title":"Divertidos abrigos de perro al por mayor Fancy Dog Costume Apparel - Petstar","description":"Explore Petstar Abrigos Divertidos para Perros - Producci\u00f3n en Masa, Personalizaci\u00f3n y Opciones de Dise\u00f1o Disponibles. Somos un proveedor l\u00edder mundial de ropa para perros.","robots":{"index":"index","follow":"follow","max-snippet":"max-snippet:-1","max-image-preview":"max-image-preview:large","max-video-preview":"max-video-preview:-1"},"canonical":"https:\/\/petproducts.com.cn\/es\/producto\/funny-dog-coats-fancy-dog-costume-apparel-wholesale\/","og_locale":"es_ES","og_type":"article","og_title":"Funny Dog Coats Wholesale Fancy Dog Costume Apparel - Petstar","og_description":"Explore Petstar Funny Dog Coats - Mass Production, Customization, and Design Options Available. We are a leading global one-stop dog clothes supplier.","og_url":"https:\/\/petproducts.com.cn\/es\/producto\/funny-dog-coats-fancy-dog-costume-apparel-wholesale\/","og_site_name":"Petstar","article_modified_time":"2024-10-31T08:55:58+00:00","og_image":[{"width":1000,"height":1000,"url":"https:\/\/petproducts.com.cn\/wp-content\/uploads\/2023\/09\/DSC2097\u526f\u672c_webp.webp","type":"image\/webp"}],"twitter_card":"summary_large_image","twitter_misc":{"Tiempo de lectura":"1 minuto"},"schema":{"@context":"https:\/\/schema.org","@graph":[{"@type":"WebPage","@id":"https:\/\/petproducts.com.cn\/product\/funny-dog-coats-fancy-dog-costume-apparel-wholesale\/","url":"https:\/\/petproducts.com.cn\/product\/funny-dog-coats-fancy-dog-costume-apparel-wholesale\/","name":"Divertidos abrigos de perro al por mayor Fancy Dog Costume Apparel - Petstar","isPartOf":{"@id":"https:\/\/petproducts.com.cn\/#website"},"primaryImageOfPage":{"@id":"https:\/\/petproducts.com.cn\/product\/funny-dog-coats-fancy-dog-costume-apparel-wholesale\/#primaryimage"},"image":{"@id":"https:\/\/petproducts.com.cn\/product\/funny-dog-coats-fancy-dog-costume-apparel-wholesale\/#primaryimage"},"thumbnailUrl":"https:\/\/petproducts.com.cn\/wp-content\/uploads\/2023\/09\/DSC2097\u526f\u672c_webp.webp","datePublished":"2023-09-11T07:01:58+00:00","dateModified":"2024-10-31T08:55:58+00:00","description":"Explore Petstar Abrigos Divertidos para Perros - Producci\u00f3n en Masa, Personalizaci\u00f3n y Opciones de Dise\u00f1o Disponibles. Somos un proveedor l\u00edder mundial de ropa para perros.","breadcrumb":{"@id":"https:\/\/petproducts.com.cn\/product\/funny-dog-coats-fancy-dog-costume-apparel-wholesale\/#breadcrumb"},"inLanguage":"es","potentialAction":[{"@type":"ReadAction","target":["https:\/\/petproducts.com.cn\/product\/funny-dog-coats-fancy-dog-costume-apparel-wholesale\/"]}]},{"@type":"ImageObject","inLanguage":"es","@id":"https:\/\/petproducts.com.cn\/product\/funny-dog-coats-fancy-dog-costume-apparel-wholesale\/#primaryimage","url":"https:\/\/petproducts.com.cn\/wp-content\/uploads\/2023\/09\/DSC2097\u526f\u672c_webp.webp","contentUrl":"https:\/\/petproducts.com.cn\/wp-content\/uploads\/2023\/09\/DSC2097\u526f\u672c_webp.webp","width":1000,"height":1000,"caption":"funny dog coats"},{"@type":"BreadcrumbList","@id":"https:\/\/petproducts.com.cn\/product\/funny-dog-coats-fancy-dog-costume-apparel-wholesale\/#breadcrumb","itemListElement":[{"@type":"ListItem","position":1,"name":"HOME","item":"https:\/\/petproducts.com.cn\/"},{"@type":"ListItem","position":2,"name":"Products","item":"https:\/\/petproducts.com.cn\/shop\/"},{"@type":"ListItem","position":3,"name":"Dog Apparel &amp; Accessories","item":"https:\/\/petproducts.com.cn\/product-category\/dog-apparel-accessories\/"},{"@type":"ListItem","position":4,"name":"Funny Dog Coats Wholesale Fancy Dog Costume Apparel"}]},{"@type":"WebSite","@id":"https:\/\/petproducts.com.cn\/#website","url":"https:\/\/petproducts.com.cn\/","name":"Petstar","description":"Fabricante l\u00edder de art\u00edculos para mascotas y proveedor OEM de productos para mascotas","publisher":{"@id":"https:\/\/petproducts.com.cn\/#organization"},"alternateName":"Petstar Pet Supplies","potentialAction":[{"@type":"SearchAction","target":{"@type":"EntryPoint","urlTemplate":"https:\/\/petproducts.com.cn\/?s={search_term_string}"},"query-input":{"@type":"PropertyValueSpecification","valueRequired":true,"valueName":"search_term_string"}}],"inLanguage":"es"},{"@type":"Organization","@id":"https:\/\/petproducts.com.cn\/#organization","name":"Petstar","url":"https:\/\/petproducts.com.cn\/","logo":{"@type":"ImageObject","inLanguage":"es","@id":"https:\/\/petproducts.com.cn\/#\/schema\/logo\/image\/","url":"https:\/\/petproducts.com.cn\/wp-content\/uploads\/2020\/02\/petstar-logo.webp","contentUrl":"https:\/\/petproducts.com.cn\/wp-content\/uploads\/2020\/02\/petstar-logo.webp","width":779,"height":520,"caption":"Petstar"},"image":{"@id":"https:\/\/petproducts.com.cn\/#\/schema\/logo\/image\/"}}]}},"_links":{"self":[{"href":"https:\/\/petproducts.com.cn\/es\/wp-json\/wp\/v2\/product\/8881","targetHints":{"allow":["GET"]}}],"collection":[{"href":"https:\/\/petproducts.com.cn\/es\/wp-json\/wp\/v2\/product"}],"about":[{"href":"https:\/\/petproducts.com.cn\/es\/wp-json\/wp\/v2\/types\/product"}],"version-history":[{"count":3,"href":"https:\/\/petproducts.com.cn\/es\/wp-json\/wp\/v2\/product\/8881\/revisions"}],"predecessor-version":[{"id":8960,"href":"https:\/\/petproducts.com.cn\/es\/wp-json\/wp\/v2\/product\/8881\/revisions\/8960"}],"wp:featuredmedia":[{"embeddable":true,"href":"https:\/\/petproducts.com.cn\/es\/wp-json\/wp\/v2\/media\/8904"}],"wp:attachment":[{"href":"https:\/\/petproducts.com.cn\/es\/wp-json\/wp\/v2\/media?parent=8881"}],"wp:term":[{"taxonomy":"product_brand","embeddable":true,"href":"https:\/\/petproducts.com.cn\/es\/wp-json\/wp\/v2\/product_brand?post=8881"},{"taxonomy":"product_cat","embeddable":true,"href":"https:\/\/petproducts.com.cn\/es\/wp-json\/wp\/v2\/product_cat?post=8881"},{"taxonomy":"product_tag","embeddable":true,"href":"https:\/\/petproducts.com.cn\/es\/wp-json\/wp\/v2\/product_tag?post=8881"}],"curies":[{"name":"wp","href":"https:\/\/api.w.org\/{rel}","templated":true}]}}