{"id":9113,"date":"2023-09-12T07:26:38","date_gmt":"2023-09-12T07:26:38","guid":{"rendered":"https:\/\/petproducts.com.cn\/?post_type=product&#038;p=9113"},"modified":"2024-10-31T08:54:17","modified_gmt":"2024-10-31T08:54:17","slug":"novelty-dog-clothes-cute-funny-dog-clothes","status":"publish","type":"product","link":"https:\/\/petproducts.com.cn\/es\/product\/novelty-dog-clothes-cute-funny-dog-clothes\/","title":{"rendered":"Novelty Dog Clothes Cute Funny Dog Clothes"},"content":{"rendered":"<h2><strong>Caracter\u00edsticas de la ropa novedosa para perros<\/strong><\/h2>\n<ol>\n<li><strong>Celebra con estilo:<\/strong> Ropa novedosa para perros, adornada con encantadores detalles en forma de alas azules sobre una base de tela blanca.<\/li>\n<li><strong>Vestido sin esfuerzo:<\/strong> Los c\u00f3modos cierres de velcro hacen que sea muy f\u00e1cil vestir a tu peludo amigo con esta divertida ropa para perros.<\/li>\n<li><strong>Perfecto para cachorros:<\/strong> Minoristas, mayoristas y empresas de comercio electr\u00f3nico especializadas en productos para mascotas pueden mejorar su inventario con estas simp\u00e1ticas prendas para cachorros, una mezcla de estilo y comodidad.<\/li>\n<li><strong>Capturar momentos preciosos:<\/strong> Esta bonita ropa para cachorros convertir\u00e1 a su mascota en la estrella de cualquier evento, garantiz\u00e1ndole recuerdos inolvidables.<\/li>\n<li><strong>Fabricado para durar:<\/strong> Los materiales de primera calidad garantizan que nuestra ropa divertida para perros resista las celebraciones juguetonas de tu mascota.<\/li>\n<li><strong>Calidad y comodidad:<\/strong> Confeccionadas con materiales de primera calidad, estas bonitas prendas para perros ofrecen estilo y durabilidad, por lo que son perfectas para los momentos festivos de tu mascota.<\/li>\n<li><strong> Ideal para disfraces de Halloween para perros:<\/strong> dise\u00f1ados para a\u00f1adir un toque de diversi\u00f3n y fiesta al atuendo de tu cachorro. Estas simp\u00e1ticas prendas para cachorros presentan caprichosos dise\u00f1os en forma de alas en la espalda, lo que las hace ideales para ocasiones especiales como Halloween.<\/li>\n<\/ol>\n<p>En conclusi\u00f3n, nuestra divertida colecci\u00f3n de ropa para perros ofrece una mezcla \u00fanica de estilo y practicidad, garantizando que sus mascotas sean la comidilla de la ciudad. Adem\u00e1s, eleve el vestuario de su mascota y ofrezca creaciones personalizadas para sus clientes. \u00bfA qu\u00e9 espera? Haga su pedido ahora y deje que sus perros disfruten de la comodidad y la moda de nuestra exquisita ropa.<\/p>","protected":false},"excerpt":{"rendered":"<p>Somos fabricantes de ropa novedosa para perros con m\u00e1s de 20 a\u00f1os de experiencia. Ofrecemos opciones de personalizaci\u00f3n de color, tama\u00f1o, tela, patr\u00f3n, logotipo y otras caracter\u00edsticas.<\/p>","protected":false},"featured_media":9123,"template":"","meta":{"_acf_changed":false},"product_brand":[],"product_cat":[49,72],"product_tag":[217,267],"class_list":{"0":"post-9113","1":"product","2":"type-product","3":"status-publish","4":"has-post-thumbnail","6":"product_cat-dog-apparel-accessories","7":"product_cat-dog-supplies","8":"product_tag-pet-clothes","9":"product_tag-pet-costumes","11":"first","12":"instock","13":"shipping-taxable","14":"product-type-simple"},"acf":[],"yoast_head":"<!-- This site is optimized with the Yoast SEO plugin v27.1.1 - https:\/\/yoast.com\/product\/yoast-seo-wordpress\/ -->\n<title>Novelty Dog Clothes Cute Funny Dog Clothes - Petstar<\/title>\n<meta name=\"description\" content=\"Explore Petstar Novelty Dog Clothes - Mass Production, Customization, and Design Options Available. We are a leading global one-stop dog clothes supplier.\" \/>\n<meta name=\"robots\" content=\"index, follow, max-snippet:-1, max-image-preview:large, max-video-preview:-1\" \/>\n<link rel=\"canonical\" href=\"https:\/\/petproducts.com.cn\/es\/producto\/novelty-dog-clothes-cute-funny-dog-clothes\/\" \/>\n<meta property=\"og:locale\" content=\"es_ES\" \/>\n<meta property=\"og:type\" content=\"article\" \/>\n<meta property=\"og:title\" content=\"Novelty Dog Clothes Cute Funny Dog Clothes - Petstar\" \/>\n<meta property=\"og:description\" content=\"Explore Petstar Novelty Dog Clothes - Mass Production, Customization, and Design Options Available. We are a leading global one-stop dog clothes supplier.\" \/>\n<meta property=\"og:url\" content=\"https:\/\/petproducts.com.cn\/es\/producto\/novelty-dog-clothes-cute-funny-dog-clothes\/\" \/>\n<meta property=\"og:site_name\" content=\"Petstar\" \/>\n<meta property=\"article:modified_time\" content=\"2024-10-31T08:54:17+00:00\" \/>\n<meta property=\"og:image\" content=\"https:\/\/petproducts.com.cn\/wp-content\/uploads\/2023\/09\/DSC2091\u526f\u672c_webp.webp\" \/>\n\t<meta property=\"og:image:width\" content=\"1000\" \/>\n\t<meta property=\"og:image:height\" content=\"1000\" \/>\n\t<meta property=\"og:image:type\" content=\"image\/webp\" \/>\n<meta name=\"twitter:card\" content=\"summary_large_image\" \/>\n<meta name=\"twitter:label1\" content=\"Tiempo de lectura\" \/>\n\t<meta name=\"twitter:data1\" content=\"1 minuto\" \/>\n<script type=\"application\/ld+json\" class=\"yoast-schema-graph\">{\"@context\":\"https:\/\/schema.org\",\"@graph\":[{\"@type\":\"WebPage\",\"@id\":\"https:\/\/petproducts.com.cn\/product\/novelty-dog-clothes-cute-funny-dog-clothes\/\",\"url\":\"https:\/\/petproducts.com.cn\/product\/novelty-dog-clothes-cute-funny-dog-clothes\/\",\"name\":\"Novelty Dog Clothes Cute Funny Dog Clothes - Petstar\",\"isPartOf\":{\"@id\":\"https:\/\/petproducts.com.cn\/#website\"},\"primaryImageOfPage\":{\"@id\":\"https:\/\/petproducts.com.cn\/product\/novelty-dog-clothes-cute-funny-dog-clothes\/#primaryimage\"},\"image\":{\"@id\":\"https:\/\/petproducts.com.cn\/product\/novelty-dog-clothes-cute-funny-dog-clothes\/#primaryimage\"},\"thumbnailUrl\":\"https:\/\/petproducts.com.cn\/wp-content\/uploads\/2023\/09\/DSC2091\u526f\u672c_webp.webp\",\"datePublished\":\"2023-09-12T07:26:38+00:00\",\"dateModified\":\"2024-10-31T08:54:17+00:00\",\"description\":\"Explore Petstar Novelty Dog Clothes - Mass Production, Customization, and Design Options Available. We are a leading global one-stop dog clothes supplier.\",\"breadcrumb\":{\"@id\":\"https:\/\/petproducts.com.cn\/product\/novelty-dog-clothes-cute-funny-dog-clothes\/#breadcrumb\"},\"inLanguage\":\"es\",\"potentialAction\":[{\"@type\":\"ReadAction\",\"target\":[\"https:\/\/petproducts.com.cn\/product\/novelty-dog-clothes-cute-funny-dog-clothes\/\"]}]},{\"@type\":\"ImageObject\",\"inLanguage\":\"es\",\"@id\":\"https:\/\/petproducts.com.cn\/product\/novelty-dog-clothes-cute-funny-dog-clothes\/#primaryimage\",\"url\":\"https:\/\/petproducts.com.cn\/wp-content\/uploads\/2023\/09\/DSC2091\u526f\u672c_webp.webp\",\"contentUrl\":\"https:\/\/petproducts.com.cn\/wp-content\/uploads\/2023\/09\/DSC2091\u526f\u672c_webp.webp\",\"width\":1000,\"height\":1000,\"caption\":\"novelty dog clothes\"},{\"@type\":\"BreadcrumbList\",\"@id\":\"https:\/\/petproducts.com.cn\/product\/novelty-dog-clothes-cute-funny-dog-clothes\/#breadcrumb\",\"itemListElement\":[{\"@type\":\"ListItem\",\"position\":1,\"name\":\"HOME\",\"item\":\"https:\/\/petproducts.com.cn\/\"},{\"@type\":\"ListItem\",\"position\":2,\"name\":\"Products\",\"item\":\"https:\/\/petproducts.com.cn\/shop\/\"},{\"@type\":\"ListItem\",\"position\":3,\"name\":\"Dog Apparel &amp; Accessories\",\"item\":\"https:\/\/petproducts.com.cn\/product-category\/dog-apparel-accessories\/\"},{\"@type\":\"ListItem\",\"position\":4,\"name\":\"Novelty Dog Clothes Cute Funny Dog Clothes\"}]},{\"@type\":\"WebSite\",\"@id\":\"https:\/\/petproducts.com.cn\/#website\",\"url\":\"https:\/\/petproducts.com.cn\/\",\"name\":\"Petstar\",\"description\":\"Leading Pet Supplies Manufacturer &amp; OEM Pet Products Supplier\",\"publisher\":{\"@id\":\"https:\/\/petproducts.com.cn\/#organization\"},\"alternateName\":\"Petstar Pet Supplies\",\"potentialAction\":[{\"@type\":\"SearchAction\",\"target\":{\"@type\":\"EntryPoint\",\"urlTemplate\":\"https:\/\/petproducts.com.cn\/?s={search_term_string}\"},\"query-input\":{\"@type\":\"PropertyValueSpecification\",\"valueRequired\":true,\"valueName\":\"search_term_string\"}}],\"inLanguage\":\"es\"},{\"@type\":\"Organization\",\"@id\":\"https:\/\/petproducts.com.cn\/#organization\",\"name\":\"Petstar\",\"url\":\"https:\/\/petproducts.com.cn\/\",\"logo\":{\"@type\":\"ImageObject\",\"inLanguage\":\"es\",\"@id\":\"https:\/\/petproducts.com.cn\/#\/schema\/logo\/image\/\",\"url\":\"https:\/\/petproducts.com.cn\/wp-content\/uploads\/2020\/02\/petstar-logo.webp\",\"contentUrl\":\"https:\/\/petproducts.com.cn\/wp-content\/uploads\/2020\/02\/petstar-logo.webp\",\"width\":779,\"height\":520,\"caption\":\"Petstar\"},\"image\":{\"@id\":\"https:\/\/petproducts.com.cn\/#\/schema\/logo\/image\/\"}}]}<\/script>\n<!-- \/ Yoast SEO plugin. -->","yoast_head_json":{"title":"Novedad Ropa de perro Ropa de perro divertido lindo - Petstar","description":"Explore Petstar Ropa novedosa para perros - Producci\u00f3n en masa, personalizaci\u00f3n y opciones de dise\u00f1o disponibles. Somos un proveedor l\u00edder mundial de ropa para perros.","robots":{"index":"index","follow":"follow","max-snippet":"max-snippet:-1","max-image-preview":"max-image-preview:large","max-video-preview":"max-video-preview:-1"},"canonical":"https:\/\/petproducts.com.cn\/es\/producto\/novelty-dog-clothes-cute-funny-dog-clothes\/","og_locale":"es_ES","og_type":"article","og_title":"Novelty Dog Clothes Cute Funny Dog Clothes - Petstar","og_description":"Explore Petstar Novelty Dog Clothes - Mass Production, Customization, and Design Options Available. We are a leading global one-stop dog clothes supplier.","og_url":"https:\/\/petproducts.com.cn\/es\/producto\/novelty-dog-clothes-cute-funny-dog-clothes\/","og_site_name":"Petstar","article_modified_time":"2024-10-31T08:54:17+00:00","og_image":[{"width":1000,"height":1000,"url":"https:\/\/petproducts.com.cn\/wp-content\/uploads\/2023\/09\/DSC2091\u526f\u672c_webp.webp","type":"image\/webp"}],"twitter_card":"summary_large_image","twitter_misc":{"Tiempo de lectura":"1 minuto"},"schema":{"@context":"https:\/\/schema.org","@graph":[{"@type":"WebPage","@id":"https:\/\/petproducts.com.cn\/product\/novelty-dog-clothes-cute-funny-dog-clothes\/","url":"https:\/\/petproducts.com.cn\/product\/novelty-dog-clothes-cute-funny-dog-clothes\/","name":"Novedad Ropa de perro Ropa de perro divertido lindo - Petstar","isPartOf":{"@id":"https:\/\/petproducts.com.cn\/#website"},"primaryImageOfPage":{"@id":"https:\/\/petproducts.com.cn\/product\/novelty-dog-clothes-cute-funny-dog-clothes\/#primaryimage"},"image":{"@id":"https:\/\/petproducts.com.cn\/product\/novelty-dog-clothes-cute-funny-dog-clothes\/#primaryimage"},"thumbnailUrl":"https:\/\/petproducts.com.cn\/wp-content\/uploads\/2023\/09\/DSC2091\u526f\u672c_webp.webp","datePublished":"2023-09-12T07:26:38+00:00","dateModified":"2024-10-31T08:54:17+00:00","description":"Explore Petstar Ropa novedosa para perros - Producci\u00f3n en masa, personalizaci\u00f3n y opciones de dise\u00f1o disponibles. Somos un proveedor l\u00edder mundial de ropa para perros.","breadcrumb":{"@id":"https:\/\/petproducts.com.cn\/product\/novelty-dog-clothes-cute-funny-dog-clothes\/#breadcrumb"},"inLanguage":"es","potentialAction":[{"@type":"ReadAction","target":["https:\/\/petproducts.com.cn\/product\/novelty-dog-clothes-cute-funny-dog-clothes\/"]}]},{"@type":"ImageObject","inLanguage":"es","@id":"https:\/\/petproducts.com.cn\/product\/novelty-dog-clothes-cute-funny-dog-clothes\/#primaryimage","url":"https:\/\/petproducts.com.cn\/wp-content\/uploads\/2023\/09\/DSC2091\u526f\u672c_webp.webp","contentUrl":"https:\/\/petproducts.com.cn\/wp-content\/uploads\/2023\/09\/DSC2091\u526f\u672c_webp.webp","width":1000,"height":1000,"caption":"novelty dog clothes"},{"@type":"BreadcrumbList","@id":"https:\/\/petproducts.com.cn\/product\/novelty-dog-clothes-cute-funny-dog-clothes\/#breadcrumb","itemListElement":[{"@type":"ListItem","position":1,"name":"HOME","item":"https:\/\/petproducts.com.cn\/"},{"@type":"ListItem","position":2,"name":"Products","item":"https:\/\/petproducts.com.cn\/shop\/"},{"@type":"ListItem","position":3,"name":"Dog Apparel &amp; Accessories","item":"https:\/\/petproducts.com.cn\/product-category\/dog-apparel-accessories\/"},{"@type":"ListItem","position":4,"name":"Novelty Dog Clothes Cute Funny Dog Clothes"}]},{"@type":"WebSite","@id":"https:\/\/petproducts.com.cn\/#website","url":"https:\/\/petproducts.com.cn\/","name":"Petstar","description":"Fabricante l\u00edder de art\u00edculos para mascotas y proveedor OEM de productos para mascotas","publisher":{"@id":"https:\/\/petproducts.com.cn\/#organization"},"alternateName":"Petstar Pet Supplies","potentialAction":[{"@type":"SearchAction","target":{"@type":"EntryPoint","urlTemplate":"https:\/\/petproducts.com.cn\/?s={search_term_string}"},"query-input":{"@type":"PropertyValueSpecification","valueRequired":true,"valueName":"search_term_string"}}],"inLanguage":"es"},{"@type":"Organization","@id":"https:\/\/petproducts.com.cn\/#organization","name":"Petstar","url":"https:\/\/petproducts.com.cn\/","logo":{"@type":"ImageObject","inLanguage":"es","@id":"https:\/\/petproducts.com.cn\/#\/schema\/logo\/image\/","url":"https:\/\/petproducts.com.cn\/wp-content\/uploads\/2020\/02\/petstar-logo.webp","contentUrl":"https:\/\/petproducts.com.cn\/wp-content\/uploads\/2020\/02\/petstar-logo.webp","width":779,"height":520,"caption":"Petstar"},"image":{"@id":"https:\/\/petproducts.com.cn\/#\/schema\/logo\/image\/"}}]}},"_links":{"self":[{"href":"https:\/\/petproducts.com.cn\/es\/wp-json\/wp\/v2\/product\/9113","targetHints":{"allow":["GET"]}}],"collection":[{"href":"https:\/\/petproducts.com.cn\/es\/wp-json\/wp\/v2\/product"}],"about":[{"href":"https:\/\/petproducts.com.cn\/es\/wp-json\/wp\/v2\/types\/product"}],"version-history":[{"count":3,"href":"https:\/\/petproducts.com.cn\/es\/wp-json\/wp\/v2\/product\/9113\/revisions"}],"predecessor-version":[{"id":9157,"href":"https:\/\/petproducts.com.cn\/es\/wp-json\/wp\/v2\/product\/9113\/revisions\/9157"}],"wp:featuredmedia":[{"embeddable":true,"href":"https:\/\/petproducts.com.cn\/es\/wp-json\/wp\/v2\/media\/9123"}],"wp:attachment":[{"href":"https:\/\/petproducts.com.cn\/es\/wp-json\/wp\/v2\/media?parent=9113"}],"wp:term":[{"taxonomy":"product_brand","embeddable":true,"href":"https:\/\/petproducts.com.cn\/es\/wp-json\/wp\/v2\/product_brand?post=9113"},{"taxonomy":"product_cat","embeddable":true,"href":"https:\/\/petproducts.com.cn\/es\/wp-json\/wp\/v2\/product_cat?post=9113"},{"taxonomy":"product_tag","embeddable":true,"href":"https:\/\/petproducts.com.cn\/es\/wp-json\/wp\/v2\/product_tag?post=9113"}],"curies":[{"name":"wp","href":"https:\/\/api.w.org\/{rel}","templated":true}]}}