{"id":9198,"date":"2023-09-12T08:54:52","date_gmt":"2023-09-12T08:54:52","guid":{"rendered":"https:\/\/petproducts.com.cn\/?post_type=product&#038;p=9198"},"modified":"2024-10-31T08:52:04","modified_gmt":"2024-10-31T08:52:04","slug":"warm-dog-clothes-luxury-winter-dog-coat-with-leash-hole","status":"publish","type":"product","link":"https:\/\/petproducts.com.cn\/es\/product\/warm-dog-clothes-luxury-winter-dog-coat-with-leash-hole\/","title":{"rendered":"Ropa c\u00e1lida para perros, abrigo de invierno de lujo para perros con orificio para correa"},"content":{"rendered":"<h2><strong>Caracter\u00edsticas de la ropa de abrigo para perros<\/strong><\/h2>\n<ol>\n<li><strong>Calidez acogedora<\/strong>: Nuestra ropa de abrigo para perros en color caqui y verde proporciona un confort superior durante los fr\u00edos inviernos. Tu amigo peludo estar\u00e1 c\u00f3modo y elegante con estas prendas vers\u00e1tiles.<\/li>\n<li><strong>F\u00e1cil de llevar:<\/strong> Con pr\u00e1cticos cierres de velcro, esta ropa de Halloween para perros se pone y se quita sin esfuerzo. Se acabaron los problemas con tu mascota a la hora de disfrazarse.<\/li>\n<li><strong>Comodidad de la correa<\/strong>: Hemos dise\u00f1ado estos abrigos de invierno para perros con un orificio para la correa para mayor funcionalidad. Pasea a tu perro sin la molestia de quitarte el abrigo, ahorr\u00e1ndote tiempo y esfuerzo.<\/li>\n<li><strong>Ajuste perfecto<\/strong>: Nuestra gama incluye ropa para cachorros peque\u00f1os y tallas m\u00e1s grandes, lo que garantiza un ajuste ideal para cada raza. Su mascota disfrutar\u00e1 tanto del calor como de la libertad de movimientos.<\/li>\n<li><strong>Seguro de calidad<\/strong>: Como reputados fabricantes de ropa para perros, nos enorgullecemos de nuestro trabajo artesanal. Estos abrigos est\u00e1n hechos para durar, ofreciendo protecci\u00f3n y estilo a largo plazo.<\/li>\n<li><strong>As\u00f3ciese con nosotros<\/strong>: Si usted es mayorista, minorista u opera un negocio de comercio electr\u00f3nico, nuestra ropa de dise\u00f1o para perros es una valiosa adici\u00f3n a su inventario. Mejore su selecci\u00f3n de productos para mascotas hoy mismo.<\/li>\n<\/ol>\n<p>Mejore el vestuario de invierno de su mascota con nuestros c\u00e1lidos abrigos de invierno para perros. Haz tu pedido ahora para proporcionarle protecci\u00f3n y estilo de primera.<\/p>\n<p>As\u00f3ciese con nosotros: No pierda la oportunidad de ofrecer a sus clientes lo mejor en productos para mascotas. Para explorar una asociaci\u00f3n con Petstar y recibir nuestro cat\u00e1logo al por mayor y los detalles de precios, p\u00f3ngase en contacto con nosotros.Esperamos con inter\u00e9s la perspectiva de trabajar juntos y lograr el \u00e9xito mutuo.<\/p>","protected":false},"excerpt":{"rendered":"<p>Somos fabricantes de ropa de abrigo para perros con m\u00e1s de 20 a\u00f1os de experiencia. Ofrecemos opciones de personalizaci\u00f3n de color, tama\u00f1o, tela, patr\u00f3n, logotipo y otras caracter\u00edsticas.<\/p>","protected":false},"featured_media":9199,"template":"","meta":{"_acf_changed":false},"product_brand":[],"product_cat":[49,72],"product_tag":[217,220],"class_list":{"0":"post-9198","1":"product","2":"type-product","3":"status-publish","4":"has-post-thumbnail","6":"product_cat-dog-apparel-accessories","7":"product_cat-dog-supplies","8":"product_tag-pet-clothes","9":"product_tag-pet-coats-jackets","11":"first","12":"instock","13":"shipping-taxable","14":"product-type-simple"},"acf":[],"yoast_head":"<!-- This site is optimized with the Yoast SEO plugin v27.1.1 - https:\/\/yoast.com\/product\/yoast-seo-wordpress\/ -->\n<title>Warm Dog Clothes Luxury Winter Dog Coat with Leash Hole - Petstar<\/title>\n<meta name=\"description\" content=\"Explore Petstar Warm Dog Clothes - Mass Production, Customization, and Design Options Available. We are a leading global one-stop dog clothes supplier.\" \/>\n<meta name=\"robots\" content=\"index, follow, max-snippet:-1, max-image-preview:large, max-video-preview:-1\" \/>\n<link rel=\"canonical\" href=\"https:\/\/petproducts.com.cn\/es\/producto\/warm-dog-clothes-luxury-winter-dog-coat-with-leash-hole\/\" \/>\n<meta property=\"og:locale\" content=\"es_ES\" \/>\n<meta property=\"og:type\" content=\"article\" \/>\n<meta property=\"og:title\" content=\"Warm Dog Clothes Luxury Winter Dog Coat with Leash Hole - Petstar\" \/>\n<meta property=\"og:description\" content=\"Explore Petstar Warm Dog Clothes - Mass Production, Customization, and Design Options Available. We are a leading global one-stop dog clothes supplier.\" \/>\n<meta property=\"og:url\" content=\"https:\/\/petproducts.com.cn\/es\/producto\/warm-dog-clothes-luxury-winter-dog-coat-with-leash-hole\/\" \/>\n<meta property=\"og:site_name\" content=\"Petstar\" \/>\n<meta property=\"article:modified_time\" content=\"2024-10-31T08:52:04+00:00\" \/>\n<meta property=\"og:image\" content=\"https:\/\/petproducts.com.cn\/wp-content\/uploads\/2023\/09\/DSC7738\u526f\u672c_webp.webp\" \/>\n\t<meta property=\"og:image:width\" content=\"1000\" \/>\n\t<meta property=\"og:image:height\" content=\"1000\" \/>\n\t<meta property=\"og:image:type\" content=\"image\/webp\" \/>\n<meta name=\"twitter:card\" content=\"summary_large_image\" \/>\n<meta name=\"twitter:label1\" content=\"Tiempo de lectura\" \/>\n\t<meta name=\"twitter:data1\" content=\"2 minutos\" \/>\n<script type=\"application\/ld+json\" class=\"yoast-schema-graph\">{\"@context\":\"https:\/\/schema.org\",\"@graph\":[{\"@type\":\"WebPage\",\"@id\":\"https:\/\/petproducts.com.cn\/product\/warm-dog-clothes-luxury-winter-dog-coat-with-leash-hole\/\",\"url\":\"https:\/\/petproducts.com.cn\/product\/warm-dog-clothes-luxury-winter-dog-coat-with-leash-hole\/\",\"name\":\"Warm Dog Clothes Luxury Winter Dog Coat with Leash Hole - Petstar\",\"isPartOf\":{\"@id\":\"https:\/\/petproducts.com.cn\/#website\"},\"primaryImageOfPage\":{\"@id\":\"https:\/\/petproducts.com.cn\/product\/warm-dog-clothes-luxury-winter-dog-coat-with-leash-hole\/#primaryimage\"},\"image\":{\"@id\":\"https:\/\/petproducts.com.cn\/product\/warm-dog-clothes-luxury-winter-dog-coat-with-leash-hole\/#primaryimage\"},\"thumbnailUrl\":\"https:\/\/petproducts.com.cn\/wp-content\/uploads\/2023\/09\/DSC7738\u526f\u672c_webp.webp\",\"datePublished\":\"2023-09-12T08:54:52+00:00\",\"dateModified\":\"2024-10-31T08:52:04+00:00\",\"description\":\"Explore Petstar Warm Dog Clothes - Mass Production, Customization, and Design Options Available. We are a leading global one-stop dog clothes supplier.\",\"breadcrumb\":{\"@id\":\"https:\/\/petproducts.com.cn\/product\/warm-dog-clothes-luxury-winter-dog-coat-with-leash-hole\/#breadcrumb\"},\"inLanguage\":\"es\",\"potentialAction\":[{\"@type\":\"ReadAction\",\"target\":[\"https:\/\/petproducts.com.cn\/product\/warm-dog-clothes-luxury-winter-dog-coat-with-leash-hole\/\"]}]},{\"@type\":\"ImageObject\",\"inLanguage\":\"es\",\"@id\":\"https:\/\/petproducts.com.cn\/product\/warm-dog-clothes-luxury-winter-dog-coat-with-leash-hole\/#primaryimage\",\"url\":\"https:\/\/petproducts.com.cn\/wp-content\/uploads\/2023\/09\/DSC7738\u526f\u672c_webp.webp\",\"contentUrl\":\"https:\/\/petproducts.com.cn\/wp-content\/uploads\/2023\/09\/DSC7738\u526f\u672c_webp.webp\",\"width\":1000,\"height\":1000,\"caption\":\"warm dog clothes\"},{\"@type\":\"BreadcrumbList\",\"@id\":\"https:\/\/petproducts.com.cn\/product\/warm-dog-clothes-luxury-winter-dog-coat-with-leash-hole\/#breadcrumb\",\"itemListElement\":[{\"@type\":\"ListItem\",\"position\":1,\"name\":\"HOME\",\"item\":\"https:\/\/petproducts.com.cn\/\"},{\"@type\":\"ListItem\",\"position\":2,\"name\":\"Products\",\"item\":\"https:\/\/petproducts.com.cn\/shop\/\"},{\"@type\":\"ListItem\",\"position\":3,\"name\":\"Dog Apparel &amp; Accessories\",\"item\":\"https:\/\/petproducts.com.cn\/product-category\/dog-apparel-accessories\/\"},{\"@type\":\"ListItem\",\"position\":4,\"name\":\"Warm Dog Clothes Luxury Winter Dog Coat with Leash Hole\"}]},{\"@type\":\"WebSite\",\"@id\":\"https:\/\/petproducts.com.cn\/#website\",\"url\":\"https:\/\/petproducts.com.cn\/\",\"name\":\"Petstar\",\"description\":\"Leading Pet Supplies Manufacturer &amp; OEM Pet Products Supplier\",\"publisher\":{\"@id\":\"https:\/\/petproducts.com.cn\/#organization\"},\"alternateName\":\"Petstar Pet Supplies\",\"potentialAction\":[{\"@type\":\"SearchAction\",\"target\":{\"@type\":\"EntryPoint\",\"urlTemplate\":\"https:\/\/petproducts.com.cn\/?s={search_term_string}\"},\"query-input\":{\"@type\":\"PropertyValueSpecification\",\"valueRequired\":true,\"valueName\":\"search_term_string\"}}],\"inLanguage\":\"es\"},{\"@type\":\"Organization\",\"@id\":\"https:\/\/petproducts.com.cn\/#organization\",\"name\":\"Petstar\",\"url\":\"https:\/\/petproducts.com.cn\/\",\"logo\":{\"@type\":\"ImageObject\",\"inLanguage\":\"es\",\"@id\":\"https:\/\/petproducts.com.cn\/#\/schema\/logo\/image\/\",\"url\":\"https:\/\/petproducts.com.cn\/wp-content\/uploads\/2020\/02\/petstar-logo.webp\",\"contentUrl\":\"https:\/\/petproducts.com.cn\/wp-content\/uploads\/2020\/02\/petstar-logo.webp\",\"width\":779,\"height\":520,\"caption\":\"Petstar\"},\"image\":{\"@id\":\"https:\/\/petproducts.com.cn\/#\/schema\/logo\/image\/\"}}]}<\/script>\n<!-- \/ Yoast SEO plugin. -->","yoast_head_json":{"title":"Ropa de abrigo de invierno de lujo para perros con correa agujero - Petstar","description":"Explore Petstar Ropa de abrigo para perros - Producci\u00f3n en masa, personalizaci\u00f3n y opciones de dise\u00f1o disponibles. Somos un proveedor l\u00edder mundial de ropa para perros.","robots":{"index":"index","follow":"follow","max-snippet":"max-snippet:-1","max-image-preview":"max-image-preview:large","max-video-preview":"max-video-preview:-1"},"canonical":"https:\/\/petproducts.com.cn\/es\/producto\/warm-dog-clothes-luxury-winter-dog-coat-with-leash-hole\/","og_locale":"es_ES","og_type":"article","og_title":"Warm Dog Clothes Luxury Winter Dog Coat with Leash Hole - Petstar","og_description":"Explore Petstar Warm Dog Clothes - Mass Production, Customization, and Design Options Available. We are a leading global one-stop dog clothes supplier.","og_url":"https:\/\/petproducts.com.cn\/es\/producto\/warm-dog-clothes-luxury-winter-dog-coat-with-leash-hole\/","og_site_name":"Petstar","article_modified_time":"2024-10-31T08:52:04+00:00","og_image":[{"width":1000,"height":1000,"url":"https:\/\/petproducts.com.cn\/wp-content\/uploads\/2023\/09\/DSC7738\u526f\u672c_webp.webp","type":"image\/webp"}],"twitter_card":"summary_large_image","twitter_misc":{"Tiempo de lectura":"2 minutos"},"schema":{"@context":"https:\/\/schema.org","@graph":[{"@type":"WebPage","@id":"https:\/\/petproducts.com.cn\/product\/warm-dog-clothes-luxury-winter-dog-coat-with-leash-hole\/","url":"https:\/\/petproducts.com.cn\/product\/warm-dog-clothes-luxury-winter-dog-coat-with-leash-hole\/","name":"Ropa de abrigo de invierno de lujo para perros con correa agujero - Petstar","isPartOf":{"@id":"https:\/\/petproducts.com.cn\/#website"},"primaryImageOfPage":{"@id":"https:\/\/petproducts.com.cn\/product\/warm-dog-clothes-luxury-winter-dog-coat-with-leash-hole\/#primaryimage"},"image":{"@id":"https:\/\/petproducts.com.cn\/product\/warm-dog-clothes-luxury-winter-dog-coat-with-leash-hole\/#primaryimage"},"thumbnailUrl":"https:\/\/petproducts.com.cn\/wp-content\/uploads\/2023\/09\/DSC7738\u526f\u672c_webp.webp","datePublished":"2023-09-12T08:54:52+00:00","dateModified":"2024-10-31T08:52:04+00:00","description":"Explore Petstar Ropa de abrigo para perros - Producci\u00f3n en masa, personalizaci\u00f3n y opciones de dise\u00f1o disponibles. Somos un proveedor l\u00edder mundial de ropa para perros.","breadcrumb":{"@id":"https:\/\/petproducts.com.cn\/product\/warm-dog-clothes-luxury-winter-dog-coat-with-leash-hole\/#breadcrumb"},"inLanguage":"es","potentialAction":[{"@type":"ReadAction","target":["https:\/\/petproducts.com.cn\/product\/warm-dog-clothes-luxury-winter-dog-coat-with-leash-hole\/"]}]},{"@type":"ImageObject","inLanguage":"es","@id":"https:\/\/petproducts.com.cn\/product\/warm-dog-clothes-luxury-winter-dog-coat-with-leash-hole\/#primaryimage","url":"https:\/\/petproducts.com.cn\/wp-content\/uploads\/2023\/09\/DSC7738\u526f\u672c_webp.webp","contentUrl":"https:\/\/petproducts.com.cn\/wp-content\/uploads\/2023\/09\/DSC7738\u526f\u672c_webp.webp","width":1000,"height":1000,"caption":"warm dog clothes"},{"@type":"BreadcrumbList","@id":"https:\/\/petproducts.com.cn\/product\/warm-dog-clothes-luxury-winter-dog-coat-with-leash-hole\/#breadcrumb","itemListElement":[{"@type":"ListItem","position":1,"name":"HOME","item":"https:\/\/petproducts.com.cn\/"},{"@type":"ListItem","position":2,"name":"Products","item":"https:\/\/petproducts.com.cn\/shop\/"},{"@type":"ListItem","position":3,"name":"Dog Apparel &amp; Accessories","item":"https:\/\/petproducts.com.cn\/product-category\/dog-apparel-accessories\/"},{"@type":"ListItem","position":4,"name":"Warm Dog Clothes Luxury Winter Dog Coat with Leash Hole"}]},{"@type":"WebSite","@id":"https:\/\/petproducts.com.cn\/#website","url":"https:\/\/petproducts.com.cn\/","name":"Petstar","description":"Fabricante l\u00edder de art\u00edculos para mascotas y proveedor OEM de productos para mascotas","publisher":{"@id":"https:\/\/petproducts.com.cn\/#organization"},"alternateName":"Petstar Pet Supplies","potentialAction":[{"@type":"SearchAction","target":{"@type":"EntryPoint","urlTemplate":"https:\/\/petproducts.com.cn\/?s={search_term_string}"},"query-input":{"@type":"PropertyValueSpecification","valueRequired":true,"valueName":"search_term_string"}}],"inLanguage":"es"},{"@type":"Organization","@id":"https:\/\/petproducts.com.cn\/#organization","name":"Petstar","url":"https:\/\/petproducts.com.cn\/","logo":{"@type":"ImageObject","inLanguage":"es","@id":"https:\/\/petproducts.com.cn\/#\/schema\/logo\/image\/","url":"https:\/\/petproducts.com.cn\/wp-content\/uploads\/2020\/02\/petstar-logo.webp","contentUrl":"https:\/\/petproducts.com.cn\/wp-content\/uploads\/2020\/02\/petstar-logo.webp","width":779,"height":520,"caption":"Petstar"},"image":{"@id":"https:\/\/petproducts.com.cn\/#\/schema\/logo\/image\/"}}]}},"_links":{"self":[{"href":"https:\/\/petproducts.com.cn\/es\/wp-json\/wp\/v2\/product\/9198","targetHints":{"allow":["GET"]}}],"collection":[{"href":"https:\/\/petproducts.com.cn\/es\/wp-json\/wp\/v2\/product"}],"about":[{"href":"https:\/\/petproducts.com.cn\/es\/wp-json\/wp\/v2\/types\/product"}],"version-history":[{"count":2,"href":"https:\/\/petproducts.com.cn\/es\/wp-json\/wp\/v2\/product\/9198\/revisions"}],"predecessor-version":[{"id":11814,"href":"https:\/\/petproducts.com.cn\/es\/wp-json\/wp\/v2\/product\/9198\/revisions\/11814"}],"wp:featuredmedia":[{"embeddable":true,"href":"https:\/\/petproducts.com.cn\/es\/wp-json\/wp\/v2\/media\/9199"}],"wp:attachment":[{"href":"https:\/\/petproducts.com.cn\/es\/wp-json\/wp\/v2\/media?parent=9198"}],"wp:term":[{"taxonomy":"product_brand","embeddable":true,"href":"https:\/\/petproducts.com.cn\/es\/wp-json\/wp\/v2\/product_brand?post=9198"},{"taxonomy":"product_cat","embeddable":true,"href":"https:\/\/petproducts.com.cn\/es\/wp-json\/wp\/v2\/product_cat?post=9198"},{"taxonomy":"product_tag","embeddable":true,"href":"https:\/\/petproducts.com.cn\/es\/wp-json\/wp\/v2\/product_tag?post=9198"}],"curies":[{"name":"wp","href":"https:\/\/api.w.org\/{rel}","templated":true}]}}