{"id":9219,"date":"2023-09-12T09:16:57","date_gmt":"2023-09-12T09:16:57","guid":{"rendered":"https:\/\/petproducts.com.cn\/?post_type=product&#038;p=9219"},"modified":"2024-10-31T08:54:29","modified_gmt":"2024-10-31T08:54:29","slug":"halloween-dog-apparel-novelty-fancy-dog-clothes","status":"publish","type":"product","link":"https:\/\/petproducts.com.cn\/es\/product\/halloween-dog-apparel-novelty-fancy-dog-clothes\/","title":{"rendered":"Ropa para perros de Halloween Novedad Ropa elegante para perros"},"content":{"rendered":"<h2><strong>Caracter\u00edsticas de la ropa de Halloween para perros<\/strong><\/h2>\n<ol>\n<li><strong>Diversi\u00f3n festiva<\/strong>: Nuestra ropa de Halloween para perros incluye divertid\u00edsimos tocados, perfectos para crear un ambiente divertido y festivo durante las fiestas. Todos ellos son de estilo en verde vibrante.<\/li>\n<li><strong>Novedad Delight<\/strong>: Estas novedosas prendas para perros est\u00e1n dise\u00f1adas para que tu peludo amigo sea el centro de todas las miradas, especialmente durante eventos como Halloween. Tu mascota ser\u00e1 el centro de todas las miradas.<\/li>\n<li><strong>Dise\u00f1o atractivo<\/strong>: El estilo de diadema de estas elegantes prendas para perros garantiza que permanezcan firmemente en su sitio, lo que permite a tu mascota disfrutar c\u00f3modamente de su aspecto \u00fanico y elegante.<\/li>\n<li><strong>Ideal para mayoristas<\/strong>: Si es usted mayorista o minorista, considere la posibilidad de a\u00f1adir estos novedosos tocados a su inventario. Se dirigen a los due\u00f1os de mascotas que aprecian el humor y la creatividad.<\/li>\n<li><strong>Dise\u00f1o atractivo<\/strong>: Nuestra ropa de perro de Halloween ofrece un estilo de calidad de dise\u00f1o para los cachorros. Son perfectas para los due\u00f1os de mascotas que quieren que sus peludos compa\u00f1eros destaquen entre la multitud.<\/li>\n<li><strong>Parte de la diversi\u00f3n<\/strong>: No pierda la oportunidad de ofrecer a sus clientes lo mejor en productos para mascotas. As\u00f3ciese con nosotros para acceder a nuestro cat\u00e1logo mayorista y a los detalles de precios. Estamos encantados de colaborar con usted para lograr el \u00e9xito mutuo.<\/li>\n<\/ol>\n<p>Eleva el esp\u00edritu festivo con nuestra ropa y tocados de fantas\u00eda para perros. Haz tu pedido ahora y convierte a tu mascota en el alma de la fiesta.<\/p>\n<p>As\u00f3ciese con nosotros: No pierda la oportunidad de ofrecer a sus clientes lo mejor en productos para mascotas. Para explorar una asociaci\u00f3n con Petstar y recibir nuestro cat\u00e1logo al por mayor y los detalles de precios, p\u00f3ngase en contacto con nosotros.Esperamos con inter\u00e9s la perspectiva de trabajar juntos y lograr el \u00e9xito mutuo.<\/p>","protected":false},"excerpt":{"rendered":"<p>Somos fabricantes de ropa de halloween para perros con m\u00e1s de 20 a\u00f1os de experiencia. Ofrecemos opciones de personalizaci\u00f3n para el color, tama\u00f1o, tela, patr\u00f3n, logotipo, y otras caracter\u00edsticas.<\/p>","protected":false},"featured_media":9223,"template":"","meta":{"_acf_changed":false},"product_brand":[],"product_cat":[49,72],"product_tag":[263,267,266],"class_list":{"0":"post-9219","1":"product","2":"type-product","3":"status-publish","4":"has-post-thumbnail","6":"product_cat-dog-apparel-accessories","7":"product_cat-dog-supplies","8":"product_tag-pet-clothes-accessories","9":"product_tag-pet-costumes","10":"product_tag-pet-hats","12":"first","13":"instock","14":"shipping-taxable","15":"product-type-simple"},"acf":[],"yoast_head":"<!-- This site is optimized with the Yoast SEO plugin v27.1.1 - https:\/\/yoast.com\/product\/yoast-seo-wordpress\/ -->\n<title>Halloween Dog Apparel Novelty Fancy Dog Clothes - Petstar<\/title>\n<meta name=\"description\" content=\"Explore Petstar Halloween Dog Apparel - Mass Production, Customization, and Design Options Available. We are a leading global one-stop dog clothes supplier.\" \/>\n<meta name=\"robots\" content=\"index, follow, max-snippet:-1, max-image-preview:large, max-video-preview:-1\" \/>\n<link rel=\"canonical\" href=\"https:\/\/petproducts.com.cn\/es\/producto\/halloween-dog-apparel-novelty-fancy-dog-clothes\/\" \/>\n<meta property=\"og:locale\" content=\"es_ES\" \/>\n<meta property=\"og:type\" content=\"article\" \/>\n<meta property=\"og:title\" content=\"Halloween Dog Apparel Novelty Fancy Dog Clothes - Petstar\" \/>\n<meta property=\"og:description\" content=\"Explore Petstar Halloween Dog Apparel - Mass Production, Customization, and Design Options Available. We are a leading global one-stop dog clothes supplier.\" \/>\n<meta property=\"og:url\" content=\"https:\/\/petproducts.com.cn\/es\/producto\/halloween-dog-apparel-novelty-fancy-dog-clothes\/\" \/>\n<meta property=\"og:site_name\" content=\"Petstar\" \/>\n<meta property=\"article:modified_time\" content=\"2024-10-31T08:54:29+00:00\" \/>\n<meta property=\"og:image\" content=\"https:\/\/petproducts.com.cn\/wp-content\/uploads\/2023\/09\/DSC2066\u526f\u672c_webp.webp\" \/>\n\t<meta property=\"og:image:width\" content=\"1000\" \/>\n\t<meta property=\"og:image:height\" content=\"1000\" \/>\n\t<meta property=\"og:image:type\" content=\"image\/webp\" \/>\n<meta name=\"twitter:card\" content=\"summary_large_image\" \/>\n<meta name=\"twitter:label1\" content=\"Tiempo de lectura\" \/>\n\t<meta name=\"twitter:data1\" content=\"2 minutos\" \/>\n<script type=\"application\/ld+json\" class=\"yoast-schema-graph\">{\"@context\":\"https:\/\/schema.org\",\"@graph\":[{\"@type\":\"WebPage\",\"@id\":\"https:\/\/petproducts.com.cn\/product\/halloween-dog-apparel-novelty-fancy-dog-clothes\/\",\"url\":\"https:\/\/petproducts.com.cn\/product\/halloween-dog-apparel-novelty-fancy-dog-clothes\/\",\"name\":\"Halloween Dog Apparel Novelty Fancy Dog Clothes - Petstar\",\"isPartOf\":{\"@id\":\"https:\/\/petproducts.com.cn\/#website\"},\"primaryImageOfPage\":{\"@id\":\"https:\/\/petproducts.com.cn\/product\/halloween-dog-apparel-novelty-fancy-dog-clothes\/#primaryimage\"},\"image\":{\"@id\":\"https:\/\/petproducts.com.cn\/product\/halloween-dog-apparel-novelty-fancy-dog-clothes\/#primaryimage\"},\"thumbnailUrl\":\"https:\/\/petproducts.com.cn\/wp-content\/uploads\/2023\/09\/DSC2066\u526f\u672c_webp.webp\",\"datePublished\":\"2023-09-12T09:16:57+00:00\",\"dateModified\":\"2024-10-31T08:54:29+00:00\",\"description\":\"Explore Petstar Halloween Dog Apparel - Mass Production, Customization, and Design Options Available. We are a leading global one-stop dog clothes supplier.\",\"breadcrumb\":{\"@id\":\"https:\/\/petproducts.com.cn\/product\/halloween-dog-apparel-novelty-fancy-dog-clothes\/#breadcrumb\"},\"inLanguage\":\"es\",\"potentialAction\":[{\"@type\":\"ReadAction\",\"target\":[\"https:\/\/petproducts.com.cn\/product\/halloween-dog-apparel-novelty-fancy-dog-clothes\/\"]}]},{\"@type\":\"ImageObject\",\"inLanguage\":\"es\",\"@id\":\"https:\/\/petproducts.com.cn\/product\/halloween-dog-apparel-novelty-fancy-dog-clothes\/#primaryimage\",\"url\":\"https:\/\/petproducts.com.cn\/wp-content\/uploads\/2023\/09\/DSC2066\u526f\u672c_webp.webp\",\"contentUrl\":\"https:\/\/petproducts.com.cn\/wp-content\/uploads\/2023\/09\/DSC2066\u526f\u672c_webp.webp\",\"width\":1000,\"height\":1000,\"caption\":\"Halloween Dog Apparel\"},{\"@type\":\"BreadcrumbList\",\"@id\":\"https:\/\/petproducts.com.cn\/product\/halloween-dog-apparel-novelty-fancy-dog-clothes\/#breadcrumb\",\"itemListElement\":[{\"@type\":\"ListItem\",\"position\":1,\"name\":\"HOME\",\"item\":\"https:\/\/petproducts.com.cn\/\"},{\"@type\":\"ListItem\",\"position\":2,\"name\":\"Products\",\"item\":\"https:\/\/petproducts.com.cn\/shop\/\"},{\"@type\":\"ListItem\",\"position\":3,\"name\":\"Dog Apparel &amp; Accessories\",\"item\":\"https:\/\/petproducts.com.cn\/product-category\/dog-apparel-accessories\/\"},{\"@type\":\"ListItem\",\"position\":4,\"name\":\"Halloween Dog Apparel Novelty Fancy Dog Clothes\"}]},{\"@type\":\"WebSite\",\"@id\":\"https:\/\/petproducts.com.cn\/#website\",\"url\":\"https:\/\/petproducts.com.cn\/\",\"name\":\"Petstar\",\"description\":\"Leading Pet Supplies Manufacturer &amp; OEM Pet Products Supplier\",\"publisher\":{\"@id\":\"https:\/\/petproducts.com.cn\/#organization\"},\"alternateName\":\"Petstar Pet Supplies\",\"potentialAction\":[{\"@type\":\"SearchAction\",\"target\":{\"@type\":\"EntryPoint\",\"urlTemplate\":\"https:\/\/petproducts.com.cn\/?s={search_term_string}\"},\"query-input\":{\"@type\":\"PropertyValueSpecification\",\"valueRequired\":true,\"valueName\":\"search_term_string\"}}],\"inLanguage\":\"es\"},{\"@type\":\"Organization\",\"@id\":\"https:\/\/petproducts.com.cn\/#organization\",\"name\":\"Petstar\",\"url\":\"https:\/\/petproducts.com.cn\/\",\"logo\":{\"@type\":\"ImageObject\",\"inLanguage\":\"es\",\"@id\":\"https:\/\/petproducts.com.cn\/#\/schema\/logo\/image\/\",\"url\":\"https:\/\/petproducts.com.cn\/wp-content\/uploads\/2020\/02\/petstar-logo.webp\",\"contentUrl\":\"https:\/\/petproducts.com.cn\/wp-content\/uploads\/2020\/02\/petstar-logo.webp\",\"width\":779,\"height\":520,\"caption\":\"Petstar\"},\"image\":{\"@id\":\"https:\/\/petproducts.com.cn\/#\/schema\/logo\/image\/\"}}]}<\/script>\n<!-- \/ Yoast SEO plugin. -->","yoast_head_json":{"title":"Ropa de Halloween para perros Ropa de fantas\u00eda para perros - Petstar","description":"Explore Petstar Ropa de Halloween para perros - Producci\u00f3n en masa, personalizaci\u00f3n y opciones de dise\u00f1o disponibles. Somos un proveedor l\u00edder mundial de ropa para perros.","robots":{"index":"index","follow":"follow","max-snippet":"max-snippet:-1","max-image-preview":"max-image-preview:large","max-video-preview":"max-video-preview:-1"},"canonical":"https:\/\/petproducts.com.cn\/es\/producto\/halloween-dog-apparel-novelty-fancy-dog-clothes\/","og_locale":"es_ES","og_type":"article","og_title":"Halloween Dog Apparel Novelty Fancy Dog Clothes - Petstar","og_description":"Explore Petstar Halloween Dog Apparel - Mass Production, Customization, and Design Options Available. We are a leading global one-stop dog clothes supplier.","og_url":"https:\/\/petproducts.com.cn\/es\/producto\/halloween-dog-apparel-novelty-fancy-dog-clothes\/","og_site_name":"Petstar","article_modified_time":"2024-10-31T08:54:29+00:00","og_image":[{"width":1000,"height":1000,"url":"https:\/\/petproducts.com.cn\/wp-content\/uploads\/2023\/09\/DSC2066\u526f\u672c_webp.webp","type":"image\/webp"}],"twitter_card":"summary_large_image","twitter_misc":{"Tiempo de lectura":"2 minutos"},"schema":{"@context":"https:\/\/schema.org","@graph":[{"@type":"WebPage","@id":"https:\/\/petproducts.com.cn\/product\/halloween-dog-apparel-novelty-fancy-dog-clothes\/","url":"https:\/\/petproducts.com.cn\/product\/halloween-dog-apparel-novelty-fancy-dog-clothes\/","name":"Ropa de Halloween para perros Ropa de fantas\u00eda para perros - Petstar","isPartOf":{"@id":"https:\/\/petproducts.com.cn\/#website"},"primaryImageOfPage":{"@id":"https:\/\/petproducts.com.cn\/product\/halloween-dog-apparel-novelty-fancy-dog-clothes\/#primaryimage"},"image":{"@id":"https:\/\/petproducts.com.cn\/product\/halloween-dog-apparel-novelty-fancy-dog-clothes\/#primaryimage"},"thumbnailUrl":"https:\/\/petproducts.com.cn\/wp-content\/uploads\/2023\/09\/DSC2066\u526f\u672c_webp.webp","datePublished":"2023-09-12T09:16:57+00:00","dateModified":"2024-10-31T08:54:29+00:00","description":"Explore Petstar Ropa de Halloween para perros - Producci\u00f3n en masa, personalizaci\u00f3n y opciones de dise\u00f1o disponibles. Somos un proveedor l\u00edder mundial de ropa para perros.","breadcrumb":{"@id":"https:\/\/petproducts.com.cn\/product\/halloween-dog-apparel-novelty-fancy-dog-clothes\/#breadcrumb"},"inLanguage":"es","potentialAction":[{"@type":"ReadAction","target":["https:\/\/petproducts.com.cn\/product\/halloween-dog-apparel-novelty-fancy-dog-clothes\/"]}]},{"@type":"ImageObject","inLanguage":"es","@id":"https:\/\/petproducts.com.cn\/product\/halloween-dog-apparel-novelty-fancy-dog-clothes\/#primaryimage","url":"https:\/\/petproducts.com.cn\/wp-content\/uploads\/2023\/09\/DSC2066\u526f\u672c_webp.webp","contentUrl":"https:\/\/petproducts.com.cn\/wp-content\/uploads\/2023\/09\/DSC2066\u526f\u672c_webp.webp","width":1000,"height":1000,"caption":"Halloween Dog Apparel"},{"@type":"BreadcrumbList","@id":"https:\/\/petproducts.com.cn\/product\/halloween-dog-apparel-novelty-fancy-dog-clothes\/#breadcrumb","itemListElement":[{"@type":"ListItem","position":1,"name":"HOME","item":"https:\/\/petproducts.com.cn\/"},{"@type":"ListItem","position":2,"name":"Products","item":"https:\/\/petproducts.com.cn\/shop\/"},{"@type":"ListItem","position":3,"name":"Dog Apparel &amp; Accessories","item":"https:\/\/petproducts.com.cn\/product-category\/dog-apparel-accessories\/"},{"@type":"ListItem","position":4,"name":"Halloween Dog Apparel Novelty Fancy Dog Clothes"}]},{"@type":"WebSite","@id":"https:\/\/petproducts.com.cn\/#website","url":"https:\/\/petproducts.com.cn\/","name":"Petstar","description":"Fabricante l\u00edder de art\u00edculos para mascotas y proveedor OEM de productos para mascotas","publisher":{"@id":"https:\/\/petproducts.com.cn\/#organization"},"alternateName":"Petstar Pet Supplies","potentialAction":[{"@type":"SearchAction","target":{"@type":"EntryPoint","urlTemplate":"https:\/\/petproducts.com.cn\/?s={search_term_string}"},"query-input":{"@type":"PropertyValueSpecification","valueRequired":true,"valueName":"search_term_string"}}],"inLanguage":"es"},{"@type":"Organization","@id":"https:\/\/petproducts.com.cn\/#organization","name":"Petstar","url":"https:\/\/petproducts.com.cn\/","logo":{"@type":"ImageObject","inLanguage":"es","@id":"https:\/\/petproducts.com.cn\/#\/schema\/logo\/image\/","url":"https:\/\/petproducts.com.cn\/wp-content\/uploads\/2020\/02\/petstar-logo.webp","contentUrl":"https:\/\/petproducts.com.cn\/wp-content\/uploads\/2020\/02\/petstar-logo.webp","width":779,"height":520,"caption":"Petstar"},"image":{"@id":"https:\/\/petproducts.com.cn\/#\/schema\/logo\/image\/"}}]}},"_links":{"self":[{"href":"https:\/\/petproducts.com.cn\/es\/wp-json\/wp\/v2\/product\/9219","targetHints":{"allow":["GET"]}}],"collection":[{"href":"https:\/\/petproducts.com.cn\/es\/wp-json\/wp\/v2\/product"}],"about":[{"href":"https:\/\/petproducts.com.cn\/es\/wp-json\/wp\/v2\/types\/product"}],"version-history":[{"count":3,"href":"https:\/\/petproducts.com.cn\/es\/wp-json\/wp\/v2\/product\/9219\/revisions"}],"predecessor-version":[{"id":11815,"href":"https:\/\/petproducts.com.cn\/es\/wp-json\/wp\/v2\/product\/9219\/revisions\/11815"}],"wp:featuredmedia":[{"embeddable":true,"href":"https:\/\/petproducts.com.cn\/es\/wp-json\/wp\/v2\/media\/9223"}],"wp:attachment":[{"href":"https:\/\/petproducts.com.cn\/es\/wp-json\/wp\/v2\/media?parent=9219"}],"wp:term":[{"taxonomy":"product_brand","embeddable":true,"href":"https:\/\/petproducts.com.cn\/es\/wp-json\/wp\/v2\/product_brand?post=9219"},{"taxonomy":"product_cat","embeddable":true,"href":"https:\/\/petproducts.com.cn\/es\/wp-json\/wp\/v2\/product_cat?post=9219"},{"taxonomy":"product_tag","embeddable":true,"href":"https:\/\/petproducts.com.cn\/es\/wp-json\/wp\/v2\/product_tag?post=9219"}],"curies":[{"name":"wp","href":"https:\/\/api.w.org\/{rel}","templated":true}]}}