{"id":9476,"date":"2023-09-13T07:53:09","date_gmt":"2023-09-13T07:53:09","guid":{"rendered":"https:\/\/petproducts.com.cn\/?post_type=product&#038;p=9476"},"modified":"2024-10-31T08:50:50","modified_gmt":"2024-10-31T08:50:50","slug":"dog-clothes-hoodie-antibacterial-striped-dog-coat-with-pocket","status":"publish","type":"product","link":"https:\/\/petproducts.com.cn\/es\/product\/dog-clothes-hoodie-antibacterial-striped-dog-coat-with-pocket\/","title":{"rendered":"Ropa para perros Sudadera con capucha Abrigo antibacteriano para perros a rayas con bolsillo"},"content":{"rendered":"<h2><strong>Features Of Dog Clothes Hoodie<\/strong><\/h2>\n<div class=\"flex-1 overflow-hidden\">\n<div class=\"react-scroll-to-bottom--css-hriva-79elbk h-full dark:bg-gray-800\">\n<div class=\"react-scroll-to-bottom--css-hriva-1n7m0yu\">\n<div class=\"flex flex-col text-sm dark:bg-gray-800\">\n<div class=\"group w-full text-token-text-primary border-b border-black\/10 dark:border-gray-900\/50 bg-gray-50 dark:bg-[#444654]\" data-testid=\"conversation-turn-137\">\n<div class=\"p-4 justify-center text-base md:gap-6 md:py-6 m-auto\">\n<div class=\"flex flex-1 gap-4 text-base mx-auto md:gap-6 md:max-w-2xl lg:max-w-[38rem] xl:max-w-3xl }\">\n<div class=\"relative flex w-[calc(100%-50px)] flex-col gap-1 md:gap-3 lg:w-[calc(100%-115px)]\">\n<div class=\"flex flex-grow flex-col gap-3 max-w-full\">\n<div class=\"min-h-[20px] flex flex-col items-start gap-3 overflow-x-auto whitespace-pre-wrap break-words\">\n<div class=\"markdown prose w-full break-words dark:prose-invert light\">\n<ol>\n<li><strong>Stylish Dog Clothes Hoodie:<\/strong> Our striped dog coat comes with a convenient hood and a unique button design at the back of the neck, ensuring the hood stays securely in place.<\/li>\n<li><strong>Fashionable and Functional:<\/strong> The hoodie and pocket feature trendy striped patterns, adding a touch of style to your dog&#8217;s wardrobe. You can choose from two attractive colors to suit your pet&#8217;s personality.<\/li>\n<li><strong>Quality Materials:<\/strong> Crafted from high-quality antibacterial fabric, our clothes for dogs are not only stylish but also durable and hygienic. Your furry friend will feel comfortable and protected.<\/li>\n<li><strong>Leash Hole Design:<\/strong> For added convenience during walks, our dog clothes feature a leash hole design, allowing you to attach a leash without removing the hoodie.<\/li>\n<li><strong>Perfect for Big Dogs:<\/strong> We offer big dog clothes sizes to cater to larger breeds, ensuring that all dogs can enjoy the comfort and style of our apparel.<\/li>\n<li><strong>Customization Options:<\/strong> Looking for a specific color? We offer customization services, so you can get the perfect striped dog coat tailored to your preferences.<\/li>\n<li><strong>Wholesale Opportunities:<\/strong> If you&#8217;re a wholesaler or retailer in the pet industry, our high-quality dog clothing is an excellent addition to your inventory. Contact us to explore wholesale options and elevate your product offerings.<\/li>\n<li>With our stylish and functional big dog clothes, your pet will stay cozy and trendy on every outing. Don&#8217;t miss out on the chance to provide your customers with the best in pet apparel. Contact us today to discuss customization and wholesale opportunities.<\/li>\n<\/ol>\n<\/div>\n<\/div>\n<\/div>\n<\/div>\n<\/div>\n<\/div>\n<\/div>\n<\/div>\n<\/div>\n<\/div>\n<\/div>\n<div class=\"absolute bottom-0 left-0 w-full border-t md:border-t-0 dark:border-white\/20 md:border-transparent md:dark:border-transparent md:bg-vert-light-gradient bg-white dark:bg-gray-800 md:!bg-transparent dark:md:bg-vert-dark-gradient pt-2 md:pl-2 md:w-[calc(100%-.5rem)]\">\n<form class=\"stretch mx-2 flex flex-row gap-3 last:mb-2 md:mx-4 md:last:mb-6 lg:mx-auto lg:max-w-2xl xl:max-w-3xl\">\n<div class=\"relative flex h-full flex-1 items-stretch md:flex-col\"><\/div>\n<\/form>\n<\/div>\n","protected":false},"excerpt":{"rendered":"<p>Somos fabricantes de sudaderas con capucha para perros con m\u00e1s de 20 a\u00f1os de experiencia. Ofrecemos opciones de personalizaci\u00f3n para el color, tama\u00f1o, tela, patr\u00f3n, logotipo, y otras caracter\u00edsticas.<\/p>","protected":false},"featured_media":9490,"template":"","meta":{"_acf_changed":false},"product_brand":[],"product_cat":[49,72],"product_tag":[217,259,218],"class_list":{"0":"post-9476","1":"product","2":"type-product","3":"status-publish","4":"has-post-thumbnail","6":"product_cat-dog-apparel-accessories","7":"product_cat-dog-supplies","8":"product_tag-pet-clothes","9":"product_tag-pet-hoodies","10":"product_tag-pet-vests-t-shirts","12":"first","13":"instock","14":"shipping-taxable","15":"product-type-simple"},"acf":[],"yoast_head":"<!-- This site is optimized with the Yoast SEO plugin v27.1.1 - https:\/\/yoast.com\/product\/yoast-seo-wordpress\/ -->\n<title>Dog Clothes Hoodie Antibacterial Striped Dog Coat with Pocket - Petstar<\/title>\n<meta name=\"description\" content=\"Explore Petstar Dog Clothes Hoodie - Mass Production, Customization, and Design Options Available.We are a leading global one-stop dog clothes supplier.\" \/>\n<meta name=\"robots\" content=\"index, follow, max-snippet:-1, max-image-preview:large, max-video-preview:-1\" \/>\n<link rel=\"canonical\" href=\"https:\/\/petproducts.com.cn\/es\/producto\/dog-clothes-hoodie-antibacterial-striped-dog-coat-with-pocket\/\" \/>\n<meta property=\"og:locale\" content=\"es_ES\" \/>\n<meta property=\"og:type\" content=\"article\" \/>\n<meta property=\"og:title\" content=\"Dog Clothes Hoodie Antibacterial Striped Dog Coat with Pocket - Petstar\" \/>\n<meta property=\"og:description\" content=\"Explore Petstar Dog Clothes Hoodie - Mass Production, Customization, and Design Options Available.We are a leading global one-stop dog clothes supplier.\" \/>\n<meta property=\"og:url\" content=\"https:\/\/petproducts.com.cn\/es\/producto\/dog-clothes-hoodie-antibacterial-striped-dog-coat-with-pocket\/\" \/>\n<meta property=\"og:site_name\" content=\"Petstar\" \/>\n<meta property=\"article:modified_time\" content=\"2024-10-31T08:50:50+00:00\" \/>\n<meta property=\"og:image\" content=\"https:\/\/petproducts.com.cn\/wp-content\/uploads\/2023\/09\/DSC6944\u526f\u672c_webp.webp\" \/>\n\t<meta property=\"og:image:width\" content=\"1000\" \/>\n\t<meta property=\"og:image:height\" content=\"1000\" \/>\n\t<meta property=\"og:image:type\" content=\"image\/webp\" \/>\n<meta name=\"twitter:card\" content=\"summary_large_image\" \/>\n<meta name=\"twitter:label1\" content=\"Tiempo de lectura\" \/>\n\t<meta name=\"twitter:data1\" content=\"2 minutos\" \/>\n<script type=\"application\/ld+json\" class=\"yoast-schema-graph\">{\"@context\":\"https:\/\/schema.org\",\"@graph\":[{\"@type\":\"WebPage\",\"@id\":\"https:\/\/petproducts.com.cn\/product\/dog-clothes-hoodie-antibacterial-striped-dog-coat-with-pocket\/\",\"url\":\"https:\/\/petproducts.com.cn\/product\/dog-clothes-hoodie-antibacterial-striped-dog-coat-with-pocket\/\",\"name\":\"Dog Clothes Hoodie Antibacterial Striped Dog Coat with Pocket - Petstar\",\"isPartOf\":{\"@id\":\"https:\/\/petproducts.com.cn\/#website\"},\"primaryImageOfPage\":{\"@id\":\"https:\/\/petproducts.com.cn\/product\/dog-clothes-hoodie-antibacterial-striped-dog-coat-with-pocket\/#primaryimage\"},\"image\":{\"@id\":\"https:\/\/petproducts.com.cn\/product\/dog-clothes-hoodie-antibacterial-striped-dog-coat-with-pocket\/#primaryimage\"},\"thumbnailUrl\":\"https:\/\/petproducts.com.cn\/wp-content\/uploads\/2023\/09\/DSC6944\u526f\u672c_webp.webp\",\"datePublished\":\"2023-09-13T07:53:09+00:00\",\"dateModified\":\"2024-10-31T08:50:50+00:00\",\"description\":\"Explore Petstar Dog Clothes Hoodie - Mass Production, Customization, and Design Options Available.We are a leading global one-stop dog clothes supplier.\",\"breadcrumb\":{\"@id\":\"https:\/\/petproducts.com.cn\/product\/dog-clothes-hoodie-antibacterial-striped-dog-coat-with-pocket\/#breadcrumb\"},\"inLanguage\":\"es\",\"potentialAction\":[{\"@type\":\"ReadAction\",\"target\":[\"https:\/\/petproducts.com.cn\/product\/dog-clothes-hoodie-antibacterial-striped-dog-coat-with-pocket\/\"]}]},{\"@type\":\"ImageObject\",\"inLanguage\":\"es\",\"@id\":\"https:\/\/petproducts.com.cn\/product\/dog-clothes-hoodie-antibacterial-striped-dog-coat-with-pocket\/#primaryimage\",\"url\":\"https:\/\/petproducts.com.cn\/wp-content\/uploads\/2023\/09\/DSC6944\u526f\u672c_webp.webp\",\"contentUrl\":\"https:\/\/petproducts.com.cn\/wp-content\/uploads\/2023\/09\/DSC6944\u526f\u672c_webp.webp\",\"width\":1000,\"height\":1000,\"caption\":\"dog clothes hoodie\"},{\"@type\":\"BreadcrumbList\",\"@id\":\"https:\/\/petproducts.com.cn\/product\/dog-clothes-hoodie-antibacterial-striped-dog-coat-with-pocket\/#breadcrumb\",\"itemListElement\":[{\"@type\":\"ListItem\",\"position\":1,\"name\":\"HOME\",\"item\":\"https:\/\/petproducts.com.cn\/\"},{\"@type\":\"ListItem\",\"position\":2,\"name\":\"Products\",\"item\":\"https:\/\/petproducts.com.cn\/shop\/\"},{\"@type\":\"ListItem\",\"position\":3,\"name\":\"Dog Apparel &amp; Accessories\",\"item\":\"https:\/\/petproducts.com.cn\/product-category\/dog-apparel-accessories\/\"},{\"@type\":\"ListItem\",\"position\":4,\"name\":\"Dog Clothes Hoodie Antibacterial Striped Dog Coat with Pocket\"}]},{\"@type\":\"WebSite\",\"@id\":\"https:\/\/petproducts.com.cn\/#website\",\"url\":\"https:\/\/petproducts.com.cn\/\",\"name\":\"Petstar\",\"description\":\"Leading Pet Supplies Manufacturer &amp; OEM Pet Products Supplier\",\"publisher\":{\"@id\":\"https:\/\/petproducts.com.cn\/#organization\"},\"alternateName\":\"Petstar Pet Supplies\",\"potentialAction\":[{\"@type\":\"SearchAction\",\"target\":{\"@type\":\"EntryPoint\",\"urlTemplate\":\"https:\/\/petproducts.com.cn\/?s={search_term_string}\"},\"query-input\":{\"@type\":\"PropertyValueSpecification\",\"valueRequired\":true,\"valueName\":\"search_term_string\"}}],\"inLanguage\":\"es\"},{\"@type\":\"Organization\",\"@id\":\"https:\/\/petproducts.com.cn\/#organization\",\"name\":\"Petstar\",\"url\":\"https:\/\/petproducts.com.cn\/\",\"logo\":{\"@type\":\"ImageObject\",\"inLanguage\":\"es\",\"@id\":\"https:\/\/petproducts.com.cn\/#\/schema\/logo\/image\/\",\"url\":\"https:\/\/petproducts.com.cn\/wp-content\/uploads\/2020\/02\/petstar-logo.webp\",\"contentUrl\":\"https:\/\/petproducts.com.cn\/wp-content\/uploads\/2020\/02\/petstar-logo.webp\",\"width\":779,\"height\":520,\"caption\":\"Petstar\"},\"image\":{\"@id\":\"https:\/\/petproducts.com.cn\/#\/schema\/logo\/image\/\"}}]}<\/script>\n<!-- \/ Yoast SEO plugin. -->","yoast_head_json":{"title":"Ropa para perros Sudadera con capucha antibacteriana a rayas con bolsillo - Petstar","description":"Explore Petstar Ropa para perros Sudadera con capucha - Producci\u00f3n en masa, personalizaci\u00f3n y opciones de dise\u00f1o disponibles.","robots":{"index":"index","follow":"follow","max-snippet":"max-snippet:-1","max-image-preview":"max-image-preview:large","max-video-preview":"max-video-preview:-1"},"canonical":"https:\/\/petproducts.com.cn\/es\/producto\/dog-clothes-hoodie-antibacterial-striped-dog-coat-with-pocket\/","og_locale":"es_ES","og_type":"article","og_title":"Dog Clothes Hoodie Antibacterial Striped Dog Coat with Pocket - Petstar","og_description":"Explore Petstar Dog Clothes Hoodie - Mass Production, Customization, and Design Options Available.We are a leading global one-stop dog clothes supplier.","og_url":"https:\/\/petproducts.com.cn\/es\/producto\/dog-clothes-hoodie-antibacterial-striped-dog-coat-with-pocket\/","og_site_name":"Petstar","article_modified_time":"2024-10-31T08:50:50+00:00","og_image":[{"width":1000,"height":1000,"url":"https:\/\/petproducts.com.cn\/wp-content\/uploads\/2023\/09\/DSC6944\u526f\u672c_webp.webp","type":"image\/webp"}],"twitter_card":"summary_large_image","twitter_misc":{"Tiempo de lectura":"2 minutos"},"schema":{"@context":"https:\/\/schema.org","@graph":[{"@type":"WebPage","@id":"https:\/\/petproducts.com.cn\/product\/dog-clothes-hoodie-antibacterial-striped-dog-coat-with-pocket\/","url":"https:\/\/petproducts.com.cn\/product\/dog-clothes-hoodie-antibacterial-striped-dog-coat-with-pocket\/","name":"Ropa para perros Sudadera con capucha antibacteriana a rayas con bolsillo - Petstar","isPartOf":{"@id":"https:\/\/petproducts.com.cn\/#website"},"primaryImageOfPage":{"@id":"https:\/\/petproducts.com.cn\/product\/dog-clothes-hoodie-antibacterial-striped-dog-coat-with-pocket\/#primaryimage"},"image":{"@id":"https:\/\/petproducts.com.cn\/product\/dog-clothes-hoodie-antibacterial-striped-dog-coat-with-pocket\/#primaryimage"},"thumbnailUrl":"https:\/\/petproducts.com.cn\/wp-content\/uploads\/2023\/09\/DSC6944\u526f\u672c_webp.webp","datePublished":"2023-09-13T07:53:09+00:00","dateModified":"2024-10-31T08:50:50+00:00","description":"Explore Petstar Ropa para perros Sudadera con capucha - Producci\u00f3n en masa, personalizaci\u00f3n y opciones de dise\u00f1o disponibles.","breadcrumb":{"@id":"https:\/\/petproducts.com.cn\/product\/dog-clothes-hoodie-antibacterial-striped-dog-coat-with-pocket\/#breadcrumb"},"inLanguage":"es","potentialAction":[{"@type":"ReadAction","target":["https:\/\/petproducts.com.cn\/product\/dog-clothes-hoodie-antibacterial-striped-dog-coat-with-pocket\/"]}]},{"@type":"ImageObject","inLanguage":"es","@id":"https:\/\/petproducts.com.cn\/product\/dog-clothes-hoodie-antibacterial-striped-dog-coat-with-pocket\/#primaryimage","url":"https:\/\/petproducts.com.cn\/wp-content\/uploads\/2023\/09\/DSC6944\u526f\u672c_webp.webp","contentUrl":"https:\/\/petproducts.com.cn\/wp-content\/uploads\/2023\/09\/DSC6944\u526f\u672c_webp.webp","width":1000,"height":1000,"caption":"dog clothes hoodie"},{"@type":"BreadcrumbList","@id":"https:\/\/petproducts.com.cn\/product\/dog-clothes-hoodie-antibacterial-striped-dog-coat-with-pocket\/#breadcrumb","itemListElement":[{"@type":"ListItem","position":1,"name":"HOME","item":"https:\/\/petproducts.com.cn\/"},{"@type":"ListItem","position":2,"name":"Products","item":"https:\/\/petproducts.com.cn\/shop\/"},{"@type":"ListItem","position":3,"name":"Dog Apparel &amp; Accessories","item":"https:\/\/petproducts.com.cn\/product-category\/dog-apparel-accessories\/"},{"@type":"ListItem","position":4,"name":"Dog Clothes Hoodie Antibacterial Striped Dog Coat with Pocket"}]},{"@type":"WebSite","@id":"https:\/\/petproducts.com.cn\/#website","url":"https:\/\/petproducts.com.cn\/","name":"Petstar","description":"Fabricante l\u00edder de art\u00edculos para mascotas y proveedor OEM de productos para mascotas","publisher":{"@id":"https:\/\/petproducts.com.cn\/#organization"},"alternateName":"Petstar Pet Supplies","potentialAction":[{"@type":"SearchAction","target":{"@type":"EntryPoint","urlTemplate":"https:\/\/petproducts.com.cn\/?s={search_term_string}"},"query-input":{"@type":"PropertyValueSpecification","valueRequired":true,"valueName":"search_term_string"}}],"inLanguage":"es"},{"@type":"Organization","@id":"https:\/\/petproducts.com.cn\/#organization","name":"Petstar","url":"https:\/\/petproducts.com.cn\/","logo":{"@type":"ImageObject","inLanguage":"es","@id":"https:\/\/petproducts.com.cn\/#\/schema\/logo\/image\/","url":"https:\/\/petproducts.com.cn\/wp-content\/uploads\/2020\/02\/petstar-logo.webp","contentUrl":"https:\/\/petproducts.com.cn\/wp-content\/uploads\/2020\/02\/petstar-logo.webp","width":779,"height":520,"caption":"Petstar"},"image":{"@id":"https:\/\/petproducts.com.cn\/#\/schema\/logo\/image\/"}}]}},"_links":{"self":[{"href":"https:\/\/petproducts.com.cn\/es\/wp-json\/wp\/v2\/product\/9476","targetHints":{"allow":["GET"]}}],"collection":[{"href":"https:\/\/petproducts.com.cn\/es\/wp-json\/wp\/v2\/product"}],"about":[{"href":"https:\/\/petproducts.com.cn\/es\/wp-json\/wp\/v2\/types\/product"}],"version-history":[{"count":3,"href":"https:\/\/petproducts.com.cn\/es\/wp-json\/wp\/v2\/product\/9476\/revisions"}],"predecessor-version":[{"id":11673,"href":"https:\/\/petproducts.com.cn\/es\/wp-json\/wp\/v2\/product\/9476\/revisions\/11673"}],"wp:featuredmedia":[{"embeddable":true,"href":"https:\/\/petproducts.com.cn\/es\/wp-json\/wp\/v2\/media\/9490"}],"wp:attachment":[{"href":"https:\/\/petproducts.com.cn\/es\/wp-json\/wp\/v2\/media?parent=9476"}],"wp:term":[{"taxonomy":"product_brand","embeddable":true,"href":"https:\/\/petproducts.com.cn\/es\/wp-json\/wp\/v2\/product_brand?post=9476"},{"taxonomy":"product_cat","embeddable":true,"href":"https:\/\/petproducts.com.cn\/es\/wp-json\/wp\/v2\/product_cat?post=9476"},{"taxonomy":"product_tag","embeddable":true,"href":"https:\/\/petproducts.com.cn\/es\/wp-json\/wp\/v2\/product_tag?post=9476"}],"curies":[{"name":"wp","href":"https:\/\/api.w.org\/{rel}","templated":true}]}}