{"id":10930,"date":"2023-09-19T06:53:46","date_gmt":"2023-09-19T06:53:46","guid":{"rendered":"https:\/\/petproducts.com.cn\/?post_type=product&#038;p=10930"},"modified":"2024-10-31T08:42:17","modified_gmt":"2024-10-31T08:42:17","slug":"dog-designer-clothing-custom-dog-clothing-dog-coat","status":"publish","type":"product","link":"https:\/\/petproducts.com.cn\/fr\/product\/dog-designer-clothing-custom-dog-clothing-dog-coat\/","title":{"rendered":"V\u00eatements de cr\u00e9ateur pour chien V\u00eatements personnalis\u00e9s pour chien Manteau pour chien"},"content":{"rendered":"<h2><strong>Features Of Dog Designer Clothing<\/strong><\/h2>\n<div class=\"flex-1 overflow-hidden\">\n<div class=\"react-scroll-to-bottom--css-hriva-79elbk h-full dark:bg-gray-800\">\n<div class=\"react-scroll-to-bottom--css-hriva-1n7m0yu\">\n<div class=\"flex flex-col text-sm dark:bg-gray-800\">\n<div class=\"group w-full text-token-text-primary border-b border-black\/10 dark:border-gray-900\/50 bg-gray-50 dark:bg-[#444654]\" data-testid=\"conversation-turn-137\">\n<div class=\"p-4 justify-center text-base md:gap-6 md:py-6 m-auto\">\n<div class=\"flex flex-1 gap-4 text-base mx-auto md:gap-6 md:max-w-2xl lg:max-w-[38rem] xl:max-w-3xl }\">\n<div class=\"relative flex w-[calc(100%-50px)] flex-col gap-1 md:gap-3 lg:w-[calc(100%-115px)]\">\n<div class=\"flex flex-grow flex-col gap-3 max-w-full\">\n<div class=\"min-h-[20px] flex flex-col items-start gap-3 overflow-x-auto whitespace-pre-wrap break-words\">\n<div class=\"markdown prose w-full break-words dark:prose-invert light\">\n<div class=\"flex-1 overflow-hidden\">\n<div class=\"react-scroll-to-bottom--css-hriva-79elbk h-full dark:bg-gray-800\">\n<div class=\"react-scroll-to-bottom--css-hriva-1n7m0yu\">\n<div class=\"flex flex-col text-sm dark:bg-gray-800\">\n<div class=\"group w-full text-token-text-primary border-b border-black\/10 dark:border-gray-900\/50 bg-gray-50 dark:bg-[#444654]\" data-testid=\"conversation-turn-141\">\n<div class=\"p-4 justify-center text-base md:gap-6 md:py-6 m-auto\">\n<div class=\"flex flex-1 gap-4 text-base mx-auto md:gap-6 md:max-w-2xl lg:max-w-[38rem] xl:max-w-3xl }\">\n<div class=\"relative flex w-[calc(100%-50px)] flex-col gap-1 md:gap-3 lg:w-[calc(100%-115px)]\">\n<div class=\"flex flex-grow flex-col gap-3 max-w-full\">\n<div class=\"min-h-[20px] flex flex-col items-start gap-3 overflow-x-auto whitespace-pre-wrap break-words\">\n<div class=\"markdown prose w-full break-words dark:prose-invert light\">\n<div class=\"flex-1 overflow-hidden\">\n<div class=\"react-scroll-to-bottom--css-hriva-79elbk h-full dark:bg-gray-800\">\n<div class=\"react-scroll-to-bottom--css-hriva-1n7m0yu\">\n<div class=\"flex flex-col text-sm dark:bg-gray-800\">\n<div class=\"group w-full text-token-text-primary border-b border-black\/10 dark:border-gray-900\/50 bg-gray-50 dark:bg-[#444654]\" data-testid=\"conversation-turn-143\">\n<div class=\"p-4 justify-center text-base md:gap-6 md:py-6 m-auto\">\n<div class=\"flex flex-1 gap-4 text-base mx-auto md:gap-6 md:max-w-2xl lg:max-w-[38rem] xl:max-w-3xl }\">\n<div class=\"relative flex w-[calc(100%-50px)] flex-col gap-1 md:gap-3 lg:w-[calc(100%-115px)]\">\n<div class=\"flex flex-grow flex-col gap-3 max-w-full\">\n<div class=\"min-h-[20px] flex flex-col items-start gap-3 overflow-x-auto whitespace-pre-wrap break-words\">\n<div class=\"markdown prose w-full break-words dark:prose-invert light\">\n<ol>\n<li><strong>Elevate Your Pet&#8217;s Style:<\/strong> Introducing our exclusive line of designer dog clothing, featuring a fashionable and functional sleeveless small dog coat.<\/li>\n<li><strong>Enhanced Safety:<\/strong> To ensure your furry friend&#8217;s visibility and safety during nighttime walks, our custom dog apparel features reflective strips on the front and back.<\/li>\n<li><strong>Chic Striped Design:<\/strong> The green dog clothing stands out with its stylish back stripes, making your pet the center of attention wherever you go.<\/li>\n<li><strong>Adjustable Fit:<\/strong> For a customizable and comfortable fit, we&#8217;ve added an adjustable belt on the back, keeping your pet snug and cozy.<\/li>\n<li><strong>Breathable Comfort:<\/strong> Inside, you&#8217;ll find a breathable mesh lining that prevents overheating, making our designer dog clothing suitable for various seasons.<\/li>\n<li><strong>Easy On and Off:<\/strong> Our dog clothing features a hassle-free design, allowing you to effortlessly put it on and take it off, ensuring a stress-free dressing experience for both you and your pet.<\/li>\n<li><strong>Customization Options:<\/strong> Choose from a range of sizes and colors to suit your pet&#8217;s unique style and preferences. Our custom dog apparel allows you to personalize your pet&#8217;s wardrobe.<\/li>\n<li><strong>Wholesale Opportunities Await:<\/strong> Whether you&#8217;re a wholesaler or retailer, our top-quality dog clothing collection is an excellent addition to your inventory.<\/li>\n<\/ol>\n<\/div>\n<\/div>\n<\/div>\n<\/div>\n<\/div>\n<\/div>\n<\/div>\n<\/div>\n<\/div>\n<\/div>\n<\/div>\n<\/div>\n<\/div>\n<\/div>\n<\/div>\n<\/div>\n<\/div>\n<\/div>\n<\/div>\n<\/div>\n<\/div>\n<\/div>\n<\/div>\n<\/div>\n<\/div>\n<\/div>\n<\/div>\n<\/div>\n<\/div>\n<\/div>\n<\/div>\n<\/div>\n<\/div>\n","protected":false},"excerpt":{"rendered":"<p>Nous sommes un fabricant de v\u00eatements pour chiens avec plus de 20 ans d'exp\u00e9rience. Nous offrons des options de personnalisation pour la couleur, la taille, le tissu, le motif, le logo et d'autres caract\u00e9ristiques.<\/p>","protected":false},"featured_media":10939,"template":"","meta":{"_acf_changed":false},"product_brand":[],"product_cat":[49,72],"product_tag":[217,218],"class_list":{"0":"post-10930","1":"product","2":"type-product","3":"status-publish","4":"has-post-thumbnail","6":"product_cat-dog-apparel-accessories","7":"product_cat-dog-supplies","8":"product_tag-pet-clothes","9":"product_tag-pet-vests-t-shirts","11":"first","12":"instock","13":"shipping-taxable","14":"product-type-simple"},"acf":[],"yoast_head":"<!-- This site is optimized with the Yoast SEO plugin v27.1.1 - https:\/\/yoast.com\/product\/yoast-seo-wordpress\/ -->\n<title>Dog Designer Clothing Custom Dog Clothing Dog Coat - Petstar<\/title>\n<meta name=\"description\" content=\"Explore Petstar Dog Designer Clothing - Mass Production, Customization, and Design Options Available.We are a leading global one-stop dog clothes supplier.\" \/>\n<meta name=\"robots\" content=\"index, follow, max-snippet:-1, max-image-preview:large, max-video-preview:-1\" \/>\n<link rel=\"canonical\" href=\"https:\/\/petproducts.com.cn\/fr\/produit\/dog-designer-clothing-custom-dog-clothing-dog-coat\/\" \/>\n<meta property=\"og:locale\" content=\"fr_FR\" \/>\n<meta property=\"og:type\" content=\"article\" \/>\n<meta property=\"og:title\" content=\"Dog Designer Clothing Custom Dog Clothing Dog Coat - Petstar\" \/>\n<meta property=\"og:description\" content=\"Explore Petstar Dog Designer Clothing - Mass Production, Customization, and Design Options Available.We are a leading global one-stop dog clothes supplier.\" \/>\n<meta property=\"og:url\" content=\"https:\/\/petproducts.com.cn\/fr\/produit\/dog-designer-clothing-custom-dog-clothing-dog-coat\/\" \/>\n<meta property=\"og:site_name\" content=\"Petstar\" \/>\n<meta property=\"article:modified_time\" content=\"2024-10-31T08:42:17+00:00\" \/>\n<meta property=\"og:image\" content=\"https:\/\/petproducts.com.cn\/wp-content\/uploads\/2023\/09\/DSC4202\u526f\u672c_webp.webp\" \/>\n\t<meta property=\"og:image:width\" content=\"1000\" \/>\n\t<meta property=\"og:image:height\" content=\"1000\" \/>\n\t<meta property=\"og:image:type\" content=\"image\/webp\" \/>\n<meta name=\"twitter:card\" content=\"summary_large_image\" \/>\n<meta name=\"twitter:label1\" content=\"Dur\u00e9e de lecture estim\u00e9e\" \/>\n\t<meta name=\"twitter:data1\" content=\"1 minute\" \/>\n<script type=\"application\/ld+json\" class=\"yoast-schema-graph\">{\"@context\":\"https:\/\/schema.org\",\"@graph\":[{\"@type\":\"WebPage\",\"@id\":\"https:\/\/petproducts.com.cn\/product\/dog-designer-clothing-custom-dog-clothing-dog-coat\/\",\"url\":\"https:\/\/petproducts.com.cn\/product\/dog-designer-clothing-custom-dog-clothing-dog-coat\/\",\"name\":\"Dog Designer Clothing Custom Dog Clothing Dog Coat - Petstar\",\"isPartOf\":{\"@id\":\"https:\/\/petproducts.com.cn\/#website\"},\"primaryImageOfPage\":{\"@id\":\"https:\/\/petproducts.com.cn\/product\/dog-designer-clothing-custom-dog-clothing-dog-coat\/#primaryimage\"},\"image\":{\"@id\":\"https:\/\/petproducts.com.cn\/product\/dog-designer-clothing-custom-dog-clothing-dog-coat\/#primaryimage\"},\"thumbnailUrl\":\"https:\/\/petproducts.com.cn\/wp-content\/uploads\/2023\/09\/DSC4202\u526f\u672c_webp.webp\",\"datePublished\":\"2023-09-19T06:53:46+00:00\",\"dateModified\":\"2024-10-31T08:42:17+00:00\",\"description\":\"Explore Petstar Dog Designer Clothing - Mass Production, Customization, and Design Options Available.We are a leading global one-stop dog clothes supplier.\",\"breadcrumb\":{\"@id\":\"https:\/\/petproducts.com.cn\/product\/dog-designer-clothing-custom-dog-clothing-dog-coat\/#breadcrumb\"},\"inLanguage\":\"fr-FR\",\"potentialAction\":[{\"@type\":\"ReadAction\",\"target\":[\"https:\/\/petproducts.com.cn\/product\/dog-designer-clothing-custom-dog-clothing-dog-coat\/\"]}]},{\"@type\":\"ImageObject\",\"inLanguage\":\"fr-FR\",\"@id\":\"https:\/\/petproducts.com.cn\/product\/dog-designer-clothing-custom-dog-clothing-dog-coat\/#primaryimage\",\"url\":\"https:\/\/petproducts.com.cn\/wp-content\/uploads\/2023\/09\/DSC4202\u526f\u672c_webp.webp\",\"contentUrl\":\"https:\/\/petproducts.com.cn\/wp-content\/uploads\/2023\/09\/DSC4202\u526f\u672c_webp.webp\",\"width\":1000,\"height\":1000,\"caption\":\"dog designer clothing\"},{\"@type\":\"BreadcrumbList\",\"@id\":\"https:\/\/petproducts.com.cn\/product\/dog-designer-clothing-custom-dog-clothing-dog-coat\/#breadcrumb\",\"itemListElement\":[{\"@type\":\"ListItem\",\"position\":1,\"name\":\"HOME\",\"item\":\"https:\/\/petproducts.com.cn\/\"},{\"@type\":\"ListItem\",\"position\":2,\"name\":\"Products\",\"item\":\"https:\/\/petproducts.com.cn\/shop\/\"},{\"@type\":\"ListItem\",\"position\":3,\"name\":\"Dog Apparel &amp; Accessories\",\"item\":\"https:\/\/petproducts.com.cn\/product-category\/dog-apparel-accessories\/\"},{\"@type\":\"ListItem\",\"position\":4,\"name\":\"Dog Designer Clothing Custom Dog Clothing Dog Coat\"}]},{\"@type\":\"WebSite\",\"@id\":\"https:\/\/petproducts.com.cn\/#website\",\"url\":\"https:\/\/petproducts.com.cn\/\",\"name\":\"Petstar\",\"description\":\"Leading Pet Supplies Manufacturer &amp; OEM Pet Products Supplier\",\"publisher\":{\"@id\":\"https:\/\/petproducts.com.cn\/#organization\"},\"alternateName\":\"Petstar Pet Supplies\",\"potentialAction\":[{\"@type\":\"SearchAction\",\"target\":{\"@type\":\"EntryPoint\",\"urlTemplate\":\"https:\/\/petproducts.com.cn\/?s={search_term_string}\"},\"query-input\":{\"@type\":\"PropertyValueSpecification\",\"valueRequired\":true,\"valueName\":\"search_term_string\"}}],\"inLanguage\":\"fr-FR\"},{\"@type\":\"Organization\",\"@id\":\"https:\/\/petproducts.com.cn\/#organization\",\"name\":\"Petstar\",\"url\":\"https:\/\/petproducts.com.cn\/\",\"logo\":{\"@type\":\"ImageObject\",\"inLanguage\":\"fr-FR\",\"@id\":\"https:\/\/petproducts.com.cn\/#\/schema\/logo\/image\/\",\"url\":\"https:\/\/petproducts.com.cn\/wp-content\/uploads\/2020\/02\/petstar-logo.webp\",\"contentUrl\":\"https:\/\/petproducts.com.cn\/wp-content\/uploads\/2020\/02\/petstar-logo.webp\",\"width\":779,\"height\":520,\"caption\":\"Petstar\"},\"image\":{\"@id\":\"https:\/\/petproducts.com.cn\/#\/schema\/logo\/image\/\"}}]}<\/script>\n<!-- \/ Yoast SEO plugin. -->","yoast_head_json":{"title":"V\u00eatements de cr\u00e9ateur pour chiens V\u00eatements personnalis\u00e9s pour chiens Manteau pour chiens - Petstar","description":"D\u00e9couvrez les v\u00eatements de cr\u00e9ateur pour chiens Petstar - Production de masse, personnalisation et options de conception disponibles.","robots":{"index":"index","follow":"follow","max-snippet":"max-snippet:-1","max-image-preview":"max-image-preview:large","max-video-preview":"max-video-preview:-1"},"canonical":"https:\/\/petproducts.com.cn\/fr\/produit\/dog-designer-clothing-custom-dog-clothing-dog-coat\/","og_locale":"fr_FR","og_type":"article","og_title":"Dog Designer Clothing Custom Dog Clothing Dog Coat - Petstar","og_description":"Explore Petstar Dog Designer Clothing - Mass Production, Customization, and Design Options Available.We are a leading global one-stop dog clothes supplier.","og_url":"https:\/\/petproducts.com.cn\/fr\/produit\/dog-designer-clothing-custom-dog-clothing-dog-coat\/","og_site_name":"Petstar","article_modified_time":"2024-10-31T08:42:17+00:00","og_image":[{"width":1000,"height":1000,"url":"https:\/\/petproducts.com.cn\/wp-content\/uploads\/2023\/09\/DSC4202\u526f\u672c_webp.webp","type":"image\/webp"}],"twitter_card":"summary_large_image","twitter_misc":{"Dur\u00e9e de lecture estim\u00e9e":"1 minute"},"schema":{"@context":"https:\/\/schema.org","@graph":[{"@type":"WebPage","@id":"https:\/\/petproducts.com.cn\/product\/dog-designer-clothing-custom-dog-clothing-dog-coat\/","url":"https:\/\/petproducts.com.cn\/product\/dog-designer-clothing-custom-dog-clothing-dog-coat\/","name":"V\u00eatements de cr\u00e9ateur pour chiens V\u00eatements personnalis\u00e9s pour chiens Manteau pour chiens - Petstar","isPartOf":{"@id":"https:\/\/petproducts.com.cn\/#website"},"primaryImageOfPage":{"@id":"https:\/\/petproducts.com.cn\/product\/dog-designer-clothing-custom-dog-clothing-dog-coat\/#primaryimage"},"image":{"@id":"https:\/\/petproducts.com.cn\/product\/dog-designer-clothing-custom-dog-clothing-dog-coat\/#primaryimage"},"thumbnailUrl":"https:\/\/petproducts.com.cn\/wp-content\/uploads\/2023\/09\/DSC4202\u526f\u672c_webp.webp","datePublished":"2023-09-19T06:53:46+00:00","dateModified":"2024-10-31T08:42:17+00:00","description":"D\u00e9couvrez les v\u00eatements de cr\u00e9ateur pour chiens Petstar - Production de masse, personnalisation et options de conception disponibles.","breadcrumb":{"@id":"https:\/\/petproducts.com.cn\/product\/dog-designer-clothing-custom-dog-clothing-dog-coat\/#breadcrumb"},"inLanguage":"fr-FR","potentialAction":[{"@type":"ReadAction","target":["https:\/\/petproducts.com.cn\/product\/dog-designer-clothing-custom-dog-clothing-dog-coat\/"]}]},{"@type":"ImageObject","inLanguage":"fr-FR","@id":"https:\/\/petproducts.com.cn\/product\/dog-designer-clothing-custom-dog-clothing-dog-coat\/#primaryimage","url":"https:\/\/petproducts.com.cn\/wp-content\/uploads\/2023\/09\/DSC4202\u526f\u672c_webp.webp","contentUrl":"https:\/\/petproducts.com.cn\/wp-content\/uploads\/2023\/09\/DSC4202\u526f\u672c_webp.webp","width":1000,"height":1000,"caption":"dog designer clothing"},{"@type":"BreadcrumbList","@id":"https:\/\/petproducts.com.cn\/product\/dog-designer-clothing-custom-dog-clothing-dog-coat\/#breadcrumb","itemListElement":[{"@type":"ListItem","position":1,"name":"HOME","item":"https:\/\/petproducts.com.cn\/"},{"@type":"ListItem","position":2,"name":"Products","item":"https:\/\/petproducts.com.cn\/shop\/"},{"@type":"ListItem","position":3,"name":"Dog Apparel &amp; Accessories","item":"https:\/\/petproducts.com.cn\/product-category\/dog-apparel-accessories\/"},{"@type":"ListItem","position":4,"name":"Dog Designer Clothing Custom Dog Clothing Dog Coat"}]},{"@type":"WebSite","@id":"https:\/\/petproducts.com.cn\/#website","url":"https:\/\/petproducts.com.cn\/","name":"Petstar","description":"Fabricant leader de fournitures pour animaux de compagnie et fournisseur OEM de produits pour animaux de compagnie","publisher":{"@id":"https:\/\/petproducts.com.cn\/#organization"},"alternateName":"Petstar Pet Supplies","potentialAction":[{"@type":"SearchAction","target":{"@type":"EntryPoint","urlTemplate":"https:\/\/petproducts.com.cn\/?s={search_term_string}"},"query-input":{"@type":"PropertyValueSpecification","valueRequired":true,"valueName":"search_term_string"}}],"inLanguage":"fr-FR"},{"@type":"Organization","@id":"https:\/\/petproducts.com.cn\/#organization","name":"Petstar","url":"https:\/\/petproducts.com.cn\/","logo":{"@type":"ImageObject","inLanguage":"fr-FR","@id":"https:\/\/petproducts.com.cn\/#\/schema\/logo\/image\/","url":"https:\/\/petproducts.com.cn\/wp-content\/uploads\/2020\/02\/petstar-logo.webp","contentUrl":"https:\/\/petproducts.com.cn\/wp-content\/uploads\/2020\/02\/petstar-logo.webp","width":779,"height":520,"caption":"Petstar"},"image":{"@id":"https:\/\/petproducts.com.cn\/#\/schema\/logo\/image\/"}}]}},"_links":{"self":[{"href":"https:\/\/petproducts.com.cn\/fr\/wp-json\/wp\/v2\/product\/10930","targetHints":{"allow":["GET"]}}],"collection":[{"href":"https:\/\/petproducts.com.cn\/fr\/wp-json\/wp\/v2\/product"}],"about":[{"href":"https:\/\/petproducts.com.cn\/fr\/wp-json\/wp\/v2\/types\/product"}],"version-history":[{"count":1,"href":"https:\/\/petproducts.com.cn\/fr\/wp-json\/wp\/v2\/product\/10930\/revisions"}],"predecessor-version":[{"id":10977,"href":"https:\/\/petproducts.com.cn\/fr\/wp-json\/wp\/v2\/product\/10930\/revisions\/10977"}],"wp:featuredmedia":[{"embeddable":true,"href":"https:\/\/petproducts.com.cn\/fr\/wp-json\/wp\/v2\/media\/10939"}],"wp:attachment":[{"href":"https:\/\/petproducts.com.cn\/fr\/wp-json\/wp\/v2\/media?parent=10930"}],"wp:term":[{"taxonomy":"product_brand","embeddable":true,"href":"https:\/\/petproducts.com.cn\/fr\/wp-json\/wp\/v2\/product_brand?post=10930"},{"taxonomy":"product_cat","embeddable":true,"href":"https:\/\/petproducts.com.cn\/fr\/wp-json\/wp\/v2\/product_cat?post=10930"},{"taxonomy":"product_tag","embeddable":true,"href":"https:\/\/petproducts.com.cn\/fr\/wp-json\/wp\/v2\/product_tag?post=10930"}],"curies":[{"name":"wp","href":"https:\/\/api.w.org\/{rel}","templated":true}]}}