{"id":14115,"date":"2023-10-24T05:55:58","date_gmt":"2023-10-24T05:55:58","guid":{"rendered":"https:\/\/petproducts.com.cn\/?post_type=product&#038;p=14115"},"modified":"2023-10-24T06:33:54","modified_gmt":"2023-10-24T06:33:54","slug":"wholesale-dog-cages","status":"publish","type":"product","link":"https:\/\/petproducts.com.cn\/fr\/product\/wholesale-dog-cages\/","title":{"rendered":"Caisse pour chien et chat pliable en fil m\u00e9tallique \u00e0 double porte fabriqu\u00e9e au Vietnam"},"content":{"rendered":"<h2>Caract\u00e9ristiques des cages pour chiens en gros<\/h2>\n<ol>\n<li><strong>Durabilit\u00e9:<\/strong> Nos cages pour chiens en gros sont fabriqu\u00e9es en fil m\u00e9tallique de haute qualit\u00e9, ce qui leur permet de r\u00e9sister \u00e0 l'usure quotidienne et aux activit\u00e9s des chiens \u00e9nergiques.<\/li>\n<li><strong>Foldable Design:<\/strong> Leur conception pliable permet de les ranger et de les transporter facilement, ce qui est id\u00e9al pour les propri\u00e9taires d'animaux qui doivent voyager avec leur chien ou qui disposent d'un espace limit\u00e9 lorsque la cage n'est pas utilis\u00e9e.<\/li>\n<li><strong>Double porte d'acc\u00e8s :<\/strong> La configuration \u00e0 double porte offre une grande polyvalence dans l'acc\u00e8s et la s\u00e9curisation de votre animal. En outre, elle offre des points d'entr\u00e9e et de sortie pratiques, ce qui permet de s'adapter plus facilement aux besoins de votre animal et \u00e0 l'espace disponible.<\/li>\n<li><strong>Nettoyage facile :<\/strong> Le plateau inclus simplifie le processus de nettoyage en recueillant les d\u00e9chets et les \u00e9claboussures de l'animal, ce qui garantit un environnement hygi\u00e9nique et sans odeur pour votre chien.<\/li>\n<li><strong>S\u00fbr et s\u00e9curis\u00e9 :<\/strong> La construction m\u00e9tallique robuste et les serrures \u00e0 double porte cr\u00e9ent un espace s\u00fbr et s\u00e9curis\u00e9 pour votre chien, l'emp\u00eachant de s'\u00e9chapper et le prot\u00e9geant des dangers potentiels.<\/li>\n<li><strong>Ventilation et visibilit\u00e9 :<\/strong> La conception en fil m\u00e9tallique optimise la ventilation et la visibilit\u00e9, garantissant que votre chien reste \u00e0 l'aise et en contact avec son environnement.<\/li>\n<li><strong>Ajustable Taille :<\/strong> De nombreuses caisses sont r\u00e9glables en taille, ce qui leur permet de s'adapter \u00e0 diff\u00e9rentes races et tailles de chiens au fur et \u00e0 mesure qu'ils grandissent, garantissant ainsi une utilisation \u00e0 long terme.<\/li>\n<li><strong>Portabilit\u00e9 :<\/strong> La conception pliable de la cage et ses poign\u00e9es de transport la rendent facile \u00e0 transporter pour les voyages, les visites chez le v\u00e9t\u00e9rinaire ou toute autre activit\u00e9 li\u00e9e au chien.<\/li>\n<li><strong>Versatile Use:<\/strong> Au-del\u00e0 du confinement et du dressage, une cage pour chien en fil m\u00e9tallique durable peut \u00e9galement fournir un espace s\u00e9curis\u00e9 pour que votre chien se d\u00e9tende et se sente \u00e0 l'aise, que ce soit \u00e0 la maison ou en d\u00e9placement.<\/li>\n<li><strong>Personnalisation :<\/strong> Certaines caisses offrent des options de personnalisation, vous permettant d'ajouter de la liti\u00e8re, des jouets ou d'autres accessoires pour cr\u00e9er un espace plus confortable et plus agr\u00e9able pour votre animal, le tout provenant directement du fabricant.<\/li>\n<li><strong>Appel esth\u00e9tique\u00a0:<\/strong> Gr\u00e2ce aux diff\u00e9rentes finitions et conceptions disponibles, la cage peut \u00eatre un ajout \u00e9l\u00e9gant \u00e0 votre d\u00e9coration int\u00e9rieure tout en offrant tous les avantages pratiques d'un enclos s\u00e9curis\u00e9 pour animaux de compagnie.<\/li>\n<li><strong>Fabriqu\u00e9 dans l'usine du Vietnam pour \u00e9conomiser les droits d'importation :<\/strong> Nos caisses proviennent d'une usine vietnamienne, ce qui vous permet d'\u00e9conomiser sur les droits d'importation et de b\u00e9n\u00e9ficier de prix comp\u00e9titifs.<\/li>\n<\/ol>","protected":false},"excerpt":{"rendered":"<p>Nous sommes un fabricant de cages pour animaux de compagnie avec plus de 20 ans d'exp\u00e9rience. Nous offrons des options de personnalisation pour la couleur, la taille, le logo et d'autres caract\u00e9ristiques.<\/p>","protected":false},"featured_media":14118,"template":"","meta":{"_acf_changed":false},"product_brand":[],"product_cat":[52,72],"product_tag":[106],"class_list":{"0":"post-14115","1":"product","2":"type-product","3":"status-publish","4":"has-post-thumbnail","6":"product_cat-dog-crates-houses-pens","7":"product_cat-dog-supplies","8":"product_tag-dog-crates-houses-pens","10":"first","11":"instock","12":"shipping-taxable","13":"product-type-simple"},"acf":[],"yoast_head":"<!-- This site is optimized with the Yoast SEO plugin v27.1.1 - https:\/\/yoast.com\/product\/yoast-seo-wordpress\/ -->\n<title>Wholesale Dog Cages | Custom Dog Cages - Petstar<\/title>\n<meta name=\"description\" content=\"Explore wholesale dog cages, custom dog cages, and bulk dog crates directly from the manufacturer. Your ideal business solution with Petstar.\" \/>\n<meta name=\"robots\" content=\"index, follow, max-snippet:-1, max-image-preview:large, max-video-preview:-1\" \/>\n<link rel=\"canonical\" href=\"https:\/\/petproducts.com.cn\/fr\/produit\/wholesale-dog-cages\/\" \/>\n<meta property=\"og:locale\" content=\"fr_FR\" \/>\n<meta property=\"og:type\" content=\"article\" \/>\n<meta property=\"og:title\" content=\"Wholesale Dog Cages | Custom Dog Cages - Petstar\" \/>\n<meta property=\"og:description\" content=\"Explore wholesale dog cages, custom dog cages, and bulk dog crates directly from the manufacturer. Your ideal business solution with Petstar.\" \/>\n<meta property=\"og:url\" content=\"https:\/\/petproducts.com.cn\/fr\/produit\/wholesale-dog-cages\/\" \/>\n<meta property=\"og:site_name\" content=\"Petstar\" \/>\n<meta property=\"article:modified_time\" content=\"2023-10-24T06:33:54+00:00\" \/>\n<meta property=\"og:image\" content=\"https:\/\/petproducts.com.cn\/wp-content\/uploads\/2023\/10\/custom-dog-cage.webp\" \/>\n\t<meta property=\"og:image:width\" content=\"1000\" \/>\n\t<meta property=\"og:image:height\" content=\"1000\" \/>\n\t<meta property=\"og:image:type\" content=\"image\/webp\" \/>\n<meta name=\"twitter:card\" content=\"summary_large_image\" \/>\n<meta name=\"twitter:label1\" content=\"Dur\u00e9e de lecture estim\u00e9e\" \/>\n\t<meta name=\"twitter:data1\" content=\"2 minutes\" \/>\n<script type=\"application\/ld+json\" class=\"yoast-schema-graph\">{\"@context\":\"https:\/\/schema.org\",\"@graph\":[{\"@type\":\"WebPage\",\"@id\":\"https:\/\/petproducts.com.cn\/product\/wholesale-dog-cages\/\",\"url\":\"https:\/\/petproducts.com.cn\/product\/wholesale-dog-cages\/\",\"name\":\"Wholesale Dog Cages | Custom Dog Cages - Petstar\",\"isPartOf\":{\"@id\":\"https:\/\/petproducts.com.cn\/#website\"},\"primaryImageOfPage\":{\"@id\":\"https:\/\/petproducts.com.cn\/product\/wholesale-dog-cages\/#primaryimage\"},\"image\":{\"@id\":\"https:\/\/petproducts.com.cn\/product\/wholesale-dog-cages\/#primaryimage\"},\"thumbnailUrl\":\"https:\/\/petproducts.com.cn\/wp-content\/uploads\/2023\/10\/custom-dog-cage.webp\",\"datePublished\":\"2023-10-24T05:55:58+00:00\",\"dateModified\":\"2023-10-24T06:33:54+00:00\",\"description\":\"Explore wholesale dog cages, custom dog cages, and bulk dog crates directly from the manufacturer. Your ideal business solution with Petstar.\",\"breadcrumb\":{\"@id\":\"https:\/\/petproducts.com.cn\/product\/wholesale-dog-cages\/#breadcrumb\"},\"inLanguage\":\"fr-FR\",\"potentialAction\":[{\"@type\":\"ReadAction\",\"target\":[\"https:\/\/petproducts.com.cn\/product\/wholesale-dog-cages\/\"]}]},{\"@type\":\"ImageObject\",\"inLanguage\":\"fr-FR\",\"@id\":\"https:\/\/petproducts.com.cn\/product\/wholesale-dog-cages\/#primaryimage\",\"url\":\"https:\/\/petproducts.com.cn\/wp-content\/uploads\/2023\/10\/custom-dog-cage.webp\",\"contentUrl\":\"https:\/\/petproducts.com.cn\/wp-content\/uploads\/2023\/10\/custom-dog-cage.webp\",\"width\":1000,\"height\":1000,\"caption\":\"custom dog cage\"},{\"@type\":\"BreadcrumbList\",\"@id\":\"https:\/\/petproducts.com.cn\/product\/wholesale-dog-cages\/#breadcrumb\",\"itemListElement\":[{\"@type\":\"ListItem\",\"position\":1,\"name\":\"HOME\",\"item\":\"https:\/\/petproducts.com.cn\/\"},{\"@type\":\"ListItem\",\"position\":2,\"name\":\"Products\",\"item\":\"https:\/\/petproducts.com.cn\/shop\/\"},{\"@type\":\"ListItem\",\"position\":3,\"name\":\"Dog Crates, Houses &amp; Pens\",\"item\":\"https:\/\/petproducts.com.cn\/product-category\/dog-crates-houses-pens\/\"},{\"@type\":\"ListItem\",\"position\":4,\"name\":\"Made In Vietnam Double Door Foldable Metal Wire Cat Dog Crate\"}]},{\"@type\":\"WebSite\",\"@id\":\"https:\/\/petproducts.com.cn\/#website\",\"url\":\"https:\/\/petproducts.com.cn\/\",\"name\":\"Petstar\",\"description\":\"Leading Pet Supplies Manufacturer &amp; OEM Pet Products Supplier\",\"publisher\":{\"@id\":\"https:\/\/petproducts.com.cn\/#organization\"},\"alternateName\":\"Petstar Pet Supplies\",\"potentialAction\":[{\"@type\":\"SearchAction\",\"target\":{\"@type\":\"EntryPoint\",\"urlTemplate\":\"https:\/\/petproducts.com.cn\/?s={search_term_string}\"},\"query-input\":{\"@type\":\"PropertyValueSpecification\",\"valueRequired\":true,\"valueName\":\"search_term_string\"}}],\"inLanguage\":\"fr-FR\"},{\"@type\":\"Organization\",\"@id\":\"https:\/\/petproducts.com.cn\/#organization\",\"name\":\"Petstar\",\"url\":\"https:\/\/petproducts.com.cn\/\",\"logo\":{\"@type\":\"ImageObject\",\"inLanguage\":\"fr-FR\",\"@id\":\"https:\/\/petproducts.com.cn\/#\/schema\/logo\/image\/\",\"url\":\"https:\/\/petproducts.com.cn\/wp-content\/uploads\/2020\/02\/petstar-logo.webp\",\"contentUrl\":\"https:\/\/petproducts.com.cn\/wp-content\/uploads\/2020\/02\/petstar-logo.webp\",\"width\":779,\"height\":520,\"caption\":\"Petstar\"},\"image\":{\"@id\":\"https:\/\/petproducts.com.cn\/#\/schema\/logo\/image\/\"}}]}<\/script>\n<!-- \/ Yoast SEO plugin. -->","yoast_head_json":{"title":"Cages pour chiens en gros | Cages pour chiens personnalis\u00e9es - Petstar","description":"D\u00e9couvrez les cages pour chiens en gros, les cages pour chiens personnalis\u00e9es et les caisses pour chiens en vrac directement du fabricant. Votre solution commerciale id\u00e9ale avec Petstar.","robots":{"index":"index","follow":"follow","max-snippet":"max-snippet:-1","max-image-preview":"max-image-preview:large","max-video-preview":"max-video-preview:-1"},"canonical":"https:\/\/petproducts.com.cn\/fr\/produit\/wholesale-dog-cages\/","og_locale":"fr_FR","og_type":"article","og_title":"Wholesale Dog Cages | Custom Dog Cages - Petstar","og_description":"Explore wholesale dog cages, custom dog cages, and bulk dog crates directly from the manufacturer. Your ideal business solution with Petstar.","og_url":"https:\/\/petproducts.com.cn\/fr\/produit\/wholesale-dog-cages\/","og_site_name":"Petstar","article_modified_time":"2023-10-24T06:33:54+00:00","og_image":[{"width":1000,"height":1000,"url":"https:\/\/petproducts.com.cn\/wp-content\/uploads\/2023\/10\/custom-dog-cage.webp","type":"image\/webp"}],"twitter_card":"summary_large_image","twitter_misc":{"Dur\u00e9e de lecture estim\u00e9e":"2 minutes"},"schema":{"@context":"https:\/\/schema.org","@graph":[{"@type":"WebPage","@id":"https:\/\/petproducts.com.cn\/product\/wholesale-dog-cages\/","url":"https:\/\/petproducts.com.cn\/product\/wholesale-dog-cages\/","name":"Cages pour chiens en gros | Cages pour chiens personnalis\u00e9es - Petstar","isPartOf":{"@id":"https:\/\/petproducts.com.cn\/#website"},"primaryImageOfPage":{"@id":"https:\/\/petproducts.com.cn\/product\/wholesale-dog-cages\/#primaryimage"},"image":{"@id":"https:\/\/petproducts.com.cn\/product\/wholesale-dog-cages\/#primaryimage"},"thumbnailUrl":"https:\/\/petproducts.com.cn\/wp-content\/uploads\/2023\/10\/custom-dog-cage.webp","datePublished":"2023-10-24T05:55:58+00:00","dateModified":"2023-10-24T06:33:54+00:00","description":"D\u00e9couvrez les cages pour chiens en gros, les cages pour chiens personnalis\u00e9es et les caisses pour chiens en vrac directement du fabricant. Votre solution commerciale id\u00e9ale avec Petstar.","breadcrumb":{"@id":"https:\/\/petproducts.com.cn\/product\/wholesale-dog-cages\/#breadcrumb"},"inLanguage":"fr-FR","potentialAction":[{"@type":"ReadAction","target":["https:\/\/petproducts.com.cn\/product\/wholesale-dog-cages\/"]}]},{"@type":"ImageObject","inLanguage":"fr-FR","@id":"https:\/\/petproducts.com.cn\/product\/wholesale-dog-cages\/#primaryimage","url":"https:\/\/petproducts.com.cn\/wp-content\/uploads\/2023\/10\/custom-dog-cage.webp","contentUrl":"https:\/\/petproducts.com.cn\/wp-content\/uploads\/2023\/10\/custom-dog-cage.webp","width":1000,"height":1000,"caption":"custom dog cage"},{"@type":"BreadcrumbList","@id":"https:\/\/petproducts.com.cn\/product\/wholesale-dog-cages\/#breadcrumb","itemListElement":[{"@type":"ListItem","position":1,"name":"HOME","item":"https:\/\/petproducts.com.cn\/"},{"@type":"ListItem","position":2,"name":"Products","item":"https:\/\/petproducts.com.cn\/shop\/"},{"@type":"ListItem","position":3,"name":"Dog Crates, Houses &amp; Pens","item":"https:\/\/petproducts.com.cn\/product-category\/dog-crates-houses-pens\/"},{"@type":"ListItem","position":4,"name":"Made In Vietnam Double Door Foldable Metal Wire Cat Dog Crate"}]},{"@type":"WebSite","@id":"https:\/\/petproducts.com.cn\/#website","url":"https:\/\/petproducts.com.cn\/","name":"Petstar","description":"Fabricant leader de fournitures pour animaux de compagnie et fournisseur OEM de produits pour animaux de compagnie","publisher":{"@id":"https:\/\/petproducts.com.cn\/#organization"},"alternateName":"Petstar Pet Supplies","potentialAction":[{"@type":"SearchAction","target":{"@type":"EntryPoint","urlTemplate":"https:\/\/petproducts.com.cn\/?s={search_term_string}"},"query-input":{"@type":"PropertyValueSpecification","valueRequired":true,"valueName":"search_term_string"}}],"inLanguage":"fr-FR"},{"@type":"Organization","@id":"https:\/\/petproducts.com.cn\/#organization","name":"Petstar","url":"https:\/\/petproducts.com.cn\/","logo":{"@type":"ImageObject","inLanguage":"fr-FR","@id":"https:\/\/petproducts.com.cn\/#\/schema\/logo\/image\/","url":"https:\/\/petproducts.com.cn\/wp-content\/uploads\/2020\/02\/petstar-logo.webp","contentUrl":"https:\/\/petproducts.com.cn\/wp-content\/uploads\/2020\/02\/petstar-logo.webp","width":779,"height":520,"caption":"Petstar"},"image":{"@id":"https:\/\/petproducts.com.cn\/#\/schema\/logo\/image\/"}}]}},"_links":{"self":[{"href":"https:\/\/petproducts.com.cn\/fr\/wp-json\/wp\/v2\/product\/14115","targetHints":{"allow":["GET"]}}],"collection":[{"href":"https:\/\/petproducts.com.cn\/fr\/wp-json\/wp\/v2\/product"}],"about":[{"href":"https:\/\/petproducts.com.cn\/fr\/wp-json\/wp\/v2\/types\/product"}],"version-history":[{"count":4,"href":"https:\/\/petproducts.com.cn\/fr\/wp-json\/wp\/v2\/product\/14115\/revisions"}],"predecessor-version":[{"id":14160,"href":"https:\/\/petproducts.com.cn\/fr\/wp-json\/wp\/v2\/product\/14115\/revisions\/14160"}],"wp:featuredmedia":[{"embeddable":true,"href":"https:\/\/petproducts.com.cn\/fr\/wp-json\/wp\/v2\/media\/14118"}],"wp:attachment":[{"href":"https:\/\/petproducts.com.cn\/fr\/wp-json\/wp\/v2\/media?parent=14115"}],"wp:term":[{"taxonomy":"product_brand","embeddable":true,"href":"https:\/\/petproducts.com.cn\/fr\/wp-json\/wp\/v2\/product_brand?post=14115"},{"taxonomy":"product_cat","embeddable":true,"href":"https:\/\/petproducts.com.cn\/fr\/wp-json\/wp\/v2\/product_cat?post=14115"},{"taxonomy":"product_tag","embeddable":true,"href":"https:\/\/petproducts.com.cn\/fr\/wp-json\/wp\/v2\/product_tag?post=14115"}],"curies":[{"name":"wp","href":"https:\/\/api.w.org\/{rel}","templated":true}]}}