{"id":14351,"date":"2023-10-26T02:26:43","date_gmt":"2023-10-26T02:26:43","guid":{"rendered":"https:\/\/petproducts.com.cn\/?post_type=product&#038;p=14351"},"modified":"2023-10-26T08:54:57","modified_gmt":"2023-10-26T08:54:57","slug":"open-top-crate-heavy-duty-metal-dog-crate","status":"publish","type":"product","link":"https:\/\/petproducts.com.cn\/fr\/product\/open-top-crate-heavy-duty-metal-dog-crate\/","title":{"rendered":"Caisse \u00e0 toit ouvert pour chien en m\u00e9tal robuste"},"content":{"rendered":"<h2>Caract\u00e9ristiques de la cage en m\u00e9tal pour chiens<\/h2>\n<ol>\n<li><strong>Pet Open Top Commodit\u00e9 :<\/strong> Notre cage en m\u00e9tal pour chiens est ouverte sur le dessus, ce qui facilite l'acc\u00e8s lors de la mise en place ou de la r\u00e9cup\u00e9ration de votre animal de compagnie. Fini les luttes et les tracas lors de l'enfermement de l'animal.<\/li>\n<li><strong>Construction robuste et r\u00e9sistante :<\/strong> Con\u00e7ue enti\u00e8rement en m\u00e9tal, cette cage offre une r\u00e9sistance et une durabilit\u00e9 exceptionnelles. Le mat\u00e9riau de s\u00e9curit\u00e9 et la surface finie non toxique donnent la priorit\u00e9 au bien-\u00eatre de votre animal.<\/li>\n<li><strong>Support de poids suppl\u00e9mentaire :<\/strong> Pour une stabilit\u00e9 accrue et la s\u00e9curit\u00e9 des animaux plus grands ou plus actifs, nous avons renforc\u00e9 cette caisse avec une barre de support de poids suppl\u00e9mentaire.<\/li>\n<li><strong>Fixer le verrou de la glissi\u00e8re :<\/strong> Notre cage est \u00e9quip\u00e9e d'un verrou \u00e0 glissi\u00e8re, ce qui garantit la tranquillit\u00e9 d'esprit de votre animal, qui est bien enferm\u00e9 et ne peut pas s'\u00e9chapper.<\/li>\n<li><strong>Roulettes verrouillables pour la mobilit\u00e9 :<\/strong> Les roulettes verrouillables de cette cage la rendent incroyablement pratique \u00e0 d\u00e9placer dans votre maison, vous permettant de trouver facilement l'endroit id\u00e9al pour votre animal.<\/li>\n<li><strong>Grille de sol et plateau hygi\u00e9niques :<\/strong> La grille de sol incluse sur\u00e9l\u00e8ve votre animal pour qu'il soit propre et sec, tandis que le plateau extractible ultra r\u00e9sistant simplifie le nettoyage. Vous pouvez \u00e9galement le placer \u00e0 l'int\u00e9rieur de la cage pour mieux prot\u00e9ger les pattes de votre animal.<\/li>\n<li><strong>Personnalisation pour les acheteurs en gros :<\/strong> \"Nous sommes conscients que les diff\u00e9rents acheteurs ont des besoins uniques. C'est pourquoi nous proposons des options personnalisables pour les acheteurs en gros, afin de garantir que le produit s'harmonise parfaitement avec votre marque et l'usage que vous souhaitez en faire.<img fetchpriority=\"high\" decoding=\"async\" class=\"alignnone wp-image-14515\" src=\"https:\/\/petproducts.com.cn\/wp-content\/uploads\/2023\/10\/dog-cage-212x300.webp\" alt=\"\" width=\"1180\" height=\"1670\" srcset=\"https:\/\/petproducts.com.cn\/wp-content\/uploads\/2023\/10\/dog-cage-212x300.webp 212w, https:\/\/petproducts.com.cn\/wp-content\/uploads\/2023\/10\/dog-cage-724x1024.webp 724w, https:\/\/petproducts.com.cn\/wp-content\/uploads\/2023\/10\/dog-cage-768x1087.webp 768w, https:\/\/petproducts.com.cn\/wp-content\/uploads\/2023\/10\/dog-cage-1086x1536.webp 1086w, https:\/\/petproducts.com.cn\/wp-content\/uploads\/2023\/10\/dog-cage-1447x2048.webp 1447w, https:\/\/petproducts.com.cn\/wp-content\/uploads\/2023\/10\/dog-cage-600x849.webp 600w, https:\/\/petproducts.com.cn\/wp-content\/uploads\/2023\/10\/dog-cage-scaled.webp 1809w\" sizes=\"(max-width: 1180px) 100vw, 1180px\" \/><\/li>\n<\/ol>","protected":false},"excerpt":{"rendered":"<p>Nous sommes un fabricant de caisses m\u00e9talliques pour chiens avec plus de 20 ans d'exp\u00e9rience. Nous offrons des options de personnalisation pour la couleur, la taille, le tissu, le motif, le logo et d'autres caract\u00e9ristiques.<\/p>","protected":false},"featured_media":14354,"template":"","meta":{"_acf_changed":false},"product_brand":[],"product_cat":[52,72],"product_tag":[106],"class_list":{"0":"post-14351","1":"product","2":"type-product","3":"status-publish","4":"has-post-thumbnail","6":"product_cat-dog-crates-houses-pens","7":"product_cat-dog-supplies","8":"product_tag-dog-crates-houses-pens","10":"first","11":"instock","12":"shipping-taxable","13":"product-type-simple"},"acf":[],"yoast_head":"<!-- This site is optimized with the Yoast SEO plugin v27.1.1 - https:\/\/yoast.com\/product\/yoast-seo-wordpress\/ -->\n<title>Metal Dog Crate Wholesale | Metal Dog Kennel Supplier - Petstar<\/title>\n<meta name=\"description\" content=\"Explore metal dog crate , dog crate metal,metal dog kennel directly from the manufacturer. Your ideal business solution with Petstar.\" \/>\n<meta name=\"robots\" content=\"index, follow, max-snippet:-1, max-image-preview:large, max-video-preview:-1\" \/>\n<link rel=\"canonical\" href=\"https:\/\/petproducts.com.cn\/fr\/produit\/open-top-crate-heavy-duty-metal-dog-crate\/\" \/>\n<meta property=\"og:locale\" content=\"fr_FR\" \/>\n<meta property=\"og:type\" content=\"article\" \/>\n<meta property=\"og:title\" content=\"Metal Dog Crate Wholesale | Metal Dog Kennel Supplier - Petstar\" \/>\n<meta property=\"og:description\" content=\"Explore metal dog crate , dog crate metal,metal dog kennel directly from the manufacturer. Your ideal business solution with Petstar.\" \/>\n<meta property=\"og:url\" content=\"https:\/\/petproducts.com.cn\/fr\/produit\/open-top-crate-heavy-duty-metal-dog-crate\/\" \/>\n<meta property=\"og:site_name\" content=\"Petstar\" \/>\n<meta property=\"article:modified_time\" content=\"2023-10-26T08:54:57+00:00\" \/>\n<meta property=\"og:image\" content=\"https:\/\/petproducts.com.cn\/wp-content\/uploads\/2023\/10\/metal-dog-crate.webp\" \/>\n\t<meta property=\"og:image:width\" content=\"1000\" \/>\n\t<meta property=\"og:image:height\" content=\"1000\" \/>\n\t<meta property=\"og:image:type\" content=\"image\/webp\" \/>\n<meta name=\"twitter:card\" content=\"summary_large_image\" \/>\n<meta name=\"twitter:label1\" content=\"Dur\u00e9e de lecture estim\u00e9e\" \/>\n\t<meta name=\"twitter:data1\" content=\"2 minutes\" \/>\n<script type=\"application\/ld+json\" class=\"yoast-schema-graph\">{\"@context\":\"https:\/\/schema.org\",\"@graph\":[{\"@type\":\"WebPage\",\"@id\":\"https:\/\/petproducts.com.cn\/product\/open-top-crate-heavy-duty-metal-dog-crate\/\",\"url\":\"https:\/\/petproducts.com.cn\/product\/open-top-crate-heavy-duty-metal-dog-crate\/\",\"name\":\"Metal Dog Crate Wholesale | Metal Dog Kennel Supplier - Petstar\",\"isPartOf\":{\"@id\":\"https:\/\/petproducts.com.cn\/#website\"},\"primaryImageOfPage\":{\"@id\":\"https:\/\/petproducts.com.cn\/product\/open-top-crate-heavy-duty-metal-dog-crate\/#primaryimage\"},\"image\":{\"@id\":\"https:\/\/petproducts.com.cn\/product\/open-top-crate-heavy-duty-metal-dog-crate\/#primaryimage\"},\"thumbnailUrl\":\"https:\/\/petproducts.com.cn\/wp-content\/uploads\/2023\/10\/metal-dog-crate.webp\",\"datePublished\":\"2023-10-26T02:26:43+00:00\",\"dateModified\":\"2023-10-26T08:54:57+00:00\",\"description\":\"Explore metal dog crate , dog crate metal,metal dog kennel directly from the manufacturer. Your ideal business solution with Petstar.\",\"breadcrumb\":{\"@id\":\"https:\/\/petproducts.com.cn\/product\/open-top-crate-heavy-duty-metal-dog-crate\/#breadcrumb\"},\"inLanguage\":\"fr-FR\",\"potentialAction\":[{\"@type\":\"ReadAction\",\"target\":[\"https:\/\/petproducts.com.cn\/product\/open-top-crate-heavy-duty-metal-dog-crate\/\"]}]},{\"@type\":\"ImageObject\",\"inLanguage\":\"fr-FR\",\"@id\":\"https:\/\/petproducts.com.cn\/product\/open-top-crate-heavy-duty-metal-dog-crate\/#primaryimage\",\"url\":\"https:\/\/petproducts.com.cn\/wp-content\/uploads\/2023\/10\/metal-dog-crate.webp\",\"contentUrl\":\"https:\/\/petproducts.com.cn\/wp-content\/uploads\/2023\/10\/metal-dog-crate.webp\",\"width\":1000,\"height\":1000,\"caption\":\"metal dog crate\"},{\"@type\":\"BreadcrumbList\",\"@id\":\"https:\/\/petproducts.com.cn\/product\/open-top-crate-heavy-duty-metal-dog-crate\/#breadcrumb\",\"itemListElement\":[{\"@type\":\"ListItem\",\"position\":1,\"name\":\"HOME\",\"item\":\"https:\/\/petproducts.com.cn\/\"},{\"@type\":\"ListItem\",\"position\":2,\"name\":\"Products\",\"item\":\"https:\/\/petproducts.com.cn\/shop\/\"},{\"@type\":\"ListItem\",\"position\":3,\"name\":\"Dog Supplies\",\"item\":\"https:\/\/petproducts.com.cn\/product-category\/dog-supplies\/\"},{\"@type\":\"ListItem\",\"position\":4,\"name\":\"Open Top Crate Heavy Duty Metal Dog Crate\"}]},{\"@type\":\"WebSite\",\"@id\":\"https:\/\/petproducts.com.cn\/#website\",\"url\":\"https:\/\/petproducts.com.cn\/\",\"name\":\"Petstar\",\"description\":\"Leading Pet Supplies Manufacturer &amp; OEM Pet Products Supplier\",\"publisher\":{\"@id\":\"https:\/\/petproducts.com.cn\/#organization\"},\"alternateName\":\"Petstar Pet Supplies\",\"potentialAction\":[{\"@type\":\"SearchAction\",\"target\":{\"@type\":\"EntryPoint\",\"urlTemplate\":\"https:\/\/petproducts.com.cn\/?s={search_term_string}\"},\"query-input\":{\"@type\":\"PropertyValueSpecification\",\"valueRequired\":true,\"valueName\":\"search_term_string\"}}],\"inLanguage\":\"fr-FR\"},{\"@type\":\"Organization\",\"@id\":\"https:\/\/petproducts.com.cn\/#organization\",\"name\":\"Petstar\",\"url\":\"https:\/\/petproducts.com.cn\/\",\"logo\":{\"@type\":\"ImageObject\",\"inLanguage\":\"fr-FR\",\"@id\":\"https:\/\/petproducts.com.cn\/#\/schema\/logo\/image\/\",\"url\":\"https:\/\/petproducts.com.cn\/wp-content\/uploads\/2020\/02\/petstar-logo.webp\",\"contentUrl\":\"https:\/\/petproducts.com.cn\/wp-content\/uploads\/2020\/02\/petstar-logo.webp\",\"width\":779,\"height\":520,\"caption\":\"Petstar\"},\"image\":{\"@id\":\"https:\/\/petproducts.com.cn\/#\/schema\/logo\/image\/\"}}]}<\/script>\n<!-- \/ Yoast SEO plugin. -->","yoast_head_json":{"title":"Caisse en m\u00e9tal pour chien grossiste | Chenil en m\u00e9tal fournisseur - Petstar","description":"D\u00e9couvrez la cage \u00e0 chien en m\u00e9tal, la cage \u00e0 chien en m\u00e9tal, la niche \u00e0 chien en m\u00e9tal directement du fabricant. Votre solution commerciale id\u00e9ale avec Petstar.","robots":{"index":"index","follow":"follow","max-snippet":"max-snippet:-1","max-image-preview":"max-image-preview:large","max-video-preview":"max-video-preview:-1"},"canonical":"https:\/\/petproducts.com.cn\/fr\/produit\/open-top-crate-heavy-duty-metal-dog-crate\/","og_locale":"fr_FR","og_type":"article","og_title":"Metal Dog Crate Wholesale | Metal Dog Kennel Supplier - Petstar","og_description":"Explore metal dog crate , dog crate metal,metal dog kennel directly from the manufacturer. Your ideal business solution with Petstar.","og_url":"https:\/\/petproducts.com.cn\/fr\/produit\/open-top-crate-heavy-duty-metal-dog-crate\/","og_site_name":"Petstar","article_modified_time":"2023-10-26T08:54:57+00:00","og_image":[{"width":1000,"height":1000,"url":"https:\/\/petproducts.com.cn\/wp-content\/uploads\/2023\/10\/metal-dog-crate.webp","type":"image\/webp"}],"twitter_card":"summary_large_image","twitter_misc":{"Dur\u00e9e de lecture estim\u00e9e":"2 minutes"},"schema":{"@context":"https:\/\/schema.org","@graph":[{"@type":"WebPage","@id":"https:\/\/petproducts.com.cn\/product\/open-top-crate-heavy-duty-metal-dog-crate\/","url":"https:\/\/petproducts.com.cn\/product\/open-top-crate-heavy-duty-metal-dog-crate\/","name":"Caisse en m\u00e9tal pour chien grossiste | Chenil en m\u00e9tal fournisseur - Petstar","isPartOf":{"@id":"https:\/\/petproducts.com.cn\/#website"},"primaryImageOfPage":{"@id":"https:\/\/petproducts.com.cn\/product\/open-top-crate-heavy-duty-metal-dog-crate\/#primaryimage"},"image":{"@id":"https:\/\/petproducts.com.cn\/product\/open-top-crate-heavy-duty-metal-dog-crate\/#primaryimage"},"thumbnailUrl":"https:\/\/petproducts.com.cn\/wp-content\/uploads\/2023\/10\/metal-dog-crate.webp","datePublished":"2023-10-26T02:26:43+00:00","dateModified":"2023-10-26T08:54:57+00:00","description":"D\u00e9couvrez la cage \u00e0 chien en m\u00e9tal, la cage \u00e0 chien en m\u00e9tal, la niche \u00e0 chien en m\u00e9tal directement du fabricant. Votre solution commerciale id\u00e9ale avec Petstar.","breadcrumb":{"@id":"https:\/\/petproducts.com.cn\/product\/open-top-crate-heavy-duty-metal-dog-crate\/#breadcrumb"},"inLanguage":"fr-FR","potentialAction":[{"@type":"ReadAction","target":["https:\/\/petproducts.com.cn\/product\/open-top-crate-heavy-duty-metal-dog-crate\/"]}]},{"@type":"ImageObject","inLanguage":"fr-FR","@id":"https:\/\/petproducts.com.cn\/product\/open-top-crate-heavy-duty-metal-dog-crate\/#primaryimage","url":"https:\/\/petproducts.com.cn\/wp-content\/uploads\/2023\/10\/metal-dog-crate.webp","contentUrl":"https:\/\/petproducts.com.cn\/wp-content\/uploads\/2023\/10\/metal-dog-crate.webp","width":1000,"height":1000,"caption":"metal dog crate"},{"@type":"BreadcrumbList","@id":"https:\/\/petproducts.com.cn\/product\/open-top-crate-heavy-duty-metal-dog-crate\/#breadcrumb","itemListElement":[{"@type":"ListItem","position":1,"name":"HOME","item":"https:\/\/petproducts.com.cn\/"},{"@type":"ListItem","position":2,"name":"Products","item":"https:\/\/petproducts.com.cn\/shop\/"},{"@type":"ListItem","position":3,"name":"Dog Supplies","item":"https:\/\/petproducts.com.cn\/product-category\/dog-supplies\/"},{"@type":"ListItem","position":4,"name":"Open Top Crate Heavy Duty Metal Dog Crate"}]},{"@type":"WebSite","@id":"https:\/\/petproducts.com.cn\/#website","url":"https:\/\/petproducts.com.cn\/","name":"Petstar","description":"Fabricant leader de fournitures pour animaux de compagnie et fournisseur OEM de produits pour animaux de compagnie","publisher":{"@id":"https:\/\/petproducts.com.cn\/#organization"},"alternateName":"Petstar Pet Supplies","potentialAction":[{"@type":"SearchAction","target":{"@type":"EntryPoint","urlTemplate":"https:\/\/petproducts.com.cn\/?s={search_term_string}"},"query-input":{"@type":"PropertyValueSpecification","valueRequired":true,"valueName":"search_term_string"}}],"inLanguage":"fr-FR"},{"@type":"Organization","@id":"https:\/\/petproducts.com.cn\/#organization","name":"Petstar","url":"https:\/\/petproducts.com.cn\/","logo":{"@type":"ImageObject","inLanguage":"fr-FR","@id":"https:\/\/petproducts.com.cn\/#\/schema\/logo\/image\/","url":"https:\/\/petproducts.com.cn\/wp-content\/uploads\/2020\/02\/petstar-logo.webp","contentUrl":"https:\/\/petproducts.com.cn\/wp-content\/uploads\/2020\/02\/petstar-logo.webp","width":779,"height":520,"caption":"Petstar"},"image":{"@id":"https:\/\/petproducts.com.cn\/#\/schema\/logo\/image\/"}}]}},"_links":{"self":[{"href":"https:\/\/petproducts.com.cn\/fr\/wp-json\/wp\/v2\/product\/14351","targetHints":{"allow":["GET"]}}],"collection":[{"href":"https:\/\/petproducts.com.cn\/fr\/wp-json\/wp\/v2\/product"}],"about":[{"href":"https:\/\/petproducts.com.cn\/fr\/wp-json\/wp\/v2\/types\/product"}],"version-history":[{"count":3,"href":"https:\/\/petproducts.com.cn\/fr\/wp-json\/wp\/v2\/product\/14351\/revisions"}],"predecessor-version":[{"id":14520,"href":"https:\/\/petproducts.com.cn\/fr\/wp-json\/wp\/v2\/product\/14351\/revisions\/14520"}],"wp:featuredmedia":[{"embeddable":true,"href":"https:\/\/petproducts.com.cn\/fr\/wp-json\/wp\/v2\/media\/14354"}],"wp:attachment":[{"href":"https:\/\/petproducts.com.cn\/fr\/wp-json\/wp\/v2\/media?parent=14351"}],"wp:term":[{"taxonomy":"product_brand","embeddable":true,"href":"https:\/\/petproducts.com.cn\/fr\/wp-json\/wp\/v2\/product_brand?post=14351"},{"taxonomy":"product_cat","embeddable":true,"href":"https:\/\/petproducts.com.cn\/fr\/wp-json\/wp\/v2\/product_cat?post=14351"},{"taxonomy":"product_tag","embeddable":true,"href":"https:\/\/petproducts.com.cn\/fr\/wp-json\/wp\/v2\/product_tag?post=14351"}],"curies":[{"name":"wp","href":"https:\/\/api.w.org\/{rel}","templated":true}]}}