{"id":14378,"date":"2023-10-26T05:44:10","date_gmt":"2023-10-26T05:44:10","guid":{"rendered":"https:\/\/petproducts.com.cn\/?post_type=product&#038;p=14378"},"modified":"2023-10-26T08:53:25","modified_gmt":"2023-10-26T08:53:25","slug":"oxford-fabric-waterproof-breathable-foldable-dog-trave-playpen","status":"publish","type":"product","link":"https:\/\/petproducts.com.cn\/fr\/product\/oxford-fabric-waterproof-breathable-foldable-dog-trave-playpen\/","title":{"rendered":"Parc pour animaux de compagnie pliable et respirant en tissu Oxford"},"content":{"rendered":"<h2>Caract\u00e9ristiques du parc \u00e0 chiens portable<\/h2>\n<ol>\n<li><strong>Utilisation polyvalente, installation rapide :<\/strong> Le parc \u00e0 chiens portable est le choix id\u00e9al pour une utilisation \u00e0 l'int\u00e9rieur et \u00e0 l'ext\u00e9rieur. Il s'installe en quelques secondes et ne n\u00e9cessite aucun assemblage. De plus, il se plie \u00e0 plat lorsqu'il n'est pas utilis\u00e9 pour \u00eatre facilement transport\u00e9 et rang\u00e9.<\/li>\n<li><strong>Durable Construction:<\/strong> Fabriqu\u00e9 en tissu 600D Oxford, ce parc offre une solution imperm\u00e9able et respirante pour votre animal de compagnie. Sa durabilit\u00e9 garantit une qualit\u00e9 durable.<\/li>\n<li><strong>Vari\u00e9t\u00e9 de tailles :<\/strong> Disponible en plusieurs tailles, notamment XS (37x37cm), S (35x58cm), M (45x58cm) et L (61x61cm), pour accueillir confortablement les animaux de diff\u00e9rentes tailles.<\/li>\n<li><strong>M\u00e9thode de pliage facile :<\/strong> L'installation du parc est un jeu d'enfant. Il suffit de le d\u00e9plier pour jouer et de suivre les instructions de pliage lorsque vous avez termin\u00e9.<\/li>\n<li><strong>Rangement pratique :<\/strong> Le parc est \u00e9quip\u00e9 de deux poches lat\u00e9rales pour les jouets et les collations. En outre, il est dot\u00e9 d'une pochette et d'un porte-bouteille en filet pour un rangement plus pratique.<\/li>\n<li><strong>Portes \u00e0 fermeture \u00e9clair pour un acc\u00e8s facile :<\/strong> Le parc comprend des portes \u00e0 fermeture \u00e9clair qui peuvent \u00eatre enroul\u00e9es et s\u00e9curis\u00e9es par du velcro, offrant ainsi un acc\u00e8s facile \u00e0 votre animal.<\/li>\n<li><strong>Conception pratique :<\/strong> La cl\u00f4ture pliable pour animaux de compagnie n'est pas seulement un parc pour enfants, mais aussi une cl\u00f4ture de voyage. Sa conception pratique assure le confort de votre animal et votre commodit\u00e9.<\/li>\n<li><strong>Poches de rangement suppl\u00e9mentaires :<\/strong> Les deux poches lat\u00e9rales sont parfaites pour garder les jouets et les snacks de votre animal \u00e0 port\u00e9e de main, et la poche et le support en filet pour la bouteille d'eau sont encore plus pratiques lors des sorties.<img fetchpriority=\"high\" decoding=\"async\" class=\"alignnone wp-image-14514\" src=\"https:\/\/petproducts.com.cn\/wp-content\/uploads\/2023\/10\/playpen-231x300.webp\" alt=\"\" width=\"1180\" height=\"1534\" srcset=\"https:\/\/petproducts.com.cn\/wp-content\/uploads\/2023\/10\/playpen-231x300.webp 231w, https:\/\/petproducts.com.cn\/wp-content\/uploads\/2023\/10\/playpen-788x1024.webp 788w, https:\/\/petproducts.com.cn\/wp-content\/uploads\/2023\/10\/playpen-768x999.webp 768w, https:\/\/petproducts.com.cn\/wp-content\/uploads\/2023\/10\/playpen-1181x1536.webp 1181w, https:\/\/petproducts.com.cn\/wp-content\/uploads\/2023\/10\/playpen-1575x2048.webp 1575w, https:\/\/petproducts.com.cn\/wp-content\/uploads\/2023\/10\/playpen-600x780.webp 600w, https:\/\/petproducts.com.cn\/wp-content\/uploads\/2023\/10\/playpen-scaled.webp 1969w\" sizes=\"(max-width: 1180px) 100vw, 1180px\" \/><\/li>\n<\/ol>","protected":false},"excerpt":{"rendered":"<p>Nous sommes un fabricant de parcs pour animaux portables avec plus de 20 ans d'exp\u00e9rience. Nous offrons des options de personnalisation pour la couleur, la taille, le tissu, le motif, le logo et d'autres caract\u00e9ristiques.<\/p>","protected":false},"featured_media":14385,"template":"","meta":{"_acf_changed":false},"product_brand":[],"product_cat":[52,72],"product_tag":[106],"class_list":{"0":"post-14378","1":"product","2":"type-product","3":"status-publish","4":"has-post-thumbnail","6":"product_cat-dog-crates-houses-pens","7":"product_cat-dog-supplies","8":"product_tag-dog-crates-houses-pens","10":"first","11":"instock","12":"shipping-taxable","13":"product-type-simple"},"acf":[],"yoast_head":"<!-- This site is optimized with the Yoast SEO plugin v27.1.1 - https:\/\/yoast.com\/product\/yoast-seo-wordpress\/ -->\n<title>Portable Dog Playpen Wholesale | Portable Dog Pen Supplier- Petstar<\/title>\n<meta name=\"description\" content=\"Explore portable dog playpen , portable dog pen,portable pet playpen directly from the manufacturer. Your ideal business solution with Petstar.\" \/>\n<meta name=\"robots\" content=\"index, follow, max-snippet:-1, max-image-preview:large, max-video-preview:-1\" \/>\n<link rel=\"canonical\" href=\"https:\/\/petproducts.com.cn\/fr\/produit\/oxford-fabric-waterproof-breathable-foldable-dog-trave-playpen\/\" \/>\n<meta property=\"og:locale\" content=\"fr_FR\" \/>\n<meta property=\"og:type\" content=\"article\" \/>\n<meta property=\"og:title\" content=\"Portable Dog Playpen Wholesale | Portable Dog Pen Supplier- Petstar\" \/>\n<meta property=\"og:description\" content=\"Explore portable dog playpen , portable dog pen,portable pet playpen directly from the manufacturer. Your ideal business solution with Petstar.\" \/>\n<meta property=\"og:url\" content=\"https:\/\/petproducts.com.cn\/fr\/produit\/oxford-fabric-waterproof-breathable-foldable-dog-trave-playpen\/\" \/>\n<meta property=\"og:site_name\" content=\"Petstar\" \/>\n<meta property=\"article:modified_time\" content=\"2023-10-26T08:53:25+00:00\" \/>\n<meta property=\"og:image\" content=\"https:\/\/petproducts.com.cn\/wp-content\/uploads\/2023\/10\/portable-dog-playpen.webp\" \/>\n\t<meta property=\"og:image:width\" content=\"1000\" \/>\n\t<meta property=\"og:image:height\" content=\"1000\" \/>\n\t<meta property=\"og:image:type\" content=\"image\/webp\" \/>\n<meta name=\"twitter:card\" content=\"summary_large_image\" \/>\n<meta name=\"twitter:label1\" content=\"Dur\u00e9e de lecture estim\u00e9e\" \/>\n\t<meta name=\"twitter:data1\" content=\"2 minutes\" \/>\n<script type=\"application\/ld+json\" class=\"yoast-schema-graph\">{\"@context\":\"https:\/\/schema.org\",\"@graph\":[{\"@type\":\"WebPage\",\"@id\":\"https:\/\/petproducts.com.cn\/product\/oxford-fabric-waterproof-breathable-foldable-dog-trave-playpen\/\",\"url\":\"https:\/\/petproducts.com.cn\/product\/oxford-fabric-waterproof-breathable-foldable-dog-trave-playpen\/\",\"name\":\"Portable Dog Playpen Wholesale | Portable Dog Pen Supplier- Petstar\",\"isPartOf\":{\"@id\":\"https:\/\/petproducts.com.cn\/#website\"},\"primaryImageOfPage\":{\"@id\":\"https:\/\/petproducts.com.cn\/product\/oxford-fabric-waterproof-breathable-foldable-dog-trave-playpen\/#primaryimage\"},\"image\":{\"@id\":\"https:\/\/petproducts.com.cn\/product\/oxford-fabric-waterproof-breathable-foldable-dog-trave-playpen\/#primaryimage\"},\"thumbnailUrl\":\"https:\/\/petproducts.com.cn\/wp-content\/uploads\/2023\/10\/portable-dog-playpen.webp\",\"datePublished\":\"2023-10-26T05:44:10+00:00\",\"dateModified\":\"2023-10-26T08:53:25+00:00\",\"description\":\"Explore portable dog playpen , portable dog pen,portable pet playpen directly from the manufacturer. Your ideal business solution with Petstar.\",\"breadcrumb\":{\"@id\":\"https:\/\/petproducts.com.cn\/product\/oxford-fabric-waterproof-breathable-foldable-dog-trave-playpen\/#breadcrumb\"},\"inLanguage\":\"fr-FR\",\"potentialAction\":[{\"@type\":\"ReadAction\",\"target\":[\"https:\/\/petproducts.com.cn\/product\/oxford-fabric-waterproof-breathable-foldable-dog-trave-playpen\/\"]}]},{\"@type\":\"ImageObject\",\"inLanguage\":\"fr-FR\",\"@id\":\"https:\/\/petproducts.com.cn\/product\/oxford-fabric-waterproof-breathable-foldable-dog-trave-playpen\/#primaryimage\",\"url\":\"https:\/\/petproducts.com.cn\/wp-content\/uploads\/2023\/10\/portable-dog-playpen.webp\",\"contentUrl\":\"https:\/\/petproducts.com.cn\/wp-content\/uploads\/2023\/10\/portable-dog-playpen.webp\",\"width\":1000,\"height\":1000,\"caption\":\"portable dog playpen\"},{\"@type\":\"BreadcrumbList\",\"@id\":\"https:\/\/petproducts.com.cn\/product\/oxford-fabric-waterproof-breathable-foldable-dog-trave-playpen\/#breadcrumb\",\"itemListElement\":[{\"@type\":\"ListItem\",\"position\":1,\"name\":\"HOME\",\"item\":\"https:\/\/petproducts.com.cn\/\"},{\"@type\":\"ListItem\",\"position\":2,\"name\":\"Products\",\"item\":\"https:\/\/petproducts.com.cn\/shop\/\"},{\"@type\":\"ListItem\",\"position\":3,\"name\":\"Dog Supplies\",\"item\":\"https:\/\/petproducts.com.cn\/product-category\/dog-supplies\/\"},{\"@type\":\"ListItem\",\"position\":4,\"name\":\"Oxford Fabric Waterproof Breathable Foldable Pet Trave Playpen\"}]},{\"@type\":\"WebSite\",\"@id\":\"https:\/\/petproducts.com.cn\/#website\",\"url\":\"https:\/\/petproducts.com.cn\/\",\"name\":\"Petstar\",\"description\":\"Leading Pet Supplies Manufacturer &amp; OEM Pet Products Supplier\",\"publisher\":{\"@id\":\"https:\/\/petproducts.com.cn\/#organization\"},\"alternateName\":\"Petstar Pet Supplies\",\"potentialAction\":[{\"@type\":\"SearchAction\",\"target\":{\"@type\":\"EntryPoint\",\"urlTemplate\":\"https:\/\/petproducts.com.cn\/?s={search_term_string}\"},\"query-input\":{\"@type\":\"PropertyValueSpecification\",\"valueRequired\":true,\"valueName\":\"search_term_string\"}}],\"inLanguage\":\"fr-FR\"},{\"@type\":\"Organization\",\"@id\":\"https:\/\/petproducts.com.cn\/#organization\",\"name\":\"Petstar\",\"url\":\"https:\/\/petproducts.com.cn\/\",\"logo\":{\"@type\":\"ImageObject\",\"inLanguage\":\"fr-FR\",\"@id\":\"https:\/\/petproducts.com.cn\/#\/schema\/logo\/image\/\",\"url\":\"https:\/\/petproducts.com.cn\/wp-content\/uploads\/2020\/02\/petstar-logo.webp\",\"contentUrl\":\"https:\/\/petproducts.com.cn\/wp-content\/uploads\/2020\/02\/petstar-logo.webp\",\"width\":779,\"height\":520,\"caption\":\"Petstar\"},\"image\":{\"@id\":\"https:\/\/petproducts.com.cn\/#\/schema\/logo\/image\/\"}}]}<\/script>\n<!-- \/ Yoast SEO plugin. -->","yoast_head_json":{"title":"Parc \u00e0 chien portable Wholesale | Parc \u00e0 chien portable Supplier- Petstar","description":"D\u00e9couvrez le parc portable pour chien, l'enclos portable pour chien, le parc portable pour animaux de compagnie directement aupr\u00e8s du fabricant. Votre solution commerciale id\u00e9ale avec Petstar.","robots":{"index":"index","follow":"follow","max-snippet":"max-snippet:-1","max-image-preview":"max-image-preview:large","max-video-preview":"max-video-preview:-1"},"canonical":"https:\/\/petproducts.com.cn\/fr\/produit\/oxford-fabric-waterproof-breathable-foldable-dog-trave-playpen\/","og_locale":"fr_FR","og_type":"article","og_title":"Portable Dog Playpen Wholesale | Portable Dog Pen Supplier- Petstar","og_description":"Explore portable dog playpen , portable dog pen,portable pet playpen directly from the manufacturer. Your ideal business solution with Petstar.","og_url":"https:\/\/petproducts.com.cn\/fr\/produit\/oxford-fabric-waterproof-breathable-foldable-dog-trave-playpen\/","og_site_name":"Petstar","article_modified_time":"2023-10-26T08:53:25+00:00","og_image":[{"width":1000,"height":1000,"url":"https:\/\/petproducts.com.cn\/wp-content\/uploads\/2023\/10\/portable-dog-playpen.webp","type":"image\/webp"}],"twitter_card":"summary_large_image","twitter_misc":{"Dur\u00e9e de lecture estim\u00e9e":"2 minutes"},"schema":{"@context":"https:\/\/schema.org","@graph":[{"@type":"WebPage","@id":"https:\/\/petproducts.com.cn\/product\/oxford-fabric-waterproof-breathable-foldable-dog-trave-playpen\/","url":"https:\/\/petproducts.com.cn\/product\/oxford-fabric-waterproof-breathable-foldable-dog-trave-playpen\/","name":"Parc \u00e0 chien portable Wholesale | Parc \u00e0 chien portable Supplier- Petstar","isPartOf":{"@id":"https:\/\/petproducts.com.cn\/#website"},"primaryImageOfPage":{"@id":"https:\/\/petproducts.com.cn\/product\/oxford-fabric-waterproof-breathable-foldable-dog-trave-playpen\/#primaryimage"},"image":{"@id":"https:\/\/petproducts.com.cn\/product\/oxford-fabric-waterproof-breathable-foldable-dog-trave-playpen\/#primaryimage"},"thumbnailUrl":"https:\/\/petproducts.com.cn\/wp-content\/uploads\/2023\/10\/portable-dog-playpen.webp","datePublished":"2023-10-26T05:44:10+00:00","dateModified":"2023-10-26T08:53:25+00:00","description":"D\u00e9couvrez le parc portable pour chien, l'enclos portable pour chien, le parc portable pour animaux de compagnie directement aupr\u00e8s du fabricant. Votre solution commerciale id\u00e9ale avec Petstar.","breadcrumb":{"@id":"https:\/\/petproducts.com.cn\/product\/oxford-fabric-waterproof-breathable-foldable-dog-trave-playpen\/#breadcrumb"},"inLanguage":"fr-FR","potentialAction":[{"@type":"ReadAction","target":["https:\/\/petproducts.com.cn\/product\/oxford-fabric-waterproof-breathable-foldable-dog-trave-playpen\/"]}]},{"@type":"ImageObject","inLanguage":"fr-FR","@id":"https:\/\/petproducts.com.cn\/product\/oxford-fabric-waterproof-breathable-foldable-dog-trave-playpen\/#primaryimage","url":"https:\/\/petproducts.com.cn\/wp-content\/uploads\/2023\/10\/portable-dog-playpen.webp","contentUrl":"https:\/\/petproducts.com.cn\/wp-content\/uploads\/2023\/10\/portable-dog-playpen.webp","width":1000,"height":1000,"caption":"portable dog playpen"},{"@type":"BreadcrumbList","@id":"https:\/\/petproducts.com.cn\/product\/oxford-fabric-waterproof-breathable-foldable-dog-trave-playpen\/#breadcrumb","itemListElement":[{"@type":"ListItem","position":1,"name":"HOME","item":"https:\/\/petproducts.com.cn\/"},{"@type":"ListItem","position":2,"name":"Products","item":"https:\/\/petproducts.com.cn\/shop\/"},{"@type":"ListItem","position":3,"name":"Dog Supplies","item":"https:\/\/petproducts.com.cn\/product-category\/dog-supplies\/"},{"@type":"ListItem","position":4,"name":"Oxford Fabric Waterproof Breathable Foldable Pet Trave Playpen"}]},{"@type":"WebSite","@id":"https:\/\/petproducts.com.cn\/#website","url":"https:\/\/petproducts.com.cn\/","name":"Petstar","description":"Fabricant leader de fournitures pour animaux de compagnie et fournisseur OEM de produits pour animaux de compagnie","publisher":{"@id":"https:\/\/petproducts.com.cn\/#organization"},"alternateName":"Petstar Pet Supplies","potentialAction":[{"@type":"SearchAction","target":{"@type":"EntryPoint","urlTemplate":"https:\/\/petproducts.com.cn\/?s={search_term_string}"},"query-input":{"@type":"PropertyValueSpecification","valueRequired":true,"valueName":"search_term_string"}}],"inLanguage":"fr-FR"},{"@type":"Organization","@id":"https:\/\/petproducts.com.cn\/#organization","name":"Petstar","url":"https:\/\/petproducts.com.cn\/","logo":{"@type":"ImageObject","inLanguage":"fr-FR","@id":"https:\/\/petproducts.com.cn\/#\/schema\/logo\/image\/","url":"https:\/\/petproducts.com.cn\/wp-content\/uploads\/2020\/02\/petstar-logo.webp","contentUrl":"https:\/\/petproducts.com.cn\/wp-content\/uploads\/2020\/02\/petstar-logo.webp","width":779,"height":520,"caption":"Petstar"},"image":{"@id":"https:\/\/petproducts.com.cn\/#\/schema\/logo\/image\/"}}]}},"_links":{"self":[{"href":"https:\/\/petproducts.com.cn\/fr\/wp-json\/wp\/v2\/product\/14378","targetHints":{"allow":["GET"]}}],"collection":[{"href":"https:\/\/petproducts.com.cn\/fr\/wp-json\/wp\/v2\/product"}],"about":[{"href":"https:\/\/petproducts.com.cn\/fr\/wp-json\/wp\/v2\/types\/product"}],"version-history":[{"count":3,"href":"https:\/\/petproducts.com.cn\/fr\/wp-json\/wp\/v2\/product\/14378\/revisions"}],"predecessor-version":[{"id":14518,"href":"https:\/\/petproducts.com.cn\/fr\/wp-json\/wp\/v2\/product\/14378\/revisions\/14518"}],"wp:featuredmedia":[{"embeddable":true,"href":"https:\/\/petproducts.com.cn\/fr\/wp-json\/wp\/v2\/media\/14385"}],"wp:attachment":[{"href":"https:\/\/petproducts.com.cn\/fr\/wp-json\/wp\/v2\/media?parent=14378"}],"wp:term":[{"taxonomy":"product_brand","embeddable":true,"href":"https:\/\/petproducts.com.cn\/fr\/wp-json\/wp\/v2\/product_brand?post=14378"},{"taxonomy":"product_cat","embeddable":true,"href":"https:\/\/petproducts.com.cn\/fr\/wp-json\/wp\/v2\/product_cat?post=14378"},{"taxonomy":"product_tag","embeddable":true,"href":"https:\/\/petproducts.com.cn\/fr\/wp-json\/wp\/v2\/product_tag?post=14378"}],"curies":[{"name":"wp","href":"https:\/\/api.w.org\/{rel}","templated":true}]}}