{"id":14419,"date":"2023-10-26T06:44:15","date_gmt":"2023-10-26T06:44:15","guid":{"rendered":"https:\/\/petproducts.com.cn\/?post_type=product&#038;p=14419"},"modified":"2023-10-26T07:32:40","modified_gmt":"2023-10-26T07:32:40","slug":"cotton-rope-cloth-dog-toys-with-tpr-ring-for-chewers","status":"publish","type":"product","link":"https:\/\/petproducts.com.cn\/fr\/product\/cotton-rope-cloth-dog-toys-with-tpr-ring-for-chewers\/","title":{"rendered":"Jouets pour chiens en tissu de corde de coton avec anneau Tpr pour m\u00e2cheurs"},"content":{"rendered":"<h2>Petstar : Jouets pour chiens en corde de coton -Services de personnalisation en gros<\/h2>\n<p>Bienvenue chez Petstar, le premier fournisseur de jouets pour chiens en corde de coton avec anneau en TPR. Nos jouets pour chiens de haute qualit\u00e9 sont con\u00e7us pour offrir un divertissement sans fin aux chiens de toutes races et de toutes tailles. Le jouet pour chien Cotton Rope Cloth est une combinaison parfaite d'un design animalier mignon, de mat\u00e9riaux durables et d'un couineur s\u00e9duisant qui gardera vos amis \u00e0 fourrure occup\u00e9s et divertis.<\/p>\n<h3>Notre avantage :<\/h3>\n<ol>\n<li>Design animalier mignon : Le jouet pour chien en corde de coton pr\u00e9sente d'adorables motifs d'animaux qui ne manqueront pas de s\u00e9duire les chiens et leurs ma\u00eetres. Des singes espi\u00e8gles aux \u00e9l\u00e9phants sympathiques, notre collection de jouets offre une vari\u00e9t\u00e9 d'options pour r\u00e9pondre aux pr\u00e9f\u00e9rences de chaque chien. Ces charmants motifs rendent les moments de jeu encore plus agr\u00e9ables pour votre compagnon \u00e0 poils.<\/li>\n<li>Mat\u00e9riaux durables:Nos jouets pour chiens sont fabriqu\u00e9s \u00e0 partir de tissu Twill Oxford Woollen de haute qualit\u00e9, garantissant durabilit\u00e9 et long\u00e9vit\u00e9. De plus, le tissu est suffisamment r\u00e9sistant pour supporter les m\u00e2chonnements et les tiraillements, ce qui en fait un jouet id\u00e9al pour les m\u00e2cheurs et les chiens actifs. De plus, la corde en coton ajoute une couche suppl\u00e9mentaire de r\u00e9sistance, offrant une exp\u00e9rience de mastication satisfaisante \u00e0 votre animal de compagnie.<\/li>\n<li>Anneau TPR pour les m\u00e2cheurs : Nous comprenons que certains chiens ont un instinct de mastication plus fort. C'est pourquoi nos jouets pour chiens en corde de coton sont \u00e9quip\u00e9s d'un anneau TPR (caoutchouc thermoplastique). Cet anneau offre une texture ferme mais souple qui satisfait l'envie de m\u00e2cher, en favorisant des habitudes dentaires saines et en soulageant l'ennui. L'anneau en caoutchouc thermoplastique ajoute \u00e9galement un \u00e9l\u00e9ment de plaisir suppl\u00e9mentaire pendant les moments de jeu.<\/li>\n<li>Services de personnalisation en gros:Chez Petstar, nous accordons une grande importance \u00e0 la marque et \u00e0 la personnalisation. C'est pourquoi nous proposons des services de personnalisation en gros, qui vous permettent de cr\u00e9er une version unique du jouet pour chien en corde de coton qui correspond aux besoins de votre entreprise. En ajoutant votre logo, le nom de votre entreprise ou toute autre information personnalis\u00e9e, vous pouvez cr\u00e9er un produit sur mesure qui repr\u00e9sente l'identit\u00e9 de votre marque.<\/li>\n<\/ol>\n<p>Petstar est votre fournisseur de confiance de jouets interactifs de haute qualit\u00e9 pour chiens Foxes. Notre engagement \u00e0 l'excellence garantit que chaque jouet est s\u00fbr, durable et con\u00e7u pour fournir des heures de plaisir interactif. Contactez-nous d\u00e8s aujourd'hui pour explorer les possibilit\u00e9s de vente en gros et profiter de nos services de personnalisation en gros.<\/p>\n<p>&nbsp;<\/p>","protected":false},"excerpt":{"rendered":"<p>Nous sommes un fabricant de jouets en peluche durables pour chiens avec plus de 20 ans d'exp\u00e9rience. Nous offrons des options de personnalisation pour la couleur, la taille, le tissu, le motif, le logo et d'autres caract\u00e9ristiques.<\/p>","protected":false},"featured_media":14420,"template":"","meta":{"_acf_changed":false},"product_brand":[],"product_cat":[72,48],"product_tag":[85],"class_list":{"0":"post-14419","1":"product","2":"type-product","3":"status-publish","4":"has-post-thumbnail","6":"product_cat-dog-supplies","7":"product_cat-dog-toys","8":"product_tag-dog-toys","10":"first","11":"instock","12":"shipping-taxable","13":"product-type-simple"},"acf":[],"yoast_head":"<!-- This site is optimized with the Yoast SEO plugin v27.1.1 - https:\/\/yoast.com\/product\/yoast-seo-wordpress\/ -->\n<title>Sourcing cotton rope dog toys | Custom squeaky dog toy - Petstar<\/title>\n<meta name=\"description\" content=\"Explore cotton rope dog toys,dog toys for chewers,cloth dog toys directly from the manufacturer. Your ideal business solution with Petstar.\" \/>\n<meta name=\"robots\" content=\"index, follow, max-snippet:-1, max-image-preview:large, max-video-preview:-1\" \/>\n<link rel=\"canonical\" href=\"https:\/\/petproducts.com.cn\/fr\/produit\/cotton-rope-cloth-dog-toys-with-tpr-ring-for-chewers\/\" \/>\n<meta property=\"og:locale\" content=\"fr_FR\" \/>\n<meta property=\"og:type\" content=\"article\" \/>\n<meta property=\"og:title\" content=\"Sourcing cotton rope dog toys | Custom squeaky dog toy - Petstar\" \/>\n<meta property=\"og:description\" content=\"Explore cotton rope dog toys,dog toys for chewers,cloth dog toys directly from the manufacturer. Your ideal business solution with Petstar.\" \/>\n<meta property=\"og:url\" content=\"https:\/\/petproducts.com.cn\/fr\/produit\/cotton-rope-cloth-dog-toys-with-tpr-ring-for-chewers\/\" \/>\n<meta property=\"og:site_name\" content=\"Petstar\" \/>\n<meta property=\"article:modified_time\" content=\"2023-10-26T07:32:40+00:00\" \/>\n<meta property=\"og:image\" content=\"https:\/\/petproducts.com.cn\/wp-content\/uploads\/2023\/10\/cotton-rope-dog-toys-2.webp\" \/>\n\t<meta property=\"og:image:width\" content=\"800\" \/>\n\t<meta property=\"og:image:height\" content=\"800\" \/>\n\t<meta property=\"og:image:type\" content=\"image\/webp\" \/>\n<meta name=\"twitter:card\" content=\"summary_large_image\" \/>\n<meta name=\"twitter:label1\" content=\"Dur\u00e9e de lecture estim\u00e9e\" \/>\n\t<meta name=\"twitter:data1\" content=\"2 minutes\" \/>\n<script type=\"application\/ld+json\" class=\"yoast-schema-graph\">{\"@context\":\"https:\/\/schema.org\",\"@graph\":[{\"@type\":\"WebPage\",\"@id\":\"https:\/\/petproducts.com.cn\/product\/cotton-rope-cloth-dog-toys-with-tpr-ring-for-chewers\/\",\"url\":\"https:\/\/petproducts.com.cn\/product\/cotton-rope-cloth-dog-toys-with-tpr-ring-for-chewers\/\",\"name\":\"Sourcing cotton rope dog toys | Custom squeaky dog toy - Petstar\",\"isPartOf\":{\"@id\":\"https:\/\/petproducts.com.cn\/#website\"},\"primaryImageOfPage\":{\"@id\":\"https:\/\/petproducts.com.cn\/product\/cotton-rope-cloth-dog-toys-with-tpr-ring-for-chewers\/#primaryimage\"},\"image\":{\"@id\":\"https:\/\/petproducts.com.cn\/product\/cotton-rope-cloth-dog-toys-with-tpr-ring-for-chewers\/#primaryimage\"},\"thumbnailUrl\":\"https:\/\/petproducts.com.cn\/wp-content\/uploads\/2023\/10\/cotton-rope-dog-toys-2.webp\",\"datePublished\":\"2023-10-26T06:44:15+00:00\",\"dateModified\":\"2023-10-26T07:32:40+00:00\",\"description\":\"Explore cotton rope dog toys,dog toys for chewers,cloth dog toys directly from the manufacturer. Your ideal business solution with Petstar.\",\"breadcrumb\":{\"@id\":\"https:\/\/petproducts.com.cn\/product\/cotton-rope-cloth-dog-toys-with-tpr-ring-for-chewers\/#breadcrumb\"},\"inLanguage\":\"fr-FR\",\"potentialAction\":[{\"@type\":\"ReadAction\",\"target\":[\"https:\/\/petproducts.com.cn\/product\/cotton-rope-cloth-dog-toys-with-tpr-ring-for-chewers\/\"]}]},{\"@type\":\"ImageObject\",\"inLanguage\":\"fr-FR\",\"@id\":\"https:\/\/petproducts.com.cn\/product\/cotton-rope-cloth-dog-toys-with-tpr-ring-for-chewers\/#primaryimage\",\"url\":\"https:\/\/petproducts.com.cn\/wp-content\/uploads\/2023\/10\/cotton-rope-dog-toys-2.webp\",\"contentUrl\":\"https:\/\/petproducts.com.cn\/wp-content\/uploads\/2023\/10\/cotton-rope-dog-toys-2.webp\",\"width\":800,\"height\":800,\"caption\":\"cotton rope dog toys\"},{\"@type\":\"BreadcrumbList\",\"@id\":\"https:\/\/petproducts.com.cn\/product\/cotton-rope-cloth-dog-toys-with-tpr-ring-for-chewers\/#breadcrumb\",\"itemListElement\":[{\"@type\":\"ListItem\",\"position\":1,\"name\":\"HOME\",\"item\":\"https:\/\/petproducts.com.cn\/\"},{\"@type\":\"ListItem\",\"position\":2,\"name\":\"Products\",\"item\":\"https:\/\/petproducts.com.cn\/shop\/\"},{\"@type\":\"ListItem\",\"position\":3,\"name\":\"Dog Toys\",\"item\":\"https:\/\/petproducts.com.cn\/product-category\/dog-toys\/\"},{\"@type\":\"ListItem\",\"position\":4,\"name\":\"Cotton Rope Cloth Dog Toys With Tpr Ring For Chewers\"}]},{\"@type\":\"WebSite\",\"@id\":\"https:\/\/petproducts.com.cn\/#website\",\"url\":\"https:\/\/petproducts.com.cn\/\",\"name\":\"Petstar\",\"description\":\"Leading Pet Supplies Manufacturer &amp; OEM Pet Products Supplier\",\"publisher\":{\"@id\":\"https:\/\/petproducts.com.cn\/#organization\"},\"alternateName\":\"Petstar Pet Supplies\",\"potentialAction\":[{\"@type\":\"SearchAction\",\"target\":{\"@type\":\"EntryPoint\",\"urlTemplate\":\"https:\/\/petproducts.com.cn\/?s={search_term_string}\"},\"query-input\":{\"@type\":\"PropertyValueSpecification\",\"valueRequired\":true,\"valueName\":\"search_term_string\"}}],\"inLanguage\":\"fr-FR\"},{\"@type\":\"Organization\",\"@id\":\"https:\/\/petproducts.com.cn\/#organization\",\"name\":\"Petstar\",\"url\":\"https:\/\/petproducts.com.cn\/\",\"logo\":{\"@type\":\"ImageObject\",\"inLanguage\":\"fr-FR\",\"@id\":\"https:\/\/petproducts.com.cn\/#\/schema\/logo\/image\/\",\"url\":\"https:\/\/petproducts.com.cn\/wp-content\/uploads\/2020\/02\/petstar-logo.webp\",\"contentUrl\":\"https:\/\/petproducts.com.cn\/wp-content\/uploads\/2020\/02\/petstar-logo.webp\",\"width\":779,\"height\":520,\"caption\":\"Petstar\"},\"image\":{\"@id\":\"https:\/\/petproducts.com.cn\/#\/schema\/logo\/image\/\"}}]}<\/script>\n<!-- \/ Yoast SEO plugin. -->","yoast_head_json":{"title":"Sourcing jouets pour chien en corde coton | Jouet pour chien couineur personnalis\u00e9 - Petstar","description":"D\u00e9couvrez les jouets pour chiens en corde de coton, les jouets pour chiens \u00e0 m\u00e2cher, les jouets en tissu pour chiens directement du fabricant. Votre solution commerciale id\u00e9ale avec Petstar.","robots":{"index":"index","follow":"follow","max-snippet":"max-snippet:-1","max-image-preview":"max-image-preview:large","max-video-preview":"max-video-preview:-1"},"canonical":"https:\/\/petproducts.com.cn\/fr\/produit\/cotton-rope-cloth-dog-toys-with-tpr-ring-for-chewers\/","og_locale":"fr_FR","og_type":"article","og_title":"Sourcing cotton rope dog toys | Custom squeaky dog toy - Petstar","og_description":"Explore cotton rope dog toys,dog toys for chewers,cloth dog toys directly from the manufacturer. Your ideal business solution with Petstar.","og_url":"https:\/\/petproducts.com.cn\/fr\/produit\/cotton-rope-cloth-dog-toys-with-tpr-ring-for-chewers\/","og_site_name":"Petstar","article_modified_time":"2023-10-26T07:32:40+00:00","og_image":[{"width":800,"height":800,"url":"https:\/\/petproducts.com.cn\/wp-content\/uploads\/2023\/10\/cotton-rope-dog-toys-2.webp","type":"image\/webp"}],"twitter_card":"summary_large_image","twitter_misc":{"Dur\u00e9e de lecture estim\u00e9e":"2 minutes"},"schema":{"@context":"https:\/\/schema.org","@graph":[{"@type":"WebPage","@id":"https:\/\/petproducts.com.cn\/product\/cotton-rope-cloth-dog-toys-with-tpr-ring-for-chewers\/","url":"https:\/\/petproducts.com.cn\/product\/cotton-rope-cloth-dog-toys-with-tpr-ring-for-chewers\/","name":"Sourcing jouets pour chien en corde coton | Jouet pour chien couineur personnalis\u00e9 - Petstar","isPartOf":{"@id":"https:\/\/petproducts.com.cn\/#website"},"primaryImageOfPage":{"@id":"https:\/\/petproducts.com.cn\/product\/cotton-rope-cloth-dog-toys-with-tpr-ring-for-chewers\/#primaryimage"},"image":{"@id":"https:\/\/petproducts.com.cn\/product\/cotton-rope-cloth-dog-toys-with-tpr-ring-for-chewers\/#primaryimage"},"thumbnailUrl":"https:\/\/petproducts.com.cn\/wp-content\/uploads\/2023\/10\/cotton-rope-dog-toys-2.webp","datePublished":"2023-10-26T06:44:15+00:00","dateModified":"2023-10-26T07:32:40+00:00","description":"D\u00e9couvrez les jouets pour chiens en corde de coton, les jouets pour chiens \u00e0 m\u00e2cher, les jouets en tissu pour chiens directement du fabricant. Votre solution commerciale id\u00e9ale avec Petstar.","breadcrumb":{"@id":"https:\/\/petproducts.com.cn\/product\/cotton-rope-cloth-dog-toys-with-tpr-ring-for-chewers\/#breadcrumb"},"inLanguage":"fr-FR","potentialAction":[{"@type":"ReadAction","target":["https:\/\/petproducts.com.cn\/product\/cotton-rope-cloth-dog-toys-with-tpr-ring-for-chewers\/"]}]},{"@type":"ImageObject","inLanguage":"fr-FR","@id":"https:\/\/petproducts.com.cn\/product\/cotton-rope-cloth-dog-toys-with-tpr-ring-for-chewers\/#primaryimage","url":"https:\/\/petproducts.com.cn\/wp-content\/uploads\/2023\/10\/cotton-rope-dog-toys-2.webp","contentUrl":"https:\/\/petproducts.com.cn\/wp-content\/uploads\/2023\/10\/cotton-rope-dog-toys-2.webp","width":800,"height":800,"caption":"cotton rope dog toys"},{"@type":"BreadcrumbList","@id":"https:\/\/petproducts.com.cn\/product\/cotton-rope-cloth-dog-toys-with-tpr-ring-for-chewers\/#breadcrumb","itemListElement":[{"@type":"ListItem","position":1,"name":"HOME","item":"https:\/\/petproducts.com.cn\/"},{"@type":"ListItem","position":2,"name":"Products","item":"https:\/\/petproducts.com.cn\/shop\/"},{"@type":"ListItem","position":3,"name":"Dog Toys","item":"https:\/\/petproducts.com.cn\/product-category\/dog-toys\/"},{"@type":"ListItem","position":4,"name":"Cotton Rope Cloth Dog Toys With Tpr Ring For Chewers"}]},{"@type":"WebSite","@id":"https:\/\/petproducts.com.cn\/#website","url":"https:\/\/petproducts.com.cn\/","name":"Petstar","description":"Fabricant leader de fournitures pour animaux de compagnie et fournisseur OEM de produits pour animaux de compagnie","publisher":{"@id":"https:\/\/petproducts.com.cn\/#organization"},"alternateName":"Petstar Pet Supplies","potentialAction":[{"@type":"SearchAction","target":{"@type":"EntryPoint","urlTemplate":"https:\/\/petproducts.com.cn\/?s={search_term_string}"},"query-input":{"@type":"PropertyValueSpecification","valueRequired":true,"valueName":"search_term_string"}}],"inLanguage":"fr-FR"},{"@type":"Organization","@id":"https:\/\/petproducts.com.cn\/#organization","name":"Petstar","url":"https:\/\/petproducts.com.cn\/","logo":{"@type":"ImageObject","inLanguage":"fr-FR","@id":"https:\/\/petproducts.com.cn\/#\/schema\/logo\/image\/","url":"https:\/\/petproducts.com.cn\/wp-content\/uploads\/2020\/02\/petstar-logo.webp","contentUrl":"https:\/\/petproducts.com.cn\/wp-content\/uploads\/2020\/02\/petstar-logo.webp","width":779,"height":520,"caption":"Petstar"},"image":{"@id":"https:\/\/petproducts.com.cn\/#\/schema\/logo\/image\/"}}]}},"_links":{"self":[{"href":"https:\/\/petproducts.com.cn\/fr\/wp-json\/wp\/v2\/product\/14419","targetHints":{"allow":["GET"]}}],"collection":[{"href":"https:\/\/petproducts.com.cn\/fr\/wp-json\/wp\/v2\/product"}],"about":[{"href":"https:\/\/petproducts.com.cn\/fr\/wp-json\/wp\/v2\/types\/product"}],"version-history":[{"count":7,"href":"https:\/\/petproducts.com.cn\/fr\/wp-json\/wp\/v2\/product\/14419\/revisions"}],"predecessor-version":[{"id":14466,"href":"https:\/\/petproducts.com.cn\/fr\/wp-json\/wp\/v2\/product\/14419\/revisions\/14466"}],"wp:featuredmedia":[{"embeddable":true,"href":"https:\/\/petproducts.com.cn\/fr\/wp-json\/wp\/v2\/media\/14420"}],"wp:attachment":[{"href":"https:\/\/petproducts.com.cn\/fr\/wp-json\/wp\/v2\/media?parent=14419"}],"wp:term":[{"taxonomy":"product_brand","embeddable":true,"href":"https:\/\/petproducts.com.cn\/fr\/wp-json\/wp\/v2\/product_brand?post=14419"},{"taxonomy":"product_cat","embeddable":true,"href":"https:\/\/petproducts.com.cn\/fr\/wp-json\/wp\/v2\/product_cat?post=14419"},{"taxonomy":"product_tag","embeddable":true,"href":"https:\/\/petproducts.com.cn\/fr\/wp-json\/wp\/v2\/product_tag?post=14419"}],"curies":[{"name":"wp","href":"https:\/\/api.w.org\/{rel}","templated":true}]}}