{"id":14451,"date":"2023-10-26T07:12:20","date_gmt":"2023-10-26T07:12:20","guid":{"rendered":"https:\/\/petproducts.com.cn\/?post_type=product&#038;p=14451"},"modified":"2023-10-26T07:30:46","modified_gmt":"2023-10-26T07:30:46","slug":"artificial-rattan-wicker-dog-crate","status":"publish","type":"product","link":"https:\/\/petproducts.com.cn\/fr\/product\/artificial-rattan-wicker-dog-crate\/","title":{"rendered":"Caisse pour chien en osier et rotin artificiel"},"content":{"rendered":"<h2>Caract\u00e9ristiques de la cage \u00e0 chien en rotin<\/h2>\n<ol>\n<li><strong>M\u00e9canisme de verrouillage s\u00e9curis\u00e9 :<\/strong> La cage pour chien en rotin est \u00e9quip\u00e9e d'une serrure fiable qui garantit la s\u00e9curit\u00e9 de votre animal et emp\u00eache les fuites accidentelles.<\/li>\n<li><strong>Fabrication artisanale tiss\u00e9e \u00e0 la main :<\/strong> Des artisans qualifi\u00e9s ont m\u00e9ticuleusement tiss\u00e9 \u00e0 la main notre niche pour chiens, alliant savoir-faire et style pour s'adapter parfaitement \u00e0 votre d\u00e9coration int\u00e9rieure.<\/li>\n<li><strong>Solutions sur mesure pour les commandes en gros :<\/strong> Que vous ayez besoin de plusieurs unit\u00e9s pour une animalerie ou que vous ayez des pr\u00e9f\u00e9rences sp\u00e9cifiques en mati\u00e8re de design, nous proposons des options personnalis\u00e9es pour les commandes en gros, ce qui vous permet d'adapter le produit \u00e0 vos besoins exacts.<\/li>\n<li><strong>Design \u00e9l\u00e9gant en rotin :<\/strong> Cette cage pour chien pr\u00e9sente un \u00e9l\u00e9gant tissage en rotin qui ajoute de la sophistication \u00e0 l'espace de vie de votre animal et s'int\u00e8gre parfaitement \u00e0 l'esth\u00e9tique de votre maison.<\/li>\n<li><strong>Durable et s\u00fbr :<\/strong> La construction en rotin n'est pas seulement esth\u00e9tique, elle est aussi robuste et sans danger pour les animaux, offrant un environnement s\u00fbr \u00e0 votre compagnon \u00e0 poils.<\/li>\n<li><strong>Facile \u00e0 nettoyer:<\/strong> Le nettoyage du mobilier de la niche est un jeu d'enfant. Il suffit de l'essuyer pour qu'il conserve son aspect frais et propre.<\/li>\n<li><strong>Multifonctionnel\u00a0:<\/strong> En plus d'\u00eatre un enclos s\u00e9curis\u00e9 pour le chien, notre mobilier pour cage peut \u00e9galement servir de meuble \u00e9l\u00e9gant, comme une table d'appoint ou une table de nuit.<\/li>\n<li><strong>Assemblage sans probl\u00e8me :<\/strong> Nous avons con\u00e7u ce meuble pour cage de chien pour qu'il soit facile \u00e0 assembler, ce qui vous permet de l'installer rapidement et d'offrir \u00e0 votre animal de compagnie un espace confortable et s\u00e9curis\u00e9.<\/li>\n<\/ol>\n<div id=\"gtx-trans\" style=\"position: absolute; left: 171px; top: 179.707px;\">\n<div class=\"gtx-trans-icon\"><\/div>\n<\/div>","protected":false},"excerpt":{"rendered":"<p>Nous sommes un fabricant de cages pour chiens avec plus de 20 ans d'exp\u00e9rience. Nous offrons des options de personnalisation pour la couleur, la taille, le tissu, le motif, le logo et d'autres caract\u00e9ristiques.<\/p>","protected":false},"featured_media":14457,"template":"","meta":{"_acf_changed":false},"product_brand":[],"product_cat":[52,72],"product_tag":[106],"class_list":{"0":"post-14451","1":"product","2":"type-product","3":"status-publish","4":"has-post-thumbnail","6":"product_cat-dog-crates-houses-pens","7":"product_cat-dog-supplies","8":"product_tag-dog-crates-houses-pens","10":"first","11":"instock","12":"shipping-taxable","13":"product-type-simple"},"acf":[],"yoast_head":"<!-- This site is optimized with the Yoast SEO plugin v27.1.1 - https:\/\/yoast.com\/product\/yoast-seo-wordpress\/ -->\n<title>Rattan Dog Cage Wholesale | Dog Crate Furniture Supplier- Petstar<\/title>\n<meta name=\"description\" content=\"Explore rattan dog cage , dog crate furniture,dog kennel furniture directly from the manufacturer. Your ideal business solution with Petstar.\" \/>\n<meta name=\"robots\" content=\"index, follow, max-snippet:-1, max-image-preview:large, max-video-preview:-1\" \/>\n<link rel=\"canonical\" href=\"https:\/\/petproducts.com.cn\/fr\/produit\/artificial-rattan-wicker-dog-crate\/\" \/>\n<meta property=\"og:locale\" content=\"fr_FR\" \/>\n<meta property=\"og:type\" content=\"article\" \/>\n<meta property=\"og:title\" content=\"Rattan Dog Cage Wholesale | Dog Crate Furniture Supplier- Petstar\" \/>\n<meta property=\"og:description\" content=\"Explore rattan dog cage , dog crate furniture,dog kennel furniture directly from the manufacturer. Your ideal business solution with Petstar.\" \/>\n<meta property=\"og:url\" content=\"https:\/\/petproducts.com.cn\/fr\/produit\/artificial-rattan-wicker-dog-crate\/\" \/>\n<meta property=\"og:site_name\" content=\"Petstar\" \/>\n<meta property=\"article:modified_time\" content=\"2023-10-26T07:30:46+00:00\" \/>\n<meta property=\"og:image\" content=\"https:\/\/petproducts.com.cn\/wp-content\/uploads\/2023\/10\/rattan-dog-cage.webp\" \/>\n\t<meta property=\"og:image:width\" content=\"1000\" \/>\n\t<meta property=\"og:image:height\" content=\"1000\" \/>\n\t<meta property=\"og:image:type\" content=\"image\/webp\" \/>\n<meta name=\"twitter:card\" content=\"summary_large_image\" \/>\n<meta name=\"twitter:label1\" content=\"Dur\u00e9e de lecture estim\u00e9e\" \/>\n\t<meta name=\"twitter:data1\" content=\"1 minute\" \/>\n<script type=\"application\/ld+json\" class=\"yoast-schema-graph\">{\"@context\":\"https:\/\/schema.org\",\"@graph\":[{\"@type\":\"WebPage\",\"@id\":\"https:\/\/petproducts.com.cn\/product\/artificial-rattan-wicker-dog-crate\/\",\"url\":\"https:\/\/petproducts.com.cn\/product\/artificial-rattan-wicker-dog-crate\/\",\"name\":\"Rattan Dog Cage Wholesale | Dog Crate Furniture Supplier- Petstar\",\"isPartOf\":{\"@id\":\"https:\/\/petproducts.com.cn\/#website\"},\"primaryImageOfPage\":{\"@id\":\"https:\/\/petproducts.com.cn\/product\/artificial-rattan-wicker-dog-crate\/#primaryimage\"},\"image\":{\"@id\":\"https:\/\/petproducts.com.cn\/product\/artificial-rattan-wicker-dog-crate\/#primaryimage\"},\"thumbnailUrl\":\"https:\/\/petproducts.com.cn\/wp-content\/uploads\/2023\/10\/rattan-dog-cage.webp\",\"datePublished\":\"2023-10-26T07:12:20+00:00\",\"dateModified\":\"2023-10-26T07:30:46+00:00\",\"description\":\"Explore rattan dog cage , dog crate furniture,dog kennel furniture directly from the manufacturer. Your ideal business solution with Petstar.\",\"breadcrumb\":{\"@id\":\"https:\/\/petproducts.com.cn\/product\/artificial-rattan-wicker-dog-crate\/#breadcrumb\"},\"inLanguage\":\"fr-FR\",\"potentialAction\":[{\"@type\":\"ReadAction\",\"target\":[\"https:\/\/petproducts.com.cn\/product\/artificial-rattan-wicker-dog-crate\/\"]}]},{\"@type\":\"ImageObject\",\"inLanguage\":\"fr-FR\",\"@id\":\"https:\/\/petproducts.com.cn\/product\/artificial-rattan-wicker-dog-crate\/#primaryimage\",\"url\":\"https:\/\/petproducts.com.cn\/wp-content\/uploads\/2023\/10\/rattan-dog-cage.webp\",\"contentUrl\":\"https:\/\/petproducts.com.cn\/wp-content\/uploads\/2023\/10\/rattan-dog-cage.webp\",\"width\":1000,\"height\":1000,\"caption\":\"rattan dog cage\"},{\"@type\":\"BreadcrumbList\",\"@id\":\"https:\/\/petproducts.com.cn\/product\/artificial-rattan-wicker-dog-crate\/#breadcrumb\",\"itemListElement\":[{\"@type\":\"ListItem\",\"position\":1,\"name\":\"HOME\",\"item\":\"https:\/\/petproducts.com.cn\/\"},{\"@type\":\"ListItem\",\"position\":2,\"name\":\"Products\",\"item\":\"https:\/\/petproducts.com.cn\/shop\/\"},{\"@type\":\"ListItem\",\"position\":3,\"name\":\"Dog Supplies\",\"item\":\"https:\/\/petproducts.com.cn\/product-category\/dog-supplies\/\"},{\"@type\":\"ListItem\",\"position\":4,\"name\":\"Artificial Rattan Wicker Dog Crate\"}]},{\"@type\":\"WebSite\",\"@id\":\"https:\/\/petproducts.com.cn\/#website\",\"url\":\"https:\/\/petproducts.com.cn\/\",\"name\":\"Petstar\",\"description\":\"Leading Pet Supplies Manufacturer &amp; OEM Pet Products Supplier\",\"publisher\":{\"@id\":\"https:\/\/petproducts.com.cn\/#organization\"},\"alternateName\":\"Petstar Pet Supplies\",\"potentialAction\":[{\"@type\":\"SearchAction\",\"target\":{\"@type\":\"EntryPoint\",\"urlTemplate\":\"https:\/\/petproducts.com.cn\/?s={search_term_string}\"},\"query-input\":{\"@type\":\"PropertyValueSpecification\",\"valueRequired\":true,\"valueName\":\"search_term_string\"}}],\"inLanguage\":\"fr-FR\"},{\"@type\":\"Organization\",\"@id\":\"https:\/\/petproducts.com.cn\/#organization\",\"name\":\"Petstar\",\"url\":\"https:\/\/petproducts.com.cn\/\",\"logo\":{\"@type\":\"ImageObject\",\"inLanguage\":\"fr-FR\",\"@id\":\"https:\/\/petproducts.com.cn\/#\/schema\/logo\/image\/\",\"url\":\"https:\/\/petproducts.com.cn\/wp-content\/uploads\/2020\/02\/petstar-logo.webp\",\"contentUrl\":\"https:\/\/petproducts.com.cn\/wp-content\/uploads\/2020\/02\/petstar-logo.webp\",\"width\":779,\"height\":520,\"caption\":\"Petstar\"},\"image\":{\"@id\":\"https:\/\/petproducts.com.cn\/#\/schema\/logo\/image\/\"}}]}<\/script>\n<!-- \/ Yoast SEO plugin. -->","yoast_head_json":{"title":"Vente en gros de cages pour chiens en rotin | Fournisseur de meubles pour chiens - Petstar","description":"D\u00e9couvrez les cages pour chiens en rotin, les meubles pour chiens et les meubles pour chenils directement aupr\u00e8s du fabricant. La solution id\u00e9ale pour votre entreprise avec Petstar.","robots":{"index":"index","follow":"follow","max-snippet":"max-snippet:-1","max-image-preview":"max-image-preview:large","max-video-preview":"max-video-preview:-1"},"canonical":"https:\/\/petproducts.com.cn\/fr\/produit\/artificial-rattan-wicker-dog-crate\/","og_locale":"fr_FR","og_type":"article","og_title":"Rattan Dog Cage Wholesale | Dog Crate Furniture Supplier- Petstar","og_description":"Explore rattan dog cage , dog crate furniture,dog kennel furniture directly from the manufacturer. Your ideal business solution with Petstar.","og_url":"https:\/\/petproducts.com.cn\/fr\/produit\/artificial-rattan-wicker-dog-crate\/","og_site_name":"Petstar","article_modified_time":"2023-10-26T07:30:46+00:00","og_image":[{"width":1000,"height":1000,"url":"https:\/\/petproducts.com.cn\/wp-content\/uploads\/2023\/10\/rattan-dog-cage.webp","type":"image\/webp"}],"twitter_card":"summary_large_image","twitter_misc":{"Dur\u00e9e de lecture estim\u00e9e":"1 minute"},"schema":{"@context":"https:\/\/schema.org","@graph":[{"@type":"WebPage","@id":"https:\/\/petproducts.com.cn\/product\/artificial-rattan-wicker-dog-crate\/","url":"https:\/\/petproducts.com.cn\/product\/artificial-rattan-wicker-dog-crate\/","name":"Vente en gros de cages pour chiens en rotin | Fournisseur de meubles pour chiens - Petstar","isPartOf":{"@id":"https:\/\/petproducts.com.cn\/#website"},"primaryImageOfPage":{"@id":"https:\/\/petproducts.com.cn\/product\/artificial-rattan-wicker-dog-crate\/#primaryimage"},"image":{"@id":"https:\/\/petproducts.com.cn\/product\/artificial-rattan-wicker-dog-crate\/#primaryimage"},"thumbnailUrl":"https:\/\/petproducts.com.cn\/wp-content\/uploads\/2023\/10\/rattan-dog-cage.webp","datePublished":"2023-10-26T07:12:20+00:00","dateModified":"2023-10-26T07:30:46+00:00","description":"D\u00e9couvrez les cages pour chiens en rotin, les meubles pour chiens et les meubles pour chenils directement aupr\u00e8s du fabricant. La solution id\u00e9ale pour votre entreprise avec Petstar.","breadcrumb":{"@id":"https:\/\/petproducts.com.cn\/product\/artificial-rattan-wicker-dog-crate\/#breadcrumb"},"inLanguage":"fr-FR","potentialAction":[{"@type":"ReadAction","target":["https:\/\/petproducts.com.cn\/product\/artificial-rattan-wicker-dog-crate\/"]}]},{"@type":"ImageObject","inLanguage":"fr-FR","@id":"https:\/\/petproducts.com.cn\/product\/artificial-rattan-wicker-dog-crate\/#primaryimage","url":"https:\/\/petproducts.com.cn\/wp-content\/uploads\/2023\/10\/rattan-dog-cage.webp","contentUrl":"https:\/\/petproducts.com.cn\/wp-content\/uploads\/2023\/10\/rattan-dog-cage.webp","width":1000,"height":1000,"caption":"rattan dog cage"},{"@type":"BreadcrumbList","@id":"https:\/\/petproducts.com.cn\/product\/artificial-rattan-wicker-dog-crate\/#breadcrumb","itemListElement":[{"@type":"ListItem","position":1,"name":"HOME","item":"https:\/\/petproducts.com.cn\/"},{"@type":"ListItem","position":2,"name":"Products","item":"https:\/\/petproducts.com.cn\/shop\/"},{"@type":"ListItem","position":3,"name":"Dog Supplies","item":"https:\/\/petproducts.com.cn\/product-category\/dog-supplies\/"},{"@type":"ListItem","position":4,"name":"Artificial Rattan Wicker Dog Crate"}]},{"@type":"WebSite","@id":"https:\/\/petproducts.com.cn\/#website","url":"https:\/\/petproducts.com.cn\/","name":"Petstar","description":"Fabricant leader de fournitures pour animaux de compagnie et fournisseur OEM de produits pour animaux de compagnie","publisher":{"@id":"https:\/\/petproducts.com.cn\/#organization"},"alternateName":"Petstar Pet Supplies","potentialAction":[{"@type":"SearchAction","target":{"@type":"EntryPoint","urlTemplate":"https:\/\/petproducts.com.cn\/?s={search_term_string}"},"query-input":{"@type":"PropertyValueSpecification","valueRequired":true,"valueName":"search_term_string"}}],"inLanguage":"fr-FR"},{"@type":"Organization","@id":"https:\/\/petproducts.com.cn\/#organization","name":"Petstar","url":"https:\/\/petproducts.com.cn\/","logo":{"@type":"ImageObject","inLanguage":"fr-FR","@id":"https:\/\/petproducts.com.cn\/#\/schema\/logo\/image\/","url":"https:\/\/petproducts.com.cn\/wp-content\/uploads\/2020\/02\/petstar-logo.webp","contentUrl":"https:\/\/petproducts.com.cn\/wp-content\/uploads\/2020\/02\/petstar-logo.webp","width":779,"height":520,"caption":"Petstar"},"image":{"@id":"https:\/\/petproducts.com.cn\/#\/schema\/logo\/image\/"}}]}},"_links":{"self":[{"href":"https:\/\/petproducts.com.cn\/fr\/wp-json\/wp\/v2\/product\/14451","targetHints":{"allow":["GET"]}}],"collection":[{"href":"https:\/\/petproducts.com.cn\/fr\/wp-json\/wp\/v2\/product"}],"about":[{"href":"https:\/\/petproducts.com.cn\/fr\/wp-json\/wp\/v2\/types\/product"}],"version-history":[{"count":1,"href":"https:\/\/petproducts.com.cn\/fr\/wp-json\/wp\/v2\/product\/14451\/revisions"}],"predecessor-version":[{"id":14465,"href":"https:\/\/petproducts.com.cn\/fr\/wp-json\/wp\/v2\/product\/14451\/revisions\/14465"}],"wp:featuredmedia":[{"embeddable":true,"href":"https:\/\/petproducts.com.cn\/fr\/wp-json\/wp\/v2\/media\/14457"}],"wp:attachment":[{"href":"https:\/\/petproducts.com.cn\/fr\/wp-json\/wp\/v2\/media?parent=14451"}],"wp:term":[{"taxonomy":"product_brand","embeddable":true,"href":"https:\/\/petproducts.com.cn\/fr\/wp-json\/wp\/v2\/product_brand?post=14451"},{"taxonomy":"product_cat","embeddable":true,"href":"https:\/\/petproducts.com.cn\/fr\/wp-json\/wp\/v2\/product_cat?post=14451"},{"taxonomy":"product_tag","embeddable":true,"href":"https:\/\/petproducts.com.cn\/fr\/wp-json\/wp\/v2\/product_tag?post=14451"}],"curies":[{"name":"wp","href":"https:\/\/api.w.org\/{rel}","templated":true}]}}