{"id":14492,"date":"2023-10-26T08:02:27","date_gmt":"2023-10-26T08:02:27","guid":{"rendered":"https:\/\/petproducts.com.cn\/?post_type=product&#038;p=14492"},"modified":"2023-10-26T08:49:38","modified_gmt":"2023-10-26T08:49:38","slug":"cage-for-dogs-wholesale","status":"publish","type":"product","link":"https:\/\/petproducts.com.cn\/fr\/product\/cage-for-dogs-wholesale\/","title":{"rendered":"Chenils pour chiens de meubles pour animaux de compagnie 2 en 1 \u00e0 vendre"},"content":{"rendered":"<h2>Caract\u00e9ristiques de la cage pour chiens<\/h2>\n<ol>\n<li><strong>Solution de stockage polyvalente :<\/strong> Pour que l'espace de votre animal reste ordonn\u00e9 et organis\u00e9, notre cage pour chiens est dot\u00e9e d'une structure de gabarit sup\u00e9rieure, offrant un endroit pratique pour ranger les objets essentiels.<\/li>\n<li><strong>Ventilation optimale :<\/strong> En outre, nous avons \u00e9quip\u00e9 le corps de la cage d'un filet respirant, garantissant \u00e0 votre animal une excellente circulation de l'air et un environnement toujours frais.<\/li>\n<li><strong>Confort de peluche pour votre animal de compagnie :<\/strong> De plus, le fond de la cage est dot\u00e9 de coussins confortables, cr\u00e9ant ainsi un lieu de repos douillet et accueillant qui permet \u00e0 votre compagnon \u00e0 quatre pattes de se sentir bien.<\/li>\n<li><strong>Stable et s\u00fbr :<\/strong> Pour une plus grande tranquillit\u00e9 d'esprit, les coins antid\u00e9rapants du fond de la cage offrent une base stable et s\u00fbre, emp\u00eachant tout mouvement ind\u00e9sirable et garantissant la s\u00e9curit\u00e9 de votre animal.<\/li>\n<li><strong>La double fonctionnalit\u00e9 rencontre le style :<\/strong> Cette cage pour chien n'est pas seulement un espace s\u00e9curis\u00e9, c'est aussi un \u00e9l\u00e9ment d\u00e9coratif qui rehausse le style de votre espace de vie tout en servant de refuge confortable \u00e0 votre animal de compagnie.<\/li>\n<li><strong>Conception peu encombrante :<\/strong> Con\u00e7ue sur mesure pour votre maison, la cage est intelligemment con\u00e7ue pour \u00e9conomiser de l'espace, ce qui lui permet de s'int\u00e9grer parfaitement \u00e0 votre espace de vie sans occuper de place inutile.<\/li>\n<li><strong>Construit pour durer :<\/strong> Fabriqu\u00e9e \u00e0 partir de mat\u00e9riaux durables, cette cage garantit des performances \u00e0 long terme, avec la capacit\u00e9 de r\u00e9sister \u00e0 l'usure quotidienne.<\/li>\n<li><strong>Entretien facile :<\/strong> Le nettoyage et l'entretien de la cage sont faciles, ce qui vous permet de vous assurer que l'environnement de votre animal est propre et accueillant sans aucun probl\u00e8me.<\/li>\n<li><strong>Multifonctionnel et \u00e9l\u00e9gant :<\/strong> En plus d'\u00eatre une cage pour chien, ce produit est un meuble polyvalent qui s'int\u00e8gre parfaitement \u00e0 votre d\u00e9coration int\u00e9rieure.<\/li>\n<li><strong>Le confort de votre animal de compagnie est important :<\/strong> Avant tout, nous donnons la priorit\u00e9 au bien-\u00eatre de votre animal, en concevant cette cage comme un espace s\u00fbr et confortable o\u00f9 il peut se sentir \u00e0 l'aise.<\/li>\n<\/ol>","protected":false},"excerpt":{"rendered":"<p>Nous sommes un fabricant de cages pour chiens avec plus de 20 ans d'exp\u00e9rience. Nous offrons des options de personnalisation pour la couleur, la taille, le tissu, le motif, le logo et d'autres caract\u00e9ristiques.<\/p>","protected":false},"featured_media":14494,"template":"","meta":{"_acf_changed":false},"product_brand":[],"product_cat":[52,72],"product_tag":[106],"class_list":{"0":"post-14492","1":"product","2":"type-product","3":"status-publish","4":"has-post-thumbnail","6":"product_cat-dog-crates-houses-pens","7":"product_cat-dog-supplies","8":"product_tag-dog-crates-houses-pens","10":"first","11":"instock","12":"shipping-taxable","13":"product-type-simple"},"acf":[],"yoast_head":"<!-- This site is optimized with the Yoast SEO plugin v27.1.1 - https:\/\/yoast.com\/product\/yoast-seo-wordpress\/ -->\n<title>Cage For Dogs Wholesale | Dog Kennels For Sale- Petstar<\/title>\n<meta name=\"description\" content=\"Explore cage for dogs , dog kennels for sale,kennels for dogs directly from the manufacturer. Your ideal business solution with Petstar.\" \/>\n<meta name=\"robots\" content=\"index, follow, max-snippet:-1, max-image-preview:large, max-video-preview:-1\" \/>\n<link rel=\"canonical\" href=\"https:\/\/petproducts.com.cn\/fr\/produit\/cage-for-dogs-wholesale\/\" \/>\n<meta property=\"og:locale\" content=\"fr_FR\" \/>\n<meta property=\"og:type\" content=\"article\" \/>\n<meta property=\"og:title\" content=\"Cage For Dogs Wholesale | Dog Kennels For Sale- Petstar\" \/>\n<meta property=\"og:description\" content=\"Explore cage for dogs , dog kennels for sale,kennels for dogs directly from the manufacturer. Your ideal business solution with Petstar.\" \/>\n<meta property=\"og:url\" content=\"https:\/\/petproducts.com.cn\/fr\/produit\/cage-for-dogs-wholesale\/\" \/>\n<meta property=\"og:site_name\" content=\"Petstar\" \/>\n<meta property=\"article:modified_time\" content=\"2023-10-26T08:49:38+00:00\" \/>\n<meta property=\"og:image\" content=\"https:\/\/petproducts.com.cn\/wp-content\/uploads\/2023\/10\/cage-for-dogs.webp\" \/>\n\t<meta property=\"og:image:width\" content=\"1000\" \/>\n\t<meta property=\"og:image:height\" content=\"1000\" \/>\n\t<meta property=\"og:image:type\" content=\"image\/webp\" \/>\n<meta name=\"twitter:card\" content=\"summary_large_image\" \/>\n<meta name=\"twitter:label1\" content=\"Dur\u00e9e de lecture estim\u00e9e\" \/>\n\t<meta name=\"twitter:data1\" content=\"2 minutes\" \/>\n<script type=\"application\/ld+json\" class=\"yoast-schema-graph\">{\"@context\":\"https:\/\/schema.org\",\"@graph\":[{\"@type\":\"WebPage\",\"@id\":\"https:\/\/petproducts.com.cn\/product\/cage-for-dogs-wholesale\/\",\"url\":\"https:\/\/petproducts.com.cn\/product\/cage-for-dogs-wholesale\/\",\"name\":\"Cage For Dogs Wholesale | Dog Kennels For Sale- Petstar\",\"isPartOf\":{\"@id\":\"https:\/\/petproducts.com.cn\/#website\"},\"primaryImageOfPage\":{\"@id\":\"https:\/\/petproducts.com.cn\/product\/cage-for-dogs-wholesale\/#primaryimage\"},\"image\":{\"@id\":\"https:\/\/petproducts.com.cn\/product\/cage-for-dogs-wholesale\/#primaryimage\"},\"thumbnailUrl\":\"https:\/\/petproducts.com.cn\/wp-content\/uploads\/2023\/10\/cage-for-dogs.webp\",\"datePublished\":\"2023-10-26T08:02:27+00:00\",\"dateModified\":\"2023-10-26T08:49:38+00:00\",\"description\":\"Explore cage for dogs , dog kennels for sale,kennels for dogs directly from the manufacturer. Your ideal business solution with Petstar.\",\"breadcrumb\":{\"@id\":\"https:\/\/petproducts.com.cn\/product\/cage-for-dogs-wholesale\/#breadcrumb\"},\"inLanguage\":\"fr-FR\",\"potentialAction\":[{\"@type\":\"ReadAction\",\"target\":[\"https:\/\/petproducts.com.cn\/product\/cage-for-dogs-wholesale\/\"]}]},{\"@type\":\"ImageObject\",\"inLanguage\":\"fr-FR\",\"@id\":\"https:\/\/petproducts.com.cn\/product\/cage-for-dogs-wholesale\/#primaryimage\",\"url\":\"https:\/\/petproducts.com.cn\/wp-content\/uploads\/2023\/10\/cage-for-dogs.webp\",\"contentUrl\":\"https:\/\/petproducts.com.cn\/wp-content\/uploads\/2023\/10\/cage-for-dogs.webp\",\"width\":1000,\"height\":1000,\"caption\":\"cage for dogs\"},{\"@type\":\"BreadcrumbList\",\"@id\":\"https:\/\/petproducts.com.cn\/product\/cage-for-dogs-wholesale\/#breadcrumb\",\"itemListElement\":[{\"@type\":\"ListItem\",\"position\":1,\"name\":\"HOME\",\"item\":\"https:\/\/petproducts.com.cn\/\"},{\"@type\":\"ListItem\",\"position\":2,\"name\":\"Products\",\"item\":\"https:\/\/petproducts.com.cn\/shop\/\"},{\"@type\":\"ListItem\",\"position\":3,\"name\":\"Dog Supplies\",\"item\":\"https:\/\/petproducts.com.cn\/product-category\/dog-supplies\/\"},{\"@type\":\"ListItem\",\"position\":4,\"name\":\"2-In-1 Pet Furniture Dog Kennels For Sale\"}]},{\"@type\":\"WebSite\",\"@id\":\"https:\/\/petproducts.com.cn\/#website\",\"url\":\"https:\/\/petproducts.com.cn\/\",\"name\":\"Petstar\",\"description\":\"Leading Pet Supplies Manufacturer &amp; OEM Pet Products Supplier\",\"publisher\":{\"@id\":\"https:\/\/petproducts.com.cn\/#organization\"},\"alternateName\":\"Petstar Pet Supplies\",\"potentialAction\":[{\"@type\":\"SearchAction\",\"target\":{\"@type\":\"EntryPoint\",\"urlTemplate\":\"https:\/\/petproducts.com.cn\/?s={search_term_string}\"},\"query-input\":{\"@type\":\"PropertyValueSpecification\",\"valueRequired\":true,\"valueName\":\"search_term_string\"}}],\"inLanguage\":\"fr-FR\"},{\"@type\":\"Organization\",\"@id\":\"https:\/\/petproducts.com.cn\/#organization\",\"name\":\"Petstar\",\"url\":\"https:\/\/petproducts.com.cn\/\",\"logo\":{\"@type\":\"ImageObject\",\"inLanguage\":\"fr-FR\",\"@id\":\"https:\/\/petproducts.com.cn\/#\/schema\/logo\/image\/\",\"url\":\"https:\/\/petproducts.com.cn\/wp-content\/uploads\/2020\/02\/petstar-logo.webp\",\"contentUrl\":\"https:\/\/petproducts.com.cn\/wp-content\/uploads\/2020\/02\/petstar-logo.webp\",\"width\":779,\"height\":520,\"caption\":\"Petstar\"},\"image\":{\"@id\":\"https:\/\/petproducts.com.cn\/#\/schema\/logo\/image\/\"}}]}<\/script>\n<!-- \/ Yoast SEO plugin. -->","yoast_head_json":{"title":"Cage pour chiens Wholesale | Cages pour chiens \u00e0 vendre- Petstar","description":"D\u00e9couvrez les cages pour chiens, les niches pour chiens \u00e0 vendre, les niches pour chiens directement du fabricant. Votre solution commerciale id\u00e9ale avec Petstar.","robots":{"index":"index","follow":"follow","max-snippet":"max-snippet:-1","max-image-preview":"max-image-preview:large","max-video-preview":"max-video-preview:-1"},"canonical":"https:\/\/petproducts.com.cn\/fr\/produit\/cage-for-dogs-wholesale\/","og_locale":"fr_FR","og_type":"article","og_title":"Cage For Dogs Wholesale | Dog Kennels For Sale- Petstar","og_description":"Explore cage for dogs , dog kennels for sale,kennels for dogs directly from the manufacturer. Your ideal business solution with Petstar.","og_url":"https:\/\/petproducts.com.cn\/fr\/produit\/cage-for-dogs-wholesale\/","og_site_name":"Petstar","article_modified_time":"2023-10-26T08:49:38+00:00","og_image":[{"width":1000,"height":1000,"url":"https:\/\/petproducts.com.cn\/wp-content\/uploads\/2023\/10\/cage-for-dogs.webp","type":"image\/webp"}],"twitter_card":"summary_large_image","twitter_misc":{"Dur\u00e9e de lecture estim\u00e9e":"2 minutes"},"schema":{"@context":"https:\/\/schema.org","@graph":[{"@type":"WebPage","@id":"https:\/\/petproducts.com.cn\/product\/cage-for-dogs-wholesale\/","url":"https:\/\/petproducts.com.cn\/product\/cage-for-dogs-wholesale\/","name":"Cage pour chiens Wholesale | Cages pour chiens \u00e0 vendre- Petstar","isPartOf":{"@id":"https:\/\/petproducts.com.cn\/#website"},"primaryImageOfPage":{"@id":"https:\/\/petproducts.com.cn\/product\/cage-for-dogs-wholesale\/#primaryimage"},"image":{"@id":"https:\/\/petproducts.com.cn\/product\/cage-for-dogs-wholesale\/#primaryimage"},"thumbnailUrl":"https:\/\/petproducts.com.cn\/wp-content\/uploads\/2023\/10\/cage-for-dogs.webp","datePublished":"2023-10-26T08:02:27+00:00","dateModified":"2023-10-26T08:49:38+00:00","description":"D\u00e9couvrez les cages pour chiens, les niches pour chiens \u00e0 vendre, les niches pour chiens directement du fabricant. Votre solution commerciale id\u00e9ale avec Petstar.","breadcrumb":{"@id":"https:\/\/petproducts.com.cn\/product\/cage-for-dogs-wholesale\/#breadcrumb"},"inLanguage":"fr-FR","potentialAction":[{"@type":"ReadAction","target":["https:\/\/petproducts.com.cn\/product\/cage-for-dogs-wholesale\/"]}]},{"@type":"ImageObject","inLanguage":"fr-FR","@id":"https:\/\/petproducts.com.cn\/product\/cage-for-dogs-wholesale\/#primaryimage","url":"https:\/\/petproducts.com.cn\/wp-content\/uploads\/2023\/10\/cage-for-dogs.webp","contentUrl":"https:\/\/petproducts.com.cn\/wp-content\/uploads\/2023\/10\/cage-for-dogs.webp","width":1000,"height":1000,"caption":"cage for dogs"},{"@type":"BreadcrumbList","@id":"https:\/\/petproducts.com.cn\/product\/cage-for-dogs-wholesale\/#breadcrumb","itemListElement":[{"@type":"ListItem","position":1,"name":"HOME","item":"https:\/\/petproducts.com.cn\/"},{"@type":"ListItem","position":2,"name":"Products","item":"https:\/\/petproducts.com.cn\/shop\/"},{"@type":"ListItem","position":3,"name":"Dog Supplies","item":"https:\/\/petproducts.com.cn\/product-category\/dog-supplies\/"},{"@type":"ListItem","position":4,"name":"2-In-1 Pet Furniture Dog Kennels For Sale"}]},{"@type":"WebSite","@id":"https:\/\/petproducts.com.cn\/#website","url":"https:\/\/petproducts.com.cn\/","name":"Petstar","description":"Fabricant leader de fournitures pour animaux de compagnie et fournisseur OEM de produits pour animaux de compagnie","publisher":{"@id":"https:\/\/petproducts.com.cn\/#organization"},"alternateName":"Petstar Pet Supplies","potentialAction":[{"@type":"SearchAction","target":{"@type":"EntryPoint","urlTemplate":"https:\/\/petproducts.com.cn\/?s={search_term_string}"},"query-input":{"@type":"PropertyValueSpecification","valueRequired":true,"valueName":"search_term_string"}}],"inLanguage":"fr-FR"},{"@type":"Organization","@id":"https:\/\/petproducts.com.cn\/#organization","name":"Petstar","url":"https:\/\/petproducts.com.cn\/","logo":{"@type":"ImageObject","inLanguage":"fr-FR","@id":"https:\/\/petproducts.com.cn\/#\/schema\/logo\/image\/","url":"https:\/\/petproducts.com.cn\/wp-content\/uploads\/2020\/02\/petstar-logo.webp","contentUrl":"https:\/\/petproducts.com.cn\/wp-content\/uploads\/2020\/02\/petstar-logo.webp","width":779,"height":520,"caption":"Petstar"},"image":{"@id":"https:\/\/petproducts.com.cn\/#\/schema\/logo\/image\/"}}]}},"_links":{"self":[{"href":"https:\/\/petproducts.com.cn\/fr\/wp-json\/wp\/v2\/product\/14492","targetHints":{"allow":["GET"]}}],"collection":[{"href":"https:\/\/petproducts.com.cn\/fr\/wp-json\/wp\/v2\/product"}],"about":[{"href":"https:\/\/petproducts.com.cn\/fr\/wp-json\/wp\/v2\/types\/product"}],"version-history":[{"count":2,"href":"https:\/\/petproducts.com.cn\/fr\/wp-json\/wp\/v2\/product\/14492\/revisions"}],"predecessor-version":[{"id":32864,"href":"https:\/\/petproducts.com.cn\/fr\/wp-json\/wp\/v2\/product\/14492\/revisions\/32864"}],"wp:featuredmedia":[{"embeddable":true,"href":"https:\/\/petproducts.com.cn\/fr\/wp-json\/wp\/v2\/media\/14494"}],"wp:attachment":[{"href":"https:\/\/petproducts.com.cn\/fr\/wp-json\/wp\/v2\/media?parent=14492"}],"wp:term":[{"taxonomy":"product_brand","embeddable":true,"href":"https:\/\/petproducts.com.cn\/fr\/wp-json\/wp\/v2\/product_brand?post=14492"},{"taxonomy":"product_cat","embeddable":true,"href":"https:\/\/petproducts.com.cn\/fr\/wp-json\/wp\/v2\/product_cat?post=14492"},{"taxonomy":"product_tag","embeddable":true,"href":"https:\/\/petproducts.com.cn\/fr\/wp-json\/wp\/v2\/product_tag?post=14492"}],"curies":[{"name":"wp","href":"https:\/\/api.w.org\/{rel}","templated":true}]}}