{"id":15267,"date":"2023-11-14T08:53:02","date_gmt":"2023-11-14T08:53:02","guid":{"rendered":"https:\/\/petproducts.com.cn\/?post_type=product&#038;p=15267"},"modified":"2023-11-14T09:12:24","modified_gmt":"2023-11-14T09:12:24","slug":"dog-sofa-bed-antistatic-large-pet-bed","status":"publish","type":"product","link":"https:\/\/petproducts.com.cn\/fr\/product\/dog-sofa-bed-antistatic-large-pet-bed\/","title":{"rendered":"Canap\u00e9-lit pour chien, grand lit antistatique pour animaux de compagnie"},"content":{"rendered":"<h2>Features Of Dog Sofa Bed<strong><br \/>\n<\/strong><\/h2>\n<div class=\"group w-full text-token-text-primary border-b border-black\/10 gizmo:border-0 dark:border-gray-900\/50 gizmo:dark:border-0 bg-gray-50 gizmo:bg-transparent dark:bg-[#444654] gizmo:dark:bg-transparent\" data-testid=\"conversation-turn-3\">\n<div class=\"p-4 gizmo:py-2 justify-center text-base md:gap-6 md:py-6 m-auto\">\n<div class=\"flex flex-1 gap-4 text-base mx-auto md:gap-6 gizmo:gap-3 gizmo:md:px-5 gizmo:lg:px-1 gizmo:xl:px-5 md:max-w-2xl lg:max-w-[38rem] gizmo:md:max-w-3xl gizmo:lg:max-w-[40rem] gizmo:xl:max-w-[48rem] xl:max-w-3xl }\">\n<div class=\"relative flex w-[calc(100%-50px)] flex-col gizmo:w-full lg:w-[calc(100%-115px)] agent-turn\">\n<div class=\"group w-full text-token-text-primary border-b border-black\/10 gizmo:border-0 dark:border-gray-900\/50 gizmo:dark:border-0 bg-gray-50 gizmo:bg-transparent dark:bg-[#444654] gizmo:dark:bg-transparent\" data-testid=\"conversation-turn-64\">\n<div class=\"p-4 gizmo:py-2 justify-center text-base md:gap-6 md:py-6 m-auto\">\n<div class=\"flex flex-1 gap-4 text-base mx-auto md:gap-6 gizmo:gap-3 gizmo:md:px-5 gizmo:lg:px-1 gizmo:xl:px-5 md:max-w-2xl lg:max-w-[38rem] gizmo:md:max-w-3xl gizmo:lg:max-w-[40rem] gizmo:xl:max-w-[48rem] xl:max-w-3xl }\">\n<div class=\"relative flex w-[calc(100%-50px)] flex-col gizmo:w-full lg:w-[calc(100%-115px)] agent-turn\">\n<div class=\"flex-col gap-1 md:gap-3\">\n<div class=\"flex flex-grow flex-col max-w-full gap-3 gizmo:gap-0\">\n<div class=\"min-h-[20px] text-message peer flex flex-col items-start gap-3 whitespace-pre-wrap break-words peer-[.text-message]:mt-5 overflow-x-auto\" data-message-author-role=\"assistant\" data-message-id=\"99121888-d952-4ced-bdb6-fbf9d004bbfc\">\n<div class=\"markdown prose w-full break-words dark:prose-invert light\">\n<div class=\"flex-1 overflow-hidden\">\n<div class=\"react-scroll-to-bottom--css-iabii-79elbk h-full\">\n<div class=\"react-scroll-to-bottom--css-iabii-1n7m0yu\">\n<div class=\"flex flex-col text-sm gizmo:pb-9 dark:bg-gray-800 gizmo:dark:bg-transparent\">\n<div class=\"group w-full text-token-text-primary border-b border-black\/10 gizmo:border-0 dark:border-gray-900\/50 gizmo:dark:border-0 bg-gray-50 gizmo:bg-transparent dark:bg-[#444654] gizmo:dark:bg-transparent\" data-testid=\"conversation-turn-78\">\n<div class=\"p-4 gizmo:py-2 justify-center text-base md:gap-6 md:py-6 m-auto\">\n<div class=\"flex flex-1 gap-4 text-base mx-auto md:gap-6 gizmo:gap-3 gizmo:md:px-5 gizmo:lg:px-1 gizmo:xl:px-5 md:max-w-2xl lg:max-w-[38rem] gizmo:md:max-w-3xl gizmo:lg:max-w-[40rem] gizmo:xl:max-w-[48rem] xl:max-w-3xl }\">\n<div class=\"relative flex w-[calc(100%-50px)] flex-col gizmo:w-full lg:w-[calc(100%-115px)] agent-turn\">\n<div class=\"flex-col gap-1 md:gap-3\">\n<ol>\n<li><strong>Material Excellence: Polyester Twill + Bejirog Fabric<\/strong> Exquisitely crafted, our large dog sofa bed epitomizes luxury. By seamlessly blending polyester twill with sumptuous Bejirog fabric, we ensure both durability and an elegant touch to your pet&#8217;s haven.<\/li>\n<li><strong>Spacious Antistatic Design:<\/strong> Transitioning into design innovation, our large dog bed adopts an antistatic, large-sized square shape. Moreover, three raised sides emulate the supportive feel of a sofa, offering unparalleled comfort reminiscent of a plush couch.<\/li>\n<li><strong>Ease of Cleaning:<\/strong> Convenience takes center stage in our sofa bed for dogs. The thoughtfully designed features allow for easy cleaning, ensuring a hygienic environment without compromising on the luxurious comfort your pet deserves.<\/li>\n<li><strong>Stability Assurance with Anti-Slip Bottom:<\/strong> Shifting the spotlight to stability, our large dog bed incorporates a meticulously designed anti-slip bottom. Consequently, this feature guarantees a secure and stable placement, providing your pet with a worry-free resting space akin to your favorite sofa.<\/li>\n<li><strong>Variety in Size and Color, with Customization Options:<\/strong> Delving into customization, you can choose from various sizes and colors or opt for personalized options to match your pet&#8217;s personality and your home decor. Our extensive range guarantees the perfect fit, ensuring your pet lounges in style.<\/li>\n<li><strong>Target Audience:<\/strong> Tailored explicitly for wholesalers, retailers, and e-commerce platforms, our Dog Sofa Bed caters to those in search of top-tier pet products that seamlessly combine style and functionality. Whether managing a pet store or operating an online pet accessory shop, our product caters to the discerning tastes of your customers.<\/li>\n<\/ol>\n<\/div>\n<\/div>\n<\/div>\n<\/div>\n<\/div>\n<\/div>\n<\/div>\n<\/div>\n<\/div>\n<\/div>\n<\/div>\n<\/div>\n<\/div>\n<\/div>\n<\/div>\n<\/div>\n<\/div>\n<\/div>\n<\/div>\n<\/div>\n<\/div>\n","protected":false},"excerpt":{"rendered":"<p>Nous sommes un fabricant de canap\u00e9s-lits pour chiens avec plus de 20 ans d'exp\u00e9rience. Nous offrons des options de personnalisation pour la couleur, la taille, le tissu, le motif, le logo et d'autres caract\u00e9ristiques.<\/p>","protected":false},"featured_media":15273,"template":"","meta":{"_acf_changed":false},"product_brand":[],"product_cat":[58,71,57,72],"product_tag":[74,75],"class_list":{"0":"post-15267","1":"product","2":"type-product","3":"status-publish","4":"has-post-thumbnail","6":"product_cat-cat-beds","7":"product_cat-cat-supplies","8":"product_cat-dog-beds","9":"product_cat-dog-supplies","10":"product_tag-cat-beds","11":"product_tag-dog-beds","13":"first","14":"instock","15":"shipping-taxable","16":"product-type-simple"},"acf":[],"yoast_head":"<!-- This site is optimized with the Yoast SEO plugin v27.1.1 - https:\/\/yoast.com\/product\/yoast-seo-wordpress\/ -->\n<title>Dog Sofa Bed | Wholesale Antistatic Pet Beds- Petstar<\/title>\n<meta name=\"description\" content=\"Explore dog sofa bed, wholesale cat bed, custom large pet bed from the manufacturer. Your ideal business solution with Petstar.\" \/>\n<meta name=\"robots\" content=\"index, follow, max-snippet:-1, max-image-preview:large, max-video-preview:-1\" \/>\n<link rel=\"canonical\" href=\"https:\/\/petproducts.com.cn\/fr\/produit\/dog-sofa-bed-antistatic-large-pet-bed\/\" \/>\n<meta property=\"og:locale\" content=\"fr_FR\" \/>\n<meta property=\"og:type\" content=\"article\" \/>\n<meta property=\"og:title\" content=\"Dog Sofa Bed | Wholesale Antistatic Pet Beds- Petstar\" \/>\n<meta property=\"og:description\" content=\"Explore dog sofa bed, wholesale cat bed, custom large pet bed from the manufacturer. Your ideal business solution with Petstar.\" \/>\n<meta property=\"og:url\" content=\"https:\/\/petproducts.com.cn\/fr\/produit\/dog-sofa-bed-antistatic-large-pet-bed\/\" \/>\n<meta property=\"og:site_name\" content=\"Petstar\" \/>\n<meta property=\"article:modified_time\" content=\"2023-11-14T09:12:24+00:00\" \/>\n<meta property=\"og:image\" content=\"https:\/\/petproducts.com.cn\/wp-content\/uploads\/2023\/11\/wholesale-dog-sofa-bed.webp\" \/>\n\t<meta property=\"og:image:width\" content=\"1000\" \/>\n\t<meta property=\"og:image:height\" content=\"1000\" \/>\n\t<meta property=\"og:image:type\" content=\"image\/webp\" \/>\n<meta name=\"twitter:card\" content=\"summary_large_image\" \/>\n<meta name=\"twitter:label1\" content=\"Dur\u00e9e de lecture estim\u00e9e\" \/>\n\t<meta name=\"twitter:data1\" content=\"2 minutes\" \/>\n<script type=\"application\/ld+json\" class=\"yoast-schema-graph\">{\"@context\":\"https:\/\/schema.org\",\"@graph\":[{\"@type\":\"WebPage\",\"@id\":\"https:\/\/petproducts.com.cn\/product\/dog-sofa-bed-antistatic-large-pet-bed\/\",\"url\":\"https:\/\/petproducts.com.cn\/product\/dog-sofa-bed-antistatic-large-pet-bed\/\",\"name\":\"Dog Sofa Bed | Wholesale Antistatic Pet Beds- Petstar\",\"isPartOf\":{\"@id\":\"https:\/\/petproducts.com.cn\/#website\"},\"primaryImageOfPage\":{\"@id\":\"https:\/\/petproducts.com.cn\/product\/dog-sofa-bed-antistatic-large-pet-bed\/#primaryimage\"},\"image\":{\"@id\":\"https:\/\/petproducts.com.cn\/product\/dog-sofa-bed-antistatic-large-pet-bed\/#primaryimage\"},\"thumbnailUrl\":\"https:\/\/petproducts.com.cn\/wp-content\/uploads\/2023\/11\/wholesale-dog-sofa-bed.webp\",\"datePublished\":\"2023-11-14T08:53:02+00:00\",\"dateModified\":\"2023-11-14T09:12:24+00:00\",\"description\":\"Explore dog sofa bed, wholesale cat bed, custom large pet bed from the manufacturer. Your ideal business solution with Petstar.\",\"breadcrumb\":{\"@id\":\"https:\/\/petproducts.com.cn\/product\/dog-sofa-bed-antistatic-large-pet-bed\/#breadcrumb\"},\"inLanguage\":\"fr-FR\",\"potentialAction\":[{\"@type\":\"ReadAction\",\"target\":[\"https:\/\/petproducts.com.cn\/product\/dog-sofa-bed-antistatic-large-pet-bed\/\"]}]},{\"@type\":\"ImageObject\",\"inLanguage\":\"fr-FR\",\"@id\":\"https:\/\/petproducts.com.cn\/product\/dog-sofa-bed-antistatic-large-pet-bed\/#primaryimage\",\"url\":\"https:\/\/petproducts.com.cn\/wp-content\/uploads\/2023\/11\/wholesale-dog-sofa-bed.webp\",\"contentUrl\":\"https:\/\/petproducts.com.cn\/wp-content\/uploads\/2023\/11\/wholesale-dog-sofa-bed.webp\",\"width\":1000,\"height\":1000,\"caption\":\"wholesale dog sofa bed\"},{\"@type\":\"BreadcrumbList\",\"@id\":\"https:\/\/petproducts.com.cn\/product\/dog-sofa-bed-antistatic-large-pet-bed\/#breadcrumb\",\"itemListElement\":[{\"@type\":\"ListItem\",\"position\":1,\"name\":\"HOME\",\"item\":\"https:\/\/petproducts.com.cn\/\"},{\"@type\":\"ListItem\",\"position\":2,\"name\":\"Products\",\"item\":\"https:\/\/petproducts.com.cn\/shop\/\"},{\"@type\":\"ListItem\",\"position\":3,\"name\":\"Cat Beds\",\"item\":\"https:\/\/petproducts.com.cn\/product-category\/cat-beds\/\"},{\"@type\":\"ListItem\",\"position\":4,\"name\":\"Dog Sofa Bed Antistatic Large Pet Bed\"}]},{\"@type\":\"WebSite\",\"@id\":\"https:\/\/petproducts.com.cn\/#website\",\"url\":\"https:\/\/petproducts.com.cn\/\",\"name\":\"Petstar\",\"description\":\"Leading Pet Supplies Manufacturer &amp; OEM Pet Products Supplier\",\"publisher\":{\"@id\":\"https:\/\/petproducts.com.cn\/#organization\"},\"alternateName\":\"Petstar Pet Supplies\",\"potentialAction\":[{\"@type\":\"SearchAction\",\"target\":{\"@type\":\"EntryPoint\",\"urlTemplate\":\"https:\/\/petproducts.com.cn\/?s={search_term_string}\"},\"query-input\":{\"@type\":\"PropertyValueSpecification\",\"valueRequired\":true,\"valueName\":\"search_term_string\"}}],\"inLanguage\":\"fr-FR\"},{\"@type\":\"Organization\",\"@id\":\"https:\/\/petproducts.com.cn\/#organization\",\"name\":\"Petstar\",\"url\":\"https:\/\/petproducts.com.cn\/\",\"logo\":{\"@type\":\"ImageObject\",\"inLanguage\":\"fr-FR\",\"@id\":\"https:\/\/petproducts.com.cn\/#\/schema\/logo\/image\/\",\"url\":\"https:\/\/petproducts.com.cn\/wp-content\/uploads\/2020\/02\/petstar-logo.webp\",\"contentUrl\":\"https:\/\/petproducts.com.cn\/wp-content\/uploads\/2020\/02\/petstar-logo.webp\",\"width\":779,\"height\":520,\"caption\":\"Petstar\"},\"image\":{\"@id\":\"https:\/\/petproducts.com.cn\/#\/schema\/logo\/image\/\"}}]}<\/script>\n<!-- \/ Yoast SEO plugin. -->","yoast_head_json":{"title":"Canap\u00e9-lit pour chien | Lits antistatiques en gros - Petstar","description":"D\u00e9couvrez le canap\u00e9-lit pour chien, le lit pour chat en gros, le lit pour animaux de compagnie personnalis\u00e9 du fabricant. Votre solution commerciale id\u00e9ale avec Petstar.","robots":{"index":"index","follow":"follow","max-snippet":"max-snippet:-1","max-image-preview":"max-image-preview:large","max-video-preview":"max-video-preview:-1"},"canonical":"https:\/\/petproducts.com.cn\/fr\/produit\/dog-sofa-bed-antistatic-large-pet-bed\/","og_locale":"fr_FR","og_type":"article","og_title":"Dog Sofa Bed | Wholesale Antistatic Pet Beds- Petstar","og_description":"Explore dog sofa bed, wholesale cat bed, custom large pet bed from the manufacturer. Your ideal business solution with Petstar.","og_url":"https:\/\/petproducts.com.cn\/fr\/produit\/dog-sofa-bed-antistatic-large-pet-bed\/","og_site_name":"Petstar","article_modified_time":"2023-11-14T09:12:24+00:00","og_image":[{"width":1000,"height":1000,"url":"https:\/\/petproducts.com.cn\/wp-content\/uploads\/2023\/11\/wholesale-dog-sofa-bed.webp","type":"image\/webp"}],"twitter_card":"summary_large_image","twitter_misc":{"Dur\u00e9e de lecture estim\u00e9e":"2 minutes"},"schema":{"@context":"https:\/\/schema.org","@graph":[{"@type":"WebPage","@id":"https:\/\/petproducts.com.cn\/product\/dog-sofa-bed-antistatic-large-pet-bed\/","url":"https:\/\/petproducts.com.cn\/product\/dog-sofa-bed-antistatic-large-pet-bed\/","name":"Canap\u00e9-lit pour chien | Lits antistatiques en gros - Petstar","isPartOf":{"@id":"https:\/\/petproducts.com.cn\/#website"},"primaryImageOfPage":{"@id":"https:\/\/petproducts.com.cn\/product\/dog-sofa-bed-antistatic-large-pet-bed\/#primaryimage"},"image":{"@id":"https:\/\/petproducts.com.cn\/product\/dog-sofa-bed-antistatic-large-pet-bed\/#primaryimage"},"thumbnailUrl":"https:\/\/petproducts.com.cn\/wp-content\/uploads\/2023\/11\/wholesale-dog-sofa-bed.webp","datePublished":"2023-11-14T08:53:02+00:00","dateModified":"2023-11-14T09:12:24+00:00","description":"D\u00e9couvrez le canap\u00e9-lit pour chien, le lit pour chat en gros, le lit pour animaux de compagnie personnalis\u00e9 du fabricant. Votre solution commerciale id\u00e9ale avec Petstar.","breadcrumb":{"@id":"https:\/\/petproducts.com.cn\/product\/dog-sofa-bed-antistatic-large-pet-bed\/#breadcrumb"},"inLanguage":"fr-FR","potentialAction":[{"@type":"ReadAction","target":["https:\/\/petproducts.com.cn\/product\/dog-sofa-bed-antistatic-large-pet-bed\/"]}]},{"@type":"ImageObject","inLanguage":"fr-FR","@id":"https:\/\/petproducts.com.cn\/product\/dog-sofa-bed-antistatic-large-pet-bed\/#primaryimage","url":"https:\/\/petproducts.com.cn\/wp-content\/uploads\/2023\/11\/wholesale-dog-sofa-bed.webp","contentUrl":"https:\/\/petproducts.com.cn\/wp-content\/uploads\/2023\/11\/wholesale-dog-sofa-bed.webp","width":1000,"height":1000,"caption":"wholesale dog sofa bed"},{"@type":"BreadcrumbList","@id":"https:\/\/petproducts.com.cn\/product\/dog-sofa-bed-antistatic-large-pet-bed\/#breadcrumb","itemListElement":[{"@type":"ListItem","position":1,"name":"HOME","item":"https:\/\/petproducts.com.cn\/"},{"@type":"ListItem","position":2,"name":"Products","item":"https:\/\/petproducts.com.cn\/shop\/"},{"@type":"ListItem","position":3,"name":"Cat Beds","item":"https:\/\/petproducts.com.cn\/product-category\/cat-beds\/"},{"@type":"ListItem","position":4,"name":"Dog Sofa Bed Antistatic Large Pet Bed"}]},{"@type":"WebSite","@id":"https:\/\/petproducts.com.cn\/#website","url":"https:\/\/petproducts.com.cn\/","name":"Petstar","description":"Fabricant leader de fournitures pour animaux de compagnie et fournisseur OEM de produits pour animaux de compagnie","publisher":{"@id":"https:\/\/petproducts.com.cn\/#organization"},"alternateName":"Petstar Pet Supplies","potentialAction":[{"@type":"SearchAction","target":{"@type":"EntryPoint","urlTemplate":"https:\/\/petproducts.com.cn\/?s={search_term_string}"},"query-input":{"@type":"PropertyValueSpecification","valueRequired":true,"valueName":"search_term_string"}}],"inLanguage":"fr-FR"},{"@type":"Organization","@id":"https:\/\/petproducts.com.cn\/#organization","name":"Petstar","url":"https:\/\/petproducts.com.cn\/","logo":{"@type":"ImageObject","inLanguage":"fr-FR","@id":"https:\/\/petproducts.com.cn\/#\/schema\/logo\/image\/","url":"https:\/\/petproducts.com.cn\/wp-content\/uploads\/2020\/02\/petstar-logo.webp","contentUrl":"https:\/\/petproducts.com.cn\/wp-content\/uploads\/2020\/02\/petstar-logo.webp","width":779,"height":520,"caption":"Petstar"},"image":{"@id":"https:\/\/petproducts.com.cn\/#\/schema\/logo\/image\/"}}]}},"_links":{"self":[{"href":"https:\/\/petproducts.com.cn\/fr\/wp-json\/wp\/v2\/product\/15267","targetHints":{"allow":["GET"]}}],"collection":[{"href":"https:\/\/petproducts.com.cn\/fr\/wp-json\/wp\/v2\/product"}],"about":[{"href":"https:\/\/petproducts.com.cn\/fr\/wp-json\/wp\/v2\/types\/product"}],"version-history":[{"count":1,"href":"https:\/\/petproducts.com.cn\/fr\/wp-json\/wp\/v2\/product\/15267\/revisions"}],"predecessor-version":[{"id":15287,"href":"https:\/\/petproducts.com.cn\/fr\/wp-json\/wp\/v2\/product\/15267\/revisions\/15287"}],"wp:featuredmedia":[{"embeddable":true,"href":"https:\/\/petproducts.com.cn\/fr\/wp-json\/wp\/v2\/media\/15273"}],"wp:attachment":[{"href":"https:\/\/petproducts.com.cn\/fr\/wp-json\/wp\/v2\/media?parent=15267"}],"wp:term":[{"taxonomy":"product_brand","embeddable":true,"href":"https:\/\/petproducts.com.cn\/fr\/wp-json\/wp\/v2\/product_brand?post=15267"},{"taxonomy":"product_cat","embeddable":true,"href":"https:\/\/petproducts.com.cn\/fr\/wp-json\/wp\/v2\/product_cat?post=15267"},{"taxonomy":"product_tag","embeddable":true,"href":"https:\/\/petproducts.com.cn\/fr\/wp-json\/wp\/v2\/product_tag?post=15267"}],"curies":[{"name":"wp","href":"https:\/\/api.w.org\/{rel}","templated":true}]}}