{"id":15643,"date":"2023-11-16T06:17:32","date_gmt":"2023-11-16T06:17:32","guid":{"rendered":"https:\/\/petproducts.com.cn\/?post_type=product&#038;p=15643"},"modified":"2023-11-16T07:09:00","modified_gmt":"2023-11-16T07:09:00","slug":"bulk-eagle-interactive-dog-toy-for-heavy-chewers","status":"publish","type":"product","link":"https:\/\/petproducts.com.cn\/fr\/product\/bulk-eagle-interactive-dog-toy-for-heavy-chewers\/","title":{"rendered":"Jouet interactif pour chien Bulk Eagle pour gros m\u00e2cheurs"},"content":{"rendered":"<h2>Petstar : Jouet interactif pour chien Bulk Eagle pour les gros m\u00e2cheurs<\/h2>\n<p>Vous cherchez un jouet interactif pour chien bulk eagle con\u00e7u sp\u00e9cialement pour les gros m\u00e2cheurs ? Ne cherchez pas plus loin ! Notre soci\u00e9t\u00e9 est sp\u00e9cialis\u00e9e dans la fourniture de jouets pour chiens personnalis\u00e9s et durables qui peuvent r\u00e9sister aux habitudes de mastication les plus difficiles.<\/p>\n<h3>Notre avantage :<\/h3>\n<ol>\n<li>Options de personnalisation : Nous offrons des options de personnalisation pour nos jouets pour chiens en forme d'aigle. Vous pouvez ajouter le nom de votre chien ou tout autre \u00e9l\u00e9ment de design pour rendre le jouet unique et sp\u00e9cial. Que vous souhaitiez cr\u00e9er un jouet personnalis\u00e9 pour votre propre animal ou pour la vente au d\u00e9tail, nos services de personnalisation vous permettent de cr\u00e9er un produit unique adapt\u00e9 \u00e0 vos besoins.<\/li>\n<li>Mat\u00e9riaux s\u00fbrs et non toxiques : La s\u00e9curit\u00e9 de votre animal de compagnie est notre priorit\u00e9 absolue. C'est pourquoi nos jouets pour chiens sont fabriqu\u00e9s \u00e0 partir de mat\u00e9riaux s\u00fbrs et non toxiques. Nous savons que les chiens ont tendance \u00e0 m\u00e2cher et \u00e0 l\u00e9cher leurs jouets, c'est pourquoi nous veillons \u00e0 ce que nos jouets soient exempts de produits chimiques nocifs. Vous pouvez avoir l'esprit tranquille en sachant que votre animal joue avec un jouet s\u00fbr et fiable.<\/li>\n<li>Avantages de la commande en gros : Nous offrons des options de commande en gros, ce qui rend pratique et rentable pour les animaleries, les dresseurs ou les organisations d'acheter nos jouets interactifs pour chiens eagle en grandes quantit\u00e9s. Que vous ayez besoin d'un petit lot ou d'une grosse commande en gros, nos prix flexibles pour les commandes en gros vous assurent d'obtenir le meilleur rapport qualit\u00e9-prix pour votre investissement.<\/li>\n<\/ol>\n<p>Choisissez notre jouet interactif pour chien eagle en vrac pour les gros m\u00e2cheurs et d\u00e9couvrez les avantages de la personnalisation, de la durabilit\u00e9, de la s\u00e9curit\u00e9 et de la conception attrayante. Contactez-nous d\u00e8s aujourd'hui pour discuter de vos besoins en mati\u00e8re de commande en gros et laissez-nous fournir \u00e0 votre ami \u00e0 fourrure un jouet durable et divertissant qu'il adorera !<\/p>","protected":false},"excerpt":{"rendered":"<p>Nous sommes un fabricant de jouets pour chiens avec plus de 20 ans d'exp\u00e9rience. Nous offrons des options de personnalisation pour la couleur, la taille, le tissu, le motif, le logo et d'autres caract\u00e9ristiques.<\/p>","protected":false},"featured_media":15655,"template":"","meta":{"_acf_changed":false},"product_brand":[],"product_cat":[72,48],"product_tag":[85],"class_list":{"0":"post-15643","1":"product","2":"type-product","3":"status-publish","4":"has-post-thumbnail","6":"product_cat-dog-supplies","7":"product_cat-dog-toys","8":"product_tag-dog-toys","10":"first","11":"instock","12":"shipping-taxable","13":"product-type-simple"},"acf":[],"yoast_head":"<!-- This site is optimized with the Yoast SEO plugin v27.1.1 - https:\/\/yoast.com\/product\/yoast-seo-wordpress\/ -->\n<title>eagle dog toy factory | Customdog interactive toy - Petstar<\/title>\n<meta name=\"description\" content=\"Explore eagle dog toy,dog interactive toy,interactive dog toys for heavy chewers from the manufacturer. Your ideal business solution with Petstar.\" \/>\n<meta name=\"robots\" content=\"index, follow, max-snippet:-1, max-image-preview:large, max-video-preview:-1\" \/>\n<link rel=\"canonical\" href=\"https:\/\/petproducts.com.cn\/fr\/produit\/bulk-eagle-interactive-dog-toy-for-heavy-chewers\/\" \/>\n<meta property=\"og:locale\" content=\"fr_FR\" \/>\n<meta property=\"og:type\" content=\"article\" \/>\n<meta property=\"og:title\" content=\"eagle dog toy factory | Customdog interactive toy - Petstar\" \/>\n<meta property=\"og:description\" content=\"Explore eagle dog toy,dog interactive toy,interactive dog toys for heavy chewers from the manufacturer. Your ideal business solution with Petstar.\" \/>\n<meta property=\"og:url\" content=\"https:\/\/petproducts.com.cn\/fr\/produit\/bulk-eagle-interactive-dog-toy-for-heavy-chewers\/\" \/>\n<meta property=\"og:site_name\" content=\"Petstar\" \/>\n<meta property=\"article:modified_time\" content=\"2023-11-16T07:09:00+00:00\" \/>\n<meta property=\"og:image\" content=\"https:\/\/petproducts.com.cn\/wp-content\/uploads\/2023\/11\/eagle-dog-toy.webp\" \/>\n\t<meta property=\"og:image:width\" content=\"800\" \/>\n\t<meta property=\"og:image:height\" content=\"800\" \/>\n\t<meta property=\"og:image:type\" content=\"image\/webp\" \/>\n<meta name=\"twitter:card\" content=\"summary_large_image\" \/>\n<meta name=\"twitter:label1\" content=\"Dur\u00e9e de lecture estim\u00e9e\" \/>\n\t<meta name=\"twitter:data1\" content=\"2 minutes\" \/>\n<script type=\"application\/ld+json\" class=\"yoast-schema-graph\">{\"@context\":\"https:\/\/schema.org\",\"@graph\":[{\"@type\":\"WebPage\",\"@id\":\"https:\/\/petproducts.com.cn\/product\/bulk-eagle-interactive-dog-toy-for-heavy-chewers\/\",\"url\":\"https:\/\/petproducts.com.cn\/product\/bulk-eagle-interactive-dog-toy-for-heavy-chewers\/\",\"name\":\"eagle dog toy factory | Customdog interactive toy - Petstar\",\"isPartOf\":{\"@id\":\"https:\/\/petproducts.com.cn\/#website\"},\"primaryImageOfPage\":{\"@id\":\"https:\/\/petproducts.com.cn\/product\/bulk-eagle-interactive-dog-toy-for-heavy-chewers\/#primaryimage\"},\"image\":{\"@id\":\"https:\/\/petproducts.com.cn\/product\/bulk-eagle-interactive-dog-toy-for-heavy-chewers\/#primaryimage\"},\"thumbnailUrl\":\"https:\/\/petproducts.com.cn\/wp-content\/uploads\/2023\/11\/eagle-dog-toy.webp\",\"datePublished\":\"2023-11-16T06:17:32+00:00\",\"dateModified\":\"2023-11-16T07:09:00+00:00\",\"description\":\"Explore eagle dog toy,dog interactive toy,interactive dog toys for heavy chewers from the manufacturer. Your ideal business solution with Petstar.\",\"breadcrumb\":{\"@id\":\"https:\/\/petproducts.com.cn\/product\/bulk-eagle-interactive-dog-toy-for-heavy-chewers\/#breadcrumb\"},\"inLanguage\":\"fr-FR\",\"potentialAction\":[{\"@type\":\"ReadAction\",\"target\":[\"https:\/\/petproducts.com.cn\/product\/bulk-eagle-interactive-dog-toy-for-heavy-chewers\/\"]}]},{\"@type\":\"ImageObject\",\"inLanguage\":\"fr-FR\",\"@id\":\"https:\/\/petproducts.com.cn\/product\/bulk-eagle-interactive-dog-toy-for-heavy-chewers\/#primaryimage\",\"url\":\"https:\/\/petproducts.com.cn\/wp-content\/uploads\/2023\/11\/eagle-dog-toy.webp\",\"contentUrl\":\"https:\/\/petproducts.com.cn\/wp-content\/uploads\/2023\/11\/eagle-dog-toy.webp\",\"width\":800,\"height\":800,\"caption\":\"eagle dog toy\"},{\"@type\":\"BreadcrumbList\",\"@id\":\"https:\/\/petproducts.com.cn\/product\/bulk-eagle-interactive-dog-toy-for-heavy-chewers\/#breadcrumb\",\"itemListElement\":[{\"@type\":\"ListItem\",\"position\":1,\"name\":\"HOME\",\"item\":\"https:\/\/petproducts.com.cn\/\"},{\"@type\":\"ListItem\",\"position\":2,\"name\":\"Products\",\"item\":\"https:\/\/petproducts.com.cn\/shop\/\"},{\"@type\":\"ListItem\",\"position\":3,\"name\":\"Dog Toys\",\"item\":\"https:\/\/petproducts.com.cn\/product-category\/dog-toys\/\"},{\"@type\":\"ListItem\",\"position\":4,\"name\":\"Bulk Eagle Interactive Dog Toy For Heavy Chewers\"}]},{\"@type\":\"WebSite\",\"@id\":\"https:\/\/petproducts.com.cn\/#website\",\"url\":\"https:\/\/petproducts.com.cn\/\",\"name\":\"Petstar\",\"description\":\"Leading Pet Supplies Manufacturer &amp; OEM Pet Products Supplier\",\"publisher\":{\"@id\":\"https:\/\/petproducts.com.cn\/#organization\"},\"alternateName\":\"Petstar Pet Supplies\",\"potentialAction\":[{\"@type\":\"SearchAction\",\"target\":{\"@type\":\"EntryPoint\",\"urlTemplate\":\"https:\/\/petproducts.com.cn\/?s={search_term_string}\"},\"query-input\":{\"@type\":\"PropertyValueSpecification\",\"valueRequired\":true,\"valueName\":\"search_term_string\"}}],\"inLanguage\":\"fr-FR\"},{\"@type\":\"Organization\",\"@id\":\"https:\/\/petproducts.com.cn\/#organization\",\"name\":\"Petstar\",\"url\":\"https:\/\/petproducts.com.cn\/\",\"logo\":{\"@type\":\"ImageObject\",\"inLanguage\":\"fr-FR\",\"@id\":\"https:\/\/petproducts.com.cn\/#\/schema\/logo\/image\/\",\"url\":\"https:\/\/petproducts.com.cn\/wp-content\/uploads\/2020\/02\/petstar-logo.webp\",\"contentUrl\":\"https:\/\/petproducts.com.cn\/wp-content\/uploads\/2020\/02\/petstar-logo.webp\",\"width\":779,\"height\":520,\"caption\":\"Petstar\"},\"image\":{\"@id\":\"https:\/\/petproducts.com.cn\/#\/schema\/logo\/image\/\"}}]}<\/script>\n<!-- \/ Yoast SEO plugin. -->","yoast_head_json":{"title":"eagle dog toy factory | Jouet interactif Customdog - Petstar","description":"D\u00e9couvrez le jouet pour chien eagle, le jouet interactif pour chien, les jouets interactifs pour chien pour les gros m\u00e2cheurs du fabricant. Votre solution commerciale id\u00e9ale avec Petstar.","robots":{"index":"index","follow":"follow","max-snippet":"max-snippet:-1","max-image-preview":"max-image-preview:large","max-video-preview":"max-video-preview:-1"},"canonical":"https:\/\/petproducts.com.cn\/fr\/produit\/bulk-eagle-interactive-dog-toy-for-heavy-chewers\/","og_locale":"fr_FR","og_type":"article","og_title":"eagle dog toy factory | Customdog interactive toy - Petstar","og_description":"Explore eagle dog toy,dog interactive toy,interactive dog toys for heavy chewers from the manufacturer. Your ideal business solution with Petstar.","og_url":"https:\/\/petproducts.com.cn\/fr\/produit\/bulk-eagle-interactive-dog-toy-for-heavy-chewers\/","og_site_name":"Petstar","article_modified_time":"2023-11-16T07:09:00+00:00","og_image":[{"width":800,"height":800,"url":"https:\/\/petproducts.com.cn\/wp-content\/uploads\/2023\/11\/eagle-dog-toy.webp","type":"image\/webp"}],"twitter_card":"summary_large_image","twitter_misc":{"Dur\u00e9e de lecture estim\u00e9e":"2 minutes"},"schema":{"@context":"https:\/\/schema.org","@graph":[{"@type":"WebPage","@id":"https:\/\/petproducts.com.cn\/product\/bulk-eagle-interactive-dog-toy-for-heavy-chewers\/","url":"https:\/\/petproducts.com.cn\/product\/bulk-eagle-interactive-dog-toy-for-heavy-chewers\/","name":"eagle dog toy factory | Jouet interactif Customdog - Petstar","isPartOf":{"@id":"https:\/\/petproducts.com.cn\/#website"},"primaryImageOfPage":{"@id":"https:\/\/petproducts.com.cn\/product\/bulk-eagle-interactive-dog-toy-for-heavy-chewers\/#primaryimage"},"image":{"@id":"https:\/\/petproducts.com.cn\/product\/bulk-eagle-interactive-dog-toy-for-heavy-chewers\/#primaryimage"},"thumbnailUrl":"https:\/\/petproducts.com.cn\/wp-content\/uploads\/2023\/11\/eagle-dog-toy.webp","datePublished":"2023-11-16T06:17:32+00:00","dateModified":"2023-11-16T07:09:00+00:00","description":"D\u00e9couvrez le jouet pour chien eagle, le jouet interactif pour chien, les jouets interactifs pour chien pour les gros m\u00e2cheurs du fabricant. Votre solution commerciale id\u00e9ale avec Petstar.","breadcrumb":{"@id":"https:\/\/petproducts.com.cn\/product\/bulk-eagle-interactive-dog-toy-for-heavy-chewers\/#breadcrumb"},"inLanguage":"fr-FR","potentialAction":[{"@type":"ReadAction","target":["https:\/\/petproducts.com.cn\/product\/bulk-eagle-interactive-dog-toy-for-heavy-chewers\/"]}]},{"@type":"ImageObject","inLanguage":"fr-FR","@id":"https:\/\/petproducts.com.cn\/product\/bulk-eagle-interactive-dog-toy-for-heavy-chewers\/#primaryimage","url":"https:\/\/petproducts.com.cn\/wp-content\/uploads\/2023\/11\/eagle-dog-toy.webp","contentUrl":"https:\/\/petproducts.com.cn\/wp-content\/uploads\/2023\/11\/eagle-dog-toy.webp","width":800,"height":800,"caption":"eagle dog toy"},{"@type":"BreadcrumbList","@id":"https:\/\/petproducts.com.cn\/product\/bulk-eagle-interactive-dog-toy-for-heavy-chewers\/#breadcrumb","itemListElement":[{"@type":"ListItem","position":1,"name":"HOME","item":"https:\/\/petproducts.com.cn\/"},{"@type":"ListItem","position":2,"name":"Products","item":"https:\/\/petproducts.com.cn\/shop\/"},{"@type":"ListItem","position":3,"name":"Dog Toys","item":"https:\/\/petproducts.com.cn\/product-category\/dog-toys\/"},{"@type":"ListItem","position":4,"name":"Bulk Eagle Interactive Dog Toy For Heavy Chewers"}]},{"@type":"WebSite","@id":"https:\/\/petproducts.com.cn\/#website","url":"https:\/\/petproducts.com.cn\/","name":"Petstar","description":"Fabricant leader de fournitures pour animaux de compagnie et fournisseur OEM de produits pour animaux de compagnie","publisher":{"@id":"https:\/\/petproducts.com.cn\/#organization"},"alternateName":"Petstar Pet Supplies","potentialAction":[{"@type":"SearchAction","target":{"@type":"EntryPoint","urlTemplate":"https:\/\/petproducts.com.cn\/?s={search_term_string}"},"query-input":{"@type":"PropertyValueSpecification","valueRequired":true,"valueName":"search_term_string"}}],"inLanguage":"fr-FR"},{"@type":"Organization","@id":"https:\/\/petproducts.com.cn\/#organization","name":"Petstar","url":"https:\/\/petproducts.com.cn\/","logo":{"@type":"ImageObject","inLanguage":"fr-FR","@id":"https:\/\/petproducts.com.cn\/#\/schema\/logo\/image\/","url":"https:\/\/petproducts.com.cn\/wp-content\/uploads\/2020\/02\/petstar-logo.webp","contentUrl":"https:\/\/petproducts.com.cn\/wp-content\/uploads\/2020\/02\/petstar-logo.webp","width":779,"height":520,"caption":"Petstar"},"image":{"@id":"https:\/\/petproducts.com.cn\/#\/schema\/logo\/image\/"}}]}},"_links":{"self":[{"href":"https:\/\/petproducts.com.cn\/fr\/wp-json\/wp\/v2\/product\/15643","targetHints":{"allow":["GET"]}}],"collection":[{"href":"https:\/\/petproducts.com.cn\/fr\/wp-json\/wp\/v2\/product"}],"about":[{"href":"https:\/\/petproducts.com.cn\/fr\/wp-json\/wp\/v2\/types\/product"}],"version-history":[{"count":1,"href":"https:\/\/petproducts.com.cn\/fr\/wp-json\/wp\/v2\/product\/15643\/revisions"}],"predecessor-version":[{"id":15660,"href":"https:\/\/petproducts.com.cn\/fr\/wp-json\/wp\/v2\/product\/15643\/revisions\/15660"}],"wp:featuredmedia":[{"embeddable":true,"href":"https:\/\/petproducts.com.cn\/fr\/wp-json\/wp\/v2\/media\/15655"}],"wp:attachment":[{"href":"https:\/\/petproducts.com.cn\/fr\/wp-json\/wp\/v2\/media?parent=15643"}],"wp:term":[{"taxonomy":"product_brand","embeddable":true,"href":"https:\/\/petproducts.com.cn\/fr\/wp-json\/wp\/v2\/product_brand?post=15643"},{"taxonomy":"product_cat","embeddable":true,"href":"https:\/\/petproducts.com.cn\/fr\/wp-json\/wp\/v2\/product_cat?post=15643"},{"taxonomy":"product_tag","embeddable":true,"href":"https:\/\/petproducts.com.cn\/fr\/wp-json\/wp\/v2\/product_tag?post=15643"}],"curies":[{"name":"wp","href":"https:\/\/api.w.org\/{rel}","templated":true}]}}