{"id":16713,"date":"2023-11-28T07:06:16","date_gmt":"2023-11-28T07:06:16","guid":{"rendered":"https:\/\/petproducts.com.cn\/?post_type=product&#038;p=16713"},"modified":"2023-11-28T07:22:52","modified_gmt":"2023-11-28T07:22:52","slug":"cheap-dog-toys-rabbit-wholesale","status":"publish","type":"product","link":"https:\/\/petproducts.com.cn\/fr\/product\/cheap-dog-toys-rabbit-wholesale\/","title":{"rendered":"Jouets pour chiens bon march\u00e9, lapin, vente en gros"},"content":{"rendered":"<h2>Petstar : Vente en gros de jouets pour chiens en forme de lapin<\/h2>\n<p>Petstar est votre source de r\u00e9f\u00e9rence pour les jouets pour chiens en gros, abordables et attrayants, con\u00e7us pour offrir un temps de jeu de qualit\u00e9 sans se ruiner. Notre s\u00e9lection vari\u00e9e et nos prix comp\u00e9titifs permettent aux d\u00e9taillants d'offrir \u00e0 leurs clients des jouets de haute qualit\u00e9 \u00e0 des prix raisonnables.<\/p>\n<h3>Notre avantage :<\/h3>\n<ol>\n<li>Des prix comp\u00e9titifs : Chez Petstar, nous comprenons l'importance d'\u00e9quilibrer la qualit\u00e9 et le prix. Nous nous effor\u00e7ons d'offrir des prix parmi les plus comp\u00e9titifs du march\u00e9 pour nos jouets pour chiens bon march\u00e9 en gros. En offrant des options rentables, les d\u00e9taillants peuvent s'adresser \u00e0 une base de clients plus large, rendant les jouets pour animaux accessibles \u00e0 tous.<\/li>\n<li>Une s\u00e9lection de jouets diversifi\u00e9e : Notre collection de jouets sur le th\u00e8me du lapin est soigneusement s\u00e9lectionn\u00e9e pour r\u00e9pondre aux diff\u00e9rents styles de jeu et pr\u00e9f\u00e9rences. Des peluches qui procurent confort et compagnie aux cordes \u00e0 m\u00e2cher qui favorisent la sant\u00e9 dentaire, en passant par les puzzles interactifs qui stimulent l'esprit et les jouets qui couinent, nous avons quelque chose pour r\u00e9pondre aux besoins uniques de chaque animal de compagnie.<\/li>\n<li>Assurance qualit\u00e9 : Bien que nous mettions l'accent sur le prix, nous ne faisons jamais de compromis sur la qualit\u00e9 ou la s\u00e9curit\u00e9. Nous respectons des normes strictes dans notre processus de fabrication, en veillant \u00e0 ce que chaque jouet soit fabriqu\u00e9 \u00e0 partir de mat\u00e9riaux non toxiques et sans danger pour les animaux de compagnie. Nous effectuons des tests approfondis pour garantir la durabilit\u00e9, de sorte que les propri\u00e9taires d'animaux de compagnie peuvent \u00eatre assur\u00e9s que nos jouets sont con\u00e7us pour r\u00e9sister \u00e0 des jeux rigoureux.<\/li>\n<li>Options de personnalisation : Nous comprenons l'importance de la marque et de la personnalisation. Pour aider les d\u00e9taillants \u00e0 cr\u00e9er une identit\u00e9 distincte, nous offrons des options de personnalisation pour nos jouets en gros pour chiens en forme de lapin. Les d\u00e9taillants peuvent ajouter leurs logos ou des dessins uniques, cr\u00e9ant ainsi une exp\u00e9rience de marque coh\u00e9rente pour leurs clients. Cela permet non seulement d'am\u00e9liorer la reconnaissance de la marque, mais aussi de fid\u00e9liser les clients.<\/li>\n<\/ol>\n<p>En r\u00e9sum\u00e9, Petstar est fier d'offrir des jouets pour chiens bon march\u00e9 en gros qui combinent accessibilit\u00e9, qualit\u00e9 et vari\u00e9t\u00e9. Nos prix comp\u00e9titifs, notre s\u00e9lection vari\u00e9e, notre engagement envers l'assurance qualit\u00e9 et nos options de personnalisation permettent aux d\u00e9taillants de fournir des jouets attrayants qui gardent les animaux de compagnie heureux et actifs. Avec Petstar, les d\u00e9taillants peuvent offrir \u00e0 leurs clients la joie de jouer sans compromettre leur budget.<\/p>","protected":false},"excerpt":{"rendered":"<p>Nous sommes un fabricant de jouets pour chiens avec plus de 20 ans d'exp\u00e9rience. Nous offrons des options de personnalisation pour la couleur, la taille, le tissu, le motif, le logo et d'autres caract\u00e9ristiques.<\/p>","protected":false},"featured_media":16714,"template":"","meta":{"_acf_changed":false},"product_brand":[],"product_cat":[72,48],"product_tag":[85],"class_list":{"0":"post-16713","1":"product","2":"type-product","3":"status-publish","4":"has-post-thumbnail","6":"product_cat-dog-supplies","7":"product_cat-dog-toys","8":"product_tag-dog-toys","10":"first","11":"instock","12":"shipping-taxable","13":"product-type-simple"},"acf":[],"yoast_head":"<!-- This site is optimized with the Yoast SEO plugin v27.1.1 - https:\/\/yoast.com\/product\/yoast-seo-wordpress\/ -->\n<title>cheap dog toys wholesale | Custom dog tug toys - Petstar<\/title>\n<meta name=\"description\" content=\"Explore cheap dog toys wholesale,dog toys wholesale, interactive dog toys from the manufacturer. Your ideal business solution with Petstar.\" \/>\n<meta name=\"robots\" content=\"index, follow, max-snippet:-1, max-image-preview:large, max-video-preview:-1\" \/>\n<link rel=\"canonical\" href=\"https:\/\/petproducts.com.cn\/fr\/produit\/cheap-dog-toys-rabbit-wholesale\/\" \/>\n<meta property=\"og:locale\" content=\"fr_FR\" \/>\n<meta property=\"og:type\" content=\"article\" \/>\n<meta property=\"og:title\" content=\"cheap dog toys wholesale | Custom dog tug toys - Petstar\" \/>\n<meta property=\"og:description\" content=\"Explore cheap dog toys wholesale,dog toys wholesale, interactive dog toys from the manufacturer. Your ideal business solution with Petstar.\" \/>\n<meta property=\"og:url\" content=\"https:\/\/petproducts.com.cn\/fr\/produit\/cheap-dog-toys-rabbit-wholesale\/\" \/>\n<meta property=\"og:site_name\" content=\"Petstar\" \/>\n<meta property=\"article:modified_time\" content=\"2023-11-28T07:22:52+00:00\" \/>\n<meta property=\"og:image\" content=\"https:\/\/petproducts.com.cn\/wp-content\/uploads\/2023\/11\/cheap-dog-toys-wholesale.webp\" \/>\n\t<meta property=\"og:image:width\" content=\"800\" \/>\n\t<meta property=\"og:image:height\" content=\"800\" \/>\n\t<meta property=\"og:image:type\" content=\"image\/webp\" \/>\n<meta name=\"twitter:card\" content=\"summary_large_image\" \/>\n<meta name=\"twitter:label1\" content=\"Dur\u00e9e de lecture estim\u00e9e\" \/>\n\t<meta name=\"twitter:data1\" content=\"2 minutes\" \/>\n<script type=\"application\/ld+json\" class=\"yoast-schema-graph\">{\"@context\":\"https:\/\/schema.org\",\"@graph\":[{\"@type\":\"WebPage\",\"@id\":\"https:\/\/petproducts.com.cn\/product\/cheap-dog-toys-rabbit-wholesale\/\",\"url\":\"https:\/\/petproducts.com.cn\/product\/cheap-dog-toys-rabbit-wholesale\/\",\"name\":\"cheap dog toys wholesale | Custom dog tug toys - Petstar\",\"isPartOf\":{\"@id\":\"https:\/\/petproducts.com.cn\/#website\"},\"primaryImageOfPage\":{\"@id\":\"https:\/\/petproducts.com.cn\/product\/cheap-dog-toys-rabbit-wholesale\/#primaryimage\"},\"image\":{\"@id\":\"https:\/\/petproducts.com.cn\/product\/cheap-dog-toys-rabbit-wholesale\/#primaryimage\"},\"thumbnailUrl\":\"https:\/\/petproducts.com.cn\/wp-content\/uploads\/2023\/11\/cheap-dog-toys-wholesale.webp\",\"datePublished\":\"2023-11-28T07:06:16+00:00\",\"dateModified\":\"2023-11-28T07:22:52+00:00\",\"description\":\"Explore cheap dog toys wholesale,dog toys wholesale, interactive dog toys from the manufacturer. Your ideal business solution with Petstar.\",\"breadcrumb\":{\"@id\":\"https:\/\/petproducts.com.cn\/product\/cheap-dog-toys-rabbit-wholesale\/#breadcrumb\"},\"inLanguage\":\"fr-FR\",\"potentialAction\":[{\"@type\":\"ReadAction\",\"target\":[\"https:\/\/petproducts.com.cn\/product\/cheap-dog-toys-rabbit-wholesale\/\"]}]},{\"@type\":\"ImageObject\",\"inLanguage\":\"fr-FR\",\"@id\":\"https:\/\/petproducts.com.cn\/product\/cheap-dog-toys-rabbit-wholesale\/#primaryimage\",\"url\":\"https:\/\/petproducts.com.cn\/wp-content\/uploads\/2023\/11\/cheap-dog-toys-wholesale.webp\",\"contentUrl\":\"https:\/\/petproducts.com.cn\/wp-content\/uploads\/2023\/11\/cheap-dog-toys-wholesale.webp\",\"width\":800,\"height\":800,\"caption\":\"cheap dog toys wholesale\"},{\"@type\":\"BreadcrumbList\",\"@id\":\"https:\/\/petproducts.com.cn\/product\/cheap-dog-toys-rabbit-wholesale\/#breadcrumb\",\"itemListElement\":[{\"@type\":\"ListItem\",\"position\":1,\"name\":\"HOME\",\"item\":\"https:\/\/petproducts.com.cn\/\"},{\"@type\":\"ListItem\",\"position\":2,\"name\":\"Products\",\"item\":\"https:\/\/petproducts.com.cn\/shop\/\"},{\"@type\":\"ListItem\",\"position\":3,\"name\":\"Dog Toys\",\"item\":\"https:\/\/petproducts.com.cn\/product-category\/dog-toys\/\"},{\"@type\":\"ListItem\",\"position\":4,\"name\":\"Cheap Dog Toys Rabbit Wholesale\"}]},{\"@type\":\"WebSite\",\"@id\":\"https:\/\/petproducts.com.cn\/#website\",\"url\":\"https:\/\/petproducts.com.cn\/\",\"name\":\"Petstar\",\"description\":\"Leading Pet Supplies Manufacturer &amp; OEM Pet Products Supplier\",\"publisher\":{\"@id\":\"https:\/\/petproducts.com.cn\/#organization\"},\"alternateName\":\"Petstar Pet Supplies\",\"potentialAction\":[{\"@type\":\"SearchAction\",\"target\":{\"@type\":\"EntryPoint\",\"urlTemplate\":\"https:\/\/petproducts.com.cn\/?s={search_term_string}\"},\"query-input\":{\"@type\":\"PropertyValueSpecification\",\"valueRequired\":true,\"valueName\":\"search_term_string\"}}],\"inLanguage\":\"fr-FR\"},{\"@type\":\"Organization\",\"@id\":\"https:\/\/petproducts.com.cn\/#organization\",\"name\":\"Petstar\",\"url\":\"https:\/\/petproducts.com.cn\/\",\"logo\":{\"@type\":\"ImageObject\",\"inLanguage\":\"fr-FR\",\"@id\":\"https:\/\/petproducts.com.cn\/#\/schema\/logo\/image\/\",\"url\":\"https:\/\/petproducts.com.cn\/wp-content\/uploads\/2020\/02\/petstar-logo.webp\",\"contentUrl\":\"https:\/\/petproducts.com.cn\/wp-content\/uploads\/2020\/02\/petstar-logo.webp\",\"width\":779,\"height\":520,\"caption\":\"Petstar\"},\"image\":{\"@id\":\"https:\/\/petproducts.com.cn\/#\/schema\/logo\/image\/\"}}]}<\/script>\n<!-- \/ Yoast SEO plugin. -->","yoast_head_json":{"title":"Jouets pour chien pas cher en gros | Jouets \u00e0 tirer personnalis\u00e9s - Petstar","description":"D\u00e9couvrez les jouets pour chiens pas chers en gros, les jouets pour chiens en gros, les jouets interactifs pour chiens du fabricant. Votre solution commerciale id\u00e9ale avec Petstar.","robots":{"index":"index","follow":"follow","max-snippet":"max-snippet:-1","max-image-preview":"max-image-preview:large","max-video-preview":"max-video-preview:-1"},"canonical":"https:\/\/petproducts.com.cn\/fr\/produit\/cheap-dog-toys-rabbit-wholesale\/","og_locale":"fr_FR","og_type":"article","og_title":"cheap dog toys wholesale | Custom dog tug toys - Petstar","og_description":"Explore cheap dog toys wholesale,dog toys wholesale, interactive dog toys from the manufacturer. Your ideal business solution with Petstar.","og_url":"https:\/\/petproducts.com.cn\/fr\/produit\/cheap-dog-toys-rabbit-wholesale\/","og_site_name":"Petstar","article_modified_time":"2023-11-28T07:22:52+00:00","og_image":[{"width":800,"height":800,"url":"https:\/\/petproducts.com.cn\/wp-content\/uploads\/2023\/11\/cheap-dog-toys-wholesale.webp","type":"image\/webp"}],"twitter_card":"summary_large_image","twitter_misc":{"Dur\u00e9e de lecture estim\u00e9e":"2 minutes"},"schema":{"@context":"https:\/\/schema.org","@graph":[{"@type":"WebPage","@id":"https:\/\/petproducts.com.cn\/product\/cheap-dog-toys-rabbit-wholesale\/","url":"https:\/\/petproducts.com.cn\/product\/cheap-dog-toys-rabbit-wholesale\/","name":"Jouets pour chien pas cher en gros | Jouets \u00e0 tirer personnalis\u00e9s - Petstar","isPartOf":{"@id":"https:\/\/petproducts.com.cn\/#website"},"primaryImageOfPage":{"@id":"https:\/\/petproducts.com.cn\/product\/cheap-dog-toys-rabbit-wholesale\/#primaryimage"},"image":{"@id":"https:\/\/petproducts.com.cn\/product\/cheap-dog-toys-rabbit-wholesale\/#primaryimage"},"thumbnailUrl":"https:\/\/petproducts.com.cn\/wp-content\/uploads\/2023\/11\/cheap-dog-toys-wholesale.webp","datePublished":"2023-11-28T07:06:16+00:00","dateModified":"2023-11-28T07:22:52+00:00","description":"D\u00e9couvrez les jouets pour chiens pas chers en gros, les jouets pour chiens en gros, les jouets interactifs pour chiens du fabricant. Votre solution commerciale id\u00e9ale avec Petstar.","breadcrumb":{"@id":"https:\/\/petproducts.com.cn\/product\/cheap-dog-toys-rabbit-wholesale\/#breadcrumb"},"inLanguage":"fr-FR","potentialAction":[{"@type":"ReadAction","target":["https:\/\/petproducts.com.cn\/product\/cheap-dog-toys-rabbit-wholesale\/"]}]},{"@type":"ImageObject","inLanguage":"fr-FR","@id":"https:\/\/petproducts.com.cn\/product\/cheap-dog-toys-rabbit-wholesale\/#primaryimage","url":"https:\/\/petproducts.com.cn\/wp-content\/uploads\/2023\/11\/cheap-dog-toys-wholesale.webp","contentUrl":"https:\/\/petproducts.com.cn\/wp-content\/uploads\/2023\/11\/cheap-dog-toys-wholesale.webp","width":800,"height":800,"caption":"cheap dog toys wholesale"},{"@type":"BreadcrumbList","@id":"https:\/\/petproducts.com.cn\/product\/cheap-dog-toys-rabbit-wholesale\/#breadcrumb","itemListElement":[{"@type":"ListItem","position":1,"name":"HOME","item":"https:\/\/petproducts.com.cn\/"},{"@type":"ListItem","position":2,"name":"Products","item":"https:\/\/petproducts.com.cn\/shop\/"},{"@type":"ListItem","position":3,"name":"Dog Toys","item":"https:\/\/petproducts.com.cn\/product-category\/dog-toys\/"},{"@type":"ListItem","position":4,"name":"Cheap Dog Toys Rabbit Wholesale"}]},{"@type":"WebSite","@id":"https:\/\/petproducts.com.cn\/#website","url":"https:\/\/petproducts.com.cn\/","name":"Petstar","description":"Fabricant leader de fournitures pour animaux de compagnie et fournisseur OEM de produits pour animaux de compagnie","publisher":{"@id":"https:\/\/petproducts.com.cn\/#organization"},"alternateName":"Petstar Pet Supplies","potentialAction":[{"@type":"SearchAction","target":{"@type":"EntryPoint","urlTemplate":"https:\/\/petproducts.com.cn\/?s={search_term_string}"},"query-input":{"@type":"PropertyValueSpecification","valueRequired":true,"valueName":"search_term_string"}}],"inLanguage":"fr-FR"},{"@type":"Organization","@id":"https:\/\/petproducts.com.cn\/#organization","name":"Petstar","url":"https:\/\/petproducts.com.cn\/","logo":{"@type":"ImageObject","inLanguage":"fr-FR","@id":"https:\/\/petproducts.com.cn\/#\/schema\/logo\/image\/","url":"https:\/\/petproducts.com.cn\/wp-content\/uploads\/2020\/02\/petstar-logo.webp","contentUrl":"https:\/\/petproducts.com.cn\/wp-content\/uploads\/2020\/02\/petstar-logo.webp","width":779,"height":520,"caption":"Petstar"},"image":{"@id":"https:\/\/petproducts.com.cn\/#\/schema\/logo\/image\/"}}]}},"_links":{"self":[{"href":"https:\/\/petproducts.com.cn\/fr\/wp-json\/wp\/v2\/product\/16713","targetHints":{"allow":["GET"]}}],"collection":[{"href":"https:\/\/petproducts.com.cn\/fr\/wp-json\/wp\/v2\/product"}],"about":[{"href":"https:\/\/petproducts.com.cn\/fr\/wp-json\/wp\/v2\/types\/product"}],"version-history":[{"count":1,"href":"https:\/\/petproducts.com.cn\/fr\/wp-json\/wp\/v2\/product\/16713\/revisions"}],"predecessor-version":[{"id":16719,"href":"https:\/\/petproducts.com.cn\/fr\/wp-json\/wp\/v2\/product\/16713\/revisions\/16719"}],"wp:featuredmedia":[{"embeddable":true,"href":"https:\/\/petproducts.com.cn\/fr\/wp-json\/wp\/v2\/media\/16714"}],"wp:attachment":[{"href":"https:\/\/petproducts.com.cn\/fr\/wp-json\/wp\/v2\/media?parent=16713"}],"wp:term":[{"taxonomy":"product_brand","embeddable":true,"href":"https:\/\/petproducts.com.cn\/fr\/wp-json\/wp\/v2\/product_brand?post=16713"},{"taxonomy":"product_cat","embeddable":true,"href":"https:\/\/petproducts.com.cn\/fr\/wp-json\/wp\/v2\/product_cat?post=16713"},{"taxonomy":"product_tag","embeddable":true,"href":"https:\/\/petproducts.com.cn\/fr\/wp-json\/wp\/v2\/product_tag?post=16713"}],"curies":[{"name":"wp","href":"https:\/\/api.w.org\/{rel}","templated":true}]}}