{"id":16877,"date":"2023-11-29T07:19:29","date_gmt":"2023-11-29T07:19:29","guid":{"rendered":"https:\/\/petproducts.com.cn\/?post_type=product&#038;p=16877"},"modified":"2023-11-29T07:35:36","modified_gmt":"2023-11-29T07:35:36","slug":"bulk-canvas-dog-chew-toys-squeaker-inside","status":"publish","type":"product","link":"https:\/\/petproducts.com.cn\/fr\/product\/bulk-canvas-dog-chew-toys-squeaker-inside\/","title":{"rendered":"Bulk Canvas Dog Chew Toys Squeaker Inside (Jouets \u00e0 m\u00e2cher en toile pour chiens)"},"content":{"rendered":"<h2>Petstar : Jouets \u00e0 m\u00e2cher pour chiens en toile en vrac<\/h2>\n<p>Plongez dans le monde de l'excitation avec nos jouets \u00e0 m\u00e2cher pour chiens en vrac, dot\u00e9s d'un d\u00e9licieux couineur \u00e0 l'int\u00e9rieur pour plus de divertissement. En tant que premier fournisseur de produits pour animaux de compagnie, nous sommes fiers d'offrir des jouets pour chiens en toile de haute qualit\u00e9 et personnalisables en vrac, con\u00e7us pour ravir les animaux de compagnie et leurs propri\u00e9taires.<\/p>\n<h3>Notre avantage :<\/h3>\n<ol>\n<li>Construction en toile de qualit\u00e9 : Nos jouets \u00e0 m\u00e2cher en vrac pour chiens sont m\u00e9ticuleusement fabriqu\u00e9s \u00e0 partir de mat\u00e9riaux durables et sans danger pour les animaux, garantissant un plaisir durable pour les compagnons \u00e0 fourrure. De plus, le tissu en toile robuste r\u00e9siste aux m\u00e2chonnements et aux tiraillements, ce qui en fait un choix id\u00e9al pour les jeux interactifs.<\/li>\n<li>Un couineur pour un engagement ludique : Chaque jouet pour chien est \u00e9quip\u00e9 d'un couineur interne qui ajoute un \u00e9l\u00e9ment d'amusement et d'excitation aux moments de jeu. Le doux couinement fait appel aux instincts naturels des chiens et encourage le jeu actif, offrant une stimulation \u00e0 la fois physique et mentale.<\/li>\n<li>Options de personnalisation : Nous offrons des options de personnalisation pour nos jouets pour chiens, ce qui vous permet d'ajouter votre marque ou de personnaliser les jouets en fonction des besoins de votre entreprise. D\u00e9marquez-vous sur le march\u00e9 en cr\u00e9ant des designs uniques et accrocheurs qui trouvent un \u00e9cho aupr\u00e8s des propri\u00e9taires d'animaux de compagnie.<\/li>\n<\/ol>\n<p>En r\u00e9sum\u00e9, Petstar excelle dans la fourniture de jouets \u00e0 m\u00e2cher pour chiens en vrac avec un couineur int\u00e9gr\u00e9, offrant une durabilit\u00e9 exceptionnelle, des caract\u00e9ristiques de jeu attrayantes et des options de personnalisation. Am\u00e9liorez votre marque avec nos jouets pour chiens de haute qualit\u00e9 et sans danger pour les animaux, con\u00e7us pour apporter joie et divertissement aux amis \u00e0 fourrure tout en r\u00e9pondant aux divers besoins des propri\u00e9taires d'animaux de compagnie.<\/p>","protected":false},"excerpt":{"rendered":"<p>Nous sommes un fabricant de jouets pour chiens avec plus de 20 ans d'exp\u00e9rience. Nous offrons des options de personnalisation pour la couleur, la taille, le tissu, le motif, le logo et d'autres caract\u00e9ristiques.<\/p>","protected":false},"featured_media":16893,"template":"","meta":{"_acf_changed":false},"product_brand":[],"product_cat":[72,48],"product_tag":[85],"class_list":{"0":"post-16877","1":"product","2":"type-product","3":"status-publish","4":"has-post-thumbnail","6":"product_cat-dog-supplies","7":"product_cat-dog-toys","8":"product_tag-dog-toys","10":"first","11":"instock","12":"shipping-taxable","13":"product-type-simple"},"acf":[],"yoast_head":"<!-- This site is optimized with the Yoast SEO plugin v27.1.1 - https:\/\/yoast.com\/product\/yoast-seo-wordpress\/ -->\n<title>canvas dog toys wholesale | Custom tough dog tug toys - Petstar<\/title>\n<meta name=\"description\" content=\"Explore canvas dog toys,dog toys wholesale, interactive dog toys from the manufacturer. Your ideal business solution with Petstar.\" \/>\n<meta name=\"robots\" content=\"index, follow, max-snippet:-1, max-image-preview:large, max-video-preview:-1\" \/>\n<link rel=\"canonical\" href=\"https:\/\/petproducts.com.cn\/fr\/produit\/bulk-canvas-dog-chew-toys-squeaker-inside\/\" \/>\n<meta property=\"og:locale\" content=\"fr_FR\" \/>\n<meta property=\"og:type\" content=\"article\" \/>\n<meta property=\"og:title\" content=\"canvas dog toys wholesale | Custom tough dog tug toys - Petstar\" \/>\n<meta property=\"og:description\" content=\"Explore canvas dog toys,dog toys wholesale, interactive dog toys from the manufacturer. Your ideal business solution with Petstar.\" \/>\n<meta property=\"og:url\" content=\"https:\/\/petproducts.com.cn\/fr\/produit\/bulk-canvas-dog-chew-toys-squeaker-inside\/\" \/>\n<meta property=\"og:site_name\" content=\"Petstar\" \/>\n<meta property=\"article:modified_time\" content=\"2023-11-29T07:35:36+00:00\" \/>\n<meta property=\"og:image\" content=\"https:\/\/petproducts.com.cn\/wp-content\/uploads\/2023\/11\/canvas-dog-toys-1.webp\" \/>\n\t<meta property=\"og:image:width\" content=\"1000\" \/>\n\t<meta property=\"og:image:height\" content=\"1000\" \/>\n\t<meta property=\"og:image:type\" content=\"image\/webp\" \/>\n<meta name=\"twitter:card\" content=\"summary_large_image\" \/>\n<meta name=\"twitter:label1\" content=\"Dur\u00e9e de lecture estim\u00e9e\" \/>\n\t<meta name=\"twitter:data1\" content=\"1 minute\" \/>\n<script type=\"application\/ld+json\" class=\"yoast-schema-graph\">{\"@context\":\"https:\/\/schema.org\",\"@graph\":[{\"@type\":\"WebPage\",\"@id\":\"https:\/\/petproducts.com.cn\/product\/bulk-canvas-dog-chew-toys-squeaker-inside\/\",\"url\":\"https:\/\/petproducts.com.cn\/product\/bulk-canvas-dog-chew-toys-squeaker-inside\/\",\"name\":\"canvas dog toys wholesale | Custom tough dog tug toys - Petstar\",\"isPartOf\":{\"@id\":\"https:\/\/petproducts.com.cn\/#website\"},\"primaryImageOfPage\":{\"@id\":\"https:\/\/petproducts.com.cn\/product\/bulk-canvas-dog-chew-toys-squeaker-inside\/#primaryimage\"},\"image\":{\"@id\":\"https:\/\/petproducts.com.cn\/product\/bulk-canvas-dog-chew-toys-squeaker-inside\/#primaryimage\"},\"thumbnailUrl\":\"https:\/\/petproducts.com.cn\/wp-content\/uploads\/2023\/11\/canvas-dog-toys-1.webp\",\"datePublished\":\"2023-11-29T07:19:29+00:00\",\"dateModified\":\"2023-11-29T07:35:36+00:00\",\"description\":\"Explore canvas dog toys,dog toys wholesale, interactive dog toys from the manufacturer. Your ideal business solution with Petstar.\",\"breadcrumb\":{\"@id\":\"https:\/\/petproducts.com.cn\/product\/bulk-canvas-dog-chew-toys-squeaker-inside\/#breadcrumb\"},\"inLanguage\":\"fr-FR\",\"potentialAction\":[{\"@type\":\"ReadAction\",\"target\":[\"https:\/\/petproducts.com.cn\/product\/bulk-canvas-dog-chew-toys-squeaker-inside\/\"]}]},{\"@type\":\"ImageObject\",\"inLanguage\":\"fr-FR\",\"@id\":\"https:\/\/petproducts.com.cn\/product\/bulk-canvas-dog-chew-toys-squeaker-inside\/#primaryimage\",\"url\":\"https:\/\/petproducts.com.cn\/wp-content\/uploads\/2023\/11\/canvas-dog-toys-1.webp\",\"contentUrl\":\"https:\/\/petproducts.com.cn\/wp-content\/uploads\/2023\/11\/canvas-dog-toys-1.webp\",\"width\":1000,\"height\":1000,\"caption\":\"canvas dog toys\"},{\"@type\":\"BreadcrumbList\",\"@id\":\"https:\/\/petproducts.com.cn\/product\/bulk-canvas-dog-chew-toys-squeaker-inside\/#breadcrumb\",\"itemListElement\":[{\"@type\":\"ListItem\",\"position\":1,\"name\":\"HOME\",\"item\":\"https:\/\/petproducts.com.cn\/\"},{\"@type\":\"ListItem\",\"position\":2,\"name\":\"Products\",\"item\":\"https:\/\/petproducts.com.cn\/shop\/\"},{\"@type\":\"ListItem\",\"position\":3,\"name\":\"Dog Toys\",\"item\":\"https:\/\/petproducts.com.cn\/product-category\/dog-toys\/\"},{\"@type\":\"ListItem\",\"position\":4,\"name\":\"Bulk Canvas Dog Chew Toys Squeaker Inside\"}]},{\"@type\":\"WebSite\",\"@id\":\"https:\/\/petproducts.com.cn\/#website\",\"url\":\"https:\/\/petproducts.com.cn\/\",\"name\":\"Petstar\",\"description\":\"Leading Pet Supplies Manufacturer &amp; OEM Pet Products Supplier\",\"publisher\":{\"@id\":\"https:\/\/petproducts.com.cn\/#organization\"},\"alternateName\":\"Petstar Pet Supplies\",\"potentialAction\":[{\"@type\":\"SearchAction\",\"target\":{\"@type\":\"EntryPoint\",\"urlTemplate\":\"https:\/\/petproducts.com.cn\/?s={search_term_string}\"},\"query-input\":{\"@type\":\"PropertyValueSpecification\",\"valueRequired\":true,\"valueName\":\"search_term_string\"}}],\"inLanguage\":\"fr-FR\"},{\"@type\":\"Organization\",\"@id\":\"https:\/\/petproducts.com.cn\/#organization\",\"name\":\"Petstar\",\"url\":\"https:\/\/petproducts.com.cn\/\",\"logo\":{\"@type\":\"ImageObject\",\"inLanguage\":\"fr-FR\",\"@id\":\"https:\/\/petproducts.com.cn\/#\/schema\/logo\/image\/\",\"url\":\"https:\/\/petproducts.com.cn\/wp-content\/uploads\/2020\/02\/petstar-logo.webp\",\"contentUrl\":\"https:\/\/petproducts.com.cn\/wp-content\/uploads\/2020\/02\/petstar-logo.webp\",\"width\":779,\"height\":520,\"caption\":\"Petstar\"},\"image\":{\"@id\":\"https:\/\/petproducts.com.cn\/#\/schema\/logo\/image\/\"}}]}<\/script>\n<!-- \/ Yoast SEO plugin. -->","yoast_head_json":{"title":"Jouets en toile pour chien grossiste | Jouets \u00e0 tirer pour chien personnalis\u00e9s - Petstar","description":"D\u00e9couvrez les jouets pour chiens en toile, les jouets pour chiens en gros, les jouets interactifs pour chiens du fabricant. Votre solution commerciale id\u00e9ale avec Petstar.","robots":{"index":"index","follow":"follow","max-snippet":"max-snippet:-1","max-image-preview":"max-image-preview:large","max-video-preview":"max-video-preview:-1"},"canonical":"https:\/\/petproducts.com.cn\/fr\/produit\/bulk-canvas-dog-chew-toys-squeaker-inside\/","og_locale":"fr_FR","og_type":"article","og_title":"canvas dog toys wholesale | Custom tough dog tug toys - Petstar","og_description":"Explore canvas dog toys,dog toys wholesale, interactive dog toys from the manufacturer. Your ideal business solution with Petstar.","og_url":"https:\/\/petproducts.com.cn\/fr\/produit\/bulk-canvas-dog-chew-toys-squeaker-inside\/","og_site_name":"Petstar","article_modified_time":"2023-11-29T07:35:36+00:00","og_image":[{"width":1000,"height":1000,"url":"https:\/\/petproducts.com.cn\/wp-content\/uploads\/2023\/11\/canvas-dog-toys-1.webp","type":"image\/webp"}],"twitter_card":"summary_large_image","twitter_misc":{"Dur\u00e9e de lecture estim\u00e9e":"1 minute"},"schema":{"@context":"https:\/\/schema.org","@graph":[{"@type":"WebPage","@id":"https:\/\/petproducts.com.cn\/product\/bulk-canvas-dog-chew-toys-squeaker-inside\/","url":"https:\/\/petproducts.com.cn\/product\/bulk-canvas-dog-chew-toys-squeaker-inside\/","name":"Jouets en toile pour chien grossiste | Jouets \u00e0 tirer pour chien personnalis\u00e9s - Petstar","isPartOf":{"@id":"https:\/\/petproducts.com.cn\/#website"},"primaryImageOfPage":{"@id":"https:\/\/petproducts.com.cn\/product\/bulk-canvas-dog-chew-toys-squeaker-inside\/#primaryimage"},"image":{"@id":"https:\/\/petproducts.com.cn\/product\/bulk-canvas-dog-chew-toys-squeaker-inside\/#primaryimage"},"thumbnailUrl":"https:\/\/petproducts.com.cn\/wp-content\/uploads\/2023\/11\/canvas-dog-toys-1.webp","datePublished":"2023-11-29T07:19:29+00:00","dateModified":"2023-11-29T07:35:36+00:00","description":"D\u00e9couvrez les jouets pour chiens en toile, les jouets pour chiens en gros, les jouets interactifs pour chiens du fabricant. Votre solution commerciale id\u00e9ale avec Petstar.","breadcrumb":{"@id":"https:\/\/petproducts.com.cn\/product\/bulk-canvas-dog-chew-toys-squeaker-inside\/#breadcrumb"},"inLanguage":"fr-FR","potentialAction":[{"@type":"ReadAction","target":["https:\/\/petproducts.com.cn\/product\/bulk-canvas-dog-chew-toys-squeaker-inside\/"]}]},{"@type":"ImageObject","inLanguage":"fr-FR","@id":"https:\/\/petproducts.com.cn\/product\/bulk-canvas-dog-chew-toys-squeaker-inside\/#primaryimage","url":"https:\/\/petproducts.com.cn\/wp-content\/uploads\/2023\/11\/canvas-dog-toys-1.webp","contentUrl":"https:\/\/petproducts.com.cn\/wp-content\/uploads\/2023\/11\/canvas-dog-toys-1.webp","width":1000,"height":1000,"caption":"canvas dog toys"},{"@type":"BreadcrumbList","@id":"https:\/\/petproducts.com.cn\/product\/bulk-canvas-dog-chew-toys-squeaker-inside\/#breadcrumb","itemListElement":[{"@type":"ListItem","position":1,"name":"HOME","item":"https:\/\/petproducts.com.cn\/"},{"@type":"ListItem","position":2,"name":"Products","item":"https:\/\/petproducts.com.cn\/shop\/"},{"@type":"ListItem","position":3,"name":"Dog Toys","item":"https:\/\/petproducts.com.cn\/product-category\/dog-toys\/"},{"@type":"ListItem","position":4,"name":"Bulk Canvas Dog Chew Toys Squeaker Inside"}]},{"@type":"WebSite","@id":"https:\/\/petproducts.com.cn\/#website","url":"https:\/\/petproducts.com.cn\/","name":"Petstar","description":"Fabricant leader de fournitures pour animaux de compagnie et fournisseur OEM de produits pour animaux de compagnie","publisher":{"@id":"https:\/\/petproducts.com.cn\/#organization"},"alternateName":"Petstar Pet Supplies","potentialAction":[{"@type":"SearchAction","target":{"@type":"EntryPoint","urlTemplate":"https:\/\/petproducts.com.cn\/?s={search_term_string}"},"query-input":{"@type":"PropertyValueSpecification","valueRequired":true,"valueName":"search_term_string"}}],"inLanguage":"fr-FR"},{"@type":"Organization","@id":"https:\/\/petproducts.com.cn\/#organization","name":"Petstar","url":"https:\/\/petproducts.com.cn\/","logo":{"@type":"ImageObject","inLanguage":"fr-FR","@id":"https:\/\/petproducts.com.cn\/#\/schema\/logo\/image\/","url":"https:\/\/petproducts.com.cn\/wp-content\/uploads\/2020\/02\/petstar-logo.webp","contentUrl":"https:\/\/petproducts.com.cn\/wp-content\/uploads\/2020\/02\/petstar-logo.webp","width":779,"height":520,"caption":"Petstar"},"image":{"@id":"https:\/\/petproducts.com.cn\/#\/schema\/logo\/image\/"}}]}},"_links":{"self":[{"href":"https:\/\/petproducts.com.cn\/fr\/wp-json\/wp\/v2\/product\/16877","targetHints":{"allow":["GET"]}}],"collection":[{"href":"https:\/\/petproducts.com.cn\/fr\/wp-json\/wp\/v2\/product"}],"about":[{"href":"https:\/\/petproducts.com.cn\/fr\/wp-json\/wp\/v2\/types\/product"}],"version-history":[{"count":2,"href":"https:\/\/petproducts.com.cn\/fr\/wp-json\/wp\/v2\/product\/16877\/revisions"}],"predecessor-version":[{"id":16900,"href":"https:\/\/petproducts.com.cn\/fr\/wp-json\/wp\/v2\/product\/16877\/revisions\/16900"}],"wp:featuredmedia":[{"embeddable":true,"href":"https:\/\/petproducts.com.cn\/fr\/wp-json\/wp\/v2\/media\/16893"}],"wp:attachment":[{"href":"https:\/\/petproducts.com.cn\/fr\/wp-json\/wp\/v2\/media?parent=16877"}],"wp:term":[{"taxonomy":"product_brand","embeddable":true,"href":"https:\/\/petproducts.com.cn\/fr\/wp-json\/wp\/v2\/product_brand?post=16877"},{"taxonomy":"product_cat","embeddable":true,"href":"https:\/\/petproducts.com.cn\/fr\/wp-json\/wp\/v2\/product_cat?post=16877"},{"taxonomy":"product_tag","embeddable":true,"href":"https:\/\/petproducts.com.cn\/fr\/wp-json\/wp\/v2\/product_tag?post=16877"}],"curies":[{"name":"wp","href":"https:\/\/api.w.org\/{rel}","templated":true}]}}