{"id":17749,"date":"2023-12-19T07:28:18","date_gmt":"2023-12-19T07:28:18","guid":{"rendered":"https:\/\/petproducts.com.cn\/?post_type=product&#038;p=17749"},"modified":"2023-12-19T07:38:17","modified_gmt":"2023-12-19T07:38:17","slug":"chameleon-stuffing-free-dog-toy-flat-cat-toy","status":"publish","type":"product","link":"https:\/\/petproducts.com.cn\/fr\/product\/chameleon-stuffing-free-dog-toy-flat-cat-toy\/","title":{"rendered":"Chameleon Stuffing Free Dog Toy Flat Cat Toy"},"content":{"rendered":"<h2>Cam\u00e9l\u00e9on Fabricant de Jouet pour chien sans rembourrage Jouet pour chat plat - Petstar<\/h2>\n<p><strong>Description :<\/strong> D\u00e9couvrez les avantages exclusifs de PetStar, un fabricant de jouets pour chiens r\u00e9put\u00e9, sp\u00e9cialis\u00e9 dans les jouets pour chiens sans rembourrage inspir\u00e9s des cam\u00e9l\u00e9ons. Augmentez la joie de votre animal de compagnie gr\u00e2ce \u00e0 notre vaste s\u00e9lection de plus de 30 000 articles et b\u00e9n\u00e9ficiez de nos services de premier ordre, notamment OEM\/ODM, notre expertise en mati\u00e8re de conception et nos solutions d'approvisionnement.<\/p>\n<p><strong>Avantages :<\/strong><\/p>\n<ol>\n<li><strong>Fabrication de premi\u00e8re qualit\u00e9 :<\/strong> PetStar, l'un des principaux fabricants de jouets pour chiens, garantit une qualit\u00e9 de fabrication sup\u00e9rieure pour nos jouets pour chiens sans rembourrage, inspir\u00e9s des cam\u00e9l\u00e9ons. Notre engagement \u00e0 la qualit\u00e9 assure une exp\u00e9rience de jeu durable et engageante pour vos animaux de compagnie bien-aim\u00e9s.<\/li>\n<li><strong>Gamme de produits \u00e9tendue\u00a0:<\/strong> Choisissez parmi plus de 30 000 articles, y compris nos jouets pour chiens cam\u00e9l\u00e9ons innovants. PetStar propose une s\u00e9lection vari\u00e9e, vous assurant de trouver le jouet parfait pour r\u00e9pondre aux pr\u00e9f\u00e9rences et au style de jeu de votre animal.<\/li>\n<li><strong>Services complets :<\/strong> Au-del\u00e0 de l'excellence de la fabrication, PetStar offre des services complets, y compris des options OEM\/ODM. Comptez sur notre expertise en mati\u00e8re de conception et d'approvisionnement pour donner vie \u00e0 vos id\u00e9es uniques de jouets pour animaux de compagnie, adapt\u00e9es \u00e0 la vision de votre marque.<\/li>\n<li><strong>Excellence en mati\u00e8re de conception interactive :<\/strong> Notre \u00e9quipe cr\u00e9ative excelle dans la conception de jouets cam\u00e9l\u00e9ons interactifs qui stimulent la curiosit\u00e9 et l'instinct de jeu de votre animal. Regardez votre ami \u00e0 fourrure s'amuser sans fin avec notre jouet pour chat plat, captivant et unique.<\/li>\n<li><strong>L'approche de la s\u00e9curit\u00e9 d'abord :<\/strong> Chez PetStar, la sant\u00e9 et la s\u00e9curit\u00e9 de vos animaux sont primordiales. Notre conception sans rembourrage minimise les risques et permet de jouer en toute tranquillit\u00e9. Faites-nous confiance pour vous fournir des jouets pour chiens cam\u00e9l\u00e9ons qui donnent la priorit\u00e9 au bien-\u00eatre de votre animal.<\/li>\n<li><strong>Visibilit\u00e9 optimis\u00e9e par mot-cl\u00e9 :<\/strong> PetStar excelle dans la cr\u00e9ation de produits qui r\u00e9pondent \u00e0 des demandes sp\u00e9cifiques, y compris la popularit\u00e9 du \"jouet pour chien cam\u00e9l\u00e9on\". Gr\u00e2ce \u00e0 notre engagement en faveur de la qualit\u00e9 et de l'optimisation strat\u00e9gique des mots-cl\u00e9s, nous veillons \u00e0 ce que vos produits obtiennent la visibilit\u00e9 qu'ils m\u00e9ritent.<\/li>\n<\/ol>\n<p>Choisissez PetStar comme partenaire pour le bonheur de votre animal, o\u00f9 un savoir-faire exceptionnel, une vaste gamme de produits et des services complets convergent pour une exp\u00e9rience de jeu in\u00e9gal\u00e9e.<\/p>","protected":false},"excerpt":{"rendered":"<p>Nous sommes un fabricant de jouets pour chiens avec plus de 20 ans d'exp\u00e9rience. Nous offrons des options de personnalisation pour la couleur, la taille, le tissu, le motif, le logo et d'autres caract\u00e9ristiques.<\/p>","protected":false},"featured_media":17755,"template":"","meta":{"_acf_changed":false},"product_brand":[],"product_cat":[72,48],"product_tag":[85],"class_list":{"0":"post-17749","1":"product","2":"type-product","3":"status-publish","4":"has-post-thumbnail","6":"product_cat-dog-supplies","7":"product_cat-dog-toys","8":"product_tag-dog-toys","10":"first","11":"instock","12":"shipping-taxable","13":"product-type-simple"},"acf":[],"yoast_head":"<!-- This site is optimized with the Yoast SEO plugin v27.1.1 - https:\/\/yoast.com\/product\/yoast-seo-wordpress\/ -->\n<title>chameleon dog toy wholesale | Custom stuffing free dog toy - Petstar<\/title>\n<meta name=\"description\" content=\"Explore stuffing free dog toy,chameleon dog toy, interactive dog toys from the manufacturer. Your ideal business solution with Petstar.\" \/>\n<meta name=\"robots\" content=\"index, follow, max-snippet:-1, max-image-preview:large, max-video-preview:-1\" \/>\n<link rel=\"canonical\" href=\"https:\/\/petproducts.com.cn\/fr\/produit\/chameleon-stuffing-free-dog-toy-flat-cat-toy\/\" \/>\n<meta property=\"og:locale\" content=\"fr_FR\" \/>\n<meta property=\"og:type\" content=\"article\" \/>\n<meta property=\"og:title\" content=\"chameleon dog toy wholesale | Custom stuffing free dog toy - Petstar\" \/>\n<meta property=\"og:description\" content=\"Explore stuffing free dog toy,chameleon dog toy, interactive dog toys from the manufacturer. Your ideal business solution with Petstar.\" \/>\n<meta property=\"og:url\" content=\"https:\/\/petproducts.com.cn\/fr\/produit\/chameleon-stuffing-free-dog-toy-flat-cat-toy\/\" \/>\n<meta property=\"og:site_name\" content=\"Petstar\" \/>\n<meta property=\"article:modified_time\" content=\"2023-12-19T07:38:17+00:00\" \/>\n<meta property=\"og:image\" content=\"https:\/\/petproducts.com.cn\/wp-content\/uploads\/2023\/12\/chameleon-dog-toy.webp\" \/>\n\t<meta property=\"og:image:width\" content=\"800\" \/>\n\t<meta property=\"og:image:height\" content=\"800\" \/>\n\t<meta property=\"og:image:type\" content=\"image\/webp\" \/>\n<meta name=\"twitter:card\" content=\"summary_large_image\" \/>\n<meta name=\"twitter:label1\" content=\"Dur\u00e9e de lecture estim\u00e9e\" \/>\n\t<meta name=\"twitter:data1\" content=\"2 minutes\" \/>\n<script type=\"application\/ld+json\" class=\"yoast-schema-graph\">{\"@context\":\"https:\/\/schema.org\",\"@graph\":[{\"@type\":\"WebPage\",\"@id\":\"https:\/\/petproducts.com.cn\/product\/chameleon-stuffing-free-dog-toy-flat-cat-toy\/\",\"url\":\"https:\/\/petproducts.com.cn\/product\/chameleon-stuffing-free-dog-toy-flat-cat-toy\/\",\"name\":\"chameleon dog toy wholesale | Custom stuffing free dog toy - Petstar\",\"isPartOf\":{\"@id\":\"https:\/\/petproducts.com.cn\/#website\"},\"primaryImageOfPage\":{\"@id\":\"https:\/\/petproducts.com.cn\/product\/chameleon-stuffing-free-dog-toy-flat-cat-toy\/#primaryimage\"},\"image\":{\"@id\":\"https:\/\/petproducts.com.cn\/product\/chameleon-stuffing-free-dog-toy-flat-cat-toy\/#primaryimage\"},\"thumbnailUrl\":\"https:\/\/petproducts.com.cn\/wp-content\/uploads\/2023\/12\/chameleon-dog-toy.webp\",\"datePublished\":\"2023-12-19T07:28:18+00:00\",\"dateModified\":\"2023-12-19T07:38:17+00:00\",\"description\":\"Explore stuffing free dog toy,chameleon dog toy, interactive dog toys from the manufacturer. Your ideal business solution with Petstar.\",\"breadcrumb\":{\"@id\":\"https:\/\/petproducts.com.cn\/product\/chameleon-stuffing-free-dog-toy-flat-cat-toy\/#breadcrumb\"},\"inLanguage\":\"fr-FR\",\"potentialAction\":[{\"@type\":\"ReadAction\",\"target\":[\"https:\/\/petproducts.com.cn\/product\/chameleon-stuffing-free-dog-toy-flat-cat-toy\/\"]}]},{\"@type\":\"ImageObject\",\"inLanguage\":\"fr-FR\",\"@id\":\"https:\/\/petproducts.com.cn\/product\/chameleon-stuffing-free-dog-toy-flat-cat-toy\/#primaryimage\",\"url\":\"https:\/\/petproducts.com.cn\/wp-content\/uploads\/2023\/12\/chameleon-dog-toy.webp\",\"contentUrl\":\"https:\/\/petproducts.com.cn\/wp-content\/uploads\/2023\/12\/chameleon-dog-toy.webp\",\"width\":800,\"height\":800,\"caption\":\"chameleon dog toy\"},{\"@type\":\"BreadcrumbList\",\"@id\":\"https:\/\/petproducts.com.cn\/product\/chameleon-stuffing-free-dog-toy-flat-cat-toy\/#breadcrumb\",\"itemListElement\":[{\"@type\":\"ListItem\",\"position\":1,\"name\":\"HOME\",\"item\":\"https:\/\/petproducts.com.cn\/\"},{\"@type\":\"ListItem\",\"position\":2,\"name\":\"Products\",\"item\":\"https:\/\/petproducts.com.cn\/shop\/\"},{\"@type\":\"ListItem\",\"position\":3,\"name\":\"Dog Toys\",\"item\":\"https:\/\/petproducts.com.cn\/product-category\/dog-toys\/\"},{\"@type\":\"ListItem\",\"position\":4,\"name\":\"Chameleon Stuffing Free Dog Toy Flat Cat Toy\"}]},{\"@type\":\"WebSite\",\"@id\":\"https:\/\/petproducts.com.cn\/#website\",\"url\":\"https:\/\/petproducts.com.cn\/\",\"name\":\"Petstar\",\"description\":\"Leading Pet Supplies Manufacturer &amp; OEM Pet Products Supplier\",\"publisher\":{\"@id\":\"https:\/\/petproducts.com.cn\/#organization\"},\"alternateName\":\"Petstar Pet Supplies\",\"potentialAction\":[{\"@type\":\"SearchAction\",\"target\":{\"@type\":\"EntryPoint\",\"urlTemplate\":\"https:\/\/petproducts.com.cn\/?s={search_term_string}\"},\"query-input\":{\"@type\":\"PropertyValueSpecification\",\"valueRequired\":true,\"valueName\":\"search_term_string\"}}],\"inLanguage\":\"fr-FR\"},{\"@type\":\"Organization\",\"@id\":\"https:\/\/petproducts.com.cn\/#organization\",\"name\":\"Petstar\",\"url\":\"https:\/\/petproducts.com.cn\/\",\"logo\":{\"@type\":\"ImageObject\",\"inLanguage\":\"fr-FR\",\"@id\":\"https:\/\/petproducts.com.cn\/#\/schema\/logo\/image\/\",\"url\":\"https:\/\/petproducts.com.cn\/wp-content\/uploads\/2020\/02\/petstar-logo.webp\",\"contentUrl\":\"https:\/\/petproducts.com.cn\/wp-content\/uploads\/2020\/02\/petstar-logo.webp\",\"width\":779,\"height\":520,\"caption\":\"Petstar\"},\"image\":{\"@id\":\"https:\/\/petproducts.com.cn\/#\/schema\/logo\/image\/\"}}]}<\/script>\n<!-- \/ Yoast SEO plugin. -->","yoast_head_json":{"title":"Jouet pour chien cam\u00e9l\u00e9on grossiste | Jouet pour chien personnalis\u00e9 sans rembourrage - Petstar","description":"D\u00e9couvrez les jouets pour chiens sans rembourrage, les jouets pour chiens cam\u00e9l\u00e9ons et les jouets interactifs pour chiens du fabricant. Votre solution commerciale id\u00e9ale avec Petstar.","robots":{"index":"index","follow":"follow","max-snippet":"max-snippet:-1","max-image-preview":"max-image-preview:large","max-video-preview":"max-video-preview:-1"},"canonical":"https:\/\/petproducts.com.cn\/fr\/produit\/chameleon-stuffing-free-dog-toy-flat-cat-toy\/","og_locale":"fr_FR","og_type":"article","og_title":"chameleon dog toy wholesale | Custom stuffing free dog toy - Petstar","og_description":"Explore stuffing free dog toy,chameleon dog toy, interactive dog toys from the manufacturer. Your ideal business solution with Petstar.","og_url":"https:\/\/petproducts.com.cn\/fr\/produit\/chameleon-stuffing-free-dog-toy-flat-cat-toy\/","og_site_name":"Petstar","article_modified_time":"2023-12-19T07:38:17+00:00","og_image":[{"width":800,"height":800,"url":"https:\/\/petproducts.com.cn\/wp-content\/uploads\/2023\/12\/chameleon-dog-toy.webp","type":"image\/webp"}],"twitter_card":"summary_large_image","twitter_misc":{"Dur\u00e9e de lecture estim\u00e9e":"2 minutes"},"schema":{"@context":"https:\/\/schema.org","@graph":[{"@type":"WebPage","@id":"https:\/\/petproducts.com.cn\/product\/chameleon-stuffing-free-dog-toy-flat-cat-toy\/","url":"https:\/\/petproducts.com.cn\/product\/chameleon-stuffing-free-dog-toy-flat-cat-toy\/","name":"Jouet pour chien cam\u00e9l\u00e9on grossiste | Jouet pour chien personnalis\u00e9 sans rembourrage - Petstar","isPartOf":{"@id":"https:\/\/petproducts.com.cn\/#website"},"primaryImageOfPage":{"@id":"https:\/\/petproducts.com.cn\/product\/chameleon-stuffing-free-dog-toy-flat-cat-toy\/#primaryimage"},"image":{"@id":"https:\/\/petproducts.com.cn\/product\/chameleon-stuffing-free-dog-toy-flat-cat-toy\/#primaryimage"},"thumbnailUrl":"https:\/\/petproducts.com.cn\/wp-content\/uploads\/2023\/12\/chameleon-dog-toy.webp","datePublished":"2023-12-19T07:28:18+00:00","dateModified":"2023-12-19T07:38:17+00:00","description":"D\u00e9couvrez les jouets pour chiens sans rembourrage, les jouets pour chiens cam\u00e9l\u00e9ons et les jouets interactifs pour chiens du fabricant. Votre solution commerciale id\u00e9ale avec Petstar.","breadcrumb":{"@id":"https:\/\/petproducts.com.cn\/product\/chameleon-stuffing-free-dog-toy-flat-cat-toy\/#breadcrumb"},"inLanguage":"fr-FR","potentialAction":[{"@type":"ReadAction","target":["https:\/\/petproducts.com.cn\/product\/chameleon-stuffing-free-dog-toy-flat-cat-toy\/"]}]},{"@type":"ImageObject","inLanguage":"fr-FR","@id":"https:\/\/petproducts.com.cn\/product\/chameleon-stuffing-free-dog-toy-flat-cat-toy\/#primaryimage","url":"https:\/\/petproducts.com.cn\/wp-content\/uploads\/2023\/12\/chameleon-dog-toy.webp","contentUrl":"https:\/\/petproducts.com.cn\/wp-content\/uploads\/2023\/12\/chameleon-dog-toy.webp","width":800,"height":800,"caption":"chameleon dog toy"},{"@type":"BreadcrumbList","@id":"https:\/\/petproducts.com.cn\/product\/chameleon-stuffing-free-dog-toy-flat-cat-toy\/#breadcrumb","itemListElement":[{"@type":"ListItem","position":1,"name":"HOME","item":"https:\/\/petproducts.com.cn\/"},{"@type":"ListItem","position":2,"name":"Products","item":"https:\/\/petproducts.com.cn\/shop\/"},{"@type":"ListItem","position":3,"name":"Dog Toys","item":"https:\/\/petproducts.com.cn\/product-category\/dog-toys\/"},{"@type":"ListItem","position":4,"name":"Chameleon Stuffing Free Dog Toy Flat Cat Toy"}]},{"@type":"WebSite","@id":"https:\/\/petproducts.com.cn\/#website","url":"https:\/\/petproducts.com.cn\/","name":"Petstar","description":"Fabricant leader de fournitures pour animaux de compagnie et fournisseur OEM de produits pour animaux de compagnie","publisher":{"@id":"https:\/\/petproducts.com.cn\/#organization"},"alternateName":"Petstar Pet Supplies","potentialAction":[{"@type":"SearchAction","target":{"@type":"EntryPoint","urlTemplate":"https:\/\/petproducts.com.cn\/?s={search_term_string}"},"query-input":{"@type":"PropertyValueSpecification","valueRequired":true,"valueName":"search_term_string"}}],"inLanguage":"fr-FR"},{"@type":"Organization","@id":"https:\/\/petproducts.com.cn\/#organization","name":"Petstar","url":"https:\/\/petproducts.com.cn\/","logo":{"@type":"ImageObject","inLanguage":"fr-FR","@id":"https:\/\/petproducts.com.cn\/#\/schema\/logo\/image\/","url":"https:\/\/petproducts.com.cn\/wp-content\/uploads\/2020\/02\/petstar-logo.webp","contentUrl":"https:\/\/petproducts.com.cn\/wp-content\/uploads\/2020\/02\/petstar-logo.webp","width":779,"height":520,"caption":"Petstar"},"image":{"@id":"https:\/\/petproducts.com.cn\/#\/schema\/logo\/image\/"}}]}},"_links":{"self":[{"href":"https:\/\/petproducts.com.cn\/fr\/wp-json\/wp\/v2\/product\/17749","targetHints":{"allow":["GET"]}}],"collection":[{"href":"https:\/\/petproducts.com.cn\/fr\/wp-json\/wp\/v2\/product"}],"about":[{"href":"https:\/\/petproducts.com.cn\/fr\/wp-json\/wp\/v2\/types\/product"}],"version-history":[{"count":2,"href":"https:\/\/petproducts.com.cn\/fr\/wp-json\/wp\/v2\/product\/17749\/revisions"}],"predecessor-version":[{"id":17775,"href":"https:\/\/petproducts.com.cn\/fr\/wp-json\/wp\/v2\/product\/17749\/revisions\/17775"}],"wp:featuredmedia":[{"embeddable":true,"href":"https:\/\/petproducts.com.cn\/fr\/wp-json\/wp\/v2\/media\/17755"}],"wp:attachment":[{"href":"https:\/\/petproducts.com.cn\/fr\/wp-json\/wp\/v2\/media?parent=17749"}],"wp:term":[{"taxonomy":"product_brand","embeddable":true,"href":"https:\/\/petproducts.com.cn\/fr\/wp-json\/wp\/v2\/product_brand?post=17749"},{"taxonomy":"product_cat","embeddable":true,"href":"https:\/\/petproducts.com.cn\/fr\/wp-json\/wp\/v2\/product_cat?post=17749"},{"taxonomy":"product_tag","embeddable":true,"href":"https:\/\/petproducts.com.cn\/fr\/wp-json\/wp\/v2\/product_tag?post=17749"}],"curies":[{"name":"wp","href":"https:\/\/api.w.org\/{rel}","templated":true}]}}